{"id":6731,"date":"2025-05-09T17:00:44","date_gmt":"2025-05-09T16:00:44","guid":{"rendered":"https:\/\/stagezone.hu\/?post_type=product&#038;p=6731"},"modified":"2026-05-04T19:55:11","modified_gmt":"2026-05-04T18:55:11","slug":"jolt-300","status":"publish","type":"product","link":"https:\/\/stagezone.hu\/en\/product\/adj-jolt-300-versatile-led-strobe-wash-and-effect-light\/","title":{"rendered":"ADJ Jolt 300 - Versatile LED Strobe, Wash, and Effect Light"},"content":{"rendered":"<h2><strong>ADJ Jolt 300<\/strong><\/h2>\n<p>The <strong>ADJ Jolt 300<\/strong> is a versatile LED fixture that can be used as a strobe, beam effect, and RGB wash effect. It is specifically designed for large spaces, concert stages, nightclubs, and live events.<\/p>\n<h3>Outstanding Performance<\/h3>\n<p>The unit uses 144 x 1.5W RGB SMD LEDs for colorful strobe and beam effects. The central section features 144 x 0.5W white SMD LEDs for classic strobe effects. Both LED systems are divided into independent zones \u2013 6 zones for the white LEDs and 40 zones for the RGB LEDs \u2013 allowing for the creation of <strong>unique chase and animated light shows<\/strong>.<\/p>\n<h3>Control and Connectivity<\/h3>\n<p>The <strong>rear panel<\/strong> features 3- and 5-pin DMX in\/out connectors, as well as Powercon in\/out for power and linking. A <strong>USB port<\/strong> is also available for easy firmware updates.<\/p>\n<p>The fixture has an <strong>LCD display<\/strong> with <strong>4-button menu control<\/strong>, providing access to the following settings:<\/p>\n<ul>\n<li>dimming mode and speed,<\/li>\n<li>programs,<\/li>\n<li>color macros,<\/li>\n<li>LED refresh rate,<\/li>\n<li>gamma settings,<\/li>\n<li>DMX addressing and channel mode selection.<\/li>\n<\/ul>\n","protected":false},"excerpt":{"rendered":"<p>The ADJ Jolt 300 is a versatile LED fixture usable as a strobe, beam, and RGB wash effect light. It features 144 RGB and 144 white LEDs for dynamic lighting effects.<\/p>\n","protected":false},"featured_media":6764,"comment_status":"open","ping_status":"closed","template":"","meta":[],"product_brand":[],"product_cat":[540,159,177],"product_tag":[218,479],"class_list":{"0":"post-6731","1":"product","2":"type-product","3":"status-publish","4":"has-post-thumbnail","6":"product_cat-adj-akcios","7":"product_cat-statikus-fenyeffekt","8":"product_cat-stroboszkop","9":"product_tag-adj","10":"product_tag-strobe","12":"first","13":"contact_us","14":"taxable","15":"shipping-taxable","16":"purchasable","17":"product-type-simple"},"yoast_head":"<!-- This site is optimized with the Yoast SEO Premium plugin v27.2 (Yoast SEO v27.2) - https:\/\/yoast.com\/product\/yoast-seo-premium-wordpress\/ -->\n<title>ADJ Jolt 300 - Versatile LED Strobe, Wash, and Effect Light<\/title>\n<meta name=\"description\" content=\"The ADJ Jolt 300 is a versatile LED fixture usable as a strobe, beam, and RGB wash effect light. It features 144 RGB and 144 white LEDs for dynamic lighting effects.\" \/>\n<meta name=\"robots\" content=\"index, follow, max-snippet:-1, max-image-preview:large, max-video-preview:-1\" \/>\n<link rel=\"canonical\" href=\"http:\/\/The%20ADJ%20Jolt%20300%20is%20a%20versatile%20LED%20fixture%20usable%20as%20a%20strobe,%20beam,%20and%20RGB%20wash%20effect%20light.%20It%20features%20144%20RGB%20and%20144%20white%20LEDs%20for%20dynamic%20lighting%20effects.\" \/>\n<meta property=\"og:locale\" content=\"en_US\" \/>\n<meta property=\"og:type\" content=\"article\" \/>\n<meta property=\"og:title\" content=\"ADJ Jolt 300 - Versatile LED Strobe, Wash, and Effect Light\" \/>\n<meta property=\"og:description\" content=\"The ADJ Jolt 300 is a versatile LED fixture usable as a strobe, beam, and RGB wash effect light. It features 144 RGB and 144 white LEDs for dynamic lighting effects.\" \/>\n<meta property=\"og:url\" content=\"https:\/\/stagezone.hu\/en\/product\/adj-jolt-300-versatile-led-strobe-wash-and-effect-light\/\" \/>\n<meta property=\"og:site_name\" content=\"StageZone\" \/>\n<meta property=\"article:publisher\" content=\"https:\/\/www.facebook.com\/stagezonehungary\/\" \/>\n<meta property=\"article:modified_time\" content=\"2026-05-04T18:55:11+00:00\" \/>\n<meta property=\"og:image\" content=\"https:\/\/stagezone.hu\/wp-content\/uploads\/2025\/05\/Jolt-300_1.png\" \/>\n\t<meta property=\"og:image:width\" content=\"1000\" \/>\n\t<meta property=\"og:image:height\" content=\"1000\" \/>\n\t<meta property=\"og:image:type\" content=\"image\/png\" \/>\n<meta name=\"twitter:card\" content=\"summary_large_image\" \/>\n<meta name=\"twitter:label1\" content=\"Est. reading time\" \/>\n\t<meta name=\"twitter:data1\" content=\"2 minutes\" \/>\n<script type=\"application\/ld+json\" class=\"yoast-schema-graph\">{\"@context\":\"https:\/\/schema.org\",\"@graph\":[{\"@type\":\"WebPage\",\"@id\":\"https:\/\/stagezone.hu\/en\/product\/adj-jolt-300-versatile-led-strobe-wash-and-effect-light\/\",\"url\":\"https:\/\/stagezone.hu\/en\/product\/adj-jolt-300-versatile-led-strobe-wash-and-effect-light\/\",\"name\":\"ADJ Jolt 300 - StageZone\",\"isPartOf\":{\"@id\":\"https:\/\/stagezone.hu\/#website\"},\"primaryImageOfPage\":{\"@id\":\"https:\/\/stagezone.hu\/en\/product\/adj-jolt-300-versatile-led-strobe-wash-and-effect-light\/#primaryimage\"},\"image\":{\"@id\":\"https:\/\/stagezone.hu\/en\/product\/adj-jolt-300-versatile-led-strobe-wash-and-effect-light\/#primaryimage\"},\"thumbnailUrl\":\"https:\/\/stagezone.hu\/wp-content\/uploads\/2025\/05\/Jolt-300_1.png\",\"datePublished\":\"2025-05-09T16:00:44+00:00\",\"dateModified\":\"2026-05-04T18:55:11+00:00\",\"description\":\"Az ADJ Jolt 300 er\u0151teljes RGB stroboszk\u00f3p ide\u00e1lis sz\u00ednpadra, klubokba, DMX-vez\u00e9rl\u00e9ssel, z\u00f3n\u00e1s RGB effektekkel \u00e9s USB-friss\u00edt\u00e9ssel.\",\"breadcrumb\":{\"@id\":\"https:\/\/stagezone.hu\/en\/product\/adj-jolt-300-versatile-led-strobe-wash-and-effect-light\/#breadcrumb\"},\"inLanguage\":\"en-US\",\"potentialAction\":[{\"@type\":\"ReadAction\",\"target\":[\"https:\/\/stagezone.hu\/en\/product\/adj-jolt-300-versatile-led-strobe-wash-and-effect-light\/\"]}]},{\"@type\":\"ImageObject\",\"inLanguage\":\"en-US\",\"@id\":\"https:\/\/stagezone.hu\/en\/product\/adj-jolt-300-versatile-led-strobe-wash-and-effect-light\/#primaryimage\",\"url\":\"https:\/\/stagezone.hu\/wp-content\/uploads\/2025\/05\/Jolt-300_1.png\",\"contentUrl\":\"https:\/\/stagezone.hu\/wp-content\/uploads\/2025\/05\/Jolt-300_1.png\",\"width\":1000,\"height\":1000,\"caption\":\"ADJ Jolt 300\"},{\"@type\":\"BreadcrumbList\",\"@id\":\"https:\/\/stagezone.hu\/en\/product\/adj-jolt-300-versatile-led-strobe-wash-and-effect-light\/#breadcrumb\",\"itemListElement\":[{\"@type\":\"ListItem\",\"position\":1,\"name\":\"Kezd\u0151lap\",\"item\":\"https:\/\/stagezone.hu\/\"},{\"@type\":\"ListItem\",\"position\":2,\"name\":\"\u00dczlet\",\"item\":\"https:\/\/stagezone.hu\/uzlet\/\"},{\"@type\":\"ListItem\",\"position\":3,\"name\":\"ADJ Jolt 300 - Versatile LED Strobe, Wash, and Effect Light\"}]},{\"@type\":\"WebSite\",\"@id\":\"https:\/\/stagezone.hu\/en\/#website\",\"url\":\"https:\/\/stagezone.hu\/en\/\",\"name\":\"StageZone - Ragyogj a Stagezone min\u0151s\u00e9gi f\u00e9nytechnik\u00e1j\u00e1val.\",\"description\":\"StageZone\",\"publisher\":{\"@id\":\"https:\/\/stagezone.hu\/en\/#organization\"},\"potentialAction\":[{\"@type\":\"SearchAction\",\"target\":{\"@type\":\"EntryPoint\",\"urlTemplate\":\"https:\/\/stagezone.hu\/en\/?s={search_term_string}\"},\"query-input\":{\"@type\":\"PropertyValueSpecification\",\"valueRequired\":true,\"valueName\":\"search_term_string\"}}],\"inLanguage\":\"en-US\"},{\"@type\":\"Organization\",\"@id\":\"https:\/\/stagezone.hu\/en\/#organization\",\"name\":\"StageZone\",\"url\":\"https:\/\/stagezone.hu\/en\/\",\"logo\":{\"@type\":\"ImageObject\",\"inLanguage\":\"en-US\",\"@id\":\"https:\/\/stagezone.hu\/en\/#\/schema\/logo\/image\/\",\"url\":\"https:\/\/stagezone.hu\/wp-content\/uploads\/2026\/01\/Adam-Hall_1000x1000-1-1.png\",\"contentUrl\":\"https:\/\/stagezone.hu\/wp-content\/uploads\/2026\/01\/Adam-Hall_1000x1000-1-1.png\",\"width\":1000,\"height\":1000,\"caption\":\"StageZone\"},\"image\":{\"@id\":\"https:\/\/stagezone.hu\/en\/#\/schema\/logo\/image\/\"},\"sameAs\":[\"https:\/\/www.facebook.com\/stagezonehungary\/\",\"https:\/\/www.instagram.com\/stagezonehungary\/\"]}]}<\/script>\n<!-- \/ Yoast SEO Premium plugin. -->","yoast_head_json":{"title":"ADJ Jolt 300 - Versatile LED Strobe, Wash, and Effect Light","description":"The ADJ Jolt 300 is a versatile LED fixture usable as a strobe, beam, and RGB wash effect light. It features 144 RGB and 144 white LEDs for dynamic lighting effects.","robots":{"index":"index","follow":"follow","max-snippet":"max-snippet:-1","max-image-preview":"max-image-preview:large","max-video-preview":"max-video-preview:-1"},"canonical":"The ADJ Jolt 300 is a versatile LED fixture usable as a strobe, beam, and RGB wash effect light. It features 144 RGB and 144 white LEDs for dynamic lighting effects.","og_locale":"en_US","og_type":"article","og_title":"ADJ Jolt 300 - Versatile LED Strobe, Wash, and Effect Light","og_description":"The ADJ Jolt 300 is a versatile LED fixture usable as a strobe, beam, and RGB wash effect light. It features 144 RGB and 144 white LEDs for dynamic lighting effects.","og_url":"https:\/\/stagezone.hu\/en\/product\/adj-jolt-300-versatile-led-strobe-wash-and-effect-light\/","og_site_name":"StageZone","article_publisher":"https:\/\/www.facebook.com\/stagezonehungary\/","article_modified_time":"2026-05-04T18:55:11+00:00","og_image":[{"width":1000,"height":1000,"url":"https:\/\/stagezone.hu\/wp-content\/uploads\/2025\/05\/Jolt-300_1.png","type":"image\/png"}],"twitter_card":"summary_large_image","twitter_misc":{"Est. reading time":"2 minutes"},"schema":{"@context":"https:\/\/schema.org","@graph":[{"@type":"WebPage","@id":"https:\/\/stagezone.hu\/en\/product\/adj-jolt-300-versatile-led-strobe-wash-and-effect-light\/","url":"https:\/\/stagezone.hu\/en\/product\/adj-jolt-300-versatile-led-strobe-wash-and-effect-light\/","name":"ADJ Jolt 300 - StageZone","isPartOf":{"@id":"https:\/\/stagezone.hu\/#website"},"primaryImageOfPage":{"@id":"https:\/\/stagezone.hu\/en\/product\/adj-jolt-300-versatile-led-strobe-wash-and-effect-light\/#primaryimage"},"image":{"@id":"https:\/\/stagezone.hu\/en\/product\/adj-jolt-300-versatile-led-strobe-wash-and-effect-light\/#primaryimage"},"thumbnailUrl":"https:\/\/stagezone.hu\/wp-content\/uploads\/2025\/05\/Jolt-300_1.png","datePublished":"2025-05-09T16:00:44+00:00","dateModified":"2026-05-04T18:55:11+00:00","description":"Az ADJ Jolt 300 er\u0151teljes RGB stroboszk\u00f3p ide\u00e1lis sz\u00ednpadra, klubokba, DMX-vez\u00e9rl\u00e9ssel, z\u00f3n\u00e1s RGB effektekkel \u00e9s USB-friss\u00edt\u00e9ssel.","breadcrumb":{"@id":"https:\/\/stagezone.hu\/en\/product\/adj-jolt-300-versatile-led-strobe-wash-and-effect-light\/#breadcrumb"},"inLanguage":"en-US","potentialAction":[{"@type":"ReadAction","target":["https:\/\/stagezone.hu\/en\/product\/adj-jolt-300-versatile-led-strobe-wash-and-effect-light\/"]}]},{"@type":"ImageObject","inLanguage":"en-US","@id":"https:\/\/stagezone.hu\/en\/product\/adj-jolt-300-versatile-led-strobe-wash-and-effect-light\/#primaryimage","url":"https:\/\/stagezone.hu\/wp-content\/uploads\/2025\/05\/Jolt-300_1.png","contentUrl":"https:\/\/stagezone.hu\/wp-content\/uploads\/2025\/05\/Jolt-300_1.png","width":1000,"height":1000,"caption":"ADJ Jolt 300"},{"@type":"BreadcrumbList","@id":"https:\/\/stagezone.hu\/en\/product\/adj-jolt-300-versatile-led-strobe-wash-and-effect-light\/#breadcrumb","itemListElement":[{"@type":"ListItem","position":1,"name":"Kezd\u0151lap","item":"https:\/\/stagezone.hu\/"},{"@type":"ListItem","position":2,"name":"\u00dczlet","item":"https:\/\/stagezone.hu\/uzlet\/"},{"@type":"ListItem","position":3,"name":"ADJ Jolt 300 - Versatile LED Strobe, Wash, and Effect Light"}]},{"@type":"WebSite","@id":"https:\/\/stagezone.hu\/en\/#website","url":"https:\/\/stagezone.hu\/en\/","name":"StageZone - Ragyogj a Stagezone min\u0151s\u00e9gi f\u00e9nytechnik\u00e1j\u00e1val.","description":"StageZone","publisher":{"@id":"https:\/\/stagezone.hu\/en\/#organization"},"potentialAction":[{"@type":"SearchAction","target":{"@type":"EntryPoint","urlTemplate":"https:\/\/stagezone.hu\/en\/?s={search_term_string}"},"query-input":{"@type":"PropertyValueSpecification","valueRequired":true,"valueName":"search_term_string"}}],"inLanguage":"en-US"},{"@type":"Organization","@id":"https:\/\/stagezone.hu\/en\/#organization","name":"StageZone","url":"https:\/\/stagezone.hu\/en\/","logo":{"@type":"ImageObject","inLanguage":"en-US","@id":"https:\/\/stagezone.hu\/en\/#\/schema\/logo\/image\/","url":"https:\/\/stagezone.hu\/wp-content\/uploads\/2026\/01\/Adam-Hall_1000x1000-1-1.png","contentUrl":"https:\/\/stagezone.hu\/wp-content\/uploads\/2026\/01\/Adam-Hall_1000x1000-1-1.png","width":1000,"height":1000,"caption":"StageZone"},"image":{"@id":"https:\/\/stagezone.hu\/en\/#\/schema\/logo\/image\/"},"sameAs":["https:\/\/www.facebook.com\/stagezonehungary\/","https:\/\/www.instagram.com\/stagezonehungary\/"]}]}},"_links":{"self":[{"href":"https:\/\/stagezone.hu\/en\/wp-json\/wp\/v2\/product\/6731","targetHints":{"allow":["GET"]}}],"collection":[{"href":"https:\/\/stagezone.hu\/en\/wp-json\/wp\/v2\/product"}],"about":[{"href":"https:\/\/stagezone.hu\/en\/wp-json\/wp\/v2\/types\/product"}],"replies":[{"embeddable":true,"href":"https:\/\/stagezone.hu\/en\/wp-json\/wp\/v2\/comments?post=6731"}],"version-history":[{"count":5,"href":"https:\/\/stagezone.hu\/en\/wp-json\/wp\/v2\/product\/6731\/revisions"}],"predecessor-version":[{"id":10407,"href":"https:\/\/stagezone.hu\/en\/wp-json\/wp\/v2\/product\/6731\/revisions\/10407"}],"wp:featuredmedia":[{"embeddable":true,"href":"https:\/\/stagezone.hu\/en\/wp-json\/wp\/v2\/media\/6764"}],"wp:attachment":[{"href":"https:\/\/stagezone.hu\/en\/wp-json\/wp\/v2\/media?parent=6731"}],"wp:term":[{"taxonomy":"product_brand","embeddable":true,"href":"https:\/\/stagezone.hu\/en\/wp-json\/wp\/v2\/product_brand?post=6731"},{"taxonomy":"product_cat","embeddable":true,"href":"https:\/\/stagezone.hu\/en\/wp-json\/wp\/v2\/product_cat?post=6731"},{"taxonomy":"product_tag","embeddable":true,"href":"https:\/\/stagezone.hu\/en\/wp-json\/wp\/v2\/product_tag?post=6731"}],"curies":[{"name":"wp","href":"https:\/\/api.w.org\/{rel}","templated":true}]}}