{"id":6608,"date":"2025-05-09T17:00:08","date_gmt":"2025-05-09T16:00:08","guid":{"rendered":"https:\/\/stagezone.hu\/?post_type=product&#038;p=6608"},"modified":"2026-05-04T19:55:32","modified_gmt":"2026-05-04T18:55:32","slug":"electrapix-bar-16","status":"publish","type":"product","link":"https:\/\/stagezone.hu\/en\/product\/adj-electrapix-bar-16-battery-powered-ip65-led-bar\/","title":{"rendered":"ADJ ElectraPix Bar 16 - Battery-Powered IP65 LED Bar"},"content":{"rendered":"<h3><strong>ADJ ElectraPix Bar 16 \u2013 Battery-Powered IP65 LED Bar with HEX Color Mixing and Wireless Control<\/strong><\/h3>\n<p>The <strong>ElectraPix Bar 16<\/strong> is the latest generation, <strong>1-meter, battery-powered, and wireless DMX<\/strong> lighting solution from ADJ Lighting. Thanks to its <strong>16 x 20W RGBAL+UV HEX LEDs<\/strong>, it offers exceptional color mixing and unique lighting effects.<\/p>\n<p>Its power is supplied by a <strong>built-in battery or mains power<\/strong>, allowing it to operate for up to <strong>5 hours in standard<\/strong> mode or <strong>10 hours in power-saving mode<\/strong>. Color-calibrated LEDs, individually controllable pixels, foreground and background effect programs, and adjustable white color temperature (variable white) make the system suitable for professional lighting design tasks.<\/p>\n<p>The <strong>IP65 rated housing<\/strong>, OLED display, L Track rail system, and adjustable feet ensure quick and flexible installation, whether for outdoor events, venues, or installations.<\/p>\n<p>Control is extremely versatile: <strong>DMX512, Aria X2 Wireless DMX, Bluetooth, RDM<\/strong>, and the <strong>UC-IR24 remote control<\/strong> (included) are all available. Reliability is guaranteed by <strong>CE, FCC, and cETLus<\/strong> (pending) certifications, as well as its design intended for outdoor environments.<\/p>\n","protected":false},"excerpt":{"rendered":"<p>The ADJ ElectraPix Bar 16 is a 1-meter, IP65-rated LED bar featuring 16x20W RGBAL+UV HEX LEDs for superior color mixing. It offers battery power with wireless DMX control.<\/p>\n","protected":false},"featured_media":6810,"comment_status":"open","ping_status":"closed","template":"","meta":[],"product_brand":[],"product_cat":[540,164,159,163],"product_tag":[218,394],"class_list":{"0":"post-6608","1":"product","2":"type-product","3":"status-publish","4":"has-post-thumbnail","6":"product_cat-adj-akcios","7":"product_cat-akkumulatoros-par-lampa","8":"product_cat-statikus-fenyeffekt","9":"product_cat-vizallo-lampak","10":"product_tag-adj","11":"product_tag-bar","13":"first","14":"contact_us","15":"taxable","16":"shipping-taxable","17":"purchasable","18":"product-type-simple"},"yoast_head":"<!-- This site is optimized with the Yoast SEO Premium plugin v27.2 (Yoast SEO v27.2) - https:\/\/yoast.com\/product\/yoast-seo-premium-wordpress\/ -->\n<title>ADJ ElectraPix Bar 16 - Battery-Powered IP65 LED Bar<\/title>\n<meta name=\"description\" content=\"The ADJ ElectraPix Bar 16 is a 1-meter, IP65-rated LED bar featuring 16x20W RGBAL+UV HEX LEDs for superior color mixing. It offers battery power with wireless DMX control.\" \/>\n<meta name=\"robots\" content=\"index, follow, max-snippet:-1, max-image-preview:large, max-video-preview:-1\" \/>\n<link rel=\"canonical\" href=\"http:\/\/The%20ADJ%20ElectraPix%20Bar%2016%20is%20a%201-meter,%20IP65-rated%20LED%20bar%20featuring%2016x20W%20RGBAL%20UV%20HEX%20LEDs%20for%20superior%20color%20mixing.%20It%20offers%20battery%20power%20with%20wireless%20DMX%20control.\" \/>\n<meta property=\"og:locale\" content=\"en_US\" \/>\n<meta property=\"og:type\" content=\"article\" \/>\n<meta property=\"og:title\" content=\"ADJ ElectraPix Bar 16 - Battery-Powered IP65 LED Bar\" \/>\n<meta property=\"og:description\" content=\"The ADJ ElectraPix Bar 16 is a 1-meter, IP65-rated LED bar featuring 16x20W RGBAL+UV HEX LEDs for superior color mixing. It offers battery power with wireless DMX control.\" \/>\n<meta property=\"og:url\" content=\"https:\/\/stagezone.hu\/en\/product\/adj-electrapix-bar-16-battery-powered-ip65-led-bar\/\" \/>\n<meta property=\"og:site_name\" content=\"StageZone\" \/>\n<meta property=\"article:publisher\" content=\"https:\/\/www.facebook.com\/stagezonehungary\/\" \/>\n<meta property=\"article:modified_time\" content=\"2026-05-04T18:55:32+00:00\" \/>\n<meta property=\"og:image\" content=\"https:\/\/stagezone.hu\/wp-content\/uploads\/2025\/05\/ElectraPix-Bar-16_1.png\" \/>\n\t<meta property=\"og:image:width\" content=\"1000\" \/>\n\t<meta property=\"og:image:height\" content=\"1000\" \/>\n\t<meta property=\"og:image:type\" content=\"image\/png\" \/>\n<meta name=\"twitter:card\" content=\"summary_large_image\" \/>\n<meta name=\"twitter:label1\" content=\"Est. reading time\" \/>\n\t<meta name=\"twitter:data1\" content=\"2 minutes\" \/>\n<script type=\"application\/ld+json\" class=\"yoast-schema-graph\">{\"@context\":\"https:\/\/schema.org\",\"@graph\":[{\"@type\":\"WebPage\",\"@id\":\"https:\/\/stagezone.hu\/en\/product\/adj-electrapix-bar-16-battery-powered-ip65-led-bar\/\",\"url\":\"https:\/\/stagezone.hu\/en\/product\/adj-electrapix-bar-16-battery-powered-ip65-led-bar\/\",\"name\":\"ADJ ADJ ElectraPix Bar 16 - StageZone\",\"isPartOf\":{\"@id\":\"https:\/\/stagezone.hu\/#website\"},\"primaryImageOfPage\":{\"@id\":\"https:\/\/stagezone.hu\/en\/product\/adj-electrapix-bar-16-battery-powered-ip65-led-bar\/#primaryimage\"},\"image\":{\"@id\":\"https:\/\/stagezone.hu\/en\/product\/adj-electrapix-bar-16-battery-powered-ip65-led-bar\/#primaryimage\"},\"thumbnailUrl\":\"https:\/\/stagezone.hu\/wp-content\/uploads\/2025\/05\/ElectraPix-Bar-16_1.png\",\"datePublished\":\"2025-05-09T16:00:08+00:00\",\"dateModified\":\"2026-05-04T18:55:32+00:00\",\"description\":\"Az ElectraPix Bar 16 egy akkumul\u00e1toros, vezet\u00e9k n\u00e9lk\u00fcli, IP65-s LED Bar RGBAL+UV LED-el \u00e9s pixelvez\u00e9rl\u00e9ssel, k\u00fclt\u00e9rre, professzion\u00e1lis vil\u00e1g\u00edt\u00e1shoz.\",\"breadcrumb\":{\"@id\":\"https:\/\/stagezone.hu\/en\/product\/adj-electrapix-bar-16-battery-powered-ip65-led-bar\/#breadcrumb\"},\"inLanguage\":\"en-US\",\"potentialAction\":[{\"@type\":\"ReadAction\",\"target\":[\"https:\/\/stagezone.hu\/en\/product\/adj-electrapix-bar-16-battery-powered-ip65-led-bar\/\"]}]},{\"@type\":\"ImageObject\",\"inLanguage\":\"en-US\",\"@id\":\"https:\/\/stagezone.hu\/en\/product\/adj-electrapix-bar-16-battery-powered-ip65-led-bar\/#primaryimage\",\"url\":\"https:\/\/stagezone.hu\/wp-content\/uploads\/2025\/05\/ElectraPix-Bar-16_1.png\",\"contentUrl\":\"https:\/\/stagezone.hu\/wp-content\/uploads\/2025\/05\/ElectraPix-Bar-16_1.png\",\"width\":1000,\"height\":1000,\"caption\":\"ADJ ElectraPix Bar 16\"},{\"@type\":\"BreadcrumbList\",\"@id\":\"https:\/\/stagezone.hu\/en\/product\/adj-electrapix-bar-16-battery-powered-ip65-led-bar\/#breadcrumb\",\"itemListElement\":[{\"@type\":\"ListItem\",\"position\":1,\"name\":\"Kezd\u0151lap\",\"item\":\"https:\/\/stagezone.hu\/\"},{\"@type\":\"ListItem\",\"position\":2,\"name\":\"\u00dczlet\",\"item\":\"https:\/\/stagezone.hu\/uzlet\/\"},{\"@type\":\"ListItem\",\"position\":3,\"name\":\"ADJ ElectraPix Bar 16 - Battery-Powered IP65 LED Bar\"}]},{\"@type\":\"WebSite\",\"@id\":\"https:\/\/stagezone.hu\/en\/#website\",\"url\":\"https:\/\/stagezone.hu\/en\/\",\"name\":\"StageZone - Ragyogj a Stagezone min\u0151s\u00e9gi f\u00e9nytechnik\u00e1j\u00e1val.\",\"description\":\"StageZone\",\"publisher\":{\"@id\":\"https:\/\/stagezone.hu\/en\/#organization\"},\"potentialAction\":[{\"@type\":\"SearchAction\",\"target\":{\"@type\":\"EntryPoint\",\"urlTemplate\":\"https:\/\/stagezone.hu\/en\/?s={search_term_string}\"},\"query-input\":{\"@type\":\"PropertyValueSpecification\",\"valueRequired\":true,\"valueName\":\"search_term_string\"}}],\"inLanguage\":\"en-US\"},{\"@type\":\"Organization\",\"@id\":\"https:\/\/stagezone.hu\/en\/#organization\",\"name\":\"StageZone\",\"url\":\"https:\/\/stagezone.hu\/en\/\",\"logo\":{\"@type\":\"ImageObject\",\"inLanguage\":\"en-US\",\"@id\":\"https:\/\/stagezone.hu\/en\/#\/schema\/logo\/image\/\",\"url\":\"https:\/\/stagezone.hu\/wp-content\/uploads\/2026\/01\/Adam-Hall_1000x1000-1-1.png\",\"contentUrl\":\"https:\/\/stagezone.hu\/wp-content\/uploads\/2026\/01\/Adam-Hall_1000x1000-1-1.png\",\"width\":1000,\"height\":1000,\"caption\":\"StageZone\"},\"image\":{\"@id\":\"https:\/\/stagezone.hu\/en\/#\/schema\/logo\/image\/\"},\"sameAs\":[\"https:\/\/www.facebook.com\/stagezonehungary\/\",\"https:\/\/www.instagram.com\/stagezonehungary\/\"]}]}<\/script>\n<!-- \/ Yoast SEO Premium plugin. -->","yoast_head_json":{"title":"ADJ ElectraPix Bar 16 - Battery-Powered IP65 LED Bar","description":"The ADJ ElectraPix Bar 16 is a 1-meter, IP65-rated LED bar featuring 16x20W RGBAL+UV HEX LEDs for superior color mixing. It offers battery power with wireless DMX control.","robots":{"index":"index","follow":"follow","max-snippet":"max-snippet:-1","max-image-preview":"max-image-preview:large","max-video-preview":"max-video-preview:-1"},"canonical":"The ADJ ElectraPix Bar 16 is a 1-meter, IP65-rated LED bar featuring 16x20W RGBAL UV HEX LEDs for superior color mixing. It offers battery power with wireless DMX control.","og_locale":"en_US","og_type":"article","og_title":"ADJ ElectraPix Bar 16 - Battery-Powered IP65 LED Bar","og_description":"The ADJ ElectraPix Bar 16 is a 1-meter, IP65-rated LED bar featuring 16x20W RGBAL+UV HEX LEDs for superior color mixing. It offers battery power with wireless DMX control.","og_url":"https:\/\/stagezone.hu\/en\/product\/adj-electrapix-bar-16-battery-powered-ip65-led-bar\/","og_site_name":"StageZone","article_publisher":"https:\/\/www.facebook.com\/stagezonehungary\/","article_modified_time":"2026-05-04T18:55:32+00:00","og_image":[{"width":1000,"height":1000,"url":"https:\/\/stagezone.hu\/wp-content\/uploads\/2025\/05\/ElectraPix-Bar-16_1.png","type":"image\/png"}],"twitter_card":"summary_large_image","twitter_misc":{"Est. reading time":"2 minutes"},"schema":{"@context":"https:\/\/schema.org","@graph":[{"@type":"WebPage","@id":"https:\/\/stagezone.hu\/en\/product\/adj-electrapix-bar-16-battery-powered-ip65-led-bar\/","url":"https:\/\/stagezone.hu\/en\/product\/adj-electrapix-bar-16-battery-powered-ip65-led-bar\/","name":"ADJ ADJ ElectraPix Bar 16 - StageZone","isPartOf":{"@id":"https:\/\/stagezone.hu\/#website"},"primaryImageOfPage":{"@id":"https:\/\/stagezone.hu\/en\/product\/adj-electrapix-bar-16-battery-powered-ip65-led-bar\/#primaryimage"},"image":{"@id":"https:\/\/stagezone.hu\/en\/product\/adj-electrapix-bar-16-battery-powered-ip65-led-bar\/#primaryimage"},"thumbnailUrl":"https:\/\/stagezone.hu\/wp-content\/uploads\/2025\/05\/ElectraPix-Bar-16_1.png","datePublished":"2025-05-09T16:00:08+00:00","dateModified":"2026-05-04T18:55:32+00:00","description":"Az ElectraPix Bar 16 egy akkumul\u00e1toros, vezet\u00e9k n\u00e9lk\u00fcli, IP65-s LED Bar RGBAL+UV LED-el \u00e9s pixelvez\u00e9rl\u00e9ssel, k\u00fclt\u00e9rre, professzion\u00e1lis vil\u00e1g\u00edt\u00e1shoz.","breadcrumb":{"@id":"https:\/\/stagezone.hu\/en\/product\/adj-electrapix-bar-16-battery-powered-ip65-led-bar\/#breadcrumb"},"inLanguage":"en-US","potentialAction":[{"@type":"ReadAction","target":["https:\/\/stagezone.hu\/en\/product\/adj-electrapix-bar-16-battery-powered-ip65-led-bar\/"]}]},{"@type":"ImageObject","inLanguage":"en-US","@id":"https:\/\/stagezone.hu\/en\/product\/adj-electrapix-bar-16-battery-powered-ip65-led-bar\/#primaryimage","url":"https:\/\/stagezone.hu\/wp-content\/uploads\/2025\/05\/ElectraPix-Bar-16_1.png","contentUrl":"https:\/\/stagezone.hu\/wp-content\/uploads\/2025\/05\/ElectraPix-Bar-16_1.png","width":1000,"height":1000,"caption":"ADJ ElectraPix Bar 16"},{"@type":"BreadcrumbList","@id":"https:\/\/stagezone.hu\/en\/product\/adj-electrapix-bar-16-battery-powered-ip65-led-bar\/#breadcrumb","itemListElement":[{"@type":"ListItem","position":1,"name":"Kezd\u0151lap","item":"https:\/\/stagezone.hu\/"},{"@type":"ListItem","position":2,"name":"\u00dczlet","item":"https:\/\/stagezone.hu\/uzlet\/"},{"@type":"ListItem","position":3,"name":"ADJ ElectraPix Bar 16 - Battery-Powered IP65 LED Bar"}]},{"@type":"WebSite","@id":"https:\/\/stagezone.hu\/en\/#website","url":"https:\/\/stagezone.hu\/en\/","name":"StageZone - Ragyogj a Stagezone min\u0151s\u00e9gi f\u00e9nytechnik\u00e1j\u00e1val.","description":"StageZone","publisher":{"@id":"https:\/\/stagezone.hu\/en\/#organization"},"potentialAction":[{"@type":"SearchAction","target":{"@type":"EntryPoint","urlTemplate":"https:\/\/stagezone.hu\/en\/?s={search_term_string}"},"query-input":{"@type":"PropertyValueSpecification","valueRequired":true,"valueName":"search_term_string"}}],"inLanguage":"en-US"},{"@type":"Organization","@id":"https:\/\/stagezone.hu\/en\/#organization","name":"StageZone","url":"https:\/\/stagezone.hu\/en\/","logo":{"@type":"ImageObject","inLanguage":"en-US","@id":"https:\/\/stagezone.hu\/en\/#\/schema\/logo\/image\/","url":"https:\/\/stagezone.hu\/wp-content\/uploads\/2026\/01\/Adam-Hall_1000x1000-1-1.png","contentUrl":"https:\/\/stagezone.hu\/wp-content\/uploads\/2026\/01\/Adam-Hall_1000x1000-1-1.png","width":1000,"height":1000,"caption":"StageZone"},"image":{"@id":"https:\/\/stagezone.hu\/en\/#\/schema\/logo\/image\/"},"sameAs":["https:\/\/www.facebook.com\/stagezonehungary\/","https:\/\/www.instagram.com\/stagezonehungary\/"]}]}},"_links":{"self":[{"href":"https:\/\/stagezone.hu\/en\/wp-json\/wp\/v2\/product\/6608","targetHints":{"allow":["GET"]}}],"collection":[{"href":"https:\/\/stagezone.hu\/en\/wp-json\/wp\/v2\/product"}],"about":[{"href":"https:\/\/stagezone.hu\/en\/wp-json\/wp\/v2\/types\/product"}],"replies":[{"embeddable":true,"href":"https:\/\/stagezone.hu\/en\/wp-json\/wp\/v2\/comments?post=6608"}],"version-history":[{"count":6,"href":"https:\/\/stagezone.hu\/en\/wp-json\/wp\/v2\/product\/6608\/revisions"}],"predecessor-version":[{"id":10389,"href":"https:\/\/stagezone.hu\/en\/wp-json\/wp\/v2\/product\/6608\/revisions\/10389"}],"wp:featuredmedia":[{"embeddable":true,"href":"https:\/\/stagezone.hu\/en\/wp-json\/wp\/v2\/media\/6810"}],"wp:attachment":[{"href":"https:\/\/stagezone.hu\/en\/wp-json\/wp\/v2\/media?parent=6608"}],"wp:term":[{"taxonomy":"product_brand","embeddable":true,"href":"https:\/\/stagezone.hu\/en\/wp-json\/wp\/v2\/product_brand?post=6608"},{"taxonomy":"product_cat","embeddable":true,"href":"https:\/\/stagezone.hu\/en\/wp-json\/wp\/v2\/product_cat?post=6608"},{"taxonomy":"product_tag","embeddable":true,"href":"https:\/\/stagezone.hu\/en\/wp-json\/wp\/v2\/product_tag?post=6608"}],"curies":[{"name":"wp","href":"https:\/\/api.w.org\/{rel}","templated":true}]}}