{"id":6606,"date":"2025-05-09T17:00:14","date_gmt":"2025-05-09T16:00:14","guid":{"rendered":"https:\/\/stagezone.hu\/?post_type=product&#038;p=6606"},"modified":"2026-05-04T19:55:26","modified_gmt":"2026-05-04T18:55:26","slug":"40-hex-panel-ip","status":"publish","type":"product","link":"https:\/\/stagezone.hu\/en\/product\/adj-40-hex-panel-ip\/","title":{"rendered":"ADJ 40 HEX Panel IP"},"content":{"rendered":"<h3><strong>ADJ 40 HEX Panel IP<\/strong><\/h3>\n<p>The ADJ 40 HEX Panel IP is a robust, versatile, outdoor-rated LED panel, perfect for use as a wash or color strobe effect both outdoors and indoors. The unit is equipped with 40 x 20W HEX LEDs (6-in-1: Red, Green, Blue, Amber, Lime, and UV), providing an extremely wide color palette and homogeneous light output.<\/p>\n<p>The device features 10 individually controllable LED zones, enabling creative Pixel Zone effects. The robust, black, all-metal IP65 housing provides protection against dust, sand, moisture, and splashes \u2013 making it ideal for outdoor events, al fresco installations, or demanding indoor environments.<\/p>\n<hr \/>\n<h4>Professional Control and Built-in Aria X2 System<\/h4>\n<p>The rear control panel features IP65-rated 5-pin DMX In\/Out and Powercon type power In\/Out connectors, allowing for easy daisy-chaining of units. The connectors are protected by a rubber-sealed cover. The OLED display with touch-sensitive buttons ensures quick setup and operation.<\/p>\n<p>The fixture supports various DMX control modes, dimming curves, and LED refresh rate settings. Via the built-in Aria X2 Wireless Management System, firmware updates are also available wirelessly.<\/p>\n<hr \/>\n<p>The 40 HEX Panel IP is an ideal choice for film shoots, stages, events, and outdoor installations \u2013 where IP65 protection and vibrant, powerful lighting effects are important.<\/p>\n","protected":false},"excerpt":{"rendered":"<p>IP65 rated LED panel with 40x20W RGBAL+UV LEDs for wash and strobe effects.<\/p>\n","protected":false},"featured_media":6806,"comment_status":"open","ping_status":"closed","template":"","meta":[],"product_brand":[],"product_cat":[540,159,177,163],"product_tag":[218,193,460],"class_list":{"0":"post-6606","1":"product","2":"type-product","3":"status-publish","4":"has-post-thumbnail","6":"product_cat-adj-akcios","7":"product_cat-statikus-fenyeffekt","8":"product_cat-stroboszkop","9":"product_cat-vizallo-lampak","10":"product_tag-adj","11":"product_tag-led","12":"product_tag-rdm","14":"first","15":"instock","16":"taxable","17":"shipping-taxable","18":"purchasable","19":"product-type-simple"},"yoast_head":"<!-- This site is optimized with the Yoast SEO Premium plugin v27.2 (Yoast SEO v27.2) - https:\/\/yoast.com\/product\/yoast-seo-premium-wordpress\/ -->\n<title>ADJ 40 HEX Panel IP<\/title>\n<meta name=\"description\" content=\"IP65 rated LED panel with 40x20W RGBAL+UV LEDs for wash and strobe effects.\" \/>\n<meta name=\"robots\" content=\"index, follow, max-snippet:-1, max-image-preview:large, max-video-preview:-1\" \/>\n<link rel=\"canonical\" href=\"http:\/\/IP65%20rated%20LED%20panel%20with%2040x20W%20RGBAL%20UV%20LEDs%20for%20wash%20and%20strobe%20effects.\" \/>\n<meta property=\"og:locale\" content=\"en_US\" \/>\n<meta property=\"og:type\" content=\"article\" \/>\n<meta property=\"og:title\" content=\"ADJ 40 HEX Panel IP\" \/>\n<meta property=\"og:description\" content=\"IP65 rated LED panel with 40x20W RGBAL+UV LEDs for wash and strobe effects.\" \/>\n<meta property=\"og:url\" content=\"https:\/\/stagezone.hu\/en\/product\/adj-40-hex-panel-ip\/\" \/>\n<meta property=\"og:site_name\" content=\"StageZone\" \/>\n<meta property=\"article:publisher\" content=\"https:\/\/www.facebook.com\/stagezonehungary\/\" \/>\n<meta property=\"article:modified_time\" content=\"2026-05-04T18:55:26+00:00\" \/>\n<meta property=\"og:image\" content=\"https:\/\/stagezone.hu\/wp-content\/uploads\/2025\/05\/40-HEX-Panel-IP_1.png\" \/>\n\t<meta property=\"og:image:width\" content=\"1000\" \/>\n\t<meta property=\"og:image:height\" content=\"1000\" \/>\n\t<meta property=\"og:image:type\" content=\"image\/png\" \/>\n<meta name=\"twitter:card\" content=\"summary_large_image\" \/>\n<meta name=\"twitter:label1\" content=\"Est. reading time\" \/>\n\t<meta name=\"twitter:data1\" content=\"2 minutes\" \/>\n<script type=\"application\/ld+json\" class=\"yoast-schema-graph\">{\"@context\":\"https:\/\/schema.org\",\"@graph\":[{\"@type\":\"WebPage\",\"@id\":\"https:\/\/stagezone.hu\/en\/product\/adj-40-hex-panel-ip\/\",\"url\":\"https:\/\/stagezone.hu\/en\/product\/adj-40-hex-panel-ip\/\",\"name\":\"ADJ ADJ 40 HEX Panel IP - StageZone\",\"isPartOf\":{\"@id\":\"https:\/\/stagezone.hu\/#website\"},\"primaryImageOfPage\":{\"@id\":\"https:\/\/stagezone.hu\/en\/product\/adj-40-hex-panel-ip\/#primaryimage\"},\"image\":{\"@id\":\"https:\/\/stagezone.hu\/en\/product\/adj-40-hex-panel-ip\/#primaryimage\"},\"thumbnailUrl\":\"https:\/\/stagezone.hu\/wp-content\/uploads\/2025\/05\/40-HEX-Panel-IP_1.png\",\"datePublished\":\"2025-05-09T16:00:14+00:00\",\"dateModified\":\"2026-05-04T18:55:26+00:00\",\"description\":\"Az ADJ 40 HEX Panel IP k\u00fclt\u00e9ri LED panel 40\u00d720W HEX LED-el, 10 z\u00f3n\u00e1s vez\u00e9rl\u00e9ssel, IP65 v\u00e9delemmel \u00e9s Aria X2 rendszerrel \u2013 ide\u00e1lis forgat\u00e1shoz, sz\u00ednpadra.\",\"breadcrumb\":{\"@id\":\"https:\/\/stagezone.hu\/en\/product\/adj-40-hex-panel-ip\/#breadcrumb\"},\"inLanguage\":\"en-US\",\"potentialAction\":[{\"@type\":\"ReadAction\",\"target\":[\"https:\/\/stagezone.hu\/en\/product\/adj-40-hex-panel-ip\/\"]}]},{\"@type\":\"ImageObject\",\"inLanguage\":\"en-US\",\"@id\":\"https:\/\/stagezone.hu\/en\/product\/adj-40-hex-panel-ip\/#primaryimage\",\"url\":\"https:\/\/stagezone.hu\/wp-content\/uploads\/2025\/05\/40-HEX-Panel-IP_1.png\",\"contentUrl\":\"https:\/\/stagezone.hu\/wp-content\/uploads\/2025\/05\/40-HEX-Panel-IP_1.png\",\"width\":1000,\"height\":1000,\"caption\":\"ADJ 40 HEX Panel IP\"},{\"@type\":\"BreadcrumbList\",\"@id\":\"https:\/\/stagezone.hu\/en\/product\/adj-40-hex-panel-ip\/#breadcrumb\",\"itemListElement\":[{\"@type\":\"ListItem\",\"position\":1,\"name\":\"Kezd\u0151lap\",\"item\":\"https:\/\/stagezone.hu\/\"},{\"@type\":\"ListItem\",\"position\":2,\"name\":\"\u00dczlet\",\"item\":\"https:\/\/stagezone.hu\/uzlet\/\"},{\"@type\":\"ListItem\",\"position\":3,\"name\":\"ADJ 40 HEX Panel IP\"}]},{\"@type\":\"WebSite\",\"@id\":\"https:\/\/stagezone.hu\/en\/#website\",\"url\":\"https:\/\/stagezone.hu\/en\/\",\"name\":\"StageZone - Ragyogj a Stagezone min\u0151s\u00e9gi f\u00e9nytechnik\u00e1j\u00e1val.\",\"description\":\"StageZone\",\"publisher\":{\"@id\":\"https:\/\/stagezone.hu\/en\/#organization\"},\"potentialAction\":[{\"@type\":\"SearchAction\",\"target\":{\"@type\":\"EntryPoint\",\"urlTemplate\":\"https:\/\/stagezone.hu\/en\/?s={search_term_string}\"},\"query-input\":{\"@type\":\"PropertyValueSpecification\",\"valueRequired\":true,\"valueName\":\"search_term_string\"}}],\"inLanguage\":\"en-US\"},{\"@type\":\"Organization\",\"@id\":\"https:\/\/stagezone.hu\/en\/#organization\",\"name\":\"StageZone\",\"url\":\"https:\/\/stagezone.hu\/en\/\",\"logo\":{\"@type\":\"ImageObject\",\"inLanguage\":\"en-US\",\"@id\":\"https:\/\/stagezone.hu\/en\/#\/schema\/logo\/image\/\",\"url\":\"https:\/\/stagezone.hu\/wp-content\/uploads\/2026\/01\/Adam-Hall_1000x1000-1-1.png\",\"contentUrl\":\"https:\/\/stagezone.hu\/wp-content\/uploads\/2026\/01\/Adam-Hall_1000x1000-1-1.png\",\"width\":1000,\"height\":1000,\"caption\":\"StageZone\"},\"image\":{\"@id\":\"https:\/\/stagezone.hu\/en\/#\/schema\/logo\/image\/\"},\"sameAs\":[\"https:\/\/www.facebook.com\/stagezonehungary\/\",\"https:\/\/www.instagram.com\/stagezonehungary\/\"]}]}<\/script>\n<!-- \/ Yoast SEO Premium plugin. -->","yoast_head_json":{"title":"ADJ 40 HEX Panel IP","description":"IP65 rated LED panel with 40x20W RGBAL+UV LEDs for wash and strobe effects.","robots":{"index":"index","follow":"follow","max-snippet":"max-snippet:-1","max-image-preview":"max-image-preview:large","max-video-preview":"max-video-preview:-1"},"canonical":"IP65 rated LED panel with 40x20W RGBAL UV LEDs for wash and strobe effects.","og_locale":"en_US","og_type":"article","og_title":"ADJ 40 HEX Panel IP","og_description":"IP65 rated LED panel with 40x20W RGBAL+UV LEDs for wash and strobe effects.","og_url":"https:\/\/stagezone.hu\/en\/product\/adj-40-hex-panel-ip\/","og_site_name":"StageZone","article_publisher":"https:\/\/www.facebook.com\/stagezonehungary\/","article_modified_time":"2026-05-04T18:55:26+00:00","og_image":[{"width":1000,"height":1000,"url":"https:\/\/stagezone.hu\/wp-content\/uploads\/2025\/05\/40-HEX-Panel-IP_1.png","type":"image\/png"}],"twitter_card":"summary_large_image","twitter_misc":{"Est. reading time":"2 minutes"},"schema":{"@context":"https:\/\/schema.org","@graph":[{"@type":"WebPage","@id":"https:\/\/stagezone.hu\/en\/product\/adj-40-hex-panel-ip\/","url":"https:\/\/stagezone.hu\/en\/product\/adj-40-hex-panel-ip\/","name":"ADJ ADJ 40 HEX Panel IP - StageZone","isPartOf":{"@id":"https:\/\/stagezone.hu\/#website"},"primaryImageOfPage":{"@id":"https:\/\/stagezone.hu\/en\/product\/adj-40-hex-panel-ip\/#primaryimage"},"image":{"@id":"https:\/\/stagezone.hu\/en\/product\/adj-40-hex-panel-ip\/#primaryimage"},"thumbnailUrl":"https:\/\/stagezone.hu\/wp-content\/uploads\/2025\/05\/40-HEX-Panel-IP_1.png","datePublished":"2025-05-09T16:00:14+00:00","dateModified":"2026-05-04T18:55:26+00:00","description":"Az ADJ 40 HEX Panel IP k\u00fclt\u00e9ri LED panel 40\u00d720W HEX LED-el, 10 z\u00f3n\u00e1s vez\u00e9rl\u00e9ssel, IP65 v\u00e9delemmel \u00e9s Aria X2 rendszerrel \u2013 ide\u00e1lis forgat\u00e1shoz, sz\u00ednpadra.","breadcrumb":{"@id":"https:\/\/stagezone.hu\/en\/product\/adj-40-hex-panel-ip\/#breadcrumb"},"inLanguage":"en-US","potentialAction":[{"@type":"ReadAction","target":["https:\/\/stagezone.hu\/en\/product\/adj-40-hex-panel-ip\/"]}]},{"@type":"ImageObject","inLanguage":"en-US","@id":"https:\/\/stagezone.hu\/en\/product\/adj-40-hex-panel-ip\/#primaryimage","url":"https:\/\/stagezone.hu\/wp-content\/uploads\/2025\/05\/40-HEX-Panel-IP_1.png","contentUrl":"https:\/\/stagezone.hu\/wp-content\/uploads\/2025\/05\/40-HEX-Panel-IP_1.png","width":1000,"height":1000,"caption":"ADJ 40 HEX Panel IP"},{"@type":"BreadcrumbList","@id":"https:\/\/stagezone.hu\/en\/product\/adj-40-hex-panel-ip\/#breadcrumb","itemListElement":[{"@type":"ListItem","position":1,"name":"Kezd\u0151lap","item":"https:\/\/stagezone.hu\/"},{"@type":"ListItem","position":2,"name":"\u00dczlet","item":"https:\/\/stagezone.hu\/uzlet\/"},{"@type":"ListItem","position":3,"name":"ADJ 40 HEX Panel IP"}]},{"@type":"WebSite","@id":"https:\/\/stagezone.hu\/en\/#website","url":"https:\/\/stagezone.hu\/en\/","name":"StageZone - Ragyogj a Stagezone min\u0151s\u00e9gi f\u00e9nytechnik\u00e1j\u00e1val.","description":"StageZone","publisher":{"@id":"https:\/\/stagezone.hu\/en\/#organization"},"potentialAction":[{"@type":"SearchAction","target":{"@type":"EntryPoint","urlTemplate":"https:\/\/stagezone.hu\/en\/?s={search_term_string}"},"query-input":{"@type":"PropertyValueSpecification","valueRequired":true,"valueName":"search_term_string"}}],"inLanguage":"en-US"},{"@type":"Organization","@id":"https:\/\/stagezone.hu\/en\/#organization","name":"StageZone","url":"https:\/\/stagezone.hu\/en\/","logo":{"@type":"ImageObject","inLanguage":"en-US","@id":"https:\/\/stagezone.hu\/en\/#\/schema\/logo\/image\/","url":"https:\/\/stagezone.hu\/wp-content\/uploads\/2026\/01\/Adam-Hall_1000x1000-1-1.png","contentUrl":"https:\/\/stagezone.hu\/wp-content\/uploads\/2026\/01\/Adam-Hall_1000x1000-1-1.png","width":1000,"height":1000,"caption":"StageZone"},"image":{"@id":"https:\/\/stagezone.hu\/en\/#\/schema\/logo\/image\/"},"sameAs":["https:\/\/www.facebook.com\/stagezonehungary\/","https:\/\/www.instagram.com\/stagezonehungary\/"]}]}},"_links":{"self":[{"href":"https:\/\/stagezone.hu\/en\/wp-json\/wp\/v2\/product\/6606","targetHints":{"allow":["GET"]}}],"collection":[{"href":"https:\/\/stagezone.hu\/en\/wp-json\/wp\/v2\/product"}],"about":[{"href":"https:\/\/stagezone.hu\/en\/wp-json\/wp\/v2\/types\/product"}],"replies":[{"embeddable":true,"href":"https:\/\/stagezone.hu\/en\/wp-json\/wp\/v2\/comments?post=6606"}],"version-history":[{"count":6,"href":"https:\/\/stagezone.hu\/en\/wp-json\/wp\/v2\/product\/6606\/revisions"}],"predecessor-version":[{"id":10409,"href":"https:\/\/stagezone.hu\/en\/wp-json\/wp\/v2\/product\/6606\/revisions\/10409"}],"wp:featuredmedia":[{"embeddable":true,"href":"https:\/\/stagezone.hu\/en\/wp-json\/wp\/v2\/media\/6806"}],"wp:attachment":[{"href":"https:\/\/stagezone.hu\/en\/wp-json\/wp\/v2\/media?parent=6606"}],"wp:term":[{"taxonomy":"product_brand","embeddable":true,"href":"https:\/\/stagezone.hu\/en\/wp-json\/wp\/v2\/product_brand?post=6606"},{"taxonomy":"product_cat","embeddable":true,"href":"https:\/\/stagezone.hu\/en\/wp-json\/wp\/v2\/product_cat?post=6606"},{"taxonomy":"product_tag","embeddable":true,"href":"https:\/\/stagezone.hu\/en\/wp-json\/wp\/v2\/product_tag?post=6606"}],"curies":[{"name":"wp","href":"https:\/\/api.w.org\/{rel}","templated":true}]}}