{"id":6594,"date":"2025-05-09T17:00:23","date_gmt":"2025-05-09T16:00:23","guid":{"rendered":"https:\/\/stagezone.hu\/?post_type=product&#038;p=6594"},"modified":"2026-05-04T19:55:20","modified_gmt":"2026-05-04T18:55:20","slug":"ubl12h-led-bar","status":"publish","type":"product","link":"https:\/\/stagezone.hu\/en\/product\/adj-ubl12h-led-bar\/","title":{"rendered":"ADJ UBL12H LED Bar"},"content":{"rendered":"<h3><strong>ADJ UBL12H LED Bar<\/strong><\/h3>\n<p>The <strong>ADJ UBL12H<\/strong> is part of the Ultra series. The twelve <strong>20-watt RGBAL+UV LEDs<\/strong> (Red, Green, Blue, Amber, Lime, UV) perfectly combine precise color mixing with outstanding light output. The addition of the lime chip significantly improves color rendering \u2013 <strong>CRI > 90<\/strong> \u2013 resulting in sharp, natural, and professional visuals.<\/p>\n<hr \/>\n<h4>Outstanding Color Rendering and Versatility in a Single Device<\/h4>\n<p>The <strong>linear color temperature control<\/strong> ranges from 2300K to 9900K, allowing for precise control of the light&#8217;s tone for any environment. The 17\u00b0 beam angle and <strong>85.5mm pixel pitch<\/strong> enable uniform, shadow-free color projection, even when multiple units are linked together \u2013 thanks to <strong>Horizontal Magnetic Alignment<\/strong>.<\/p>\n<hr \/>\n<h4>Full Control and Integration<\/h4>\n<ul>\n<li>\n<p><strong>OLED display + 4-button menu<\/strong> for intuitive setup<\/p>\n<\/li>\n<li>\n<p>Controllable with <strong>UC-IR24 remote<\/strong> (included)<\/p>\n<\/li>\n<li>\n<p>Compatible with <strong>DMX-512<\/strong> and <strong>RDM<\/strong> protocols<\/p>\n<\/li>\n<li>\n<p><strong>7 DMX channel modes<\/strong> + 5 operating modes: Auto Run, Program Mode, Sound Trigger, RGBAL+UV Manual, DMX<\/p>\n<\/li>\n<\/ul>\n<hr \/>\n<h4>Maximum Creative Freedom for Lighting Technicians<\/h4>\n<ul>\n<li>\n<p>64 built-in color macros<\/p>\n<\/li>\n<li>\n<p>1.9 kHz LED refresh rate<\/p>\n<\/li>\n<li>\n<p>Adjustable dimming modes and curves<\/p>\n<\/li>\n<li>\n<p>Daisy chain power: <strong>up to 17 fixtures at 120V \/ 32 fixtures at 230V<\/strong><\/p>\n<\/li>\n<li>\n<p>IP20 protection, cETLus, CE, FCC certified<\/p>\n<\/li>\n<\/ul>\n<hr \/>\n<h4>Flexible Use and Expandability<\/h4>\n<p>The UBL12H is ideal for <strong>wall, floor, or ceiling lighting<\/strong>, thanks to the included mounting bracket. The package also includes a <strong>20\u00b0 diffuser<\/strong> and the <strong>UC-IR24 remote control<\/strong>. With the separately available <strong>UBL912 filter set<\/strong>, the beam angle can be increased to <strong>1&#215;40\u00b0<\/strong>.<\/p>\n","protected":false},"excerpt":{"rendered":"<p>12x20W RGBAL+UV LED Bar with enhanced color rendering and flexible control options.<\/p>\n","protected":false},"featured_media":6797,"comment_status":"open","ping_status":"closed","template":"","meta":[],"product_brand":[],"product_cat":[540,165,159],"product_tag":[218,394],"class_list":{"0":"post-6594","1":"product","2":"type-product","3":"status-publish","4":"has-post-thumbnail","6":"product_cat-adj-akcios","7":"product_cat-led-bar","8":"product_cat-statikus-fenyeffekt","9":"product_tag-adj","10":"product_tag-bar","12":"first","13":"contact_us","14":"taxable","15":"shipping-taxable","16":"purchasable","17":"product-type-simple"},"yoast_head":"<!-- This site is optimized with the Yoast SEO Premium plugin v27.2 (Yoast SEO v27.2) - https:\/\/yoast.com\/product\/yoast-seo-premium-wordpress\/ -->\n<title>ADJ UBL12H LED Bar<\/title>\n<meta name=\"description\" content=\"12x20W RGBAL+UV LED Bar with enhanced color rendering and flexible control options.\" \/>\n<meta name=\"robots\" content=\"index, follow, max-snippet:-1, max-image-preview:large, max-video-preview:-1\" \/>\n<link rel=\"canonical\" href=\"http:\/\/12x20W%20RGBAL%20UV%20LED%20Bar%20with%20enhanced%20color%20rendering%20and%20flexible%20control%20options.\" \/>\n<meta property=\"og:locale\" content=\"en_US\" \/>\n<meta property=\"og:type\" content=\"article\" \/>\n<meta property=\"og:title\" content=\"ADJ UBL12H LED Bar\" \/>\n<meta property=\"og:description\" content=\"12x20W RGBAL+UV LED Bar with enhanced color rendering and flexible control options.\" \/>\n<meta property=\"og:url\" content=\"https:\/\/stagezone.hu\/en\/product\/adj-ubl12h-led-bar\/\" \/>\n<meta property=\"og:site_name\" content=\"StageZone\" \/>\n<meta property=\"article:publisher\" content=\"https:\/\/www.facebook.com\/stagezonehungary\/\" \/>\n<meta property=\"article:modified_time\" content=\"2026-05-04T18:55:20+00:00\" \/>\n<meta property=\"og:image\" content=\"https:\/\/stagezone.hu\/wp-content\/uploads\/2025\/05\/UBL12H_1.png\" \/>\n\t<meta property=\"og:image:width\" content=\"1000\" \/>\n\t<meta property=\"og:image:height\" content=\"1000\" \/>\n\t<meta property=\"og:image:type\" content=\"image\/png\" \/>\n<meta name=\"twitter:card\" content=\"summary_large_image\" \/>\n<meta name=\"twitter:label1\" content=\"Est. reading time\" \/>\n\t<meta name=\"twitter:data1\" content=\"2 minutes\" \/>\n<script type=\"application\/ld+json\" class=\"yoast-schema-graph\">{\"@context\":\"https:\/\/schema.org\",\"@graph\":[{\"@type\":\"WebPage\",\"@id\":\"https:\/\/stagezone.hu\/en\/product\/adj-ubl12h-led-bar\/\",\"url\":\"https:\/\/stagezone.hu\/en\/product\/adj-ubl12h-led-bar\/\",\"name\":\"ADJ UBL12H LED Bar - StageZone\",\"isPartOf\":{\"@id\":\"https:\/\/stagezone.hu\/#website\"},\"primaryImageOfPage\":{\"@id\":\"https:\/\/stagezone.hu\/en\/product\/adj-ubl12h-led-bar\/#primaryimage\"},\"image\":{\"@id\":\"https:\/\/stagezone.hu\/en\/product\/adj-ubl12h-led-bar\/#primaryimage\"},\"thumbnailUrl\":\"https:\/\/stagezone.hu\/wp-content\/uploads\/2025\/05\/UBL12H_1.png\",\"datePublished\":\"2025-05-09T16:00:23+00:00\",\"dateModified\":\"2026-05-04T18:55:20+00:00\",\"description\":\"Az ADJ UBL12H RGBAL+UV f\u00e9nyr\u00fad 90+CRI-vel, DMX \u00e9s RDM kompatibilit\u00e1ssal, be\u00e9p\u00edtett makr\u00f3kkal \u00e9s line\u00e1ris sz\u00ednh\u0151m\u00e9rs\u00e9klet szab\u00e1lyz\u00e1ssal.\",\"breadcrumb\":{\"@id\":\"https:\/\/stagezone.hu\/en\/product\/adj-ubl12h-led-bar\/#breadcrumb\"},\"inLanguage\":\"en-US\",\"potentialAction\":[{\"@type\":\"ReadAction\",\"target\":[\"https:\/\/stagezone.hu\/en\/product\/adj-ubl12h-led-bar\/\"]}]},{\"@type\":\"ImageObject\",\"inLanguage\":\"en-US\",\"@id\":\"https:\/\/stagezone.hu\/en\/product\/adj-ubl12h-led-bar\/#primaryimage\",\"url\":\"https:\/\/stagezone.hu\/wp-content\/uploads\/2025\/05\/UBL12H_1.png\",\"contentUrl\":\"https:\/\/stagezone.hu\/wp-content\/uploads\/2025\/05\/UBL12H_1.png\",\"width\":1000,\"height\":1000},{\"@type\":\"BreadcrumbList\",\"@id\":\"https:\/\/stagezone.hu\/en\/product\/adj-ubl12h-led-bar\/#breadcrumb\",\"itemListElement\":[{\"@type\":\"ListItem\",\"position\":1,\"name\":\"Kezd\u0151lap\",\"item\":\"https:\/\/stagezone.hu\/\"},{\"@type\":\"ListItem\",\"position\":2,\"name\":\"\u00dczlet\",\"item\":\"https:\/\/stagezone.hu\/uzlet\/\"},{\"@type\":\"ListItem\",\"position\":3,\"name\":\"ADJ UBL12H LED Bar\"}]},{\"@type\":\"WebSite\",\"@id\":\"https:\/\/stagezone.hu\/en\/#website\",\"url\":\"https:\/\/stagezone.hu\/en\/\",\"name\":\"StageZone - Ragyogj a Stagezone min\u0151s\u00e9gi f\u00e9nytechnik\u00e1j\u00e1val.\",\"description\":\"StageZone\",\"publisher\":{\"@id\":\"https:\/\/stagezone.hu\/en\/#organization\"},\"potentialAction\":[{\"@type\":\"SearchAction\",\"target\":{\"@type\":\"EntryPoint\",\"urlTemplate\":\"https:\/\/stagezone.hu\/en\/?s={search_term_string}\"},\"query-input\":{\"@type\":\"PropertyValueSpecification\",\"valueRequired\":true,\"valueName\":\"search_term_string\"}}],\"inLanguage\":\"en-US\"},{\"@type\":\"Organization\",\"@id\":\"https:\/\/stagezone.hu\/en\/#organization\",\"name\":\"StageZone\",\"url\":\"https:\/\/stagezone.hu\/en\/\",\"logo\":{\"@type\":\"ImageObject\",\"inLanguage\":\"en-US\",\"@id\":\"https:\/\/stagezone.hu\/en\/#\/schema\/logo\/image\/\",\"url\":\"https:\/\/stagezone.hu\/wp-content\/uploads\/2026\/01\/Adam-Hall_1000x1000-1-1.png\",\"contentUrl\":\"https:\/\/stagezone.hu\/wp-content\/uploads\/2026\/01\/Adam-Hall_1000x1000-1-1.png\",\"width\":1000,\"height\":1000,\"caption\":\"StageZone\"},\"image\":{\"@id\":\"https:\/\/stagezone.hu\/en\/#\/schema\/logo\/image\/\"},\"sameAs\":[\"https:\/\/www.facebook.com\/stagezonehungary\/\",\"https:\/\/www.instagram.com\/stagezonehungary\/\"]}]}<\/script>\n<!-- \/ Yoast SEO Premium plugin. -->","yoast_head_json":{"title":"ADJ UBL12H LED Bar","description":"12x20W RGBAL+UV LED Bar with enhanced color rendering and flexible control options.","robots":{"index":"index","follow":"follow","max-snippet":"max-snippet:-1","max-image-preview":"max-image-preview:large","max-video-preview":"max-video-preview:-1"},"canonical":"12x20W RGBAL UV LED Bar with enhanced color rendering and flexible control options.","og_locale":"en_US","og_type":"article","og_title":"ADJ UBL12H LED Bar","og_description":"12x20W RGBAL+UV LED Bar with enhanced color rendering and flexible control options.","og_url":"https:\/\/stagezone.hu\/en\/product\/adj-ubl12h-led-bar\/","og_site_name":"StageZone","article_publisher":"https:\/\/www.facebook.com\/stagezonehungary\/","article_modified_time":"2026-05-04T18:55:20+00:00","og_image":[{"width":1000,"height":1000,"url":"https:\/\/stagezone.hu\/wp-content\/uploads\/2025\/05\/UBL12H_1.png","type":"image\/png"}],"twitter_card":"summary_large_image","twitter_misc":{"Est. reading time":"2 minutes"},"schema":{"@context":"https:\/\/schema.org","@graph":[{"@type":"WebPage","@id":"https:\/\/stagezone.hu\/en\/product\/adj-ubl12h-led-bar\/","url":"https:\/\/stagezone.hu\/en\/product\/adj-ubl12h-led-bar\/","name":"ADJ UBL12H LED Bar - StageZone","isPartOf":{"@id":"https:\/\/stagezone.hu\/#website"},"primaryImageOfPage":{"@id":"https:\/\/stagezone.hu\/en\/product\/adj-ubl12h-led-bar\/#primaryimage"},"image":{"@id":"https:\/\/stagezone.hu\/en\/product\/adj-ubl12h-led-bar\/#primaryimage"},"thumbnailUrl":"https:\/\/stagezone.hu\/wp-content\/uploads\/2025\/05\/UBL12H_1.png","datePublished":"2025-05-09T16:00:23+00:00","dateModified":"2026-05-04T18:55:20+00:00","description":"Az ADJ UBL12H RGBAL+UV f\u00e9nyr\u00fad 90+CRI-vel, DMX \u00e9s RDM kompatibilit\u00e1ssal, be\u00e9p\u00edtett makr\u00f3kkal \u00e9s line\u00e1ris sz\u00ednh\u0151m\u00e9rs\u00e9klet szab\u00e1lyz\u00e1ssal.","breadcrumb":{"@id":"https:\/\/stagezone.hu\/en\/product\/adj-ubl12h-led-bar\/#breadcrumb"},"inLanguage":"en-US","potentialAction":[{"@type":"ReadAction","target":["https:\/\/stagezone.hu\/en\/product\/adj-ubl12h-led-bar\/"]}]},{"@type":"ImageObject","inLanguage":"en-US","@id":"https:\/\/stagezone.hu\/en\/product\/adj-ubl12h-led-bar\/#primaryimage","url":"https:\/\/stagezone.hu\/wp-content\/uploads\/2025\/05\/UBL12H_1.png","contentUrl":"https:\/\/stagezone.hu\/wp-content\/uploads\/2025\/05\/UBL12H_1.png","width":1000,"height":1000},{"@type":"BreadcrumbList","@id":"https:\/\/stagezone.hu\/en\/product\/adj-ubl12h-led-bar\/#breadcrumb","itemListElement":[{"@type":"ListItem","position":1,"name":"Kezd\u0151lap","item":"https:\/\/stagezone.hu\/"},{"@type":"ListItem","position":2,"name":"\u00dczlet","item":"https:\/\/stagezone.hu\/uzlet\/"},{"@type":"ListItem","position":3,"name":"ADJ UBL12H LED Bar"}]},{"@type":"WebSite","@id":"https:\/\/stagezone.hu\/en\/#website","url":"https:\/\/stagezone.hu\/en\/","name":"StageZone - Ragyogj a Stagezone min\u0151s\u00e9gi f\u00e9nytechnik\u00e1j\u00e1val.","description":"StageZone","publisher":{"@id":"https:\/\/stagezone.hu\/en\/#organization"},"potentialAction":[{"@type":"SearchAction","target":{"@type":"EntryPoint","urlTemplate":"https:\/\/stagezone.hu\/en\/?s={search_term_string}"},"query-input":{"@type":"PropertyValueSpecification","valueRequired":true,"valueName":"search_term_string"}}],"inLanguage":"en-US"},{"@type":"Organization","@id":"https:\/\/stagezone.hu\/en\/#organization","name":"StageZone","url":"https:\/\/stagezone.hu\/en\/","logo":{"@type":"ImageObject","inLanguage":"en-US","@id":"https:\/\/stagezone.hu\/en\/#\/schema\/logo\/image\/","url":"https:\/\/stagezone.hu\/wp-content\/uploads\/2026\/01\/Adam-Hall_1000x1000-1-1.png","contentUrl":"https:\/\/stagezone.hu\/wp-content\/uploads\/2026\/01\/Adam-Hall_1000x1000-1-1.png","width":1000,"height":1000,"caption":"StageZone"},"image":{"@id":"https:\/\/stagezone.hu\/en\/#\/schema\/logo\/image\/"},"sameAs":["https:\/\/www.facebook.com\/stagezonehungary\/","https:\/\/www.instagram.com\/stagezonehungary\/"]}]}},"_links":{"self":[{"href":"https:\/\/stagezone.hu\/en\/wp-json\/wp\/v2\/product\/6594","targetHints":{"allow":["GET"]}}],"collection":[{"href":"https:\/\/stagezone.hu\/en\/wp-json\/wp\/v2\/product"}],"about":[{"href":"https:\/\/stagezone.hu\/en\/wp-json\/wp\/v2\/types\/product"}],"replies":[{"embeddable":true,"href":"https:\/\/stagezone.hu\/en\/wp-json\/wp\/v2\/comments?post=6594"}],"version-history":[{"count":5,"href":"https:\/\/stagezone.hu\/en\/wp-json\/wp\/v2\/product\/6594\/revisions"}],"predecessor-version":[{"id":10400,"href":"https:\/\/stagezone.hu\/en\/wp-json\/wp\/v2\/product\/6594\/revisions\/10400"}],"wp:featuredmedia":[{"embeddable":true,"href":"https:\/\/stagezone.hu\/en\/wp-json\/wp\/v2\/media\/6797"}],"wp:attachment":[{"href":"https:\/\/stagezone.hu\/en\/wp-json\/wp\/v2\/media?parent=6594"}],"wp:term":[{"taxonomy":"product_brand","embeddable":true,"href":"https:\/\/stagezone.hu\/en\/wp-json\/wp\/v2\/product_brand?post=6594"},{"taxonomy":"product_cat","embeddable":true,"href":"https:\/\/stagezone.hu\/en\/wp-json\/wp\/v2\/product_cat?post=6594"},{"taxonomy":"product_tag","embeddable":true,"href":"https:\/\/stagezone.hu\/en\/wp-json\/wp\/v2\/product_tag?post=6594"}],"curies":[{"name":"wp","href":"https:\/\/api.w.org\/{rel}","templated":true}]}}