{"id":6339,"date":"2025-03-25T13:54:51","date_gmt":"2025-03-25T12:54:51","guid":{"rendered":"https:\/\/stagezone.hu\/?post_type=product&#038;p=6339"},"modified":"2026-05-05T20:51:35","modified_gmt":"2026-05-05T19:51:35","slug":"tra-36","status":"publish","type":"product","link":"https:\/\/stagezone.hu\/en\/product\/adam-hall-tra-36-truss-adapter\/","title":{"rendered":"Adam Hall TRA 36 Truss Adapter"},"content":{"rendered":"<p>&nbsp;<\/p>\n<p>Traverse adapter for 35 mm stands (e.g., speaker stands, lighting stands), with adjustable width (20-40 cm). Indicators milled into the element allow for precise positioning for proper stability.<\/p>\n<p>Mounting pins and pins are included in the package.<\/p>\n<p><strong>Max. load capacity:<\/strong> 50 kg<\/p>\n","protected":false},"excerpt":{"rendered":"<p>The TRA 36 traverse adapter allows truss systems to be set up using various stands.<\/p>\n","protected":false},"featured_media":6340,"comment_status":"open","ping_status":"closed","template":"","meta":[],"product_brand":[],"product_cat":[326,363],"product_tag":[329,367],"class_list":{"0":"post-6339","1":"product","2":"type-product","3":"status-publish","4":"has-post-thumbnail","6":"product_cat-fenyallvany","7":"product_cat-hardver","8":"product_tag-adam-hall","9":"product_tag-allvany","11":"first","12":"outofstock","13":"taxable","14":"shipping-taxable","15":"purchasable","16":"product-type-simple"},"yoast_head":"<!-- This site is optimized with the Yoast SEO Premium plugin v27.2 (Yoast SEO v27.2) - https:\/\/yoast.com\/product\/yoast-seo-premium-wordpress\/ -->\n<title>Adam Hall TRA 36 Truss Adapter<\/title>\n<meta name=\"description\" content=\"The TRA 36 traverse adapter allows truss systems to be set up using various stands.\" \/>\n<meta name=\"robots\" content=\"index, follow, max-snippet:-1, max-image-preview:large, max-video-preview:-1\" \/>\n<link rel=\"canonical\" href=\"http:\/\/The%20TRA%2036%20traverse%20adapter%20allows%20truss%20systems%20to%20be%20set%20up%20using%20various%20stands.\" \/>\n<meta property=\"og:locale\" content=\"en_US\" \/>\n<meta property=\"og:type\" content=\"article\" \/>\n<meta property=\"og:title\" content=\"Adam Hall TRA 36 Truss Adapter\" \/>\n<meta property=\"og:description\" content=\"The TRA 36 traverse adapter allows truss systems to be set up using various stands.\" \/>\n<meta property=\"og:url\" content=\"https:\/\/stagezone.hu\/en\/product\/adam-hall-tra-36-truss-adapter\/\" \/>\n<meta property=\"og:site_name\" content=\"StageZone\" \/>\n<meta property=\"article:publisher\" content=\"https:\/\/www.facebook.com\/stagezonehungary\/\" \/>\n<meta property=\"article:modified_time\" content=\"2026-05-05T19:51:35+00:00\" \/>\n<meta property=\"og:image\" content=\"https:\/\/stagezone.hu\/wp-content\/uploads\/2025\/03\/STRA36_1.jpg\" \/>\n\t<meta property=\"og:image:width\" content=\"1000\" \/>\n\t<meta property=\"og:image:height\" content=\"1000\" \/>\n\t<meta property=\"og:image:type\" content=\"image\/jpeg\" \/>\n<meta name=\"twitter:card\" content=\"summary_large_image\" \/>\n<meta name=\"twitter:label1\" content=\"Est. reading time\" \/>\n\t<meta name=\"twitter:data1\" content=\"1 minute\" \/>\n<script type=\"application\/ld+json\" class=\"yoast-schema-graph\">{\"@context\":\"https:\/\/schema.org\",\"@graph\":[{\"@type\":\"WebPage\",\"@id\":\"https:\/\/stagezone.hu\/en\/product\/adam-hall-tra-36-truss-adapter\/\",\"url\":\"https:\/\/stagezone.hu\/en\/product\/adam-hall-tra-36-truss-adapter\/\",\"name\":\"TRA 36 - StageZone\",\"isPartOf\":{\"@id\":\"https:\/\/stagezone.hu\/#website\"},\"primaryImageOfPage\":{\"@id\":\"https:\/\/stagezone.hu\/en\/product\/adam-hall-tra-36-truss-adapter\/#primaryimage\"},\"image\":{\"@id\":\"https:\/\/stagezone.hu\/en\/product\/adam-hall-tra-36-truss-adapter\/#primaryimage\"},\"thumbnailUrl\":\"https:\/\/stagezone.hu\/wp-content\/uploads\/2025\/03\/STRA36_1.jpg\",\"datePublished\":\"2025-03-25T12:54:51+00:00\",\"dateModified\":\"2026-05-05T19:51:35+00:00\",\"description\":\"A TRA 36 Adam Hall traverzadapter lehet\u0151v\u00e9 teszi, hogy a trussrendszereket k\u00fcl\u00f6nb\u00f6z\u0151 \u00e1llv\u00e1nyok seg\u00edts\u00e9g\u00e9vel is fel\u00e1ll\u00edthassuk.\",\"breadcrumb\":{\"@id\":\"https:\/\/stagezone.hu\/en\/product\/adam-hall-tra-36-truss-adapter\/#breadcrumb\"},\"inLanguage\":\"en-US\",\"potentialAction\":[{\"@type\":\"ReadAction\",\"target\":[\"https:\/\/stagezone.hu\/en\/product\/adam-hall-tra-36-truss-adapter\/\"]}]},{\"@type\":\"ImageObject\",\"inLanguage\":\"en-US\",\"@id\":\"https:\/\/stagezone.hu\/en\/product\/adam-hall-tra-36-truss-adapter\/#primaryimage\",\"url\":\"https:\/\/stagezone.hu\/wp-content\/uploads\/2025\/03\/STRA36_1.jpg\",\"contentUrl\":\"https:\/\/stagezone.hu\/wp-content\/uploads\/2025\/03\/STRA36_1.jpg\",\"width\":1000,\"height\":1000},{\"@type\":\"BreadcrumbList\",\"@id\":\"https:\/\/stagezone.hu\/en\/product\/adam-hall-tra-36-truss-adapter\/#breadcrumb\",\"itemListElement\":[{\"@type\":\"ListItem\",\"position\":1,\"name\":\"Kezd\u0151lap\",\"item\":\"https:\/\/stagezone.hu\/\"},{\"@type\":\"ListItem\",\"position\":2,\"name\":\"\u00dczlet\",\"item\":\"https:\/\/stagezone.hu\/uzlet\/\"},{\"@type\":\"ListItem\",\"position\":3,\"name\":\"Adam Hall TRA 36 Truss Adapter\"}]},{\"@type\":\"WebSite\",\"@id\":\"https:\/\/stagezone.hu\/en\/#website\",\"url\":\"https:\/\/stagezone.hu\/en\/\",\"name\":\"StageZone - Ragyogj a Stagezone min\u0151s\u00e9gi f\u00e9nytechnik\u00e1j\u00e1val.\",\"description\":\"StageZone\",\"publisher\":{\"@id\":\"https:\/\/stagezone.hu\/en\/#organization\"},\"potentialAction\":[{\"@type\":\"SearchAction\",\"target\":{\"@type\":\"EntryPoint\",\"urlTemplate\":\"https:\/\/stagezone.hu\/en\/?s={search_term_string}\"},\"query-input\":{\"@type\":\"PropertyValueSpecification\",\"valueRequired\":true,\"valueName\":\"search_term_string\"}}],\"inLanguage\":\"en-US\"},{\"@type\":\"Organization\",\"@id\":\"https:\/\/stagezone.hu\/en\/#organization\",\"name\":\"StageZone\",\"url\":\"https:\/\/stagezone.hu\/en\/\",\"logo\":{\"@type\":\"ImageObject\",\"inLanguage\":\"en-US\",\"@id\":\"https:\/\/stagezone.hu\/en\/#\/schema\/logo\/image\/\",\"url\":\"https:\/\/stagezone.hu\/wp-content\/uploads\/2026\/01\/Adam-Hall_1000x1000-1-1.png\",\"contentUrl\":\"https:\/\/stagezone.hu\/wp-content\/uploads\/2026\/01\/Adam-Hall_1000x1000-1-1.png\",\"width\":1000,\"height\":1000,\"caption\":\"StageZone\"},\"image\":{\"@id\":\"https:\/\/stagezone.hu\/en\/#\/schema\/logo\/image\/\"},\"sameAs\":[\"https:\/\/www.facebook.com\/stagezonehungary\/\",\"https:\/\/www.instagram.com\/stagezonehungary\/\"]}]}<\/script>\n<!-- \/ Yoast SEO Premium plugin. -->","yoast_head_json":{"title":"Adam Hall TRA 36 Truss Adapter","description":"The TRA 36 traverse adapter allows truss systems to be set up using various stands.","robots":{"index":"index","follow":"follow","max-snippet":"max-snippet:-1","max-image-preview":"max-image-preview:large","max-video-preview":"max-video-preview:-1"},"canonical":"The TRA 36 traverse adapter allows truss systems to be set up using various stands.","og_locale":"en_US","og_type":"article","og_title":"Adam Hall TRA 36 Truss Adapter","og_description":"The TRA 36 traverse adapter allows truss systems to be set up using various stands.","og_url":"https:\/\/stagezone.hu\/en\/product\/adam-hall-tra-36-truss-adapter\/","og_site_name":"StageZone","article_publisher":"https:\/\/www.facebook.com\/stagezonehungary\/","article_modified_time":"2026-05-05T19:51:35+00:00","og_image":[{"width":1000,"height":1000,"url":"https:\/\/stagezone.hu\/wp-content\/uploads\/2025\/03\/STRA36_1.jpg","type":"image\/jpeg"}],"twitter_card":"summary_large_image","twitter_misc":{"Est. reading time":"1 minute"},"schema":{"@context":"https:\/\/schema.org","@graph":[{"@type":"WebPage","@id":"https:\/\/stagezone.hu\/en\/product\/adam-hall-tra-36-truss-adapter\/","url":"https:\/\/stagezone.hu\/en\/product\/adam-hall-tra-36-truss-adapter\/","name":"TRA 36 - StageZone","isPartOf":{"@id":"https:\/\/stagezone.hu\/#website"},"primaryImageOfPage":{"@id":"https:\/\/stagezone.hu\/en\/product\/adam-hall-tra-36-truss-adapter\/#primaryimage"},"image":{"@id":"https:\/\/stagezone.hu\/en\/product\/adam-hall-tra-36-truss-adapter\/#primaryimage"},"thumbnailUrl":"https:\/\/stagezone.hu\/wp-content\/uploads\/2025\/03\/STRA36_1.jpg","datePublished":"2025-03-25T12:54:51+00:00","dateModified":"2026-05-05T19:51:35+00:00","description":"A TRA 36 Adam Hall traverzadapter lehet\u0151v\u00e9 teszi, hogy a trussrendszereket k\u00fcl\u00f6nb\u00f6z\u0151 \u00e1llv\u00e1nyok seg\u00edts\u00e9g\u00e9vel is fel\u00e1ll\u00edthassuk.","breadcrumb":{"@id":"https:\/\/stagezone.hu\/en\/product\/adam-hall-tra-36-truss-adapter\/#breadcrumb"},"inLanguage":"en-US","potentialAction":[{"@type":"ReadAction","target":["https:\/\/stagezone.hu\/en\/product\/adam-hall-tra-36-truss-adapter\/"]}]},{"@type":"ImageObject","inLanguage":"en-US","@id":"https:\/\/stagezone.hu\/en\/product\/adam-hall-tra-36-truss-adapter\/#primaryimage","url":"https:\/\/stagezone.hu\/wp-content\/uploads\/2025\/03\/STRA36_1.jpg","contentUrl":"https:\/\/stagezone.hu\/wp-content\/uploads\/2025\/03\/STRA36_1.jpg","width":1000,"height":1000},{"@type":"BreadcrumbList","@id":"https:\/\/stagezone.hu\/en\/product\/adam-hall-tra-36-truss-adapter\/#breadcrumb","itemListElement":[{"@type":"ListItem","position":1,"name":"Kezd\u0151lap","item":"https:\/\/stagezone.hu\/"},{"@type":"ListItem","position":2,"name":"\u00dczlet","item":"https:\/\/stagezone.hu\/uzlet\/"},{"@type":"ListItem","position":3,"name":"Adam Hall TRA 36 Truss Adapter"}]},{"@type":"WebSite","@id":"https:\/\/stagezone.hu\/en\/#website","url":"https:\/\/stagezone.hu\/en\/","name":"StageZone - Ragyogj a Stagezone min\u0151s\u00e9gi f\u00e9nytechnik\u00e1j\u00e1val.","description":"StageZone","publisher":{"@id":"https:\/\/stagezone.hu\/en\/#organization"},"potentialAction":[{"@type":"SearchAction","target":{"@type":"EntryPoint","urlTemplate":"https:\/\/stagezone.hu\/en\/?s={search_term_string}"},"query-input":{"@type":"PropertyValueSpecification","valueRequired":true,"valueName":"search_term_string"}}],"inLanguage":"en-US"},{"@type":"Organization","@id":"https:\/\/stagezone.hu\/en\/#organization","name":"StageZone","url":"https:\/\/stagezone.hu\/en\/","logo":{"@type":"ImageObject","inLanguage":"en-US","@id":"https:\/\/stagezone.hu\/en\/#\/schema\/logo\/image\/","url":"https:\/\/stagezone.hu\/wp-content\/uploads\/2026\/01\/Adam-Hall_1000x1000-1-1.png","contentUrl":"https:\/\/stagezone.hu\/wp-content\/uploads\/2026\/01\/Adam-Hall_1000x1000-1-1.png","width":1000,"height":1000,"caption":"StageZone"},"image":{"@id":"https:\/\/stagezone.hu\/en\/#\/schema\/logo\/image\/"},"sameAs":["https:\/\/www.facebook.com\/stagezonehungary\/","https:\/\/www.instagram.com\/stagezonehungary\/"]}]}},"_links":{"self":[{"href":"https:\/\/stagezone.hu\/en\/wp-json\/wp\/v2\/product\/6339","targetHints":{"allow":["GET"]}}],"collection":[{"href":"https:\/\/stagezone.hu\/en\/wp-json\/wp\/v2\/product"}],"about":[{"href":"https:\/\/stagezone.hu\/en\/wp-json\/wp\/v2\/types\/product"}],"replies":[{"embeddable":true,"href":"https:\/\/stagezone.hu\/en\/wp-json\/wp\/v2\/comments?post=6339"}],"version-history":[{"count":1,"href":"https:\/\/stagezone.hu\/en\/wp-json\/wp\/v2\/product\/6339\/revisions"}],"predecessor-version":[{"id":6345,"href":"https:\/\/stagezone.hu\/en\/wp-json\/wp\/v2\/product\/6339\/revisions\/6345"}],"wp:featuredmedia":[{"embeddable":true,"href":"https:\/\/stagezone.hu\/en\/wp-json\/wp\/v2\/media\/6340"}],"wp:attachment":[{"href":"https:\/\/stagezone.hu\/en\/wp-json\/wp\/v2\/media?parent=6339"}],"wp:term":[{"taxonomy":"product_brand","embeddable":true,"href":"https:\/\/stagezone.hu\/en\/wp-json\/wp\/v2\/product_brand?post=6339"},{"taxonomy":"product_cat","embeddable":true,"href":"https:\/\/stagezone.hu\/en\/wp-json\/wp\/v2\/product_cat?post=6339"},{"taxonomy":"product_tag","embeddable":true,"href":"https:\/\/stagezone.hu\/en\/wp-json\/wp\/v2\/product_tag?post=6339"}],"curies":[{"name":"wp","href":"https:\/\/api.w.org\/{rel}","templated":true}]}}