{"id":6330,"date":"2025-03-25T13:40:32","date_gmt":"2025-03-25T12:40:32","guid":{"rendered":"https:\/\/stagezone.hu\/?post_type=product&#038;p=6330"},"modified":"2026-05-04T19:55:37","modified_gmt":"2026-05-04T18:55:37","slug":"ls-super-tb-01","status":"publish","type":"product","link":"https:\/\/stagezone.hu\/en\/product\/gravity-ls-super-tb-01-extendable-t-bar-mount\/","title":{"rendered":"Gravity LS SUPER TB 01 - Extendable T-Bar Mount"},"content":{"rendered":"<p>&nbsp;<\/p>\n<p><img fetchpriority=\"high\" decoding=\"async\" class=\"size-medium wp-image-6337 alignright\" src=\"https:\/\/stagezone.hu\/wp-content\/uploads\/2025\/03\/GLSSUPERTB01_15-500x500.jpg\" alt=\"\" width=\"500\" height=\"500\" srcset=\"https:\/\/stagezone.hu\/wp-content\/uploads\/2025\/03\/GLSSUPERTB01_15-500x500.jpg 500w, https:\/\/stagezone.hu\/wp-content\/uploads\/2025\/03\/GLSSUPERTB01_15-400x400.jpg 400w, https:\/\/stagezone.hu\/wp-content\/uploads\/2025\/03\/GLSSUPERTB01_15-300x300.jpg 300w, https:\/\/stagezone.hu\/wp-content\/uploads\/2025\/03\/GLSSUPERTB01_15-150x150.jpg 150w, https:\/\/stagezone.hu\/wp-content\/uploads\/2025\/03\/GLSSUPERTB01_15-75x75.jpg 75w, https:\/\/stagezone.hu\/wp-content\/uploads\/2025\/03\/GLSSUPERTB01_15-480x480.jpg 480w\" sizes=\"(max-width:767px) 500px, 500px\" \/>A mobile application&#8217;s main component is the &#8220;T&#8221; stand, which allows for the placement of numerous lights. Standard dimensions can exceed one meter, which can be a hindrance in certain situations due to lack of space. The Gravity LS SUPER TB 01 offers a solution. With its elegant design and adjustable width between 390-570 mm, it fits into any environment. Its flexible design allows lights to be mounted vertically on the bar or to hang from it.<\/p>\n<p>Its durability is not compromised: the maximum symmetrical load capacity is 20 kg per side. The distance between pegs is adjustable between 330-515 mm. If you need one or two additional points, extra peg inserts can be fitted into the additional mounting holes.<\/p>\n<p>The built-in Allen key is a small extra feature that makes this component even more user-friendly.<\/p>\n","protected":false},"excerpt":{"rendered":"<p>The LS SUPER TB 01 is suitable for multi-position mounting of lighting equipment. Its compact size ensures it takes up minimal space in your setup.<\/p>\n","protected":false},"featured_media":6331,"comment_status":"open","ping_status":"closed","template":"","meta":[],"product_brand":[],"product_cat":[326,363],"product_tag":[367,365,374],"class_list":{"0":"post-6330","1":"product","2":"type-product","3":"status-publish","4":"has-post-thumbnail","6":"product_cat-fenyallvany","7":"product_cat-hardver","8":"product_tag-allvany","9":"product_tag-gravity","10":"product_tag-t-elem","12":"first","13":"contact_us","14":"taxable","15":"shipping-taxable","16":"purchasable","17":"product-type-simple"},"yoast_head":"<!-- This site is optimized with the Yoast SEO Premium plugin v27.2 (Yoast SEO v27.2) - https:\/\/yoast.com\/product\/yoast-seo-premium-wordpress\/ -->\n<title>Gravity LS SUPER TB 01 - Extendable T-Bar Mount<\/title>\n<meta name=\"description\" content=\"The LS SUPER TB 01 is suitable for multi-position mounting of lighting equipment. Its compact size ensures it takes up minimal space in your setup.\" \/>\n<meta name=\"robots\" content=\"index, follow, max-snippet:-1, max-image-preview:large, max-video-preview:-1\" \/>\n<link rel=\"canonical\" href=\"http:\/\/The%20LS%20SUPER%20TB%2001%20is%20suitable%20for%20multi-position%20mounting%20of%20lighting%20equipment.%20Its%20compact%20size%20ensures%20it%20takes%20up%20minimal%20space%20in%20your%20setup.\" \/>\n<meta property=\"og:locale\" content=\"en_US\" \/>\n<meta property=\"og:type\" content=\"article\" \/>\n<meta property=\"og:title\" content=\"Gravity LS SUPER TB 01 - Extendable T-Bar Mount\" \/>\n<meta property=\"og:description\" content=\"The LS SUPER TB 01 is suitable for multi-position mounting of lighting equipment. Its compact size ensures it takes up minimal space in your setup.\" \/>\n<meta property=\"og:url\" content=\"https:\/\/stagezone.hu\/en\/product\/gravity-ls-super-tb-01-extendable-t-bar-mount\/\" \/>\n<meta property=\"og:site_name\" content=\"StageZone\" \/>\n<meta property=\"article:publisher\" content=\"https:\/\/www.facebook.com\/stagezonehungary\/\" \/>\n<meta property=\"article:modified_time\" content=\"2026-05-04T18:55:37+00:00\" \/>\n<meta property=\"og:image\" content=\"https:\/\/stagezone.hu\/wp-content\/uploads\/2025\/03\/GLSSUPERTB01_1.jpg\" \/>\n\t<meta property=\"og:image:width\" content=\"2000\" \/>\n\t<meta property=\"og:image:height\" content=\"2000\" \/>\n\t<meta property=\"og:image:type\" content=\"image\/jpeg\" \/>\n<meta name=\"twitter:card\" content=\"summary_large_image\" \/>\n<meta name=\"twitter:label1\" content=\"Est. reading time\" \/>\n\t<meta name=\"twitter:data1\" content=\"2 minutes\" \/>\n<script type=\"application\/ld+json\" class=\"yoast-schema-graph\">{\"@context\":\"https:\/\/schema.org\",\"@graph\":[{\"@type\":\"WebPage\",\"@id\":\"https:\/\/stagezone.hu\/en\/product\/gravity-ls-super-tb-01-extendable-t-bar-mount\/\",\"url\":\"https:\/\/stagezone.hu\/en\/product\/gravity-ls-super-tb-01-extendable-t-bar-mount\/\",\"name\":\"LS SUPER TB 01 - StageZone\",\"isPartOf\":{\"@id\":\"https:\/\/stagezone.hu\/#website\"},\"primaryImageOfPage\":{\"@id\":\"https:\/\/stagezone.hu\/en\/product\/gravity-ls-super-tb-01-extendable-t-bar-mount\/#primaryimage\"},\"image\":{\"@id\":\"https:\/\/stagezone.hu\/en\/product\/gravity-ls-super-tb-01-extendable-t-bar-mount\/#primaryimage\"},\"thumbnailUrl\":\"https:\/\/stagezone.hu\/wp-content\/uploads\/2025\/03\/GLSSUPERTB01_1.jpg\",\"datePublished\":\"2025-03-25T12:40:32+00:00\",\"dateModified\":\"2026-05-04T18:55:37+00:00\",\"description\":\"Az LS SUPER TB 01 megfelel\u0151 v\u00e1laszt\u00e1s f\u00e9nytechnikai eszk\u00f6z\u00f6k t\u00f6bb \u00e1ll\u00e1s\u00fa elhelyez\u00e9s\u00e9re. Kis m\u00e9ret\u00e9nek k\u00f6sz\u00f6nhet\u0151en nem foglal nagy helyet az install\u00e1ci\u00f3ban.\",\"breadcrumb\":{\"@id\":\"https:\/\/stagezone.hu\/en\/product\/gravity-ls-super-tb-01-extendable-t-bar-mount\/#breadcrumb\"},\"inLanguage\":\"en-US\",\"potentialAction\":[{\"@type\":\"ReadAction\",\"target\":[\"https:\/\/stagezone.hu\/en\/product\/gravity-ls-super-tb-01-extendable-t-bar-mount\/\"]}]},{\"@type\":\"ImageObject\",\"inLanguage\":\"en-US\",\"@id\":\"https:\/\/stagezone.hu\/en\/product\/gravity-ls-super-tb-01-extendable-t-bar-mount\/#primaryimage\",\"url\":\"https:\/\/stagezone.hu\/wp-content\/uploads\/2025\/03\/GLSSUPERTB01_1.jpg\",\"contentUrl\":\"https:\/\/stagezone.hu\/wp-content\/uploads\/2025\/03\/GLSSUPERTB01_1.jpg\",\"width\":2000,\"height\":2000},{\"@type\":\"BreadcrumbList\",\"@id\":\"https:\/\/stagezone.hu\/en\/product\/gravity-ls-super-tb-01-extendable-t-bar-mount\/#breadcrumb\",\"itemListElement\":[{\"@type\":\"ListItem\",\"position\":1,\"name\":\"Kezd\u0151lap\",\"item\":\"https:\/\/stagezone.hu\/\"},{\"@type\":\"ListItem\",\"position\":2,\"name\":\"\u00dczlet\",\"item\":\"https:\/\/stagezone.hu\/uzlet\/\"},{\"@type\":\"ListItem\",\"position\":3,\"name\":\"Gravity LS SUPER TB 01 - Extendable T-Bar Mount\"}]},{\"@type\":\"WebSite\",\"@id\":\"https:\/\/stagezone.hu\/en\/#website\",\"url\":\"https:\/\/stagezone.hu\/en\/\",\"name\":\"StageZone - Ragyogj a Stagezone min\u0151s\u00e9gi f\u00e9nytechnik\u00e1j\u00e1val.\",\"description\":\"StageZone\",\"publisher\":{\"@id\":\"https:\/\/stagezone.hu\/en\/#organization\"},\"potentialAction\":[{\"@type\":\"SearchAction\",\"target\":{\"@type\":\"EntryPoint\",\"urlTemplate\":\"https:\/\/stagezone.hu\/en\/?s={search_term_string}\"},\"query-input\":{\"@type\":\"PropertyValueSpecification\",\"valueRequired\":true,\"valueName\":\"search_term_string\"}}],\"inLanguage\":\"en-US\"},{\"@type\":\"Organization\",\"@id\":\"https:\/\/stagezone.hu\/en\/#organization\",\"name\":\"StageZone\",\"url\":\"https:\/\/stagezone.hu\/en\/\",\"logo\":{\"@type\":\"ImageObject\",\"inLanguage\":\"en-US\",\"@id\":\"https:\/\/stagezone.hu\/en\/#\/schema\/logo\/image\/\",\"url\":\"https:\/\/stagezone.hu\/wp-content\/uploads\/2026\/01\/Adam-Hall_1000x1000-1-1.png\",\"contentUrl\":\"https:\/\/stagezone.hu\/wp-content\/uploads\/2026\/01\/Adam-Hall_1000x1000-1-1.png\",\"width\":1000,\"height\":1000,\"caption\":\"StageZone\"},\"image\":{\"@id\":\"https:\/\/stagezone.hu\/en\/#\/schema\/logo\/image\/\"},\"sameAs\":[\"https:\/\/www.facebook.com\/stagezonehungary\/\",\"https:\/\/www.instagram.com\/stagezonehungary\/\"]}]}<\/script>\n<!-- \/ Yoast SEO Premium plugin. -->","yoast_head_json":{"title":"Gravity LS SUPER TB 01 - Extendable T-Bar Mount","description":"The LS SUPER TB 01 is suitable for multi-position mounting of lighting equipment. Its compact size ensures it takes up minimal space in your setup.","robots":{"index":"index","follow":"follow","max-snippet":"max-snippet:-1","max-image-preview":"max-image-preview:large","max-video-preview":"max-video-preview:-1"},"canonical":"The LS SUPER TB 01 is suitable for multi-position mounting of lighting equipment. Its compact size ensures it takes up minimal space in your setup.","og_locale":"en_US","og_type":"article","og_title":"Gravity LS SUPER TB 01 - Extendable T-Bar Mount","og_description":"The LS SUPER TB 01 is suitable for multi-position mounting of lighting equipment. Its compact size ensures it takes up minimal space in your setup.","og_url":"https:\/\/stagezone.hu\/en\/product\/gravity-ls-super-tb-01-extendable-t-bar-mount\/","og_site_name":"StageZone","article_publisher":"https:\/\/www.facebook.com\/stagezonehungary\/","article_modified_time":"2026-05-04T18:55:37+00:00","og_image":[{"width":2000,"height":2000,"url":"https:\/\/stagezone.hu\/wp-content\/uploads\/2025\/03\/GLSSUPERTB01_1.jpg","type":"image\/jpeg"}],"twitter_card":"summary_large_image","twitter_misc":{"Est. reading time":"2 minutes"},"schema":{"@context":"https:\/\/schema.org","@graph":[{"@type":"WebPage","@id":"https:\/\/stagezone.hu\/en\/product\/gravity-ls-super-tb-01-extendable-t-bar-mount\/","url":"https:\/\/stagezone.hu\/en\/product\/gravity-ls-super-tb-01-extendable-t-bar-mount\/","name":"LS SUPER TB 01 - StageZone","isPartOf":{"@id":"https:\/\/stagezone.hu\/#website"},"primaryImageOfPage":{"@id":"https:\/\/stagezone.hu\/en\/product\/gravity-ls-super-tb-01-extendable-t-bar-mount\/#primaryimage"},"image":{"@id":"https:\/\/stagezone.hu\/en\/product\/gravity-ls-super-tb-01-extendable-t-bar-mount\/#primaryimage"},"thumbnailUrl":"https:\/\/stagezone.hu\/wp-content\/uploads\/2025\/03\/GLSSUPERTB01_1.jpg","datePublished":"2025-03-25T12:40:32+00:00","dateModified":"2026-05-04T18:55:37+00:00","description":"Az LS SUPER TB 01 megfelel\u0151 v\u00e1laszt\u00e1s f\u00e9nytechnikai eszk\u00f6z\u00f6k t\u00f6bb \u00e1ll\u00e1s\u00fa elhelyez\u00e9s\u00e9re. Kis m\u00e9ret\u00e9nek k\u00f6sz\u00f6nhet\u0151en nem foglal nagy helyet az install\u00e1ci\u00f3ban.","breadcrumb":{"@id":"https:\/\/stagezone.hu\/en\/product\/gravity-ls-super-tb-01-extendable-t-bar-mount\/#breadcrumb"},"inLanguage":"en-US","potentialAction":[{"@type":"ReadAction","target":["https:\/\/stagezone.hu\/en\/product\/gravity-ls-super-tb-01-extendable-t-bar-mount\/"]}]},{"@type":"ImageObject","inLanguage":"en-US","@id":"https:\/\/stagezone.hu\/en\/product\/gravity-ls-super-tb-01-extendable-t-bar-mount\/#primaryimage","url":"https:\/\/stagezone.hu\/wp-content\/uploads\/2025\/03\/GLSSUPERTB01_1.jpg","contentUrl":"https:\/\/stagezone.hu\/wp-content\/uploads\/2025\/03\/GLSSUPERTB01_1.jpg","width":2000,"height":2000},{"@type":"BreadcrumbList","@id":"https:\/\/stagezone.hu\/en\/product\/gravity-ls-super-tb-01-extendable-t-bar-mount\/#breadcrumb","itemListElement":[{"@type":"ListItem","position":1,"name":"Kezd\u0151lap","item":"https:\/\/stagezone.hu\/"},{"@type":"ListItem","position":2,"name":"\u00dczlet","item":"https:\/\/stagezone.hu\/uzlet\/"},{"@type":"ListItem","position":3,"name":"Gravity LS SUPER TB 01 - Extendable T-Bar Mount"}]},{"@type":"WebSite","@id":"https:\/\/stagezone.hu\/en\/#website","url":"https:\/\/stagezone.hu\/en\/","name":"StageZone - Ragyogj a Stagezone min\u0151s\u00e9gi f\u00e9nytechnik\u00e1j\u00e1val.","description":"StageZone","publisher":{"@id":"https:\/\/stagezone.hu\/en\/#organization"},"potentialAction":[{"@type":"SearchAction","target":{"@type":"EntryPoint","urlTemplate":"https:\/\/stagezone.hu\/en\/?s={search_term_string}"},"query-input":{"@type":"PropertyValueSpecification","valueRequired":true,"valueName":"search_term_string"}}],"inLanguage":"en-US"},{"@type":"Organization","@id":"https:\/\/stagezone.hu\/en\/#organization","name":"StageZone","url":"https:\/\/stagezone.hu\/en\/","logo":{"@type":"ImageObject","inLanguage":"en-US","@id":"https:\/\/stagezone.hu\/en\/#\/schema\/logo\/image\/","url":"https:\/\/stagezone.hu\/wp-content\/uploads\/2026\/01\/Adam-Hall_1000x1000-1-1.png","contentUrl":"https:\/\/stagezone.hu\/wp-content\/uploads\/2026\/01\/Adam-Hall_1000x1000-1-1.png","width":1000,"height":1000,"caption":"StageZone"},"image":{"@id":"https:\/\/stagezone.hu\/en\/#\/schema\/logo\/image\/"},"sameAs":["https:\/\/www.facebook.com\/stagezonehungary\/","https:\/\/www.instagram.com\/stagezonehungary\/"]}]}},"_links":{"self":[{"href":"https:\/\/stagezone.hu\/en\/wp-json\/wp\/v2\/product\/6330","targetHints":{"allow":["GET"]}}],"collection":[{"href":"https:\/\/stagezone.hu\/en\/wp-json\/wp\/v2\/product"}],"about":[{"href":"https:\/\/stagezone.hu\/en\/wp-json\/wp\/v2\/types\/product"}],"replies":[{"embeddable":true,"href":"https:\/\/stagezone.hu\/en\/wp-json\/wp\/v2\/comments?post=6330"}],"version-history":[{"count":1,"href":"https:\/\/stagezone.hu\/en\/wp-json\/wp\/v2\/product\/6330\/revisions"}],"predecessor-version":[{"id":6338,"href":"https:\/\/stagezone.hu\/en\/wp-json\/wp\/v2\/product\/6330\/revisions\/6338"}],"wp:featuredmedia":[{"embeddable":true,"href":"https:\/\/stagezone.hu\/en\/wp-json\/wp\/v2\/media\/6331"}],"wp:attachment":[{"href":"https:\/\/stagezone.hu\/en\/wp-json\/wp\/v2\/media?parent=6330"}],"wp:term":[{"taxonomy":"product_brand","embeddable":true,"href":"https:\/\/stagezone.hu\/en\/wp-json\/wp\/v2\/product_brand?post=6330"},{"taxonomy":"product_cat","embeddable":true,"href":"https:\/\/stagezone.hu\/en\/wp-json\/wp\/v2\/product_cat?post=6330"},{"taxonomy":"product_tag","embeddable":true,"href":"https:\/\/stagezone.hu\/en\/wp-json\/wp\/v2\/product_tag?post=6330"}],"curies":[{"name":"wp","href":"https:\/\/api.w.org\/{rel}","templated":true}]}}