{"id":6279,"date":"2025-02-27T17:30:47","date_gmt":"2025-02-27T16:30:47","guid":{"rendered":"https:\/\/stagezone.hu\/?post_type=product&#038;p=6279"},"modified":"2026-05-04T19:55:41","modified_gmt":"2026-05-04T18:55:41","slug":"projektor-rogzito-allvany","status":"publish","type":"product","link":"https:\/\/stagezone.hu\/en\/product\/riggatec-universal-projector-mount\/","title":{"rendered":"Riggatec Universal Projector Mount"},"content":{"rendered":"<p>&nbsp;<\/p>\n<p>The Riggatec universal projector mount solves many installation problems. The structure, equipped with a clamp with a diameter of 48-51 mm, allows the suspension of projectors from any manufacturer, primarily on truss structures. The device is adjustable 360\u00b0 and tiltable.<\/p>\n<p><strong>Color:<\/strong> black<\/p>\n<p><strong>Max. load capacity:<\/strong> 13.5 kg<\/p>\n<p><strong>The projector is not part of the product packaging!<\/strong><\/p>\n","protected":false},"excerpt":{"rendered":"<p>A universal projector mount for any brand of projector. Its design allows it to be installed in various locations, and it is rotatable and tiltable.<\/p>\n","protected":false},"featured_media":6280,"comment_status":"open","ping_status":"closed","template":"","meta":[],"product_brand":[],"product_cat":[335,363],"product_tag":[367,420,441],"class_list":{"0":"post-6279","1":"product","2":"type-product","3":"status-publish","4":"has-post-thumbnail","6":"product_cat-egyeb-allvanyok","7":"product_cat-hardver","8":"product_tag-allvany","9":"product_tag-bilincs","10":"product_tag-projektor","12":"first","13":"low_stock","14":"taxable","15":"shipping-taxable","16":"purchasable","17":"product-type-simple"},"yoast_head":"<!-- This site is optimized with the Yoast SEO Premium plugin v27.2 (Yoast SEO v27.2) - https:\/\/yoast.com\/product\/yoast-seo-premium-wordpress\/ -->\n<title>Riggatec Universal Projector Mount<\/title>\n<meta name=\"description\" content=\"A universal projector mount for any brand of projector. Its design allows it to be installed in various locations, and it is rotatable and tiltable.\" \/>\n<meta name=\"robots\" content=\"index, follow, max-snippet:-1, max-image-preview:large, max-video-preview:-1\" \/>\n<link rel=\"canonical\" href=\"http:\/\/A%20universal%20projector%20mount%20for%20any%20brand%20of%20projector.%20Its%20design%20allows%20it%20to%20be%20installed%20in%20various%20locations,%20and%20it%20is%20rotatable%20and%20tiltable.\" \/>\n<meta property=\"og:locale\" content=\"en_US\" \/>\n<meta property=\"og:type\" content=\"article\" \/>\n<meta property=\"og:title\" content=\"Riggatec Universal Projector Mount\" \/>\n<meta property=\"og:description\" content=\"A universal projector mount for any brand of projector. Its design allows it to be installed in various locations, and it is rotatable and tiltable.\" \/>\n<meta property=\"og:url\" content=\"https:\/\/stagezone.hu\/en\/product\/riggatec-universal-projector-mount\/\" \/>\n<meta property=\"og:site_name\" content=\"StageZone\" \/>\n<meta property=\"article:publisher\" content=\"https:\/\/www.facebook.com\/stagezonehungary\/\" \/>\n<meta property=\"article:modified_time\" content=\"2026-05-04T18:55:41+00:00\" \/>\n<meta property=\"og:image\" content=\"https:\/\/stagezone.hu\/wp-content\/uploads\/2025\/02\/RIG608154645_1.jpg\" \/>\n\t<meta property=\"og:image:width\" content=\"776\" \/>\n\t<meta property=\"og:image:height\" content=\"825\" \/>\n\t<meta property=\"og:image:type\" content=\"image\/jpeg\" \/>\n<meta name=\"twitter:card\" content=\"summary_large_image\" \/>\n<meta name=\"twitter:label1\" content=\"Est. reading time\" \/>\n\t<meta name=\"twitter:data1\" content=\"1 minute\" \/>\n<script type=\"application\/ld+json\" class=\"yoast-schema-graph\">{\"@context\":\"https:\/\/schema.org\",\"@graph\":[{\"@type\":\"WebPage\",\"@id\":\"https:\/\/stagezone.hu\/en\/product\/riggatec-universal-projector-mount\/\",\"url\":\"https:\/\/stagezone.hu\/en\/product\/riggatec-universal-projector-mount\/\",\"name\":\"Projektor r\u00f6gz\u00edt\u0151 \u00e1llv\u00e1ny - StageZone\",\"isPartOf\":{\"@id\":\"https:\/\/stagezone.hu\/#website\"},\"primaryImageOfPage\":{\"@id\":\"https:\/\/stagezone.hu\/en\/product\/riggatec-universal-projector-mount\/#primaryimage\"},\"image\":{\"@id\":\"https:\/\/stagezone.hu\/en\/product\/riggatec-universal-projector-mount\/#primaryimage\"},\"thumbnailUrl\":\"https:\/\/stagezone.hu\/wp-content\/uploads\/2025\/02\/RIG608154645_1.jpg\",\"datePublished\":\"2025-02-27T16:30:47+00:00\",\"dateModified\":\"2026-05-04T18:55:41+00:00\",\"description\":\"Projektor r\u00f6gz\u00edt\u0151 \u00e1llv\u00e1ny b\u00e1rmilyen m\u00e1rk\u00e1j\u00fa projektorhoz. Kialak\u00edt\u00e1s\u00e1nak k\u00f6sz\u00f6nhet\u0151en sz\u00e1mos helyre felszerelhet\u0151, forgathat\u00f3 \u00e9s d\u00f6nthet\u0151.\",\"breadcrumb\":{\"@id\":\"https:\/\/stagezone.hu\/en\/product\/riggatec-universal-projector-mount\/#breadcrumb\"},\"inLanguage\":\"en-US\",\"potentialAction\":[{\"@type\":\"ReadAction\",\"target\":[\"https:\/\/stagezone.hu\/en\/product\/riggatec-universal-projector-mount\/\"]}]},{\"@type\":\"ImageObject\",\"inLanguage\":\"en-US\",\"@id\":\"https:\/\/stagezone.hu\/en\/product\/riggatec-universal-projector-mount\/#primaryimage\",\"url\":\"https:\/\/stagezone.hu\/wp-content\/uploads\/2025\/02\/RIG608154645_1.jpg\",\"contentUrl\":\"https:\/\/stagezone.hu\/wp-content\/uploads\/2025\/02\/RIG608154645_1.jpg\",\"width\":776,\"height\":825},{\"@type\":\"BreadcrumbList\",\"@id\":\"https:\/\/stagezone.hu\/en\/product\/riggatec-universal-projector-mount\/#breadcrumb\",\"itemListElement\":[{\"@type\":\"ListItem\",\"position\":1,\"name\":\"Kezd\u0151lap\",\"item\":\"https:\/\/stagezone.hu\/\"},{\"@type\":\"ListItem\",\"position\":2,\"name\":\"\u00dczlet\",\"item\":\"https:\/\/stagezone.hu\/uzlet\/\"},{\"@type\":\"ListItem\",\"position\":3,\"name\":\"Riggatec Universal Projector Mount\"}]},{\"@type\":\"WebSite\",\"@id\":\"https:\/\/stagezone.hu\/en\/#website\",\"url\":\"https:\/\/stagezone.hu\/en\/\",\"name\":\"StageZone - Ragyogj a Stagezone min\u0151s\u00e9gi f\u00e9nytechnik\u00e1j\u00e1val.\",\"description\":\"StageZone\",\"publisher\":{\"@id\":\"https:\/\/stagezone.hu\/en\/#organization\"},\"potentialAction\":[{\"@type\":\"SearchAction\",\"target\":{\"@type\":\"EntryPoint\",\"urlTemplate\":\"https:\/\/stagezone.hu\/en\/?s={search_term_string}\"},\"query-input\":{\"@type\":\"PropertyValueSpecification\",\"valueRequired\":true,\"valueName\":\"search_term_string\"}}],\"inLanguage\":\"en-US\"},{\"@type\":\"Organization\",\"@id\":\"https:\/\/stagezone.hu\/en\/#organization\",\"name\":\"StageZone\",\"url\":\"https:\/\/stagezone.hu\/en\/\",\"logo\":{\"@type\":\"ImageObject\",\"inLanguage\":\"en-US\",\"@id\":\"https:\/\/stagezone.hu\/en\/#\/schema\/logo\/image\/\",\"url\":\"https:\/\/stagezone.hu\/wp-content\/uploads\/2026\/01\/Adam-Hall_1000x1000-1-1.png\",\"contentUrl\":\"https:\/\/stagezone.hu\/wp-content\/uploads\/2026\/01\/Adam-Hall_1000x1000-1-1.png\",\"width\":1000,\"height\":1000,\"caption\":\"StageZone\"},\"image\":{\"@id\":\"https:\/\/stagezone.hu\/en\/#\/schema\/logo\/image\/\"},\"sameAs\":[\"https:\/\/www.facebook.com\/stagezonehungary\/\",\"https:\/\/www.instagram.com\/stagezonehungary\/\"]}]}<\/script>\n<!-- \/ Yoast SEO Premium plugin. -->","yoast_head_json":{"title":"Riggatec Universal Projector Mount","description":"A universal projector mount for any brand of projector. Its design allows it to be installed in various locations, and it is rotatable and tiltable.","robots":{"index":"index","follow":"follow","max-snippet":"max-snippet:-1","max-image-preview":"max-image-preview:large","max-video-preview":"max-video-preview:-1"},"canonical":"A universal projector mount for any brand of projector. Its design allows it to be installed in various locations, and it is rotatable and tiltable.","og_locale":"en_US","og_type":"article","og_title":"Riggatec Universal Projector Mount","og_description":"A universal projector mount for any brand of projector. Its design allows it to be installed in various locations, and it is rotatable and tiltable.","og_url":"https:\/\/stagezone.hu\/en\/product\/riggatec-universal-projector-mount\/","og_site_name":"StageZone","article_publisher":"https:\/\/www.facebook.com\/stagezonehungary\/","article_modified_time":"2026-05-04T18:55:41+00:00","og_image":[{"width":776,"height":825,"url":"https:\/\/stagezone.hu\/wp-content\/uploads\/2025\/02\/RIG608154645_1.jpg","type":"image\/jpeg"}],"twitter_card":"summary_large_image","twitter_misc":{"Est. reading time":"1 minute"},"schema":{"@context":"https:\/\/schema.org","@graph":[{"@type":"WebPage","@id":"https:\/\/stagezone.hu\/en\/product\/riggatec-universal-projector-mount\/","url":"https:\/\/stagezone.hu\/en\/product\/riggatec-universal-projector-mount\/","name":"Projektor r\u00f6gz\u00edt\u0151 \u00e1llv\u00e1ny - StageZone","isPartOf":{"@id":"https:\/\/stagezone.hu\/#website"},"primaryImageOfPage":{"@id":"https:\/\/stagezone.hu\/en\/product\/riggatec-universal-projector-mount\/#primaryimage"},"image":{"@id":"https:\/\/stagezone.hu\/en\/product\/riggatec-universal-projector-mount\/#primaryimage"},"thumbnailUrl":"https:\/\/stagezone.hu\/wp-content\/uploads\/2025\/02\/RIG608154645_1.jpg","datePublished":"2025-02-27T16:30:47+00:00","dateModified":"2026-05-04T18:55:41+00:00","description":"Projektor r\u00f6gz\u00edt\u0151 \u00e1llv\u00e1ny b\u00e1rmilyen m\u00e1rk\u00e1j\u00fa projektorhoz. Kialak\u00edt\u00e1s\u00e1nak k\u00f6sz\u00f6nhet\u0151en sz\u00e1mos helyre felszerelhet\u0151, forgathat\u00f3 \u00e9s d\u00f6nthet\u0151.","breadcrumb":{"@id":"https:\/\/stagezone.hu\/en\/product\/riggatec-universal-projector-mount\/#breadcrumb"},"inLanguage":"en-US","potentialAction":[{"@type":"ReadAction","target":["https:\/\/stagezone.hu\/en\/product\/riggatec-universal-projector-mount\/"]}]},{"@type":"ImageObject","inLanguage":"en-US","@id":"https:\/\/stagezone.hu\/en\/product\/riggatec-universal-projector-mount\/#primaryimage","url":"https:\/\/stagezone.hu\/wp-content\/uploads\/2025\/02\/RIG608154645_1.jpg","contentUrl":"https:\/\/stagezone.hu\/wp-content\/uploads\/2025\/02\/RIG608154645_1.jpg","width":776,"height":825},{"@type":"BreadcrumbList","@id":"https:\/\/stagezone.hu\/en\/product\/riggatec-universal-projector-mount\/#breadcrumb","itemListElement":[{"@type":"ListItem","position":1,"name":"Kezd\u0151lap","item":"https:\/\/stagezone.hu\/"},{"@type":"ListItem","position":2,"name":"\u00dczlet","item":"https:\/\/stagezone.hu\/uzlet\/"},{"@type":"ListItem","position":3,"name":"Riggatec Universal Projector Mount"}]},{"@type":"WebSite","@id":"https:\/\/stagezone.hu\/en\/#website","url":"https:\/\/stagezone.hu\/en\/","name":"StageZone - Ragyogj a Stagezone min\u0151s\u00e9gi f\u00e9nytechnik\u00e1j\u00e1val.","description":"StageZone","publisher":{"@id":"https:\/\/stagezone.hu\/en\/#organization"},"potentialAction":[{"@type":"SearchAction","target":{"@type":"EntryPoint","urlTemplate":"https:\/\/stagezone.hu\/en\/?s={search_term_string}"},"query-input":{"@type":"PropertyValueSpecification","valueRequired":true,"valueName":"search_term_string"}}],"inLanguage":"en-US"},{"@type":"Organization","@id":"https:\/\/stagezone.hu\/en\/#organization","name":"StageZone","url":"https:\/\/stagezone.hu\/en\/","logo":{"@type":"ImageObject","inLanguage":"en-US","@id":"https:\/\/stagezone.hu\/en\/#\/schema\/logo\/image\/","url":"https:\/\/stagezone.hu\/wp-content\/uploads\/2026\/01\/Adam-Hall_1000x1000-1-1.png","contentUrl":"https:\/\/stagezone.hu\/wp-content\/uploads\/2026\/01\/Adam-Hall_1000x1000-1-1.png","width":1000,"height":1000,"caption":"StageZone"},"image":{"@id":"https:\/\/stagezone.hu\/en\/#\/schema\/logo\/image\/"},"sameAs":["https:\/\/www.facebook.com\/stagezonehungary\/","https:\/\/www.instagram.com\/stagezonehungary\/"]}]}},"_links":{"self":[{"href":"https:\/\/stagezone.hu\/en\/wp-json\/wp\/v2\/product\/6279","targetHints":{"allow":["GET"]}}],"collection":[{"href":"https:\/\/stagezone.hu\/en\/wp-json\/wp\/v2\/product"}],"about":[{"href":"https:\/\/stagezone.hu\/en\/wp-json\/wp\/v2\/types\/product"}],"replies":[{"embeddable":true,"href":"https:\/\/stagezone.hu\/en\/wp-json\/wp\/v2\/comments?post=6279"}],"version-history":[{"count":2,"href":"https:\/\/stagezone.hu\/en\/wp-json\/wp\/v2\/product\/6279\/revisions"}],"predecessor-version":[{"id":6283,"href":"https:\/\/stagezone.hu\/en\/wp-json\/wp\/v2\/product\/6279\/revisions\/6283"}],"wp:featuredmedia":[{"embeddable":true,"href":"https:\/\/stagezone.hu\/en\/wp-json\/wp\/v2\/media\/6280"}],"wp:attachment":[{"href":"https:\/\/stagezone.hu\/en\/wp-json\/wp\/v2\/media?parent=6279"}],"wp:term":[{"taxonomy":"product_brand","embeddable":true,"href":"https:\/\/stagezone.hu\/en\/wp-json\/wp\/v2\/product_brand?post=6279"},{"taxonomy":"product_cat","embeddable":true,"href":"https:\/\/stagezone.hu\/en\/wp-json\/wp\/v2\/product_cat?post=6279"},{"taxonomy":"product_tag","embeddable":true,"href":"https:\/\/stagezone.hu\/en\/wp-json\/wp\/v2\/product_tag?post=6279"}],"curies":[{"name":"wp","href":"https:\/\/api.w.org\/{rel}","templated":true}]}}