{"id":6260,"date":"2025-02-19T17:45:38","date_gmt":"2025-02-19T16:45:38","guid":{"rendered":"https:\/\/stagezone.hu\/?post_type=product&#038;p=6260"},"modified":"2026-05-04T19:55:43","modified_gmt":"2026-05-04T18:55:43","slug":"kabelkotegelo-306-mm","status":"publish","type":"product","link":"https:\/\/stagezone.hu\/en\/product\/velcro-cable-tie-306-mm\/","title":{"rendered":"Velcro Cable Tie 306 mm"},"content":{"rendered":"<p>&nbsp;<\/p>\n<p>Velcro cable ties are essential accessories for proper organization. Thanks to its design, the tie can be threaded through itself, so it does not need to be removed from the cable.<\/p>\n<p>The package contains 10 pieces.<\/p>\n<p><strong>Length:<\/strong> 306 mm<\/p>\n<p><strong>Width:<\/strong> 14 mm<\/p>\n","protected":false},"excerpt":{"rendered":"<p>Velcro cable ties are essential accessories for proper organization. The tie can be threaded through itself, so it does not need to be removed from the cable.<\/p>\n","protected":false},"featured_media":6261,"comment_status":"open","ping_status":"closed","template":"","meta":[],"product_brand":[],"product_cat":[422,364],"product_tag":[329,440],"class_list":{"0":"post-6260","1":"product","2":"type-product","3":"status-publish","4":"has-post-thumbnail","6":"product_cat-eszkozok","7":"product_cat-kiegeszito","8":"product_tag-adam-hall","9":"product_tag-kabelkotegelo","11":"first","12":"instock","13":"taxable","14":"shipping-taxable","15":"purchasable","16":"product-type-simple"},"yoast_head":"<!-- This site is optimized with the Yoast SEO Premium plugin v27.2 (Yoast SEO v27.2) - https:\/\/yoast.com\/product\/yoast-seo-premium-wordpress\/ -->\n<title>Velcro Cable Tie 306 mm<\/title>\n<meta name=\"description\" content=\"Velcro cable ties are essential accessories for proper organization. The tie can be threaded through itself, so it does not need to be removed from the cable.\" \/>\n<meta name=\"robots\" content=\"index, follow, max-snippet:-1, max-image-preview:large, max-video-preview:-1\" \/>\n<link rel=\"canonical\" href=\"http:\/\/Velcro%20cable%20ties%20are%20essential%20accessories%20for%20proper%20organization.%20The%20tie%20can%20be%20threaded%20through%20itself,%20so%20it%20does%20not%20need%20to%20be%20removed%20from%20the%20cable.\" \/>\n<meta property=\"og:locale\" content=\"en_US\" \/>\n<meta property=\"og:type\" content=\"article\" \/>\n<meta property=\"og:title\" content=\"Velcro Cable Tie 306 mm\" \/>\n<meta property=\"og:description\" content=\"Velcro cable ties are essential accessories for proper organization. The tie can be threaded through itself, so it does not need to be removed from the cable.\" \/>\n<meta property=\"og:url\" content=\"https:\/\/stagezone.hu\/en\/product\/velcro-cable-tie-306-mm\/\" \/>\n<meta property=\"og:site_name\" content=\"StageZone\" \/>\n<meta property=\"article:publisher\" content=\"https:\/\/www.facebook.com\/stagezonehungary\/\" \/>\n<meta property=\"article:modified_time\" content=\"2026-05-04T18:55:43+00:00\" \/>\n<meta property=\"og:image\" content=\"https:\/\/stagezone.hu\/wp-content\/uploads\/2025\/02\/VT2830_1.jpg\" \/>\n\t<meta property=\"og:image:width\" content=\"700\" \/>\n\t<meta property=\"og:image:height\" content=\"700\" \/>\n\t<meta property=\"og:image:type\" content=\"image\/jpeg\" \/>\n<meta name=\"twitter:card\" content=\"summary_large_image\" \/>\n<meta name=\"twitter:label1\" content=\"Est. reading time\" \/>\n\t<meta name=\"twitter:data1\" content=\"1 minute\" \/>\n<script type=\"application\/ld+json\" class=\"yoast-schema-graph\">{\"@context\":\"https:\/\/schema.org\",\"@graph\":[{\"@type\":\"WebPage\",\"@id\":\"https:\/\/stagezone.hu\/en\/product\/velcro-cable-tie-306-mm\/\",\"url\":\"https:\/\/stagezone.hu\/en\/product\/velcro-cable-tie-306-mm\/\",\"name\":\"K\u00e1belk\u00f6tegel\u0151 306 mm - StageZone\",\"isPartOf\":{\"@id\":\"https:\/\/stagezone.hu\/#website\"},\"primaryImageOfPage\":{\"@id\":\"https:\/\/stagezone.hu\/en\/product\/velcro-cable-tie-306-mm\/#primaryimage\"},\"image\":{\"@id\":\"https:\/\/stagezone.hu\/en\/product\/velcro-cable-tie-306-mm\/#primaryimage\"},\"thumbnailUrl\":\"https:\/\/stagezone.hu\/wp-content\/uploads\/2025\/02\/VT2830_1.jpg\",\"datePublished\":\"2025-02-19T16:45:38+00:00\",\"dateModified\":\"2026-05-04T18:55:43+00:00\",\"description\":\"A t\u00e9p\u0151z\u00e1ras k\u00e1belk\u00f6tegel\u0151k elengedhetetlen kieg\u00e9sz\u00edt\u0151k a megfelel\u0151 rendszerez\u00e9s \u00e9rdek\u00e9ben. Haszn\u00e1lat sor\u00e1n nem kell elt\u00e1vol\u00edtani a k\u00e1belr\u0151l.\",\"breadcrumb\":{\"@id\":\"https:\/\/stagezone.hu\/en\/product\/velcro-cable-tie-306-mm\/#breadcrumb\"},\"inLanguage\":\"en-US\",\"potentialAction\":[{\"@type\":\"ReadAction\",\"target\":[\"https:\/\/stagezone.hu\/en\/product\/velcro-cable-tie-306-mm\/\"]}]},{\"@type\":\"ImageObject\",\"inLanguage\":\"en-US\",\"@id\":\"https:\/\/stagezone.hu\/en\/product\/velcro-cable-tie-306-mm\/#primaryimage\",\"url\":\"https:\/\/stagezone.hu\/wp-content\/uploads\/2025\/02\/VT2830_1.jpg\",\"contentUrl\":\"https:\/\/stagezone.hu\/wp-content\/uploads\/2025\/02\/VT2830_1.jpg\",\"width\":700,\"height\":700},{\"@type\":\"BreadcrumbList\",\"@id\":\"https:\/\/stagezone.hu\/en\/product\/velcro-cable-tie-306-mm\/#breadcrumb\",\"itemListElement\":[{\"@type\":\"ListItem\",\"position\":1,\"name\":\"Kezd\u0151lap\",\"item\":\"https:\/\/stagezone.hu\/\"},{\"@type\":\"ListItem\",\"position\":2,\"name\":\"\u00dczlet\",\"item\":\"https:\/\/stagezone.hu\/uzlet\/\"},{\"@type\":\"ListItem\",\"position\":3,\"name\":\"Velcro Cable Tie 306 mm\"}]},{\"@type\":\"WebSite\",\"@id\":\"https:\/\/stagezone.hu\/en\/#website\",\"url\":\"https:\/\/stagezone.hu\/en\/\",\"name\":\"StageZone - Ragyogj a Stagezone min\u0151s\u00e9gi f\u00e9nytechnik\u00e1j\u00e1val.\",\"description\":\"StageZone\",\"publisher\":{\"@id\":\"https:\/\/stagezone.hu\/en\/#organization\"},\"potentialAction\":[{\"@type\":\"SearchAction\",\"target\":{\"@type\":\"EntryPoint\",\"urlTemplate\":\"https:\/\/stagezone.hu\/en\/?s={search_term_string}\"},\"query-input\":{\"@type\":\"PropertyValueSpecification\",\"valueRequired\":true,\"valueName\":\"search_term_string\"}}],\"inLanguage\":\"en-US\"},{\"@type\":\"Organization\",\"@id\":\"https:\/\/stagezone.hu\/en\/#organization\",\"name\":\"StageZone\",\"url\":\"https:\/\/stagezone.hu\/en\/\",\"logo\":{\"@type\":\"ImageObject\",\"inLanguage\":\"en-US\",\"@id\":\"https:\/\/stagezone.hu\/en\/#\/schema\/logo\/image\/\",\"url\":\"https:\/\/stagezone.hu\/wp-content\/uploads\/2026\/01\/Adam-Hall_1000x1000-1-1.png\",\"contentUrl\":\"https:\/\/stagezone.hu\/wp-content\/uploads\/2026\/01\/Adam-Hall_1000x1000-1-1.png\",\"width\":1000,\"height\":1000,\"caption\":\"StageZone\"},\"image\":{\"@id\":\"https:\/\/stagezone.hu\/en\/#\/schema\/logo\/image\/\"},\"sameAs\":[\"https:\/\/www.facebook.com\/stagezonehungary\/\",\"https:\/\/www.instagram.com\/stagezonehungary\/\"]}]}<\/script>\n<!-- \/ Yoast SEO Premium plugin. -->","yoast_head_json":{"title":"Velcro Cable Tie 306 mm","description":"Velcro cable ties are essential accessories for proper organization. The tie can be threaded through itself, so it does not need to be removed from the cable.","robots":{"index":"index","follow":"follow","max-snippet":"max-snippet:-1","max-image-preview":"max-image-preview:large","max-video-preview":"max-video-preview:-1"},"canonical":"Velcro cable ties are essential accessories for proper organization. The tie can be threaded through itself, so it does not need to be removed from the cable.","og_locale":"en_US","og_type":"article","og_title":"Velcro Cable Tie 306 mm","og_description":"Velcro cable ties are essential accessories for proper organization. The tie can be threaded through itself, so it does not need to be removed from the cable.","og_url":"https:\/\/stagezone.hu\/en\/product\/velcro-cable-tie-306-mm\/","og_site_name":"StageZone","article_publisher":"https:\/\/www.facebook.com\/stagezonehungary\/","article_modified_time":"2026-05-04T18:55:43+00:00","og_image":[{"width":700,"height":700,"url":"https:\/\/stagezone.hu\/wp-content\/uploads\/2025\/02\/VT2830_1.jpg","type":"image\/jpeg"}],"twitter_card":"summary_large_image","twitter_misc":{"Est. reading time":"1 minute"},"schema":{"@context":"https:\/\/schema.org","@graph":[{"@type":"WebPage","@id":"https:\/\/stagezone.hu\/en\/product\/velcro-cable-tie-306-mm\/","url":"https:\/\/stagezone.hu\/en\/product\/velcro-cable-tie-306-mm\/","name":"K\u00e1belk\u00f6tegel\u0151 306 mm - StageZone","isPartOf":{"@id":"https:\/\/stagezone.hu\/#website"},"primaryImageOfPage":{"@id":"https:\/\/stagezone.hu\/en\/product\/velcro-cable-tie-306-mm\/#primaryimage"},"image":{"@id":"https:\/\/stagezone.hu\/en\/product\/velcro-cable-tie-306-mm\/#primaryimage"},"thumbnailUrl":"https:\/\/stagezone.hu\/wp-content\/uploads\/2025\/02\/VT2830_1.jpg","datePublished":"2025-02-19T16:45:38+00:00","dateModified":"2026-05-04T18:55:43+00:00","description":"A t\u00e9p\u0151z\u00e1ras k\u00e1belk\u00f6tegel\u0151k elengedhetetlen kieg\u00e9sz\u00edt\u0151k a megfelel\u0151 rendszerez\u00e9s \u00e9rdek\u00e9ben. Haszn\u00e1lat sor\u00e1n nem kell elt\u00e1vol\u00edtani a k\u00e1belr\u0151l.","breadcrumb":{"@id":"https:\/\/stagezone.hu\/en\/product\/velcro-cable-tie-306-mm\/#breadcrumb"},"inLanguage":"en-US","potentialAction":[{"@type":"ReadAction","target":["https:\/\/stagezone.hu\/en\/product\/velcro-cable-tie-306-mm\/"]}]},{"@type":"ImageObject","inLanguage":"en-US","@id":"https:\/\/stagezone.hu\/en\/product\/velcro-cable-tie-306-mm\/#primaryimage","url":"https:\/\/stagezone.hu\/wp-content\/uploads\/2025\/02\/VT2830_1.jpg","contentUrl":"https:\/\/stagezone.hu\/wp-content\/uploads\/2025\/02\/VT2830_1.jpg","width":700,"height":700},{"@type":"BreadcrumbList","@id":"https:\/\/stagezone.hu\/en\/product\/velcro-cable-tie-306-mm\/#breadcrumb","itemListElement":[{"@type":"ListItem","position":1,"name":"Kezd\u0151lap","item":"https:\/\/stagezone.hu\/"},{"@type":"ListItem","position":2,"name":"\u00dczlet","item":"https:\/\/stagezone.hu\/uzlet\/"},{"@type":"ListItem","position":3,"name":"Velcro Cable Tie 306 mm"}]},{"@type":"WebSite","@id":"https:\/\/stagezone.hu\/en\/#website","url":"https:\/\/stagezone.hu\/en\/","name":"StageZone - Ragyogj a Stagezone min\u0151s\u00e9gi f\u00e9nytechnik\u00e1j\u00e1val.","description":"StageZone","publisher":{"@id":"https:\/\/stagezone.hu\/en\/#organization"},"potentialAction":[{"@type":"SearchAction","target":{"@type":"EntryPoint","urlTemplate":"https:\/\/stagezone.hu\/en\/?s={search_term_string}"},"query-input":{"@type":"PropertyValueSpecification","valueRequired":true,"valueName":"search_term_string"}}],"inLanguage":"en-US"},{"@type":"Organization","@id":"https:\/\/stagezone.hu\/en\/#organization","name":"StageZone","url":"https:\/\/stagezone.hu\/en\/","logo":{"@type":"ImageObject","inLanguage":"en-US","@id":"https:\/\/stagezone.hu\/en\/#\/schema\/logo\/image\/","url":"https:\/\/stagezone.hu\/wp-content\/uploads\/2026\/01\/Adam-Hall_1000x1000-1-1.png","contentUrl":"https:\/\/stagezone.hu\/wp-content\/uploads\/2026\/01\/Adam-Hall_1000x1000-1-1.png","width":1000,"height":1000,"caption":"StageZone"},"image":{"@id":"https:\/\/stagezone.hu\/en\/#\/schema\/logo\/image\/"},"sameAs":["https:\/\/www.facebook.com\/stagezonehungary\/","https:\/\/www.instagram.com\/stagezonehungary\/"]}]}},"_links":{"self":[{"href":"https:\/\/stagezone.hu\/en\/wp-json\/wp\/v2\/product\/6260","targetHints":{"allow":["GET"]}}],"collection":[{"href":"https:\/\/stagezone.hu\/en\/wp-json\/wp\/v2\/product"}],"about":[{"href":"https:\/\/stagezone.hu\/en\/wp-json\/wp\/v2\/types\/product"}],"replies":[{"embeddable":true,"href":"https:\/\/stagezone.hu\/en\/wp-json\/wp\/v2\/comments?post=6260"}],"version-history":[{"count":1,"href":"https:\/\/stagezone.hu\/en\/wp-json\/wp\/v2\/product\/6260\/revisions"}],"predecessor-version":[{"id":6264,"href":"https:\/\/stagezone.hu\/en\/wp-json\/wp\/v2\/product\/6260\/revisions\/6264"}],"wp:featuredmedia":[{"embeddable":true,"href":"https:\/\/stagezone.hu\/en\/wp-json\/wp\/v2\/media\/6261"}],"wp:attachment":[{"href":"https:\/\/stagezone.hu\/en\/wp-json\/wp\/v2\/media?parent=6260"}],"wp:term":[{"taxonomy":"product_brand","embeddable":true,"href":"https:\/\/stagezone.hu\/en\/wp-json\/wp\/v2\/product_brand?post=6260"},{"taxonomy":"product_cat","embeddable":true,"href":"https:\/\/stagezone.hu\/en\/wp-json\/wp\/v2\/product_cat?post=6260"},{"taxonomy":"product_tag","embeddable":true,"href":"https:\/\/stagezone.hu\/en\/wp-json\/wp\/v2\/product_tag?post=6260"}],"curies":[{"name":"wp","href":"https:\/\/api.w.org\/{rel}","templated":true}]}}