{"id":6166,"date":"2025-01-28T18:00:04","date_gmt":"2025-01-28T17:00:04","guid":{"rendered":"https:\/\/stagezone.hu\/?post_type=product&#038;p=6166"},"modified":"2026-05-04T19:55:50","modified_gmt":"2026-05-04T18:55:50","slug":"pro-port-4-p","status":"publish","type":"product","link":"https:\/\/stagezone.hu\/en\/product\/adam-hall-pro-port-4-p-power-distribution-unit\/","title":{"rendered":"Adam Hall PRO PORT 4 P Power Distribution Unit"},"content":{"rendered":"<p>&nbsp;<\/p>\n<p>The members of the Adam Hall PRO PORT series are designed for professional use. The most defining elements of these products are the Powercon connectors. Thanks to these, the units can be used with any cable length and can also be linked together. Their robust construction and built-in M10 receptacle allow them to be placed anywhere.<\/p>\n<p><strong>ATTENTION<\/strong>, the product packaging does not include a power cable!<\/p>\n<p><strong>DATA<\/strong><\/p>\n<table id=\"tablepress-130-no-2\" class=\"tablepress tablepress-id-130\">\n<caption style=\"caption-side:bottom;text-align:left;border:none;background:none;margin:0;padding:0;\"><a href=\"https:\/\/stagezone.hu\/wp-admin\/admin.php?page=tablepress&#038;action=edit&#038;table_id=130\" rel=\"nofollow\">Edit<\/a><\/caption>\n<tbody class=\"row-striping\">\n<tr class=\"row-1\">\n<td class=\"column-1\">Input protection class<\/td>\n<td class=\"column-2\">IP20<\/td>\n<\/tr>\n<tr class=\"row-2\">\n<td class=\"column-1\">Output protection class<\/td>\n<td class=\"column-2\">IP54<\/td>\n<\/tr>\n<tr class=\"row-3\">\n<td class=\"column-1\">Material<\/td>\n<td class=\"column-2\">Steel<\/td>\n<\/tr>\n<tr class=\"row-4\">\n<td class=\"column-1\">Voltage<\/td>\n<td class=\"column-2\">100 V AC &#8211; 230 V AC \/ 50 &#8211; 60 Hz<\/td>\n<\/tr>\n<tr class=\"row-5\">\n<td class=\"column-1\">Current<\/td>\n<td class=\"column-2\">16 A<\/td>\n<\/tr>\n<\/tbody>\n<\/table>\n","protected":false},"excerpt":{"rendered":"<p>The Adam Hall PRO PORT series units are designed for professional use, featuring Powercon connectors that allow for daisy-chaining and use with any cable length.<\/p>\n","protected":false},"featured_media":6167,"comment_status":"open","ping_status":"closed","template":"","meta":[],"product_brand":[],"product_cat":[432,180],"product_tag":[329,430],"class_list":{"0":"post-6166","1":"product","2":"type-product","3":"status-publish","4":"has-post-thumbnail","6":"product_cat-elosztok","7":"product_cat-kabel","8":"product_tag-adam-hall","9":"product_tag-eloszto","11":"first","12":"low_stock","13":"taxable","14":"shipping-taxable","15":"purchasable","16":"product-type-simple"},"yoast_head":"<!-- This site is optimized with the Yoast SEO Premium plugin v27.2 (Yoast SEO v27.2) - https:\/\/yoast.com\/product\/yoast-seo-premium-wordpress\/ -->\n<title>Adam Hall PRO PORT 4 P Power Distribution Unit<\/title>\n<meta name=\"description\" content=\"The Adam Hall PRO PORT series units are designed for professional use, featuring Powercon connectors that allow for daisy-chaining and use with any cable length.\" \/>\n<meta name=\"robots\" content=\"index, follow, max-snippet:-1, max-image-preview:large, max-video-preview:-1\" \/>\n<link rel=\"canonical\" href=\"http:\/\/The%20Adam%20Hall%20PRO%20PORT%20series%20units%20are%20designed%20for%20professional%20use,%20featuring%20Powercon%20connectors%20that%20allow%20for%20daisy-chaining%20and%20use%20with%20any%20cable%20length.\" \/>\n<meta property=\"og:locale\" content=\"en_US\" \/>\n<meta property=\"og:type\" content=\"article\" \/>\n<meta property=\"og:title\" content=\"Adam Hall PRO PORT 4 P Power Distribution Unit\" \/>\n<meta property=\"og:description\" content=\"The Adam Hall PRO PORT series units are designed for professional use, featuring Powercon connectors that allow for daisy-chaining and use with any cable length.\" \/>\n<meta property=\"og:url\" content=\"https:\/\/stagezone.hu\/en\/product\/adam-hall-pro-port-4-p-power-distribution-unit\/\" \/>\n<meta property=\"og:site_name\" content=\"StageZone\" \/>\n<meta property=\"article:publisher\" content=\"https:\/\/www.facebook.com\/stagezonehungary\/\" \/>\n<meta property=\"article:modified_time\" content=\"2026-05-04T18:55:50+00:00\" \/>\n<meta property=\"og:image\" content=\"https:\/\/stagezone.hu\/wp-content\/uploads\/2025\/01\/AHPROPORT4_1.jpg\" \/>\n\t<meta property=\"og:image:width\" content=\"1000\" \/>\n\t<meta property=\"og:image:height\" content=\"1000\" \/>\n\t<meta property=\"og:image:type\" content=\"image\/jpeg\" \/>\n<meta name=\"twitter:card\" content=\"summary_large_image\" \/>\n<meta name=\"twitter:label1\" content=\"Est. reading time\" \/>\n\t<meta name=\"twitter:data1\" content=\"1 minute\" \/>\n<script type=\"application\/ld+json\" class=\"yoast-schema-graph\">{\"@context\":\"https:\/\/schema.org\",\"@graph\":[{\"@type\":\"WebPage\",\"@id\":\"https:\/\/stagezone.hu\/en\/product\/adam-hall-pro-port-4-p-power-distribution-unit\/\",\"url\":\"https:\/\/stagezone.hu\/en\/product\/adam-hall-pro-port-4-p-power-distribution-unit\/\",\"name\":\"PRO PORT 4 P - StageZone\",\"isPartOf\":{\"@id\":\"https:\/\/stagezone.hu\/#website\"},\"primaryImageOfPage\":{\"@id\":\"https:\/\/stagezone.hu\/en\/product\/adam-hall-pro-port-4-p-power-distribution-unit\/#primaryimage\"},\"image\":{\"@id\":\"https:\/\/stagezone.hu\/en\/product\/adam-hall-pro-port-4-p-power-distribution-unit\/#primaryimage\"},\"thumbnailUrl\":\"https:\/\/stagezone.hu\/wp-content\/uploads\/2025\/01\/AHPROPORT4_1.jpg\",\"datePublished\":\"2025-01-28T17:00:04+00:00\",\"dateModified\":\"2026-05-04T18:55:50+00:00\",\"description\":\"A PRO PORT 4 P h\u00e1l\u00f3zati eloszt\u00f3 megb\u00edzhat\u00f3 m\u0171k\u00f6d\u00e9st biztos\u00edt minden k\u00f6r\u00fclm\u00e9ny k\u00f6z\u00f6tt. Professzion\u00e1lis felhaszn\u00e1l\u00e1sra aj\u00e1nljuk.\",\"breadcrumb\":{\"@id\":\"https:\/\/stagezone.hu\/en\/product\/adam-hall-pro-port-4-p-power-distribution-unit\/#breadcrumb\"},\"inLanguage\":\"en-US\",\"potentialAction\":[{\"@type\":\"ReadAction\",\"target\":[\"https:\/\/stagezone.hu\/en\/product\/adam-hall-pro-port-4-p-power-distribution-unit\/\"]}]},{\"@type\":\"ImageObject\",\"inLanguage\":\"en-US\",\"@id\":\"https:\/\/stagezone.hu\/en\/product\/adam-hall-pro-port-4-p-power-distribution-unit\/#primaryimage\",\"url\":\"https:\/\/stagezone.hu\/wp-content\/uploads\/2025\/01\/AHPROPORT4_1.jpg\",\"contentUrl\":\"https:\/\/stagezone.hu\/wp-content\/uploads\/2025\/01\/AHPROPORT4_1.jpg\",\"width\":1000,\"height\":1000},{\"@type\":\"BreadcrumbList\",\"@id\":\"https:\/\/stagezone.hu\/en\/product\/adam-hall-pro-port-4-p-power-distribution-unit\/#breadcrumb\",\"itemListElement\":[{\"@type\":\"ListItem\",\"position\":1,\"name\":\"Kezd\u0151lap\",\"item\":\"https:\/\/stagezone.hu\/\"},{\"@type\":\"ListItem\",\"position\":2,\"name\":\"\u00dczlet\",\"item\":\"https:\/\/stagezone.hu\/uzlet\/\"},{\"@type\":\"ListItem\",\"position\":3,\"name\":\"Adam Hall PRO PORT 4 P Power Distribution Unit\"}]},{\"@type\":\"WebSite\",\"@id\":\"https:\/\/stagezone.hu\/en\/#website\",\"url\":\"https:\/\/stagezone.hu\/en\/\",\"name\":\"StageZone - Ragyogj a Stagezone min\u0151s\u00e9gi f\u00e9nytechnik\u00e1j\u00e1val.\",\"description\":\"StageZone\",\"publisher\":{\"@id\":\"https:\/\/stagezone.hu\/en\/#organization\"},\"potentialAction\":[{\"@type\":\"SearchAction\",\"target\":{\"@type\":\"EntryPoint\",\"urlTemplate\":\"https:\/\/stagezone.hu\/en\/?s={search_term_string}\"},\"query-input\":{\"@type\":\"PropertyValueSpecification\",\"valueRequired\":true,\"valueName\":\"search_term_string\"}}],\"inLanguage\":\"en-US\"},{\"@type\":\"Organization\",\"@id\":\"https:\/\/stagezone.hu\/en\/#organization\",\"name\":\"StageZone\",\"url\":\"https:\/\/stagezone.hu\/en\/\",\"logo\":{\"@type\":\"ImageObject\",\"inLanguage\":\"en-US\",\"@id\":\"https:\/\/stagezone.hu\/en\/#\/schema\/logo\/image\/\",\"url\":\"https:\/\/stagezone.hu\/wp-content\/uploads\/2026\/01\/Adam-Hall_1000x1000-1-1.png\",\"contentUrl\":\"https:\/\/stagezone.hu\/wp-content\/uploads\/2026\/01\/Adam-Hall_1000x1000-1-1.png\",\"width\":1000,\"height\":1000,\"caption\":\"StageZone\"},\"image\":{\"@id\":\"https:\/\/stagezone.hu\/en\/#\/schema\/logo\/image\/\"},\"sameAs\":[\"https:\/\/www.facebook.com\/stagezonehungary\/\",\"https:\/\/www.instagram.com\/stagezonehungary\/\"]}]}<\/script>\n<!-- \/ Yoast SEO Premium plugin. -->","yoast_head_json":{"title":"Adam Hall PRO PORT 4 P Power Distribution Unit","description":"The Adam Hall PRO PORT series units are designed for professional use, featuring Powercon connectors that allow for daisy-chaining and use with any cable length.","robots":{"index":"index","follow":"follow","max-snippet":"max-snippet:-1","max-image-preview":"max-image-preview:large","max-video-preview":"max-video-preview:-1"},"canonical":"The Adam Hall PRO PORT series units are designed for professional use, featuring Powercon connectors that allow for daisy-chaining and use with any cable length.","og_locale":"en_US","og_type":"article","og_title":"Adam Hall PRO PORT 4 P Power Distribution Unit","og_description":"The Adam Hall PRO PORT series units are designed for professional use, featuring Powercon connectors that allow for daisy-chaining and use with any cable length.","og_url":"https:\/\/stagezone.hu\/en\/product\/adam-hall-pro-port-4-p-power-distribution-unit\/","og_site_name":"StageZone","article_publisher":"https:\/\/www.facebook.com\/stagezonehungary\/","article_modified_time":"2026-05-04T18:55:50+00:00","og_image":[{"width":1000,"height":1000,"url":"https:\/\/stagezone.hu\/wp-content\/uploads\/2025\/01\/AHPROPORT4_1.jpg","type":"image\/jpeg"}],"twitter_card":"summary_large_image","twitter_misc":{"Est. reading time":"1 minute"},"schema":{"@context":"https:\/\/schema.org","@graph":[{"@type":"WebPage","@id":"https:\/\/stagezone.hu\/en\/product\/adam-hall-pro-port-4-p-power-distribution-unit\/","url":"https:\/\/stagezone.hu\/en\/product\/adam-hall-pro-port-4-p-power-distribution-unit\/","name":"PRO PORT 4 P - StageZone","isPartOf":{"@id":"https:\/\/stagezone.hu\/#website"},"primaryImageOfPage":{"@id":"https:\/\/stagezone.hu\/en\/product\/adam-hall-pro-port-4-p-power-distribution-unit\/#primaryimage"},"image":{"@id":"https:\/\/stagezone.hu\/en\/product\/adam-hall-pro-port-4-p-power-distribution-unit\/#primaryimage"},"thumbnailUrl":"https:\/\/stagezone.hu\/wp-content\/uploads\/2025\/01\/AHPROPORT4_1.jpg","datePublished":"2025-01-28T17:00:04+00:00","dateModified":"2026-05-04T18:55:50+00:00","description":"A PRO PORT 4 P h\u00e1l\u00f3zati eloszt\u00f3 megb\u00edzhat\u00f3 m\u0171k\u00f6d\u00e9st biztos\u00edt minden k\u00f6r\u00fclm\u00e9ny k\u00f6z\u00f6tt. Professzion\u00e1lis felhaszn\u00e1l\u00e1sra aj\u00e1nljuk.","breadcrumb":{"@id":"https:\/\/stagezone.hu\/en\/product\/adam-hall-pro-port-4-p-power-distribution-unit\/#breadcrumb"},"inLanguage":"en-US","potentialAction":[{"@type":"ReadAction","target":["https:\/\/stagezone.hu\/en\/product\/adam-hall-pro-port-4-p-power-distribution-unit\/"]}]},{"@type":"ImageObject","inLanguage":"en-US","@id":"https:\/\/stagezone.hu\/en\/product\/adam-hall-pro-port-4-p-power-distribution-unit\/#primaryimage","url":"https:\/\/stagezone.hu\/wp-content\/uploads\/2025\/01\/AHPROPORT4_1.jpg","contentUrl":"https:\/\/stagezone.hu\/wp-content\/uploads\/2025\/01\/AHPROPORT4_1.jpg","width":1000,"height":1000},{"@type":"BreadcrumbList","@id":"https:\/\/stagezone.hu\/en\/product\/adam-hall-pro-port-4-p-power-distribution-unit\/#breadcrumb","itemListElement":[{"@type":"ListItem","position":1,"name":"Kezd\u0151lap","item":"https:\/\/stagezone.hu\/"},{"@type":"ListItem","position":2,"name":"\u00dczlet","item":"https:\/\/stagezone.hu\/uzlet\/"},{"@type":"ListItem","position":3,"name":"Adam Hall PRO PORT 4 P Power Distribution Unit"}]},{"@type":"WebSite","@id":"https:\/\/stagezone.hu\/en\/#website","url":"https:\/\/stagezone.hu\/en\/","name":"StageZone - Ragyogj a Stagezone min\u0151s\u00e9gi f\u00e9nytechnik\u00e1j\u00e1val.","description":"StageZone","publisher":{"@id":"https:\/\/stagezone.hu\/en\/#organization"},"potentialAction":[{"@type":"SearchAction","target":{"@type":"EntryPoint","urlTemplate":"https:\/\/stagezone.hu\/en\/?s={search_term_string}"},"query-input":{"@type":"PropertyValueSpecification","valueRequired":true,"valueName":"search_term_string"}}],"inLanguage":"en-US"},{"@type":"Organization","@id":"https:\/\/stagezone.hu\/en\/#organization","name":"StageZone","url":"https:\/\/stagezone.hu\/en\/","logo":{"@type":"ImageObject","inLanguage":"en-US","@id":"https:\/\/stagezone.hu\/en\/#\/schema\/logo\/image\/","url":"https:\/\/stagezone.hu\/wp-content\/uploads\/2026\/01\/Adam-Hall_1000x1000-1-1.png","contentUrl":"https:\/\/stagezone.hu\/wp-content\/uploads\/2026\/01\/Adam-Hall_1000x1000-1-1.png","width":1000,"height":1000,"caption":"StageZone"},"image":{"@id":"https:\/\/stagezone.hu\/en\/#\/schema\/logo\/image\/"},"sameAs":["https:\/\/www.facebook.com\/stagezonehungary\/","https:\/\/www.instagram.com\/stagezonehungary\/"]}]}},"_links":{"self":[{"href":"https:\/\/stagezone.hu\/en\/wp-json\/wp\/v2\/product\/6166","targetHints":{"allow":["GET"]}}],"collection":[{"href":"https:\/\/stagezone.hu\/en\/wp-json\/wp\/v2\/product"}],"about":[{"href":"https:\/\/stagezone.hu\/en\/wp-json\/wp\/v2\/types\/product"}],"replies":[{"embeddable":true,"href":"https:\/\/stagezone.hu\/en\/wp-json\/wp\/v2\/comments?post=6166"}],"version-history":[{"count":3,"href":"https:\/\/stagezone.hu\/en\/wp-json\/wp\/v2\/product\/6166\/revisions"}],"predecessor-version":[{"id":6185,"href":"https:\/\/stagezone.hu\/en\/wp-json\/wp\/v2\/product\/6166\/revisions\/6185"}],"wp:featuredmedia":[{"embeddable":true,"href":"https:\/\/stagezone.hu\/en\/wp-json\/wp\/v2\/media\/6167"}],"wp:attachment":[{"href":"https:\/\/stagezone.hu\/en\/wp-json\/wp\/v2\/media?parent=6166"}],"wp:term":[{"taxonomy":"product_brand","embeddable":true,"href":"https:\/\/stagezone.hu\/en\/wp-json\/wp\/v2\/product_brand?post=6166"},{"taxonomy":"product_cat","embeddable":true,"href":"https:\/\/stagezone.hu\/en\/wp-json\/wp\/v2\/product_cat?post=6166"},{"taxonomy":"product_tag","embeddable":true,"href":"https:\/\/stagezone.hu\/en\/wp-json\/wp\/v2\/product_tag?post=6166"}],"curies":[{"name":"wp","href":"https:\/\/api.w.org\/{rel}","templated":true}]}}