{"id":6055,"date":"2024-12-02T11:40:30","date_gmt":"2024-12-02T10:40:30","guid":{"rendered":"https:\/\/stagezone.hu\/?post_type=product&#038;p=6055"},"modified":"2026-05-04T19:55:52","modified_gmt":"2026-05-04T18:55:52","slug":"mct-20-kabel-teszter","status":"publish","type":"product","link":"https:\/\/stagezone.hu\/en\/product\/millenium-mct-20-cable-tester\/","title":{"rendered":"Millenium MCT-20 Cable Tester"},"content":{"rendered":"<p>&nbsp;<\/p>\n<p>The Millenium MCT-20 cable tester is a truly useful tool for those who have a lot of cables. It can be used to filter out faulty cables, thus avoiding many unpleasant situations for the user. Thanks to the LED indicator, its use is extremely simple and interpretable.<\/p>\n<p><strong>Connectors:<\/strong><\/p>\n<ul>\n<li>XLR balanced and unbalanced<\/li>\n<li>6.3 mm Jack<\/li>\n<li>3.5 mm Jack<\/li>\n<li>RCA<\/li>\n<li>CAT5<\/li>\n<li>DIN (5 pin)<\/li>\n<li>4 and 8 pin speakon<\/li>\n<\/ul>\n","protected":false},"excerpt":{"rendered":"<p>The MCT-20 cable tester is a professional tool that allows you to test cables with various connectors.<\/p>\n","protected":false},"featured_media":6057,"comment_status":"open","ping_status":"closed","template":"","meta":[],"product_brand":[],"product_cat":[422,364],"product_tag":[],"class_list":{"0":"post-6055","1":"product","2":"type-product","3":"status-publish","4":"has-post-thumbnail","6":"product_cat-eszkozok","7":"product_cat-kiegeszito","9":"first","10":"instock","11":"taxable","12":"shipping-taxable","13":"purchasable","14":"product-type-simple"},"yoast_head":"<!-- This site is optimized with the Yoast SEO Premium plugin v27.2 (Yoast SEO v27.2) - https:\/\/yoast.com\/product\/yoast-seo-premium-wordpress\/ -->\n<title>Millenium MCT-20 Cable Tester<\/title>\n<meta name=\"description\" content=\"The MCT-20 cable tester is a professional tool that allows you to test cables with various connectors.\" \/>\n<meta name=\"robots\" content=\"index, follow, max-snippet:-1, max-image-preview:large, max-video-preview:-1\" \/>\n<link rel=\"canonical\" href=\"http:\/\/The%20MCT-20%20cable%20tester%20is%20a%20professional%20tool%20that%20allows%20you%20to%20test%20cables%20with%20various%20connectors.\" \/>\n<meta property=\"og:locale\" content=\"en_US\" \/>\n<meta property=\"og:type\" content=\"article\" \/>\n<meta property=\"og:title\" content=\"Millenium MCT-20 Cable Tester\" \/>\n<meta property=\"og:description\" content=\"The MCT-20 cable tester is a professional tool that allows you to test cables with various connectors.\" \/>\n<meta property=\"og:url\" content=\"https:\/\/stagezone.hu\/en\/product\/millenium-mct-20-cable-tester\/\" \/>\n<meta property=\"og:site_name\" content=\"StageZone\" \/>\n<meta property=\"article:publisher\" content=\"https:\/\/www.facebook.com\/stagezonehungary\/\" \/>\n<meta property=\"article:modified_time\" content=\"2026-05-04T18:55:52+00:00\" \/>\n<meta property=\"og:image\" content=\"https:\/\/stagezone.hu\/wp-content\/uploads\/2024\/12\/Millenium-MCT20_1.png\" \/>\n\t<meta property=\"og:image:width\" content=\"1000\" \/>\n\t<meta property=\"og:image:height\" content=\"1000\" \/>\n\t<meta property=\"og:image:type\" content=\"image\/png\" \/>\n<meta name=\"twitter:card\" content=\"summary_large_image\" \/>\n<meta name=\"twitter:label1\" content=\"Est. reading time\" \/>\n\t<meta name=\"twitter:data1\" content=\"1 minute\" \/>\n<script type=\"application\/ld+json\" class=\"yoast-schema-graph\">{\"@context\":\"https:\/\/schema.org\",\"@graph\":[{\"@type\":\"WebPage\",\"@id\":\"https:\/\/stagezone.hu\/en\/product\/millenium-mct-20-cable-tester\/\",\"url\":\"https:\/\/stagezone.hu\/en\/product\/millenium-mct-20-cable-tester\/\",\"name\":\"MCT-20 k\u00e1bel teszter - StageZone\",\"isPartOf\":{\"@id\":\"https:\/\/stagezone.hu\/#website\"},\"primaryImageOfPage\":{\"@id\":\"https:\/\/stagezone.hu\/en\/product\/millenium-mct-20-cable-tester\/#primaryimage\"},\"image\":{\"@id\":\"https:\/\/stagezone.hu\/en\/product\/millenium-mct-20-cable-tester\/#primaryimage\"},\"thumbnailUrl\":\"https:\/\/stagezone.hu\/wp-content\/uploads\/2024\/12\/Millenium-MCT20_1.png\",\"datePublished\":\"2024-12-02T10:40:30+00:00\",\"dateModified\":\"2026-05-04T18:55:52+00:00\",\"description\":\"Az MCT-20 k\u00e1bel teszter egy professzion\u00e1lis eszk\u00f6z, melynek seg\u00edts\u00e9g\u00e9vel sz\u00e1mos csatlakoz\u00f3val ell\u00e1tott k\u00e1belt lehet tesztelni.\",\"breadcrumb\":{\"@id\":\"https:\/\/stagezone.hu\/en\/product\/millenium-mct-20-cable-tester\/#breadcrumb\"},\"inLanguage\":\"en-US\",\"potentialAction\":[{\"@type\":\"ReadAction\",\"target\":[\"https:\/\/stagezone.hu\/en\/product\/millenium-mct-20-cable-tester\/\"]}]},{\"@type\":\"ImageObject\",\"inLanguage\":\"en-US\",\"@id\":\"https:\/\/stagezone.hu\/en\/product\/millenium-mct-20-cable-tester\/#primaryimage\",\"url\":\"https:\/\/stagezone.hu\/wp-content\/uploads\/2024\/12\/Millenium-MCT20_1.png\",\"contentUrl\":\"https:\/\/stagezone.hu\/wp-content\/uploads\/2024\/12\/Millenium-MCT20_1.png\",\"width\":1000,\"height\":1000},{\"@type\":\"BreadcrumbList\",\"@id\":\"https:\/\/stagezone.hu\/en\/product\/millenium-mct-20-cable-tester\/#breadcrumb\",\"itemListElement\":[{\"@type\":\"ListItem\",\"position\":1,\"name\":\"Kezd\u0151lap\",\"item\":\"https:\/\/stagezone.hu\/\"},{\"@type\":\"ListItem\",\"position\":2,\"name\":\"\u00dczlet\",\"item\":\"https:\/\/stagezone.hu\/uzlet\/\"},{\"@type\":\"ListItem\",\"position\":3,\"name\":\"Millenium MCT-20 Cable Tester\"}]},{\"@type\":\"WebSite\",\"@id\":\"https:\/\/stagezone.hu\/en\/#website\",\"url\":\"https:\/\/stagezone.hu\/en\/\",\"name\":\"StageZone - Ragyogj a Stagezone min\u0151s\u00e9gi f\u00e9nytechnik\u00e1j\u00e1val.\",\"description\":\"StageZone\",\"publisher\":{\"@id\":\"https:\/\/stagezone.hu\/en\/#organization\"},\"potentialAction\":[{\"@type\":\"SearchAction\",\"target\":{\"@type\":\"EntryPoint\",\"urlTemplate\":\"https:\/\/stagezone.hu\/en\/?s={search_term_string}\"},\"query-input\":{\"@type\":\"PropertyValueSpecification\",\"valueRequired\":true,\"valueName\":\"search_term_string\"}}],\"inLanguage\":\"en-US\"},{\"@type\":\"Organization\",\"@id\":\"https:\/\/stagezone.hu\/en\/#organization\",\"name\":\"StageZone\",\"url\":\"https:\/\/stagezone.hu\/en\/\",\"logo\":{\"@type\":\"ImageObject\",\"inLanguage\":\"en-US\",\"@id\":\"https:\/\/stagezone.hu\/en\/#\/schema\/logo\/image\/\",\"url\":\"https:\/\/stagezone.hu\/wp-content\/uploads\/2026\/01\/Adam-Hall_1000x1000-1-1.png\",\"contentUrl\":\"https:\/\/stagezone.hu\/wp-content\/uploads\/2026\/01\/Adam-Hall_1000x1000-1-1.png\",\"width\":1000,\"height\":1000,\"caption\":\"StageZone\"},\"image\":{\"@id\":\"https:\/\/stagezone.hu\/en\/#\/schema\/logo\/image\/\"},\"sameAs\":[\"https:\/\/www.facebook.com\/stagezonehungary\/\",\"https:\/\/www.instagram.com\/stagezonehungary\/\"]}]}<\/script>\n<!-- \/ Yoast SEO Premium plugin. -->","yoast_head_json":{"title":"Millenium MCT-20 Cable Tester","description":"The MCT-20 cable tester is a professional tool that allows you to test cables with various connectors.","robots":{"index":"index","follow":"follow","max-snippet":"max-snippet:-1","max-image-preview":"max-image-preview:large","max-video-preview":"max-video-preview:-1"},"canonical":"The MCT-20 cable tester is a professional tool that allows you to test cables with various connectors.","og_locale":"en_US","og_type":"article","og_title":"Millenium MCT-20 Cable Tester","og_description":"The MCT-20 cable tester is a professional tool that allows you to test cables with various connectors.","og_url":"https:\/\/stagezone.hu\/en\/product\/millenium-mct-20-cable-tester\/","og_site_name":"StageZone","article_publisher":"https:\/\/www.facebook.com\/stagezonehungary\/","article_modified_time":"2026-05-04T18:55:52+00:00","og_image":[{"width":1000,"height":1000,"url":"https:\/\/stagezone.hu\/wp-content\/uploads\/2024\/12\/Millenium-MCT20_1.png","type":"image\/png"}],"twitter_card":"summary_large_image","twitter_misc":{"Est. reading time":"1 minute"},"schema":{"@context":"https:\/\/schema.org","@graph":[{"@type":"WebPage","@id":"https:\/\/stagezone.hu\/en\/product\/millenium-mct-20-cable-tester\/","url":"https:\/\/stagezone.hu\/en\/product\/millenium-mct-20-cable-tester\/","name":"MCT-20 k\u00e1bel teszter - StageZone","isPartOf":{"@id":"https:\/\/stagezone.hu\/#website"},"primaryImageOfPage":{"@id":"https:\/\/stagezone.hu\/en\/product\/millenium-mct-20-cable-tester\/#primaryimage"},"image":{"@id":"https:\/\/stagezone.hu\/en\/product\/millenium-mct-20-cable-tester\/#primaryimage"},"thumbnailUrl":"https:\/\/stagezone.hu\/wp-content\/uploads\/2024\/12\/Millenium-MCT20_1.png","datePublished":"2024-12-02T10:40:30+00:00","dateModified":"2026-05-04T18:55:52+00:00","description":"Az MCT-20 k\u00e1bel teszter egy professzion\u00e1lis eszk\u00f6z, melynek seg\u00edts\u00e9g\u00e9vel sz\u00e1mos csatlakoz\u00f3val ell\u00e1tott k\u00e1belt lehet tesztelni.","breadcrumb":{"@id":"https:\/\/stagezone.hu\/en\/product\/millenium-mct-20-cable-tester\/#breadcrumb"},"inLanguage":"en-US","potentialAction":[{"@type":"ReadAction","target":["https:\/\/stagezone.hu\/en\/product\/millenium-mct-20-cable-tester\/"]}]},{"@type":"ImageObject","inLanguage":"en-US","@id":"https:\/\/stagezone.hu\/en\/product\/millenium-mct-20-cable-tester\/#primaryimage","url":"https:\/\/stagezone.hu\/wp-content\/uploads\/2024\/12\/Millenium-MCT20_1.png","contentUrl":"https:\/\/stagezone.hu\/wp-content\/uploads\/2024\/12\/Millenium-MCT20_1.png","width":1000,"height":1000},{"@type":"BreadcrumbList","@id":"https:\/\/stagezone.hu\/en\/product\/millenium-mct-20-cable-tester\/#breadcrumb","itemListElement":[{"@type":"ListItem","position":1,"name":"Kezd\u0151lap","item":"https:\/\/stagezone.hu\/"},{"@type":"ListItem","position":2,"name":"\u00dczlet","item":"https:\/\/stagezone.hu\/uzlet\/"},{"@type":"ListItem","position":3,"name":"Millenium MCT-20 Cable Tester"}]},{"@type":"WebSite","@id":"https:\/\/stagezone.hu\/en\/#website","url":"https:\/\/stagezone.hu\/en\/","name":"StageZone - Ragyogj a Stagezone min\u0151s\u00e9gi f\u00e9nytechnik\u00e1j\u00e1val.","description":"StageZone","publisher":{"@id":"https:\/\/stagezone.hu\/en\/#organization"},"potentialAction":[{"@type":"SearchAction","target":{"@type":"EntryPoint","urlTemplate":"https:\/\/stagezone.hu\/en\/?s={search_term_string}"},"query-input":{"@type":"PropertyValueSpecification","valueRequired":true,"valueName":"search_term_string"}}],"inLanguage":"en-US"},{"@type":"Organization","@id":"https:\/\/stagezone.hu\/en\/#organization","name":"StageZone","url":"https:\/\/stagezone.hu\/en\/","logo":{"@type":"ImageObject","inLanguage":"en-US","@id":"https:\/\/stagezone.hu\/en\/#\/schema\/logo\/image\/","url":"https:\/\/stagezone.hu\/wp-content\/uploads\/2026\/01\/Adam-Hall_1000x1000-1-1.png","contentUrl":"https:\/\/stagezone.hu\/wp-content\/uploads\/2026\/01\/Adam-Hall_1000x1000-1-1.png","width":1000,"height":1000,"caption":"StageZone"},"image":{"@id":"https:\/\/stagezone.hu\/en\/#\/schema\/logo\/image\/"},"sameAs":["https:\/\/www.facebook.com\/stagezonehungary\/","https:\/\/www.instagram.com\/stagezonehungary\/"]}]}},"_links":{"self":[{"href":"https:\/\/stagezone.hu\/en\/wp-json\/wp\/v2\/product\/6055","targetHints":{"allow":["GET"]}}],"collection":[{"href":"https:\/\/stagezone.hu\/en\/wp-json\/wp\/v2\/product"}],"about":[{"href":"https:\/\/stagezone.hu\/en\/wp-json\/wp\/v2\/types\/product"}],"replies":[{"embeddable":true,"href":"https:\/\/stagezone.hu\/en\/wp-json\/wp\/v2\/comments?post=6055"}],"version-history":[{"count":3,"href":"https:\/\/stagezone.hu\/en\/wp-json\/wp\/v2\/product\/6055\/revisions"}],"predecessor-version":[{"id":6061,"href":"https:\/\/stagezone.hu\/en\/wp-json\/wp\/v2\/product\/6055\/revisions\/6061"}],"wp:featuredmedia":[{"embeddable":true,"href":"https:\/\/stagezone.hu\/en\/wp-json\/wp\/v2\/media\/6057"}],"wp:attachment":[{"href":"https:\/\/stagezone.hu\/en\/wp-json\/wp\/v2\/media?parent=6055"}],"wp:term":[{"taxonomy":"product_brand","embeddable":true,"href":"https:\/\/stagezone.hu\/en\/wp-json\/wp\/v2\/product_brand?post=6055"},{"taxonomy":"product_cat","embeddable":true,"href":"https:\/\/stagezone.hu\/en\/wp-json\/wp\/v2\/product_cat?post=6055"},{"taxonomy":"product_tag","embeddable":true,"href":"https:\/\/stagezone.hu\/en\/wp-json\/wp\/v2\/product_tag?post=6055"}],"curies":[{"name":"wp","href":"https:\/\/api.w.org\/{rel}","templated":true}]}}