{"id":6013,"date":"2024-11-21T17:00:46","date_gmt":"2024-11-21T16:00:46","guid":{"rendered":"https:\/\/stagezone.hu\/?post_type=product&#038;p=6013"},"modified":"2026-05-04T19:55:54","modified_gmt":"2026-05-04T18:55:54","slug":"slts-09-fenyallvany","status":"publish","type":"product","link":"https:\/\/stagezone.hu\/en\/product\/slts-09-lighting-stand-with-t-bar\/","title":{"rendered":"SLTS 09 Lighting Stand with T-Bar"},"content":{"rendered":"<p>&nbsp;<\/p>\n<p>Classic tripod lighting stand and T-bar. A particularly good choice for those looking for an inexpensive, entry-level, and stable stand.<\/p>\n<p>The product package includes 1 stand and 1 T-bar.<\/p>\n<p><strong>DATA<\/strong><\/p>\n<table id=\"tablepress-127\" class=\"tablepress tablepress-id-127\">\n<caption style=\"caption-side:bottom;text-align:left;border:none;background:none;margin:0;padding:0;\"><a href=\"https:\/\/stagezone.hu\/wp-admin\/admin.php?page=tablepress&#038;action=edit&#038;table_id=127\" rel=\"nofollow\">Edit<\/a><\/caption>\n<tbody class=\"row-striping row-hover\">\n<tr class=\"row-1\">\n<td class=\"column-1\">Material<\/td>\n<td class=\"column-2\">Steel<\/td>\n<\/tr>\n<tr class=\"row-2\">\n<td class=\"column-1\">Coating<\/td>\n<td class=\"column-2\">Powder coated<\/td>\n<\/tr>\n<tr class=\"row-3\">\n<td class=\"column-1\">Min. height<\/td>\n<td class=\"column-2\">1400 mm<\/td>\n<\/tr>\n<tr class=\"row-4\">\n<td class=\"column-1\">Max. height<\/td>\n<td class=\"column-2\">3200 mm<\/td>\n<\/tr>\n<tr class=\"row-5\">\n<td class=\"column-1\">T-bar<\/td>\n<td class=\"column-2\">1060 mm<\/td>\n<\/tr>\n<tr class=\"row-6\">\n<td class=\"column-1\">Max. load capacity<\/td>\n<td class=\"column-2\">30 kg<\/td>\n<\/tr>\n<tr class=\"row-7\">\n<td class=\"column-1\">Transport length<\/td>\n<td class=\"column-2\">1260 mm<\/td>\n<\/tr>\n<\/tbody>\n<\/table>\n","protected":false},"excerpt":{"rendered":"<p>The SLTS 09 lighting stand is a lightweight yet stable stand for its size. It is recommended for use with smaller lights.<\/p>\n","protected":false},"featured_media":6014,"comment_status":"open","ping_status":"closed","template":"","meta":[],"product_brand":[],"product_cat":[326,363],"product_tag":[329,372],"class_list":{"0":"post-6013","1":"product","2":"type-product","3":"status-publish","4":"has-post-thumbnail","6":"product_cat-fenyallvany","7":"product_cat-hardver","8":"product_tag-adam-hall","9":"product_tag-fenyallvany","11":"first","12":"low_stock","13":"taxable","14":"shipping-taxable","15":"purchasable","16":"product-type-simple"},"yoast_head":"<!-- This site is optimized with the Yoast SEO Premium plugin v27.2 (Yoast SEO v27.2) - https:\/\/yoast.com\/product\/yoast-seo-premium-wordpress\/ -->\n<title>SLTS 09 Lighting Stand with T-Bar<\/title>\n<meta name=\"description\" content=\"The SLTS 09 lighting stand is a lightweight yet stable stand for its size. It is recommended for use with smaller lights.\" \/>\n<meta name=\"robots\" content=\"index, follow, max-snippet:-1, max-image-preview:large, max-video-preview:-1\" \/>\n<link rel=\"canonical\" href=\"http:\/\/The%20SLTS%2009%20lighting%20stand%20is%20a%20lightweight%20yet%20stable%20stand%20for%20its%20size.%20It%20is%20recommended%20for%20use%20with%20smaller%20lights.\" \/>\n<meta property=\"og:locale\" content=\"en_US\" \/>\n<meta property=\"og:type\" content=\"article\" \/>\n<meta property=\"og:title\" content=\"SLTS 09 Lighting Stand with T-Bar\" \/>\n<meta property=\"og:description\" content=\"The SLTS 09 lighting stand is a lightweight yet stable stand for its size. It is recommended for use with smaller lights.\" \/>\n<meta property=\"og:url\" content=\"https:\/\/stagezone.hu\/en\/product\/slts-09-lighting-stand-with-t-bar\/\" \/>\n<meta property=\"og:site_name\" content=\"StageZone\" \/>\n<meta property=\"article:publisher\" content=\"https:\/\/www.facebook.com\/stagezonehungary\/\" \/>\n<meta property=\"article:modified_time\" content=\"2026-05-04T18:55:54+00:00\" \/>\n<meta property=\"og:image\" content=\"https:\/\/stagezone.hu\/wp-content\/uploads\/2024\/11\/SLTS09_1.jpg\" \/>\n\t<meta property=\"og:image:width\" content=\"1000\" \/>\n\t<meta property=\"og:image:height\" content=\"1000\" \/>\n\t<meta property=\"og:image:type\" content=\"image\/jpeg\" \/>\n<meta name=\"twitter:card\" content=\"summary_large_image\" \/>\n<meta name=\"twitter:label1\" content=\"Est. reading time\" \/>\n\t<meta name=\"twitter:data1\" content=\"1 minute\" \/>\n<script type=\"application\/ld+json\" class=\"yoast-schema-graph\">{\"@context\":\"https:\/\/schema.org\",\"@graph\":[{\"@type\":\"WebPage\",\"@id\":\"https:\/\/stagezone.hu\/en\/product\/slts-09-lighting-stand-with-t-bar\/\",\"url\":\"https:\/\/stagezone.hu\/en\/product\/slts-09-lighting-stand-with-t-bar\/\",\"name\":\"SLTS 09 f\u00e9ny\u00e1llv\u00e1ny - StageZone\",\"isPartOf\":{\"@id\":\"https:\/\/stagezone.hu\/#website\"},\"primaryImageOfPage\":{\"@id\":\"https:\/\/stagezone.hu\/en\/product\/slts-09-lighting-stand-with-t-bar\/#primaryimage\"},\"image\":{\"@id\":\"https:\/\/stagezone.hu\/en\/product\/slts-09-lighting-stand-with-t-bar\/#primaryimage\"},\"thumbnailUrl\":\"https:\/\/stagezone.hu\/wp-content\/uploads\/2024\/11\/SLTS09_1.jpg\",\"datePublished\":\"2024-11-21T16:00:46+00:00\",\"dateModified\":\"2026-05-04T18:55:54+00:00\",\"description\":\"Az SLTS 09 f\u00e9ny\u00e1llv\u00e1ny egy k\u00f6nny\u0171 szerkezet\u0171, ugyanakkor m\u00e9ret\u00e9hez k\u00e9pest stabil \u00e1llv\u00e1ny. Haszn\u00e1lat\u00e1t kisebb m\u00e9ret\u0171 l\u00e1mp\u00e1khoz aj\u00e1nljuk.\",\"breadcrumb\":{\"@id\":\"https:\/\/stagezone.hu\/en\/product\/slts-09-lighting-stand-with-t-bar\/#breadcrumb\"},\"inLanguage\":\"en-US\",\"potentialAction\":[{\"@type\":\"ReadAction\",\"target\":[\"https:\/\/stagezone.hu\/en\/product\/slts-09-lighting-stand-with-t-bar\/\"]}]},{\"@type\":\"ImageObject\",\"inLanguage\":\"en-US\",\"@id\":\"https:\/\/stagezone.hu\/en\/product\/slts-09-lighting-stand-with-t-bar\/#primaryimage\",\"url\":\"https:\/\/stagezone.hu\/wp-content\/uploads\/2024\/11\/SLTS09_1.jpg\",\"contentUrl\":\"https:\/\/stagezone.hu\/wp-content\/uploads\/2024\/11\/SLTS09_1.jpg\",\"width\":1000,\"height\":1000},{\"@type\":\"BreadcrumbList\",\"@id\":\"https:\/\/stagezone.hu\/en\/product\/slts-09-lighting-stand-with-t-bar\/#breadcrumb\",\"itemListElement\":[{\"@type\":\"ListItem\",\"position\":1,\"name\":\"Kezd\u0151lap\",\"item\":\"https:\/\/stagezone.hu\/\"},{\"@type\":\"ListItem\",\"position\":2,\"name\":\"\u00dczlet\",\"item\":\"https:\/\/stagezone.hu\/uzlet\/\"},{\"@type\":\"ListItem\",\"position\":3,\"name\":\"SLTS 09 Lighting Stand with T-Bar\"}]},{\"@type\":\"WebSite\",\"@id\":\"https:\/\/stagezone.hu\/en\/#website\",\"url\":\"https:\/\/stagezone.hu\/en\/\",\"name\":\"StageZone - Ragyogj a Stagezone min\u0151s\u00e9gi f\u00e9nytechnik\u00e1j\u00e1val.\",\"description\":\"StageZone\",\"publisher\":{\"@id\":\"https:\/\/stagezone.hu\/en\/#organization\"},\"potentialAction\":[{\"@type\":\"SearchAction\",\"target\":{\"@type\":\"EntryPoint\",\"urlTemplate\":\"https:\/\/stagezone.hu\/en\/?s={search_term_string}\"},\"query-input\":{\"@type\":\"PropertyValueSpecification\",\"valueRequired\":true,\"valueName\":\"search_term_string\"}}],\"inLanguage\":\"en-US\"},{\"@type\":\"Organization\",\"@id\":\"https:\/\/stagezone.hu\/en\/#organization\",\"name\":\"StageZone\",\"url\":\"https:\/\/stagezone.hu\/en\/\",\"logo\":{\"@type\":\"ImageObject\",\"inLanguage\":\"en-US\",\"@id\":\"https:\/\/stagezone.hu\/en\/#\/schema\/logo\/image\/\",\"url\":\"https:\/\/stagezone.hu\/wp-content\/uploads\/2026\/01\/Adam-Hall_1000x1000-1-1.png\",\"contentUrl\":\"https:\/\/stagezone.hu\/wp-content\/uploads\/2026\/01\/Adam-Hall_1000x1000-1-1.png\",\"width\":1000,\"height\":1000,\"caption\":\"StageZone\"},\"image\":{\"@id\":\"https:\/\/stagezone.hu\/en\/#\/schema\/logo\/image\/\"},\"sameAs\":[\"https:\/\/www.facebook.com\/stagezonehungary\/\",\"https:\/\/www.instagram.com\/stagezonehungary\/\"]}]}<\/script>\n<!-- \/ Yoast SEO Premium plugin. -->","yoast_head_json":{"title":"SLTS 09 Lighting Stand with T-Bar","description":"The SLTS 09 lighting stand is a lightweight yet stable stand for its size. It is recommended for use with smaller lights.","robots":{"index":"index","follow":"follow","max-snippet":"max-snippet:-1","max-image-preview":"max-image-preview:large","max-video-preview":"max-video-preview:-1"},"canonical":"The SLTS 09 lighting stand is a lightweight yet stable stand for its size. It is recommended for use with smaller lights.","og_locale":"en_US","og_type":"article","og_title":"SLTS 09 Lighting Stand with T-Bar","og_description":"The SLTS 09 lighting stand is a lightweight yet stable stand for its size. It is recommended for use with smaller lights.","og_url":"https:\/\/stagezone.hu\/en\/product\/slts-09-lighting-stand-with-t-bar\/","og_site_name":"StageZone","article_publisher":"https:\/\/www.facebook.com\/stagezonehungary\/","article_modified_time":"2026-05-04T18:55:54+00:00","og_image":[{"width":1000,"height":1000,"url":"https:\/\/stagezone.hu\/wp-content\/uploads\/2024\/11\/SLTS09_1.jpg","type":"image\/jpeg"}],"twitter_card":"summary_large_image","twitter_misc":{"Est. reading time":"1 minute"},"schema":{"@context":"https:\/\/schema.org","@graph":[{"@type":"WebPage","@id":"https:\/\/stagezone.hu\/en\/product\/slts-09-lighting-stand-with-t-bar\/","url":"https:\/\/stagezone.hu\/en\/product\/slts-09-lighting-stand-with-t-bar\/","name":"SLTS 09 f\u00e9ny\u00e1llv\u00e1ny - StageZone","isPartOf":{"@id":"https:\/\/stagezone.hu\/#website"},"primaryImageOfPage":{"@id":"https:\/\/stagezone.hu\/en\/product\/slts-09-lighting-stand-with-t-bar\/#primaryimage"},"image":{"@id":"https:\/\/stagezone.hu\/en\/product\/slts-09-lighting-stand-with-t-bar\/#primaryimage"},"thumbnailUrl":"https:\/\/stagezone.hu\/wp-content\/uploads\/2024\/11\/SLTS09_1.jpg","datePublished":"2024-11-21T16:00:46+00:00","dateModified":"2026-05-04T18:55:54+00:00","description":"Az SLTS 09 f\u00e9ny\u00e1llv\u00e1ny egy k\u00f6nny\u0171 szerkezet\u0171, ugyanakkor m\u00e9ret\u00e9hez k\u00e9pest stabil \u00e1llv\u00e1ny. Haszn\u00e1lat\u00e1t kisebb m\u00e9ret\u0171 l\u00e1mp\u00e1khoz aj\u00e1nljuk.","breadcrumb":{"@id":"https:\/\/stagezone.hu\/en\/product\/slts-09-lighting-stand-with-t-bar\/#breadcrumb"},"inLanguage":"en-US","potentialAction":[{"@type":"ReadAction","target":["https:\/\/stagezone.hu\/en\/product\/slts-09-lighting-stand-with-t-bar\/"]}]},{"@type":"ImageObject","inLanguage":"en-US","@id":"https:\/\/stagezone.hu\/en\/product\/slts-09-lighting-stand-with-t-bar\/#primaryimage","url":"https:\/\/stagezone.hu\/wp-content\/uploads\/2024\/11\/SLTS09_1.jpg","contentUrl":"https:\/\/stagezone.hu\/wp-content\/uploads\/2024\/11\/SLTS09_1.jpg","width":1000,"height":1000},{"@type":"BreadcrumbList","@id":"https:\/\/stagezone.hu\/en\/product\/slts-09-lighting-stand-with-t-bar\/#breadcrumb","itemListElement":[{"@type":"ListItem","position":1,"name":"Kezd\u0151lap","item":"https:\/\/stagezone.hu\/"},{"@type":"ListItem","position":2,"name":"\u00dczlet","item":"https:\/\/stagezone.hu\/uzlet\/"},{"@type":"ListItem","position":3,"name":"SLTS 09 Lighting Stand with T-Bar"}]},{"@type":"WebSite","@id":"https:\/\/stagezone.hu\/en\/#website","url":"https:\/\/stagezone.hu\/en\/","name":"StageZone - Ragyogj a Stagezone min\u0151s\u00e9gi f\u00e9nytechnik\u00e1j\u00e1val.","description":"StageZone","publisher":{"@id":"https:\/\/stagezone.hu\/en\/#organization"},"potentialAction":[{"@type":"SearchAction","target":{"@type":"EntryPoint","urlTemplate":"https:\/\/stagezone.hu\/en\/?s={search_term_string}"},"query-input":{"@type":"PropertyValueSpecification","valueRequired":true,"valueName":"search_term_string"}}],"inLanguage":"en-US"},{"@type":"Organization","@id":"https:\/\/stagezone.hu\/en\/#organization","name":"StageZone","url":"https:\/\/stagezone.hu\/en\/","logo":{"@type":"ImageObject","inLanguage":"en-US","@id":"https:\/\/stagezone.hu\/en\/#\/schema\/logo\/image\/","url":"https:\/\/stagezone.hu\/wp-content\/uploads\/2026\/01\/Adam-Hall_1000x1000-1-1.png","contentUrl":"https:\/\/stagezone.hu\/wp-content\/uploads\/2026\/01\/Adam-Hall_1000x1000-1-1.png","width":1000,"height":1000,"caption":"StageZone"},"image":{"@id":"https:\/\/stagezone.hu\/en\/#\/schema\/logo\/image\/"},"sameAs":["https:\/\/www.facebook.com\/stagezonehungary\/","https:\/\/www.instagram.com\/stagezonehungary\/"]}]}},"_links":{"self":[{"href":"https:\/\/stagezone.hu\/en\/wp-json\/wp\/v2\/product\/6013","targetHints":{"allow":["GET"]}}],"collection":[{"href":"https:\/\/stagezone.hu\/en\/wp-json\/wp\/v2\/product"}],"about":[{"href":"https:\/\/stagezone.hu\/en\/wp-json\/wp\/v2\/types\/product"}],"replies":[{"embeddable":true,"href":"https:\/\/stagezone.hu\/en\/wp-json\/wp\/v2\/comments?post=6013"}],"version-history":[{"count":1,"href":"https:\/\/stagezone.hu\/en\/wp-json\/wp\/v2\/product\/6013\/revisions"}],"predecessor-version":[{"id":6020,"href":"https:\/\/stagezone.hu\/en\/wp-json\/wp\/v2\/product\/6013\/revisions\/6020"}],"wp:featuredmedia":[{"embeddable":true,"href":"https:\/\/stagezone.hu\/en\/wp-json\/wp\/v2\/media\/6014"}],"wp:attachment":[{"href":"https:\/\/stagezone.hu\/en\/wp-json\/wp\/v2\/media?parent=6013"}],"wp:term":[{"taxonomy":"product_brand","embeddable":true,"href":"https:\/\/stagezone.hu\/en\/wp-json\/wp\/v2\/product_brand?post=6013"},{"taxonomy":"product_cat","embeddable":true,"href":"https:\/\/stagezone.hu\/en\/wp-json\/wp\/v2\/product_cat?post=6013"},{"taxonomy":"product_tag","embeddable":true,"href":"https:\/\/stagezone.hu\/en\/wp-json\/wp\/v2\/product_tag?post=6013"}],"curies":[{"name":"wp","href":"https:\/\/api.w.org\/{rel}","templated":true}]}}