{"id":5964,"date":"2024-11-21T12:30:53","date_gmt":"2024-11-21T11:30:53","guid":{"rendered":"https:\/\/stagezone.hu\/?post_type=product&#038;p=5964"},"modified":"2026-05-04T19:55:58","modified_gmt":"2026-05-04T18:55:58","slug":"lts-laptop-allvany-set","status":"publish","type":"product","link":"https:\/\/stagezone.hu\/en\/product\/gravity-lts-laptop-stand-set\/","title":{"rendered":"Gravity LTS Laptop Stand Set"},"content":{"rendered":"<p>&nbsp;<\/p>\n<p><img fetchpriority=\"high\" decoding=\"async\" class=\"size-medium wp-image-5968 alignright\" src=\"https:\/\/stagezone.hu\/wp-content\/uploads\/2024\/11\/GLTS01BSET1_12-500x500.jpg\" alt=\"\" width=\"500\" height=\"500\" srcset=\"https:\/\/stagezone.hu\/wp-content\/uploads\/2024\/11\/GLTS01BSET1_12-500x500.jpg 500w, https:\/\/stagezone.hu\/wp-content\/uploads\/2024\/11\/GLTS01BSET1_12-400x400.jpg 400w, https:\/\/stagezone.hu\/wp-content\/uploads\/2024\/11\/GLTS01BSET1_12-300x300.jpg 300w, https:\/\/stagezone.hu\/wp-content\/uploads\/2024\/11\/GLTS01BSET1_12-150x150.jpg 150w, https:\/\/stagezone.hu\/wp-content\/uploads\/2024\/11\/GLTS01BSET1_12-75x75.jpg 75w, https:\/\/stagezone.hu\/wp-content\/uploads\/2024\/11\/GLTS01BSET1_12-480x480.jpg 480w\" sizes=\"(max-width:767px) 500px, 500px\" \/>We most recommend this durable, aluminum laptop stand for mobile use. Its light weight makes transportation easy.<\/p>\n<p>The rubberized feet help the stand grip on all surfaces.<\/p>\n<p><strong>Package Contents:<\/strong><br \/>\n1 pc Gravity LTS laptop stand<br \/>\n1 pc Gravity LTS laptop stand bag<\/p>\n<p><strong>DATA<\/strong><\/p>\n<table id=\"tablepress-126\" class=\"tablepress tablepress-id-126\">\n<caption style=\"caption-side:bottom;text-align:left;border:none;background:none;margin:0;padding:0;\"><a href=\"https:\/\/stagezone.hu\/wp-admin\/admin.php?page=tablepress&#038;action=edit&#038;table_id=126\" rel=\"nofollow\">Edit<\/a><\/caption>\n<tbody class=\"row-striping row-hover\">\n<tr class=\"row-1\">\n<td class=\"column-1\">Depth<\/td>\n<td class=\"column-2\">280 mm<\/td>\n<\/tr>\n<tr class=\"row-2\">\n<td class=\"column-1\">Width<\/td>\n<td class=\"column-2\">260 mm<\/td>\n<\/tr>\n<tr class=\"row-3\">\n<td class=\"column-1\">Height<\/td>\n<td class=\"column-2\">270 mm<\/td>\n<\/tr>\n<tr class=\"row-4\">\n<td class=\"column-1\">Max. load capacity<\/td>\n<td class=\"column-2\">8 kg<\/td>\n<\/tr>\n<tr class=\"row-5\">\n<td class=\"column-1\">Coating<\/td>\n<td class=\"column-2\">Powder coated<\/td>\n<\/tr>\n<\/tbody>\n<\/table>\n","protected":false},"excerpt":{"rendered":"<p>This durable, aluminum laptop stand is ideal for mobile use due to its light weight and easy portability. It features rubberized feet for stability and comes with a carrying bag.<\/p>\n","protected":false},"featured_media":5966,"comment_status":"open","ping_status":"closed","template":"","meta":[],"product_brand":[],"product_cat":[335,363],"product_tag":[367,365,403],"class_list":{"0":"post-5964","1":"product","2":"type-product","3":"status-publish","4":"has-post-thumbnail","6":"product_cat-egyeb-allvanyok","7":"product_cat-hardver","8":"product_tag-allvany","9":"product_tag-gravity","10":"product_tag-laptop","12":"first","13":"instock","14":"taxable","15":"shipping-taxable","16":"purchasable","17":"product-type-simple"},"yoast_head":"<!-- This site is optimized with the Yoast SEO Premium plugin v27.2 (Yoast SEO v27.2) - https:\/\/yoast.com\/product\/yoast-seo-premium-wordpress\/ -->\n<title>Gravity LTS Laptop Stand Set<\/title>\n<meta name=\"description\" content=\"This durable, aluminum laptop stand is ideal for mobile use due to its light weight and easy portability. It features rubberized feet for stability and comes with a carrying bag.\" \/>\n<meta name=\"robots\" content=\"index, follow, max-snippet:-1, max-image-preview:large, max-video-preview:-1\" \/>\n<link rel=\"canonical\" href=\"http:\/\/This%20durable,%20aluminum%20laptop%20stand%20is%20ideal%20for%20mobile%20use%20due%20to%20its%20light%20weight%20and%20easy%20portability.%20It%20features%20rubberized%20feet%20for%20stability%20and%20comes%20with%20a%20carrying%20bag.\" \/>\n<meta property=\"og:locale\" content=\"en_US\" \/>\n<meta property=\"og:type\" content=\"article\" \/>\n<meta property=\"og:title\" content=\"Gravity LTS Laptop Stand Set\" \/>\n<meta property=\"og:description\" content=\"This durable, aluminum laptop stand is ideal for mobile use due to its light weight and easy portability. It features rubberized feet for stability and comes with a carrying bag.\" \/>\n<meta property=\"og:url\" content=\"https:\/\/stagezone.hu\/en\/product\/gravity-lts-laptop-stand-set\/\" \/>\n<meta property=\"og:site_name\" content=\"StageZone\" \/>\n<meta property=\"article:publisher\" content=\"https:\/\/www.facebook.com\/stagezonehungary\/\" \/>\n<meta property=\"article:modified_time\" content=\"2026-05-04T18:55:58+00:00\" \/>\n<meta property=\"og:image\" content=\"https:\/\/stagezone.hu\/wp-content\/uploads\/2024\/11\/GLTS01BSET1_8.jpg\" \/>\n\t<meta property=\"og:image:width\" content=\"2000\" \/>\n\t<meta property=\"og:image:height\" content=\"2000\" \/>\n\t<meta property=\"og:image:type\" content=\"image\/jpeg\" \/>\n<meta name=\"twitter:card\" content=\"summary_large_image\" \/>\n<meta name=\"twitter:label1\" content=\"Est. reading time\" \/>\n\t<meta name=\"twitter:data1\" content=\"1 minute\" \/>\n<script type=\"application\/ld+json\" class=\"yoast-schema-graph\">{\"@context\":\"https:\/\/schema.org\",\"@graph\":[{\"@type\":\"WebPage\",\"@id\":\"https:\/\/stagezone.hu\/en\/product\/gravity-lts-laptop-stand-set\/\",\"url\":\"https:\/\/stagezone.hu\/en\/product\/gravity-lts-laptop-stand-set\/\",\"name\":\"LTS Laptop \u00e1llv\u00e1ny set - StageZone\",\"isPartOf\":{\"@id\":\"https:\/\/stagezone.hu\/#website\"},\"primaryImageOfPage\":{\"@id\":\"https:\/\/stagezone.hu\/en\/product\/gravity-lts-laptop-stand-set\/#primaryimage\"},\"image\":{\"@id\":\"https:\/\/stagezone.hu\/en\/product\/gravity-lts-laptop-stand-set\/#primaryimage\"},\"thumbnailUrl\":\"https:\/\/stagezone.hu\/wp-content\/uploads\/2024\/11\/GLTS01BSET1_8.jpg\",\"datePublished\":\"2024-11-21T11:30:53+00:00\",\"dateModified\":\"2026-05-04T18:55:58+00:00\",\"description\":\"Az LTS Laptop \u00e1llv\u00e1ny set a legkompaktabb laptop \u00e1llv\u00e1nyunk. \u00d6sszehajthat\u00f3, gyorsan fel\u00e1ll\u00edthat\u00f3 \u00e9s m\u00e9g egy neopr\u00e9m hordt\u00e1ska is helyet kapott a csomagban.\",\"breadcrumb\":{\"@id\":\"https:\/\/stagezone.hu\/en\/product\/gravity-lts-laptop-stand-set\/#breadcrumb\"},\"inLanguage\":\"en-US\",\"potentialAction\":[{\"@type\":\"ReadAction\",\"target\":[\"https:\/\/stagezone.hu\/en\/product\/gravity-lts-laptop-stand-set\/\"]}]},{\"@type\":\"ImageObject\",\"inLanguage\":\"en-US\",\"@id\":\"https:\/\/stagezone.hu\/en\/product\/gravity-lts-laptop-stand-set\/#primaryimage\",\"url\":\"https:\/\/stagezone.hu\/wp-content\/uploads\/2024\/11\/GLTS01BSET1_8.jpg\",\"contentUrl\":\"https:\/\/stagezone.hu\/wp-content\/uploads\/2024\/11\/GLTS01BSET1_8.jpg\",\"width\":2000,\"height\":2000},{\"@type\":\"BreadcrumbList\",\"@id\":\"https:\/\/stagezone.hu\/en\/product\/gravity-lts-laptop-stand-set\/#breadcrumb\",\"itemListElement\":[{\"@type\":\"ListItem\",\"position\":1,\"name\":\"Kezd\u0151lap\",\"item\":\"https:\/\/stagezone.hu\/\"},{\"@type\":\"ListItem\",\"position\":2,\"name\":\"\u00dczlet\",\"item\":\"https:\/\/stagezone.hu\/uzlet\/\"},{\"@type\":\"ListItem\",\"position\":3,\"name\":\"Gravity LTS Laptop Stand Set\"}]},{\"@type\":\"WebSite\",\"@id\":\"https:\/\/stagezone.hu\/en\/#website\",\"url\":\"https:\/\/stagezone.hu\/en\/\",\"name\":\"StageZone - Ragyogj a Stagezone min\u0151s\u00e9gi f\u00e9nytechnik\u00e1j\u00e1val.\",\"description\":\"StageZone\",\"publisher\":{\"@id\":\"https:\/\/stagezone.hu\/en\/#organization\"},\"potentialAction\":[{\"@type\":\"SearchAction\",\"target\":{\"@type\":\"EntryPoint\",\"urlTemplate\":\"https:\/\/stagezone.hu\/en\/?s={search_term_string}\"},\"query-input\":{\"@type\":\"PropertyValueSpecification\",\"valueRequired\":true,\"valueName\":\"search_term_string\"}}],\"inLanguage\":\"en-US\"},{\"@type\":\"Organization\",\"@id\":\"https:\/\/stagezone.hu\/en\/#organization\",\"name\":\"StageZone\",\"url\":\"https:\/\/stagezone.hu\/en\/\",\"logo\":{\"@type\":\"ImageObject\",\"inLanguage\":\"en-US\",\"@id\":\"https:\/\/stagezone.hu\/en\/#\/schema\/logo\/image\/\",\"url\":\"https:\/\/stagezone.hu\/wp-content\/uploads\/2026\/01\/Adam-Hall_1000x1000-1-1.png\",\"contentUrl\":\"https:\/\/stagezone.hu\/wp-content\/uploads\/2026\/01\/Adam-Hall_1000x1000-1-1.png\",\"width\":1000,\"height\":1000,\"caption\":\"StageZone\"},\"image\":{\"@id\":\"https:\/\/stagezone.hu\/en\/#\/schema\/logo\/image\/\"},\"sameAs\":[\"https:\/\/www.facebook.com\/stagezonehungary\/\",\"https:\/\/www.instagram.com\/stagezonehungary\/\"]}]}<\/script>\n<!-- \/ Yoast SEO Premium plugin. -->","yoast_head_json":{"title":"Gravity LTS Laptop Stand Set","description":"This durable, aluminum laptop stand is ideal for mobile use due to its light weight and easy portability. It features rubberized feet for stability and comes with a carrying bag.","robots":{"index":"index","follow":"follow","max-snippet":"max-snippet:-1","max-image-preview":"max-image-preview:large","max-video-preview":"max-video-preview:-1"},"canonical":"This durable, aluminum laptop stand is ideal for mobile use due to its light weight and easy portability. It features rubberized feet for stability and comes with a carrying bag.","og_locale":"en_US","og_type":"article","og_title":"Gravity LTS Laptop Stand Set","og_description":"This durable, aluminum laptop stand is ideal for mobile use due to its light weight and easy portability. It features rubberized feet for stability and comes with a carrying bag.","og_url":"https:\/\/stagezone.hu\/en\/product\/gravity-lts-laptop-stand-set\/","og_site_name":"StageZone","article_publisher":"https:\/\/www.facebook.com\/stagezonehungary\/","article_modified_time":"2026-05-04T18:55:58+00:00","og_image":[{"width":2000,"height":2000,"url":"https:\/\/stagezone.hu\/wp-content\/uploads\/2024\/11\/GLTS01BSET1_8.jpg","type":"image\/jpeg"}],"twitter_card":"summary_large_image","twitter_misc":{"Est. reading time":"1 minute"},"schema":{"@context":"https:\/\/schema.org","@graph":[{"@type":"WebPage","@id":"https:\/\/stagezone.hu\/en\/product\/gravity-lts-laptop-stand-set\/","url":"https:\/\/stagezone.hu\/en\/product\/gravity-lts-laptop-stand-set\/","name":"LTS Laptop \u00e1llv\u00e1ny set - StageZone","isPartOf":{"@id":"https:\/\/stagezone.hu\/#website"},"primaryImageOfPage":{"@id":"https:\/\/stagezone.hu\/en\/product\/gravity-lts-laptop-stand-set\/#primaryimage"},"image":{"@id":"https:\/\/stagezone.hu\/en\/product\/gravity-lts-laptop-stand-set\/#primaryimage"},"thumbnailUrl":"https:\/\/stagezone.hu\/wp-content\/uploads\/2024\/11\/GLTS01BSET1_8.jpg","datePublished":"2024-11-21T11:30:53+00:00","dateModified":"2026-05-04T18:55:58+00:00","description":"Az LTS Laptop \u00e1llv\u00e1ny set a legkompaktabb laptop \u00e1llv\u00e1nyunk. \u00d6sszehajthat\u00f3, gyorsan fel\u00e1ll\u00edthat\u00f3 \u00e9s m\u00e9g egy neopr\u00e9m hordt\u00e1ska is helyet kapott a csomagban.","breadcrumb":{"@id":"https:\/\/stagezone.hu\/en\/product\/gravity-lts-laptop-stand-set\/#breadcrumb"},"inLanguage":"en-US","potentialAction":[{"@type":"ReadAction","target":["https:\/\/stagezone.hu\/en\/product\/gravity-lts-laptop-stand-set\/"]}]},{"@type":"ImageObject","inLanguage":"en-US","@id":"https:\/\/stagezone.hu\/en\/product\/gravity-lts-laptop-stand-set\/#primaryimage","url":"https:\/\/stagezone.hu\/wp-content\/uploads\/2024\/11\/GLTS01BSET1_8.jpg","contentUrl":"https:\/\/stagezone.hu\/wp-content\/uploads\/2024\/11\/GLTS01BSET1_8.jpg","width":2000,"height":2000},{"@type":"BreadcrumbList","@id":"https:\/\/stagezone.hu\/en\/product\/gravity-lts-laptop-stand-set\/#breadcrumb","itemListElement":[{"@type":"ListItem","position":1,"name":"Kezd\u0151lap","item":"https:\/\/stagezone.hu\/"},{"@type":"ListItem","position":2,"name":"\u00dczlet","item":"https:\/\/stagezone.hu\/uzlet\/"},{"@type":"ListItem","position":3,"name":"Gravity LTS Laptop Stand Set"}]},{"@type":"WebSite","@id":"https:\/\/stagezone.hu\/en\/#website","url":"https:\/\/stagezone.hu\/en\/","name":"StageZone - Ragyogj a Stagezone min\u0151s\u00e9gi f\u00e9nytechnik\u00e1j\u00e1val.","description":"StageZone","publisher":{"@id":"https:\/\/stagezone.hu\/en\/#organization"},"potentialAction":[{"@type":"SearchAction","target":{"@type":"EntryPoint","urlTemplate":"https:\/\/stagezone.hu\/en\/?s={search_term_string}"},"query-input":{"@type":"PropertyValueSpecification","valueRequired":true,"valueName":"search_term_string"}}],"inLanguage":"en-US"},{"@type":"Organization","@id":"https:\/\/stagezone.hu\/en\/#organization","name":"StageZone","url":"https:\/\/stagezone.hu\/en\/","logo":{"@type":"ImageObject","inLanguage":"en-US","@id":"https:\/\/stagezone.hu\/en\/#\/schema\/logo\/image\/","url":"https:\/\/stagezone.hu\/wp-content\/uploads\/2026\/01\/Adam-Hall_1000x1000-1-1.png","contentUrl":"https:\/\/stagezone.hu\/wp-content\/uploads\/2026\/01\/Adam-Hall_1000x1000-1-1.png","width":1000,"height":1000,"caption":"StageZone"},"image":{"@id":"https:\/\/stagezone.hu\/en\/#\/schema\/logo\/image\/"},"sameAs":["https:\/\/www.facebook.com\/stagezonehungary\/","https:\/\/www.instagram.com\/stagezonehungary\/"]}]}},"_links":{"self":[{"href":"https:\/\/stagezone.hu\/en\/wp-json\/wp\/v2\/product\/5964","targetHints":{"allow":["GET"]}}],"collection":[{"href":"https:\/\/stagezone.hu\/en\/wp-json\/wp\/v2\/product"}],"about":[{"href":"https:\/\/stagezone.hu\/en\/wp-json\/wp\/v2\/types\/product"}],"replies":[{"embeddable":true,"href":"https:\/\/stagezone.hu\/en\/wp-json\/wp\/v2\/comments?post=5964"}],"version-history":[{"count":1,"href":"https:\/\/stagezone.hu\/en\/wp-json\/wp\/v2\/product\/5964\/revisions"}],"predecessor-version":[{"id":5971,"href":"https:\/\/stagezone.hu\/en\/wp-json\/wp\/v2\/product\/5964\/revisions\/5971"}],"wp:featuredmedia":[{"embeddable":true,"href":"https:\/\/stagezone.hu\/en\/wp-json\/wp\/v2\/media\/5966"}],"wp:attachment":[{"href":"https:\/\/stagezone.hu\/en\/wp-json\/wp\/v2\/media?parent=5964"}],"wp:term":[{"taxonomy":"product_brand","embeddable":true,"href":"https:\/\/stagezone.hu\/en\/wp-json\/wp\/v2\/product_brand?post=5964"},{"taxonomy":"product_cat","embeddable":true,"href":"https:\/\/stagezone.hu\/en\/wp-json\/wp\/v2\/product_cat?post=5964"},{"taxonomy":"product_tag","embeddable":true,"href":"https:\/\/stagezone.hu\/en\/wp-json\/wp\/v2\/product_tag?post=5964"}],"curies":[{"name":"wp","href":"https:\/\/api.w.org\/{rel}","templated":true}]}}