{"id":4398,"date":"2024-10-24T11:24:36","date_gmt":"2024-10-24T09:24:36","guid":{"rendered":"https:\/\/stagezone.hu\/?post_type=product&#038;p=4398"},"modified":"2026-05-04T19:56:01","modified_gmt":"2026-05-04T18:56:01","slug":"sp-5211-w-hangfal-allvany","status":"publish","type":"product","link":"https:\/\/stagezone.hu\/en\/product\/speaker-stand-sp-5211-w-white\/","title":{"rendered":"Speaker Stand SP 5211 W White"},"content":{"rendered":"<p>&nbsp;<\/p>\n<p>The SP 5211 W speaker stand is a reliable companion for any event. Whether for hobby or professional use, this device holds its ground.<\/p>\n<p>It fits perfectly into speakers with a standard 35 mm sleeve. The rubberized locking screws provide a good grip and sufficient hold during setup. Its connecting elements are made of die-cast aluminum, so you don&#8217;t have to worry about them wearing out prematurely.<\/p>\n<p>Thanks to its clean white color, we recommend its use for weddings, corporate events, and thematic constructions.<\/p>\n<p><strong>DATA<\/strong><\/p>\n<table id=\"tablepress-62-no-2\" class=\"tablepress tablepress-id-62\">\n<caption style=\"caption-side:bottom;text-align:left;border:none;background:none;margin:0;padding:0;\"><a href=\"https:\/\/stagezone.hu\/wp-admin\/admin.php?page=tablepress&#038;action=edit&#038;table_id=62\" rel=\"nofollow\">Edit<\/a><\/caption>\n<tbody class=\"row-striping row-hover\">\n<tr class=\"row-1\">\n<td class=\"column-1\">Coating<\/td>\n<td class=\"column-2\">Powder coated<\/td>\n<\/tr>\n<tr class=\"row-2\">\n<td class=\"column-1\">Min. height<\/td>\n<td class=\"column-2\">1060 mm<\/td>\n<\/tr>\n<tr class=\"row-3\">\n<td class=\"column-1\">Max. height<\/td>\n<td class=\"column-2\">1950 mm<\/td>\n<\/tr>\n<tr class=\"row-4\">\n<td class=\"column-1\">Transport height<\/td>\n<td class=\"column-2\">1050 mm<\/td>\n<\/tr>\n<tr class=\"row-5\">\n<td class=\"column-1\">Diameter<\/td>\n<td class=\"column-2\">35 mm<\/td>\n<\/tr>\n<tr class=\"row-6\">\n<td class=\"column-1\">Max. load capacity<\/td>\n<td class=\"column-2\">50 kg<\/td>\n<\/tr>\n<tr class=\"row-7\">\n<td class=\"column-1\">Replaceable marking ring<\/td>\n<td class=\"column-2\">Yes<\/td>\n<\/tr>\n<\/tbody>\n<\/table>\n","protected":false},"excerpt":{"rendered":"<p>The SP 5211 W speaker stand is a classic, reliable speaker stand in white. We recommend it primarily for weddings.<\/p>\n","protected":false},"featured_media":5547,"comment_status":"open","ping_status":"closed","template":"","meta":[],"product_brand":[],"product_cat":[328,363],"product_tag":[365,371],"class_list":{"0":"post-4398","1":"product","2":"type-product","3":"status-publish","4":"has-post-thumbnail","6":"product_cat-hangfal-allvanyok","7":"product_cat-hardver","8":"product_tag-gravity","9":"product_tag-hangfal-allvany","11":"first","12":"low_stock","13":"taxable","14":"shipping-taxable","15":"purchasable","16":"product-type-simple"},"yoast_head":"<!-- This site is optimized with the Yoast SEO Premium plugin v27.2 (Yoast SEO v27.2) - https:\/\/yoast.com\/product\/yoast-seo-premium-wordpress\/ -->\n<title>Speaker Stand SP 5211 W White<\/title>\n<meta name=\"description\" content=\"The SP 5211 W speaker stand is a classic, reliable speaker stand in white. We recommend it primarily for weddings.\" \/>\n<meta name=\"robots\" content=\"index, follow, max-snippet:-1, max-image-preview:large, max-video-preview:-1\" \/>\n<link rel=\"canonical\" href=\"http:\/\/The%20SP%205211%20W%20speaker%20stand%20is%20a%20classic,%20reliable%20speaker%20stand%20in%20white.%20We%20recommend%20it%20primarily%20for%20weddings.\" \/>\n<meta property=\"og:locale\" content=\"en_US\" \/>\n<meta property=\"og:type\" content=\"article\" \/>\n<meta property=\"og:title\" content=\"Speaker Stand SP 5211 W White\" \/>\n<meta property=\"og:description\" content=\"The SP 5211 W speaker stand is a classic, reliable speaker stand in white. We recommend it primarily for weddings.\" \/>\n<meta property=\"og:url\" content=\"https:\/\/stagezone.hu\/en\/product\/speaker-stand-sp-5211-w-white\/\" \/>\n<meta property=\"og:site_name\" content=\"StageZone\" \/>\n<meta property=\"article:publisher\" content=\"https:\/\/www.facebook.com\/stagezonehungary\/\" \/>\n<meta property=\"article:modified_time\" content=\"2026-05-04T18:56:01+00:00\" \/>\n<meta property=\"og:image\" content=\"https:\/\/stagezone.hu\/wp-content\/uploads\/2024\/10\/GSP5211W_1.jpg\" \/>\n\t<meta property=\"og:image:width\" content=\"1000\" \/>\n\t<meta property=\"og:image:height\" content=\"1000\" \/>\n\t<meta property=\"og:image:type\" content=\"image\/jpeg\" \/>\n<meta name=\"twitter:card\" content=\"summary_large_image\" \/>\n<meta name=\"twitter:label1\" content=\"Est. reading time\" \/>\n\t<meta name=\"twitter:data1\" content=\"1 minute\" \/>\n<script type=\"application\/ld+json\" class=\"yoast-schema-graph\">{\"@context\":\"https:\/\/schema.org\",\"@graph\":[{\"@type\":\"WebPage\",\"@id\":\"https:\/\/stagezone.hu\/en\/product\/speaker-stand-sp-5211-w-white\/\",\"url\":\"https:\/\/stagezone.hu\/en\/product\/speaker-stand-sp-5211-w-white\/\",\"name\":\"SP 5211 W hangfal \u00e1llv\u00e1ny - StageZone\",\"isPartOf\":{\"@id\":\"https:\/\/stagezone.hu\/#website\"},\"primaryImageOfPage\":{\"@id\":\"https:\/\/stagezone.hu\/en\/product\/speaker-stand-sp-5211-w-white\/#primaryimage\"},\"image\":{\"@id\":\"https:\/\/stagezone.hu\/en\/product\/speaker-stand-sp-5211-w-white\/#primaryimage\"},\"thumbnailUrl\":\"https:\/\/stagezone.hu\/wp-content\/uploads\/2024\/10\/GSP5211W_1.jpg\",\"datePublished\":\"2024-10-24T09:24:36+00:00\",\"dateModified\":\"2026-05-04T18:56:01+00:00\",\"description\":\"Az SP 5211 W hangfal \u00e1llv\u00e1ny egy klasszikus, megb\u00edzhat\u00f3 Gravity hangfal \u00e1llv\u00e1ny feh\u00e9r kivitelben. Legink\u00e1bb esk\u00fcv\u0151kre aj\u00e1nljuk.\",\"breadcrumb\":{\"@id\":\"https:\/\/stagezone.hu\/en\/product\/speaker-stand-sp-5211-w-white\/#breadcrumb\"},\"inLanguage\":\"en-US\",\"potentialAction\":[{\"@type\":\"ReadAction\",\"target\":[\"https:\/\/stagezone.hu\/en\/product\/speaker-stand-sp-5211-w-white\/\"]}]},{\"@type\":\"ImageObject\",\"inLanguage\":\"en-US\",\"@id\":\"https:\/\/stagezone.hu\/en\/product\/speaker-stand-sp-5211-w-white\/#primaryimage\",\"url\":\"https:\/\/stagezone.hu\/wp-content\/uploads\/2024\/10\/GSP5211W_1.jpg\",\"contentUrl\":\"https:\/\/stagezone.hu\/wp-content\/uploads\/2024\/10\/GSP5211W_1.jpg\",\"width\":1000,\"height\":1000},{\"@type\":\"BreadcrumbList\",\"@id\":\"https:\/\/stagezone.hu\/en\/product\/speaker-stand-sp-5211-w-white\/#breadcrumb\",\"itemListElement\":[{\"@type\":\"ListItem\",\"position\":1,\"name\":\"Kezd\u0151lap\",\"item\":\"https:\/\/stagezone.hu\/\"},{\"@type\":\"ListItem\",\"position\":2,\"name\":\"\u00dczlet\",\"item\":\"https:\/\/stagezone.hu\/uzlet\/\"},{\"@type\":\"ListItem\",\"position\":3,\"name\":\"Speaker Stand SP 5211 W White\"}]},{\"@type\":\"WebSite\",\"@id\":\"https:\/\/stagezone.hu\/en\/#website\",\"url\":\"https:\/\/stagezone.hu\/en\/\",\"name\":\"StageZone - Ragyogj a Stagezone min\u0151s\u00e9gi f\u00e9nytechnik\u00e1j\u00e1val.\",\"description\":\"StageZone\",\"publisher\":{\"@id\":\"https:\/\/stagezone.hu\/en\/#organization\"},\"potentialAction\":[{\"@type\":\"SearchAction\",\"target\":{\"@type\":\"EntryPoint\",\"urlTemplate\":\"https:\/\/stagezone.hu\/en\/?s={search_term_string}\"},\"query-input\":{\"@type\":\"PropertyValueSpecification\",\"valueRequired\":true,\"valueName\":\"search_term_string\"}}],\"inLanguage\":\"en-US\"},{\"@type\":\"Organization\",\"@id\":\"https:\/\/stagezone.hu\/en\/#organization\",\"name\":\"StageZone\",\"url\":\"https:\/\/stagezone.hu\/en\/\",\"logo\":{\"@type\":\"ImageObject\",\"inLanguage\":\"en-US\",\"@id\":\"https:\/\/stagezone.hu\/en\/#\/schema\/logo\/image\/\",\"url\":\"https:\/\/stagezone.hu\/wp-content\/uploads\/2026\/01\/Adam-Hall_1000x1000-1-1.png\",\"contentUrl\":\"https:\/\/stagezone.hu\/wp-content\/uploads\/2026\/01\/Adam-Hall_1000x1000-1-1.png\",\"width\":1000,\"height\":1000,\"caption\":\"StageZone\"},\"image\":{\"@id\":\"https:\/\/stagezone.hu\/en\/#\/schema\/logo\/image\/\"},\"sameAs\":[\"https:\/\/www.facebook.com\/stagezonehungary\/\",\"https:\/\/www.instagram.com\/stagezonehungary\/\"]}]}<\/script>\n<!-- \/ Yoast SEO Premium plugin. -->","yoast_head_json":{"title":"Speaker Stand SP 5211 W White","description":"The SP 5211 W speaker stand is a classic, reliable speaker stand in white. We recommend it primarily for weddings.","robots":{"index":"index","follow":"follow","max-snippet":"max-snippet:-1","max-image-preview":"max-image-preview:large","max-video-preview":"max-video-preview:-1"},"canonical":"The SP 5211 W speaker stand is a classic, reliable speaker stand in white. We recommend it primarily for weddings.","og_locale":"en_US","og_type":"article","og_title":"Speaker Stand SP 5211 W White","og_description":"The SP 5211 W speaker stand is a classic, reliable speaker stand in white. We recommend it primarily for weddings.","og_url":"https:\/\/stagezone.hu\/en\/product\/speaker-stand-sp-5211-w-white\/","og_site_name":"StageZone","article_publisher":"https:\/\/www.facebook.com\/stagezonehungary\/","article_modified_time":"2026-05-04T18:56:01+00:00","og_image":[{"width":1000,"height":1000,"url":"https:\/\/stagezone.hu\/wp-content\/uploads\/2024\/10\/GSP5211W_1.jpg","type":"image\/jpeg"}],"twitter_card":"summary_large_image","twitter_misc":{"Est. reading time":"1 minute"},"schema":{"@context":"https:\/\/schema.org","@graph":[{"@type":"WebPage","@id":"https:\/\/stagezone.hu\/en\/product\/speaker-stand-sp-5211-w-white\/","url":"https:\/\/stagezone.hu\/en\/product\/speaker-stand-sp-5211-w-white\/","name":"SP 5211 W hangfal \u00e1llv\u00e1ny - StageZone","isPartOf":{"@id":"https:\/\/stagezone.hu\/#website"},"primaryImageOfPage":{"@id":"https:\/\/stagezone.hu\/en\/product\/speaker-stand-sp-5211-w-white\/#primaryimage"},"image":{"@id":"https:\/\/stagezone.hu\/en\/product\/speaker-stand-sp-5211-w-white\/#primaryimage"},"thumbnailUrl":"https:\/\/stagezone.hu\/wp-content\/uploads\/2024\/10\/GSP5211W_1.jpg","datePublished":"2024-10-24T09:24:36+00:00","dateModified":"2026-05-04T18:56:01+00:00","description":"Az SP 5211 W hangfal \u00e1llv\u00e1ny egy klasszikus, megb\u00edzhat\u00f3 Gravity hangfal \u00e1llv\u00e1ny feh\u00e9r kivitelben. Legink\u00e1bb esk\u00fcv\u0151kre aj\u00e1nljuk.","breadcrumb":{"@id":"https:\/\/stagezone.hu\/en\/product\/speaker-stand-sp-5211-w-white\/#breadcrumb"},"inLanguage":"en-US","potentialAction":[{"@type":"ReadAction","target":["https:\/\/stagezone.hu\/en\/product\/speaker-stand-sp-5211-w-white\/"]}]},{"@type":"ImageObject","inLanguage":"en-US","@id":"https:\/\/stagezone.hu\/en\/product\/speaker-stand-sp-5211-w-white\/#primaryimage","url":"https:\/\/stagezone.hu\/wp-content\/uploads\/2024\/10\/GSP5211W_1.jpg","contentUrl":"https:\/\/stagezone.hu\/wp-content\/uploads\/2024\/10\/GSP5211W_1.jpg","width":1000,"height":1000},{"@type":"BreadcrumbList","@id":"https:\/\/stagezone.hu\/en\/product\/speaker-stand-sp-5211-w-white\/#breadcrumb","itemListElement":[{"@type":"ListItem","position":1,"name":"Kezd\u0151lap","item":"https:\/\/stagezone.hu\/"},{"@type":"ListItem","position":2,"name":"\u00dczlet","item":"https:\/\/stagezone.hu\/uzlet\/"},{"@type":"ListItem","position":3,"name":"Speaker Stand SP 5211 W White"}]},{"@type":"WebSite","@id":"https:\/\/stagezone.hu\/en\/#website","url":"https:\/\/stagezone.hu\/en\/","name":"StageZone - Ragyogj a Stagezone min\u0151s\u00e9gi f\u00e9nytechnik\u00e1j\u00e1val.","description":"StageZone","publisher":{"@id":"https:\/\/stagezone.hu\/en\/#organization"},"potentialAction":[{"@type":"SearchAction","target":{"@type":"EntryPoint","urlTemplate":"https:\/\/stagezone.hu\/en\/?s={search_term_string}"},"query-input":{"@type":"PropertyValueSpecification","valueRequired":true,"valueName":"search_term_string"}}],"inLanguage":"en-US"},{"@type":"Organization","@id":"https:\/\/stagezone.hu\/en\/#organization","name":"StageZone","url":"https:\/\/stagezone.hu\/en\/","logo":{"@type":"ImageObject","inLanguage":"en-US","@id":"https:\/\/stagezone.hu\/en\/#\/schema\/logo\/image\/","url":"https:\/\/stagezone.hu\/wp-content\/uploads\/2026\/01\/Adam-Hall_1000x1000-1-1.png","contentUrl":"https:\/\/stagezone.hu\/wp-content\/uploads\/2026\/01\/Adam-Hall_1000x1000-1-1.png","width":1000,"height":1000,"caption":"StageZone"},"image":{"@id":"https:\/\/stagezone.hu\/en\/#\/schema\/logo\/image\/"},"sameAs":["https:\/\/www.facebook.com\/stagezonehungary\/","https:\/\/www.instagram.com\/stagezonehungary\/"]}]}},"_links":{"self":[{"href":"https:\/\/stagezone.hu\/en\/wp-json\/wp\/v2\/product\/4398","targetHints":{"allow":["GET"]}}],"collection":[{"href":"https:\/\/stagezone.hu\/en\/wp-json\/wp\/v2\/product"}],"about":[{"href":"https:\/\/stagezone.hu\/en\/wp-json\/wp\/v2\/types\/product"}],"replies":[{"embeddable":true,"href":"https:\/\/stagezone.hu\/en\/wp-json\/wp\/v2\/comments?post=4398"}],"version-history":[{"count":1,"href":"https:\/\/stagezone.hu\/en\/wp-json\/wp\/v2\/product\/4398\/revisions"}],"predecessor-version":[{"id":4406,"href":"https:\/\/stagezone.hu\/en\/wp-json\/wp\/v2\/product\/4398\/revisions\/4406"}],"wp:featuredmedia":[{"embeddable":true,"href":"https:\/\/stagezone.hu\/en\/wp-json\/wp\/v2\/media\/5547"}],"wp:attachment":[{"href":"https:\/\/stagezone.hu\/en\/wp-json\/wp\/v2\/media?parent=4398"}],"wp:term":[{"taxonomy":"product_brand","embeddable":true,"href":"https:\/\/stagezone.hu\/en\/wp-json\/wp\/v2\/product_brand?post=4398"},{"taxonomy":"product_cat","embeddable":true,"href":"https:\/\/stagezone.hu\/en\/wp-json\/wp\/v2\/product_cat?post=4398"},{"taxonomy":"product_tag","embeddable":true,"href":"https:\/\/stagezone.hu\/en\/wp-json\/wp\/v2\/product_tag?post=4398"}],"curies":[{"name":"wp","href":"https:\/\/api.w.org\/{rel}","templated":true}]}}