{"id":4359,"date":"2024-10-22T16:39:08","date_gmt":"2024-10-22T14:39:08","guid":{"rendered":"https:\/\/stagezone.hu\/?post_type=product&#038;p=4359"},"modified":"2026-05-04T19:56:05","modified_gmt":"2026-05-04T18:56:05","slug":"tsp-5212-lb-touring-hangfal-allvany","status":"publish","type":"product","link":"https:\/\/stagezone.hu\/en\/product\/gravity-tsp-5212-lb-touring-speaker-stand\/","title":{"rendered":"Gravity TSP 5212 LB Touring Speaker Stand"},"content":{"rendered":"<p>&nbsp;<\/p>\n<p><img fetchpriority=\"high\" decoding=\"async\" class=\" wp-image-4364 alignright\" src=\"https:\/\/stagezone.hu\/wp-content\/uploads\/2024\/10\/AHPROPORT4T_1-1-500x500.png\" alt=\"\" width=\"360\" height=\"360\" srcset=\"https:\/\/stagezone.hu\/wp-content\/uploads\/2024\/10\/AHPROPORT4T_1-1-500x500.png 500w, https:\/\/stagezone.hu\/wp-content\/uploads\/2024\/10\/AHPROPORT4T_1-1-400x400.png 400w, https:\/\/stagezone.hu\/wp-content\/uploads\/2024\/10\/AHPROPORT4T_1-1-300x300.png 300w, https:\/\/stagezone.hu\/wp-content\/uploads\/2024\/10\/AHPROPORT4T_1-1-768x768.png 768w, https:\/\/stagezone.hu\/wp-content\/uploads\/2024\/10\/AHPROPORT4T_1-1-150x150.png 150w, https:\/\/stagezone.hu\/wp-content\/uploads\/2024\/10\/AHPROPORT4T_1-1-75x75.png 75w, https:\/\/stagezone.hu\/wp-content\/uploads\/2024\/10\/AHPROPORT4T_1-1-700x700.png 700w, https:\/\/stagezone.hu\/wp-content\/uploads\/2024\/10\/AHPROPORT4T_1-1-800x800.png 800w, https:\/\/stagezone.hu\/wp-content\/uploads\/2024\/10\/AHPROPORT4T_1-1.png 1000w\" sizes=\"(max-width:767px) 360px, 360px\" \/>Like the TLS 431 B lighting stand, Gravity uses the so-called Auto LockPin\u00ae mechanism in this device. In this solution, the rod has many more locking holes with a denser distribution, and the safety pin is integrated into the outer rod. Thanks to this, you don&#8217;t have to worry about the rod sliding back with an careless movement, as the tilting pin will immediately catch it. The steel stand rod is resistant and easy to use. Thanks to its load capacity, large speakers can also be placed on it.<\/p>\n<p>Stability is further increased by the double cross bracing between the legs and the main, outer tube of the stand.<\/p>\n<p>Thanks to the &#8220;UNLOSEABLE&#8221; technology, you cannot lose the aluminum hand screws. An extra screw and a lock are placed in the structure, thanks to which the hand screw cannot be removed from the thread.<\/p>\n<p><strong>DATA<\/strong><\/p>\n<table id=\"tablepress-61\" class=\"tablepress tablepress-id-61\">\n<caption style=\"caption-side:bottom;text-align:left;border:none;background:none;margin:0;padding:0;\"><a href=\"https:\/\/stagezone.hu\/wp-admin\/admin.php?page=tablepress&#038;action=edit&#038;table_id=61\" rel=\"nofollow\">Edit<\/a><\/caption>\n<tbody class=\"row-striping row-hover\">\n<tr class=\"row-1\">\n<td class=\"column-1\">Material<\/td>\n<td class=\"column-2\">Steel<\/td>\n<\/tr>\n<tr class=\"row-2\">\n<td class=\"column-1\">Coating<\/td>\n<td class=\"column-2\">Powder coated<\/td>\n<\/tr>\n<tr class=\"row-3\">\n<td class=\"column-1\">Min. height<\/td>\n<td class=\"column-2\">1220 mm<\/td>\n<\/tr>\n<tr class=\"row-4\">\n<td class=\"column-1\">Max. height<\/td>\n<td class=\"column-2\">1950 mm<\/td>\n<\/tr>\n<tr class=\"row-5\">\n<td class=\"column-1\">Transport height<\/td>\n<td class=\"column-2\">1140 mm<\/td>\n<\/tr>\n<tr class=\"row-6\">\n<td class=\"column-1\">Diameter<\/td>\n<td class=\"column-2\">35 mm<\/td>\n<\/tr>\n<tr class=\"row-7\">\n<td class=\"column-1\">Max. load capacity<\/td>\n<td class=\"column-2\">50 kg<\/td>\n<\/tr>\n<tr class=\"row-8\">\n<td class=\"column-1\">Interchangeable marker ring<\/td>\n<td class=\"column-2\">No<\/td>\n<\/tr>\n<\/tbody>\n<\/table>\n<p><iframe title=\"Gravity\u00ae TOURING SERIES - SPEAKER STAND\" width=\"1220\" height=\"686\" src=\"https:\/\/www.youtube.com\/embed\/AGiViVuC8yM?feature=oembed\" frameborder=\"0\" allow=\"accelerometer; autoplay; clipboard-write; encrypted-media; gyroscope; picture-in-picture; web-share\" referrerpolicy=\"strict-origin-when-cross-origin\" allowfullscreen><\/iframe><\/p>\n","protected":false},"excerpt":{"rendered":"<p>The TSP 5212 LB speaker stand features the unique Auto LockPin\u00ae mechanism. Forget classic pin stands. Stable, reliable, and easy to transport.<\/p>\n","protected":false},"featured_media":5561,"comment_status":"open","ping_status":"closed","template":"","meta":[],"product_brand":[],"product_cat":[328,363],"product_tag":[365,371],"class_list":{"0":"post-4359","1":"product","2":"type-product","3":"status-publish","4":"has-post-thumbnail","6":"product_cat-hangfal-allvanyok","7":"product_cat-hardver","8":"product_tag-gravity","9":"product_tag-hangfal-allvany","11":"first","12":"instock","13":"taxable","14":"shipping-taxable","15":"purchasable","16":"product-type-simple"},"yoast_head":"<!-- This site is optimized with the Yoast SEO Premium plugin v27.2 (Yoast SEO v27.2) - https:\/\/yoast.com\/product\/yoast-seo-premium-wordpress\/ -->\n<title>Gravity TSP 5212 LB Touring Speaker Stand<\/title>\n<meta name=\"description\" content=\"The TSP 5212 LB speaker stand features the unique Auto LockPin\u00ae mechanism. Forget classic pin stands. Stable, reliable, and easy to transport.\" \/>\n<meta name=\"robots\" content=\"index, follow, max-snippet:-1, max-image-preview:large, max-video-preview:-1\" \/>\n<link rel=\"canonical\" href=\"http:\/\/The%20TSP%205212%20LB%20speaker%20stand%20features%20the%20unique%20Auto%20LockPin\u00ae%20mechanism.%20Forget%20classic%20pin%20stands.%20Stable,%20reliable,%20and%20easy%20to%20transport.\" \/>\n<meta property=\"og:locale\" content=\"en_US\" \/>\n<meta property=\"og:type\" content=\"article\" \/>\n<meta property=\"og:title\" content=\"Gravity TSP 5212 LB Touring Speaker Stand\" \/>\n<meta property=\"og:description\" content=\"The TSP 5212 LB speaker stand features the unique Auto LockPin\u00ae mechanism. Forget classic pin stands. Stable, reliable, and easy to transport.\" \/>\n<meta property=\"og:url\" content=\"https:\/\/stagezone.hu\/en\/product\/gravity-tsp-5212-lb-touring-speaker-stand\/\" \/>\n<meta property=\"og:site_name\" content=\"StageZone\" \/>\n<meta property=\"article:publisher\" content=\"https:\/\/www.facebook.com\/stagezonehungary\/\" \/>\n<meta property=\"article:modified_time\" content=\"2026-05-04T18:56:05+00:00\" \/>\n<meta property=\"og:image\" content=\"https:\/\/stagezone.hu\/wp-content\/uploads\/2024\/10\/GTSP5212LB_2.jpg\" \/>\n\t<meta property=\"og:image:width\" content=\"2000\" \/>\n\t<meta property=\"og:image:height\" content=\"2000\" \/>\n\t<meta property=\"og:image:type\" content=\"image\/jpeg\" \/>\n<meta name=\"twitter:card\" content=\"summary_large_image\" \/>\n<meta name=\"twitter:label1\" content=\"Est. reading time\" \/>\n\t<meta name=\"twitter:data1\" content=\"2 minutes\" \/>\n<script type=\"application\/ld+json\" class=\"yoast-schema-graph\">{\"@context\":\"https:\/\/schema.org\",\"@graph\":[{\"@type\":\"WebPage\",\"@id\":\"https:\/\/stagezone.hu\/en\/product\/gravity-tsp-5212-lb-touring-speaker-stand\/\",\"url\":\"https:\/\/stagezone.hu\/en\/product\/gravity-tsp-5212-lb-touring-speaker-stand\/\",\"name\":\"TSP 5212 LB Touring hangfal \u00e1llv\u00e1ny - StageZone\",\"isPartOf\":{\"@id\":\"https:\/\/stagezone.hu\/#website\"},\"primaryImageOfPage\":{\"@id\":\"https:\/\/stagezone.hu\/en\/product\/gravity-tsp-5212-lb-touring-speaker-stand\/#primaryimage\"},\"image\":{\"@id\":\"https:\/\/stagezone.hu\/en\/product\/gravity-tsp-5212-lb-touring-speaker-stand\/#primaryimage\"},\"thumbnailUrl\":\"https:\/\/stagezone.hu\/wp-content\/uploads\/2024\/10\/GTSP5212LB_2.jpg\",\"datePublished\":\"2024-10-22T14:39:08+00:00\",\"dateModified\":\"2026-05-04T18:56:05+00:00\",\"description\":\"A TSP 5212 LB hangfal \u00e1llv\u00e1ny egyed\u00fcl\u00e1ll\u00f3 Auto LockPin\u00ae mechanik\u00e1val. Felejtsd el a klasszikus pines \u00e1llv\u00e1nyokat. Stabil, megb\u00edzhat\u00f3 \u00e9s k\u00f6nnyen sz\u00e1ll\u00edthat\u00f3.\",\"breadcrumb\":{\"@id\":\"https:\/\/stagezone.hu\/en\/product\/gravity-tsp-5212-lb-touring-speaker-stand\/#breadcrumb\"},\"inLanguage\":\"en-US\",\"potentialAction\":[{\"@type\":\"ReadAction\",\"target\":[\"https:\/\/stagezone.hu\/en\/product\/gravity-tsp-5212-lb-touring-speaker-stand\/\"]}]},{\"@type\":\"ImageObject\",\"inLanguage\":\"en-US\",\"@id\":\"https:\/\/stagezone.hu\/en\/product\/gravity-tsp-5212-lb-touring-speaker-stand\/#primaryimage\",\"url\":\"https:\/\/stagezone.hu\/wp-content\/uploads\/2024\/10\/GTSP5212LB_2.jpg\",\"contentUrl\":\"https:\/\/stagezone.hu\/wp-content\/uploads\/2024\/10\/GTSP5212LB_2.jpg\",\"width\":2000,\"height\":2000},{\"@type\":\"BreadcrumbList\",\"@id\":\"https:\/\/stagezone.hu\/en\/product\/gravity-tsp-5212-lb-touring-speaker-stand\/#breadcrumb\",\"itemListElement\":[{\"@type\":\"ListItem\",\"position\":1,\"name\":\"Kezd\u0151lap\",\"item\":\"https:\/\/stagezone.hu\/\"},{\"@type\":\"ListItem\",\"position\":2,\"name\":\"\u00dczlet\",\"item\":\"https:\/\/stagezone.hu\/uzlet\/\"},{\"@type\":\"ListItem\",\"position\":3,\"name\":\"Gravity TSP 5212 LB Touring Speaker Stand\"}]},{\"@type\":\"WebSite\",\"@id\":\"https:\/\/stagezone.hu\/en\/#website\",\"url\":\"https:\/\/stagezone.hu\/en\/\",\"name\":\"StageZone - Ragyogj a Stagezone min\u0151s\u00e9gi f\u00e9nytechnik\u00e1j\u00e1val.\",\"description\":\"StageZone\",\"publisher\":{\"@id\":\"https:\/\/stagezone.hu\/en\/#organization\"},\"potentialAction\":[{\"@type\":\"SearchAction\",\"target\":{\"@type\":\"EntryPoint\",\"urlTemplate\":\"https:\/\/stagezone.hu\/en\/?s={search_term_string}\"},\"query-input\":{\"@type\":\"PropertyValueSpecification\",\"valueRequired\":true,\"valueName\":\"search_term_string\"}}],\"inLanguage\":\"en-US\"},{\"@type\":\"Organization\",\"@id\":\"https:\/\/stagezone.hu\/en\/#organization\",\"name\":\"StageZone\",\"url\":\"https:\/\/stagezone.hu\/en\/\",\"logo\":{\"@type\":\"ImageObject\",\"inLanguage\":\"en-US\",\"@id\":\"https:\/\/stagezone.hu\/en\/#\/schema\/logo\/image\/\",\"url\":\"https:\/\/stagezone.hu\/wp-content\/uploads\/2026\/01\/Adam-Hall_1000x1000-1-1.png\",\"contentUrl\":\"https:\/\/stagezone.hu\/wp-content\/uploads\/2026\/01\/Adam-Hall_1000x1000-1-1.png\",\"width\":1000,\"height\":1000,\"caption\":\"StageZone\"},\"image\":{\"@id\":\"https:\/\/stagezone.hu\/en\/#\/schema\/logo\/image\/\"},\"sameAs\":[\"https:\/\/www.facebook.com\/stagezonehungary\/\",\"https:\/\/www.instagram.com\/stagezonehungary\/\"]}]}<\/script>\n<!-- \/ Yoast SEO Premium plugin. -->","yoast_head_json":{"title":"Gravity TSP 5212 LB Touring Speaker Stand","description":"The TSP 5212 LB speaker stand features the unique Auto LockPin\u00ae mechanism. Forget classic pin stands. Stable, reliable, and easy to transport.","robots":{"index":"index","follow":"follow","max-snippet":"max-snippet:-1","max-image-preview":"max-image-preview:large","max-video-preview":"max-video-preview:-1"},"canonical":"The TSP 5212 LB speaker stand features the unique Auto LockPin\u00ae mechanism. Forget classic pin stands. Stable, reliable, and easy to transport.","og_locale":"en_US","og_type":"article","og_title":"Gravity TSP 5212 LB Touring Speaker Stand","og_description":"The TSP 5212 LB speaker stand features the unique Auto LockPin\u00ae mechanism. Forget classic pin stands. Stable, reliable, and easy to transport.","og_url":"https:\/\/stagezone.hu\/en\/product\/gravity-tsp-5212-lb-touring-speaker-stand\/","og_site_name":"StageZone","article_publisher":"https:\/\/www.facebook.com\/stagezonehungary\/","article_modified_time":"2026-05-04T18:56:05+00:00","og_image":[{"width":2000,"height":2000,"url":"https:\/\/stagezone.hu\/wp-content\/uploads\/2024\/10\/GTSP5212LB_2.jpg","type":"image\/jpeg"}],"twitter_card":"summary_large_image","twitter_misc":{"Est. reading time":"2 minutes"},"schema":{"@context":"https:\/\/schema.org","@graph":[{"@type":"WebPage","@id":"https:\/\/stagezone.hu\/en\/product\/gravity-tsp-5212-lb-touring-speaker-stand\/","url":"https:\/\/stagezone.hu\/en\/product\/gravity-tsp-5212-lb-touring-speaker-stand\/","name":"TSP 5212 LB Touring hangfal \u00e1llv\u00e1ny - StageZone","isPartOf":{"@id":"https:\/\/stagezone.hu\/#website"},"primaryImageOfPage":{"@id":"https:\/\/stagezone.hu\/en\/product\/gravity-tsp-5212-lb-touring-speaker-stand\/#primaryimage"},"image":{"@id":"https:\/\/stagezone.hu\/en\/product\/gravity-tsp-5212-lb-touring-speaker-stand\/#primaryimage"},"thumbnailUrl":"https:\/\/stagezone.hu\/wp-content\/uploads\/2024\/10\/GTSP5212LB_2.jpg","datePublished":"2024-10-22T14:39:08+00:00","dateModified":"2026-05-04T18:56:05+00:00","description":"A TSP 5212 LB hangfal \u00e1llv\u00e1ny egyed\u00fcl\u00e1ll\u00f3 Auto LockPin\u00ae mechanik\u00e1val. Felejtsd el a klasszikus pines \u00e1llv\u00e1nyokat. Stabil, megb\u00edzhat\u00f3 \u00e9s k\u00f6nnyen sz\u00e1ll\u00edthat\u00f3.","breadcrumb":{"@id":"https:\/\/stagezone.hu\/en\/product\/gravity-tsp-5212-lb-touring-speaker-stand\/#breadcrumb"},"inLanguage":"en-US","potentialAction":[{"@type":"ReadAction","target":["https:\/\/stagezone.hu\/en\/product\/gravity-tsp-5212-lb-touring-speaker-stand\/"]}]},{"@type":"ImageObject","inLanguage":"en-US","@id":"https:\/\/stagezone.hu\/en\/product\/gravity-tsp-5212-lb-touring-speaker-stand\/#primaryimage","url":"https:\/\/stagezone.hu\/wp-content\/uploads\/2024\/10\/GTSP5212LB_2.jpg","contentUrl":"https:\/\/stagezone.hu\/wp-content\/uploads\/2024\/10\/GTSP5212LB_2.jpg","width":2000,"height":2000},{"@type":"BreadcrumbList","@id":"https:\/\/stagezone.hu\/en\/product\/gravity-tsp-5212-lb-touring-speaker-stand\/#breadcrumb","itemListElement":[{"@type":"ListItem","position":1,"name":"Kezd\u0151lap","item":"https:\/\/stagezone.hu\/"},{"@type":"ListItem","position":2,"name":"\u00dczlet","item":"https:\/\/stagezone.hu\/uzlet\/"},{"@type":"ListItem","position":3,"name":"Gravity TSP 5212 LB Touring Speaker Stand"}]},{"@type":"WebSite","@id":"https:\/\/stagezone.hu\/en\/#website","url":"https:\/\/stagezone.hu\/en\/","name":"StageZone - Ragyogj a Stagezone min\u0151s\u00e9gi f\u00e9nytechnik\u00e1j\u00e1val.","description":"StageZone","publisher":{"@id":"https:\/\/stagezone.hu\/en\/#organization"},"potentialAction":[{"@type":"SearchAction","target":{"@type":"EntryPoint","urlTemplate":"https:\/\/stagezone.hu\/en\/?s={search_term_string}"},"query-input":{"@type":"PropertyValueSpecification","valueRequired":true,"valueName":"search_term_string"}}],"inLanguage":"en-US"},{"@type":"Organization","@id":"https:\/\/stagezone.hu\/en\/#organization","name":"StageZone","url":"https:\/\/stagezone.hu\/en\/","logo":{"@type":"ImageObject","inLanguage":"en-US","@id":"https:\/\/stagezone.hu\/en\/#\/schema\/logo\/image\/","url":"https:\/\/stagezone.hu\/wp-content\/uploads\/2026\/01\/Adam-Hall_1000x1000-1-1.png","contentUrl":"https:\/\/stagezone.hu\/wp-content\/uploads\/2026\/01\/Adam-Hall_1000x1000-1-1.png","width":1000,"height":1000,"caption":"StageZone"},"image":{"@id":"https:\/\/stagezone.hu\/en\/#\/schema\/logo\/image\/"},"sameAs":["https:\/\/www.facebook.com\/stagezonehungary\/","https:\/\/www.instagram.com\/stagezonehungary\/"]}]}},"_links":{"self":[{"href":"https:\/\/stagezone.hu\/en\/wp-json\/wp\/v2\/product\/4359","targetHints":{"allow":["GET"]}}],"collection":[{"href":"https:\/\/stagezone.hu\/en\/wp-json\/wp\/v2\/product"}],"about":[{"href":"https:\/\/stagezone.hu\/en\/wp-json\/wp\/v2\/types\/product"}],"replies":[{"embeddable":true,"href":"https:\/\/stagezone.hu\/en\/wp-json\/wp\/v2\/comments?post=4359"}],"version-history":[{"count":2,"href":"https:\/\/stagezone.hu\/en\/wp-json\/wp\/v2\/product\/4359\/revisions"}],"predecessor-version":[{"id":4368,"href":"https:\/\/stagezone.hu\/en\/wp-json\/wp\/v2\/product\/4359\/revisions\/4368"}],"wp:featuredmedia":[{"embeddable":true,"href":"https:\/\/stagezone.hu\/en\/wp-json\/wp\/v2\/media\/5561"}],"wp:attachment":[{"href":"https:\/\/stagezone.hu\/en\/wp-json\/wp\/v2\/media?parent=4359"}],"wp:term":[{"taxonomy":"product_brand","embeddable":true,"href":"https:\/\/stagezone.hu\/en\/wp-json\/wp\/v2\/product_brand?post=4359"},{"taxonomy":"product_cat","embeddable":true,"href":"https:\/\/stagezone.hu\/en\/wp-json\/wp\/v2\/product_cat?post=4359"},{"taxonomy":"product_tag","embeddable":true,"href":"https:\/\/stagezone.hu\/en\/wp-json\/wp\/v2\/product_tag?post=4359"}],"curies":[{"name":"wp","href":"https:\/\/api.w.org\/{rel}","templated":true}]}}