{"id":4344,"date":"2024-10-22T15:33:56","date_gmt":"2024-10-22T13:33:56","guid":{"rendered":"https:\/\/stagezone.hu\/?post_type=product&#038;p=4344"},"modified":"2026-05-04T19:56:06","modified_gmt":"2026-05-04T18:56:06","slug":"cart-m0-1b-szallitokocsi","status":"publish","type":"product","link":"https:\/\/stagezone.hu\/en\/product\/gravity-cart-m0-1b-transport-cart\/","title":{"rendered":"Gravity Cart M0 1B Transport Cart"},"content":{"rendered":"<p>&nbsp;<\/p>\n<p><img fetchpriority=\"high\" decoding=\"async\" class=\"size-medium wp-image-4357 alignright\" src=\"https:\/\/stagezone.hu\/wp-content\/uploads\/2024\/10\/AHPROPORT4T_1-500x500.png\" alt=\"\" width=\"500\" height=\"500\" srcset=\"https:\/\/stagezone.hu\/wp-content\/uploads\/2024\/10\/AHPROPORT4T_1-500x500.png 500w, https:\/\/stagezone.hu\/wp-content\/uploads\/2024\/10\/AHPROPORT4T_1-400x400.png 400w, https:\/\/stagezone.hu\/wp-content\/uploads\/2024\/10\/AHPROPORT4T_1-300x300.png 300w, https:\/\/stagezone.hu\/wp-content\/uploads\/2024\/10\/AHPROPORT4T_1-150x150.png 150w, https:\/\/stagezone.hu\/wp-content\/uploads\/2024\/10\/AHPROPORT4T_1-75x75.png 75w\" sizes=\"(max-width:767px) 500px, 500px\" \/>The biggest advantage of the Gravity Cart lies in its versatility. It is lightweight, foldable, and above all, its size is adjustable. Thanks to its high load capacity, almost any equipment can be transported on it. If you find it insufficient on its own, you can upgrade your standard transport cart with various accessories.<\/p>\n<p><strong>DATA<\/strong><\/p>\n<table id=\"tablepress-60\" class=\"tablepress tablepress-id-60\">\n<caption style=\"caption-side:bottom;text-align:left;border:none;background:none;margin:0;padding:0;\"><a href=\"https:\/\/stagezone.hu\/wp-admin\/admin.php?page=tablepress&#038;action=edit&#038;table_id=60\" rel=\"nofollow\">Edit<\/a><\/caption>\n<tbody class=\"row-striping row-hover\">\n<tr class=\"row-1\">\n<td class=\"column-1\">Handle material<\/td>\n<td class=\"column-2\">Steel<\/td>\n<\/tr>\n<tr class=\"row-2\">\n<td class=\"column-1\">Cart material<\/td>\n<td class=\"column-2\">Steel<\/td>\n<\/tr>\n<tr class=\"row-3\">\n<td class=\"column-1\">Dimensions folded<\/td>\n<td class=\"column-2\">(675-1090) x 405 x 805 mm<\/td>\n<\/tr>\n<tr class=\"row-4\">\n<td class=\"column-1\">Dimensions unfolded<\/td>\n<td class=\"column-2\">(675-1090) x 405 x 195 mm<\/td>\n<\/tr>\n<tr class=\"row-5\">\n<td class=\"column-1\">Loading area size<\/td>\n<td class=\"column-2\">(580 &#8211; 950) x 405 x 805 mm<\/td>\n<\/tr>\n<tr class=\"row-6\">\n<td class=\"column-1\">Front wheel diameter<\/td>\n<td class=\"column-2\">76.2 mm<\/td>\n<\/tr>\n<tr class=\"row-7\">\n<td class=\"column-1\">Rear wheel diameter<\/td>\n<td class=\"column-2\">152.4 mm<\/td>\n<\/tr>\n<tr class=\"row-8\">\n<td class=\"column-1\">Front wheel material<\/td>\n<td class=\"column-2\">Rubber<\/td>\n<\/tr>\n<tr class=\"row-9\">\n<td class=\"column-1\">Rear wheel material<\/td>\n<td class=\"column-2\">Polyurethane<\/td>\n<\/tr>\n<tr class=\"row-10\">\n<td class=\"column-1\">Max. load capacity<\/td>\n<td class=\"column-2\">150 kg<\/td>\n<\/tr>\n<\/tbody>\n<\/table>\n","protected":false},"excerpt":{"rendered":"<p>The CART M0 1B transport cart is specifically designed for mobile DJs and technicians. Stop carrying your gear by hand and try this tool.<\/p>\n","protected":false},"featured_media":5603,"comment_status":"open","ping_status":"closed","template":"","meta":[],"product_brand":[],"product_cat":[422,364],"product_tag":[423,365],"class_list":{"0":"post-4344","1":"product","2":"type-product","3":"status-publish","4":"has-post-thumbnail","6":"product_cat-eszkozok","7":"product_cat-kiegeszito","8":"product_tag-cart","9":"product_tag-gravity","11":"first","12":"low_stock","13":"taxable","14":"shipping-taxable","15":"purchasable","16":"product-type-simple"},"yoast_head":"<!-- This site is optimized with the Yoast SEO Premium plugin v27.2 (Yoast SEO v27.2) - https:\/\/yoast.com\/product\/yoast-seo-premium-wordpress\/ -->\n<title>Gravity Cart M0 1B Transport Cart<\/title>\n<meta name=\"description\" content=\"The CART M0 1B transport cart is specifically designed for mobile DJs and technicians. Stop carrying your gear by hand and try this tool.\" \/>\n<meta name=\"robots\" content=\"index, follow, max-snippet:-1, max-image-preview:large, max-video-preview:-1\" \/>\n<link rel=\"canonical\" href=\"http:\/\/The%20CART%20M0%201B%20transport%20cart%20is%20specifically%20designed%20for%20mobile%20DJs%20and%20technicians.%20Stop%20carrying%20your%20gear%20by%20hand%20and%20try%20this%20tool.\" \/>\n<meta property=\"og:locale\" content=\"en_US\" \/>\n<meta property=\"og:type\" content=\"article\" \/>\n<meta property=\"og:title\" content=\"Gravity Cart M0 1B Transport Cart\" \/>\n<meta property=\"og:description\" content=\"The CART M0 1B transport cart is specifically designed for mobile DJs and technicians. Stop carrying your gear by hand and try this tool.\" \/>\n<meta property=\"og:url\" content=\"https:\/\/stagezone.hu\/en\/product\/gravity-cart-m0-1b-transport-cart\/\" \/>\n<meta property=\"og:site_name\" content=\"StageZone\" \/>\n<meta property=\"article:publisher\" content=\"https:\/\/www.facebook.com\/stagezonehungary\/\" \/>\n<meta property=\"article:modified_time\" content=\"2026-05-04T18:56:06+00:00\" \/>\n<meta property=\"og:image\" content=\"https:\/\/stagezone.hu\/wp-content\/uploads\/2024\/10\/GCARTM01B_2-masolata.jpg\" \/>\n\t<meta property=\"og:image:width\" content=\"2000\" \/>\n\t<meta property=\"og:image:height\" content=\"2000\" \/>\n\t<meta property=\"og:image:type\" content=\"image\/jpeg\" \/>\n<meta name=\"twitter:card\" content=\"summary_large_image\" \/>\n<meta name=\"twitter:label1\" content=\"Est. reading time\" \/>\n\t<meta name=\"twitter:data1\" content=\"1 minute\" \/>\n<script type=\"application\/ld+json\" class=\"yoast-schema-graph\">{\"@context\":\"https:\/\/schema.org\",\"@graph\":[{\"@type\":\"WebPage\",\"@id\":\"https:\/\/stagezone.hu\/en\/product\/gravity-cart-m0-1b-transport-cart\/\",\"url\":\"https:\/\/stagezone.hu\/en\/product\/gravity-cart-m0-1b-transport-cart\/\",\"name\":\"CART M0 1B sz\u00e1ll\u00edt\u00f3kocsi - StageZone\",\"isPartOf\":{\"@id\":\"https:\/\/stagezone.hu\/#website\"},\"primaryImageOfPage\":{\"@id\":\"https:\/\/stagezone.hu\/en\/product\/gravity-cart-m0-1b-transport-cart\/#primaryimage\"},\"image\":{\"@id\":\"https:\/\/stagezone.hu\/en\/product\/gravity-cart-m0-1b-transport-cart\/#primaryimage\"},\"thumbnailUrl\":\"https:\/\/stagezone.hu\/wp-content\/uploads\/2024\/10\/GCARTM01B_2-masolata.jpg\",\"datePublished\":\"2024-10-22T13:33:56+00:00\",\"dateModified\":\"2026-05-04T18:56:06+00:00\",\"description\":\"A CART M0 1B sz\u00e1ll\u00edt\u00f3kocsi kifejezetten mobil DJ-k \u00e9s technikusok sz\u00e1m\u00e1ra lett kital\u00e1lva. Hagyd abba a k\u00e9zben val\u00f3 pakol\u00e1st \u00e9s pr\u00f3b\u00e1ld ki ezt az eszk\u00f6zt.\",\"breadcrumb\":{\"@id\":\"https:\/\/stagezone.hu\/en\/product\/gravity-cart-m0-1b-transport-cart\/#breadcrumb\"},\"inLanguage\":\"en-US\",\"potentialAction\":[{\"@type\":\"ReadAction\",\"target\":[\"https:\/\/stagezone.hu\/en\/product\/gravity-cart-m0-1b-transport-cart\/\"]}]},{\"@type\":\"ImageObject\",\"inLanguage\":\"en-US\",\"@id\":\"https:\/\/stagezone.hu\/en\/product\/gravity-cart-m0-1b-transport-cart\/#primaryimage\",\"url\":\"https:\/\/stagezone.hu\/wp-content\/uploads\/2024\/10\/GCARTM01B_2-masolata.jpg\",\"contentUrl\":\"https:\/\/stagezone.hu\/wp-content\/uploads\/2024\/10\/GCARTM01B_2-masolata.jpg\",\"width\":2000,\"height\":2000},{\"@type\":\"BreadcrumbList\",\"@id\":\"https:\/\/stagezone.hu\/en\/product\/gravity-cart-m0-1b-transport-cart\/#breadcrumb\",\"itemListElement\":[{\"@type\":\"ListItem\",\"position\":1,\"name\":\"Kezd\u0151lap\",\"item\":\"https:\/\/stagezone.hu\/\"},{\"@type\":\"ListItem\",\"position\":2,\"name\":\"\u00dczlet\",\"item\":\"https:\/\/stagezone.hu\/uzlet\/\"},{\"@type\":\"ListItem\",\"position\":3,\"name\":\"Gravity Cart M0 1B Transport Cart\"}]},{\"@type\":\"WebSite\",\"@id\":\"https:\/\/stagezone.hu\/en\/#website\",\"url\":\"https:\/\/stagezone.hu\/en\/\",\"name\":\"StageZone - Ragyogj a Stagezone min\u0151s\u00e9gi f\u00e9nytechnik\u00e1j\u00e1val.\",\"description\":\"StageZone\",\"publisher\":{\"@id\":\"https:\/\/stagezone.hu\/en\/#organization\"},\"potentialAction\":[{\"@type\":\"SearchAction\",\"target\":{\"@type\":\"EntryPoint\",\"urlTemplate\":\"https:\/\/stagezone.hu\/en\/?s={search_term_string}\"},\"query-input\":{\"@type\":\"PropertyValueSpecification\",\"valueRequired\":true,\"valueName\":\"search_term_string\"}}],\"inLanguage\":\"en-US\"},{\"@type\":\"Organization\",\"@id\":\"https:\/\/stagezone.hu\/en\/#organization\",\"name\":\"StageZone\",\"url\":\"https:\/\/stagezone.hu\/en\/\",\"logo\":{\"@type\":\"ImageObject\",\"inLanguage\":\"en-US\",\"@id\":\"https:\/\/stagezone.hu\/en\/#\/schema\/logo\/image\/\",\"url\":\"https:\/\/stagezone.hu\/wp-content\/uploads\/2026\/01\/Adam-Hall_1000x1000-1-1.png\",\"contentUrl\":\"https:\/\/stagezone.hu\/wp-content\/uploads\/2026\/01\/Adam-Hall_1000x1000-1-1.png\",\"width\":1000,\"height\":1000,\"caption\":\"StageZone\"},\"image\":{\"@id\":\"https:\/\/stagezone.hu\/en\/#\/schema\/logo\/image\/\"},\"sameAs\":[\"https:\/\/www.facebook.com\/stagezonehungary\/\",\"https:\/\/www.instagram.com\/stagezonehungary\/\"]}]}<\/script>\n<!-- \/ Yoast SEO Premium plugin. -->","yoast_head_json":{"title":"Gravity Cart M0 1B Transport Cart","description":"The CART M0 1B transport cart is specifically designed for mobile DJs and technicians. Stop carrying your gear by hand and try this tool.","robots":{"index":"index","follow":"follow","max-snippet":"max-snippet:-1","max-image-preview":"max-image-preview:large","max-video-preview":"max-video-preview:-1"},"canonical":"The CART M0 1B transport cart is specifically designed for mobile DJs and technicians. Stop carrying your gear by hand and try this tool.","og_locale":"en_US","og_type":"article","og_title":"Gravity Cart M0 1B Transport Cart","og_description":"The CART M0 1B transport cart is specifically designed for mobile DJs and technicians. Stop carrying your gear by hand and try this tool.","og_url":"https:\/\/stagezone.hu\/en\/product\/gravity-cart-m0-1b-transport-cart\/","og_site_name":"StageZone","article_publisher":"https:\/\/www.facebook.com\/stagezonehungary\/","article_modified_time":"2026-05-04T18:56:06+00:00","og_image":[{"width":2000,"height":2000,"url":"https:\/\/stagezone.hu\/wp-content\/uploads\/2024\/10\/GCARTM01B_2-masolata.jpg","type":"image\/jpeg"}],"twitter_card":"summary_large_image","twitter_misc":{"Est. reading time":"1 minute"},"schema":{"@context":"https:\/\/schema.org","@graph":[{"@type":"WebPage","@id":"https:\/\/stagezone.hu\/en\/product\/gravity-cart-m0-1b-transport-cart\/","url":"https:\/\/stagezone.hu\/en\/product\/gravity-cart-m0-1b-transport-cart\/","name":"CART M0 1B sz\u00e1ll\u00edt\u00f3kocsi - StageZone","isPartOf":{"@id":"https:\/\/stagezone.hu\/#website"},"primaryImageOfPage":{"@id":"https:\/\/stagezone.hu\/en\/product\/gravity-cart-m0-1b-transport-cart\/#primaryimage"},"image":{"@id":"https:\/\/stagezone.hu\/en\/product\/gravity-cart-m0-1b-transport-cart\/#primaryimage"},"thumbnailUrl":"https:\/\/stagezone.hu\/wp-content\/uploads\/2024\/10\/GCARTM01B_2-masolata.jpg","datePublished":"2024-10-22T13:33:56+00:00","dateModified":"2026-05-04T18:56:06+00:00","description":"A CART M0 1B sz\u00e1ll\u00edt\u00f3kocsi kifejezetten mobil DJ-k \u00e9s technikusok sz\u00e1m\u00e1ra lett kital\u00e1lva. Hagyd abba a k\u00e9zben val\u00f3 pakol\u00e1st \u00e9s pr\u00f3b\u00e1ld ki ezt az eszk\u00f6zt.","breadcrumb":{"@id":"https:\/\/stagezone.hu\/en\/product\/gravity-cart-m0-1b-transport-cart\/#breadcrumb"},"inLanguage":"en-US","potentialAction":[{"@type":"ReadAction","target":["https:\/\/stagezone.hu\/en\/product\/gravity-cart-m0-1b-transport-cart\/"]}]},{"@type":"ImageObject","inLanguage":"en-US","@id":"https:\/\/stagezone.hu\/en\/product\/gravity-cart-m0-1b-transport-cart\/#primaryimage","url":"https:\/\/stagezone.hu\/wp-content\/uploads\/2024\/10\/GCARTM01B_2-masolata.jpg","contentUrl":"https:\/\/stagezone.hu\/wp-content\/uploads\/2024\/10\/GCARTM01B_2-masolata.jpg","width":2000,"height":2000},{"@type":"BreadcrumbList","@id":"https:\/\/stagezone.hu\/en\/product\/gravity-cart-m0-1b-transport-cart\/#breadcrumb","itemListElement":[{"@type":"ListItem","position":1,"name":"Kezd\u0151lap","item":"https:\/\/stagezone.hu\/"},{"@type":"ListItem","position":2,"name":"\u00dczlet","item":"https:\/\/stagezone.hu\/uzlet\/"},{"@type":"ListItem","position":3,"name":"Gravity Cart M0 1B Transport Cart"}]},{"@type":"WebSite","@id":"https:\/\/stagezone.hu\/en\/#website","url":"https:\/\/stagezone.hu\/en\/","name":"StageZone - Ragyogj a Stagezone min\u0151s\u00e9gi f\u00e9nytechnik\u00e1j\u00e1val.","description":"StageZone","publisher":{"@id":"https:\/\/stagezone.hu\/en\/#organization"},"potentialAction":[{"@type":"SearchAction","target":{"@type":"EntryPoint","urlTemplate":"https:\/\/stagezone.hu\/en\/?s={search_term_string}"},"query-input":{"@type":"PropertyValueSpecification","valueRequired":true,"valueName":"search_term_string"}}],"inLanguage":"en-US"},{"@type":"Organization","@id":"https:\/\/stagezone.hu\/en\/#organization","name":"StageZone","url":"https:\/\/stagezone.hu\/en\/","logo":{"@type":"ImageObject","inLanguage":"en-US","@id":"https:\/\/stagezone.hu\/en\/#\/schema\/logo\/image\/","url":"https:\/\/stagezone.hu\/wp-content\/uploads\/2026\/01\/Adam-Hall_1000x1000-1-1.png","contentUrl":"https:\/\/stagezone.hu\/wp-content\/uploads\/2026\/01\/Adam-Hall_1000x1000-1-1.png","width":1000,"height":1000,"caption":"StageZone"},"image":{"@id":"https:\/\/stagezone.hu\/en\/#\/schema\/logo\/image\/"},"sameAs":["https:\/\/www.facebook.com\/stagezonehungary\/","https:\/\/www.instagram.com\/stagezonehungary\/"]}]}},"_links":{"self":[{"href":"https:\/\/stagezone.hu\/en\/wp-json\/wp\/v2\/product\/4344","targetHints":{"allow":["GET"]}}],"collection":[{"href":"https:\/\/stagezone.hu\/en\/wp-json\/wp\/v2\/product"}],"about":[{"href":"https:\/\/stagezone.hu\/en\/wp-json\/wp\/v2\/types\/product"}],"replies":[{"embeddable":true,"href":"https:\/\/stagezone.hu\/en\/wp-json\/wp\/v2\/comments?post=4344"}],"version-history":[{"count":4,"href":"https:\/\/stagezone.hu\/en\/wp-json\/wp\/v2\/product\/4344\/revisions"}],"predecessor-version":[{"id":4358,"href":"https:\/\/stagezone.hu\/en\/wp-json\/wp\/v2\/product\/4344\/revisions\/4358"}],"wp:featuredmedia":[{"embeddable":true,"href":"https:\/\/stagezone.hu\/en\/wp-json\/wp\/v2\/media\/5603"}],"wp:attachment":[{"href":"https:\/\/stagezone.hu\/en\/wp-json\/wp\/v2\/media?parent=4344"}],"wp:term":[{"taxonomy":"product_brand","embeddable":true,"href":"https:\/\/stagezone.hu\/en\/wp-json\/wp\/v2\/product_brand?post=4344"},{"taxonomy":"product_cat","embeddable":true,"href":"https:\/\/stagezone.hu\/en\/wp-json\/wp\/v2\/product_cat?post=4344"},{"taxonomy":"product_tag","embeddable":true,"href":"https:\/\/stagezone.hu\/en\/wp-json\/wp\/v2\/product_tag?post=4344"}],"curies":[{"name":"wp","href":"https:\/\/api.w.org\/{rel}","templated":true}]}}