{"id":4335,"date":"2024-10-22T15:16:20","date_gmt":"2024-10-22T13:16:20","guid":{"rendered":"https:\/\/stagezone.hu\/?post_type=product&#038;p=4335"},"modified":"2026-05-04T19:56:07","modified_gmt":"2026-05-04T18:56:07","slug":"bg-ss-2-xlb-hangfal-allvany-taska","status":"publish","type":"product","link":"https:\/\/stagezone.hu\/en\/product\/speaker-stand-bag-bg-ss-2-xlb\/","title":{"rendered":"Speaker Stand Bag BG SS 2 XLB"},"content":{"rendered":"<p>High-quality material speaker stand bag. Capable of holding two large aluminum or steel stands. Equipped with a double zipper, water-repellent material, and comfortable grip handles.<\/p>\n<p><strong>DATA<\/strong><\/p>\n<table id=\"tablepress-59\" class=\"tablepress tablepress-id-59\">\n<caption style=\"caption-side:bottom;text-align:left;border:none;background:none;margin:0;padding:0;\"><a href=\"https:\/\/stagezone.hu\/wp-admin\/admin.php?page=tablepress&#038;action=edit&#038;table_id=59\" rel=\"nofollow\">Edit<\/a><\/caption>\n<tbody class=\"row-striping row-hover\">\n<tr class=\"row-1\">\n<td class=\"column-1\">Material<\/td>\n<td class=\"column-2\">600D Nylon<\/td>\n<\/tr>\n<tr class=\"row-2\">\n<td class=\"column-1\">Length<\/td>\n<td class=\"column-2\">1450 mm<\/td>\n<\/tr>\n<tr class=\"row-3\">\n<td class=\"column-1\">Width<\/td>\n<td class=\"column-2\">280 mm<\/td>\n<\/tr>\n<tr class=\"row-4\">\n<td class=\"column-1\">Height<\/td>\n<td class=\"column-2\">180 mm<\/td>\n<\/tr>\n<tr class=\"row-5\">\n<td class=\"column-1\">Padding thickness<\/td>\n<td class=\"column-2\">10 mm<\/td>\n<\/tr>\n<tr class=\"row-6\">\n<td class=\"column-1\">Recommended type<\/td>\n<td class=\"column-2\">LS TBTV 28<br \/>\nSP 4722 B<\/td>\n<\/tr>\n<\/tbody>\n<\/table>\n","protected":false},"excerpt":{"rendered":"<p>High-quality speaker stand bag made from durable material. It can hold two large stands and features a double zipper and comfortable handles.<\/p>\n","protected":false},"featured_media":5521,"comment_status":"open","ping_status":"closed","template":"","meta":[],"product_brand":[],"product_cat":[363,334],"product_tag":[405,365],"class_list":{"0":"post-4335","1":"product","2":"type-product","3":"status-publish","4":"has-post-thumbnail","6":"product_cat-hardver","7":"product_cat-taskak-es-tokok","8":"product_tag-allvany-taska","9":"product_tag-gravity","11":"first","12":"onbackorder","13":"taxable","14":"shipping-taxable","15":"purchasable","16":"product-type-simple"},"yoast_head":"<!-- This site is optimized with the Yoast SEO Premium plugin v27.2 (Yoast SEO v27.2) - https:\/\/yoast.com\/product\/yoast-seo-premium-wordpress\/ -->\n<title>Speaker Stand Bag BG SS 2 XLB<\/title>\n<meta name=\"description\" content=\"High-quality speaker stand bag made from durable material. It can hold two large stands and features a double zipper and comfortable handles.\" \/>\n<meta name=\"robots\" content=\"index, follow, max-snippet:-1, max-image-preview:large, max-video-preview:-1\" \/>\n<link rel=\"canonical\" href=\"http:\/\/High-quality%20speaker%20stand%20bag%20made%20from%20durable%20material.%20It%20can%20hold%20two%20large%20stands%20and%20features%20a%20double%20zipper%20and%20comfortable%20handles.\" \/>\n<meta property=\"og:locale\" content=\"en_US\" \/>\n<meta property=\"og:type\" content=\"article\" \/>\n<meta property=\"og:title\" content=\"Speaker Stand Bag BG SS 2 XLB\" \/>\n<meta property=\"og:description\" content=\"High-quality speaker stand bag made from durable material. It can hold two large stands and features a double zipper and comfortable handles.\" \/>\n<meta property=\"og:url\" content=\"https:\/\/stagezone.hu\/en\/product\/speaker-stand-bag-bg-ss-2-xlb\/\" \/>\n<meta property=\"og:site_name\" content=\"StageZone\" \/>\n<meta property=\"article:publisher\" content=\"https:\/\/www.facebook.com\/stagezonehungary\/\" \/>\n<meta property=\"article:modified_time\" content=\"2026-05-04T18:56:07+00:00\" \/>\n<meta property=\"og:image\" content=\"https:\/\/stagezone.hu\/wp-content\/uploads\/2024\/10\/GBGSS2XLB_1.jpg\" \/>\n\t<meta property=\"og:image:width\" content=\"1000\" \/>\n\t<meta property=\"og:image:height\" content=\"1000\" \/>\n\t<meta property=\"og:image:type\" content=\"image\/jpeg\" \/>\n<meta name=\"twitter:card\" content=\"summary_large_image\" \/>\n<meta name=\"twitter:label1\" content=\"Est. reading time\" \/>\n\t<meta name=\"twitter:data1\" content=\"1 minute\" \/>\n<script type=\"application\/ld+json\" class=\"yoast-schema-graph\">{\"@context\":\"https:\/\/schema.org\",\"@graph\":[{\"@type\":\"WebPage\",\"@id\":\"https:\/\/stagezone.hu\/en\/product\/speaker-stand-bag-bg-ss-2-xlb\/\",\"url\":\"https:\/\/stagezone.hu\/en\/product\/speaker-stand-bag-bg-ss-2-xlb\/\",\"name\":\"BG SS 2 XLB hangfal \u00e1llv\u00e1ny t\u00e1ska - StageZone\",\"isPartOf\":{\"@id\":\"https:\/\/stagezone.hu\/#website\"},\"primaryImageOfPage\":{\"@id\":\"https:\/\/stagezone.hu\/en\/product\/speaker-stand-bag-bg-ss-2-xlb\/#primaryimage\"},\"image\":{\"@id\":\"https:\/\/stagezone.hu\/en\/product\/speaker-stand-bag-bg-ss-2-xlb\/#primaryimage\"},\"thumbnailUrl\":\"https:\/\/stagezone.hu\/wp-content\/uploads\/2024\/10\/GBGSS2XLB_1.jpg\",\"datePublished\":\"2024-10-22T13:16:20+00:00\",\"dateModified\":\"2026-05-04T18:56:07+00:00\",\"description\":\"A BGSS2XLB hangfal \u00e1llv\u00e1ny t\u00e1ska a Gravity ikonikus term\u00e9ke. A kett\u0151 p\u00e1rn\u00e1zott rekesz lehet\u0151v\u00e9 teszi, hogy \u00e1llv\u00e1nyaid meg\u0151rizz\u00e9k eredeti \u00e1llapotuk.\",\"breadcrumb\":{\"@id\":\"https:\/\/stagezone.hu\/en\/product\/speaker-stand-bag-bg-ss-2-xlb\/#breadcrumb\"},\"inLanguage\":\"en-US\",\"potentialAction\":[{\"@type\":\"ReadAction\",\"target\":[\"https:\/\/stagezone.hu\/en\/product\/speaker-stand-bag-bg-ss-2-xlb\/\"]}]},{\"@type\":\"ImageObject\",\"inLanguage\":\"en-US\",\"@id\":\"https:\/\/stagezone.hu\/en\/product\/speaker-stand-bag-bg-ss-2-xlb\/#primaryimage\",\"url\":\"https:\/\/stagezone.hu\/wp-content\/uploads\/2024\/10\/GBGSS2XLB_1.jpg\",\"contentUrl\":\"https:\/\/stagezone.hu\/wp-content\/uploads\/2024\/10\/GBGSS2XLB_1.jpg\",\"width\":1000,\"height\":1000},{\"@type\":\"BreadcrumbList\",\"@id\":\"https:\/\/stagezone.hu\/en\/product\/speaker-stand-bag-bg-ss-2-xlb\/#breadcrumb\",\"itemListElement\":[{\"@type\":\"ListItem\",\"position\":1,\"name\":\"Kezd\u0151lap\",\"item\":\"https:\/\/stagezone.hu\/\"},{\"@type\":\"ListItem\",\"position\":2,\"name\":\"\u00dczlet\",\"item\":\"https:\/\/stagezone.hu\/uzlet\/\"},{\"@type\":\"ListItem\",\"position\":3,\"name\":\"Speaker Stand Bag BG SS 2 XLB\"}]},{\"@type\":\"WebSite\",\"@id\":\"https:\/\/stagezone.hu\/en\/#website\",\"url\":\"https:\/\/stagezone.hu\/en\/\",\"name\":\"StageZone - Ragyogj a Stagezone min\u0151s\u00e9gi f\u00e9nytechnik\u00e1j\u00e1val.\",\"description\":\"StageZone\",\"publisher\":{\"@id\":\"https:\/\/stagezone.hu\/en\/#organization\"},\"potentialAction\":[{\"@type\":\"SearchAction\",\"target\":{\"@type\":\"EntryPoint\",\"urlTemplate\":\"https:\/\/stagezone.hu\/en\/?s={search_term_string}\"},\"query-input\":{\"@type\":\"PropertyValueSpecification\",\"valueRequired\":true,\"valueName\":\"search_term_string\"}}],\"inLanguage\":\"en-US\"},{\"@type\":\"Organization\",\"@id\":\"https:\/\/stagezone.hu\/en\/#organization\",\"name\":\"StageZone\",\"url\":\"https:\/\/stagezone.hu\/en\/\",\"logo\":{\"@type\":\"ImageObject\",\"inLanguage\":\"en-US\",\"@id\":\"https:\/\/stagezone.hu\/en\/#\/schema\/logo\/image\/\",\"url\":\"https:\/\/stagezone.hu\/wp-content\/uploads\/2026\/01\/Adam-Hall_1000x1000-1-1.png\",\"contentUrl\":\"https:\/\/stagezone.hu\/wp-content\/uploads\/2026\/01\/Adam-Hall_1000x1000-1-1.png\",\"width\":1000,\"height\":1000,\"caption\":\"StageZone\"},\"image\":{\"@id\":\"https:\/\/stagezone.hu\/en\/#\/schema\/logo\/image\/\"},\"sameAs\":[\"https:\/\/www.facebook.com\/stagezonehungary\/\",\"https:\/\/www.instagram.com\/stagezonehungary\/\"]}]}<\/script>\n<!-- \/ Yoast SEO Premium plugin. -->","yoast_head_json":{"title":"Speaker Stand Bag BG SS 2 XLB","description":"High-quality speaker stand bag made from durable material. It can hold two large stands and features a double zipper and comfortable handles.","robots":{"index":"index","follow":"follow","max-snippet":"max-snippet:-1","max-image-preview":"max-image-preview:large","max-video-preview":"max-video-preview:-1"},"canonical":"High-quality speaker stand bag made from durable material. It can hold two large stands and features a double zipper and comfortable handles.","og_locale":"en_US","og_type":"article","og_title":"Speaker Stand Bag BG SS 2 XLB","og_description":"High-quality speaker stand bag made from durable material. It can hold two large stands and features a double zipper and comfortable handles.","og_url":"https:\/\/stagezone.hu\/en\/product\/speaker-stand-bag-bg-ss-2-xlb\/","og_site_name":"StageZone","article_publisher":"https:\/\/www.facebook.com\/stagezonehungary\/","article_modified_time":"2026-05-04T18:56:07+00:00","og_image":[{"width":1000,"height":1000,"url":"https:\/\/stagezone.hu\/wp-content\/uploads\/2024\/10\/GBGSS2XLB_1.jpg","type":"image\/jpeg"}],"twitter_card":"summary_large_image","twitter_misc":{"Est. reading time":"1 minute"},"schema":{"@context":"https:\/\/schema.org","@graph":[{"@type":"WebPage","@id":"https:\/\/stagezone.hu\/en\/product\/speaker-stand-bag-bg-ss-2-xlb\/","url":"https:\/\/stagezone.hu\/en\/product\/speaker-stand-bag-bg-ss-2-xlb\/","name":"BG SS 2 XLB hangfal \u00e1llv\u00e1ny t\u00e1ska - StageZone","isPartOf":{"@id":"https:\/\/stagezone.hu\/#website"},"primaryImageOfPage":{"@id":"https:\/\/stagezone.hu\/en\/product\/speaker-stand-bag-bg-ss-2-xlb\/#primaryimage"},"image":{"@id":"https:\/\/stagezone.hu\/en\/product\/speaker-stand-bag-bg-ss-2-xlb\/#primaryimage"},"thumbnailUrl":"https:\/\/stagezone.hu\/wp-content\/uploads\/2024\/10\/GBGSS2XLB_1.jpg","datePublished":"2024-10-22T13:16:20+00:00","dateModified":"2026-05-04T18:56:07+00:00","description":"A BGSS2XLB hangfal \u00e1llv\u00e1ny t\u00e1ska a Gravity ikonikus term\u00e9ke. A kett\u0151 p\u00e1rn\u00e1zott rekesz lehet\u0151v\u00e9 teszi, hogy \u00e1llv\u00e1nyaid meg\u0151rizz\u00e9k eredeti \u00e1llapotuk.","breadcrumb":{"@id":"https:\/\/stagezone.hu\/en\/product\/speaker-stand-bag-bg-ss-2-xlb\/#breadcrumb"},"inLanguage":"en-US","potentialAction":[{"@type":"ReadAction","target":["https:\/\/stagezone.hu\/en\/product\/speaker-stand-bag-bg-ss-2-xlb\/"]}]},{"@type":"ImageObject","inLanguage":"en-US","@id":"https:\/\/stagezone.hu\/en\/product\/speaker-stand-bag-bg-ss-2-xlb\/#primaryimage","url":"https:\/\/stagezone.hu\/wp-content\/uploads\/2024\/10\/GBGSS2XLB_1.jpg","contentUrl":"https:\/\/stagezone.hu\/wp-content\/uploads\/2024\/10\/GBGSS2XLB_1.jpg","width":1000,"height":1000},{"@type":"BreadcrumbList","@id":"https:\/\/stagezone.hu\/en\/product\/speaker-stand-bag-bg-ss-2-xlb\/#breadcrumb","itemListElement":[{"@type":"ListItem","position":1,"name":"Kezd\u0151lap","item":"https:\/\/stagezone.hu\/"},{"@type":"ListItem","position":2,"name":"\u00dczlet","item":"https:\/\/stagezone.hu\/uzlet\/"},{"@type":"ListItem","position":3,"name":"Speaker Stand Bag BG SS 2 XLB"}]},{"@type":"WebSite","@id":"https:\/\/stagezone.hu\/en\/#website","url":"https:\/\/stagezone.hu\/en\/","name":"StageZone - Ragyogj a Stagezone min\u0151s\u00e9gi f\u00e9nytechnik\u00e1j\u00e1val.","description":"StageZone","publisher":{"@id":"https:\/\/stagezone.hu\/en\/#organization"},"potentialAction":[{"@type":"SearchAction","target":{"@type":"EntryPoint","urlTemplate":"https:\/\/stagezone.hu\/en\/?s={search_term_string}"},"query-input":{"@type":"PropertyValueSpecification","valueRequired":true,"valueName":"search_term_string"}}],"inLanguage":"en-US"},{"@type":"Organization","@id":"https:\/\/stagezone.hu\/en\/#organization","name":"StageZone","url":"https:\/\/stagezone.hu\/en\/","logo":{"@type":"ImageObject","inLanguage":"en-US","@id":"https:\/\/stagezone.hu\/en\/#\/schema\/logo\/image\/","url":"https:\/\/stagezone.hu\/wp-content\/uploads\/2026\/01\/Adam-Hall_1000x1000-1-1.png","contentUrl":"https:\/\/stagezone.hu\/wp-content\/uploads\/2026\/01\/Adam-Hall_1000x1000-1-1.png","width":1000,"height":1000,"caption":"StageZone"},"image":{"@id":"https:\/\/stagezone.hu\/en\/#\/schema\/logo\/image\/"},"sameAs":["https:\/\/www.facebook.com\/stagezonehungary\/","https:\/\/www.instagram.com\/stagezonehungary\/"]}]}},"_links":{"self":[{"href":"https:\/\/stagezone.hu\/en\/wp-json\/wp\/v2\/product\/4335","targetHints":{"allow":["GET"]}}],"collection":[{"href":"https:\/\/stagezone.hu\/en\/wp-json\/wp\/v2\/product"}],"about":[{"href":"https:\/\/stagezone.hu\/en\/wp-json\/wp\/v2\/types\/product"}],"replies":[{"embeddable":true,"href":"https:\/\/stagezone.hu\/en\/wp-json\/wp\/v2\/comments?post=4335"}],"version-history":[{"count":2,"href":"https:\/\/stagezone.hu\/en\/wp-json\/wp\/v2\/product\/4335\/revisions"}],"predecessor-version":[{"id":4455,"href":"https:\/\/stagezone.hu\/en\/wp-json\/wp\/v2\/product\/4335\/revisions\/4455"}],"wp:featuredmedia":[{"embeddable":true,"href":"https:\/\/stagezone.hu\/en\/wp-json\/wp\/v2\/media\/5521"}],"wp:attachment":[{"href":"https:\/\/stagezone.hu\/en\/wp-json\/wp\/v2\/media?parent=4335"}],"wp:term":[{"taxonomy":"product_brand","embeddable":true,"href":"https:\/\/stagezone.hu\/en\/wp-json\/wp\/v2\/product_brand?post=4335"},{"taxonomy":"product_cat","embeddable":true,"href":"https:\/\/stagezone.hu\/en\/wp-json\/wp\/v2\/product_cat?post=4335"},{"taxonomy":"product_tag","embeddable":true,"href":"https:\/\/stagezone.hu\/en\/wp-json\/wp\/v2\/product_tag?post=4335"}],"curies":[{"name":"wp","href":"https:\/\/api.w.org\/{rel}","templated":true}]}}