{"id":4294,"date":"2024-10-22T13:14:01","date_gmt":"2024-10-22T11:14:01","guid":{"rendered":"https:\/\/stagezone.hu\/?post_type=product&#038;p=4294"},"modified":"2026-05-05T22:33:30","modified_gmt":"2026-05-05T21:33:30","slug":"ls-tbtv-28-fenyallvany","status":"publish","type":"product","link":"https:\/\/stagezone.hu\/en\/product\/ls-tbtv-28-lighting-stand\/","title":{"rendered":"LS TBTV 28 Lighting Stand"},"content":{"rendered":"<p>&nbsp;<\/p>\n<p>Classic tripod lighting stand and T-bar. An especially good choice for those looking for a reliable and stable stand in a more affordable price range.<\/p>\n<p>The product packaging contains 1 stand and 1 T-bar.<\/p>\n<p><strong>DATA<\/strong><\/p>\n\n<table id=\"tablepress-56\" class=\"tablepress tablepress-id-56\">\n<tbody class=\"row-striping row-hover\">\n<tr class=\"row-1\">\n\t<td class=\"column-1\">Anyag<\/td><td class=\"column-2\">Ac\u00e9l<\/td>\n<\/tr>\n<tr class=\"row-2\">\n\t<td class=\"column-1\">Bevonat<\/td><td class=\"column-2\">Porfestett<\/td>\n<\/tr>\n<tr class=\"row-3\">\n\t<td class=\"column-1\">Min. magass\u00e1g<\/td><td class=\"column-2\">1450 mm<\/td>\n<\/tr>\n<tr class=\"row-4\">\n\t<td class=\"column-1\">Max. magass\u00e1g<\/td><td class=\"column-2\">3250 mm<\/td>\n<\/tr>\n<tr class=\"row-5\">\n\t<td class=\"column-1\">T elem<\/td><td class=\"column-2\">1220 mm<\/td>\n<\/tr>\n<tr class=\"row-6\">\n\t<td class=\"column-1\">T elem adapter<\/td><td class=\"column-2\">28 mm<\/td>\n<\/tr>\n<tr class=\"row-7\">\n\t<td class=\"column-1\">Max. teherb\u00edr\u00e1s<\/td><td class=\"column-2\">50 kg<\/td>\n<\/tr>\n<tr class=\"row-8\">\n\t<td class=\"column-1\">Cser\u00e9lhet\u0151 jel\u00f6l\u0151gy\u0171r\u0171<\/td><td class=\"column-2\">Igen<\/td>\n<\/tr>\n<\/tbody>\n<\/table>\n<!-- #tablepress-56 from cache -->\n","protected":false},"excerpt":{"rendered":"<p>The LS TBTV 28 lighting stand offers outstanding value for money. Its robust steel construction and light weight allow for easy setup anywhere.<\/p>\n","protected":false},"featured_media":5577,"comment_status":"open","ping_status":"closed","template":"","meta":[],"product_brand":[],"product_cat":[326,363],"product_tag":[],"class_list":{"0":"post-4294","1":"product","2":"type-product","3":"status-publish","4":"has-post-thumbnail","6":"product_cat-fenyallvany","7":"product_cat-hardver","9":"first","10":"contact_us","11":"taxable","12":"shipping-taxable","13":"purchasable","14":"product-type-simple"},"yoast_head":"<!-- This site is optimized with the Yoast SEO Premium plugin v27.2 (Yoast SEO v27.2) - https:\/\/yoast.com\/product\/yoast-seo-premium-wordpress\/ -->\n<title>LS TBTV 28 Lighting Stand<\/title>\n<meta name=\"description\" content=\"The LS TBTV 28 lighting stand offers outstanding value for money. Its robust steel construction and light weight allow for easy setup anywhere.\" \/>\n<meta name=\"robots\" content=\"index, follow, max-snippet:-1, max-image-preview:large, max-video-preview:-1\" \/>\n<link rel=\"canonical\" href=\"http:\/\/The%20LS%20TBTV%2028%20lighting%20stand%20offers%20outstanding%20value%20for%20money.%20Its%20robust%20steel%20construction%20and%20light%20weight%20allow%20for%20easy%20setup%20anywhere.\" \/>\n<meta property=\"og:locale\" content=\"en_US\" \/>\n<meta property=\"og:type\" content=\"article\" \/>\n<meta property=\"og:title\" content=\"LS TBTV 28 Lighting Stand\" \/>\n<meta property=\"og:description\" content=\"The LS TBTV 28 lighting stand offers outstanding value for money. Its robust steel construction and light weight allow for easy setup anywhere.\" \/>\n<meta property=\"og:url\" content=\"https:\/\/stagezone.hu\/en\/product\/ls-tbtv-28-lighting-stand\/\" \/>\n<meta property=\"og:site_name\" content=\"StageZone\" \/>\n<meta property=\"article:publisher\" content=\"https:\/\/www.facebook.com\/stagezonehungary\/\" \/>\n<meta property=\"article:modified_time\" content=\"2026-05-05T21:33:30+00:00\" \/>\n<meta property=\"og:image\" content=\"https:\/\/stagezone.hu\/wp-content\/uploads\/2024\/10\/GLSTBTV28_1.jpg\" \/>\n\t<meta property=\"og:image:width\" content=\"1000\" \/>\n\t<meta property=\"og:image:height\" content=\"1000\" \/>\n\t<meta property=\"og:image:type\" content=\"image\/jpeg\" \/>\n<meta name=\"twitter:card\" content=\"summary_large_image\" \/>\n<meta name=\"twitter:label1\" content=\"Est. reading time\" \/>\n\t<meta name=\"twitter:data1\" content=\"1 minute\" \/>\n<script type=\"application\/ld+json\" class=\"yoast-schema-graph\">{\"@context\":\"https:\/\/schema.org\",\"@graph\":[{\"@type\":\"WebPage\",\"@id\":\"https:\/\/stagezone.hu\/en\/product\/ls-tbtv-28-lighting-stand\/\",\"url\":\"https:\/\/stagezone.hu\/en\/product\/ls-tbtv-28-lighting-stand\/\",\"name\":\"LS TBTV 28 f\u00e9ny\u00e1llv\u00e1ny - StageZone\",\"isPartOf\":{\"@id\":\"https:\/\/stagezone.hu\/#website\"},\"primaryImageOfPage\":{\"@id\":\"https:\/\/stagezone.hu\/en\/product\/ls-tbtv-28-lighting-stand\/#primaryimage\"},\"image\":{\"@id\":\"https:\/\/stagezone.hu\/en\/product\/ls-tbtv-28-lighting-stand\/#primaryimage\"},\"thumbnailUrl\":\"https:\/\/stagezone.hu\/wp-content\/uploads\/2024\/10\/GLSTBTV28_1.jpg\",\"datePublished\":\"2024-10-22T11:14:01+00:00\",\"dateModified\":\"2026-05-05T21:33:30+00:00\",\"description\":\"A LS TBTV 28 f\u00e9ny\u00e1llv\u00e1ny \u00e1r-\u00e9rt\u00e9k ar\u00e1nyban kiemelked\u0151 term\u00e9k. Massz\u00edv ac\u00e9l szerkezet\u00e9nek \u00e9s k\u00f6nnyed s\u00faly\u00e1nak k\u00f6sz\u00f6nhet\u0151en b\u00e1rhol telep\u00edthet\u0151.\",\"breadcrumb\":{\"@id\":\"https:\/\/stagezone.hu\/en\/product\/ls-tbtv-28-lighting-stand\/#breadcrumb\"},\"inLanguage\":\"en-US\",\"potentialAction\":[{\"@type\":\"ReadAction\",\"target\":[\"https:\/\/stagezone.hu\/en\/product\/ls-tbtv-28-lighting-stand\/\"]}]},{\"@type\":\"ImageObject\",\"inLanguage\":\"en-US\",\"@id\":\"https:\/\/stagezone.hu\/en\/product\/ls-tbtv-28-lighting-stand\/#primaryimage\",\"url\":\"https:\/\/stagezone.hu\/wp-content\/uploads\/2024\/10\/GLSTBTV28_1.jpg\",\"contentUrl\":\"https:\/\/stagezone.hu\/wp-content\/uploads\/2024\/10\/GLSTBTV28_1.jpg\",\"width\":1000,\"height\":1000},{\"@type\":\"BreadcrumbList\",\"@id\":\"https:\/\/stagezone.hu\/en\/product\/ls-tbtv-28-lighting-stand\/#breadcrumb\",\"itemListElement\":[{\"@type\":\"ListItem\",\"position\":1,\"name\":\"Kezd\u0151lap\",\"item\":\"https:\/\/stagezone.hu\/\"},{\"@type\":\"ListItem\",\"position\":2,\"name\":\"\u00dczlet\",\"item\":\"https:\/\/stagezone.hu\/uzlet\/\"},{\"@type\":\"ListItem\",\"position\":3,\"name\":\"LS TBTV 28 Lighting Stand\"}]},{\"@type\":\"WebSite\",\"@id\":\"https:\/\/stagezone.hu\/en\/#website\",\"url\":\"https:\/\/stagezone.hu\/en\/\",\"name\":\"StageZone - Ragyogj a Stagezone min\u0151s\u00e9gi f\u00e9nytechnik\u00e1j\u00e1val.\",\"description\":\"StageZone\",\"publisher\":{\"@id\":\"https:\/\/stagezone.hu\/en\/#organization\"},\"potentialAction\":[{\"@type\":\"SearchAction\",\"target\":{\"@type\":\"EntryPoint\",\"urlTemplate\":\"https:\/\/stagezone.hu\/en\/?s={search_term_string}\"},\"query-input\":{\"@type\":\"PropertyValueSpecification\",\"valueRequired\":true,\"valueName\":\"search_term_string\"}}],\"inLanguage\":\"en-US\"},{\"@type\":\"Organization\",\"@id\":\"https:\/\/stagezone.hu\/en\/#organization\",\"name\":\"StageZone\",\"url\":\"https:\/\/stagezone.hu\/en\/\",\"logo\":{\"@type\":\"ImageObject\",\"inLanguage\":\"en-US\",\"@id\":\"https:\/\/stagezone.hu\/en\/#\/schema\/logo\/image\/\",\"url\":\"https:\/\/stagezone.hu\/wp-content\/uploads\/2026\/01\/Adam-Hall_1000x1000-1-1.png\",\"contentUrl\":\"https:\/\/stagezone.hu\/wp-content\/uploads\/2026\/01\/Adam-Hall_1000x1000-1-1.png\",\"width\":1000,\"height\":1000,\"caption\":\"StageZone\"},\"image\":{\"@id\":\"https:\/\/stagezone.hu\/en\/#\/schema\/logo\/image\/\"},\"sameAs\":[\"https:\/\/www.facebook.com\/stagezonehungary\/\",\"https:\/\/www.instagram.com\/stagezonehungary\/\"]}]}<\/script>\n<!-- \/ Yoast SEO Premium plugin. -->","yoast_head_json":{"title":"LS TBTV 28 Lighting Stand","description":"The LS TBTV 28 lighting stand offers outstanding value for money. Its robust steel construction and light weight allow for easy setup anywhere.","robots":{"index":"index","follow":"follow","max-snippet":"max-snippet:-1","max-image-preview":"max-image-preview:large","max-video-preview":"max-video-preview:-1"},"canonical":"The LS TBTV 28 lighting stand offers outstanding value for money. Its robust steel construction and light weight allow for easy setup anywhere.","og_locale":"en_US","og_type":"article","og_title":"LS TBTV 28 Lighting Stand","og_description":"The LS TBTV 28 lighting stand offers outstanding value for money. Its robust steel construction and light weight allow for easy setup anywhere.","og_url":"https:\/\/stagezone.hu\/en\/product\/ls-tbtv-28-lighting-stand\/","og_site_name":"StageZone","article_publisher":"https:\/\/www.facebook.com\/stagezonehungary\/","article_modified_time":"2026-05-05T21:33:30+00:00","og_image":[{"width":1000,"height":1000,"url":"https:\/\/stagezone.hu\/wp-content\/uploads\/2024\/10\/GLSTBTV28_1.jpg","type":"image\/jpeg"}],"twitter_card":"summary_large_image","twitter_misc":{"Est. reading time":"1 minute"},"schema":{"@context":"https:\/\/schema.org","@graph":[{"@type":"WebPage","@id":"https:\/\/stagezone.hu\/en\/product\/ls-tbtv-28-lighting-stand\/","url":"https:\/\/stagezone.hu\/en\/product\/ls-tbtv-28-lighting-stand\/","name":"LS TBTV 28 f\u00e9ny\u00e1llv\u00e1ny - StageZone","isPartOf":{"@id":"https:\/\/stagezone.hu\/#website"},"primaryImageOfPage":{"@id":"https:\/\/stagezone.hu\/en\/product\/ls-tbtv-28-lighting-stand\/#primaryimage"},"image":{"@id":"https:\/\/stagezone.hu\/en\/product\/ls-tbtv-28-lighting-stand\/#primaryimage"},"thumbnailUrl":"https:\/\/stagezone.hu\/wp-content\/uploads\/2024\/10\/GLSTBTV28_1.jpg","datePublished":"2024-10-22T11:14:01+00:00","dateModified":"2026-05-05T21:33:30+00:00","description":"A LS TBTV 28 f\u00e9ny\u00e1llv\u00e1ny \u00e1r-\u00e9rt\u00e9k ar\u00e1nyban kiemelked\u0151 term\u00e9k. Massz\u00edv ac\u00e9l szerkezet\u00e9nek \u00e9s k\u00f6nnyed s\u00faly\u00e1nak k\u00f6sz\u00f6nhet\u0151en b\u00e1rhol telep\u00edthet\u0151.","breadcrumb":{"@id":"https:\/\/stagezone.hu\/en\/product\/ls-tbtv-28-lighting-stand\/#breadcrumb"},"inLanguage":"en-US","potentialAction":[{"@type":"ReadAction","target":["https:\/\/stagezone.hu\/en\/product\/ls-tbtv-28-lighting-stand\/"]}]},{"@type":"ImageObject","inLanguage":"en-US","@id":"https:\/\/stagezone.hu\/en\/product\/ls-tbtv-28-lighting-stand\/#primaryimage","url":"https:\/\/stagezone.hu\/wp-content\/uploads\/2024\/10\/GLSTBTV28_1.jpg","contentUrl":"https:\/\/stagezone.hu\/wp-content\/uploads\/2024\/10\/GLSTBTV28_1.jpg","width":1000,"height":1000},{"@type":"BreadcrumbList","@id":"https:\/\/stagezone.hu\/en\/product\/ls-tbtv-28-lighting-stand\/#breadcrumb","itemListElement":[{"@type":"ListItem","position":1,"name":"Kezd\u0151lap","item":"https:\/\/stagezone.hu\/"},{"@type":"ListItem","position":2,"name":"\u00dczlet","item":"https:\/\/stagezone.hu\/uzlet\/"},{"@type":"ListItem","position":3,"name":"LS TBTV 28 Lighting Stand"}]},{"@type":"WebSite","@id":"https:\/\/stagezone.hu\/en\/#website","url":"https:\/\/stagezone.hu\/en\/","name":"StageZone - Ragyogj a Stagezone min\u0151s\u00e9gi f\u00e9nytechnik\u00e1j\u00e1val.","description":"StageZone","publisher":{"@id":"https:\/\/stagezone.hu\/en\/#organization"},"potentialAction":[{"@type":"SearchAction","target":{"@type":"EntryPoint","urlTemplate":"https:\/\/stagezone.hu\/en\/?s={search_term_string}"},"query-input":{"@type":"PropertyValueSpecification","valueRequired":true,"valueName":"search_term_string"}}],"inLanguage":"en-US"},{"@type":"Organization","@id":"https:\/\/stagezone.hu\/en\/#organization","name":"StageZone","url":"https:\/\/stagezone.hu\/en\/","logo":{"@type":"ImageObject","inLanguage":"en-US","@id":"https:\/\/stagezone.hu\/en\/#\/schema\/logo\/image\/","url":"https:\/\/stagezone.hu\/wp-content\/uploads\/2026\/01\/Adam-Hall_1000x1000-1-1.png","contentUrl":"https:\/\/stagezone.hu\/wp-content\/uploads\/2026\/01\/Adam-Hall_1000x1000-1-1.png","width":1000,"height":1000,"caption":"StageZone"},"image":{"@id":"https:\/\/stagezone.hu\/en\/#\/schema\/logo\/image\/"},"sameAs":["https:\/\/www.facebook.com\/stagezonehungary\/","https:\/\/www.instagram.com\/stagezonehungary\/"]}]}},"_links":{"self":[{"href":"https:\/\/stagezone.hu\/en\/wp-json\/wp\/v2\/product\/4294","targetHints":{"allow":["GET"]}}],"collection":[{"href":"https:\/\/stagezone.hu\/en\/wp-json\/wp\/v2\/product"}],"about":[{"href":"https:\/\/stagezone.hu\/en\/wp-json\/wp\/v2\/types\/product"}],"replies":[{"embeddable":true,"href":"https:\/\/stagezone.hu\/en\/wp-json\/wp\/v2\/comments?post=4294"}],"version-history":[{"count":2,"href":"https:\/\/stagezone.hu\/en\/wp-json\/wp\/v2\/product\/4294\/revisions"}],"predecessor-version":[{"id":5576,"href":"https:\/\/stagezone.hu\/en\/wp-json\/wp\/v2\/product\/4294\/revisions\/5576"}],"wp:featuredmedia":[{"embeddable":true,"href":"https:\/\/stagezone.hu\/en\/wp-json\/wp\/v2\/media\/5577"}],"wp:attachment":[{"href":"https:\/\/stagezone.hu\/en\/wp-json\/wp\/v2\/media?parent=4294"}],"wp:term":[{"taxonomy":"product_brand","embeddable":true,"href":"https:\/\/stagezone.hu\/en\/wp-json\/wp\/v2\/product_brand?post=4294"},{"taxonomy":"product_cat","embeddable":true,"href":"https:\/\/stagezone.hu\/en\/wp-json\/wp\/v2\/product_cat?post=4294"},{"taxonomy":"product_tag","embeddable":true,"href":"https:\/\/stagezone.hu\/en\/wp-json\/wp\/v2\/product_tag?post=4294"}],"curies":[{"name":"wp","href":"https:\/\/api.w.org\/{rel}","templated":true}]}}