{"id":4264,"date":"2024-10-22T12:11:04","date_gmt":"2024-10-22T10:11:04","guid":{"rendered":"https:\/\/stagezone.hu\/?post_type=product&#038;p=4264"},"modified":"2026-05-04T19:56:13","modified_gmt":"2026-05-04T18:56:13","slug":"tls-431-b-touring-fenyallvany","status":"publish","type":"product","link":"https:\/\/stagezone.hu\/en\/product\/gravity-tls-431-b-touring-light-stand\/","title":{"rendered":"Gravity TLS 431 B Touring Light Stand"},"content":{"rendered":"<p>The so-called &#8220;baseplate&#8221; stands embody the elegant appearance of mobile installations. They are easy to transport, space-saving, and stable. Unlike classic tripod stands, they can be set up in much less space thanks to the small diameter of the steel base. Don&#8217;t be fooled, as the base weighs 12 kg, providing a solid foundation for construction.<\/p>\n<p>Unlike the LS 431 B stand, Gravity used the so-called Auto LockPin\u00ae mechanism for the satellite rod in this device. In this solution, the rod has many more locking holes with a denser distribution, and the safety pin is integrated into the outer rod. Thanks to this, you don&#8217;t have to worry about the rod slipping back with an accidental movement, as the tilting pin will immediately catch it. The steel satellite rod is durable and easy to use. Its load-bearing capacity allows you to hang various types of equipment on it.<\/p>\n<p>Thanks to its rubberized handles, the baseplate provides a comfortable grip.<\/p>\n<p><strong>DATA<\/strong><\/p>\n<table id=\"tablepress-54\" class=\"tablepress tablepress-id-54 tbody-has-connected-cells\">\n<caption style=\"caption-side:bottom;text-align:left;border:none;background:none;margin:0;padding:0;\"><a href=\"https:\/\/stagezone.hu\/wp-admin\/admin.php?page=tablepress&#038;action=edit&#038;table_id=54\" rel=\"nofollow\">Edit<\/a><\/caption>\n<tbody class=\"row-striping row-hover\">\n<tr class=\"row-1\">\n<td colspan=\"2\" class=\"column-1\">Satellite<\/td>\n<\/tr>\n<tr class=\"row-2\">\n<td class=\"column-1\">Material<\/td>\n<td class=\"column-2\">Steel<\/td>\n<\/tr>\n<tr class=\"row-3\">\n<td class=\"column-1\">Min. height<\/td>\n<td class=\"column-2\">1430 mm<\/td>\n<\/tr>\n<tr class=\"row-4\">\n<td class=\"column-1\">Max. height<\/td>\n<td class=\"column-2\">2420 mm<\/td>\n<\/tr>\n<tr class=\"row-5\">\n<td class=\"column-1\">Height adjustment<\/td>\n<td class=\"column-2\">Auto LockPin\u00ae<\/td>\n<\/tr>\n<tr class=\"row-6\">\n<td class=\"column-1\">Coating<\/td>\n<td class=\"column-2\">Powder coated<\/td>\n<\/tr>\n<tr class=\"row-7\">\n<td class=\"column-1\">Weight<\/td>\n<td class=\"column-2\">4.65 kg<\/td>\n<\/tr>\n<tr class=\"row-8\">\n<td class=\"column-1\">Thread<\/td>\n<td class=\"column-2\">M20<\/td>\n<\/tr>\n<tr class=\"row-9\">\n<td colspan=\"2\" class=\"column-1\">Baseplate<\/td>\n<\/tr>\n<tr class=\"row-10\">\n<td class=\"column-1\">Material<\/td>\n<td class=\"column-2\">Steel<\/td>\n<\/tr>\n<tr class=\"row-11\">\n<td class=\"column-1\">Length<\/td>\n<td class=\"column-2\">537 mm<\/td>\n<\/tr>\n<tr class=\"row-12\">\n<td class=\"column-1\">Width<\/td>\n<td class=\"column-2\">535 mm<\/td>\n<\/tr>\n<tr class=\"row-13\">\n<td class=\"column-1\">Height<\/td>\n<td class=\"column-2\">20 mm<\/td>\n<\/tr>\n<tr class=\"row-14\">\n<td class=\"column-1\">Weight<\/td>\n<td class=\"column-2\">12.35 kg<\/td>\n<\/tr>\n<tr class=\"row-15\">\n<td class=\"column-1\">Max. load capacity<\/td>\n<td class=\"column-2\">25 kg<\/td>\n<\/tr>\n<tr class=\"row-16\">\n<td class=\"column-1\">Replaceable coding ring<\/td>\n<td class=\"column-2\">No<\/td>\n<\/tr>\n<\/tbody>\n<\/table>\n","protected":false},"excerpt":{"rendered":"<p>The TLS 431 B light stand offers a truly clean look. Forget classic tripod stands. It is stable, reliable, and easy to transport.<\/p>\n","protected":false},"featured_media":5595,"comment_status":"open","ping_status":"closed","template":"","meta":[],"product_brand":[],"product_cat":[326,363],"product_tag":[369,372,373],"class_list":{"0":"post-4264","1":"product","2":"type-product","3":"status-publish","4":"has-post-thumbnail","6":"product_cat-fenyallvany","7":"product_cat-hardver","8":"product_tag-baseplate","9":"product_tag-fenyallvany","10":"product_tag-grivity","12":"first","13":"contact_us","14":"taxable","15":"shipping-taxable","16":"purchasable","17":"product-type-simple"},"yoast_head":"<!-- This site is optimized with the Yoast SEO Premium plugin v27.2 (Yoast SEO v27.2) - https:\/\/yoast.com\/product\/yoast-seo-premium-wordpress\/ -->\n<title>Gravity TLS 431 B Touring Light Stand<\/title>\n<meta name=\"description\" content=\"The TLS 431 B light stand offers a truly clean look. Forget classic tripod stands. It is stable, reliable, and easy to transport.\" \/>\n<meta name=\"robots\" content=\"index, follow, max-snippet:-1, max-image-preview:large, max-video-preview:-1\" \/>\n<link rel=\"canonical\" href=\"http:\/\/The%20TLS%20431%20B%20light%20stand%20offers%20a%20truly%20clean%20look.%20Forget%20classic%20tripod%20stands.%20It%20is%20stable,%20reliable,%20and%20easy%20to%20transport.\" \/>\n<meta property=\"og:locale\" content=\"en_US\" \/>\n<meta property=\"og:type\" content=\"article\" \/>\n<meta property=\"og:title\" content=\"Gravity TLS 431 B Touring Light Stand\" \/>\n<meta property=\"og:description\" content=\"The TLS 431 B light stand offers a truly clean look. Forget classic tripod stands. It is stable, reliable, and easy to transport.\" \/>\n<meta property=\"og:url\" content=\"https:\/\/stagezone.hu\/en\/product\/gravity-tls-431-b-touring-light-stand\/\" \/>\n<meta property=\"og:site_name\" content=\"StageZone\" \/>\n<meta property=\"article:publisher\" content=\"https:\/\/www.facebook.com\/stagezonehungary\/\" \/>\n<meta property=\"article:modified_time\" content=\"2026-05-04T18:56:13+00:00\" \/>\n<meta property=\"og:image\" content=\"https:\/\/stagezone.hu\/wp-content\/uploads\/2024\/10\/GTLS431B_2.jpg\" \/>\n\t<meta property=\"og:image:width\" content=\"2000\" \/>\n\t<meta property=\"og:image:height\" content=\"2000\" \/>\n\t<meta property=\"og:image:type\" content=\"image\/jpeg\" \/>\n<meta name=\"twitter:card\" content=\"summary_large_image\" \/>\n<meta name=\"twitter:label1\" content=\"Est. reading time\" \/>\n\t<meta name=\"twitter:data1\" content=\"1 minute\" \/>\n<script type=\"application\/ld+json\" class=\"yoast-schema-graph\">{\"@context\":\"https:\/\/schema.org\",\"@graph\":[{\"@type\":\"WebPage\",\"@id\":\"https:\/\/stagezone.hu\/en\/product\/gravity-tls-431-b-touring-light-stand\/\",\"url\":\"https:\/\/stagezone.hu\/en\/product\/gravity-tls-431-b-touring-light-stand\/\",\"name\":\"TLS 431 B Touring f\u00e9ny\u00e1llv\u00e1ny - StageZone\",\"isPartOf\":{\"@id\":\"https:\/\/stagezone.hu\/#website\"},\"primaryImageOfPage\":{\"@id\":\"https:\/\/stagezone.hu\/en\/product\/gravity-tls-431-b-touring-light-stand\/#primaryimage\"},\"image\":{\"@id\":\"https:\/\/stagezone.hu\/en\/product\/gravity-tls-431-b-touring-light-stand\/#primaryimage\"},\"thumbnailUrl\":\"https:\/\/stagezone.hu\/wp-content\/uploads\/2024\/10\/GTLS431B_2.jpg\",\"datePublished\":\"2024-10-22T10:11:04+00:00\",\"dateModified\":\"2026-05-04T18:56:13+00:00\",\"description\":\"A TLS 431 B f\u00e9ny\u00e1llv\u00e1ny egy igaz\u00e1n letisztult l\u00e1tv\u00e1nyt k\u00edn\u00e1l. Felejtsd el a klasszikus tripod \u00e1llv\u00e1nyokat. Stabil, megb\u00edzhat\u00f3 \u00e9s k\u00f6nnyen sz\u00e1ll\u00edthat\u00f3.\",\"breadcrumb\":{\"@id\":\"https:\/\/stagezone.hu\/en\/product\/gravity-tls-431-b-touring-light-stand\/#breadcrumb\"},\"inLanguage\":\"en-US\",\"potentialAction\":[{\"@type\":\"ReadAction\",\"target\":[\"https:\/\/stagezone.hu\/en\/product\/gravity-tls-431-b-touring-light-stand\/\"]}]},{\"@type\":\"ImageObject\",\"inLanguage\":\"en-US\",\"@id\":\"https:\/\/stagezone.hu\/en\/product\/gravity-tls-431-b-touring-light-stand\/#primaryimage\",\"url\":\"https:\/\/stagezone.hu\/wp-content\/uploads\/2024\/10\/GTLS431B_2.jpg\",\"contentUrl\":\"https:\/\/stagezone.hu\/wp-content\/uploads\/2024\/10\/GTLS431B_2.jpg\",\"width\":2000,\"height\":2000},{\"@type\":\"BreadcrumbList\",\"@id\":\"https:\/\/stagezone.hu\/en\/product\/gravity-tls-431-b-touring-light-stand\/#breadcrumb\",\"itemListElement\":[{\"@type\":\"ListItem\",\"position\":1,\"name\":\"Kezd\u0151lap\",\"item\":\"https:\/\/stagezone.hu\/\"},{\"@type\":\"ListItem\",\"position\":2,\"name\":\"\u00dczlet\",\"item\":\"https:\/\/stagezone.hu\/uzlet\/\"},{\"@type\":\"ListItem\",\"position\":3,\"name\":\"Gravity TLS 431 B Touring Light Stand\"}]},{\"@type\":\"WebSite\",\"@id\":\"https:\/\/stagezone.hu\/en\/#website\",\"url\":\"https:\/\/stagezone.hu\/en\/\",\"name\":\"StageZone - Ragyogj a Stagezone min\u0151s\u00e9gi f\u00e9nytechnik\u00e1j\u00e1val.\",\"description\":\"StageZone\",\"publisher\":{\"@id\":\"https:\/\/stagezone.hu\/en\/#organization\"},\"potentialAction\":[{\"@type\":\"SearchAction\",\"target\":{\"@type\":\"EntryPoint\",\"urlTemplate\":\"https:\/\/stagezone.hu\/en\/?s={search_term_string}\"},\"query-input\":{\"@type\":\"PropertyValueSpecification\",\"valueRequired\":true,\"valueName\":\"search_term_string\"}}],\"inLanguage\":\"en-US\"},{\"@type\":\"Organization\",\"@id\":\"https:\/\/stagezone.hu\/en\/#organization\",\"name\":\"StageZone\",\"url\":\"https:\/\/stagezone.hu\/en\/\",\"logo\":{\"@type\":\"ImageObject\",\"inLanguage\":\"en-US\",\"@id\":\"https:\/\/stagezone.hu\/en\/#\/schema\/logo\/image\/\",\"url\":\"https:\/\/stagezone.hu\/wp-content\/uploads\/2026\/01\/Adam-Hall_1000x1000-1-1.png\",\"contentUrl\":\"https:\/\/stagezone.hu\/wp-content\/uploads\/2026\/01\/Adam-Hall_1000x1000-1-1.png\",\"width\":1000,\"height\":1000,\"caption\":\"StageZone\"},\"image\":{\"@id\":\"https:\/\/stagezone.hu\/en\/#\/schema\/logo\/image\/\"},\"sameAs\":[\"https:\/\/www.facebook.com\/stagezonehungary\/\",\"https:\/\/www.instagram.com\/stagezonehungary\/\"]}]}<\/script>\n<!-- \/ Yoast SEO Premium plugin. -->","yoast_head_json":{"title":"Gravity TLS 431 B Touring Light Stand","description":"The TLS 431 B light stand offers a truly clean look. Forget classic tripod stands. It is stable, reliable, and easy to transport.","robots":{"index":"index","follow":"follow","max-snippet":"max-snippet:-1","max-image-preview":"max-image-preview:large","max-video-preview":"max-video-preview:-1"},"canonical":"The TLS 431 B light stand offers a truly clean look. Forget classic tripod stands. It is stable, reliable, and easy to transport.","og_locale":"en_US","og_type":"article","og_title":"Gravity TLS 431 B Touring Light Stand","og_description":"The TLS 431 B light stand offers a truly clean look. Forget classic tripod stands. It is stable, reliable, and easy to transport.","og_url":"https:\/\/stagezone.hu\/en\/product\/gravity-tls-431-b-touring-light-stand\/","og_site_name":"StageZone","article_publisher":"https:\/\/www.facebook.com\/stagezonehungary\/","article_modified_time":"2026-05-04T18:56:13+00:00","og_image":[{"width":2000,"height":2000,"url":"https:\/\/stagezone.hu\/wp-content\/uploads\/2024\/10\/GTLS431B_2.jpg","type":"image\/jpeg"}],"twitter_card":"summary_large_image","twitter_misc":{"Est. reading time":"1 minute"},"schema":{"@context":"https:\/\/schema.org","@graph":[{"@type":"WebPage","@id":"https:\/\/stagezone.hu\/en\/product\/gravity-tls-431-b-touring-light-stand\/","url":"https:\/\/stagezone.hu\/en\/product\/gravity-tls-431-b-touring-light-stand\/","name":"TLS 431 B Touring f\u00e9ny\u00e1llv\u00e1ny - StageZone","isPartOf":{"@id":"https:\/\/stagezone.hu\/#website"},"primaryImageOfPage":{"@id":"https:\/\/stagezone.hu\/en\/product\/gravity-tls-431-b-touring-light-stand\/#primaryimage"},"image":{"@id":"https:\/\/stagezone.hu\/en\/product\/gravity-tls-431-b-touring-light-stand\/#primaryimage"},"thumbnailUrl":"https:\/\/stagezone.hu\/wp-content\/uploads\/2024\/10\/GTLS431B_2.jpg","datePublished":"2024-10-22T10:11:04+00:00","dateModified":"2026-05-04T18:56:13+00:00","description":"A TLS 431 B f\u00e9ny\u00e1llv\u00e1ny egy igaz\u00e1n letisztult l\u00e1tv\u00e1nyt k\u00edn\u00e1l. Felejtsd el a klasszikus tripod \u00e1llv\u00e1nyokat. Stabil, megb\u00edzhat\u00f3 \u00e9s k\u00f6nnyen sz\u00e1ll\u00edthat\u00f3.","breadcrumb":{"@id":"https:\/\/stagezone.hu\/en\/product\/gravity-tls-431-b-touring-light-stand\/#breadcrumb"},"inLanguage":"en-US","potentialAction":[{"@type":"ReadAction","target":["https:\/\/stagezone.hu\/en\/product\/gravity-tls-431-b-touring-light-stand\/"]}]},{"@type":"ImageObject","inLanguage":"en-US","@id":"https:\/\/stagezone.hu\/en\/product\/gravity-tls-431-b-touring-light-stand\/#primaryimage","url":"https:\/\/stagezone.hu\/wp-content\/uploads\/2024\/10\/GTLS431B_2.jpg","contentUrl":"https:\/\/stagezone.hu\/wp-content\/uploads\/2024\/10\/GTLS431B_2.jpg","width":2000,"height":2000},{"@type":"BreadcrumbList","@id":"https:\/\/stagezone.hu\/en\/product\/gravity-tls-431-b-touring-light-stand\/#breadcrumb","itemListElement":[{"@type":"ListItem","position":1,"name":"Kezd\u0151lap","item":"https:\/\/stagezone.hu\/"},{"@type":"ListItem","position":2,"name":"\u00dczlet","item":"https:\/\/stagezone.hu\/uzlet\/"},{"@type":"ListItem","position":3,"name":"Gravity TLS 431 B Touring Light Stand"}]},{"@type":"WebSite","@id":"https:\/\/stagezone.hu\/en\/#website","url":"https:\/\/stagezone.hu\/en\/","name":"StageZone - Ragyogj a Stagezone min\u0151s\u00e9gi f\u00e9nytechnik\u00e1j\u00e1val.","description":"StageZone","publisher":{"@id":"https:\/\/stagezone.hu\/en\/#organization"},"potentialAction":[{"@type":"SearchAction","target":{"@type":"EntryPoint","urlTemplate":"https:\/\/stagezone.hu\/en\/?s={search_term_string}"},"query-input":{"@type":"PropertyValueSpecification","valueRequired":true,"valueName":"search_term_string"}}],"inLanguage":"en-US"},{"@type":"Organization","@id":"https:\/\/stagezone.hu\/en\/#organization","name":"StageZone","url":"https:\/\/stagezone.hu\/en\/","logo":{"@type":"ImageObject","inLanguage":"en-US","@id":"https:\/\/stagezone.hu\/en\/#\/schema\/logo\/image\/","url":"https:\/\/stagezone.hu\/wp-content\/uploads\/2026\/01\/Adam-Hall_1000x1000-1-1.png","contentUrl":"https:\/\/stagezone.hu\/wp-content\/uploads\/2026\/01\/Adam-Hall_1000x1000-1-1.png","width":1000,"height":1000,"caption":"StageZone"},"image":{"@id":"https:\/\/stagezone.hu\/en\/#\/schema\/logo\/image\/"},"sameAs":["https:\/\/www.facebook.com\/stagezonehungary\/","https:\/\/www.instagram.com\/stagezonehungary\/"]}]}},"_links":{"self":[{"href":"https:\/\/stagezone.hu\/en\/wp-json\/wp\/v2\/product\/4264","targetHints":{"allow":["GET"]}}],"collection":[{"href":"https:\/\/stagezone.hu\/en\/wp-json\/wp\/v2\/product"}],"about":[{"href":"https:\/\/stagezone.hu\/en\/wp-json\/wp\/v2\/types\/product"}],"replies":[{"embeddable":true,"href":"https:\/\/stagezone.hu\/en\/wp-json\/wp\/v2\/comments?post=4264"}],"version-history":[{"count":3,"href":"https:\/\/stagezone.hu\/en\/wp-json\/wp\/v2\/product\/4264\/revisions"}],"predecessor-version":[{"id":7611,"href":"https:\/\/stagezone.hu\/en\/wp-json\/wp\/v2\/product\/4264\/revisions\/7611"}],"wp:featuredmedia":[{"embeddable":true,"href":"https:\/\/stagezone.hu\/en\/wp-json\/wp\/v2\/media\/5595"}],"wp:attachment":[{"href":"https:\/\/stagezone.hu\/en\/wp-json\/wp\/v2\/media?parent=4264"}],"wp:term":[{"taxonomy":"product_brand","embeddable":true,"href":"https:\/\/stagezone.hu\/en\/wp-json\/wp\/v2\/product_brand?post=4264"},{"taxonomy":"product_cat","embeddable":true,"href":"https:\/\/stagezone.hu\/en\/wp-json\/wp\/v2\/product_cat?post=4264"},{"taxonomy":"product_tag","embeddable":true,"href":"https:\/\/stagezone.hu\/en\/wp-json\/wp\/v2\/product_tag?post=4264"}],"curies":[{"name":"wp","href":"https:\/\/api.w.org\/{rel}","templated":true}]}}