{"id":4249,"date":"2024-10-22T11:24:28","date_gmt":"2024-10-22T09:24:28","guid":{"rendered":"https:\/\/stagezone.hu\/?post_type=product&#038;p=4249"},"modified":"2026-05-04T19:56:14","modified_gmt":"2026-05-04T18:56:14","slug":"ls-431-b-fenyallvany","status":"publish","type":"product","link":"https:\/\/stagezone.hu\/en\/product\/ls-431-b-lighting-stand\/","title":{"rendered":"LS 431 B Lighting Stand"},"content":{"rendered":"<p>&nbsp;<\/p>\n<p>The so-called &#8220;baseplate&#8221; stands embody the elegant appearance of mobile installations. They are easy to transport, space-saving, and stable. Unlike classic tripod stands, they can be set up in a much smaller area due to the small diameter of the steel base. Don&#8217;t be fooled, as the base weighs 14 kg, providing a secure foundation for setup.<\/p>\n<p>Thanks to its rubberized handles, the baseplate offers a comfortable grip.<\/p>\n<p>The steel satellite pole is durable and easy to use. Its load-bearing capacity allows you to hang multiple types of equipment.<\/p>\n<p><strong>DATA<\/strong><\/p>\n<table id=\"tablepress-53-no-2\" class=\"tablepress tablepress-id-53 tbody-has-connected-cells\">\n<caption style=\"caption-side:bottom;text-align:left;border:none;background:none;margin:0;padding:0;\"><a href=\"https:\/\/stagezone.hu\/wp-admin\/admin.php?page=tablepress&#038;action=edit&#038;table_id=53\" rel=\"nofollow\">Edit<\/a><\/caption>\n<tbody class=\"row-striping row-hover\">\n<tr class=\"row-1\">\n<td colspan=\"2\" class=\"column-1\">Satellite<\/td>\n<\/tr>\n<tr class=\"row-2\">\n<td class=\"column-1\">Material<\/td>\n<td class=\"column-2\">Steel<\/td>\n<\/tr>\n<tr class=\"row-3\">\n<td class=\"column-1\">Min. height<\/td>\n<td class=\"column-2\">1420 mm<\/td>\n<\/tr>\n<tr class=\"row-4\">\n<td class=\"column-1\">Max. height<\/td>\n<td class=\"column-2\">2420 mm<\/td>\n<\/tr>\n<tr class=\"row-5\">\n<td class=\"column-1\">Height adjustment<\/td>\n<td class=\"column-2\">Knurled screw\/safety pin<\/td>\n<\/tr>\n<tr class=\"row-6\">\n<td class=\"column-1\">Coating<\/td>\n<td class=\"column-2\">Powder-coated<\/td>\n<\/tr>\n<tr class=\"row-7\">\n<td class=\"column-1\">Weight<\/td>\n<td class=\"column-2\">3.8 kg<\/td>\n<\/tr>\n<tr class=\"row-8\">\n<td class=\"column-1\">Thread<\/td>\n<td class=\"column-2\">M20<\/td>\n<\/tr>\n<tr class=\"row-9\">\n<td colspan=\"2\" class=\"column-1\">Baseplate<\/td>\n<\/tr>\n<tr class=\"row-10\">\n<td class=\"column-1\">Material<\/td>\n<td class=\"column-2\">Steel<\/td>\n<\/tr>\n<tr class=\"row-11\">\n<td class=\"column-1\">Length<\/td>\n<td class=\"column-2\">563 mm<\/td>\n<\/tr>\n<tr class=\"row-12\">\n<td class=\"column-1\">Width<\/td>\n<td class=\"column-2\">563 mm<\/td>\n<\/tr>\n<tr class=\"row-13\">\n<td class=\"column-1\">Height<\/td>\n<td class=\"column-2\">15 mm<\/td>\n<\/tr>\n<tr class=\"row-14\">\n<td class=\"column-1\">Weight<\/td>\n<td class=\"column-2\">14 kg<\/td>\n<\/tr>\n<tr class=\"row-15\">\n<td class=\"column-1\">Max. load capacity<\/td>\n<td class=\"column-2\">20 kg<\/td>\n<\/tr>\n<tr class=\"row-16\">\n<td class=\"column-1\">Replaceable encoder ring<\/td>\n<td class=\"column-2\">Yes<\/td>\n<\/tr>\n<\/tbody>\n<\/table>\n","protected":false},"excerpt":{"rendered":"<p>The LS 431 B &#8220;baseplate&#8221; stand offers an elegant look for mobile installations. It is easy to transport, space-saving, and stable.<\/p>\n","protected":false},"featured_media":5598,"comment_status":"open","ping_status":"closed","template":"","meta":[],"product_brand":[],"product_cat":[326,363],"product_tag":[369,372,365],"class_list":{"0":"post-4249","1":"product","2":"type-product","3":"status-publish","4":"has-post-thumbnail","6":"product_cat-fenyallvany","7":"product_cat-hardver","8":"product_tag-baseplate","9":"product_tag-fenyallvany","10":"product_tag-gravity","12":"first","13":"instock","14":"taxable","15":"shipping-taxable","16":"purchasable","17":"product-type-simple"},"yoast_head":"<!-- This site is optimized with the Yoast SEO Premium plugin v27.2 (Yoast SEO v27.2) - https:\/\/yoast.com\/product\/yoast-seo-premium-wordpress\/ -->\n<title>LS 431 B Lighting Stand<\/title>\n<meta name=\"description\" content=\"The LS 431 B &quot;baseplate&quot; stand offers an elegant look for mobile installations. It is easy to transport, space-saving, and stable.\" \/>\n<meta name=\"robots\" content=\"index, follow, max-snippet:-1, max-image-preview:large, max-video-preview:-1\" \/>\n<link rel=\"canonical\" href=\"http:\/\/The%20LS%20431%20B%20baseplate%20stand%20offers%20an%20elegant%20look%20for%20mobile%20installations.%20It%20is%20easy%20to%20transport,%20space-saving,%20and%20stable.\" \/>\n<meta property=\"og:locale\" content=\"en_US\" \/>\n<meta property=\"og:type\" content=\"article\" \/>\n<meta property=\"og:title\" content=\"LS 431 B Lighting Stand\" \/>\n<meta property=\"og:description\" content=\"The LS 431 B &quot;baseplate&quot; stand offers an elegant look for mobile installations. It is easy to transport, space-saving, and stable.\" \/>\n<meta property=\"og:url\" content=\"https:\/\/stagezone.hu\/en\/product\/ls-431-b-lighting-stand\/\" \/>\n<meta property=\"og:site_name\" content=\"StageZone\" \/>\n<meta property=\"article:publisher\" content=\"https:\/\/www.facebook.com\/stagezonehungary\/\" \/>\n<meta property=\"article:modified_time\" content=\"2026-05-04T18:56:14+00:00\" \/>\n<meta property=\"og:image\" content=\"https:\/\/stagezone.hu\/wp-content\/uploads\/2024\/10\/GLS431B_1.jpg\" \/>\n\t<meta property=\"og:image:width\" content=\"1000\" \/>\n\t<meta property=\"og:image:height\" content=\"1000\" \/>\n\t<meta property=\"og:image:type\" content=\"image\/jpeg\" \/>\n<meta name=\"twitter:card\" content=\"summary_large_image\" \/>\n<meta name=\"twitter:label1\" content=\"Est. reading time\" \/>\n\t<meta name=\"twitter:data1\" content=\"1 minute\" \/>\n<script type=\"application\/ld+json\" class=\"yoast-schema-graph\">{\"@context\":\"https:\/\/schema.org\",\"@graph\":[{\"@type\":\"WebPage\",\"@id\":\"https:\/\/stagezone.hu\/en\/product\/ls-431-b-lighting-stand\/\",\"url\":\"https:\/\/stagezone.hu\/en\/product\/ls-431-b-lighting-stand\/\",\"name\":\"LS 431 B f\u00e9ny\u00e1llv\u00e1ny - StageZone\",\"isPartOf\":{\"@id\":\"https:\/\/stagezone.hu\/#website\"},\"primaryImageOfPage\":{\"@id\":\"https:\/\/stagezone.hu\/en\/product\/ls-431-b-lighting-stand\/#primaryimage\"},\"image\":{\"@id\":\"https:\/\/stagezone.hu\/en\/product\/ls-431-b-lighting-stand\/#primaryimage\"},\"thumbnailUrl\":\"https:\/\/stagezone.hu\/wp-content\/uploads\/2024\/10\/GLS431B_1.jpg\",\"datePublished\":\"2024-10-22T09:24:28+00:00\",\"dateModified\":\"2026-05-04T18:56:14+00:00\",\"description\":\"A LS 431 B f\u00e9ny\u00e1llv\u00e1ny egy igaz\u00e1n letisztult l\u00e1tv\u00e1nyt k\u00edn\u00e1l. Felejtsd el a klasszikus tripod \u00e1llv\u00e1nyokat. Stabil, megb\u00edzhat\u00f3 \u00e9s k\u00f6nnyen sz\u00e1ll\u00edthat\u00f3.\",\"breadcrumb\":{\"@id\":\"https:\/\/stagezone.hu\/en\/product\/ls-431-b-lighting-stand\/#breadcrumb\"},\"inLanguage\":\"en-US\",\"potentialAction\":[{\"@type\":\"ReadAction\",\"target\":[\"https:\/\/stagezone.hu\/en\/product\/ls-431-b-lighting-stand\/\"]}]},{\"@type\":\"ImageObject\",\"inLanguage\":\"en-US\",\"@id\":\"https:\/\/stagezone.hu\/en\/product\/ls-431-b-lighting-stand\/#primaryimage\",\"url\":\"https:\/\/stagezone.hu\/wp-content\/uploads\/2024\/10\/GLS431B_1.jpg\",\"contentUrl\":\"https:\/\/stagezone.hu\/wp-content\/uploads\/2024\/10\/GLS431B_1.jpg\",\"width\":1000,\"height\":1000},{\"@type\":\"BreadcrumbList\",\"@id\":\"https:\/\/stagezone.hu\/en\/product\/ls-431-b-lighting-stand\/#breadcrumb\",\"itemListElement\":[{\"@type\":\"ListItem\",\"position\":1,\"name\":\"Kezd\u0151lap\",\"item\":\"https:\/\/stagezone.hu\/\"},{\"@type\":\"ListItem\",\"position\":2,\"name\":\"\u00dczlet\",\"item\":\"https:\/\/stagezone.hu\/uzlet\/\"},{\"@type\":\"ListItem\",\"position\":3,\"name\":\"LS 431 B Lighting Stand\"}]},{\"@type\":\"WebSite\",\"@id\":\"https:\/\/stagezone.hu\/en\/#website\",\"url\":\"https:\/\/stagezone.hu\/en\/\",\"name\":\"StageZone - Ragyogj a Stagezone min\u0151s\u00e9gi f\u00e9nytechnik\u00e1j\u00e1val.\",\"description\":\"StageZone\",\"publisher\":{\"@id\":\"https:\/\/stagezone.hu\/en\/#organization\"},\"potentialAction\":[{\"@type\":\"SearchAction\",\"target\":{\"@type\":\"EntryPoint\",\"urlTemplate\":\"https:\/\/stagezone.hu\/en\/?s={search_term_string}\"},\"query-input\":{\"@type\":\"PropertyValueSpecification\",\"valueRequired\":true,\"valueName\":\"search_term_string\"}}],\"inLanguage\":\"en-US\"},{\"@type\":\"Organization\",\"@id\":\"https:\/\/stagezone.hu\/en\/#organization\",\"name\":\"StageZone\",\"url\":\"https:\/\/stagezone.hu\/en\/\",\"logo\":{\"@type\":\"ImageObject\",\"inLanguage\":\"en-US\",\"@id\":\"https:\/\/stagezone.hu\/en\/#\/schema\/logo\/image\/\",\"url\":\"https:\/\/stagezone.hu\/wp-content\/uploads\/2026\/01\/Adam-Hall_1000x1000-1-1.png\",\"contentUrl\":\"https:\/\/stagezone.hu\/wp-content\/uploads\/2026\/01\/Adam-Hall_1000x1000-1-1.png\",\"width\":1000,\"height\":1000,\"caption\":\"StageZone\"},\"image\":{\"@id\":\"https:\/\/stagezone.hu\/en\/#\/schema\/logo\/image\/\"},\"sameAs\":[\"https:\/\/www.facebook.com\/stagezonehungary\/\",\"https:\/\/www.instagram.com\/stagezonehungary\/\"]}]}<\/script>\n<!-- \/ Yoast SEO Premium plugin. -->","yoast_head_json":{"title":"LS 431 B Lighting Stand","description":"The LS 431 B \"baseplate\" stand offers an elegant look for mobile installations. It is easy to transport, space-saving, and stable.","robots":{"index":"index","follow":"follow","max-snippet":"max-snippet:-1","max-image-preview":"max-image-preview:large","max-video-preview":"max-video-preview:-1"},"canonical":"The LS 431 B \"baseplate\" stand offers an elegant look for mobile installations. It is easy to transport, space-saving, and stable.","og_locale":"en_US","og_type":"article","og_title":"LS 431 B Lighting Stand","og_description":"The LS 431 B \"baseplate\" stand offers an elegant look for mobile installations. It is easy to transport, space-saving, and stable.","og_url":"https:\/\/stagezone.hu\/en\/product\/ls-431-b-lighting-stand\/","og_site_name":"StageZone","article_publisher":"https:\/\/www.facebook.com\/stagezonehungary\/","article_modified_time":"2026-05-04T18:56:14+00:00","og_image":[{"width":1000,"height":1000,"url":"https:\/\/stagezone.hu\/wp-content\/uploads\/2024\/10\/GLS431B_1.jpg","type":"image\/jpeg"}],"twitter_card":"summary_large_image","twitter_misc":{"Est. reading time":"1 minute"},"schema":{"@context":"https:\/\/schema.org","@graph":[{"@type":"WebPage","@id":"https:\/\/stagezone.hu\/en\/product\/ls-431-b-lighting-stand\/","url":"https:\/\/stagezone.hu\/en\/product\/ls-431-b-lighting-stand\/","name":"LS 431 B f\u00e9ny\u00e1llv\u00e1ny - StageZone","isPartOf":{"@id":"https:\/\/stagezone.hu\/#website"},"primaryImageOfPage":{"@id":"https:\/\/stagezone.hu\/en\/product\/ls-431-b-lighting-stand\/#primaryimage"},"image":{"@id":"https:\/\/stagezone.hu\/en\/product\/ls-431-b-lighting-stand\/#primaryimage"},"thumbnailUrl":"https:\/\/stagezone.hu\/wp-content\/uploads\/2024\/10\/GLS431B_1.jpg","datePublished":"2024-10-22T09:24:28+00:00","dateModified":"2026-05-04T18:56:14+00:00","description":"A LS 431 B f\u00e9ny\u00e1llv\u00e1ny egy igaz\u00e1n letisztult l\u00e1tv\u00e1nyt k\u00edn\u00e1l. Felejtsd el a klasszikus tripod \u00e1llv\u00e1nyokat. Stabil, megb\u00edzhat\u00f3 \u00e9s k\u00f6nnyen sz\u00e1ll\u00edthat\u00f3.","breadcrumb":{"@id":"https:\/\/stagezone.hu\/en\/product\/ls-431-b-lighting-stand\/#breadcrumb"},"inLanguage":"en-US","potentialAction":[{"@type":"ReadAction","target":["https:\/\/stagezone.hu\/en\/product\/ls-431-b-lighting-stand\/"]}]},{"@type":"ImageObject","inLanguage":"en-US","@id":"https:\/\/stagezone.hu\/en\/product\/ls-431-b-lighting-stand\/#primaryimage","url":"https:\/\/stagezone.hu\/wp-content\/uploads\/2024\/10\/GLS431B_1.jpg","contentUrl":"https:\/\/stagezone.hu\/wp-content\/uploads\/2024\/10\/GLS431B_1.jpg","width":1000,"height":1000},{"@type":"BreadcrumbList","@id":"https:\/\/stagezone.hu\/en\/product\/ls-431-b-lighting-stand\/#breadcrumb","itemListElement":[{"@type":"ListItem","position":1,"name":"Kezd\u0151lap","item":"https:\/\/stagezone.hu\/"},{"@type":"ListItem","position":2,"name":"\u00dczlet","item":"https:\/\/stagezone.hu\/uzlet\/"},{"@type":"ListItem","position":3,"name":"LS 431 B Lighting Stand"}]},{"@type":"WebSite","@id":"https:\/\/stagezone.hu\/en\/#website","url":"https:\/\/stagezone.hu\/en\/","name":"StageZone - Ragyogj a Stagezone min\u0151s\u00e9gi f\u00e9nytechnik\u00e1j\u00e1val.","description":"StageZone","publisher":{"@id":"https:\/\/stagezone.hu\/en\/#organization"},"potentialAction":[{"@type":"SearchAction","target":{"@type":"EntryPoint","urlTemplate":"https:\/\/stagezone.hu\/en\/?s={search_term_string}"},"query-input":{"@type":"PropertyValueSpecification","valueRequired":true,"valueName":"search_term_string"}}],"inLanguage":"en-US"},{"@type":"Organization","@id":"https:\/\/stagezone.hu\/en\/#organization","name":"StageZone","url":"https:\/\/stagezone.hu\/en\/","logo":{"@type":"ImageObject","inLanguage":"en-US","@id":"https:\/\/stagezone.hu\/en\/#\/schema\/logo\/image\/","url":"https:\/\/stagezone.hu\/wp-content\/uploads\/2026\/01\/Adam-Hall_1000x1000-1-1.png","contentUrl":"https:\/\/stagezone.hu\/wp-content\/uploads\/2026\/01\/Adam-Hall_1000x1000-1-1.png","width":1000,"height":1000,"caption":"StageZone"},"image":{"@id":"https:\/\/stagezone.hu\/en\/#\/schema\/logo\/image\/"},"sameAs":["https:\/\/www.facebook.com\/stagezonehungary\/","https:\/\/www.instagram.com\/stagezonehungary\/"]}]}},"_links":{"self":[{"href":"https:\/\/stagezone.hu\/en\/wp-json\/wp\/v2\/product\/4249","targetHints":{"allow":["GET"]}}],"collection":[{"href":"https:\/\/stagezone.hu\/en\/wp-json\/wp\/v2\/product"}],"about":[{"href":"https:\/\/stagezone.hu\/en\/wp-json\/wp\/v2\/types\/product"}],"replies":[{"embeddable":true,"href":"https:\/\/stagezone.hu\/en\/wp-json\/wp\/v2\/comments?post=4249"}],"version-history":[{"count":1,"href":"https:\/\/stagezone.hu\/en\/wp-json\/wp\/v2\/product\/4249\/revisions"}],"predecessor-version":[{"id":4258,"href":"https:\/\/stagezone.hu\/en\/wp-json\/wp\/v2\/product\/4249\/revisions\/4258"}],"wp:featuredmedia":[{"embeddable":true,"href":"https:\/\/stagezone.hu\/en\/wp-json\/wp\/v2\/media\/5598"}],"wp:attachment":[{"href":"https:\/\/stagezone.hu\/en\/wp-json\/wp\/v2\/media?parent=4249"}],"wp:term":[{"taxonomy":"product_brand","embeddable":true,"href":"https:\/\/stagezone.hu\/en\/wp-json\/wp\/v2\/product_brand?post=4249"},{"taxonomy":"product_cat","embeddable":true,"href":"https:\/\/stagezone.hu\/en\/wp-json\/wp\/v2\/product_cat?post=4249"},{"taxonomy":"product_tag","embeddable":true,"href":"https:\/\/stagezone.hu\/en\/wp-json\/wp\/v2\/product_tag?post=4249"}],"curies":[{"name":"wp","href":"https:\/\/api.w.org\/{rel}","templated":true}]}}