{"id":4240,"date":"2024-10-22T11:02:03","date_gmt":"2024-10-22T09:02:03","guid":{"rendered":"https:\/\/stagezone.hu\/?post_type=product&#038;p=4240"},"modified":"2026-05-04T19:56:15","modified_gmt":"2026-05-04T18:56:15","slug":"gbg-ss2b-hangfal-allvany-taska","status":"publish","type":"product","link":"https:\/\/stagezone.hu\/en\/product\/gravity-gbg-ss2b-speaker-stand-bag\/","title":{"rendered":"Gravity GBG SS2B Speaker Stand Bag"},"content":{"rendered":"<p>High-quality speaker stand bag made from durable materials. It can hold two standard-sized aluminum or steel stands. Features a double zipper, water-repellent fabric, and comfortable carrying handles.<\/p>\n<p><strong>DATA<\/strong><\/p>\n<table id=\"tablepress-52\" class=\"tablepress tablepress-id-52\">\n<tbody class=\"row-striping row-hover\">\n<tr class=\"row-1\">\n<td class=\"column-1\">Material<\/td>\n<td class=\"column-2\">600D Nylon<\/td>\n<\/tr>\n<tr class=\"row-2\">\n<td class=\"column-1\">Length<\/td>\n<td class=\"column-2\">1070 mm<\/td>\n<\/tr>\n<tr class=\"row-3\">\n<td class=\"column-1\">Width<\/td>\n<td class=\"column-2\">290 mm<\/td>\n<\/tr>\n<tr class=\"row-4\">\n<td class=\"column-1\">Height<\/td>\n<td class=\"column-2\">190 mm<\/td>\n<\/tr>\n<tr class=\"row-5\">\n<td class=\"column-1\">Padding Thickness<\/td>\n<td class=\"column-2\">15 mm<\/td>\n<\/tr>\n<tr class=\"row-6\">\n<td class=\"column-1\">Recommended Type<\/td>\n<td class=\"column-2\">SP 5211 B<br \/>\nSP 5211 W\n<\/td>\n<\/tr>\n<\/tbody>\n<\/table>\n","protected":false},"excerpt":{"rendered":"<p>High-quality speaker stand bag made from durable materials. It can hold two standard-sized aluminum or steel stands.<\/p>\n","protected":false},"featured_media":5525,"comment_status":"open","ping_status":"closed","template":"","meta":[],"product_brand":[],"product_cat":[363,334],"product_tag":[367,365,371,370],"class_list":{"0":"post-4240","1":"product","2":"type-product","3":"status-publish","4":"has-post-thumbnail","6":"product_cat-hardver","7":"product_cat-taskak-es-tokok","8":"product_tag-allvany","9":"product_tag-gravity","10":"product_tag-hangfal-allvany","11":"product_tag-hordtaska","13":"first","14":"low_stock","15":"taxable","16":"shipping-taxable","17":"purchasable","18":"product-type-simple"},"yoast_head":"<!-- This site is optimized with the Yoast SEO Premium plugin v27.2 (Yoast SEO v27.2) - https:\/\/yoast.com\/product\/yoast-seo-premium-wordpress\/ -->\n<title>Gravity GBG SS2B Speaker Stand Bag<\/title>\n<meta name=\"description\" content=\"High-quality speaker stand bag made from durable materials. It can hold two standard-sized aluminum or steel stands.\" \/>\n<meta name=\"robots\" content=\"index, follow, max-snippet:-1, max-image-preview:large, max-video-preview:-1\" \/>\n<link rel=\"canonical\" href=\"http:\/\/High-quality%20speaker%20stand%20bag%20made%20from%20durable%20materials.%20It%20can%20hold%20two%20standard-sized%20aluminum%20or%20steel%20stands.\" \/>\n<meta property=\"og:locale\" content=\"en_US\" \/>\n<meta property=\"og:type\" content=\"article\" \/>\n<meta property=\"og:title\" content=\"Gravity GBG SS2B Speaker Stand Bag\" \/>\n<meta property=\"og:description\" content=\"High-quality speaker stand bag made from durable materials. It can hold two standard-sized aluminum or steel stands.\" \/>\n<meta property=\"og:url\" content=\"https:\/\/stagezone.hu\/en\/product\/gravity-gbg-ss2b-speaker-stand-bag\/\" \/>\n<meta property=\"og:site_name\" content=\"StageZone\" \/>\n<meta property=\"article:publisher\" content=\"https:\/\/www.facebook.com\/stagezonehungary\/\" \/>\n<meta property=\"article:modified_time\" content=\"2026-05-04T18:56:15+00:00\" \/>\n<meta property=\"og:image\" content=\"https:\/\/stagezone.hu\/wp-content\/uploads\/2024\/10\/GBGSS2B_1.jpg\" \/>\n\t<meta property=\"og:image:width\" content=\"1000\" \/>\n\t<meta property=\"og:image:height\" content=\"1000\" \/>\n\t<meta property=\"og:image:type\" content=\"image\/jpeg\" \/>\n<meta name=\"twitter:card\" content=\"summary_large_image\" \/>\n<meta name=\"twitter:label1\" content=\"Est. reading time\" \/>\n\t<meta name=\"twitter:data1\" content=\"1 minute\" \/>\n<script type=\"application\/ld+json\" class=\"yoast-schema-graph\">{\"@context\":\"https:\/\/schema.org\",\"@graph\":[{\"@type\":\"WebPage\",\"@id\":\"https:\/\/stagezone.hu\/en\/product\/gravity-gbg-ss2b-speaker-stand-bag\/\",\"url\":\"https:\/\/stagezone.hu\/en\/product\/gravity-gbg-ss2b-speaker-stand-bag\/\",\"name\":\"BG SS 2 B hangfal \u00e1llv\u00e1ny t\u00e1ska - StageZone\",\"isPartOf\":{\"@id\":\"https:\/\/stagezone.hu\/#website\"},\"primaryImageOfPage\":{\"@id\":\"https:\/\/stagezone.hu\/en\/product\/gravity-gbg-ss2b-speaker-stand-bag\/#primaryimage\"},\"image\":{\"@id\":\"https:\/\/stagezone.hu\/en\/product\/gravity-gbg-ss2b-speaker-stand-bag\/#primaryimage\"},\"thumbnailUrl\":\"https:\/\/stagezone.hu\/wp-content\/uploads\/2024\/10\/GBGSS2B_1.jpg\",\"datePublished\":\"2024-10-22T09:02:03+00:00\",\"dateModified\":\"2026-05-04T18:56:15+00:00\",\"description\":\"A GBGSS2B hangfal \u00e1llv\u00e1ny t\u00e1ska a Gravity ikonikus term\u00e9ke. A kett\u0151 p\u00e1rn\u00e1zott rekesz lehet\u0151v\u00e9 teszi, hogy \u00e1llv\u00e1nyaid meg\u0151rizz\u00e9k eredeti \u00e1llapotuk.\",\"breadcrumb\":{\"@id\":\"https:\/\/stagezone.hu\/en\/product\/gravity-gbg-ss2b-speaker-stand-bag\/#breadcrumb\"},\"inLanguage\":\"en-US\",\"potentialAction\":[{\"@type\":\"ReadAction\",\"target\":[\"https:\/\/stagezone.hu\/en\/product\/gravity-gbg-ss2b-speaker-stand-bag\/\"]}]},{\"@type\":\"ImageObject\",\"inLanguage\":\"en-US\",\"@id\":\"https:\/\/stagezone.hu\/en\/product\/gravity-gbg-ss2b-speaker-stand-bag\/#primaryimage\",\"url\":\"https:\/\/stagezone.hu\/wp-content\/uploads\/2024\/10\/GBGSS2B_1.jpg\",\"contentUrl\":\"https:\/\/stagezone.hu\/wp-content\/uploads\/2024\/10\/GBGSS2B_1.jpg\",\"width\":1000,\"height\":1000},{\"@type\":\"BreadcrumbList\",\"@id\":\"https:\/\/stagezone.hu\/en\/product\/gravity-gbg-ss2b-speaker-stand-bag\/#breadcrumb\",\"itemListElement\":[{\"@type\":\"ListItem\",\"position\":1,\"name\":\"Kezd\u0151lap\",\"item\":\"https:\/\/stagezone.hu\/\"},{\"@type\":\"ListItem\",\"position\":2,\"name\":\"\u00dczlet\",\"item\":\"https:\/\/stagezone.hu\/uzlet\/\"},{\"@type\":\"ListItem\",\"position\":3,\"name\":\"Gravity GBG SS2B Speaker Stand Bag\"}]},{\"@type\":\"WebSite\",\"@id\":\"https:\/\/stagezone.hu\/en\/#website\",\"url\":\"https:\/\/stagezone.hu\/en\/\",\"name\":\"StageZone - Ragyogj a Stagezone min\u0151s\u00e9gi f\u00e9nytechnik\u00e1j\u00e1val.\",\"description\":\"StageZone\",\"publisher\":{\"@id\":\"https:\/\/stagezone.hu\/en\/#organization\"},\"potentialAction\":[{\"@type\":\"SearchAction\",\"target\":{\"@type\":\"EntryPoint\",\"urlTemplate\":\"https:\/\/stagezone.hu\/en\/?s={search_term_string}\"},\"query-input\":{\"@type\":\"PropertyValueSpecification\",\"valueRequired\":true,\"valueName\":\"search_term_string\"}}],\"inLanguage\":\"en-US\"},{\"@type\":\"Organization\",\"@id\":\"https:\/\/stagezone.hu\/en\/#organization\",\"name\":\"StageZone\",\"url\":\"https:\/\/stagezone.hu\/en\/\",\"logo\":{\"@type\":\"ImageObject\",\"inLanguage\":\"en-US\",\"@id\":\"https:\/\/stagezone.hu\/en\/#\/schema\/logo\/image\/\",\"url\":\"https:\/\/stagezone.hu\/wp-content\/uploads\/2026\/01\/Adam-Hall_1000x1000-1-1.png\",\"contentUrl\":\"https:\/\/stagezone.hu\/wp-content\/uploads\/2026\/01\/Adam-Hall_1000x1000-1-1.png\",\"width\":1000,\"height\":1000,\"caption\":\"StageZone\"},\"image\":{\"@id\":\"https:\/\/stagezone.hu\/en\/#\/schema\/logo\/image\/\"},\"sameAs\":[\"https:\/\/www.facebook.com\/stagezonehungary\/\",\"https:\/\/www.instagram.com\/stagezonehungary\/\"]}]}<\/script>\n<!-- \/ Yoast SEO Premium plugin. -->","yoast_head_json":{"title":"Gravity GBG SS2B Speaker Stand Bag","description":"High-quality speaker stand bag made from durable materials. It can hold two standard-sized aluminum or steel stands.","robots":{"index":"index","follow":"follow","max-snippet":"max-snippet:-1","max-image-preview":"max-image-preview:large","max-video-preview":"max-video-preview:-1"},"canonical":"High-quality speaker stand bag made from durable materials. It can hold two standard-sized aluminum or steel stands.","og_locale":"en_US","og_type":"article","og_title":"Gravity GBG SS2B Speaker Stand Bag","og_description":"High-quality speaker stand bag made from durable materials. It can hold two standard-sized aluminum or steel stands.","og_url":"https:\/\/stagezone.hu\/en\/product\/gravity-gbg-ss2b-speaker-stand-bag\/","og_site_name":"StageZone","article_publisher":"https:\/\/www.facebook.com\/stagezonehungary\/","article_modified_time":"2026-05-04T18:56:15+00:00","og_image":[{"width":1000,"height":1000,"url":"https:\/\/stagezone.hu\/wp-content\/uploads\/2024\/10\/GBGSS2B_1.jpg","type":"image\/jpeg"}],"twitter_card":"summary_large_image","twitter_misc":{"Est. reading time":"1 minute"},"schema":{"@context":"https:\/\/schema.org","@graph":[{"@type":"WebPage","@id":"https:\/\/stagezone.hu\/en\/product\/gravity-gbg-ss2b-speaker-stand-bag\/","url":"https:\/\/stagezone.hu\/en\/product\/gravity-gbg-ss2b-speaker-stand-bag\/","name":"BG SS 2 B hangfal \u00e1llv\u00e1ny t\u00e1ska - StageZone","isPartOf":{"@id":"https:\/\/stagezone.hu\/#website"},"primaryImageOfPage":{"@id":"https:\/\/stagezone.hu\/en\/product\/gravity-gbg-ss2b-speaker-stand-bag\/#primaryimage"},"image":{"@id":"https:\/\/stagezone.hu\/en\/product\/gravity-gbg-ss2b-speaker-stand-bag\/#primaryimage"},"thumbnailUrl":"https:\/\/stagezone.hu\/wp-content\/uploads\/2024\/10\/GBGSS2B_1.jpg","datePublished":"2024-10-22T09:02:03+00:00","dateModified":"2026-05-04T18:56:15+00:00","description":"A GBGSS2B hangfal \u00e1llv\u00e1ny t\u00e1ska a Gravity ikonikus term\u00e9ke. A kett\u0151 p\u00e1rn\u00e1zott rekesz lehet\u0151v\u00e9 teszi, hogy \u00e1llv\u00e1nyaid meg\u0151rizz\u00e9k eredeti \u00e1llapotuk.","breadcrumb":{"@id":"https:\/\/stagezone.hu\/en\/product\/gravity-gbg-ss2b-speaker-stand-bag\/#breadcrumb"},"inLanguage":"en-US","potentialAction":[{"@type":"ReadAction","target":["https:\/\/stagezone.hu\/en\/product\/gravity-gbg-ss2b-speaker-stand-bag\/"]}]},{"@type":"ImageObject","inLanguage":"en-US","@id":"https:\/\/stagezone.hu\/en\/product\/gravity-gbg-ss2b-speaker-stand-bag\/#primaryimage","url":"https:\/\/stagezone.hu\/wp-content\/uploads\/2024\/10\/GBGSS2B_1.jpg","contentUrl":"https:\/\/stagezone.hu\/wp-content\/uploads\/2024\/10\/GBGSS2B_1.jpg","width":1000,"height":1000},{"@type":"BreadcrumbList","@id":"https:\/\/stagezone.hu\/en\/product\/gravity-gbg-ss2b-speaker-stand-bag\/#breadcrumb","itemListElement":[{"@type":"ListItem","position":1,"name":"Kezd\u0151lap","item":"https:\/\/stagezone.hu\/"},{"@type":"ListItem","position":2,"name":"\u00dczlet","item":"https:\/\/stagezone.hu\/uzlet\/"},{"@type":"ListItem","position":3,"name":"Gravity GBG SS2B Speaker Stand Bag"}]},{"@type":"WebSite","@id":"https:\/\/stagezone.hu\/en\/#website","url":"https:\/\/stagezone.hu\/en\/","name":"StageZone - Ragyogj a Stagezone min\u0151s\u00e9gi f\u00e9nytechnik\u00e1j\u00e1val.","description":"StageZone","publisher":{"@id":"https:\/\/stagezone.hu\/en\/#organization"},"potentialAction":[{"@type":"SearchAction","target":{"@type":"EntryPoint","urlTemplate":"https:\/\/stagezone.hu\/en\/?s={search_term_string}"},"query-input":{"@type":"PropertyValueSpecification","valueRequired":true,"valueName":"search_term_string"}}],"inLanguage":"en-US"},{"@type":"Organization","@id":"https:\/\/stagezone.hu\/en\/#organization","name":"StageZone","url":"https:\/\/stagezone.hu\/en\/","logo":{"@type":"ImageObject","inLanguage":"en-US","@id":"https:\/\/stagezone.hu\/en\/#\/schema\/logo\/image\/","url":"https:\/\/stagezone.hu\/wp-content\/uploads\/2026\/01\/Adam-Hall_1000x1000-1-1.png","contentUrl":"https:\/\/stagezone.hu\/wp-content\/uploads\/2026\/01\/Adam-Hall_1000x1000-1-1.png","width":1000,"height":1000,"caption":"StageZone"},"image":{"@id":"https:\/\/stagezone.hu\/en\/#\/schema\/logo\/image\/"},"sameAs":["https:\/\/www.facebook.com\/stagezonehungary\/","https:\/\/www.instagram.com\/stagezonehungary\/"]}]}},"_links":{"self":[{"href":"https:\/\/stagezone.hu\/en\/wp-json\/wp\/v2\/product\/4240","targetHints":{"allow":["GET"]}}],"collection":[{"href":"https:\/\/stagezone.hu\/en\/wp-json\/wp\/v2\/product"}],"about":[{"href":"https:\/\/stagezone.hu\/en\/wp-json\/wp\/v2\/types\/product"}],"replies":[{"embeddable":true,"href":"https:\/\/stagezone.hu\/en\/wp-json\/wp\/v2\/comments?post=4240"}],"version-history":[{"count":4,"href":"https:\/\/stagezone.hu\/en\/wp-json\/wp\/v2\/product\/4240\/revisions"}],"predecessor-version":[{"id":4340,"href":"https:\/\/stagezone.hu\/en\/wp-json\/wp\/v2\/product\/4240\/revisions\/4340"}],"wp:featuredmedia":[{"embeddable":true,"href":"https:\/\/stagezone.hu\/en\/wp-json\/wp\/v2\/media\/5525"}],"wp:attachment":[{"href":"https:\/\/stagezone.hu\/en\/wp-json\/wp\/v2\/media?parent=4240"}],"wp:term":[{"taxonomy":"product_brand","embeddable":true,"href":"https:\/\/stagezone.hu\/en\/wp-json\/wp\/v2\/product_brand?post=4240"},{"taxonomy":"product_cat","embeddable":true,"href":"https:\/\/stagezone.hu\/en\/wp-json\/wp\/v2\/product_cat?post=4240"},{"taxonomy":"product_tag","embeddable":true,"href":"https:\/\/stagezone.hu\/en\/wp-json\/wp\/v2\/product_tag?post=4240"}],"curies":[{"name":"wp","href":"https:\/\/api.w.org\/{rel}","templated":true}]}}