{"id":4221,"date":"2024-10-22T10:19:05","date_gmt":"2024-10-22T08:19:05","guid":{"rendered":"https:\/\/stagezone.hu\/?post_type=product&#038;p=4221"},"modified":"2026-05-05T22:26:29","modified_gmt":"2026-05-05T21:26:29","slug":"gbg-dbls-331-szatelit-tok","status":"publish","type":"product","link":"https:\/\/stagezone.hu\/en\/product\/bg-dbls-331-satellite-speaker-bag\/","title":{"rendered":"BG DBLS 331 Satellite Speaker Bag"},"content":{"rendered":"<p>&nbsp;<\/p>\n<p>This two-compartment bag is an ideal choice for transporting satellite poles. It is equipped with a double zipper, a soft handle, and a padded interior.<\/p>\n<p><strong>DATA<\/strong><\/p>\n\n<table id=\"tablepress-50\" class=\"tablepress tablepress-id-50\">\n<tbody class=\"row-striping row-hover\">\n<tr class=\"row-1\">\n\t<td class=\"column-1\">Anyag<\/td><td class=\"column-2\">1680D Nylon<\/td>\n<\/tr>\n<tr class=\"row-2\">\n\t<td class=\"column-1\">Hossz\u00fas\u00e1g<\/td><td class=\"column-2\">1420 mm<\/td>\n<\/tr>\n<tr class=\"row-3\">\n\t<td class=\"column-1\">Sz\u00e9less\u00e9g<\/td><td class=\"column-2\">140 mm<\/td>\n<\/tr>\n<tr class=\"row-4\">\n\t<td class=\"column-1\">Magass\u00e1g<\/td><td class=\"column-2\">120 mm<\/td>\n<\/tr>\n<tr class=\"row-5\">\n\t<td class=\"column-1\">Rekeszek sz\u00e1ma<\/td><td class=\"column-2\">2<\/td>\n<\/tr>\n<tr class=\"row-6\">\n\t<td class=\"column-1\">B\u00e9l\u00e9s vastags\u00e1ga<\/td><td class=\"column-2\">10 mm<\/td>\n<\/tr>\n<tr class=\"row-7\">\n\t<td class=\"column-1\">Aj\u00e1nlott t\u00edpus<\/td><td class=\"column-2\">TLS 431 B<br \/>\nSP 2332 TPB<br \/>\nLS 331 B<br \/>\nLS 431 B<\/td>\n<\/tr>\n<\/tbody>\n<\/table>\n<!-- #tablepress-50 from cache -->\n","protected":false},"excerpt":{"rendered":"<p>The BG DBLS 331 satellite bag offers secure storage and transport for your stands. Features two compartments and a padded interior.<\/p>\n","protected":false},"featured_media":5535,"comment_status":"open","ping_status":"closed","template":"","meta":[],"product_brand":[],"product_cat":[363,334],"product_tag":[367,365,368,366],"class_list":{"0":"post-4221","1":"product","2":"type-product","3":"status-publish","4":"has-post-thumbnail","6":"product_cat-hardver","7":"product_cat-taskak-es-tokok","8":"product_tag-allvany","9":"product_tag-gravity","10":"product_tag-szatelit","11":"product_tag-tok","13":"first","14":"onbackorder","15":"taxable","16":"shipping-taxable","17":"purchasable","18":"product-type-simple"},"yoast_head":"<!-- This site is optimized with the Yoast SEO Premium plugin v27.2 (Yoast SEO v27.2) - https:\/\/yoast.com\/product\/yoast-seo-premium-wordpress\/ -->\n<title>BG DBLS 331 Satellite Speaker Bag<\/title>\n<meta name=\"description\" content=\"The BG DBLS 331 satellite bag offers secure storage and transport for your stands. Features two compartments and a padded interior.\" \/>\n<meta name=\"robots\" content=\"index, follow, max-snippet:-1, max-image-preview:large, max-video-preview:-1\" \/>\n<link rel=\"canonical\" href=\"http:\/\/The%20BG%20DBLS%20331%20satellite%20bag%20offers%20secure%20storage%20and%20transport%20for%20your%20stands.%20Features%20two%20compartments%20and%20a%20padded%20interior.\" \/>\n<meta property=\"og:locale\" content=\"en_US\" \/>\n<meta property=\"og:type\" content=\"article\" \/>\n<meta property=\"og:title\" content=\"BG DBLS 331 Satellite Speaker Bag\" \/>\n<meta property=\"og:description\" content=\"The BG DBLS 331 satellite bag offers secure storage and transport for your stands. Features two compartments and a padded interior.\" \/>\n<meta property=\"og:url\" content=\"https:\/\/stagezone.hu\/en\/product\/bg-dbls-331-satellite-speaker-bag\/\" \/>\n<meta property=\"og:site_name\" content=\"StageZone\" \/>\n<meta property=\"article:publisher\" content=\"https:\/\/www.facebook.com\/stagezonehungary\/\" \/>\n<meta property=\"article:modified_time\" content=\"2026-05-05T21:26:29+00:00\" \/>\n<meta property=\"og:image\" content=\"https:\/\/stagezone.hu\/wp-content\/uploads\/2024\/10\/GBGDBLS331_1-scaled.jpg\" \/>\n\t<meta property=\"og:image:width\" content=\"2560\" \/>\n\t<meta property=\"og:image:height\" content=\"2560\" \/>\n\t<meta property=\"og:image:type\" content=\"image\/jpeg\" \/>\n<meta name=\"twitter:card\" content=\"summary_large_image\" \/>\n<meta name=\"twitter:label1\" content=\"Est. reading time\" \/>\n\t<meta name=\"twitter:data1\" content=\"1 minute\" \/>\n<script type=\"application\/ld+json\" class=\"yoast-schema-graph\">{\"@context\":\"https:\/\/schema.org\",\"@graph\":[{\"@type\":\"WebPage\",\"@id\":\"https:\/\/stagezone.hu\/en\/product\/bg-dbls-331-satellite-speaker-bag\/\",\"url\":\"https:\/\/stagezone.hu\/en\/product\/bg-dbls-331-satellite-speaker-bag\/\",\"name\":\"BG DBLS 331 szatelit hordt\u00e1ska - StageZone\",\"isPartOf\":{\"@id\":\"https:\/\/stagezone.hu\/#website\"},\"primaryImageOfPage\":{\"@id\":\"https:\/\/stagezone.hu\/en\/product\/bg-dbls-331-satellite-speaker-bag\/#primaryimage\"},\"image\":{\"@id\":\"https:\/\/stagezone.hu\/en\/product\/bg-dbls-331-satellite-speaker-bag\/#primaryimage\"},\"thumbnailUrl\":\"https:\/\/stagezone.hu\/wp-content\/uploads\/2024\/10\/GBGDBLS331_1-scaled.jpg\",\"datePublished\":\"2024-10-22T08:19:05+00:00\",\"dateModified\":\"2026-05-05T21:26:29+00:00\",\"description\":\"A GBG DBLS 331 szatelit tok biztons\u00e1gos t\u00e1rol\u00e1si \u00e9s sz\u00e1ll\u00edt\u00e1si lehet\u0151s\u00e9get k\u00edn\u00e1l \u00e1llv\u00e1nyaid sz\u00e1m\u00e1ra. K\u00e9t rekesszel \u00e9s p\u00e1rn\u00e1zott bels\u0151vel ell\u00e1tva.\",\"breadcrumb\":{\"@id\":\"https:\/\/stagezone.hu\/en\/product\/bg-dbls-331-satellite-speaker-bag\/#breadcrumb\"},\"inLanguage\":\"en-US\",\"potentialAction\":[{\"@type\":\"ReadAction\",\"target\":[\"https:\/\/stagezone.hu\/en\/product\/bg-dbls-331-satellite-speaker-bag\/\"]}]},{\"@type\":\"ImageObject\",\"inLanguage\":\"en-US\",\"@id\":\"https:\/\/stagezone.hu\/en\/product\/bg-dbls-331-satellite-speaker-bag\/#primaryimage\",\"url\":\"https:\/\/stagezone.hu\/wp-content\/uploads\/2024\/10\/GBGDBLS331_1-scaled.jpg\",\"contentUrl\":\"https:\/\/stagezone.hu\/wp-content\/uploads\/2024\/10\/GBGDBLS331_1-scaled.jpg\",\"width\":2560,\"height\":2560},{\"@type\":\"BreadcrumbList\",\"@id\":\"https:\/\/stagezone.hu\/en\/product\/bg-dbls-331-satellite-speaker-bag\/#breadcrumb\",\"itemListElement\":[{\"@type\":\"ListItem\",\"position\":1,\"name\":\"Kezd\u0151lap\",\"item\":\"https:\/\/stagezone.hu\/\"},{\"@type\":\"ListItem\",\"position\":2,\"name\":\"\u00dczlet\",\"item\":\"https:\/\/stagezone.hu\/uzlet\/\"},{\"@type\":\"ListItem\",\"position\":3,\"name\":\"BG DBLS 331 Satellite Speaker Bag\"}]},{\"@type\":\"WebSite\",\"@id\":\"https:\/\/stagezone.hu\/en\/#website\",\"url\":\"https:\/\/stagezone.hu\/en\/\",\"name\":\"StageZone - Ragyogj a Stagezone min\u0151s\u00e9gi f\u00e9nytechnik\u00e1j\u00e1val.\",\"description\":\"StageZone\",\"publisher\":{\"@id\":\"https:\/\/stagezone.hu\/en\/#organization\"},\"potentialAction\":[{\"@type\":\"SearchAction\",\"target\":{\"@type\":\"EntryPoint\",\"urlTemplate\":\"https:\/\/stagezone.hu\/en\/?s={search_term_string}\"},\"query-input\":{\"@type\":\"PropertyValueSpecification\",\"valueRequired\":true,\"valueName\":\"search_term_string\"}}],\"inLanguage\":\"en-US\"},{\"@type\":\"Organization\",\"@id\":\"https:\/\/stagezone.hu\/en\/#organization\",\"name\":\"StageZone\",\"url\":\"https:\/\/stagezone.hu\/en\/\",\"logo\":{\"@type\":\"ImageObject\",\"inLanguage\":\"en-US\",\"@id\":\"https:\/\/stagezone.hu\/en\/#\/schema\/logo\/image\/\",\"url\":\"https:\/\/stagezone.hu\/wp-content\/uploads\/2026\/01\/Adam-Hall_1000x1000-1-1.png\",\"contentUrl\":\"https:\/\/stagezone.hu\/wp-content\/uploads\/2026\/01\/Adam-Hall_1000x1000-1-1.png\",\"width\":1000,\"height\":1000,\"caption\":\"StageZone\"},\"image\":{\"@id\":\"https:\/\/stagezone.hu\/en\/#\/schema\/logo\/image\/\"},\"sameAs\":[\"https:\/\/www.facebook.com\/stagezonehungary\/\",\"https:\/\/www.instagram.com\/stagezonehungary\/\"]}]}<\/script>\n<!-- \/ Yoast SEO Premium plugin. -->","yoast_head_json":{"title":"BG DBLS 331 Satellite Speaker Bag","description":"The BG DBLS 331 satellite bag offers secure storage and transport for your stands. Features two compartments and a padded interior.","robots":{"index":"index","follow":"follow","max-snippet":"max-snippet:-1","max-image-preview":"max-image-preview:large","max-video-preview":"max-video-preview:-1"},"canonical":"The BG DBLS 331 satellite bag offers secure storage and transport for your stands. Features two compartments and a padded interior.","og_locale":"en_US","og_type":"article","og_title":"BG DBLS 331 Satellite Speaker Bag","og_description":"The BG DBLS 331 satellite bag offers secure storage and transport for your stands. Features two compartments and a padded interior.","og_url":"https:\/\/stagezone.hu\/en\/product\/bg-dbls-331-satellite-speaker-bag\/","og_site_name":"StageZone","article_publisher":"https:\/\/www.facebook.com\/stagezonehungary\/","article_modified_time":"2026-05-05T21:26:29+00:00","og_image":[{"width":2560,"height":2560,"url":"https:\/\/stagezone.hu\/wp-content\/uploads\/2024\/10\/GBGDBLS331_1-scaled.jpg","type":"image\/jpeg"}],"twitter_card":"summary_large_image","twitter_misc":{"Est. reading time":"1 minute"},"schema":{"@context":"https:\/\/schema.org","@graph":[{"@type":"WebPage","@id":"https:\/\/stagezone.hu\/en\/product\/bg-dbls-331-satellite-speaker-bag\/","url":"https:\/\/stagezone.hu\/en\/product\/bg-dbls-331-satellite-speaker-bag\/","name":"BG DBLS 331 szatelit hordt\u00e1ska - StageZone","isPartOf":{"@id":"https:\/\/stagezone.hu\/#website"},"primaryImageOfPage":{"@id":"https:\/\/stagezone.hu\/en\/product\/bg-dbls-331-satellite-speaker-bag\/#primaryimage"},"image":{"@id":"https:\/\/stagezone.hu\/en\/product\/bg-dbls-331-satellite-speaker-bag\/#primaryimage"},"thumbnailUrl":"https:\/\/stagezone.hu\/wp-content\/uploads\/2024\/10\/GBGDBLS331_1-scaled.jpg","datePublished":"2024-10-22T08:19:05+00:00","dateModified":"2026-05-05T21:26:29+00:00","description":"A GBG DBLS 331 szatelit tok biztons\u00e1gos t\u00e1rol\u00e1si \u00e9s sz\u00e1ll\u00edt\u00e1si lehet\u0151s\u00e9get k\u00edn\u00e1l \u00e1llv\u00e1nyaid sz\u00e1m\u00e1ra. K\u00e9t rekesszel \u00e9s p\u00e1rn\u00e1zott bels\u0151vel ell\u00e1tva.","breadcrumb":{"@id":"https:\/\/stagezone.hu\/en\/product\/bg-dbls-331-satellite-speaker-bag\/#breadcrumb"},"inLanguage":"en-US","potentialAction":[{"@type":"ReadAction","target":["https:\/\/stagezone.hu\/en\/product\/bg-dbls-331-satellite-speaker-bag\/"]}]},{"@type":"ImageObject","inLanguage":"en-US","@id":"https:\/\/stagezone.hu\/en\/product\/bg-dbls-331-satellite-speaker-bag\/#primaryimage","url":"https:\/\/stagezone.hu\/wp-content\/uploads\/2024\/10\/GBGDBLS331_1-scaled.jpg","contentUrl":"https:\/\/stagezone.hu\/wp-content\/uploads\/2024\/10\/GBGDBLS331_1-scaled.jpg","width":2560,"height":2560},{"@type":"BreadcrumbList","@id":"https:\/\/stagezone.hu\/en\/product\/bg-dbls-331-satellite-speaker-bag\/#breadcrumb","itemListElement":[{"@type":"ListItem","position":1,"name":"Kezd\u0151lap","item":"https:\/\/stagezone.hu\/"},{"@type":"ListItem","position":2,"name":"\u00dczlet","item":"https:\/\/stagezone.hu\/uzlet\/"},{"@type":"ListItem","position":3,"name":"BG DBLS 331 Satellite Speaker Bag"}]},{"@type":"WebSite","@id":"https:\/\/stagezone.hu\/en\/#website","url":"https:\/\/stagezone.hu\/en\/","name":"StageZone - Ragyogj a Stagezone min\u0151s\u00e9gi f\u00e9nytechnik\u00e1j\u00e1val.","description":"StageZone","publisher":{"@id":"https:\/\/stagezone.hu\/en\/#organization"},"potentialAction":[{"@type":"SearchAction","target":{"@type":"EntryPoint","urlTemplate":"https:\/\/stagezone.hu\/en\/?s={search_term_string}"},"query-input":{"@type":"PropertyValueSpecification","valueRequired":true,"valueName":"search_term_string"}}],"inLanguage":"en-US"},{"@type":"Organization","@id":"https:\/\/stagezone.hu\/en\/#organization","name":"StageZone","url":"https:\/\/stagezone.hu\/en\/","logo":{"@type":"ImageObject","inLanguage":"en-US","@id":"https:\/\/stagezone.hu\/en\/#\/schema\/logo\/image\/","url":"https:\/\/stagezone.hu\/wp-content\/uploads\/2026\/01\/Adam-Hall_1000x1000-1-1.png","contentUrl":"https:\/\/stagezone.hu\/wp-content\/uploads\/2026\/01\/Adam-Hall_1000x1000-1-1.png","width":1000,"height":1000,"caption":"StageZone"},"image":{"@id":"https:\/\/stagezone.hu\/en\/#\/schema\/logo\/image\/"},"sameAs":["https:\/\/www.facebook.com\/stagezonehungary\/","https:\/\/www.instagram.com\/stagezonehungary\/"]}]}},"_links":{"self":[{"href":"https:\/\/stagezone.hu\/en\/wp-json\/wp\/v2\/product\/4221","targetHints":{"allow":["GET"]}}],"collection":[{"href":"https:\/\/stagezone.hu\/en\/wp-json\/wp\/v2\/product"}],"about":[{"href":"https:\/\/stagezone.hu\/en\/wp-json\/wp\/v2\/types\/product"}],"replies":[{"embeddable":true,"href":"https:\/\/stagezone.hu\/en\/wp-json\/wp\/v2\/comments?post=4221"}],"version-history":[{"count":4,"href":"https:\/\/stagezone.hu\/en\/wp-json\/wp\/v2\/product\/4221\/revisions"}],"predecessor-version":[{"id":4263,"href":"https:\/\/stagezone.hu\/en\/wp-json\/wp\/v2\/product\/4221\/revisions\/4263"}],"wp:featuredmedia":[{"embeddable":true,"href":"https:\/\/stagezone.hu\/en\/wp-json\/wp\/v2\/media\/5535"}],"wp:attachment":[{"href":"https:\/\/stagezone.hu\/en\/wp-json\/wp\/v2\/media?parent=4221"}],"wp:term":[{"taxonomy":"product_brand","embeddable":true,"href":"https:\/\/stagezone.hu\/en\/wp-json\/wp\/v2\/product_brand?post=4221"},{"taxonomy":"product_cat","embeddable":true,"href":"https:\/\/stagezone.hu\/en\/wp-json\/wp\/v2\/product_cat?post=4221"},{"taxonomy":"product_tag","embeddable":true,"href":"https:\/\/stagezone.hu\/en\/wp-json\/wp\/v2\/product_tag?post=4221"}],"curies":[{"name":"wp","href":"https:\/\/api.w.org\/{rel}","templated":true}]}}