{"id":3955,"date":"2024-10-16T15:42:47","date_gmt":"2024-10-16T13:42:47","guid":{"rendered":"https:\/\/stagezone.hu\/?post_type=product&#038;p=3955"},"modified":"2026-05-04T19:56:27","modified_gmt":"2026-05-04T18:56:27","slug":"adam-hall-rogzitheto-airtag-tarto","status":"publish","type":"product","link":"https:\/\/stagezone.hu\/en\/product\/attachable-airtag-holder\/","title":{"rendered":"Attachable Airtag Holder"},"content":{"rendered":"<p>&nbsp;<\/p>\n<p><img fetchpriority=\"high\" decoding=\"async\" class=\"size-medium wp-image-3960 alignright\" src=\"https:\/\/stagezone.hu\/wp-content\/uploads\/2024\/10\/2900_9-500x500.jpg\" alt=\"\" width=\"500\" height=\"500\" srcset=\"https:\/\/stagezone.hu\/wp-content\/uploads\/2024\/10\/2900_9-500x500.jpg 500w, https:\/\/stagezone.hu\/wp-content\/uploads\/2024\/10\/2900_9-400x400.jpg 400w, https:\/\/stagezone.hu\/wp-content\/uploads\/2024\/10\/2900_9-300x300.jpg 300w, https:\/\/stagezone.hu\/wp-content\/uploads\/2024\/10\/2900_9-150x150.jpg 150w, https:\/\/stagezone.hu\/wp-content\/uploads\/2024\/10\/2900_9-75x75.jpg 75w\" sizes=\"(max-width:767px) 500px, 500px\" \/>A very small, yet very useful socket. The plastic Airtag holder offers the possibility to place a tracker in your various bags or containers.<\/p>\n<p>You can fix it with screws, straps, and zip ties.<\/p>\n<p><strong>ATTENTION<\/strong>, the product packaging does not contain any type of fastening elements.<\/p>\n","protected":false},"excerpt":{"rendered":"<p>A small, yet useful holder for your Airtag. Made of plastic, it allows you to place a tracker in your bags or containers. Fix it with screws, straps, or zip ties.<\/p>\n","protected":false},"featured_media":5510,"comment_status":"open","ping_status":"closed","template":"","meta":[],"product_brand":[],"product_cat":[363,360],"product_tag":[329,404],"class_list":{"0":"post-3955","1":"product","2":"type-product","3":"status-publish","4":"has-post-thumbnail","6":"product_cat-hardver","7":"product_cat-tartozekok-allvanyok-es-tartozekok","8":"product_tag-adam-hall","9":"product_tag-airtag","11":"first","12":"instock","13":"taxable","14":"shipping-taxable","15":"purchasable","16":"product-type-simple"},"yoast_head":"<!-- This site is optimized with the Yoast SEO Premium plugin v27.2 (Yoast SEO v27.2) - https:\/\/yoast.com\/product\/yoast-seo-premium-wordpress\/ -->\n<title>Attachable Airtag Holder<\/title>\n<meta name=\"description\" content=\"A small, yet useful holder for your Airtag. Made of plastic, it allows you to place a tracker in your bags or containers. Fix it with screws, straps, or zip ties.\" \/>\n<meta name=\"robots\" content=\"index, follow, max-snippet:-1, max-image-preview:large, max-video-preview:-1\" \/>\n<link rel=\"canonical\" href=\"http:\/\/A%20small,%20yet%20useful%20holder%20for%20your%20Airtag.%20Made%20of%20plastic,%20it%20allows%20you%20to%20place%20a%20tracker%20in%20your%20bags%20or%20containers.%20Fix%20it%20with%20screws,%20straps,%20or%20zip%20ties.\" \/>\n<meta property=\"og:locale\" content=\"en_US\" \/>\n<meta property=\"og:type\" content=\"article\" \/>\n<meta property=\"og:title\" content=\"Attachable Airtag Holder\" \/>\n<meta property=\"og:description\" content=\"A small, yet useful holder for your Airtag. Made of plastic, it allows you to place a tracker in your bags or containers. Fix it with screws, straps, or zip ties.\" \/>\n<meta property=\"og:url\" content=\"https:\/\/stagezone.hu\/en\/product\/attachable-airtag-holder\/\" \/>\n<meta property=\"og:site_name\" content=\"StageZone\" \/>\n<meta property=\"article:publisher\" content=\"https:\/\/www.facebook.com\/stagezonehungary\/\" \/>\n<meta property=\"article:modified_time\" content=\"2026-05-04T18:56:27+00:00\" \/>\n<meta property=\"og:image\" content=\"https:\/\/stagezone.hu\/wp-content\/uploads\/2024\/10\/2900_2.jpg\" \/>\n\t<meta property=\"og:image:width\" content=\"2000\" \/>\n\t<meta property=\"og:image:height\" content=\"2000\" \/>\n\t<meta property=\"og:image:type\" content=\"image\/jpeg\" \/>\n<meta name=\"twitter:card\" content=\"summary_large_image\" \/>\n<meta name=\"twitter:label1\" content=\"Est. reading time\" \/>\n\t<meta name=\"twitter:data1\" content=\"1 minute\" \/>\n<script type=\"application\/ld+json\" class=\"yoast-schema-graph\">{\"@context\":\"https:\/\/schema.org\",\"@graph\":[{\"@type\":\"WebPage\",\"@id\":\"https:\/\/stagezone.hu\/en\/product\/attachable-airtag-holder\/\",\"url\":\"https:\/\/stagezone.hu\/en\/product\/attachable-airtag-holder\/\",\"name\":\"R\u00f6gz\u00edthet\u0151 Airtag tart\u00f3 - StageZone\",\"isPartOf\":{\"@id\":\"https:\/\/stagezone.hu\/#website\"},\"primaryImageOfPage\":{\"@id\":\"https:\/\/stagezone.hu\/en\/product\/attachable-airtag-holder\/#primaryimage\"},\"image\":{\"@id\":\"https:\/\/stagezone.hu\/en\/product\/attachable-airtag-holder\/#primaryimage\"},\"thumbnailUrl\":\"https:\/\/stagezone.hu\/wp-content\/uploads\/2024\/10\/2900_2.jpg\",\"datePublished\":\"2024-10-16T13:42:47+00:00\",\"dateModified\":\"2026-05-04T18:56:27+00:00\",\"description\":\"\u00c9p\u00edts be airtag tart\u00f3t a DJ pultod, a robotl\u00e1mp\u00e1id, ak\u00e1r a hangfalaid kont\u00e9ner\u00e9be. K\u00f6vesd az eszk\u00f6zeid \u00fatj\u00e1t, hogy mindig nyugodt legy\u00e9l.\",\"breadcrumb\":{\"@id\":\"https:\/\/stagezone.hu\/en\/product\/attachable-airtag-holder\/#breadcrumb\"},\"inLanguage\":\"en-US\",\"potentialAction\":[{\"@type\":\"ReadAction\",\"target\":[\"https:\/\/stagezone.hu\/en\/product\/attachable-airtag-holder\/\"]}]},{\"@type\":\"ImageObject\",\"inLanguage\":\"en-US\",\"@id\":\"https:\/\/stagezone.hu\/en\/product\/attachable-airtag-holder\/#primaryimage\",\"url\":\"https:\/\/stagezone.hu\/wp-content\/uploads\/2024\/10\/2900_2.jpg\",\"contentUrl\":\"https:\/\/stagezone.hu\/wp-content\/uploads\/2024\/10\/2900_2.jpg\",\"width\":2000,\"height\":2000},{\"@type\":\"BreadcrumbList\",\"@id\":\"https:\/\/stagezone.hu\/en\/product\/attachable-airtag-holder\/#breadcrumb\",\"itemListElement\":[{\"@type\":\"ListItem\",\"position\":1,\"name\":\"Kezd\u0151lap\",\"item\":\"https:\/\/stagezone.hu\/\"},{\"@type\":\"ListItem\",\"position\":2,\"name\":\"\u00dczlet\",\"item\":\"https:\/\/stagezone.hu\/uzlet\/\"},{\"@type\":\"ListItem\",\"position\":3,\"name\":\"Attachable Airtag Holder\"}]},{\"@type\":\"WebSite\",\"@id\":\"https:\/\/stagezone.hu\/en\/#website\",\"url\":\"https:\/\/stagezone.hu\/en\/\",\"name\":\"StageZone - Ragyogj a Stagezone min\u0151s\u00e9gi f\u00e9nytechnik\u00e1j\u00e1val.\",\"description\":\"StageZone\",\"publisher\":{\"@id\":\"https:\/\/stagezone.hu\/en\/#organization\"},\"potentialAction\":[{\"@type\":\"SearchAction\",\"target\":{\"@type\":\"EntryPoint\",\"urlTemplate\":\"https:\/\/stagezone.hu\/en\/?s={search_term_string}\"},\"query-input\":{\"@type\":\"PropertyValueSpecification\",\"valueRequired\":true,\"valueName\":\"search_term_string\"}}],\"inLanguage\":\"en-US\"},{\"@type\":\"Organization\",\"@id\":\"https:\/\/stagezone.hu\/en\/#organization\",\"name\":\"StageZone\",\"url\":\"https:\/\/stagezone.hu\/en\/\",\"logo\":{\"@type\":\"ImageObject\",\"inLanguage\":\"en-US\",\"@id\":\"https:\/\/stagezone.hu\/en\/#\/schema\/logo\/image\/\",\"url\":\"https:\/\/stagezone.hu\/wp-content\/uploads\/2026\/01\/Adam-Hall_1000x1000-1-1.png\",\"contentUrl\":\"https:\/\/stagezone.hu\/wp-content\/uploads\/2026\/01\/Adam-Hall_1000x1000-1-1.png\",\"width\":1000,\"height\":1000,\"caption\":\"StageZone\"},\"image\":{\"@id\":\"https:\/\/stagezone.hu\/en\/#\/schema\/logo\/image\/\"},\"sameAs\":[\"https:\/\/www.facebook.com\/stagezonehungary\/\",\"https:\/\/www.instagram.com\/stagezonehungary\/\"]}]}<\/script>\n<!-- \/ Yoast SEO Premium plugin. -->","yoast_head_json":{"title":"Attachable Airtag Holder","description":"A small, yet useful holder for your Airtag. Made of plastic, it allows you to place a tracker in your bags or containers. Fix it with screws, straps, or zip ties.","robots":{"index":"index","follow":"follow","max-snippet":"max-snippet:-1","max-image-preview":"max-image-preview:large","max-video-preview":"max-video-preview:-1"},"canonical":"A small, yet useful holder for your Airtag. Made of plastic, it allows you to place a tracker in your bags or containers. Fix it with screws, straps, or zip ties.","og_locale":"en_US","og_type":"article","og_title":"Attachable Airtag Holder","og_description":"A small, yet useful holder for your Airtag. Made of plastic, it allows you to place a tracker in your bags or containers. Fix it with screws, straps, or zip ties.","og_url":"https:\/\/stagezone.hu\/en\/product\/attachable-airtag-holder\/","og_site_name":"StageZone","article_publisher":"https:\/\/www.facebook.com\/stagezonehungary\/","article_modified_time":"2026-05-04T18:56:27+00:00","og_image":[{"width":2000,"height":2000,"url":"https:\/\/stagezone.hu\/wp-content\/uploads\/2024\/10\/2900_2.jpg","type":"image\/jpeg"}],"twitter_card":"summary_large_image","twitter_misc":{"Est. reading time":"1 minute"},"schema":{"@context":"https:\/\/schema.org","@graph":[{"@type":"WebPage","@id":"https:\/\/stagezone.hu\/en\/product\/attachable-airtag-holder\/","url":"https:\/\/stagezone.hu\/en\/product\/attachable-airtag-holder\/","name":"R\u00f6gz\u00edthet\u0151 Airtag tart\u00f3 - StageZone","isPartOf":{"@id":"https:\/\/stagezone.hu\/#website"},"primaryImageOfPage":{"@id":"https:\/\/stagezone.hu\/en\/product\/attachable-airtag-holder\/#primaryimage"},"image":{"@id":"https:\/\/stagezone.hu\/en\/product\/attachable-airtag-holder\/#primaryimage"},"thumbnailUrl":"https:\/\/stagezone.hu\/wp-content\/uploads\/2024\/10\/2900_2.jpg","datePublished":"2024-10-16T13:42:47+00:00","dateModified":"2026-05-04T18:56:27+00:00","description":"\u00c9p\u00edts be airtag tart\u00f3t a DJ pultod, a robotl\u00e1mp\u00e1id, ak\u00e1r a hangfalaid kont\u00e9ner\u00e9be. K\u00f6vesd az eszk\u00f6zeid \u00fatj\u00e1t, hogy mindig nyugodt legy\u00e9l.","breadcrumb":{"@id":"https:\/\/stagezone.hu\/en\/product\/attachable-airtag-holder\/#breadcrumb"},"inLanguage":"en-US","potentialAction":[{"@type":"ReadAction","target":["https:\/\/stagezone.hu\/en\/product\/attachable-airtag-holder\/"]}]},{"@type":"ImageObject","inLanguage":"en-US","@id":"https:\/\/stagezone.hu\/en\/product\/attachable-airtag-holder\/#primaryimage","url":"https:\/\/stagezone.hu\/wp-content\/uploads\/2024\/10\/2900_2.jpg","contentUrl":"https:\/\/stagezone.hu\/wp-content\/uploads\/2024\/10\/2900_2.jpg","width":2000,"height":2000},{"@type":"BreadcrumbList","@id":"https:\/\/stagezone.hu\/en\/product\/attachable-airtag-holder\/#breadcrumb","itemListElement":[{"@type":"ListItem","position":1,"name":"Kezd\u0151lap","item":"https:\/\/stagezone.hu\/"},{"@type":"ListItem","position":2,"name":"\u00dczlet","item":"https:\/\/stagezone.hu\/uzlet\/"},{"@type":"ListItem","position":3,"name":"Attachable Airtag Holder"}]},{"@type":"WebSite","@id":"https:\/\/stagezone.hu\/en\/#website","url":"https:\/\/stagezone.hu\/en\/","name":"StageZone - Ragyogj a Stagezone min\u0151s\u00e9gi f\u00e9nytechnik\u00e1j\u00e1val.","description":"StageZone","publisher":{"@id":"https:\/\/stagezone.hu\/en\/#organization"},"potentialAction":[{"@type":"SearchAction","target":{"@type":"EntryPoint","urlTemplate":"https:\/\/stagezone.hu\/en\/?s={search_term_string}"},"query-input":{"@type":"PropertyValueSpecification","valueRequired":true,"valueName":"search_term_string"}}],"inLanguage":"en-US"},{"@type":"Organization","@id":"https:\/\/stagezone.hu\/en\/#organization","name":"StageZone","url":"https:\/\/stagezone.hu\/en\/","logo":{"@type":"ImageObject","inLanguage":"en-US","@id":"https:\/\/stagezone.hu\/en\/#\/schema\/logo\/image\/","url":"https:\/\/stagezone.hu\/wp-content\/uploads\/2026\/01\/Adam-Hall_1000x1000-1-1.png","contentUrl":"https:\/\/stagezone.hu\/wp-content\/uploads\/2026\/01\/Adam-Hall_1000x1000-1-1.png","width":1000,"height":1000,"caption":"StageZone"},"image":{"@id":"https:\/\/stagezone.hu\/en\/#\/schema\/logo\/image\/"},"sameAs":["https:\/\/www.facebook.com\/stagezonehungary\/","https:\/\/www.instagram.com\/stagezonehungary\/"]}]}},"_links":{"self":[{"href":"https:\/\/stagezone.hu\/en\/wp-json\/wp\/v2\/product\/3955","targetHints":{"allow":["GET"]}}],"collection":[{"href":"https:\/\/stagezone.hu\/en\/wp-json\/wp\/v2\/product"}],"about":[{"href":"https:\/\/stagezone.hu\/en\/wp-json\/wp\/v2\/types\/product"}],"replies":[{"embeddable":true,"href":"https:\/\/stagezone.hu\/en\/wp-json\/wp\/v2\/comments?post=3955"}],"version-history":[{"count":2,"href":"https:\/\/stagezone.hu\/en\/wp-json\/wp\/v2\/product\/3955\/revisions"}],"predecessor-version":[{"id":4069,"href":"https:\/\/stagezone.hu\/en\/wp-json\/wp\/v2\/product\/3955\/revisions\/4069"}],"wp:featuredmedia":[{"embeddable":true,"href":"https:\/\/stagezone.hu\/en\/wp-json\/wp\/v2\/media\/5510"}],"wp:attachment":[{"href":"https:\/\/stagezone.hu\/en\/wp-json\/wp\/v2\/media?parent=3955"}],"wp:term":[{"taxonomy":"product_brand","embeddable":true,"href":"https:\/\/stagezone.hu\/en\/wp-json\/wp\/v2\/product_brand?post=3955"},{"taxonomy":"product_cat","embeddable":true,"href":"https:\/\/stagezone.hu\/en\/wp-json\/wp\/v2\/product_cat?post=3955"},{"taxonomy":"product_tag","embeddable":true,"href":"https:\/\/stagezone.hu\/en\/wp-json\/wp\/v2\/product_tag?post=3955"}],"curies":[{"name":"wp","href":"https:\/\/api.w.org\/{rel}","templated":true}]}}