{"id":3918,"date":"2024-10-16T14:34:14","date_gmt":"2024-10-16T12:34:14","guid":{"rendered":"https:\/\/stagezone.hu\/?post_type=product&#038;p=3918"},"modified":"2026-05-04T19:56:30","modified_gmt":"2026-05-04T18:56:30","slug":"adam-hall-safety-0-6-m","status":"publish","type":"product","link":"https:\/\/stagezone.hu\/en\/product\/adam-hall-safety-cable-0-6m\/","title":{"rendered":"Adam Hall Safety Cable 0.6m"},"content":{"rendered":"<p>&nbsp;<\/p>\n<p><strong>Adam Hall Safety<\/strong><\/p>\n<p>Galvanized, 3mm thick steel cable (6&#215;19)<\/p>\n<p>Fixed eyelet on one end, detachable screw carabiner on the other<\/p>\n<p>Maximum load capacity: 10 kg<\/p>\n","protected":false},"excerpt":{"rendered":"<p>Essential for securing lighting equipment, this safety cable prevents lamps from falling.<\/p>\n","protected":false},"featured_media":5515,"comment_status":"open","ping_status":"closed","template":"","meta":[],"product_brand":[],"product_cat":[363,453],"product_tag":[329,331,330],"class_list":{"0":"post-3918","1":"product","2":"type-product","3":"status-publish","4":"has-post-thumbnail","6":"product_cat-hardver","7":"product_cat-safety","8":"product_tag-adam-hall","9":"product_tag-kiegeszito","10":"product_tag-safety","12":"first","13":"low_stock","14":"taxable","15":"shipping-taxable","16":"purchasable","17":"product-type-simple"},"yoast_head":"<!-- This site is optimized with the Yoast SEO Premium plugin v27.2 (Yoast SEO v27.2) - https:\/\/yoast.com\/product\/yoast-seo-premium-wordpress\/ -->\n<title>Adam Hall Safety Cable 0.6m<\/title>\n<meta name=\"description\" content=\"Essential for securing lighting equipment, this safety cable prevents lamps from falling.\" \/>\n<meta name=\"robots\" content=\"index, follow, max-snippet:-1, max-image-preview:large, max-video-preview:-1\" \/>\n<link rel=\"canonical\" href=\"http:\/\/Essential%20for%20securing%20lighting%20equipment,%20this%20safety%20cable%20prevents%20lamps%20from%20falling.\" \/>\n<meta property=\"og:locale\" content=\"en_US\" \/>\n<meta property=\"og:type\" content=\"article\" \/>\n<meta property=\"og:title\" content=\"Adam Hall Safety Cable 0.6m\" \/>\n<meta property=\"og:description\" content=\"Essential for securing lighting equipment, this safety cable prevents lamps from falling.\" \/>\n<meta property=\"og:url\" content=\"https:\/\/stagezone.hu\/en\/product\/adam-hall-safety-cable-0-6m\/\" \/>\n<meta property=\"og:site_name\" content=\"StageZone\" \/>\n<meta property=\"article:publisher\" content=\"https:\/\/www.facebook.com\/stagezonehungary\/\" \/>\n<meta property=\"article:modified_time\" content=\"2026-05-04T18:56:30+00:00\" \/>\n<meta property=\"og:image\" content=\"https:\/\/stagezone.hu\/wp-content\/uploads\/2024\/10\/S37060_1.jpg\" \/>\n\t<meta property=\"og:image:width\" content=\"700\" \/>\n\t<meta property=\"og:image:height\" content=\"700\" \/>\n\t<meta property=\"og:image:type\" content=\"image\/jpeg\" \/>\n<meta name=\"twitter:card\" content=\"summary_large_image\" \/>\n<meta name=\"twitter:label1\" content=\"Est. reading time\" \/>\n\t<meta name=\"twitter:data1\" content=\"1 minute\" \/>\n<script type=\"application\/ld+json\" class=\"yoast-schema-graph\">{\"@context\":\"https:\/\/schema.org\",\"@graph\":[{\"@type\":\"WebPage\",\"@id\":\"https:\/\/stagezone.hu\/en\/product\/adam-hall-safety-cable-0-6m\/\",\"url\":\"https:\/\/stagezone.hu\/en\/product\/adam-hall-safety-cable-0-6m\/\",\"name\":\"Safety 0.6 m - StageZone\",\"isPartOf\":{\"@id\":\"https:\/\/stagezone.hu\/#website\"},\"primaryImageOfPage\":{\"@id\":\"https:\/\/stagezone.hu\/en\/product\/adam-hall-safety-cable-0-6m\/#primaryimage\"},\"image\":{\"@id\":\"https:\/\/stagezone.hu\/en\/product\/adam-hall-safety-cable-0-6m\/#primaryimage\"},\"thumbnailUrl\":\"https:\/\/stagezone.hu\/wp-content\/uploads\/2024\/10\/S37060_1.jpg\",\"datePublished\":\"2024-10-16T12:34:14+00:00\",\"dateModified\":\"2026-05-04T18:56:30+00:00\",\"description\":\"F\u00e9nytechnikai eszk\u00f6z\u00f6k r\u00f6gz\u00edt\u00e9s\u00e9n\u00e9l elengedhetetlen a safety haszn\u00e1lata. Ezzel az egyszer\u0171 eszk\u00f6zzel megakad\u00e1lyozhat\u00f3 a l\u00e1mp\u00e1k lezuhan\u00e1sa az install\u00e1ci\u00f3b\u00f3l.\",\"breadcrumb\":{\"@id\":\"https:\/\/stagezone.hu\/en\/product\/adam-hall-safety-cable-0-6m\/#breadcrumb\"},\"inLanguage\":\"en-US\",\"potentialAction\":[{\"@type\":\"ReadAction\",\"target\":[\"https:\/\/stagezone.hu\/en\/product\/adam-hall-safety-cable-0-6m\/\"]}]},{\"@type\":\"ImageObject\",\"inLanguage\":\"en-US\",\"@id\":\"https:\/\/stagezone.hu\/en\/product\/adam-hall-safety-cable-0-6m\/#primaryimage\",\"url\":\"https:\/\/stagezone.hu\/wp-content\/uploads\/2024\/10\/S37060_1.jpg\",\"contentUrl\":\"https:\/\/stagezone.hu\/wp-content\/uploads\/2024\/10\/S37060_1.jpg\",\"width\":700,\"height\":700},{\"@type\":\"BreadcrumbList\",\"@id\":\"https:\/\/stagezone.hu\/en\/product\/adam-hall-safety-cable-0-6m\/#breadcrumb\",\"itemListElement\":[{\"@type\":\"ListItem\",\"position\":1,\"name\":\"Kezd\u0151lap\",\"item\":\"https:\/\/stagezone.hu\/\"},{\"@type\":\"ListItem\",\"position\":2,\"name\":\"\u00dczlet\",\"item\":\"https:\/\/stagezone.hu\/uzlet\/\"},{\"@type\":\"ListItem\",\"position\":3,\"name\":\"Adam Hall Safety Cable 0.6m\"}]},{\"@type\":\"WebSite\",\"@id\":\"https:\/\/stagezone.hu\/en\/#website\",\"url\":\"https:\/\/stagezone.hu\/en\/\",\"name\":\"StageZone - Ragyogj a Stagezone min\u0151s\u00e9gi f\u00e9nytechnik\u00e1j\u00e1val.\",\"description\":\"StageZone\",\"publisher\":{\"@id\":\"https:\/\/stagezone.hu\/en\/#organization\"},\"potentialAction\":[{\"@type\":\"SearchAction\",\"target\":{\"@type\":\"EntryPoint\",\"urlTemplate\":\"https:\/\/stagezone.hu\/en\/?s={search_term_string}\"},\"query-input\":{\"@type\":\"PropertyValueSpecification\",\"valueRequired\":true,\"valueName\":\"search_term_string\"}}],\"inLanguage\":\"en-US\"},{\"@type\":\"Organization\",\"@id\":\"https:\/\/stagezone.hu\/en\/#organization\",\"name\":\"StageZone\",\"url\":\"https:\/\/stagezone.hu\/en\/\",\"logo\":{\"@type\":\"ImageObject\",\"inLanguage\":\"en-US\",\"@id\":\"https:\/\/stagezone.hu\/en\/#\/schema\/logo\/image\/\",\"url\":\"https:\/\/stagezone.hu\/wp-content\/uploads\/2026\/01\/Adam-Hall_1000x1000-1-1.png\",\"contentUrl\":\"https:\/\/stagezone.hu\/wp-content\/uploads\/2026\/01\/Adam-Hall_1000x1000-1-1.png\",\"width\":1000,\"height\":1000,\"caption\":\"StageZone\"},\"image\":{\"@id\":\"https:\/\/stagezone.hu\/en\/#\/schema\/logo\/image\/\"},\"sameAs\":[\"https:\/\/www.facebook.com\/stagezonehungary\/\",\"https:\/\/www.instagram.com\/stagezonehungary\/\"]}]}<\/script>\n<!-- \/ Yoast SEO Premium plugin. -->","yoast_head_json":{"title":"Adam Hall Safety Cable 0.6m","description":"Essential for securing lighting equipment, this safety cable prevents lamps from falling.","robots":{"index":"index","follow":"follow","max-snippet":"max-snippet:-1","max-image-preview":"max-image-preview:large","max-video-preview":"max-video-preview:-1"},"canonical":"Essential for securing lighting equipment, this safety cable prevents lamps from falling.","og_locale":"en_US","og_type":"article","og_title":"Adam Hall Safety Cable 0.6m","og_description":"Essential for securing lighting equipment, this safety cable prevents lamps from falling.","og_url":"https:\/\/stagezone.hu\/en\/product\/adam-hall-safety-cable-0-6m\/","og_site_name":"StageZone","article_publisher":"https:\/\/www.facebook.com\/stagezonehungary\/","article_modified_time":"2026-05-04T18:56:30+00:00","og_image":[{"width":700,"height":700,"url":"https:\/\/stagezone.hu\/wp-content\/uploads\/2024\/10\/S37060_1.jpg","type":"image\/jpeg"}],"twitter_card":"summary_large_image","twitter_misc":{"Est. reading time":"1 minute"},"schema":{"@context":"https:\/\/schema.org","@graph":[{"@type":"WebPage","@id":"https:\/\/stagezone.hu\/en\/product\/adam-hall-safety-cable-0-6m\/","url":"https:\/\/stagezone.hu\/en\/product\/adam-hall-safety-cable-0-6m\/","name":"Safety 0.6 m - StageZone","isPartOf":{"@id":"https:\/\/stagezone.hu\/#website"},"primaryImageOfPage":{"@id":"https:\/\/stagezone.hu\/en\/product\/adam-hall-safety-cable-0-6m\/#primaryimage"},"image":{"@id":"https:\/\/stagezone.hu\/en\/product\/adam-hall-safety-cable-0-6m\/#primaryimage"},"thumbnailUrl":"https:\/\/stagezone.hu\/wp-content\/uploads\/2024\/10\/S37060_1.jpg","datePublished":"2024-10-16T12:34:14+00:00","dateModified":"2026-05-04T18:56:30+00:00","description":"F\u00e9nytechnikai eszk\u00f6z\u00f6k r\u00f6gz\u00edt\u00e9s\u00e9n\u00e9l elengedhetetlen a safety haszn\u00e1lata. Ezzel az egyszer\u0171 eszk\u00f6zzel megakad\u00e1lyozhat\u00f3 a l\u00e1mp\u00e1k lezuhan\u00e1sa az install\u00e1ci\u00f3b\u00f3l.","breadcrumb":{"@id":"https:\/\/stagezone.hu\/en\/product\/adam-hall-safety-cable-0-6m\/#breadcrumb"},"inLanguage":"en-US","potentialAction":[{"@type":"ReadAction","target":["https:\/\/stagezone.hu\/en\/product\/adam-hall-safety-cable-0-6m\/"]}]},{"@type":"ImageObject","inLanguage":"en-US","@id":"https:\/\/stagezone.hu\/en\/product\/adam-hall-safety-cable-0-6m\/#primaryimage","url":"https:\/\/stagezone.hu\/wp-content\/uploads\/2024\/10\/S37060_1.jpg","contentUrl":"https:\/\/stagezone.hu\/wp-content\/uploads\/2024\/10\/S37060_1.jpg","width":700,"height":700},{"@type":"BreadcrumbList","@id":"https:\/\/stagezone.hu\/en\/product\/adam-hall-safety-cable-0-6m\/#breadcrumb","itemListElement":[{"@type":"ListItem","position":1,"name":"Kezd\u0151lap","item":"https:\/\/stagezone.hu\/"},{"@type":"ListItem","position":2,"name":"\u00dczlet","item":"https:\/\/stagezone.hu\/uzlet\/"},{"@type":"ListItem","position":3,"name":"Adam Hall Safety Cable 0.6m"}]},{"@type":"WebSite","@id":"https:\/\/stagezone.hu\/en\/#website","url":"https:\/\/stagezone.hu\/en\/","name":"StageZone - Ragyogj a Stagezone min\u0151s\u00e9gi f\u00e9nytechnik\u00e1j\u00e1val.","description":"StageZone","publisher":{"@id":"https:\/\/stagezone.hu\/en\/#organization"},"potentialAction":[{"@type":"SearchAction","target":{"@type":"EntryPoint","urlTemplate":"https:\/\/stagezone.hu\/en\/?s={search_term_string}"},"query-input":{"@type":"PropertyValueSpecification","valueRequired":true,"valueName":"search_term_string"}}],"inLanguage":"en-US"},{"@type":"Organization","@id":"https:\/\/stagezone.hu\/en\/#organization","name":"StageZone","url":"https:\/\/stagezone.hu\/en\/","logo":{"@type":"ImageObject","inLanguage":"en-US","@id":"https:\/\/stagezone.hu\/en\/#\/schema\/logo\/image\/","url":"https:\/\/stagezone.hu\/wp-content\/uploads\/2026\/01\/Adam-Hall_1000x1000-1-1.png","contentUrl":"https:\/\/stagezone.hu\/wp-content\/uploads\/2026\/01\/Adam-Hall_1000x1000-1-1.png","width":1000,"height":1000,"caption":"StageZone"},"image":{"@id":"https:\/\/stagezone.hu\/en\/#\/schema\/logo\/image\/"},"sameAs":["https:\/\/www.facebook.com\/stagezonehungary\/","https:\/\/www.instagram.com\/stagezonehungary\/"]}]}},"_links":{"self":[{"href":"https:\/\/stagezone.hu\/en\/wp-json\/wp\/v2\/product\/3918","targetHints":{"allow":["GET"]}}],"collection":[{"href":"https:\/\/stagezone.hu\/en\/wp-json\/wp\/v2\/product"}],"about":[{"href":"https:\/\/stagezone.hu\/en\/wp-json\/wp\/v2\/types\/product"}],"replies":[{"embeddable":true,"href":"https:\/\/stagezone.hu\/en\/wp-json\/wp\/v2\/comments?post=3918"}],"version-history":[{"count":5,"href":"https:\/\/stagezone.hu\/en\/wp-json\/wp\/v2\/product\/3918\/revisions"}],"predecessor-version":[{"id":4074,"href":"https:\/\/stagezone.hu\/en\/wp-json\/wp\/v2\/product\/3918\/revisions\/4074"}],"wp:featuredmedia":[{"embeddable":true,"href":"https:\/\/stagezone.hu\/en\/wp-json\/wp\/v2\/media\/5515"}],"wp:attachment":[{"href":"https:\/\/stagezone.hu\/en\/wp-json\/wp\/v2\/media?parent=3918"}],"wp:term":[{"taxonomy":"product_brand","embeddable":true,"href":"https:\/\/stagezone.hu\/en\/wp-json\/wp\/v2\/product_brand?post=3918"},{"taxonomy":"product_cat","embeddable":true,"href":"https:\/\/stagezone.hu\/en\/wp-json\/wp\/v2\/product_cat?post=3918"},{"taxonomy":"product_tag","embeddable":true,"href":"https:\/\/stagezone.hu\/en\/wp-json\/wp\/v2\/product_tag?post=3918"}],"curies":[{"name":"wp","href":"https:\/\/api.w.org\/{rel}","templated":true}]}}