{"id":3881,"date":"2024-10-15T13:38:52","date_gmt":"2024-10-15T11:38:52","guid":{"rendered":"https:\/\/stagezone.hu\/?post_type=product&#038;p=3881"},"modified":"2026-05-04T19:56:36","modified_gmt":"2026-05-04T18:56:36","slug":"magic-fx-co2-backpack-set","status":"publish","type":"product","link":"https:\/\/stagezone.hu\/en\/product\/co2-backpack-set\/","title":{"rendered":"CO2 Backpack Set"},"content":{"rendered":"<p>&nbsp;<\/p>\n<p><img fetchpriority=\"high\" decoding=\"async\" class=\"alignright wp-image-3852 size-medium\" src=\"https:\/\/stagezone.hu\/wp-content\/uploads\/2024\/10\/MFX0901-5-2-500x500.png\" alt=\"blow your mind\" width=\"500\" height=\"500\" srcset=\"https:\/\/stagezone.hu\/wp-content\/uploads\/2024\/10\/MFX0901-5-2-500x500.png 500w, https:\/\/stagezone.hu\/wp-content\/uploads\/2024\/10\/MFX0901-5-2-400x400.png 400w, https:\/\/stagezone.hu\/wp-content\/uploads\/2024\/10\/MFX0901-5-2-300x300.png 300w, https:\/\/stagezone.hu\/wp-content\/uploads\/2024\/10\/MFX0901-5-2-150x150.png 150w, https:\/\/stagezone.hu\/wp-content\/uploads\/2024\/10\/MFX0901-5-2-75x75.png 75w\" sizes=\"(max-width:767px) 500px, 500px\" \/>With the CO2 BACKPACK SET, you can be the most mobile performer in terms of effects. The set includes a Magic FX vest, a 1.25 m long hose, and a connector for the bottle.<\/p>\n<p><strong>ATTENTION<\/strong>, the product packaging does not include the CO2 bottle!<\/p>\n<p>The device can hold a 6 kg bottle with a maximum diameter of 15 cm.<\/p>\n","protected":false},"excerpt":{"rendered":"<p>The CO2 BACKPACK SET allows you to deploy CO2 anywhere during your show, ensuring a captivating visual experience.<\/p>\n","protected":false},"featured_media":5011,"comment_status":"open","ping_status":"closed","template":"","meta":[],"product_brand":[],"product_cat":[450,178],"product_tag":[322,304,298],"class_list":{"0":"post-3881","1":"product","2":"type-product","3":"status-publish","4":"has-post-thumbnail","6":"product_cat-co2","7":"product_cat-effekt","8":"product_tag-backpack-set","9":"product_tag-effekt","10":"product_tag-magic-fx","12":"first","13":"low_stock","14":"taxable","15":"shipping-taxable","16":"purchasable","17":"product-type-simple"},"yoast_head":"<!-- This site is optimized with the Yoast SEO Premium plugin v27.2 (Yoast SEO v27.2) - https:\/\/yoast.com\/product\/yoast-seo-premium-wordpress\/ -->\n<title>CO2 Backpack Set<\/title>\n<meta name=\"description\" content=\"The CO2 BACKPACK SET allows you to deploy CO2 anywhere during your show, ensuring a captivating visual experience.\" \/>\n<meta name=\"robots\" content=\"index, follow, max-snippet:-1, max-image-preview:large, max-video-preview:-1\" \/>\n<link rel=\"canonical\" href=\"http:\/\/The%20CO2%20BACKPACK%20SET%20allows%20you%20to%20deploy%20CO2%20anywhere%20during%20your%20show,%20ensuring%20a%20captivating%20visual%20experience.\" \/>\n<meta property=\"og:locale\" content=\"en_US\" \/>\n<meta property=\"og:type\" content=\"article\" \/>\n<meta property=\"og:title\" content=\"CO2 Backpack Set\" \/>\n<meta property=\"og:description\" content=\"The CO2 BACKPACK SET allows you to deploy CO2 anywhere during your show, ensuring a captivating visual experience.\" \/>\n<meta property=\"og:url\" content=\"https:\/\/stagezone.hu\/en\/product\/co2-backpack-set\/\" \/>\n<meta property=\"og:site_name\" content=\"StageZone\" \/>\n<meta property=\"article:publisher\" content=\"https:\/\/www.facebook.com\/stagezonehungary\/\" \/>\n<meta property=\"article:modified_time\" content=\"2026-05-04T18:56:36+00:00\" \/>\n<meta property=\"og:image\" content=\"https:\/\/stagezone.hu\/wp-content\/uploads\/2024\/10\/MFX1116-CO2-BACK-PACK-COMPLETE-SET.jpg\" \/>\n\t<meta property=\"og:image:width\" content=\"800\" \/>\n\t<meta property=\"og:image:height\" content=\"800\" \/>\n\t<meta property=\"og:image:type\" content=\"image\/jpeg\" \/>\n<meta name=\"twitter:card\" content=\"summary_large_image\" \/>\n<meta name=\"twitter:label1\" content=\"Est. reading time\" \/>\n\t<meta name=\"twitter:data1\" content=\"1 minute\" \/>\n<script type=\"application\/ld+json\" class=\"yoast-schema-graph\">{\"@context\":\"https:\/\/schema.org\",\"@graph\":[{\"@type\":\"WebPage\",\"@id\":\"https:\/\/stagezone.hu\/en\/product\/co2-backpack-set\/\",\"url\":\"https:\/\/stagezone.hu\/en\/product\/co2-backpack-set\/\",\"name\":\"CO2 BACKPACK SET - StageZone\",\"isPartOf\":{\"@id\":\"https:\/\/stagezone.hu\/#website\"},\"primaryImageOfPage\":{\"@id\":\"https:\/\/stagezone.hu\/en\/product\/co2-backpack-set\/#primaryimage\"},\"image\":{\"@id\":\"https:\/\/stagezone.hu\/en\/product\/co2-backpack-set\/#primaryimage\"},\"thumbnailUrl\":\"https:\/\/stagezone.hu\/wp-content\/uploads\/2024\/10\/MFX1116-CO2-BACK-PACK-COMPLETE-SET.jpg\",\"datePublished\":\"2024-10-15T11:38:52+00:00\",\"dateModified\":\"2026-05-04T18:56:36+00:00\",\"description\":\"A CO2 BACKPACK SET seg\u00edts\u00e9g\u00e9vel b\u00e1rhol f\u00fajhatsz CO2-t a show alatt. Ezzel az eszk\u00f6zzel biztosan lebilincsel\u0151 l\u00e1tv\u00e1nyt ny\u00fajtasz majd.\",\"breadcrumb\":{\"@id\":\"https:\/\/stagezone.hu\/en\/product\/co2-backpack-set\/#breadcrumb\"},\"inLanguage\":\"en-US\",\"potentialAction\":[{\"@type\":\"ReadAction\",\"target\":[\"https:\/\/stagezone.hu\/en\/product\/co2-backpack-set\/\"]}]},{\"@type\":\"ImageObject\",\"inLanguage\":\"en-US\",\"@id\":\"https:\/\/stagezone.hu\/en\/product\/co2-backpack-set\/#primaryimage\",\"url\":\"https:\/\/stagezone.hu\/wp-content\/uploads\/2024\/10\/MFX1116-CO2-BACK-PACK-COMPLETE-SET.jpg\",\"contentUrl\":\"https:\/\/stagezone.hu\/wp-content\/uploads\/2024\/10\/MFX1116-CO2-BACK-PACK-COMPLETE-SET.jpg\",\"width\":800,\"height\":800},{\"@type\":\"BreadcrumbList\",\"@id\":\"https:\/\/stagezone.hu\/en\/product\/co2-backpack-set\/#breadcrumb\",\"itemListElement\":[{\"@type\":\"ListItem\",\"position\":1,\"name\":\"Kezd\u0151lap\",\"item\":\"https:\/\/stagezone.hu\/\"},{\"@type\":\"ListItem\",\"position\":2,\"name\":\"\u00dczlet\",\"item\":\"https:\/\/stagezone.hu\/uzlet\/\"},{\"@type\":\"ListItem\",\"position\":3,\"name\":\"CO2 Backpack Set\"}]},{\"@type\":\"WebSite\",\"@id\":\"https:\/\/stagezone.hu\/en\/#website\",\"url\":\"https:\/\/stagezone.hu\/en\/\",\"name\":\"StageZone - Ragyogj a Stagezone min\u0151s\u00e9gi f\u00e9nytechnik\u00e1j\u00e1val.\",\"description\":\"StageZone\",\"publisher\":{\"@id\":\"https:\/\/stagezone.hu\/en\/#organization\"},\"potentialAction\":[{\"@type\":\"SearchAction\",\"target\":{\"@type\":\"EntryPoint\",\"urlTemplate\":\"https:\/\/stagezone.hu\/en\/?s={search_term_string}\"},\"query-input\":{\"@type\":\"PropertyValueSpecification\",\"valueRequired\":true,\"valueName\":\"search_term_string\"}}],\"inLanguage\":\"en-US\"},{\"@type\":\"Organization\",\"@id\":\"https:\/\/stagezone.hu\/en\/#organization\",\"name\":\"StageZone\",\"url\":\"https:\/\/stagezone.hu\/en\/\",\"logo\":{\"@type\":\"ImageObject\",\"inLanguage\":\"en-US\",\"@id\":\"https:\/\/stagezone.hu\/en\/#\/schema\/logo\/image\/\",\"url\":\"https:\/\/stagezone.hu\/wp-content\/uploads\/2026\/01\/Adam-Hall_1000x1000-1-1.png\",\"contentUrl\":\"https:\/\/stagezone.hu\/wp-content\/uploads\/2026\/01\/Adam-Hall_1000x1000-1-1.png\",\"width\":1000,\"height\":1000,\"caption\":\"StageZone\"},\"image\":{\"@id\":\"https:\/\/stagezone.hu\/en\/#\/schema\/logo\/image\/\"},\"sameAs\":[\"https:\/\/www.facebook.com\/stagezonehungary\/\",\"https:\/\/www.instagram.com\/stagezonehungary\/\"]}]}<\/script>\n<!-- \/ Yoast SEO Premium plugin. -->","yoast_head_json":{"title":"CO2 Backpack Set","description":"The CO2 BACKPACK SET allows you to deploy CO2 anywhere during your show, ensuring a captivating visual experience.","robots":{"index":"index","follow":"follow","max-snippet":"max-snippet:-1","max-image-preview":"max-image-preview:large","max-video-preview":"max-video-preview:-1"},"canonical":"The CO2 BACKPACK SET allows you to deploy CO2 anywhere during your show, ensuring a captivating visual experience.","og_locale":"en_US","og_type":"article","og_title":"CO2 Backpack Set","og_description":"The CO2 BACKPACK SET allows you to deploy CO2 anywhere during your show, ensuring a captivating visual experience.","og_url":"https:\/\/stagezone.hu\/en\/product\/co2-backpack-set\/","og_site_name":"StageZone","article_publisher":"https:\/\/www.facebook.com\/stagezonehungary\/","article_modified_time":"2026-05-04T18:56:36+00:00","og_image":[{"width":800,"height":800,"url":"https:\/\/stagezone.hu\/wp-content\/uploads\/2024\/10\/MFX1116-CO2-BACK-PACK-COMPLETE-SET.jpg","type":"image\/jpeg"}],"twitter_card":"summary_large_image","twitter_misc":{"Est. reading time":"1 minute"},"schema":{"@context":"https:\/\/schema.org","@graph":[{"@type":"WebPage","@id":"https:\/\/stagezone.hu\/en\/product\/co2-backpack-set\/","url":"https:\/\/stagezone.hu\/en\/product\/co2-backpack-set\/","name":"CO2 BACKPACK SET - StageZone","isPartOf":{"@id":"https:\/\/stagezone.hu\/#website"},"primaryImageOfPage":{"@id":"https:\/\/stagezone.hu\/en\/product\/co2-backpack-set\/#primaryimage"},"image":{"@id":"https:\/\/stagezone.hu\/en\/product\/co2-backpack-set\/#primaryimage"},"thumbnailUrl":"https:\/\/stagezone.hu\/wp-content\/uploads\/2024\/10\/MFX1116-CO2-BACK-PACK-COMPLETE-SET.jpg","datePublished":"2024-10-15T11:38:52+00:00","dateModified":"2026-05-04T18:56:36+00:00","description":"A CO2 BACKPACK SET seg\u00edts\u00e9g\u00e9vel b\u00e1rhol f\u00fajhatsz CO2-t a show alatt. Ezzel az eszk\u00f6zzel biztosan lebilincsel\u0151 l\u00e1tv\u00e1nyt ny\u00fajtasz majd.","breadcrumb":{"@id":"https:\/\/stagezone.hu\/en\/product\/co2-backpack-set\/#breadcrumb"},"inLanguage":"en-US","potentialAction":[{"@type":"ReadAction","target":["https:\/\/stagezone.hu\/en\/product\/co2-backpack-set\/"]}]},{"@type":"ImageObject","inLanguage":"en-US","@id":"https:\/\/stagezone.hu\/en\/product\/co2-backpack-set\/#primaryimage","url":"https:\/\/stagezone.hu\/wp-content\/uploads\/2024\/10\/MFX1116-CO2-BACK-PACK-COMPLETE-SET.jpg","contentUrl":"https:\/\/stagezone.hu\/wp-content\/uploads\/2024\/10\/MFX1116-CO2-BACK-PACK-COMPLETE-SET.jpg","width":800,"height":800},{"@type":"BreadcrumbList","@id":"https:\/\/stagezone.hu\/en\/product\/co2-backpack-set\/#breadcrumb","itemListElement":[{"@type":"ListItem","position":1,"name":"Kezd\u0151lap","item":"https:\/\/stagezone.hu\/"},{"@type":"ListItem","position":2,"name":"\u00dczlet","item":"https:\/\/stagezone.hu\/uzlet\/"},{"@type":"ListItem","position":3,"name":"CO2 Backpack Set"}]},{"@type":"WebSite","@id":"https:\/\/stagezone.hu\/en\/#website","url":"https:\/\/stagezone.hu\/en\/","name":"StageZone - Ragyogj a Stagezone min\u0151s\u00e9gi f\u00e9nytechnik\u00e1j\u00e1val.","description":"StageZone","publisher":{"@id":"https:\/\/stagezone.hu\/en\/#organization"},"potentialAction":[{"@type":"SearchAction","target":{"@type":"EntryPoint","urlTemplate":"https:\/\/stagezone.hu\/en\/?s={search_term_string}"},"query-input":{"@type":"PropertyValueSpecification","valueRequired":true,"valueName":"search_term_string"}}],"inLanguage":"en-US"},{"@type":"Organization","@id":"https:\/\/stagezone.hu\/en\/#organization","name":"StageZone","url":"https:\/\/stagezone.hu\/en\/","logo":{"@type":"ImageObject","inLanguage":"en-US","@id":"https:\/\/stagezone.hu\/en\/#\/schema\/logo\/image\/","url":"https:\/\/stagezone.hu\/wp-content\/uploads\/2026\/01\/Adam-Hall_1000x1000-1-1.png","contentUrl":"https:\/\/stagezone.hu\/wp-content\/uploads\/2026\/01\/Adam-Hall_1000x1000-1-1.png","width":1000,"height":1000,"caption":"StageZone"},"image":{"@id":"https:\/\/stagezone.hu\/en\/#\/schema\/logo\/image\/"},"sameAs":["https:\/\/www.facebook.com\/stagezonehungary\/","https:\/\/www.instagram.com\/stagezonehungary\/"]}]}},"_links":{"self":[{"href":"https:\/\/stagezone.hu\/en\/wp-json\/wp\/v2\/product\/3881","targetHints":{"allow":["GET"]}}],"collection":[{"href":"https:\/\/stagezone.hu\/en\/wp-json\/wp\/v2\/product"}],"about":[{"href":"https:\/\/stagezone.hu\/en\/wp-json\/wp\/v2\/types\/product"}],"replies":[{"embeddable":true,"href":"https:\/\/stagezone.hu\/en\/wp-json\/wp\/v2\/comments?post=3881"}],"version-history":[{"count":3,"href":"https:\/\/stagezone.hu\/en\/wp-json\/wp\/v2\/product\/3881\/revisions"}],"predecessor-version":[{"id":4446,"href":"https:\/\/stagezone.hu\/en\/wp-json\/wp\/v2\/product\/3881\/revisions\/4446"}],"wp:featuredmedia":[{"embeddable":true,"href":"https:\/\/stagezone.hu\/en\/wp-json\/wp\/v2\/media\/5011"}],"wp:attachment":[{"href":"https:\/\/stagezone.hu\/en\/wp-json\/wp\/v2\/media?parent=3881"}],"wp:term":[{"taxonomy":"product_brand","embeddable":true,"href":"https:\/\/stagezone.hu\/en\/wp-json\/wp\/v2\/product_brand?post=3881"},{"taxonomy":"product_cat","embeddable":true,"href":"https:\/\/stagezone.hu\/en\/wp-json\/wp\/v2\/product_cat?post=3881"},{"taxonomy":"product_tag","embeddable":true,"href":"https:\/\/stagezone.hu\/en\/wp-json\/wp\/v2\/product_tag?post=3881"}],"curies":[{"name":"wp","href":"https:\/\/api.w.org\/{rel}","templated":true}]}}