{"id":3820,"date":"2024-10-15T11:05:29","date_gmt":"2024-10-15T09:05:29","guid":{"rendered":"https:\/\/stagezone.hu\/?post_type=product&#038;p=3820"},"modified":"2026-05-04T19:56:40","modified_gmt":"2026-05-04T18:56:40","slug":"magic-fx-co2jet-ii","status":"publish","type":"product","link":"https:\/\/stagezone.hu\/en\/product\/co2jet-ii-enhanced-co2-effect-device\/","title":{"rendered":"CO2JET II - Enhanced CO2 Effect Device"},"content":{"rendered":"<p>&nbsp;<\/p>\n<p><img fetchpriority=\"high\" decoding=\"async\" class=\"size-medium wp-image-3821 alignright\" src=\"https:\/\/stagezone.hu\/wp-content\/uploads\/2024\/10\/MAGICFX-CO2JET-II_BLACK-500x500.png\" alt=\"\" width=\"500\" height=\"500\" srcset=\"https:\/\/stagezone.hu\/wp-content\/uploads\/2024\/10\/MAGICFX-CO2JET-II_BLACK-500x500.png 500w, https:\/\/stagezone.hu\/wp-content\/uploads\/2024\/10\/MAGICFX-CO2JET-II_BLACK-400x400.png 400w, https:\/\/stagezone.hu\/wp-content\/uploads\/2024\/10\/MAGICFX-CO2JET-II_BLACK-300x300.png 300w, https:\/\/stagezone.hu\/wp-content\/uploads\/2024\/10\/MAGICFX-CO2JET-II_BLACK-150x150.png 150w, https:\/\/stagezone.hu\/wp-content\/uploads\/2024\/10\/MAGICFX-CO2JET-II_BLACK-75x75.png 75w\" sizes=\"(max-width:767px) 500px, 500px\" \/><\/p>\n<p>The CO2JET II is an enhanced version of the first generation. Thanks to its interchangeable nozzle, its intensity and emitted sound can be varied. The device requires a CO2 tank, hose, and controller to operate!<\/p>\n<p><strong>ATTENTION<\/strong>, the product packaging does not include a power cable!<\/p>\n<p>With the tilt angle indicator, you can be sure that if multiple devices are used, they will all be at the same angle.<\/p>\n<p>Its design allows for proper placement on the ground, stage, or truss. Consequently, it can be safely used outdoors. Thanks to the TRUE1 waterproof connectors and the &#8220;no-frost&#8221; nozzle, no weather will stop this device.<\/p>\n<p>Its interchangeable nozzle allows for wider application. If used indoors, by fitting the muffled nozzle, you can achieve the same effect and performance, while the sound will be significantly quieter.<\/p>\n<table id=\"tablepress-40\" class=\"tablepress tablepress-id-40\">\n<caption style=\"caption-side:bottom;text-align:left;border:none;background:none;margin:0;padding:0;\"><a href=\"https:\/\/stagezone.hu\/wp-admin\/admin.php?page=tablepress&#038;action=edit&#038;table_id=40\" rel=\"nofollow\">Edit<\/a><\/caption>\n<tbody class=\"row-striping row-hover\">\n<tr class=\"row-1\">\n<td class=\"column-1\">Length<\/td>\n<td class=\"column-2\">29 cm<\/td>\n<\/tr>\n<tr class=\"row-2\">\n<td class=\"column-1\">Width<\/td>\n<td class=\"column-2\">29 cm<\/td>\n<\/tr>\n<tr class=\"row-3\">\n<td class=\"column-1\">Height<\/td>\n<td class=\"column-2\">12.5 cm<\/td>\n<\/tr>\n<tr class=\"row-4\">\n<td class=\"column-1\">Weight<\/td>\n<td class=\"column-2\">3.7 kg<\/td>\n<\/tr>\n<tr class=\"row-5\">\n<td class=\"column-1\">Power Supply<\/td>\n<td class=\"column-2\">AC 240 V, 50\/60 Hz<\/td>\n<\/tr>\n<tr class=\"row-6\">\n<td class=\"column-1\">Power Consumption<\/td>\n<td class=\"column-2\">20 W<\/td>\n<\/tr>\n<tr class=\"row-7\">\n<td class=\"column-1\">Control<\/td>\n<td class=\"column-2\">Direct on-off<\/td>\n<\/tr>\n<tr class=\"row-8\">\n<td class=\"column-1\">Consumption<\/td>\n<td class=\"column-2\">Liquid CO2: 0.5 kg\/sec<\/td>\n<\/tr>\n<tr class=\"row-9\">\n<td class=\"column-1\">Throw Distance<\/td>\n<td class=\"column-2\">8 m<\/td>\n<\/tr>\n<\/tbody>\n<\/table>\n","protected":false},"excerpt":{"rendered":"<p>The CO2JET II is an enhanced version of the first generation. It features interchangeable nozzles, a tilt angle indicator, and is waterproof. This device is suitable for any application.<\/p>\n","protected":false},"featured_media":4946,"comment_status":"open","ping_status":"closed","template":"","meta":[],"product_brand":[],"product_cat":[450,178],"product_tag":[318,319,298],"class_list":{"0":"post-3820","1":"product","2":"type-product","3":"status-publish","4":"has-post-thumbnail","6":"product_cat-co2","7":"product_cat-effekt","8":"product_tag-co2","9":"product_tag-co2jet","10":"product_tag-magic-fx","12":"first","13":"low_stock","14":"taxable","15":"shipping-taxable","16":"purchasable","17":"product-type-simple"},"yoast_head":"<!-- This site is optimized with the Yoast SEO Premium plugin v27.2 (Yoast SEO v27.2) - https:\/\/yoast.com\/product\/yoast-seo-premium-wordpress\/ -->\n<title>CO2JET II - Enhanced CO2 Effect Device<\/title>\n<meta name=\"description\" content=\"The CO2JET II is an enhanced version of the first generation. It features interchangeable nozzles, a tilt angle indicator, and is waterproof. This device is suitable for any application.\" \/>\n<meta name=\"robots\" content=\"index, follow, max-snippet:-1, max-image-preview:large, max-video-preview:-1\" \/>\n<link rel=\"canonical\" href=\"http:\/\/The%20CO2JET%20II%20is%20an%20enhanced%20version%20of%20the%20first%20generation.%20It%20features%20interchangeable%20nozzles,%20a%20tilt%20angle%20indicator,%20and%20is%20waterproof.%20This%20device%20is%20suitable%20for%20any%20application.\" \/>\n<meta property=\"og:locale\" content=\"en_US\" \/>\n<meta property=\"og:type\" content=\"article\" \/>\n<meta property=\"og:title\" content=\"CO2JET II - Enhanced CO2 Effect Device\" \/>\n<meta property=\"og:description\" content=\"The CO2JET II is an enhanced version of the first generation. It features interchangeable nozzles, a tilt angle indicator, and is waterproof. This device is suitable for any application.\" \/>\n<meta property=\"og:url\" content=\"https:\/\/stagezone.hu\/en\/product\/co2jet-ii-enhanced-co2-effect-device\/\" \/>\n<meta property=\"og:site_name\" content=\"StageZone\" \/>\n<meta property=\"article:publisher\" content=\"https:\/\/www.facebook.com\/stagezonehungary\/\" \/>\n<meta property=\"article:modified_time\" content=\"2026-05-04T18:56:40+00:00\" \/>\n<meta property=\"og:image\" content=\"https:\/\/stagezone.hu\/wp-content\/uploads\/2024\/10\/MAGICFX-CO2JET-II_03.jpg\" \/>\n\t<meta property=\"og:image:width\" content=\"1000\" \/>\n\t<meta property=\"og:image:height\" content=\"1000\" \/>\n\t<meta property=\"og:image:type\" content=\"image\/jpeg\" \/>\n<meta name=\"twitter:card\" content=\"summary_large_image\" \/>\n<meta name=\"twitter:label1\" content=\"Est. reading time\" \/>\n\t<meta name=\"twitter:data1\" content=\"2 minutes\" \/>\n<script type=\"application\/ld+json\" class=\"yoast-schema-graph\">{\"@context\":\"https:\/\/schema.org\",\"@graph\":[{\"@type\":\"WebPage\",\"@id\":\"https:\/\/stagezone.hu\/en\/product\/co2jet-ii-enhanced-co2-effect-device\/\",\"url\":\"https:\/\/stagezone.hu\/en\/product\/co2jet-ii-enhanced-co2-effect-device\/\",\"name\":\"CO2JET II - StageZone\",\"isPartOf\":{\"@id\":\"https:\/\/stagezone.hu\/#website\"},\"primaryImageOfPage\":{\"@id\":\"https:\/\/stagezone.hu\/en\/product\/co2jet-ii-enhanced-co2-effect-device\/#primaryimage\"},\"image\":{\"@id\":\"https:\/\/stagezone.hu\/en\/product\/co2jet-ii-enhanced-co2-effect-device\/#primaryimage\"},\"thumbnailUrl\":\"https:\/\/stagezone.hu\/wp-content\/uploads\/2024\/10\/MAGICFX-CO2JET-II_03.jpg\",\"datePublished\":\"2024-10-15T09:05:29+00:00\",\"dateModified\":\"2026-05-04T18:56:40+00:00\",\"description\":\"A CO2JET II a m\u00e1sodik gener\u00e1ci\u00f3 \u00fajdons\u00e1gait hordozza mag\u00e1ban. Cser\u00e9lhet\u0151 f\u00fav\u00f3ka, d\u0151l\u00e9ssz\u00f6g indik\u00e1tor, v\u00edz\u00e1ll\u00f3s\u00e1g. Ez az eszk\u00f6z mindenhol helyt \u00e1ll.\",\"breadcrumb\":{\"@id\":\"https:\/\/stagezone.hu\/en\/product\/co2jet-ii-enhanced-co2-effect-device\/#breadcrumb\"},\"inLanguage\":\"en-US\",\"potentialAction\":[{\"@type\":\"ReadAction\",\"target\":[\"https:\/\/stagezone.hu\/en\/product\/co2jet-ii-enhanced-co2-effect-device\/\"]}]},{\"@type\":\"ImageObject\",\"inLanguage\":\"en-US\",\"@id\":\"https:\/\/stagezone.hu\/en\/product\/co2jet-ii-enhanced-co2-effect-device\/#primaryimage\",\"url\":\"https:\/\/stagezone.hu\/wp-content\/uploads\/2024\/10\/MAGICFX-CO2JET-II_03.jpg\",\"contentUrl\":\"https:\/\/stagezone.hu\/wp-content\/uploads\/2024\/10\/MAGICFX-CO2JET-II_03.jpg\",\"width\":1000,\"height\":1000},{\"@type\":\"BreadcrumbList\",\"@id\":\"https:\/\/stagezone.hu\/en\/product\/co2jet-ii-enhanced-co2-effect-device\/#breadcrumb\",\"itemListElement\":[{\"@type\":\"ListItem\",\"position\":1,\"name\":\"Kezd\u0151lap\",\"item\":\"https:\/\/stagezone.hu\/\"},{\"@type\":\"ListItem\",\"position\":2,\"name\":\"\u00dczlet\",\"item\":\"https:\/\/stagezone.hu\/uzlet\/\"},{\"@type\":\"ListItem\",\"position\":3,\"name\":\"CO2JET II - Enhanced CO2 Effect Device\"}]},{\"@type\":\"WebSite\",\"@id\":\"https:\/\/stagezone.hu\/en\/#website\",\"url\":\"https:\/\/stagezone.hu\/en\/\",\"name\":\"StageZone - Ragyogj a Stagezone min\u0151s\u00e9gi f\u00e9nytechnik\u00e1j\u00e1val.\",\"description\":\"StageZone\",\"publisher\":{\"@id\":\"https:\/\/stagezone.hu\/en\/#organization\"},\"potentialAction\":[{\"@type\":\"SearchAction\",\"target\":{\"@type\":\"EntryPoint\",\"urlTemplate\":\"https:\/\/stagezone.hu\/en\/?s={search_term_string}\"},\"query-input\":{\"@type\":\"PropertyValueSpecification\",\"valueRequired\":true,\"valueName\":\"search_term_string\"}}],\"inLanguage\":\"en-US\"},{\"@type\":\"Organization\",\"@id\":\"https:\/\/stagezone.hu\/en\/#organization\",\"name\":\"StageZone\",\"url\":\"https:\/\/stagezone.hu\/en\/\",\"logo\":{\"@type\":\"ImageObject\",\"inLanguage\":\"en-US\",\"@id\":\"https:\/\/stagezone.hu\/en\/#\/schema\/logo\/image\/\",\"url\":\"https:\/\/stagezone.hu\/wp-content\/uploads\/2026\/01\/Adam-Hall_1000x1000-1-1.png\",\"contentUrl\":\"https:\/\/stagezone.hu\/wp-content\/uploads\/2026\/01\/Adam-Hall_1000x1000-1-1.png\",\"width\":1000,\"height\":1000,\"caption\":\"StageZone\"},\"image\":{\"@id\":\"https:\/\/stagezone.hu\/en\/#\/schema\/logo\/image\/\"},\"sameAs\":[\"https:\/\/www.facebook.com\/stagezonehungary\/\",\"https:\/\/www.instagram.com\/stagezonehungary\/\"]}]}<\/script>\n<!-- \/ Yoast SEO Premium plugin. -->","yoast_head_json":{"title":"CO2JET II - Enhanced CO2 Effect Device","description":"The CO2JET II is an enhanced version of the first generation. It features interchangeable nozzles, a tilt angle indicator, and is waterproof. This device is suitable for any application.","robots":{"index":"index","follow":"follow","max-snippet":"max-snippet:-1","max-image-preview":"max-image-preview:large","max-video-preview":"max-video-preview:-1"},"canonical":"The CO2JET II is an enhanced version of the first generation. It features interchangeable nozzles, a tilt angle indicator, and is waterproof. This device is suitable for any application.","og_locale":"en_US","og_type":"article","og_title":"CO2JET II - Enhanced CO2 Effect Device","og_description":"The CO2JET II is an enhanced version of the first generation. It features interchangeable nozzles, a tilt angle indicator, and is waterproof. This device is suitable for any application.","og_url":"https:\/\/stagezone.hu\/en\/product\/co2jet-ii-enhanced-co2-effect-device\/","og_site_name":"StageZone","article_publisher":"https:\/\/www.facebook.com\/stagezonehungary\/","article_modified_time":"2026-05-04T18:56:40+00:00","og_image":[{"width":1000,"height":1000,"url":"https:\/\/stagezone.hu\/wp-content\/uploads\/2024\/10\/MAGICFX-CO2JET-II_03.jpg","type":"image\/jpeg"}],"twitter_card":"summary_large_image","twitter_misc":{"Est. reading time":"2 minutes"},"schema":{"@context":"https:\/\/schema.org","@graph":[{"@type":"WebPage","@id":"https:\/\/stagezone.hu\/en\/product\/co2jet-ii-enhanced-co2-effect-device\/","url":"https:\/\/stagezone.hu\/en\/product\/co2jet-ii-enhanced-co2-effect-device\/","name":"CO2JET II - StageZone","isPartOf":{"@id":"https:\/\/stagezone.hu\/#website"},"primaryImageOfPage":{"@id":"https:\/\/stagezone.hu\/en\/product\/co2jet-ii-enhanced-co2-effect-device\/#primaryimage"},"image":{"@id":"https:\/\/stagezone.hu\/en\/product\/co2jet-ii-enhanced-co2-effect-device\/#primaryimage"},"thumbnailUrl":"https:\/\/stagezone.hu\/wp-content\/uploads\/2024\/10\/MAGICFX-CO2JET-II_03.jpg","datePublished":"2024-10-15T09:05:29+00:00","dateModified":"2026-05-04T18:56:40+00:00","description":"A CO2JET II a m\u00e1sodik gener\u00e1ci\u00f3 \u00fajdons\u00e1gait hordozza mag\u00e1ban. Cser\u00e9lhet\u0151 f\u00fav\u00f3ka, d\u0151l\u00e9ssz\u00f6g indik\u00e1tor, v\u00edz\u00e1ll\u00f3s\u00e1g. Ez az eszk\u00f6z mindenhol helyt \u00e1ll.","breadcrumb":{"@id":"https:\/\/stagezone.hu\/en\/product\/co2jet-ii-enhanced-co2-effect-device\/#breadcrumb"},"inLanguage":"en-US","potentialAction":[{"@type":"ReadAction","target":["https:\/\/stagezone.hu\/en\/product\/co2jet-ii-enhanced-co2-effect-device\/"]}]},{"@type":"ImageObject","inLanguage":"en-US","@id":"https:\/\/stagezone.hu\/en\/product\/co2jet-ii-enhanced-co2-effect-device\/#primaryimage","url":"https:\/\/stagezone.hu\/wp-content\/uploads\/2024\/10\/MAGICFX-CO2JET-II_03.jpg","contentUrl":"https:\/\/stagezone.hu\/wp-content\/uploads\/2024\/10\/MAGICFX-CO2JET-II_03.jpg","width":1000,"height":1000},{"@type":"BreadcrumbList","@id":"https:\/\/stagezone.hu\/en\/product\/co2jet-ii-enhanced-co2-effect-device\/#breadcrumb","itemListElement":[{"@type":"ListItem","position":1,"name":"Kezd\u0151lap","item":"https:\/\/stagezone.hu\/"},{"@type":"ListItem","position":2,"name":"\u00dczlet","item":"https:\/\/stagezone.hu\/uzlet\/"},{"@type":"ListItem","position":3,"name":"CO2JET II - Enhanced CO2 Effect Device"}]},{"@type":"WebSite","@id":"https:\/\/stagezone.hu\/en\/#website","url":"https:\/\/stagezone.hu\/en\/","name":"StageZone - Ragyogj a Stagezone min\u0151s\u00e9gi f\u00e9nytechnik\u00e1j\u00e1val.","description":"StageZone","publisher":{"@id":"https:\/\/stagezone.hu\/en\/#organization"},"potentialAction":[{"@type":"SearchAction","target":{"@type":"EntryPoint","urlTemplate":"https:\/\/stagezone.hu\/en\/?s={search_term_string}"},"query-input":{"@type":"PropertyValueSpecification","valueRequired":true,"valueName":"search_term_string"}}],"inLanguage":"en-US"},{"@type":"Organization","@id":"https:\/\/stagezone.hu\/en\/#organization","name":"StageZone","url":"https:\/\/stagezone.hu\/en\/","logo":{"@type":"ImageObject","inLanguage":"en-US","@id":"https:\/\/stagezone.hu\/en\/#\/schema\/logo\/image\/","url":"https:\/\/stagezone.hu\/wp-content\/uploads\/2026\/01\/Adam-Hall_1000x1000-1-1.png","contentUrl":"https:\/\/stagezone.hu\/wp-content\/uploads\/2026\/01\/Adam-Hall_1000x1000-1-1.png","width":1000,"height":1000,"caption":"StageZone"},"image":{"@id":"https:\/\/stagezone.hu\/en\/#\/schema\/logo\/image\/"},"sameAs":["https:\/\/www.facebook.com\/stagezonehungary\/","https:\/\/www.instagram.com\/stagezonehungary\/"]}]}},"_links":{"self":[{"href":"https:\/\/stagezone.hu\/en\/wp-json\/wp\/v2\/product\/3820","targetHints":{"allow":["GET"]}}],"collection":[{"href":"https:\/\/stagezone.hu\/en\/wp-json\/wp\/v2\/product"}],"about":[{"href":"https:\/\/stagezone.hu\/en\/wp-json\/wp\/v2\/types\/product"}],"replies":[{"embeddable":true,"href":"https:\/\/stagezone.hu\/en\/wp-json\/wp\/v2\/comments?post=3820"}],"version-history":[{"count":8,"href":"https:\/\/stagezone.hu\/en\/wp-json\/wp\/v2\/product\/3820\/revisions"}],"predecessor-version":[{"id":3835,"href":"https:\/\/stagezone.hu\/en\/wp-json\/wp\/v2\/product\/3820\/revisions\/3835"}],"wp:featuredmedia":[{"embeddable":true,"href":"https:\/\/stagezone.hu\/en\/wp-json\/wp\/v2\/media\/4946"}],"wp:attachment":[{"href":"https:\/\/stagezone.hu\/en\/wp-json\/wp\/v2\/media?parent=3820"}],"wp:term":[{"taxonomy":"product_brand","embeddable":true,"href":"https:\/\/stagezone.hu\/en\/wp-json\/wp\/v2\/product_brand?post=3820"},{"taxonomy":"product_cat","embeddable":true,"href":"https:\/\/stagezone.hu\/en\/wp-json\/wp\/v2\/product_cat?post=3820"},{"taxonomy":"product_tag","embeddable":true,"href":"https:\/\/stagezone.hu\/en\/wp-json\/wp\/v2\/product_tag?post=3820"}],"curies":[{"name":"wp","href":"https:\/\/api.w.org\/{rel}","templated":true}]}}