{"id":3796,"date":"2024-10-14T17:36:24","date_gmt":"2024-10-14T15:36:24","guid":{"rendered":"https:\/\/stagezone.hu\/?post_type=product&#038;p=3796"},"modified":"2026-05-04T19:56:42","modified_gmt":"2026-05-04T18:56:42","slug":"magic-fx-confetti-gun","status":"publish","type":"product","link":"https:\/\/stagezone.hu\/en\/product\/confetti-gun-for-stage-effects\/","title":{"rendered":"Confetti Gun for Stage Effects"},"content":{"rendered":"<p>&nbsp;<\/p>\n<p>Are you standing at the DJ booth or on stage and want to crown your performance in a unique way? With the CONFETTI GUN, you can fire up to three cannons simultaneously. Select your desired confetti or streamer cannons, place them in the gun, and fire away. The built-in battery further enhances mobility, so you don&#8217;t have to deal with additional cables during the show.<\/p>\n<p><strong>ATTENTION<\/strong>, the product packaging does not include a power cable (charging cable).<\/p>\n<table id=\"tablepress-38\" class=\"tablepress tablepress-id-38\">\n<caption style=\"caption-side:bottom;text-align:left;border:none;background:none;margin:0;padding:0;\"><a href=\"https:\/\/stagezone.hu\/wp-admin\/admin.php?page=tablepress&#038;action=edit&#038;table_id=38\" rel=\"nofollow\">Edit<\/a><\/caption>\n<tbody class=\"row-striping row-hover\">\n<tr class=\"row-1\">\n<td class=\"column-1\">Length<\/td>\n<td class=\"column-2\">47.3 cm<\/td>\n<\/tr>\n<tr class=\"row-2\">\n<td class=\"column-1\">Width<\/td>\n<td class=\"column-2\">14.4 cm<\/td>\n<\/tr>\n<tr class=\"row-3\">\n<td class=\"column-1\">Height<\/td>\n<td class=\"column-2\">27.1 cm<\/td>\n<\/tr>\n<tr class=\"row-4\">\n<td class=\"column-1\">Weight<\/td>\n<td class=\"column-2\">4.5 kg<\/td>\n<\/tr>\n<tr class=\"row-5\">\n<td class=\"column-1\">Power Supply<\/td>\n<td class=\"column-2\">Battery<\/td>\n<\/tr>\n<tr class=\"row-6\">\n<td class=\"column-1\">Control<\/td>\n<td class=\"column-2\">Manual<\/td>\n<\/tr>\n<tr class=\"row-7\">\n<td class=\"column-1\">Recommended Device<\/td>\n<td class=\"column-2\">Magic FX Electric Confetti and Streamer Cannons<\/td>\n<\/tr>\n<tr class=\"row-8\">\n<td class=\"column-1\">Firing Distance<\/td>\n<td class=\"column-2\">12-20 m depending on the inserted device<\/td>\n<\/tr>\n<\/tbody>\n<\/table>\n","protected":false},"excerpt":{"rendered":"<p>Want to fire multiple confetti cannons at once but don&#8217;t know how? The CONFETTI GUN offers the solution! Robust appearance, maximum experience!<\/p>\n","protected":false},"featured_media":4960,"comment_status":"open","ping_status":"closed","template":"","meta":[],"product_brand":[],"product_cat":[178,481,533],"product_tag":[316,304,299,298],"class_list":{"0":"post-3796","1":"product","2":"type-product","3":"status-publish","4":"has-post-thumbnail","6":"product_cat-effekt","7":"product_cat-konfetti","8":"product_cat-konfetti-gepek","9":"product_tag-confetti-gun","10":"product_tag-effekt","11":"product_tag-konfetti","12":"product_tag-magic-fx","14":"first","15":"low_stock","16":"taxable","17":"shipping-taxable","18":"purchasable","19":"product-type-simple"},"yoast_head":"<!-- This site is optimized with the Yoast SEO Premium plugin v27.2 (Yoast SEO v27.2) - https:\/\/yoast.com\/product\/yoast-seo-premium-wordpress\/ -->\n<title>Confetti Gun for Stage Effects<\/title>\n<meta name=\"description\" content=\"Want to fire multiple confetti cannons at once but don&#039;t know how? The CONFETTI GUN offers the solution! Robust appearance, maximum experience!\" \/>\n<meta name=\"robots\" content=\"index, follow, max-snippet:-1, max-image-preview:large, max-video-preview:-1\" \/>\n<link rel=\"canonical\" href=\"http:\/\/Want%20to%20fire%20multiple%20confetti%20cannons%20at%20once%20but%20don't%20know%20how?%20The%20CONFETTI%20GUN%20offers%20the%20solution!%20Robust%20appearance,%20maximum%20experience!\" \/>\n<meta property=\"og:locale\" content=\"en_US\" \/>\n<meta property=\"og:type\" content=\"article\" \/>\n<meta property=\"og:title\" content=\"Confetti Gun for Stage Effects\" \/>\n<meta property=\"og:description\" content=\"Want to fire multiple confetti cannons at once but don&#039;t know how? The CONFETTI GUN offers the solution! Robust appearance, maximum experience!\" \/>\n<meta property=\"og:url\" content=\"https:\/\/stagezone.hu\/en\/product\/confetti-gun-for-stage-effects\/\" \/>\n<meta property=\"og:site_name\" content=\"StageZone\" \/>\n<meta property=\"article:publisher\" content=\"https:\/\/www.facebook.com\/stagezonehungary\/\" \/>\n<meta property=\"article:modified_time\" content=\"2026-05-04T18:56:42+00:00\" \/>\n<meta property=\"og:image\" content=\"https:\/\/stagezone.hu\/wp-content\/uploads\/2024\/10\/MAGICFX_CONFETTIGUN-01.jpg\" \/>\n\t<meta property=\"og:image:width\" content=\"1682\" \/>\n\t<meta property=\"og:image:height\" content=\"1682\" \/>\n\t<meta property=\"og:image:type\" content=\"image\/jpeg\" \/>\n<meta name=\"twitter:card\" content=\"summary_large_image\" \/>\n<meta name=\"twitter:label1\" content=\"Est. reading time\" \/>\n\t<meta name=\"twitter:data1\" content=\"1 minute\" \/>\n<script type=\"application\/ld+json\" class=\"yoast-schema-graph\">{\"@context\":\"https:\/\/schema.org\",\"@graph\":[{\"@type\":\"WebPage\",\"@id\":\"https:\/\/stagezone.hu\/en\/product\/confetti-gun-for-stage-effects\/\",\"url\":\"https:\/\/stagezone.hu\/en\/product\/confetti-gun-for-stage-effects\/\",\"name\":\"CONFETTI GUN - StageZone\",\"isPartOf\":{\"@id\":\"https:\/\/stagezone.hu\/#website\"},\"primaryImageOfPage\":{\"@id\":\"https:\/\/stagezone.hu\/en\/product\/confetti-gun-for-stage-effects\/#primaryimage\"},\"image\":{\"@id\":\"https:\/\/stagezone.hu\/en\/product\/confetti-gun-for-stage-effects\/#primaryimage\"},\"thumbnailUrl\":\"https:\/\/stagezone.hu\/wp-content\/uploads\/2024\/10\/MAGICFX_CONFETTIGUN-01.jpg\",\"datePublished\":\"2024-10-14T15:36:24+00:00\",\"dateModified\":\"2026-05-04T18:56:42+00:00\",\"description\":\"Konfetti \u00e1gy\u00fakat akarsz egyszerre els\u00fctni, de nem tudod hogyan? A megold\u00e1st a CONFETTI GUN k\u00edn\u00e1lja! Massz\u00edv megjelen\u00e9s, maxim\u00e1lis \u00e9lm\u00e9ny!\",\"breadcrumb\":{\"@id\":\"https:\/\/stagezone.hu\/en\/product\/confetti-gun-for-stage-effects\/#breadcrumb\"},\"inLanguage\":\"en-US\",\"potentialAction\":[{\"@type\":\"ReadAction\",\"target\":[\"https:\/\/stagezone.hu\/en\/product\/confetti-gun-for-stage-effects\/\"]}]},{\"@type\":\"ImageObject\",\"inLanguage\":\"en-US\",\"@id\":\"https:\/\/stagezone.hu\/en\/product\/confetti-gun-for-stage-effects\/#primaryimage\",\"url\":\"https:\/\/stagezone.hu\/wp-content\/uploads\/2024\/10\/MAGICFX_CONFETTIGUN-01.jpg\",\"contentUrl\":\"https:\/\/stagezone.hu\/wp-content\/uploads\/2024\/10\/MAGICFX_CONFETTIGUN-01.jpg\",\"width\":1682,\"height\":1682},{\"@type\":\"BreadcrumbList\",\"@id\":\"https:\/\/stagezone.hu\/en\/product\/confetti-gun-for-stage-effects\/#breadcrumb\",\"itemListElement\":[{\"@type\":\"ListItem\",\"position\":1,\"name\":\"Kezd\u0151lap\",\"item\":\"https:\/\/stagezone.hu\/\"},{\"@type\":\"ListItem\",\"position\":2,\"name\":\"\u00dczlet\",\"item\":\"https:\/\/stagezone.hu\/uzlet\/\"},{\"@type\":\"ListItem\",\"position\":3,\"name\":\"Confetti Gun for Stage Effects\"}]},{\"@type\":\"WebSite\",\"@id\":\"https:\/\/stagezone.hu\/en\/#website\",\"url\":\"https:\/\/stagezone.hu\/en\/\",\"name\":\"StageZone - Ragyogj a Stagezone min\u0151s\u00e9gi f\u00e9nytechnik\u00e1j\u00e1val.\",\"description\":\"StageZone\",\"publisher\":{\"@id\":\"https:\/\/stagezone.hu\/en\/#organization\"},\"potentialAction\":[{\"@type\":\"SearchAction\",\"target\":{\"@type\":\"EntryPoint\",\"urlTemplate\":\"https:\/\/stagezone.hu\/en\/?s={search_term_string}\"},\"query-input\":{\"@type\":\"PropertyValueSpecification\",\"valueRequired\":true,\"valueName\":\"search_term_string\"}}],\"inLanguage\":\"en-US\"},{\"@type\":\"Organization\",\"@id\":\"https:\/\/stagezone.hu\/en\/#organization\",\"name\":\"StageZone\",\"url\":\"https:\/\/stagezone.hu\/en\/\",\"logo\":{\"@type\":\"ImageObject\",\"inLanguage\":\"en-US\",\"@id\":\"https:\/\/stagezone.hu\/en\/#\/schema\/logo\/image\/\",\"url\":\"https:\/\/stagezone.hu\/wp-content\/uploads\/2026\/01\/Adam-Hall_1000x1000-1-1.png\",\"contentUrl\":\"https:\/\/stagezone.hu\/wp-content\/uploads\/2026\/01\/Adam-Hall_1000x1000-1-1.png\",\"width\":1000,\"height\":1000,\"caption\":\"StageZone\"},\"image\":{\"@id\":\"https:\/\/stagezone.hu\/en\/#\/schema\/logo\/image\/\"},\"sameAs\":[\"https:\/\/www.facebook.com\/stagezonehungary\/\",\"https:\/\/www.instagram.com\/stagezonehungary\/\"]}]}<\/script>\n<!-- \/ Yoast SEO Premium plugin. -->","yoast_head_json":{"title":"Confetti Gun for Stage Effects","description":"Want to fire multiple confetti cannons at once but don't know how? The CONFETTI GUN offers the solution! Robust appearance, maximum experience!","robots":{"index":"index","follow":"follow","max-snippet":"max-snippet:-1","max-image-preview":"max-image-preview:large","max-video-preview":"max-video-preview:-1"},"canonical":"Want to fire multiple confetti cannons at once but don't know how? The CONFETTI GUN offers the solution! Robust appearance, maximum experience!","og_locale":"en_US","og_type":"article","og_title":"Confetti Gun for Stage Effects","og_description":"Want to fire multiple confetti cannons at once but don't know how? The CONFETTI GUN offers the solution! Robust appearance, maximum experience!","og_url":"https:\/\/stagezone.hu\/en\/product\/confetti-gun-for-stage-effects\/","og_site_name":"StageZone","article_publisher":"https:\/\/www.facebook.com\/stagezonehungary\/","article_modified_time":"2026-05-04T18:56:42+00:00","og_image":[{"width":1682,"height":1682,"url":"https:\/\/stagezone.hu\/wp-content\/uploads\/2024\/10\/MAGICFX_CONFETTIGUN-01.jpg","type":"image\/jpeg"}],"twitter_card":"summary_large_image","twitter_misc":{"Est. reading time":"1 minute"},"schema":{"@context":"https:\/\/schema.org","@graph":[{"@type":"WebPage","@id":"https:\/\/stagezone.hu\/en\/product\/confetti-gun-for-stage-effects\/","url":"https:\/\/stagezone.hu\/en\/product\/confetti-gun-for-stage-effects\/","name":"CONFETTI GUN - StageZone","isPartOf":{"@id":"https:\/\/stagezone.hu\/#website"},"primaryImageOfPage":{"@id":"https:\/\/stagezone.hu\/en\/product\/confetti-gun-for-stage-effects\/#primaryimage"},"image":{"@id":"https:\/\/stagezone.hu\/en\/product\/confetti-gun-for-stage-effects\/#primaryimage"},"thumbnailUrl":"https:\/\/stagezone.hu\/wp-content\/uploads\/2024\/10\/MAGICFX_CONFETTIGUN-01.jpg","datePublished":"2024-10-14T15:36:24+00:00","dateModified":"2026-05-04T18:56:42+00:00","description":"Konfetti \u00e1gy\u00fakat akarsz egyszerre els\u00fctni, de nem tudod hogyan? A megold\u00e1st a CONFETTI GUN k\u00edn\u00e1lja! Massz\u00edv megjelen\u00e9s, maxim\u00e1lis \u00e9lm\u00e9ny!","breadcrumb":{"@id":"https:\/\/stagezone.hu\/en\/product\/confetti-gun-for-stage-effects\/#breadcrumb"},"inLanguage":"en-US","potentialAction":[{"@type":"ReadAction","target":["https:\/\/stagezone.hu\/en\/product\/confetti-gun-for-stage-effects\/"]}]},{"@type":"ImageObject","inLanguage":"en-US","@id":"https:\/\/stagezone.hu\/en\/product\/confetti-gun-for-stage-effects\/#primaryimage","url":"https:\/\/stagezone.hu\/wp-content\/uploads\/2024\/10\/MAGICFX_CONFETTIGUN-01.jpg","contentUrl":"https:\/\/stagezone.hu\/wp-content\/uploads\/2024\/10\/MAGICFX_CONFETTIGUN-01.jpg","width":1682,"height":1682},{"@type":"BreadcrumbList","@id":"https:\/\/stagezone.hu\/en\/product\/confetti-gun-for-stage-effects\/#breadcrumb","itemListElement":[{"@type":"ListItem","position":1,"name":"Kezd\u0151lap","item":"https:\/\/stagezone.hu\/"},{"@type":"ListItem","position":2,"name":"\u00dczlet","item":"https:\/\/stagezone.hu\/uzlet\/"},{"@type":"ListItem","position":3,"name":"Confetti Gun for Stage Effects"}]},{"@type":"WebSite","@id":"https:\/\/stagezone.hu\/en\/#website","url":"https:\/\/stagezone.hu\/en\/","name":"StageZone - Ragyogj a Stagezone min\u0151s\u00e9gi f\u00e9nytechnik\u00e1j\u00e1val.","description":"StageZone","publisher":{"@id":"https:\/\/stagezone.hu\/en\/#organization"},"potentialAction":[{"@type":"SearchAction","target":{"@type":"EntryPoint","urlTemplate":"https:\/\/stagezone.hu\/en\/?s={search_term_string}"},"query-input":{"@type":"PropertyValueSpecification","valueRequired":true,"valueName":"search_term_string"}}],"inLanguage":"en-US"},{"@type":"Organization","@id":"https:\/\/stagezone.hu\/en\/#organization","name":"StageZone","url":"https:\/\/stagezone.hu\/en\/","logo":{"@type":"ImageObject","inLanguage":"en-US","@id":"https:\/\/stagezone.hu\/en\/#\/schema\/logo\/image\/","url":"https:\/\/stagezone.hu\/wp-content\/uploads\/2026\/01\/Adam-Hall_1000x1000-1-1.png","contentUrl":"https:\/\/stagezone.hu\/wp-content\/uploads\/2026\/01\/Adam-Hall_1000x1000-1-1.png","width":1000,"height":1000,"caption":"StageZone"},"image":{"@id":"https:\/\/stagezone.hu\/en\/#\/schema\/logo\/image\/"},"sameAs":["https:\/\/www.facebook.com\/stagezonehungary\/","https:\/\/www.instagram.com\/stagezonehungary\/"]}]}},"_links":{"self":[{"href":"https:\/\/stagezone.hu\/en\/wp-json\/wp\/v2\/product\/3796","targetHints":{"allow":["GET"]}}],"collection":[{"href":"https:\/\/stagezone.hu\/en\/wp-json\/wp\/v2\/product"}],"about":[{"href":"https:\/\/stagezone.hu\/en\/wp-json\/wp\/v2\/types\/product"}],"replies":[{"embeddable":true,"href":"https:\/\/stagezone.hu\/en\/wp-json\/wp\/v2\/comments?post=3796"}],"version-history":[{"count":3,"href":"https:\/\/stagezone.hu\/en\/wp-json\/wp\/v2\/product\/3796\/revisions"}],"predecessor-version":[{"id":4966,"href":"https:\/\/stagezone.hu\/en\/wp-json\/wp\/v2\/product\/3796\/revisions\/4966"}],"wp:featuredmedia":[{"embeddable":true,"href":"https:\/\/stagezone.hu\/en\/wp-json\/wp\/v2\/media\/4960"}],"wp:attachment":[{"href":"https:\/\/stagezone.hu\/en\/wp-json\/wp\/v2\/media?parent=3796"}],"wp:term":[{"taxonomy":"product_brand","embeddable":true,"href":"https:\/\/stagezone.hu\/en\/wp-json\/wp\/v2\/product_brand?post=3796"},{"taxonomy":"product_cat","embeddable":true,"href":"https:\/\/stagezone.hu\/en\/wp-json\/wp\/v2\/product_cat?post=3796"},{"taxonomy":"product_tag","embeddable":true,"href":"https:\/\/stagezone.hu\/en\/wp-json\/wp\/v2\/product_tag?post=3796"}],"curies":[{"name":"wp","href":"https:\/\/api.w.org\/{rel}","templated":true}]}}