{"id":3764,"date":"2024-10-14T16:43:53","date_gmt":"2024-10-14T14:43:53","guid":{"rendered":"https:\/\/stagezone.hu\/?post_type=product&#038;p=3764"},"modified":"2026-05-05T22:33:27","modified_gmt":"2026-05-05T21:33:27","slug":"magic-fx-powershot-ii","status":"publish","type":"product","link":"https:\/\/stagezone.hu\/en\/product\/magic-fx-powershot-ii-electric-confetti-cannon-trigger\/","title":{"rendered":"Magic FX POWERSHOT II Electric Confetti Cannon Trigger"},"content":{"rendered":"<p>The POWERSHOT II is the latest generation of electric confetti cannon firing units. It features a more stable socket, an inclination angle indicator, and a feedback LED.<\/p>\n<p><strong>ATTENTION<\/strong>, the product packaging does not include a power cable!<\/p>\n<table id=\"tablepress-35\" class=\"tablepress tablepress-id-35\">\n<caption style=\"caption-side:bottom;text-align:left;border:none;background:none;margin:0;padding:0;\"><a href=\"https:\/\/stagezone.hu\/wp-admin\/admin.php?page=tablepress&#038;action=edit&#038;table_id=35\" rel=\"nofollow\">Edit<\/a><\/caption>\n<tbody class=\"row-striping row-hover\">\n<tr class=\"row-1\">\n<td class=\"column-1\">Length<\/td>\n<td class=\"column-2\">19 cm<\/td>\n<\/tr>\n<tr class=\"row-2\">\n<td class=\"column-1\">Width<\/td>\n<td class=\"column-2\">9 cm<\/td>\n<\/tr>\n<tr class=\"row-3\">\n<td class=\"column-1\">Height<\/td>\n<td class=\"column-2\">12.7 cm<\/td>\n<\/tr>\n<tr class=\"row-4\">\n<td class=\"column-1\">Weight<\/td>\n<td class=\"column-2\">1.7 kg<\/td>\n<\/tr>\n<tr class=\"row-5\">\n<td class=\"column-1\">Power Supply<\/td>\n<td class=\"column-2\">AC 240V, 50\/60 Hz<\/td>\n<\/tr>\n<tr class=\"row-6\">\n<td class=\"column-1\">Power Consumption<\/td>\n<td class=\"column-2\">120 W<\/td>\n<\/tr>\n<tr class=\"row-7\">\n<td class=\"column-1\">Control<\/td>\n<td class=\"column-2\">Direct on-off<\/td>\n<\/tr>\n<tr class=\"row-8\">\n<td class=\"column-1\">Recommended Device<\/td>\n<td class=\"column-2\">Magic FX electric confetti and streamer cannons<\/td>\n<\/tr>\n<\/tbody>\n<\/table>\n","protected":false},"excerpt":{"rendered":"<p>The POWERSHOT II firing unit is essential for electric confetti and streamer cannons. Insert your desired cannon and it&#8217;s ready for use.<\/p>\n","protected":false},"featured_media":4982,"comment_status":"open","ping_status":"closed","template":"","meta":[],"product_brand":[],"product_cat":[178,481,533],"product_tag":[318,298],"class_list":{"0":"post-3764","1":"product","2":"type-product","3":"status-publish","4":"has-post-thumbnail","6":"product_cat-effekt","7":"product_cat-konfetti","8":"product_cat-konfetti-gepek","9":"product_tag-co2","10":"product_tag-magic-fx","12":"first","13":"low_stock","14":"taxable","15":"shipping-taxable","16":"purchasable","17":"product-type-simple"},"yoast_head":"<!-- This site is optimized with the Yoast SEO Premium plugin v27.2 (Yoast SEO v27.2) - https:\/\/yoast.com\/product\/yoast-seo-premium-wordpress\/ -->\n<title>Magic FX POWERSHOT II Electric Confetti Cannon Trigger<\/title>\n<meta name=\"description\" content=\"The POWERSHOT II firing unit is essential for electric confetti and streamer cannons. Insert your desired cannon and it&#039;s ready for use.\" \/>\n<meta name=\"robots\" content=\"index, follow, max-snippet:-1, max-image-preview:large, max-video-preview:-1\" \/>\n<link rel=\"canonical\" href=\"http:\/\/The%20POWERSHOT%20II%20firing%20unit%20is%20essential%20for%20electric%20confetti%20and%20streamer%20cannons.%20Insert%20your%20desired%20cannon%20and%20it's%20ready%20for%20use.\" \/>\n<meta property=\"og:locale\" content=\"en_US\" \/>\n<meta property=\"og:type\" content=\"article\" \/>\n<meta property=\"og:title\" content=\"Magic FX POWERSHOT II Electric Confetti Cannon Trigger\" \/>\n<meta property=\"og:description\" content=\"The POWERSHOT II firing unit is essential for electric confetti and streamer cannons. Insert your desired cannon and it&#039;s ready for use.\" \/>\n<meta property=\"og:url\" content=\"https:\/\/stagezone.hu\/en\/product\/magic-fx-powershot-ii-electric-confetti-cannon-trigger\/\" \/>\n<meta property=\"og:site_name\" content=\"StageZone\" \/>\n<meta property=\"article:publisher\" content=\"https:\/\/www.facebook.com\/stagezonehungary\/\" \/>\n<meta property=\"article:modified_time\" content=\"2026-05-05T21:33:27+00:00\" \/>\n<meta property=\"og:image\" content=\"https:\/\/stagezone.hu\/wp-content\/uploads\/2024\/10\/MAGICFX_POWERSHOT-II-01.jpg\" \/>\n\t<meta property=\"og:image:width\" content=\"1682\" \/>\n\t<meta property=\"og:image:height\" content=\"1682\" \/>\n\t<meta property=\"og:image:type\" content=\"image\/jpeg\" \/>\n<meta name=\"twitter:card\" content=\"summary_large_image\" \/>\n<meta name=\"twitter:label1\" content=\"Est. reading time\" \/>\n\t<meta name=\"twitter:data1\" content=\"1 minute\" \/>\n<script type=\"application\/ld+json\" class=\"yoast-schema-graph\">{\"@context\":\"https:\/\/schema.org\",\"@graph\":[{\"@type\":\"WebPage\",\"@id\":\"https:\/\/stagezone.hu\/en\/product\/magic-fx-powershot-ii-electric-confetti-cannon-trigger\/\",\"url\":\"https:\/\/stagezone.hu\/en\/product\/magic-fx-powershot-ii-electric-confetti-cannon-trigger\/\",\"name\":\"POWERSHOT II - StageZone\",\"isPartOf\":{\"@id\":\"https:\/\/stagezone.hu\/#website\"},\"primaryImageOfPage\":{\"@id\":\"https:\/\/stagezone.hu\/en\/product\/magic-fx-powershot-ii-electric-confetti-cannon-trigger\/#primaryimage\"},\"image\":{\"@id\":\"https:\/\/stagezone.hu\/en\/product\/magic-fx-powershot-ii-electric-confetti-cannon-trigger\/#primaryimage\"},\"thumbnailUrl\":\"https:\/\/stagezone.hu\/wp-content\/uploads\/2024\/10\/MAGICFX_POWERSHOT-II-01.jpg\",\"datePublished\":\"2024-10-14T14:43:53+00:00\",\"dateModified\":\"2026-05-05T21:33:27+00:00\",\"description\":\"A POWERSHOT II els\u00fct\u0151 egys\u00e9g elengedhetetlen az elektromos konfetti- \u00e9s szalag\u00e1gy\u00fakhoz. Helyezd bele a k\u00edv\u00e1nt \u00e1gy\u00fat \u00e9s m\u00e1r k\u00e9szen is \u00e1ll a haszn\u00e1latra.\",\"breadcrumb\":{\"@id\":\"https:\/\/stagezone.hu\/en\/product\/magic-fx-powershot-ii-electric-confetti-cannon-trigger\/#breadcrumb\"},\"inLanguage\":\"en-US\",\"potentialAction\":[{\"@type\":\"ReadAction\",\"target\":[\"https:\/\/stagezone.hu\/en\/product\/magic-fx-powershot-ii-electric-confetti-cannon-trigger\/\"]}]},{\"@type\":\"ImageObject\",\"inLanguage\":\"en-US\",\"@id\":\"https:\/\/stagezone.hu\/en\/product\/magic-fx-powershot-ii-electric-confetti-cannon-trigger\/#primaryimage\",\"url\":\"https:\/\/stagezone.hu\/wp-content\/uploads\/2024\/10\/MAGICFX_POWERSHOT-II-01.jpg\",\"contentUrl\":\"https:\/\/stagezone.hu\/wp-content\/uploads\/2024\/10\/MAGICFX_POWERSHOT-II-01.jpg\",\"width\":1682,\"height\":1682},{\"@type\":\"BreadcrumbList\",\"@id\":\"https:\/\/stagezone.hu\/en\/product\/magic-fx-powershot-ii-electric-confetti-cannon-trigger\/#breadcrumb\",\"itemListElement\":[{\"@type\":\"ListItem\",\"position\":1,\"name\":\"Kezd\u0151lap\",\"item\":\"https:\/\/stagezone.hu\/\"},{\"@type\":\"ListItem\",\"position\":2,\"name\":\"\u00dczlet\",\"item\":\"https:\/\/stagezone.hu\/uzlet\/\"},{\"@type\":\"ListItem\",\"position\":3,\"name\":\"Magic FX POWERSHOT II Electric Confetti Cannon Trigger\"}]},{\"@type\":\"WebSite\",\"@id\":\"https:\/\/stagezone.hu\/en\/#website\",\"url\":\"https:\/\/stagezone.hu\/en\/\",\"name\":\"StageZone - Ragyogj a Stagezone min\u0151s\u00e9gi f\u00e9nytechnik\u00e1j\u00e1val.\",\"description\":\"StageZone\",\"publisher\":{\"@id\":\"https:\/\/stagezone.hu\/en\/#organization\"},\"potentialAction\":[{\"@type\":\"SearchAction\",\"target\":{\"@type\":\"EntryPoint\",\"urlTemplate\":\"https:\/\/stagezone.hu\/en\/?s={search_term_string}\"},\"query-input\":{\"@type\":\"PropertyValueSpecification\",\"valueRequired\":true,\"valueName\":\"search_term_string\"}}],\"inLanguage\":\"en-US\"},{\"@type\":\"Organization\",\"@id\":\"https:\/\/stagezone.hu\/en\/#organization\",\"name\":\"StageZone\",\"url\":\"https:\/\/stagezone.hu\/en\/\",\"logo\":{\"@type\":\"ImageObject\",\"inLanguage\":\"en-US\",\"@id\":\"https:\/\/stagezone.hu\/en\/#\/schema\/logo\/image\/\",\"url\":\"https:\/\/stagezone.hu\/wp-content\/uploads\/2026\/01\/Adam-Hall_1000x1000-1-1.png\",\"contentUrl\":\"https:\/\/stagezone.hu\/wp-content\/uploads\/2026\/01\/Adam-Hall_1000x1000-1-1.png\",\"width\":1000,\"height\":1000,\"caption\":\"StageZone\"},\"image\":{\"@id\":\"https:\/\/stagezone.hu\/en\/#\/schema\/logo\/image\/\"},\"sameAs\":[\"https:\/\/www.facebook.com\/stagezonehungary\/\",\"https:\/\/www.instagram.com\/stagezonehungary\/\"]}]}<\/script>\n<!-- \/ Yoast SEO Premium plugin. -->","yoast_head_json":{"title":"Magic FX POWERSHOT II Electric Confetti Cannon Trigger","description":"The POWERSHOT II firing unit is essential for electric confetti and streamer cannons. Insert your desired cannon and it's ready for use.","robots":{"index":"index","follow":"follow","max-snippet":"max-snippet:-1","max-image-preview":"max-image-preview:large","max-video-preview":"max-video-preview:-1"},"canonical":"The POWERSHOT II firing unit is essential for electric confetti and streamer cannons. Insert your desired cannon and it's ready for use.","og_locale":"en_US","og_type":"article","og_title":"Magic FX POWERSHOT II Electric Confetti Cannon Trigger","og_description":"The POWERSHOT II firing unit is essential for electric confetti and streamer cannons. Insert your desired cannon and it's ready for use.","og_url":"https:\/\/stagezone.hu\/en\/product\/magic-fx-powershot-ii-electric-confetti-cannon-trigger\/","og_site_name":"StageZone","article_publisher":"https:\/\/www.facebook.com\/stagezonehungary\/","article_modified_time":"2026-05-05T21:33:27+00:00","og_image":[{"width":1682,"height":1682,"url":"https:\/\/stagezone.hu\/wp-content\/uploads\/2024\/10\/MAGICFX_POWERSHOT-II-01.jpg","type":"image\/jpeg"}],"twitter_card":"summary_large_image","twitter_misc":{"Est. reading time":"1 minute"},"schema":{"@context":"https:\/\/schema.org","@graph":[{"@type":"WebPage","@id":"https:\/\/stagezone.hu\/en\/product\/magic-fx-powershot-ii-electric-confetti-cannon-trigger\/","url":"https:\/\/stagezone.hu\/en\/product\/magic-fx-powershot-ii-electric-confetti-cannon-trigger\/","name":"POWERSHOT II - StageZone","isPartOf":{"@id":"https:\/\/stagezone.hu\/#website"},"primaryImageOfPage":{"@id":"https:\/\/stagezone.hu\/en\/product\/magic-fx-powershot-ii-electric-confetti-cannon-trigger\/#primaryimage"},"image":{"@id":"https:\/\/stagezone.hu\/en\/product\/magic-fx-powershot-ii-electric-confetti-cannon-trigger\/#primaryimage"},"thumbnailUrl":"https:\/\/stagezone.hu\/wp-content\/uploads\/2024\/10\/MAGICFX_POWERSHOT-II-01.jpg","datePublished":"2024-10-14T14:43:53+00:00","dateModified":"2026-05-05T21:33:27+00:00","description":"A POWERSHOT II els\u00fct\u0151 egys\u00e9g elengedhetetlen az elektromos konfetti- \u00e9s szalag\u00e1gy\u00fakhoz. Helyezd bele a k\u00edv\u00e1nt \u00e1gy\u00fat \u00e9s m\u00e1r k\u00e9szen is \u00e1ll a haszn\u00e1latra.","breadcrumb":{"@id":"https:\/\/stagezone.hu\/en\/product\/magic-fx-powershot-ii-electric-confetti-cannon-trigger\/#breadcrumb"},"inLanguage":"en-US","potentialAction":[{"@type":"ReadAction","target":["https:\/\/stagezone.hu\/en\/product\/magic-fx-powershot-ii-electric-confetti-cannon-trigger\/"]}]},{"@type":"ImageObject","inLanguage":"en-US","@id":"https:\/\/stagezone.hu\/en\/product\/magic-fx-powershot-ii-electric-confetti-cannon-trigger\/#primaryimage","url":"https:\/\/stagezone.hu\/wp-content\/uploads\/2024\/10\/MAGICFX_POWERSHOT-II-01.jpg","contentUrl":"https:\/\/stagezone.hu\/wp-content\/uploads\/2024\/10\/MAGICFX_POWERSHOT-II-01.jpg","width":1682,"height":1682},{"@type":"BreadcrumbList","@id":"https:\/\/stagezone.hu\/en\/product\/magic-fx-powershot-ii-electric-confetti-cannon-trigger\/#breadcrumb","itemListElement":[{"@type":"ListItem","position":1,"name":"Kezd\u0151lap","item":"https:\/\/stagezone.hu\/"},{"@type":"ListItem","position":2,"name":"\u00dczlet","item":"https:\/\/stagezone.hu\/uzlet\/"},{"@type":"ListItem","position":3,"name":"Magic FX POWERSHOT II Electric Confetti Cannon Trigger"}]},{"@type":"WebSite","@id":"https:\/\/stagezone.hu\/en\/#website","url":"https:\/\/stagezone.hu\/en\/","name":"StageZone - Ragyogj a Stagezone min\u0151s\u00e9gi f\u00e9nytechnik\u00e1j\u00e1val.","description":"StageZone","publisher":{"@id":"https:\/\/stagezone.hu\/en\/#organization"},"potentialAction":[{"@type":"SearchAction","target":{"@type":"EntryPoint","urlTemplate":"https:\/\/stagezone.hu\/en\/?s={search_term_string}"},"query-input":{"@type":"PropertyValueSpecification","valueRequired":true,"valueName":"search_term_string"}}],"inLanguage":"en-US"},{"@type":"Organization","@id":"https:\/\/stagezone.hu\/en\/#organization","name":"StageZone","url":"https:\/\/stagezone.hu\/en\/","logo":{"@type":"ImageObject","inLanguage":"en-US","@id":"https:\/\/stagezone.hu\/en\/#\/schema\/logo\/image\/","url":"https:\/\/stagezone.hu\/wp-content\/uploads\/2026\/01\/Adam-Hall_1000x1000-1-1.png","contentUrl":"https:\/\/stagezone.hu\/wp-content\/uploads\/2026\/01\/Adam-Hall_1000x1000-1-1.png","width":1000,"height":1000,"caption":"StageZone"},"image":{"@id":"https:\/\/stagezone.hu\/en\/#\/schema\/logo\/image\/"},"sameAs":["https:\/\/www.facebook.com\/stagezonehungary\/","https:\/\/www.instagram.com\/stagezonehungary\/"]}]}},"_links":{"self":[{"href":"https:\/\/stagezone.hu\/en\/wp-json\/wp\/v2\/product\/3764","targetHints":{"allow":["GET"]}}],"collection":[{"href":"https:\/\/stagezone.hu\/en\/wp-json\/wp\/v2\/product"}],"about":[{"href":"https:\/\/stagezone.hu\/en\/wp-json\/wp\/v2\/types\/product"}],"replies":[{"embeddable":true,"href":"https:\/\/stagezone.hu\/en\/wp-json\/wp\/v2\/comments?post=3764"}],"version-history":[{"count":3,"href":"https:\/\/stagezone.hu\/en\/wp-json\/wp\/v2\/product\/3764\/revisions"}],"predecessor-version":[{"id":4453,"href":"https:\/\/stagezone.hu\/en\/wp-json\/wp\/v2\/product\/3764\/revisions\/4453"}],"wp:featuredmedia":[{"embeddable":true,"href":"https:\/\/stagezone.hu\/en\/wp-json\/wp\/v2\/media\/4982"}],"wp:attachment":[{"href":"https:\/\/stagezone.hu\/en\/wp-json\/wp\/v2\/media?parent=3764"}],"wp:term":[{"taxonomy":"product_brand","embeddable":true,"href":"https:\/\/stagezone.hu\/en\/wp-json\/wp\/v2\/product_brand?post=3764"},{"taxonomy":"product_cat","embeddable":true,"href":"https:\/\/stagezone.hu\/en\/wp-json\/wp\/v2\/product_cat?post=3764"},{"taxonomy":"product_tag","embeddable":true,"href":"https:\/\/stagezone.hu\/en\/wp-json\/wp\/v2\/product_tag?post=3764"}],"curies":[{"name":"wp","href":"https:\/\/api.w.org\/{rel}","templated":true}]}}