{"id":3752,"date":"2024-10-14T15:50:32","date_gmt":"2024-10-14T13:50:32","guid":{"rendered":"https:\/\/stagezone.hu\/?post_type=product&#038;p=3752"},"modified":"2026-05-05T21:02:44","modified_gmt":"2026-05-05T20:02:44","slug":"magic-fx-red-button","status":"publish","type":"product","link":"https:\/\/stagezone.hu\/en\/product\/magicfx-red-button\/","title":{"rendered":"MagicFX RED BUTTON"},"content":{"rendered":"<p><strong>MagicFX RED BUTTON<\/strong><\/p>\n<p>Press the MagicFX RED BUTTON to activate the effect! Designed for activating FX devices with a powerCON TRUE1 connector. Perfect for DJs, bars, and clubs for controlling the Powershot II.<\/p>\n<p><strong>ATTENTION<\/strong>, the product packaging does not include a power cable!<\/p>\n<p>MAGIC FX is a leading special effects (SFX) <a href=\"https:\/\/magicfx.com\/\">brand<\/a> based in the Netherlands, founded in 1995. Its core business is the design and manufacturing of high-quality, safe, and innovative equipment, such as confetti, CO\u2082, flame, and smoke machines for festivals, clubs, and large-scale concerts. The brand is known for its premium engineering solutions and sustainability efforts, including biodegradable confetti and environmentally friendly machines.<\/p>\n","protected":false},"excerpt":{"rendered":"<p>Activates FX devices with powerCON TRUE1, ideal for Powershot II control.<\/p>\n","protected":false},"featured_media":4990,"comment_status":"open","ping_status":"closed","template":"","meta":[],"product_brand":[],"product_cat":[455],"product_tag":[304,298],"class_list":{"0":"post-3752","1":"product","2":"type-product","3":"status-publish","4":"has-post-thumbnail","6":"product_cat-vezerlok","7":"product_tag-effekt","8":"product_tag-magic-fx","10":"first","11":"low_stock","12":"taxable","13":"shipping-taxable","14":"purchasable","15":"product-type-simple"},"yoast_head":"<!-- This site is optimized with the Yoast SEO Premium plugin v27.2 (Yoast SEO v27.2) - https:\/\/yoast.com\/product\/yoast-seo-premium-wordpress\/ -->\n<title>MagicFX RED BUTTON<\/title>\n<meta name=\"description\" content=\"Activates FX devices with powerCON TRUE1, ideal for Powershot II control.\" \/>\n<meta name=\"robots\" content=\"index, follow, max-snippet:-1, max-image-preview:large, max-video-preview:-1\" \/>\n<link rel=\"canonical\" href=\"http:\/\/Activates%20FX%20devices%20with%20powerCON%20TRUE1,%20ideal%20for%20Powershot%20II%20control.\" \/>\n<meta property=\"og:locale\" content=\"en_US\" \/>\n<meta property=\"og:type\" content=\"article\" \/>\n<meta property=\"og:title\" content=\"MagicFX RED BUTTON\" \/>\n<meta property=\"og:description\" content=\"Activates FX devices with powerCON TRUE1, ideal for Powershot II control.\" \/>\n<meta property=\"og:url\" content=\"https:\/\/stagezone.hu\/en\/product\/magicfx-red-button\/\" \/>\n<meta property=\"og:site_name\" content=\"StageZone\" \/>\n<meta property=\"article:publisher\" content=\"https:\/\/www.facebook.com\/stagezonehungary\/\" \/>\n<meta property=\"article:modified_time\" content=\"2026-05-05T20:02:44+00:00\" \/>\n<meta property=\"og:image\" content=\"https:\/\/stagezone.hu\/wp-content\/uploads\/2024\/10\/MAGICFX_RED-BUTTON-01-scaled.jpg\" \/>\n\t<meta property=\"og:image:width\" content=\"2560\" \/>\n\t<meta property=\"og:image:height\" content=\"2560\" \/>\n\t<meta property=\"og:image:type\" content=\"image\/jpeg\" \/>\n<meta name=\"twitter:card\" content=\"summary_large_image\" \/>\n<meta name=\"twitter:label1\" content=\"Est. reading time\" \/>\n\t<meta name=\"twitter:data1\" content=\"1 minute\" \/>\n<script type=\"application\/ld+json\" class=\"yoast-schema-graph\">{\"@context\":\"https:\/\/schema.org\",\"@graph\":[{\"@type\":\"WebPage\",\"@id\":\"https:\/\/stagezone.hu\/en\/product\/magicfx-red-button\/\",\"url\":\"https:\/\/stagezone.hu\/en\/product\/magicfx-red-button\/\",\"name\":\"MagicFX RED BUTTON - StageZone\",\"isPartOf\":{\"@id\":\"https:\/\/stagezone.hu\/#website\"},\"primaryImageOfPage\":{\"@id\":\"https:\/\/stagezone.hu\/en\/product\/magicfx-red-button\/#primaryimage\"},\"image\":{\"@id\":\"https:\/\/stagezone.hu\/en\/product\/magicfx-red-button\/#primaryimage\"},\"thumbnailUrl\":\"https:\/\/stagezone.hu\/wp-content\/uploads\/2024\/10\/MAGICFX_RED-BUTTON-01-scaled.jpg\",\"datePublished\":\"2024-10-14T13:50:32+00:00\",\"dateModified\":\"2026-05-05T20:02:44+00:00\",\"description\":\"A MagicFX Red Button seg\u00edts\u00e9g\u00e9vel igazi akci\u00f3filmben \u00e9rezheted magad! K\u00f6sd \u00f6ssze a k\u00edv\u00e1nt effektg\u00e9ppel \u00e9s a megfelel\u0151 pillanatban aktiv\u00e1ld azt.\",\"breadcrumb\":{\"@id\":\"https:\/\/stagezone.hu\/en\/product\/magicfx-red-button\/#breadcrumb\"},\"inLanguage\":\"en-US\",\"potentialAction\":[{\"@type\":\"ReadAction\",\"target\":[\"https:\/\/stagezone.hu\/en\/product\/magicfx-red-button\/\"]}]},{\"@type\":\"ImageObject\",\"inLanguage\":\"en-US\",\"@id\":\"https:\/\/stagezone.hu\/en\/product\/magicfx-red-button\/#primaryimage\",\"url\":\"https:\/\/stagezone.hu\/wp-content\/uploads\/2024\/10\/MAGICFX_RED-BUTTON-01-scaled.jpg\",\"contentUrl\":\"https:\/\/stagezone.hu\/wp-content\/uploads\/2024\/10\/MAGICFX_RED-BUTTON-01-scaled.jpg\",\"width\":2560,\"height\":2560,\"caption\":\"MagicFX RED BUTTON\"},{\"@type\":\"BreadcrumbList\",\"@id\":\"https:\/\/stagezone.hu\/en\/product\/magicfx-red-button\/#breadcrumb\",\"itemListElement\":[{\"@type\":\"ListItem\",\"position\":1,\"name\":\"Kezd\u0151lap\",\"item\":\"https:\/\/stagezone.hu\/\"},{\"@type\":\"ListItem\",\"position\":2,\"name\":\"\u00dczlet\",\"item\":\"https:\/\/stagezone.hu\/uzlet\/\"},{\"@type\":\"ListItem\",\"position\":3,\"name\":\"MagicFX RED BUTTON\"}]},{\"@type\":\"WebSite\",\"@id\":\"https:\/\/stagezone.hu\/en\/#website\",\"url\":\"https:\/\/stagezone.hu\/en\/\",\"name\":\"StageZone - Ragyogj a Stagezone min\u0151s\u00e9gi f\u00e9nytechnik\u00e1j\u00e1val.\",\"description\":\"StageZone\",\"publisher\":{\"@id\":\"https:\/\/stagezone.hu\/en\/#organization\"},\"potentialAction\":[{\"@type\":\"SearchAction\",\"target\":{\"@type\":\"EntryPoint\",\"urlTemplate\":\"https:\/\/stagezone.hu\/en\/?s={search_term_string}\"},\"query-input\":{\"@type\":\"PropertyValueSpecification\",\"valueRequired\":true,\"valueName\":\"search_term_string\"}}],\"inLanguage\":\"en-US\"},{\"@type\":\"Organization\",\"@id\":\"https:\/\/stagezone.hu\/en\/#organization\",\"name\":\"StageZone\",\"url\":\"https:\/\/stagezone.hu\/en\/\",\"logo\":{\"@type\":\"ImageObject\",\"inLanguage\":\"en-US\",\"@id\":\"https:\/\/stagezone.hu\/en\/#\/schema\/logo\/image\/\",\"url\":\"https:\/\/stagezone.hu\/wp-content\/uploads\/2026\/01\/Adam-Hall_1000x1000-1-1.png\",\"contentUrl\":\"https:\/\/stagezone.hu\/wp-content\/uploads\/2026\/01\/Adam-Hall_1000x1000-1-1.png\",\"width\":1000,\"height\":1000,\"caption\":\"StageZone\"},\"image\":{\"@id\":\"https:\/\/stagezone.hu\/en\/#\/schema\/logo\/image\/\"},\"sameAs\":[\"https:\/\/www.facebook.com\/stagezonehungary\/\",\"https:\/\/www.instagram.com\/stagezonehungary\/\"]}]}<\/script>\n<!-- \/ Yoast SEO Premium plugin. -->","yoast_head_json":{"title":"MagicFX RED BUTTON","description":"Activates FX devices with powerCON TRUE1, ideal for Powershot II control.","robots":{"index":"index","follow":"follow","max-snippet":"max-snippet:-1","max-image-preview":"max-image-preview:large","max-video-preview":"max-video-preview:-1"},"canonical":"Activates FX devices with powerCON TRUE1, ideal for Powershot II control.","og_locale":"en_US","og_type":"article","og_title":"MagicFX RED BUTTON","og_description":"Activates FX devices with powerCON TRUE1, ideal for Powershot II control.","og_url":"https:\/\/stagezone.hu\/en\/product\/magicfx-red-button\/","og_site_name":"StageZone","article_publisher":"https:\/\/www.facebook.com\/stagezonehungary\/","article_modified_time":"2026-05-05T20:02:44+00:00","og_image":[{"width":2560,"height":2560,"url":"https:\/\/stagezone.hu\/wp-content\/uploads\/2024\/10\/MAGICFX_RED-BUTTON-01-scaled.jpg","type":"image\/jpeg"}],"twitter_card":"summary_large_image","twitter_misc":{"Est. reading time":"1 minute"},"schema":{"@context":"https:\/\/schema.org","@graph":[{"@type":"WebPage","@id":"https:\/\/stagezone.hu\/en\/product\/magicfx-red-button\/","url":"https:\/\/stagezone.hu\/en\/product\/magicfx-red-button\/","name":"MagicFX RED BUTTON - StageZone","isPartOf":{"@id":"https:\/\/stagezone.hu\/#website"},"primaryImageOfPage":{"@id":"https:\/\/stagezone.hu\/en\/product\/magicfx-red-button\/#primaryimage"},"image":{"@id":"https:\/\/stagezone.hu\/en\/product\/magicfx-red-button\/#primaryimage"},"thumbnailUrl":"https:\/\/stagezone.hu\/wp-content\/uploads\/2024\/10\/MAGICFX_RED-BUTTON-01-scaled.jpg","datePublished":"2024-10-14T13:50:32+00:00","dateModified":"2026-05-05T20:02:44+00:00","description":"A MagicFX Red Button seg\u00edts\u00e9g\u00e9vel igazi akci\u00f3filmben \u00e9rezheted magad! K\u00f6sd \u00f6ssze a k\u00edv\u00e1nt effektg\u00e9ppel \u00e9s a megfelel\u0151 pillanatban aktiv\u00e1ld azt.","breadcrumb":{"@id":"https:\/\/stagezone.hu\/en\/product\/magicfx-red-button\/#breadcrumb"},"inLanguage":"en-US","potentialAction":[{"@type":"ReadAction","target":["https:\/\/stagezone.hu\/en\/product\/magicfx-red-button\/"]}]},{"@type":"ImageObject","inLanguage":"en-US","@id":"https:\/\/stagezone.hu\/en\/product\/magicfx-red-button\/#primaryimage","url":"https:\/\/stagezone.hu\/wp-content\/uploads\/2024\/10\/MAGICFX_RED-BUTTON-01-scaled.jpg","contentUrl":"https:\/\/stagezone.hu\/wp-content\/uploads\/2024\/10\/MAGICFX_RED-BUTTON-01-scaled.jpg","width":2560,"height":2560,"caption":"MagicFX RED BUTTON"},{"@type":"BreadcrumbList","@id":"https:\/\/stagezone.hu\/en\/product\/magicfx-red-button\/#breadcrumb","itemListElement":[{"@type":"ListItem","position":1,"name":"Kezd\u0151lap","item":"https:\/\/stagezone.hu\/"},{"@type":"ListItem","position":2,"name":"\u00dczlet","item":"https:\/\/stagezone.hu\/uzlet\/"},{"@type":"ListItem","position":3,"name":"MagicFX RED BUTTON"}]},{"@type":"WebSite","@id":"https:\/\/stagezone.hu\/en\/#website","url":"https:\/\/stagezone.hu\/en\/","name":"StageZone - Ragyogj a Stagezone min\u0151s\u00e9gi f\u00e9nytechnik\u00e1j\u00e1val.","description":"StageZone","publisher":{"@id":"https:\/\/stagezone.hu\/en\/#organization"},"potentialAction":[{"@type":"SearchAction","target":{"@type":"EntryPoint","urlTemplate":"https:\/\/stagezone.hu\/en\/?s={search_term_string}"},"query-input":{"@type":"PropertyValueSpecification","valueRequired":true,"valueName":"search_term_string"}}],"inLanguage":"en-US"},{"@type":"Organization","@id":"https:\/\/stagezone.hu\/en\/#organization","name":"StageZone","url":"https:\/\/stagezone.hu\/en\/","logo":{"@type":"ImageObject","inLanguage":"en-US","@id":"https:\/\/stagezone.hu\/en\/#\/schema\/logo\/image\/","url":"https:\/\/stagezone.hu\/wp-content\/uploads\/2026\/01\/Adam-Hall_1000x1000-1-1.png","contentUrl":"https:\/\/stagezone.hu\/wp-content\/uploads\/2026\/01\/Adam-Hall_1000x1000-1-1.png","width":1000,"height":1000,"caption":"StageZone"},"image":{"@id":"https:\/\/stagezone.hu\/en\/#\/schema\/logo\/image\/"},"sameAs":["https:\/\/www.facebook.com\/stagezonehungary\/","https:\/\/www.instagram.com\/stagezonehungary\/"]}]}},"_links":{"self":[{"href":"https:\/\/stagezone.hu\/en\/wp-json\/wp\/v2\/product\/3752","targetHints":{"allow":["GET"]}}],"collection":[{"href":"https:\/\/stagezone.hu\/en\/wp-json\/wp\/v2\/product"}],"about":[{"href":"https:\/\/stagezone.hu\/en\/wp-json\/wp\/v2\/types\/product"}],"replies":[{"embeddable":true,"href":"https:\/\/stagezone.hu\/en\/wp-json\/wp\/v2\/comments?post=3752"}],"version-history":[{"count":10,"href":"https:\/\/stagezone.hu\/en\/wp-json\/wp\/v2\/product\/3752\/revisions"}],"predecessor-version":[{"id":10313,"href":"https:\/\/stagezone.hu\/en\/wp-json\/wp\/v2\/product\/3752\/revisions\/10313"}],"wp:featuredmedia":[{"embeddable":true,"href":"https:\/\/stagezone.hu\/en\/wp-json\/wp\/v2\/media\/4990"}],"wp:attachment":[{"href":"https:\/\/stagezone.hu\/en\/wp-json\/wp\/v2\/media?parent=3752"}],"wp:term":[{"taxonomy":"product_brand","embeddable":true,"href":"https:\/\/stagezone.hu\/en\/wp-json\/wp\/v2\/product_brand?post=3752"},{"taxonomy":"product_cat","embeddable":true,"href":"https:\/\/stagezone.hu\/en\/wp-json\/wp\/v2\/product_cat?post=3752"},{"taxonomy":"product_tag","embeddable":true,"href":"https:\/\/stagezone.hu\/en\/wp-json\/wp\/v2\/product_tag?post=3752"}],"curies":[{"name":"wp","href":"https:\/\/api.w.org\/{rel}","templated":true}]}}