{"id":3740,"date":"2024-10-14T15:35:25","date_gmt":"2024-10-14T13:35:25","guid":{"rendered":"https:\/\/stagezone.hu\/?post_type=product&#038;p=3740"},"modified":"2026-05-05T22:33:34","modified_gmt":"2026-05-05T21:33:34","slug":"magic-fx-smokejet","status":"publish","type":"product","link":"https:\/\/stagezone.hu\/en\/product\/magic-fx-smokejet-smoke-machine\/","title":{"rendered":"Magic FX SMOKEJET Smoke Machine"},"content":{"rendered":"<p>&nbsp;<\/p>\n<p>The Magic FX SMOKEJET is an essential accessory for a truly impactful party. Its robust yet sleek design fits perfectly into any installation. It can be controlled via DMX or with the included remote control. We recommend this device for professional use!<\/p>\n<p><strong>ATTENTION<\/strong>, the product packaging does not include a power cable!<\/p>\n\n<table id=\"tablepress-33\" class=\"tablepress tablepress-id-33\">\n<tbody class=\"row-striping row-hover\">\n<tr class=\"row-1\">\n\t<td class=\"column-1\">Hossz\u00fas\u00e1g<\/td><td class=\"column-2\">34,5 cm<\/td>\n<\/tr>\n<tr class=\"row-2\">\n\t<td class=\"column-1\">Sz\u00e9less\u00e9g<\/td><td class=\"column-2\">19,3 cm<\/td>\n<\/tr>\n<tr class=\"row-3\">\n\t<td class=\"column-1\">Magass\u00e1g<\/td><td class=\"column-2\">38,6 cm<\/td>\n<\/tr>\n<tr class=\"row-4\">\n\t<td class=\"column-1\">S\u00faly<\/td><td class=\"column-2\">11,1 kg<\/td>\n<\/tr>\n<tr class=\"row-5\">\n\t<td class=\"column-1\">T\u00e1pegys\u00e9g<\/td><td class=\"column-2\">AC 230V, 50\/60 Hz<\/td>\n<\/tr>\n<tr class=\"row-6\">\n\t<td class=\"column-1\">\u00c1ramfelv\u00e9tel<\/td><td class=\"column-2\">1420 W<\/td>\n<\/tr>\n<tr class=\"row-7\">\n\t<td class=\"column-1\">Vez\u00e9rl\u00e9s<\/td><td class=\"column-2\">DMX\/k\u00e9zi\/automata<\/td>\n<\/tr>\n<tr class=\"row-8\">\n\t<td class=\"column-1\">DMX csatorna<\/td><td class=\"column-2\">9<\/td>\n<\/tr>\n<tr class=\"row-9\">\n\t<td class=\"column-1\">Aj\u00e1nlott folyad\u00e9k<\/td><td class=\"column-2\">MAGIC FX Smokejet Fluid<\/td>\n<\/tr>\n<tr class=\"row-10\">\n\t<td class=\"column-1\">Fogyaszt\u00e1s<\/td><td class=\"column-2\">2,5 ml\/mp<\/td>\n<\/tr>\n<tr class=\"row-11\">\n\t<td class=\"column-1\">Kil\u00f6v\u00e9si t\u00e1vols\u00e1g<\/td><td class=\"column-2\">10 m<\/td>\n<\/tr>\n<tr class=\"row-12\">\n\t<td class=\"column-1\">Tart\u00e1ly<\/td><td class=\"column-2\">2,5 l<\/td>\n<\/tr>\n<\/tbody>\n<\/table>\n<!-- #tablepress-33 from cache -->\n","protected":false},"excerpt":{"rendered":"<p>The Magic FX Smokejet can blow smoke upwards, downwards, or even sideways. Its launch distance can reach up to 10 meters, guaranteeing a captivating visual effect.<\/p>\n","protected":false},"featured_media":4995,"comment_status":"open","ping_status":"closed","template":"","meta":[],"product_brand":[],"product_cat":[178,185],"product_tag":[298],"class_list":{"0":"post-3740","1":"product","2":"type-product","3":"status-publish","4":"has-post-thumbnail","6":"product_cat-effekt","7":"product_cat-fustgep","8":"product_tag-magic-fx","10":"first","11":"low_stock","12":"taxable","13":"shipping-taxable","14":"purchasable","15":"product-type-simple"},"yoast_head":"<!-- This site is optimized with the Yoast SEO Premium plugin v27.2 (Yoast SEO v27.2) - https:\/\/yoast.com\/product\/yoast-seo-premium-wordpress\/ -->\n<title>Magic FX SMOKEJET Smoke Machine<\/title>\n<meta name=\"description\" content=\"The Magic FX Smokejet can blow smoke upwards, downwards, or even sideways. Its launch distance can reach up to 10 meters, guaranteeing a captivating visual effect.\" \/>\n<meta name=\"robots\" content=\"index, follow, max-snippet:-1, max-image-preview:large, max-video-preview:-1\" \/>\n<link rel=\"canonical\" href=\"http:\/\/The%20Magic%20FX%20Smokejet%20can%20blow%20smoke%20upwards,%20downwards,%20or%20even%20sideways.%20Its%20launch%20distance%20can%20reach%20up%20to%2010%20meters,%20guaranteeing%20a%20captivating%20visual%20effect.\" \/>\n<meta property=\"og:locale\" content=\"en_US\" \/>\n<meta property=\"og:type\" content=\"article\" \/>\n<meta property=\"og:title\" content=\"Magic FX SMOKEJET Smoke Machine\" \/>\n<meta property=\"og:description\" content=\"The Magic FX Smokejet can blow smoke upwards, downwards, or even sideways. Its launch distance can reach up to 10 meters, guaranteeing a captivating visual effect.\" \/>\n<meta property=\"og:url\" content=\"https:\/\/stagezone.hu\/en\/product\/magic-fx-smokejet-smoke-machine\/\" \/>\n<meta property=\"og:site_name\" content=\"StageZone\" \/>\n<meta property=\"article:publisher\" content=\"https:\/\/www.facebook.com\/stagezonehungary\/\" \/>\n<meta property=\"article:modified_time\" content=\"2026-05-05T21:33:34+00:00\" \/>\n<meta property=\"og:image\" content=\"https:\/\/stagezone.hu\/wp-content\/uploads\/2024\/10\/MAGICFX-Smokejet01.jpg\" \/>\n\t<meta property=\"og:image:width\" content=\"1000\" \/>\n\t<meta property=\"og:image:height\" content=\"1000\" \/>\n\t<meta property=\"og:image:type\" content=\"image\/jpeg\" \/>\n<meta name=\"twitter:card\" content=\"summary_large_image\" \/>\n<meta name=\"twitter:label1\" content=\"Est. reading time\" \/>\n\t<meta name=\"twitter:data1\" content=\"1 minute\" \/>\n<script type=\"application\/ld+json\" class=\"yoast-schema-graph\">{\"@context\":\"https:\/\/schema.org\",\"@graph\":[{\"@type\":\"WebPage\",\"@id\":\"https:\/\/stagezone.hu\/en\/product\/magic-fx-smokejet-smoke-machine\/\",\"url\":\"https:\/\/stagezone.hu\/en\/product\/magic-fx-smokejet-smoke-machine\/\",\"name\":\"SMOKEJET - StageZone\",\"isPartOf\":{\"@id\":\"https:\/\/stagezone.hu\/#website\"},\"primaryImageOfPage\":{\"@id\":\"https:\/\/stagezone.hu\/en\/product\/magic-fx-smokejet-smoke-machine\/#primaryimage\"},\"image\":{\"@id\":\"https:\/\/stagezone.hu\/en\/product\/magic-fx-smokejet-smoke-machine\/#primaryimage\"},\"thumbnailUrl\":\"https:\/\/stagezone.hu\/wp-content\/uploads\/2024\/10\/MAGICFX-Smokejet01.jpg\",\"datePublished\":\"2024-10-14T13:35:25+00:00\",\"dateModified\":\"2026-05-05T21:33:34+00:00\",\"description\":\"A Magic FX Smokejet felfel\u00e9, lefel\u00e9, ak\u00e1r oldalra is k\u00e9pes f\u00fcst\u00f6t f\u00fajni. Kil\u00f6v\u00e9si t\u00e1vols\u00e1ga el\u00e9rheti a 10 m\u00e9tert, mely garant\u00e1lja a lebilincsel\u0151 l\u00e1tv\u00e1nyt.\",\"breadcrumb\":{\"@id\":\"https:\/\/stagezone.hu\/en\/product\/magic-fx-smokejet-smoke-machine\/#breadcrumb\"},\"inLanguage\":\"en-US\",\"potentialAction\":[{\"@type\":\"ReadAction\",\"target\":[\"https:\/\/stagezone.hu\/en\/product\/magic-fx-smokejet-smoke-machine\/\"]}]},{\"@type\":\"ImageObject\",\"inLanguage\":\"en-US\",\"@id\":\"https:\/\/stagezone.hu\/en\/product\/magic-fx-smokejet-smoke-machine\/#primaryimage\",\"url\":\"https:\/\/stagezone.hu\/wp-content\/uploads\/2024\/10\/MAGICFX-Smokejet01.jpg\",\"contentUrl\":\"https:\/\/stagezone.hu\/wp-content\/uploads\/2024\/10\/MAGICFX-Smokejet01.jpg\",\"width\":1000,\"height\":1000},{\"@type\":\"BreadcrumbList\",\"@id\":\"https:\/\/stagezone.hu\/en\/product\/magic-fx-smokejet-smoke-machine\/#breadcrumb\",\"itemListElement\":[{\"@type\":\"ListItem\",\"position\":1,\"name\":\"Kezd\u0151lap\",\"item\":\"https:\/\/stagezone.hu\/\"},{\"@type\":\"ListItem\",\"position\":2,\"name\":\"\u00dczlet\",\"item\":\"https:\/\/stagezone.hu\/uzlet\/\"},{\"@type\":\"ListItem\",\"position\":3,\"name\":\"Magic FX SMOKEJET Smoke Machine\"}]},{\"@type\":\"WebSite\",\"@id\":\"https:\/\/stagezone.hu\/en\/#website\",\"url\":\"https:\/\/stagezone.hu\/en\/\",\"name\":\"StageZone - Ragyogj a Stagezone min\u0151s\u00e9gi f\u00e9nytechnik\u00e1j\u00e1val.\",\"description\":\"StageZone\",\"publisher\":{\"@id\":\"https:\/\/stagezone.hu\/en\/#organization\"},\"potentialAction\":[{\"@type\":\"SearchAction\",\"target\":{\"@type\":\"EntryPoint\",\"urlTemplate\":\"https:\/\/stagezone.hu\/en\/?s={search_term_string}\"},\"query-input\":{\"@type\":\"PropertyValueSpecification\",\"valueRequired\":true,\"valueName\":\"search_term_string\"}}],\"inLanguage\":\"en-US\"},{\"@type\":\"Organization\",\"@id\":\"https:\/\/stagezone.hu\/en\/#organization\",\"name\":\"StageZone\",\"url\":\"https:\/\/stagezone.hu\/en\/\",\"logo\":{\"@type\":\"ImageObject\",\"inLanguage\":\"en-US\",\"@id\":\"https:\/\/stagezone.hu\/en\/#\/schema\/logo\/image\/\",\"url\":\"https:\/\/stagezone.hu\/wp-content\/uploads\/2026\/01\/Adam-Hall_1000x1000-1-1.png\",\"contentUrl\":\"https:\/\/stagezone.hu\/wp-content\/uploads\/2026\/01\/Adam-Hall_1000x1000-1-1.png\",\"width\":1000,\"height\":1000,\"caption\":\"StageZone\"},\"image\":{\"@id\":\"https:\/\/stagezone.hu\/en\/#\/schema\/logo\/image\/\"},\"sameAs\":[\"https:\/\/www.facebook.com\/stagezonehungary\/\",\"https:\/\/www.instagram.com\/stagezonehungary\/\"]}]}<\/script>\n<!-- \/ Yoast SEO Premium plugin. -->","yoast_head_json":{"title":"Magic FX SMOKEJET Smoke Machine","description":"The Magic FX Smokejet can blow smoke upwards, downwards, or even sideways. Its launch distance can reach up to 10 meters, guaranteeing a captivating visual effect.","robots":{"index":"index","follow":"follow","max-snippet":"max-snippet:-1","max-image-preview":"max-image-preview:large","max-video-preview":"max-video-preview:-1"},"canonical":"The Magic FX Smokejet can blow smoke upwards, downwards, or even sideways. Its launch distance can reach up to 10 meters, guaranteeing a captivating visual effect.","og_locale":"en_US","og_type":"article","og_title":"Magic FX SMOKEJET Smoke Machine","og_description":"The Magic FX Smokejet can blow smoke upwards, downwards, or even sideways. Its launch distance can reach up to 10 meters, guaranteeing a captivating visual effect.","og_url":"https:\/\/stagezone.hu\/en\/product\/magic-fx-smokejet-smoke-machine\/","og_site_name":"StageZone","article_publisher":"https:\/\/www.facebook.com\/stagezonehungary\/","article_modified_time":"2026-05-05T21:33:34+00:00","og_image":[{"width":1000,"height":1000,"url":"https:\/\/stagezone.hu\/wp-content\/uploads\/2024\/10\/MAGICFX-Smokejet01.jpg","type":"image\/jpeg"}],"twitter_card":"summary_large_image","twitter_misc":{"Est. reading time":"1 minute"},"schema":{"@context":"https:\/\/schema.org","@graph":[{"@type":"WebPage","@id":"https:\/\/stagezone.hu\/en\/product\/magic-fx-smokejet-smoke-machine\/","url":"https:\/\/stagezone.hu\/en\/product\/magic-fx-smokejet-smoke-machine\/","name":"SMOKEJET - StageZone","isPartOf":{"@id":"https:\/\/stagezone.hu\/#website"},"primaryImageOfPage":{"@id":"https:\/\/stagezone.hu\/en\/product\/magic-fx-smokejet-smoke-machine\/#primaryimage"},"image":{"@id":"https:\/\/stagezone.hu\/en\/product\/magic-fx-smokejet-smoke-machine\/#primaryimage"},"thumbnailUrl":"https:\/\/stagezone.hu\/wp-content\/uploads\/2024\/10\/MAGICFX-Smokejet01.jpg","datePublished":"2024-10-14T13:35:25+00:00","dateModified":"2026-05-05T21:33:34+00:00","description":"A Magic FX Smokejet felfel\u00e9, lefel\u00e9, ak\u00e1r oldalra is k\u00e9pes f\u00fcst\u00f6t f\u00fajni. Kil\u00f6v\u00e9si t\u00e1vols\u00e1ga el\u00e9rheti a 10 m\u00e9tert, mely garant\u00e1lja a lebilincsel\u0151 l\u00e1tv\u00e1nyt.","breadcrumb":{"@id":"https:\/\/stagezone.hu\/en\/product\/magic-fx-smokejet-smoke-machine\/#breadcrumb"},"inLanguage":"en-US","potentialAction":[{"@type":"ReadAction","target":["https:\/\/stagezone.hu\/en\/product\/magic-fx-smokejet-smoke-machine\/"]}]},{"@type":"ImageObject","inLanguage":"en-US","@id":"https:\/\/stagezone.hu\/en\/product\/magic-fx-smokejet-smoke-machine\/#primaryimage","url":"https:\/\/stagezone.hu\/wp-content\/uploads\/2024\/10\/MAGICFX-Smokejet01.jpg","contentUrl":"https:\/\/stagezone.hu\/wp-content\/uploads\/2024\/10\/MAGICFX-Smokejet01.jpg","width":1000,"height":1000},{"@type":"BreadcrumbList","@id":"https:\/\/stagezone.hu\/en\/product\/magic-fx-smokejet-smoke-machine\/#breadcrumb","itemListElement":[{"@type":"ListItem","position":1,"name":"Kezd\u0151lap","item":"https:\/\/stagezone.hu\/"},{"@type":"ListItem","position":2,"name":"\u00dczlet","item":"https:\/\/stagezone.hu\/uzlet\/"},{"@type":"ListItem","position":3,"name":"Magic FX SMOKEJET Smoke Machine"}]},{"@type":"WebSite","@id":"https:\/\/stagezone.hu\/en\/#website","url":"https:\/\/stagezone.hu\/en\/","name":"StageZone - Ragyogj a Stagezone min\u0151s\u00e9gi f\u00e9nytechnik\u00e1j\u00e1val.","description":"StageZone","publisher":{"@id":"https:\/\/stagezone.hu\/en\/#organization"},"potentialAction":[{"@type":"SearchAction","target":{"@type":"EntryPoint","urlTemplate":"https:\/\/stagezone.hu\/en\/?s={search_term_string}"},"query-input":{"@type":"PropertyValueSpecification","valueRequired":true,"valueName":"search_term_string"}}],"inLanguage":"en-US"},{"@type":"Organization","@id":"https:\/\/stagezone.hu\/en\/#organization","name":"StageZone","url":"https:\/\/stagezone.hu\/en\/","logo":{"@type":"ImageObject","inLanguage":"en-US","@id":"https:\/\/stagezone.hu\/en\/#\/schema\/logo\/image\/","url":"https:\/\/stagezone.hu\/wp-content\/uploads\/2026\/01\/Adam-Hall_1000x1000-1-1.png","contentUrl":"https:\/\/stagezone.hu\/wp-content\/uploads\/2026\/01\/Adam-Hall_1000x1000-1-1.png","width":1000,"height":1000,"caption":"StageZone"},"image":{"@id":"https:\/\/stagezone.hu\/en\/#\/schema\/logo\/image\/"},"sameAs":["https:\/\/www.facebook.com\/stagezonehungary\/","https:\/\/www.instagram.com\/stagezonehungary\/"]}]}},"_links":{"self":[{"href":"https:\/\/stagezone.hu\/en\/wp-json\/wp\/v2\/product\/3740","targetHints":{"allow":["GET"]}}],"collection":[{"href":"https:\/\/stagezone.hu\/en\/wp-json\/wp\/v2\/product"}],"about":[{"href":"https:\/\/stagezone.hu\/en\/wp-json\/wp\/v2\/types\/product"}],"replies":[{"embeddable":true,"href":"https:\/\/stagezone.hu\/en\/wp-json\/wp\/v2\/comments?post=3740"}],"version-history":[{"count":5,"href":"https:\/\/stagezone.hu\/en\/wp-json\/wp\/v2\/product\/3740\/revisions"}],"predecessor-version":[{"id":5001,"href":"https:\/\/stagezone.hu\/en\/wp-json\/wp\/v2\/product\/3740\/revisions\/5001"}],"wp:featuredmedia":[{"embeddable":true,"href":"https:\/\/stagezone.hu\/en\/wp-json\/wp\/v2\/media\/4995"}],"wp:attachment":[{"href":"https:\/\/stagezone.hu\/en\/wp-json\/wp\/v2\/media?parent=3740"}],"wp:term":[{"taxonomy":"product_brand","embeddable":true,"href":"https:\/\/stagezone.hu\/en\/wp-json\/wp\/v2\/product_brand?post=3740"},{"taxonomy":"product_cat","embeddable":true,"href":"https:\/\/stagezone.hu\/en\/wp-json\/wp\/v2\/product_cat?post=3740"},{"taxonomy":"product_tag","embeddable":true,"href":"https:\/\/stagezone.hu\/en\/wp-json\/wp\/v2\/product_tag?post=3740"}],"curies":[{"name":"wp","href":"https:\/\/api.w.org\/{rel}","templated":true}]}}