{"id":2585,"date":"2024-09-30T16:53:01","date_gmt":"2024-09-30T14:53:01","guid":{"rendered":"https:\/\/stagezone.hu\/?post_type=product&#038;p=2585"},"modified":"2026-05-04T19:56:47","modified_gmt":"2026-05-04T18:56:47","slug":"magic-fx-szalag-toltet-10m-x-25-cm","status":"publish","type":"product","link":"https:\/\/stagezone.hu\/en\/product\/magicfx-streamer-refill-10m-x-2-5cm\/","title":{"rendered":"MagicFX Streamer Refill 10m x 2.5cm"},"content":{"rendered":"<p><strong>MagicFX Streamer Refill 10m x 2.5cm<\/strong><\/p>\n<p>Streamer refill in various colors for Magic FX effect machines.<\/p>\n","protected":false},"excerpt":{"rendered":"<p>Streamer refill for effect machines.<\/p>\n","protected":false},"featured_media":5856,"comment_status":"closed","ping_status":"closed","template":"","meta":[],"product_brand":[],"product_cat":[285],"product_tag":[299,298,387],"class_list":{"0":"post-2585","1":"product","2":"type-product","3":"status-publish","4":"has-post-thumbnail","6":"product_cat-konfetti-toltet","7":"product_tag-konfetti","8":"product_tag-magic-fx","9":"product_tag-szalag","11":"first","12":"onbackorder","13":"taxable","14":"shipping-taxable","15":"purchasable","16":"product-type-variable","17":"has-default-attributes"},"yoast_head":"<!-- This site is optimized with the Yoast SEO Premium plugin v27.2 (Yoast SEO v27.2) - https:\/\/yoast.com\/product\/yoast-seo-premium-wordpress\/ -->\n<title>MagicFX Streamer Refill 10m x 2.5cm<\/title>\n<meta name=\"description\" content=\"Streamer refill for effect machines.\" \/>\n<meta name=\"robots\" content=\"index, follow, max-snippet:-1, max-image-preview:large, max-video-preview:-1\" \/>\n<link rel=\"canonical\" href=\"http:\/\/Streamer%20refill%20for%20effect%20machines.\" \/>\n<meta property=\"og:locale\" content=\"en_US\" \/>\n<meta property=\"og:type\" content=\"article\" \/>\n<meta property=\"og:title\" content=\"MagicFX Streamer Refill 10m x 2.5cm\" \/>\n<meta property=\"og:description\" content=\"Streamer refill for effect machines.\" \/>\n<meta property=\"og:url\" content=\"https:\/\/stagezone.hu\/en\/product\/magicfx-streamer-refill-10m-x-2-5cm\/\" \/>\n<meta property=\"og:site_name\" content=\"StageZone\" \/>\n<meta property=\"article:publisher\" content=\"https:\/\/www.facebook.com\/stagezonehungary\/\" \/>\n<meta property=\"article:modified_time\" content=\"2026-05-04T18:56:47+00:00\" \/>\n<meta property=\"og:image\" content=\"https:\/\/stagezone.hu\/wp-content\/uploads\/2024\/09\/STR10BL.jpg\" \/>\n\t<meta property=\"og:image:width\" content=\"800\" \/>\n\t<meta property=\"og:image:height\" content=\"800\" \/>\n\t<meta property=\"og:image:type\" content=\"image\/jpeg\" \/>\n<meta name=\"twitter:card\" content=\"summary_large_image\" \/>\n<meta name=\"twitter:label1\" content=\"Est. reading time\" \/>\n\t<meta name=\"twitter:data1\" content=\"1 minute\" \/>\n<script type=\"application\/ld+json\" class=\"yoast-schema-graph\">{\"@context\":\"https:\/\/schema.org\",\"@graph\":[{\"@type\":\"WebPage\",\"@id\":\"https:\/\/stagezone.hu\/en\/product\/magicfx-streamer-refill-10m-x-2-5cm\/\",\"url\":\"https:\/\/stagezone.hu\/en\/product\/magicfx-streamer-refill-10m-x-2-5cm\/\",\"name\":\"MagicFX Szalag t\u00f6ltet 10mx2,5 cm - StageZone\",\"isPartOf\":{\"@id\":\"https:\/\/stagezone.hu\/#website\"},\"primaryImageOfPage\":{\"@id\":\"https:\/\/stagezone.hu\/en\/product\/magicfx-streamer-refill-10m-x-2-5cm\/#primaryimage\"},\"image\":{\"@id\":\"https:\/\/stagezone.hu\/en\/product\/magicfx-streamer-refill-10m-x-2-5cm\/#primaryimage\"},\"thumbnailUrl\":\"https:\/\/stagezone.hu\/wp-content\/uploads\/2024\/09\/STR10BL.jpg\",\"datePublished\":\"2024-09-30T14:53:01+00:00\",\"dateModified\":\"2026-05-04T18:56:47+00:00\",\"description\":\"MagicFX Szalag t\u00f6ltet 10mx2,5 cm Magic FX effektg\u00e9pekbe. 10 db-os kiszerel\u00e9sben, k\u00fcl\u00f6nb\u00f6z\u0151 sz\u00ednekben. Biol\u00f3giailag leboml\u00f3.\",\"breadcrumb\":{\"@id\":\"https:\/\/stagezone.hu\/en\/product\/magicfx-streamer-refill-10m-x-2-5cm\/#breadcrumb\"},\"inLanguage\":\"en-US\",\"potentialAction\":[{\"@type\":\"ReadAction\",\"target\":[\"https:\/\/stagezone.hu\/en\/product\/magicfx-streamer-refill-10m-x-2-5cm\/\"]}]},{\"@type\":\"ImageObject\",\"inLanguage\":\"en-US\",\"@id\":\"https:\/\/stagezone.hu\/en\/product\/magicfx-streamer-refill-10m-x-2-5cm\/#primaryimage\",\"url\":\"https:\/\/stagezone.hu\/wp-content\/uploads\/2024\/09\/STR10BL.jpg\",\"contentUrl\":\"https:\/\/stagezone.hu\/wp-content\/uploads\/2024\/09\/STR10BL.jpg\",\"width\":800,\"height\":800,\"caption\":\"MagicFX Szalag t\u00f6ltet 10mx2,5 cm\"},{\"@type\":\"BreadcrumbList\",\"@id\":\"https:\/\/stagezone.hu\/en\/product\/magicfx-streamer-refill-10m-x-2-5cm\/#breadcrumb\",\"itemListElement\":[{\"@type\":\"ListItem\",\"position\":1,\"name\":\"Kezd\u0151lap\",\"item\":\"https:\/\/stagezone.hu\/\"},{\"@type\":\"ListItem\",\"position\":2,\"name\":\"\u00dczlet\",\"item\":\"https:\/\/stagezone.hu\/uzlet\/\"},{\"@type\":\"ListItem\",\"position\":3,\"name\":\"MagicFX Streamer Refill 10m x 2.5cm\"}]},{\"@type\":\"WebSite\",\"@id\":\"https:\/\/stagezone.hu\/en\/#website\",\"url\":\"https:\/\/stagezone.hu\/en\/\",\"name\":\"StageZone - Ragyogj a Stagezone min\u0151s\u00e9gi f\u00e9nytechnik\u00e1j\u00e1val.\",\"description\":\"StageZone\",\"publisher\":{\"@id\":\"https:\/\/stagezone.hu\/en\/#organization\"},\"potentialAction\":[{\"@type\":\"SearchAction\",\"target\":{\"@type\":\"EntryPoint\",\"urlTemplate\":\"https:\/\/stagezone.hu\/en\/?s={search_term_string}\"},\"query-input\":{\"@type\":\"PropertyValueSpecification\",\"valueRequired\":true,\"valueName\":\"search_term_string\"}}],\"inLanguage\":\"en-US\"},{\"@type\":\"Organization\",\"@id\":\"https:\/\/stagezone.hu\/en\/#organization\",\"name\":\"StageZone\",\"url\":\"https:\/\/stagezone.hu\/en\/\",\"logo\":{\"@type\":\"ImageObject\",\"inLanguage\":\"en-US\",\"@id\":\"https:\/\/stagezone.hu\/en\/#\/schema\/logo\/image\/\",\"url\":\"https:\/\/stagezone.hu\/wp-content\/uploads\/2026\/01\/Adam-Hall_1000x1000-1-1.png\",\"contentUrl\":\"https:\/\/stagezone.hu\/wp-content\/uploads\/2026\/01\/Adam-Hall_1000x1000-1-1.png\",\"width\":1000,\"height\":1000,\"caption\":\"StageZone\"},\"image\":{\"@id\":\"https:\/\/stagezone.hu\/en\/#\/schema\/logo\/image\/\"},\"sameAs\":[\"https:\/\/www.facebook.com\/stagezonehungary\/\",\"https:\/\/www.instagram.com\/stagezonehungary\/\"]}]}<\/script>\n<!-- \/ Yoast SEO Premium plugin. -->","yoast_head_json":{"title":"MagicFX Streamer Refill 10m x 2.5cm","description":"Streamer refill for effect machines.","robots":{"index":"index","follow":"follow","max-snippet":"max-snippet:-1","max-image-preview":"max-image-preview:large","max-video-preview":"max-video-preview:-1"},"canonical":"Streamer refill for effect machines.","og_locale":"en_US","og_type":"article","og_title":"MagicFX Streamer Refill 10m x 2.5cm","og_description":"Streamer refill for effect machines.","og_url":"https:\/\/stagezone.hu\/en\/product\/magicfx-streamer-refill-10m-x-2-5cm\/","og_site_name":"StageZone","article_publisher":"https:\/\/www.facebook.com\/stagezonehungary\/","article_modified_time":"2026-05-04T18:56:47+00:00","og_image":[{"width":800,"height":800,"url":"https:\/\/stagezone.hu\/wp-content\/uploads\/2024\/09\/STR10BL.jpg","type":"image\/jpeg"}],"twitter_card":"summary_large_image","twitter_misc":{"Est. reading time":"1 minute"},"schema":{"@context":"https:\/\/schema.org","@graph":[{"@type":"WebPage","@id":"https:\/\/stagezone.hu\/en\/product\/magicfx-streamer-refill-10m-x-2-5cm\/","url":"https:\/\/stagezone.hu\/en\/product\/magicfx-streamer-refill-10m-x-2-5cm\/","name":"MagicFX Szalag t\u00f6ltet 10mx2,5 cm - StageZone","isPartOf":{"@id":"https:\/\/stagezone.hu\/#website"},"primaryImageOfPage":{"@id":"https:\/\/stagezone.hu\/en\/product\/magicfx-streamer-refill-10m-x-2-5cm\/#primaryimage"},"image":{"@id":"https:\/\/stagezone.hu\/en\/product\/magicfx-streamer-refill-10m-x-2-5cm\/#primaryimage"},"thumbnailUrl":"https:\/\/stagezone.hu\/wp-content\/uploads\/2024\/09\/STR10BL.jpg","datePublished":"2024-09-30T14:53:01+00:00","dateModified":"2026-05-04T18:56:47+00:00","description":"MagicFX Szalag t\u00f6ltet 10mx2,5 cm Magic FX effektg\u00e9pekbe. 10 db-os kiszerel\u00e9sben, k\u00fcl\u00f6nb\u00f6z\u0151 sz\u00ednekben. Biol\u00f3giailag leboml\u00f3.","breadcrumb":{"@id":"https:\/\/stagezone.hu\/en\/product\/magicfx-streamer-refill-10m-x-2-5cm\/#breadcrumb"},"inLanguage":"en-US","potentialAction":[{"@type":"ReadAction","target":["https:\/\/stagezone.hu\/en\/product\/magicfx-streamer-refill-10m-x-2-5cm\/"]}]},{"@type":"ImageObject","inLanguage":"en-US","@id":"https:\/\/stagezone.hu\/en\/product\/magicfx-streamer-refill-10m-x-2-5cm\/#primaryimage","url":"https:\/\/stagezone.hu\/wp-content\/uploads\/2024\/09\/STR10BL.jpg","contentUrl":"https:\/\/stagezone.hu\/wp-content\/uploads\/2024\/09\/STR10BL.jpg","width":800,"height":800,"caption":"MagicFX Szalag t\u00f6ltet 10mx2,5 cm"},{"@type":"BreadcrumbList","@id":"https:\/\/stagezone.hu\/en\/product\/magicfx-streamer-refill-10m-x-2-5cm\/#breadcrumb","itemListElement":[{"@type":"ListItem","position":1,"name":"Kezd\u0151lap","item":"https:\/\/stagezone.hu\/"},{"@type":"ListItem","position":2,"name":"\u00dczlet","item":"https:\/\/stagezone.hu\/uzlet\/"},{"@type":"ListItem","position":3,"name":"MagicFX Streamer Refill 10m x 2.5cm"}]},{"@type":"WebSite","@id":"https:\/\/stagezone.hu\/en\/#website","url":"https:\/\/stagezone.hu\/en\/","name":"StageZone - Ragyogj a Stagezone min\u0151s\u00e9gi f\u00e9nytechnik\u00e1j\u00e1val.","description":"StageZone","publisher":{"@id":"https:\/\/stagezone.hu\/en\/#organization"},"potentialAction":[{"@type":"SearchAction","target":{"@type":"EntryPoint","urlTemplate":"https:\/\/stagezone.hu\/en\/?s={search_term_string}"},"query-input":{"@type":"PropertyValueSpecification","valueRequired":true,"valueName":"search_term_string"}}],"inLanguage":"en-US"},{"@type":"Organization","@id":"https:\/\/stagezone.hu\/en\/#organization","name":"StageZone","url":"https:\/\/stagezone.hu\/en\/","logo":{"@type":"ImageObject","inLanguage":"en-US","@id":"https:\/\/stagezone.hu\/en\/#\/schema\/logo\/image\/","url":"https:\/\/stagezone.hu\/wp-content\/uploads\/2026\/01\/Adam-Hall_1000x1000-1-1.png","contentUrl":"https:\/\/stagezone.hu\/wp-content\/uploads\/2026\/01\/Adam-Hall_1000x1000-1-1.png","width":1000,"height":1000,"caption":"StageZone"},"image":{"@id":"https:\/\/stagezone.hu\/en\/#\/schema\/logo\/image\/"},"sameAs":["https:\/\/www.facebook.com\/stagezonehungary\/","https:\/\/www.instagram.com\/stagezonehungary\/"]}]}},"_links":{"self":[{"href":"https:\/\/stagezone.hu\/en\/wp-json\/wp\/v2\/product\/2585","targetHints":{"allow":["GET"]}}],"collection":[{"href":"https:\/\/stagezone.hu\/en\/wp-json\/wp\/v2\/product"}],"about":[{"href":"https:\/\/stagezone.hu\/en\/wp-json\/wp\/v2\/types\/product"}],"replies":[{"embeddable":true,"href":"https:\/\/stagezone.hu\/en\/wp-json\/wp\/v2\/comments?post=2585"}],"version-history":[{"count":3,"href":"https:\/\/stagezone.hu\/en\/wp-json\/wp\/v2\/product\/2585\/revisions"}],"predecessor-version":[{"id":10096,"href":"https:\/\/stagezone.hu\/en\/wp-json\/wp\/v2\/product\/2585\/revisions\/10096"}],"wp:featuredmedia":[{"embeddable":true,"href":"https:\/\/stagezone.hu\/en\/wp-json\/wp\/v2\/media\/5856"}],"wp:attachment":[{"href":"https:\/\/stagezone.hu\/en\/wp-json\/wp\/v2\/media?parent=2585"}],"wp:term":[{"taxonomy":"product_brand","embeddable":true,"href":"https:\/\/stagezone.hu\/en\/wp-json\/wp\/v2\/product_brand?post=2585"},{"taxonomy":"product_cat","embeddable":true,"href":"https:\/\/stagezone.hu\/en\/wp-json\/wp\/v2\/product_cat?post=2585"},{"taxonomy":"product_tag","embeddable":true,"href":"https:\/\/stagezone.hu\/en\/wp-json\/wp\/v2\/product_tag?post=2585"}],"curies":[{"name":"wp","href":"https:\/\/api.w.org\/{rel}","templated":true}]}}