{"id":2309,"date":"2024-09-30T11:38:21","date_gmt":"2024-09-30T09:38:21","guid":{"rendered":"https:\/\/stagezone.hu\/?post_type=product&#038;p=2309"},"modified":"2026-05-05T20:51:53","modified_gmt":"2026-05-05T19:51:53","slug":"magic-fx-konfetti-toltet-55x17-mm","status":"publish","type":"product","link":"https:\/\/stagezone.hu\/en\/product\/magicfx-confetti-fill-paper\/","title":{"rendered":"MagicFX Confetti Fill - Paper"},"content":{"rendered":"<p><strong>MagicFX Confetti Fill &#8211; Paper<\/strong><\/p>\n<p>55&#215;17 mm confetti fill for Magic FX effect machines.<\/p>\n","protected":false},"excerpt":{"rendered":"<p>Paper confetti fill for Magic FX machines, size 55&#215;17 mm.<\/p>\n","protected":false},"featured_media":5839,"comment_status":"closed","ping_status":"closed","template":"","meta":[],"product_brand":[],"product_cat":[481,285],"product_tag":[299,298],"class_list":{"0":"post-2309","1":"product","2":"type-product","3":"status-publish","4":"has-post-thumbnail","6":"product_cat-konfetti","7":"product_cat-konfetti-toltet","8":"product_tag-konfetti","9":"product_tag-magic-fx","11":"first","12":"onbackorder","13":"taxable","14":"shipping-taxable","15":"purchasable","16":"product-type-variable","17":"has-default-attributes"},"yoast_head":"<!-- This site is optimized with the Yoast SEO Premium plugin v27.2 (Yoast SEO v27.2) - https:\/\/yoast.com\/product\/yoast-seo-premium-wordpress\/ -->\n<title>MagicFX Confetti Fill - Paper<\/title>\n<meta name=\"description\" content=\"Paper confetti fill for Magic FX machines, size 55x17 mm.\" \/>\n<meta name=\"robots\" content=\"index, follow, max-snippet:-1, max-image-preview:large, max-video-preview:-1\" \/>\n<link rel=\"canonical\" href=\"http:\/\/Paper%20confetti%20fill%20for%20Magic%20FX%20machines,%20size%2055x17%20mm.\" \/>\n<meta property=\"og:locale\" content=\"en_US\" \/>\n<meta property=\"og:type\" content=\"article\" \/>\n<meta property=\"og:title\" content=\"MagicFX Confetti Fill - Paper\" \/>\n<meta property=\"og:description\" content=\"Paper confetti fill for Magic FX machines, size 55x17 mm.\" \/>\n<meta property=\"og:url\" content=\"https:\/\/stagezone.hu\/en\/product\/magicfx-confetti-fill-paper\/\" \/>\n<meta property=\"og:site_name\" content=\"StageZone\" \/>\n<meta property=\"article:publisher\" content=\"https:\/\/www.facebook.com\/stagezonehungary\/\" \/>\n<meta property=\"article:modified_time\" content=\"2026-05-05T19:51:53+00:00\" \/>\n<meta property=\"og:image\" content=\"https:\/\/stagezone.hu\/wp-content\/uploads\/2024\/09\/CON01BL.jpg\" \/>\n\t<meta property=\"og:image:width\" content=\"800\" \/>\n\t<meta property=\"og:image:height\" content=\"800\" \/>\n\t<meta property=\"og:image:type\" content=\"image\/jpeg\" \/>\n<meta name=\"twitter:card\" content=\"summary_large_image\" \/>\n<meta name=\"twitter:label1\" content=\"Est. reading time\" \/>\n\t<meta name=\"twitter:data1\" content=\"1 minute\" \/>\n<script type=\"application\/ld+json\" class=\"yoast-schema-graph\">{\"@context\":\"https:\/\/schema.org\",\"@graph\":[{\"@type\":\"WebPage\",\"@id\":\"https:\/\/stagezone.hu\/en\/product\/magicfx-confetti-fill-paper\/\",\"url\":\"https:\/\/stagezone.hu\/en\/product\/magicfx-confetti-fill-paper\/\",\"name\":\"MagicFx Konfetti t\u00f6ltet - StageZone\",\"isPartOf\":{\"@id\":\"https:\/\/stagezone.hu\/#website\"},\"primaryImageOfPage\":{\"@id\":\"https:\/\/stagezone.hu\/en\/product\/magicfx-confetti-fill-paper\/#primaryimage\"},\"image\":{\"@id\":\"https:\/\/stagezone.hu\/en\/product\/magicfx-confetti-fill-paper\/#primaryimage\"},\"thumbnailUrl\":\"https:\/\/stagezone.hu\/wp-content\/uploads\/2024\/09\/CON01BL.jpg\",\"datePublished\":\"2024-09-30T09:38:21+00:00\",\"dateModified\":\"2026-05-05T19:51:53+00:00\",\"description\":\"MagicFx Konfetti t\u00f6ltet Magix FX effektg\u00e9pebe 55x17 mm-es m\u00e9retben. 1 kg-os kiszerel\u00e9sben, k\u00fcl\u00f6nb\u00f6z\u0151 sz\u00ednekben. Biol\u00f3giailag leboml\u00f3.\",\"breadcrumb\":{\"@id\":\"https:\/\/stagezone.hu\/en\/product\/magicfx-confetti-fill-paper\/#breadcrumb\"},\"inLanguage\":\"en-US\",\"potentialAction\":[{\"@type\":\"ReadAction\",\"target\":[\"https:\/\/stagezone.hu\/en\/product\/magicfx-confetti-fill-paper\/\"]}]},{\"@type\":\"ImageObject\",\"inLanguage\":\"en-US\",\"@id\":\"https:\/\/stagezone.hu\/en\/product\/magicfx-confetti-fill-paper\/#primaryimage\",\"url\":\"https:\/\/stagezone.hu\/wp-content\/uploads\/2024\/09\/CON01BL.jpg\",\"contentUrl\":\"https:\/\/stagezone.hu\/wp-content\/uploads\/2024\/09\/CON01BL.jpg\",\"width\":800,\"height\":800,\"caption\":\"MagicFX Konfetti t\u00f6ltet\"},{\"@type\":\"BreadcrumbList\",\"@id\":\"https:\/\/stagezone.hu\/en\/product\/magicfx-confetti-fill-paper\/#breadcrumb\",\"itemListElement\":[{\"@type\":\"ListItem\",\"position\":1,\"name\":\"Kezd\u0151lap\",\"item\":\"https:\/\/stagezone.hu\/\"},{\"@type\":\"ListItem\",\"position\":2,\"name\":\"\u00dczlet\",\"item\":\"https:\/\/stagezone.hu\/uzlet\/\"},{\"@type\":\"ListItem\",\"position\":3,\"name\":\"MagicFX Confetti Fill - Paper\"}]},{\"@type\":\"WebSite\",\"@id\":\"https:\/\/stagezone.hu\/en\/#website\",\"url\":\"https:\/\/stagezone.hu\/en\/\",\"name\":\"StageZone - Ragyogj a Stagezone min\u0151s\u00e9gi f\u00e9nytechnik\u00e1j\u00e1val.\",\"description\":\"StageZone\",\"publisher\":{\"@id\":\"https:\/\/stagezone.hu\/en\/#organization\"},\"potentialAction\":[{\"@type\":\"SearchAction\",\"target\":{\"@type\":\"EntryPoint\",\"urlTemplate\":\"https:\/\/stagezone.hu\/en\/?s={search_term_string}\"},\"query-input\":{\"@type\":\"PropertyValueSpecification\",\"valueRequired\":true,\"valueName\":\"search_term_string\"}}],\"inLanguage\":\"en-US\"},{\"@type\":\"Organization\",\"@id\":\"https:\/\/stagezone.hu\/en\/#organization\",\"name\":\"StageZone\",\"url\":\"https:\/\/stagezone.hu\/en\/\",\"logo\":{\"@type\":\"ImageObject\",\"inLanguage\":\"en-US\",\"@id\":\"https:\/\/stagezone.hu\/en\/#\/schema\/logo\/image\/\",\"url\":\"https:\/\/stagezone.hu\/wp-content\/uploads\/2026\/01\/Adam-Hall_1000x1000-1-1.png\",\"contentUrl\":\"https:\/\/stagezone.hu\/wp-content\/uploads\/2026\/01\/Adam-Hall_1000x1000-1-1.png\",\"width\":1000,\"height\":1000,\"caption\":\"StageZone\"},\"image\":{\"@id\":\"https:\/\/stagezone.hu\/en\/#\/schema\/logo\/image\/\"},\"sameAs\":[\"https:\/\/www.facebook.com\/stagezonehungary\/\",\"https:\/\/www.instagram.com\/stagezonehungary\/\"]}]}<\/script>\n<!-- \/ Yoast SEO Premium plugin. -->","yoast_head_json":{"title":"MagicFX Confetti Fill - Paper","description":"Paper confetti fill for Magic FX machines, size 55x17 mm.","robots":{"index":"index","follow":"follow","max-snippet":"max-snippet:-1","max-image-preview":"max-image-preview:large","max-video-preview":"max-video-preview:-1"},"canonical":"Paper confetti fill for Magic FX machines, size 55x17 mm.","og_locale":"en_US","og_type":"article","og_title":"MagicFX Confetti Fill - Paper","og_description":"Paper confetti fill for Magic FX machines, size 55x17 mm.","og_url":"https:\/\/stagezone.hu\/en\/product\/magicfx-confetti-fill-paper\/","og_site_name":"StageZone","article_publisher":"https:\/\/www.facebook.com\/stagezonehungary\/","article_modified_time":"2026-05-05T19:51:53+00:00","og_image":[{"width":800,"height":800,"url":"https:\/\/stagezone.hu\/wp-content\/uploads\/2024\/09\/CON01BL.jpg","type":"image\/jpeg"}],"twitter_card":"summary_large_image","twitter_misc":{"Est. reading time":"1 minute"},"schema":{"@context":"https:\/\/schema.org","@graph":[{"@type":"WebPage","@id":"https:\/\/stagezone.hu\/en\/product\/magicfx-confetti-fill-paper\/","url":"https:\/\/stagezone.hu\/en\/product\/magicfx-confetti-fill-paper\/","name":"MagicFx Konfetti t\u00f6ltet - StageZone","isPartOf":{"@id":"https:\/\/stagezone.hu\/#website"},"primaryImageOfPage":{"@id":"https:\/\/stagezone.hu\/en\/product\/magicfx-confetti-fill-paper\/#primaryimage"},"image":{"@id":"https:\/\/stagezone.hu\/en\/product\/magicfx-confetti-fill-paper\/#primaryimage"},"thumbnailUrl":"https:\/\/stagezone.hu\/wp-content\/uploads\/2024\/09\/CON01BL.jpg","datePublished":"2024-09-30T09:38:21+00:00","dateModified":"2026-05-05T19:51:53+00:00","description":"MagicFx Konfetti t\u00f6ltet Magix FX effektg\u00e9pebe 55x17 mm-es m\u00e9retben. 1 kg-os kiszerel\u00e9sben, k\u00fcl\u00f6nb\u00f6z\u0151 sz\u00ednekben. Biol\u00f3giailag leboml\u00f3.","breadcrumb":{"@id":"https:\/\/stagezone.hu\/en\/product\/magicfx-confetti-fill-paper\/#breadcrumb"},"inLanguage":"en-US","potentialAction":[{"@type":"ReadAction","target":["https:\/\/stagezone.hu\/en\/product\/magicfx-confetti-fill-paper\/"]}]},{"@type":"ImageObject","inLanguage":"en-US","@id":"https:\/\/stagezone.hu\/en\/product\/magicfx-confetti-fill-paper\/#primaryimage","url":"https:\/\/stagezone.hu\/wp-content\/uploads\/2024\/09\/CON01BL.jpg","contentUrl":"https:\/\/stagezone.hu\/wp-content\/uploads\/2024\/09\/CON01BL.jpg","width":800,"height":800,"caption":"MagicFX Konfetti t\u00f6ltet"},{"@type":"BreadcrumbList","@id":"https:\/\/stagezone.hu\/en\/product\/magicfx-confetti-fill-paper\/#breadcrumb","itemListElement":[{"@type":"ListItem","position":1,"name":"Kezd\u0151lap","item":"https:\/\/stagezone.hu\/"},{"@type":"ListItem","position":2,"name":"\u00dczlet","item":"https:\/\/stagezone.hu\/uzlet\/"},{"@type":"ListItem","position":3,"name":"MagicFX Confetti Fill - Paper"}]},{"@type":"WebSite","@id":"https:\/\/stagezone.hu\/en\/#website","url":"https:\/\/stagezone.hu\/en\/","name":"StageZone - Ragyogj a Stagezone min\u0151s\u00e9gi f\u00e9nytechnik\u00e1j\u00e1val.","description":"StageZone","publisher":{"@id":"https:\/\/stagezone.hu\/en\/#organization"},"potentialAction":[{"@type":"SearchAction","target":{"@type":"EntryPoint","urlTemplate":"https:\/\/stagezone.hu\/en\/?s={search_term_string}"},"query-input":{"@type":"PropertyValueSpecification","valueRequired":true,"valueName":"search_term_string"}}],"inLanguage":"en-US"},{"@type":"Organization","@id":"https:\/\/stagezone.hu\/en\/#organization","name":"StageZone","url":"https:\/\/stagezone.hu\/en\/","logo":{"@type":"ImageObject","inLanguage":"en-US","@id":"https:\/\/stagezone.hu\/en\/#\/schema\/logo\/image\/","url":"https:\/\/stagezone.hu\/wp-content\/uploads\/2026\/01\/Adam-Hall_1000x1000-1-1.png","contentUrl":"https:\/\/stagezone.hu\/wp-content\/uploads\/2026\/01\/Adam-Hall_1000x1000-1-1.png","width":1000,"height":1000,"caption":"StageZone"},"image":{"@id":"https:\/\/stagezone.hu\/en\/#\/schema\/logo\/image\/"},"sameAs":["https:\/\/www.facebook.com\/stagezonehungary\/","https:\/\/www.instagram.com\/stagezonehungary\/"]}]}},"_links":{"self":[{"href":"https:\/\/stagezone.hu\/en\/wp-json\/wp\/v2\/product\/2309","targetHints":{"allow":["GET"]}}],"collection":[{"href":"https:\/\/stagezone.hu\/en\/wp-json\/wp\/v2\/product"}],"about":[{"href":"https:\/\/stagezone.hu\/en\/wp-json\/wp\/v2\/types\/product"}],"replies":[{"embeddable":true,"href":"https:\/\/stagezone.hu\/en\/wp-json\/wp\/v2\/comments?post=2309"}],"version-history":[{"count":6,"href":"https:\/\/stagezone.hu\/en\/wp-json\/wp\/v2\/product\/2309\/revisions"}],"predecessor-version":[{"id":10106,"href":"https:\/\/stagezone.hu\/en\/wp-json\/wp\/v2\/product\/2309\/revisions\/10106"}],"wp:featuredmedia":[{"embeddable":true,"href":"https:\/\/stagezone.hu\/en\/wp-json\/wp\/v2\/media\/5839"}],"wp:attachment":[{"href":"https:\/\/stagezone.hu\/en\/wp-json\/wp\/v2\/media?parent=2309"}],"wp:term":[{"taxonomy":"product_brand","embeddable":true,"href":"https:\/\/stagezone.hu\/en\/wp-json\/wp\/v2\/product_brand?post=2309"},{"taxonomy":"product_cat","embeddable":true,"href":"https:\/\/stagezone.hu\/en\/wp-json\/wp\/v2\/product_cat?post=2309"},{"taxonomy":"product_tag","embeddable":true,"href":"https:\/\/stagezone.hu\/en\/wp-json\/wp\/v2\/product_tag?post=2309"}],"curies":[{"name":"wp","href":"https:\/\/api.w.org\/{rel}","templated":true}]}}