{"id":2111,"date":"2024-09-25T17:57:13","date_gmt":"2024-09-25T15:57:13","guid":{"rendered":"https:\/\/stagezone.hu\/?post_type=product&#038;p=2111"},"modified":"2026-05-04T19:57:14","modified_gmt":"2026-05-04T18:57:14","slug":"magic-fx-elektromos-konfetti-agyu-80-cm-hearts","status":"publish","type":"product","link":"https:\/\/stagezone.hu\/en\/product\/magicfx-electric-confetti-cannon-80cm-hearts\/","title":{"rendered":"MagicFX Electric Confetti Cannon 80cm - Hearts"},"content":{"rendered":"<p><strong>MagicFX Electric Confetti Cannon 80cm &#8211; Hearts<\/strong><\/p>\n<p>With a firing distance of 10-12 m, with 180 g of flame-retardant material.<\/p>\n<p>The non-metallic filling is made of paper, so it is biodegradable.<\/p>\n<p>MAGIC FX is a leading Dutch-based special effects (SFX) brand, founded in 1995. Its main activity is the design and manufacture of high-quality, safe and innovative equipment, such as confetti, CO\u2082, flame, and smoke machines for festivals, clubs, and large-scale concerts. The brand is known for its premium engineering solutions and sustainability efforts, including biodegradable confetti and environmentally friendly machines.<\/p>\n","protected":false},"excerpt":{"rendered":"<p>Paper confetti.<\/p>\n","protected":false},"featured_media":4798,"comment_status":"closed","ping_status":"closed","template":"","meta":[],"product_brand":[],"product_cat":[280,481],"product_tag":[301,304,305,299,298],"class_list":{"0":"post-2111","1":"product","2":"type-product","3":"status-publish","4":"has-post-thumbnail","6":"product_cat-elektromos-konfetti-agyu","7":"product_cat-konfetti","8":"product_tag-80-cm","9":"product_tag-effekt","10":"product_tag-hearts","11":"product_tag-konfetti","12":"product_tag-magic-fx","14":"first","15":"onbackorder","16":"taxable","17":"shipping-taxable","18":"purchasable","19":"product-type-variable","20":"has-default-attributes"},"yoast_head":"<!-- This site is optimized with the Yoast SEO Premium plugin v27.2 (Yoast SEO v27.2) - https:\/\/yoast.com\/product\/yoast-seo-premium-wordpress\/ -->\n<title>MagicFX Electric Confetti Cannon 80cm - Hearts<\/title>\n<meta name=\"description\" content=\"Paper confetti.\" \/>\n<meta name=\"robots\" content=\"index, follow, max-snippet:-1, max-image-preview:large, max-video-preview:-1\" \/>\n<link rel=\"canonical\" href=\"http:\/\/Paper%20confetti.\" \/>\n<meta property=\"og:locale\" content=\"en_US\" \/>\n<meta property=\"og:type\" content=\"article\" \/>\n<meta property=\"og:title\" content=\"MagicFX Electric Confetti Cannon 80cm - Hearts\" \/>\n<meta property=\"og:description\" content=\"Paper confetti.\" \/>\n<meta property=\"og:url\" content=\"https:\/\/stagezone.hu\/en\/product\/magicfx-electric-confetti-cannon-80cm-hearts\/\" \/>\n<meta property=\"og:site_name\" content=\"StageZone\" \/>\n<meta property=\"article:publisher\" content=\"https:\/\/www.facebook.com\/stagezonehungary\/\" \/>\n<meta property=\"article:modified_time\" content=\"2026-05-04T18:57:14+00:00\" \/>\n<meta property=\"og:image\" content=\"https:\/\/stagezone.hu\/wp-content\/uploads\/2024\/09\/EC04RDH.jpg\" \/>\n\t<meta property=\"og:image:width\" content=\"800\" \/>\n\t<meta property=\"og:image:height\" content=\"800\" \/>\n\t<meta property=\"og:image:type\" content=\"image\/jpeg\" \/>\n<meta name=\"twitter:card\" content=\"summary_large_image\" \/>\n<meta name=\"twitter:label1\" content=\"Est. reading time\" \/>\n\t<meta name=\"twitter:data1\" content=\"1 minute\" \/>\n<script type=\"application\/ld+json\" class=\"yoast-schema-graph\">{\"@context\":\"https:\/\/schema.org\",\"@graph\":[{\"@type\":\"WebPage\",\"@id\":\"https:\/\/stagezone.hu\/en\/product\/magicfx-electric-confetti-cannon-80cm-hearts\/\",\"url\":\"https:\/\/stagezone.hu\/en\/product\/magicfx-electric-confetti-cannon-80cm-hearts\/\",\"name\":\"MagicFX Elektromos konfetti \u00e1gy\u00fa 80cm - Hearts - StageZone\",\"isPartOf\":{\"@id\":\"https:\/\/stagezone.hu\/#website\"},\"primaryImageOfPage\":{\"@id\":\"https:\/\/stagezone.hu\/en\/product\/magicfx-electric-confetti-cannon-80cm-hearts\/#primaryimage\"},\"image\":{\"@id\":\"https:\/\/stagezone.hu\/en\/product\/magicfx-electric-confetti-cannon-80cm-hearts\/#primaryimage\"},\"thumbnailUrl\":\"https:\/\/stagezone.hu\/wp-content\/uploads\/2024\/09\/EC04RDH.jpg\",\"datePublished\":\"2024-09-25T15:57:13+00:00\",\"dateModified\":\"2026-05-04T18:57:14+00:00\",\"description\":\"MagicFX Elektromos konfetti \u00e1gy\u00fa 80cm - Hearts v\u00e1ltozata nagy kil\u00f6v\u00e9si t\u00e1vols\u00e1g\u00e1nak \u00e9s erej\u00e9nek k\u00f6sz\u00f6nhet\u0151en k\u00fclt\u00e9rre is t\u00f6k\u00e9letes.\",\"breadcrumb\":{\"@id\":\"https:\/\/stagezone.hu\/en\/product\/magicfx-electric-confetti-cannon-80cm-hearts\/#breadcrumb\"},\"inLanguage\":\"en-US\",\"potentialAction\":[{\"@type\":\"ReadAction\",\"target\":[\"https:\/\/stagezone.hu\/en\/product\/magicfx-electric-confetti-cannon-80cm-hearts\/\"]}]},{\"@type\":\"ImageObject\",\"inLanguage\":\"en-US\",\"@id\":\"https:\/\/stagezone.hu\/en\/product\/magicfx-electric-confetti-cannon-80cm-hearts\/#primaryimage\",\"url\":\"https:\/\/stagezone.hu\/wp-content\/uploads\/2024\/09\/EC04RDH.jpg\",\"contentUrl\":\"https:\/\/stagezone.hu\/wp-content\/uploads\/2024\/09\/EC04RDH.jpg\",\"width\":800,\"height\":800,\"caption\":\"MagicFX Elektromos konfetti \u00e1gy\u00fa 80cm - Hearts\"},{\"@type\":\"BreadcrumbList\",\"@id\":\"https:\/\/stagezone.hu\/en\/product\/magicfx-electric-confetti-cannon-80cm-hearts\/#breadcrumb\",\"itemListElement\":[{\"@type\":\"ListItem\",\"position\":1,\"name\":\"Kezd\u0151lap\",\"item\":\"https:\/\/stagezone.hu\/\"},{\"@type\":\"ListItem\",\"position\":2,\"name\":\"\u00dczlet\",\"item\":\"https:\/\/stagezone.hu\/uzlet\/\"},{\"@type\":\"ListItem\",\"position\":3,\"name\":\"MagicFX Electric Confetti Cannon 80cm - Hearts\"}]},{\"@type\":\"WebSite\",\"@id\":\"https:\/\/stagezone.hu\/en\/#website\",\"url\":\"https:\/\/stagezone.hu\/en\/\",\"name\":\"StageZone - Ragyogj a Stagezone min\u0151s\u00e9gi f\u00e9nytechnik\u00e1j\u00e1val.\",\"description\":\"StageZone\",\"publisher\":{\"@id\":\"https:\/\/stagezone.hu\/en\/#organization\"},\"potentialAction\":[{\"@type\":\"SearchAction\",\"target\":{\"@type\":\"EntryPoint\",\"urlTemplate\":\"https:\/\/stagezone.hu\/en\/?s={search_term_string}\"},\"query-input\":{\"@type\":\"PropertyValueSpecification\",\"valueRequired\":true,\"valueName\":\"search_term_string\"}}],\"inLanguage\":\"en-US\"},{\"@type\":\"Organization\",\"@id\":\"https:\/\/stagezone.hu\/en\/#organization\",\"name\":\"StageZone\",\"url\":\"https:\/\/stagezone.hu\/en\/\",\"logo\":{\"@type\":\"ImageObject\",\"inLanguage\":\"en-US\",\"@id\":\"https:\/\/stagezone.hu\/en\/#\/schema\/logo\/image\/\",\"url\":\"https:\/\/stagezone.hu\/wp-content\/uploads\/2026\/01\/Adam-Hall_1000x1000-1-1.png\",\"contentUrl\":\"https:\/\/stagezone.hu\/wp-content\/uploads\/2026\/01\/Adam-Hall_1000x1000-1-1.png\",\"width\":1000,\"height\":1000,\"caption\":\"StageZone\"},\"image\":{\"@id\":\"https:\/\/stagezone.hu\/en\/#\/schema\/logo\/image\/\"},\"sameAs\":[\"https:\/\/www.facebook.com\/stagezonehungary\/\",\"https:\/\/www.instagram.com\/stagezonehungary\/\"]}]}<\/script>\n<!-- \/ Yoast SEO Premium plugin. -->","yoast_head_json":{"title":"MagicFX Electric Confetti Cannon 80cm - Hearts","description":"Paper confetti.","robots":{"index":"index","follow":"follow","max-snippet":"max-snippet:-1","max-image-preview":"max-image-preview:large","max-video-preview":"max-video-preview:-1"},"canonical":"Paper confetti.","og_locale":"en_US","og_type":"article","og_title":"MagicFX Electric Confetti Cannon 80cm - Hearts","og_description":"Paper confetti.","og_url":"https:\/\/stagezone.hu\/en\/product\/magicfx-electric-confetti-cannon-80cm-hearts\/","og_site_name":"StageZone","article_publisher":"https:\/\/www.facebook.com\/stagezonehungary\/","article_modified_time":"2026-05-04T18:57:14+00:00","og_image":[{"width":800,"height":800,"url":"https:\/\/stagezone.hu\/wp-content\/uploads\/2024\/09\/EC04RDH.jpg","type":"image\/jpeg"}],"twitter_card":"summary_large_image","twitter_misc":{"Est. reading time":"1 minute"},"schema":{"@context":"https:\/\/schema.org","@graph":[{"@type":"WebPage","@id":"https:\/\/stagezone.hu\/en\/product\/magicfx-electric-confetti-cannon-80cm-hearts\/","url":"https:\/\/stagezone.hu\/en\/product\/magicfx-electric-confetti-cannon-80cm-hearts\/","name":"MagicFX Elektromos konfetti \u00e1gy\u00fa 80cm - Hearts - StageZone","isPartOf":{"@id":"https:\/\/stagezone.hu\/#website"},"primaryImageOfPage":{"@id":"https:\/\/stagezone.hu\/en\/product\/magicfx-electric-confetti-cannon-80cm-hearts\/#primaryimage"},"image":{"@id":"https:\/\/stagezone.hu\/en\/product\/magicfx-electric-confetti-cannon-80cm-hearts\/#primaryimage"},"thumbnailUrl":"https:\/\/stagezone.hu\/wp-content\/uploads\/2024\/09\/EC04RDH.jpg","datePublished":"2024-09-25T15:57:13+00:00","dateModified":"2026-05-04T18:57:14+00:00","description":"MagicFX Elektromos konfetti \u00e1gy\u00fa 80cm - Hearts v\u00e1ltozata nagy kil\u00f6v\u00e9si t\u00e1vols\u00e1g\u00e1nak \u00e9s erej\u00e9nek k\u00f6sz\u00f6nhet\u0151en k\u00fclt\u00e9rre is t\u00f6k\u00e9letes.","breadcrumb":{"@id":"https:\/\/stagezone.hu\/en\/product\/magicfx-electric-confetti-cannon-80cm-hearts\/#breadcrumb"},"inLanguage":"en-US","potentialAction":[{"@type":"ReadAction","target":["https:\/\/stagezone.hu\/en\/product\/magicfx-electric-confetti-cannon-80cm-hearts\/"]}]},{"@type":"ImageObject","inLanguage":"en-US","@id":"https:\/\/stagezone.hu\/en\/product\/magicfx-electric-confetti-cannon-80cm-hearts\/#primaryimage","url":"https:\/\/stagezone.hu\/wp-content\/uploads\/2024\/09\/EC04RDH.jpg","contentUrl":"https:\/\/stagezone.hu\/wp-content\/uploads\/2024\/09\/EC04RDH.jpg","width":800,"height":800,"caption":"MagicFX Elektromos konfetti \u00e1gy\u00fa 80cm - Hearts"},{"@type":"BreadcrumbList","@id":"https:\/\/stagezone.hu\/en\/product\/magicfx-electric-confetti-cannon-80cm-hearts\/#breadcrumb","itemListElement":[{"@type":"ListItem","position":1,"name":"Kezd\u0151lap","item":"https:\/\/stagezone.hu\/"},{"@type":"ListItem","position":2,"name":"\u00dczlet","item":"https:\/\/stagezone.hu\/uzlet\/"},{"@type":"ListItem","position":3,"name":"MagicFX Electric Confetti Cannon 80cm - Hearts"}]},{"@type":"WebSite","@id":"https:\/\/stagezone.hu\/en\/#website","url":"https:\/\/stagezone.hu\/en\/","name":"StageZone - Ragyogj a Stagezone min\u0151s\u00e9gi f\u00e9nytechnik\u00e1j\u00e1val.","description":"StageZone","publisher":{"@id":"https:\/\/stagezone.hu\/en\/#organization"},"potentialAction":[{"@type":"SearchAction","target":{"@type":"EntryPoint","urlTemplate":"https:\/\/stagezone.hu\/en\/?s={search_term_string}"},"query-input":{"@type":"PropertyValueSpecification","valueRequired":true,"valueName":"search_term_string"}}],"inLanguage":"en-US"},{"@type":"Organization","@id":"https:\/\/stagezone.hu\/en\/#organization","name":"StageZone","url":"https:\/\/stagezone.hu\/en\/","logo":{"@type":"ImageObject","inLanguage":"en-US","@id":"https:\/\/stagezone.hu\/en\/#\/schema\/logo\/image\/","url":"https:\/\/stagezone.hu\/wp-content\/uploads\/2026\/01\/Adam-Hall_1000x1000-1-1.png","contentUrl":"https:\/\/stagezone.hu\/wp-content\/uploads\/2026\/01\/Adam-Hall_1000x1000-1-1.png","width":1000,"height":1000,"caption":"StageZone"},"image":{"@id":"https:\/\/stagezone.hu\/en\/#\/schema\/logo\/image\/"},"sameAs":["https:\/\/www.facebook.com\/stagezonehungary\/","https:\/\/www.instagram.com\/stagezonehungary\/"]}]}},"_links":{"self":[{"href":"https:\/\/stagezone.hu\/en\/wp-json\/wp\/v2\/product\/2111","targetHints":{"allow":["GET"]}}],"collection":[{"href":"https:\/\/stagezone.hu\/en\/wp-json\/wp\/v2\/product"}],"about":[{"href":"https:\/\/stagezone.hu\/en\/wp-json\/wp\/v2\/types\/product"}],"replies":[{"embeddable":true,"href":"https:\/\/stagezone.hu\/en\/wp-json\/wp\/v2\/comments?post=2111"}],"version-history":[{"count":4,"href":"https:\/\/stagezone.hu\/en\/wp-json\/wp\/v2\/product\/2111\/revisions"}],"predecessor-version":[{"id":10124,"href":"https:\/\/stagezone.hu\/en\/wp-json\/wp\/v2\/product\/2111\/revisions\/10124"}],"wp:featuredmedia":[{"embeddable":true,"href":"https:\/\/stagezone.hu\/en\/wp-json\/wp\/v2\/media\/4798"}],"wp:attachment":[{"href":"https:\/\/stagezone.hu\/en\/wp-json\/wp\/v2\/media?parent=2111"}],"wp:term":[{"taxonomy":"product_brand","embeddable":true,"href":"https:\/\/stagezone.hu\/en\/wp-json\/wp\/v2\/product_brand?post=2111"},{"taxonomy":"product_cat","embeddable":true,"href":"https:\/\/stagezone.hu\/en\/wp-json\/wp\/v2\/product_cat?post=2111"},{"taxonomy":"product_tag","embeddable":true,"href":"https:\/\/stagezone.hu\/en\/wp-json\/wp\/v2\/product_tag?post=2111"}],"curies":[{"name":"wp","href":"https:\/\/api.w.org\/{rel}","templated":true}]}}