{"id":2098,"date":"2024-09-25T17:45:45","date_gmt":"2024-09-25T15:45:45","guid":{"rendered":"https:\/\/stagezone.hu\/?post_type=product&#038;p=2098"},"modified":"2026-05-04T19:57:15","modified_gmt":"2026-05-04T18:57:15","slug":"magic-fx-elektromos-konfetti-agyu-80-cm-metallic","status":"publish","type":"product","link":"https:\/\/stagezone.hu\/en\/product\/magicfx-electric-confetti-cannon-80cm-metallic\/","title":{"rendered":"MagicFX Electric Confetti Cannon 80cm - Metallic"},"content":{"rendered":"<p><strong>MagicFX Electric Confetti Cannon 80cm &#8211; Metallic<\/strong><\/p>\n<p>With a launch distance of 10-12 m and 180 g of flame-retardant material.<\/p>\n<p>The metallic colored filling is made of PVC material, therefore it is not biodegradable!<\/p>\n<p>MAGIC FX is a leading special effects (SFX) brand headquartered in the Netherlands, founded in 1995. Its main activity is the design and production of high-quality, safe and innovative equipment, such as confetti, CO\u2082, flame and smoke machines for festivals, clubs and large-scale concerts. The brand is known for its premium engineering solutions and sustainability efforts, including biodegradable confetti and environmentally friendly machines.<\/p>\n","protected":false},"excerpt":{"rendered":"<p>This MagicFX Electric Confetti Cannon is 80cm long and features a metallic finish. It has a launch distance of 10-12 meters and uses 180g of flame-retardant material. Please note the metallic filling is PVC-based and not biodegradable.<\/p>\n","protected":false},"featured_media":4787,"comment_status":"closed","ping_status":"closed","template":"","meta":[],"product_brand":[],"product_cat":[280,481],"product_tag":[301,299,298,302],"class_list":{"0":"post-2098","1":"product","2":"type-product","3":"status-publish","4":"has-post-thumbnail","6":"product_cat-elektromos-konfetti-agyu","7":"product_cat-konfetti","8":"product_tag-80-cm","9":"product_tag-konfetti","10":"product_tag-magic-fx","11":"product_tag-metallic","13":"first","14":"instock","15":"taxable","16":"shipping-taxable","17":"purchasable","18":"product-type-variable","19":"has-default-attributes"},"yoast_head":"<!-- This site is optimized with the Yoast SEO Premium plugin v27.2 (Yoast SEO v27.2) - https:\/\/yoast.com\/product\/yoast-seo-premium-wordpress\/ -->\n<title>MagicFX Electric Confetti Cannon 80cm - Metallic<\/title>\n<meta name=\"description\" content=\"This MagicFX Electric Confetti Cannon is 80cm long and features a metallic finish. It has a launch distance of 10-12 meters and uses 180g of flame-retardant material. Please note the metallic filling is PVC-based and not biodegradable.\" \/>\n<meta name=\"robots\" content=\"index, follow, max-snippet:-1, max-image-preview:large, max-video-preview:-1\" \/>\n<link rel=\"canonical\" href=\"http:\/\/This%20MagicFX%20Electric%20Confetti%20Cannon%20is%2080cm%20long%20and%20features%20a%20metallic%20finish.%20It%20has%20a%20launch%20distance%20of%2010-12%20meters%20and%20uses%20180g%20of%20flame-retardant%20material.%20Please%20note%20the%20metallic%20filling%20is%20PVC-based%20and%20not%20biodegradable.\" \/>\n<meta property=\"og:locale\" content=\"en_US\" \/>\n<meta property=\"og:type\" content=\"article\" \/>\n<meta property=\"og:title\" content=\"MagicFX Electric Confetti Cannon 80cm - Metallic\" \/>\n<meta property=\"og:description\" content=\"This MagicFX Electric Confetti Cannon is 80cm long and features a metallic finish. It has a launch distance of 10-12 meters and uses 180g of flame-retardant material. Please note the metallic filling is PVC-based and not biodegradable.\" \/>\n<meta property=\"og:url\" content=\"https:\/\/stagezone.hu\/en\/product\/magicfx-electric-confetti-cannon-80cm-metallic\/\" \/>\n<meta property=\"og:site_name\" content=\"StageZone\" \/>\n<meta property=\"article:publisher\" content=\"https:\/\/www.facebook.com\/stagezonehungary\/\" \/>\n<meta property=\"article:modified_time\" content=\"2026-05-04T18:57:15+00:00\" \/>\n<meta property=\"og:image\" content=\"https:\/\/stagezone.hu\/wp-content\/uploads\/2024\/09\/EC04GLM.jpg\" \/>\n\t<meta property=\"og:image:width\" content=\"800\" \/>\n\t<meta property=\"og:image:height\" content=\"800\" \/>\n\t<meta property=\"og:image:type\" content=\"image\/jpeg\" \/>\n<meta name=\"twitter:card\" content=\"summary_large_image\" \/>\n<meta name=\"twitter:label1\" content=\"Est. reading time\" \/>\n\t<meta name=\"twitter:data1\" content=\"1 minute\" \/>\n<script type=\"application\/ld+json\" class=\"yoast-schema-graph\">{\"@context\":\"https:\/\/schema.org\",\"@graph\":[{\"@type\":\"WebPage\",\"@id\":\"https:\/\/stagezone.hu\/en\/product\/magicfx-electric-confetti-cannon-80cm-metallic\/\",\"url\":\"https:\/\/stagezone.hu\/en\/product\/magicfx-electric-confetti-cannon-80cm-metallic\/\",\"name\":\"MagicFX Elektromos konfetti \u00e1gy\u00fa 80cm - Metallic - StageZone\",\"isPartOf\":{\"@id\":\"https:\/\/stagezone.hu\/#website\"},\"primaryImageOfPage\":{\"@id\":\"https:\/\/stagezone.hu\/en\/product\/magicfx-electric-confetti-cannon-80cm-metallic\/#primaryimage\"},\"image\":{\"@id\":\"https:\/\/stagezone.hu\/en\/product\/magicfx-electric-confetti-cannon-80cm-metallic\/#primaryimage\"},\"thumbnailUrl\":\"https:\/\/stagezone.hu\/wp-content\/uploads\/2024\/09\/EC04GLM.jpg\",\"datePublished\":\"2024-09-25T15:45:45+00:00\",\"dateModified\":\"2026-05-04T18:57:15+00:00\",\"description\":\"MagicFX Elektromos konfetti \u00e1gy\u00fa 80cm - Metallic v\u00e1ltozata nagy kil\u00f6v\u00e9si t\u00e1vols\u00e1g\u00e1nak \u00e9s erej\u00e9nek k\u00f6sz\u00f6nhet\u0151en k\u00fclt\u00e9rre is t\u00f6k\u00e9letes.\",\"breadcrumb\":{\"@id\":\"https:\/\/stagezone.hu\/en\/product\/magicfx-electric-confetti-cannon-80cm-metallic\/#breadcrumb\"},\"inLanguage\":\"en-US\",\"potentialAction\":[{\"@type\":\"ReadAction\",\"target\":[\"https:\/\/stagezone.hu\/en\/product\/magicfx-electric-confetti-cannon-80cm-metallic\/\"]}]},{\"@type\":\"ImageObject\",\"inLanguage\":\"en-US\",\"@id\":\"https:\/\/stagezone.hu\/en\/product\/magicfx-electric-confetti-cannon-80cm-metallic\/#primaryimage\",\"url\":\"https:\/\/stagezone.hu\/wp-content\/uploads\/2024\/09\/EC04GLM.jpg\",\"contentUrl\":\"https:\/\/stagezone.hu\/wp-content\/uploads\/2024\/09\/EC04GLM.jpg\",\"width\":800,\"height\":800,\"caption\":\"MagicFX Elektromos konfetti \u00e1gy\u00fa 80cm - Metallic\"},{\"@type\":\"BreadcrumbList\",\"@id\":\"https:\/\/stagezone.hu\/en\/product\/magicfx-electric-confetti-cannon-80cm-metallic\/#breadcrumb\",\"itemListElement\":[{\"@type\":\"ListItem\",\"position\":1,\"name\":\"Kezd\u0151lap\",\"item\":\"https:\/\/stagezone.hu\/\"},{\"@type\":\"ListItem\",\"position\":2,\"name\":\"\u00dczlet\",\"item\":\"https:\/\/stagezone.hu\/uzlet\/\"},{\"@type\":\"ListItem\",\"position\":3,\"name\":\"MagicFX Electric Confetti Cannon 80cm - Metallic\"}]},{\"@type\":\"WebSite\",\"@id\":\"https:\/\/stagezone.hu\/en\/#website\",\"url\":\"https:\/\/stagezone.hu\/en\/\",\"name\":\"StageZone - Ragyogj a Stagezone min\u0151s\u00e9gi f\u00e9nytechnik\u00e1j\u00e1val.\",\"description\":\"StageZone\",\"publisher\":{\"@id\":\"https:\/\/stagezone.hu\/en\/#organization\"},\"potentialAction\":[{\"@type\":\"SearchAction\",\"target\":{\"@type\":\"EntryPoint\",\"urlTemplate\":\"https:\/\/stagezone.hu\/en\/?s={search_term_string}\"},\"query-input\":{\"@type\":\"PropertyValueSpecification\",\"valueRequired\":true,\"valueName\":\"search_term_string\"}}],\"inLanguage\":\"en-US\"},{\"@type\":\"Organization\",\"@id\":\"https:\/\/stagezone.hu\/en\/#organization\",\"name\":\"StageZone\",\"url\":\"https:\/\/stagezone.hu\/en\/\",\"logo\":{\"@type\":\"ImageObject\",\"inLanguage\":\"en-US\",\"@id\":\"https:\/\/stagezone.hu\/en\/#\/schema\/logo\/image\/\",\"url\":\"https:\/\/stagezone.hu\/wp-content\/uploads\/2026\/01\/Adam-Hall_1000x1000-1-1.png\",\"contentUrl\":\"https:\/\/stagezone.hu\/wp-content\/uploads\/2026\/01\/Adam-Hall_1000x1000-1-1.png\",\"width\":1000,\"height\":1000,\"caption\":\"StageZone\"},\"image\":{\"@id\":\"https:\/\/stagezone.hu\/en\/#\/schema\/logo\/image\/\"},\"sameAs\":[\"https:\/\/www.facebook.com\/stagezonehungary\/\",\"https:\/\/www.instagram.com\/stagezonehungary\/\"]}]}<\/script>\n<!-- \/ Yoast SEO Premium plugin. -->","yoast_head_json":{"title":"MagicFX Electric Confetti Cannon 80cm - Metallic","description":"This MagicFX Electric Confetti Cannon is 80cm long and features a metallic finish. It has a launch distance of 10-12 meters and uses 180g of flame-retardant material. Please note the metallic filling is PVC-based and not biodegradable.","robots":{"index":"index","follow":"follow","max-snippet":"max-snippet:-1","max-image-preview":"max-image-preview:large","max-video-preview":"max-video-preview:-1"},"canonical":"This MagicFX Electric Confetti Cannon is 80cm long and features a metallic finish. It has a launch distance of 10-12 meters and uses 180g of flame-retardant material. Please note the metallic filling is PVC-based and not biodegradable.","og_locale":"en_US","og_type":"article","og_title":"MagicFX Electric Confetti Cannon 80cm - Metallic","og_description":"This MagicFX Electric Confetti Cannon is 80cm long and features a metallic finish. It has a launch distance of 10-12 meters and uses 180g of flame-retardant material. Please note the metallic filling is PVC-based and not biodegradable.","og_url":"https:\/\/stagezone.hu\/en\/product\/magicfx-electric-confetti-cannon-80cm-metallic\/","og_site_name":"StageZone","article_publisher":"https:\/\/www.facebook.com\/stagezonehungary\/","article_modified_time":"2026-05-04T18:57:15+00:00","og_image":[{"width":800,"height":800,"url":"https:\/\/stagezone.hu\/wp-content\/uploads\/2024\/09\/EC04GLM.jpg","type":"image\/jpeg"}],"twitter_card":"summary_large_image","twitter_misc":{"Est. reading time":"1 minute"},"schema":{"@context":"https:\/\/schema.org","@graph":[{"@type":"WebPage","@id":"https:\/\/stagezone.hu\/en\/product\/magicfx-electric-confetti-cannon-80cm-metallic\/","url":"https:\/\/stagezone.hu\/en\/product\/magicfx-electric-confetti-cannon-80cm-metallic\/","name":"MagicFX Elektromos konfetti \u00e1gy\u00fa 80cm - Metallic - StageZone","isPartOf":{"@id":"https:\/\/stagezone.hu\/#website"},"primaryImageOfPage":{"@id":"https:\/\/stagezone.hu\/en\/product\/magicfx-electric-confetti-cannon-80cm-metallic\/#primaryimage"},"image":{"@id":"https:\/\/stagezone.hu\/en\/product\/magicfx-electric-confetti-cannon-80cm-metallic\/#primaryimage"},"thumbnailUrl":"https:\/\/stagezone.hu\/wp-content\/uploads\/2024\/09\/EC04GLM.jpg","datePublished":"2024-09-25T15:45:45+00:00","dateModified":"2026-05-04T18:57:15+00:00","description":"MagicFX Elektromos konfetti \u00e1gy\u00fa 80cm - Metallic v\u00e1ltozata nagy kil\u00f6v\u00e9si t\u00e1vols\u00e1g\u00e1nak \u00e9s erej\u00e9nek k\u00f6sz\u00f6nhet\u0151en k\u00fclt\u00e9rre is t\u00f6k\u00e9letes.","breadcrumb":{"@id":"https:\/\/stagezone.hu\/en\/product\/magicfx-electric-confetti-cannon-80cm-metallic\/#breadcrumb"},"inLanguage":"en-US","potentialAction":[{"@type":"ReadAction","target":["https:\/\/stagezone.hu\/en\/product\/magicfx-electric-confetti-cannon-80cm-metallic\/"]}]},{"@type":"ImageObject","inLanguage":"en-US","@id":"https:\/\/stagezone.hu\/en\/product\/magicfx-electric-confetti-cannon-80cm-metallic\/#primaryimage","url":"https:\/\/stagezone.hu\/wp-content\/uploads\/2024\/09\/EC04GLM.jpg","contentUrl":"https:\/\/stagezone.hu\/wp-content\/uploads\/2024\/09\/EC04GLM.jpg","width":800,"height":800,"caption":"MagicFX Elektromos konfetti \u00e1gy\u00fa 80cm - Metallic"},{"@type":"BreadcrumbList","@id":"https:\/\/stagezone.hu\/en\/product\/magicfx-electric-confetti-cannon-80cm-metallic\/#breadcrumb","itemListElement":[{"@type":"ListItem","position":1,"name":"Kezd\u0151lap","item":"https:\/\/stagezone.hu\/"},{"@type":"ListItem","position":2,"name":"\u00dczlet","item":"https:\/\/stagezone.hu\/uzlet\/"},{"@type":"ListItem","position":3,"name":"MagicFX Electric Confetti Cannon 80cm - Metallic"}]},{"@type":"WebSite","@id":"https:\/\/stagezone.hu\/en\/#website","url":"https:\/\/stagezone.hu\/en\/","name":"StageZone - Ragyogj a Stagezone min\u0151s\u00e9gi f\u00e9nytechnik\u00e1j\u00e1val.","description":"StageZone","publisher":{"@id":"https:\/\/stagezone.hu\/en\/#organization"},"potentialAction":[{"@type":"SearchAction","target":{"@type":"EntryPoint","urlTemplate":"https:\/\/stagezone.hu\/en\/?s={search_term_string}"},"query-input":{"@type":"PropertyValueSpecification","valueRequired":true,"valueName":"search_term_string"}}],"inLanguage":"en-US"},{"@type":"Organization","@id":"https:\/\/stagezone.hu\/en\/#organization","name":"StageZone","url":"https:\/\/stagezone.hu\/en\/","logo":{"@type":"ImageObject","inLanguage":"en-US","@id":"https:\/\/stagezone.hu\/en\/#\/schema\/logo\/image\/","url":"https:\/\/stagezone.hu\/wp-content\/uploads\/2026\/01\/Adam-Hall_1000x1000-1-1.png","contentUrl":"https:\/\/stagezone.hu\/wp-content\/uploads\/2026\/01\/Adam-Hall_1000x1000-1-1.png","width":1000,"height":1000,"caption":"StageZone"},"image":{"@id":"https:\/\/stagezone.hu\/en\/#\/schema\/logo\/image\/"},"sameAs":["https:\/\/www.facebook.com\/stagezonehungary\/","https:\/\/www.instagram.com\/stagezonehungary\/"]}]}},"_links":{"self":[{"href":"https:\/\/stagezone.hu\/en\/wp-json\/wp\/v2\/product\/2098","targetHints":{"allow":["GET"]}}],"collection":[{"href":"https:\/\/stagezone.hu\/en\/wp-json\/wp\/v2\/product"}],"about":[{"href":"https:\/\/stagezone.hu\/en\/wp-json\/wp\/v2\/types\/product"}],"replies":[{"embeddable":true,"href":"https:\/\/stagezone.hu\/en\/wp-json\/wp\/v2\/comments?post=2098"}],"version-history":[{"count":4,"href":"https:\/\/stagezone.hu\/en\/wp-json\/wp\/v2\/product\/2098\/revisions"}],"predecessor-version":[{"id":10127,"href":"https:\/\/stagezone.hu\/en\/wp-json\/wp\/v2\/product\/2098\/revisions\/10127"}],"wp:featuredmedia":[{"embeddable":true,"href":"https:\/\/stagezone.hu\/en\/wp-json\/wp\/v2\/media\/4787"}],"wp:attachment":[{"href":"https:\/\/stagezone.hu\/en\/wp-json\/wp\/v2\/media?parent=2098"}],"wp:term":[{"taxonomy":"product_brand","embeddable":true,"href":"https:\/\/stagezone.hu\/en\/wp-json\/wp\/v2\/product_brand?post=2098"},{"taxonomy":"product_cat","embeddable":true,"href":"https:\/\/stagezone.hu\/en\/wp-json\/wp\/v2\/product_cat?post=2098"},{"taxonomy":"product_tag","embeddable":true,"href":"https:\/\/stagezone.hu\/en\/wp-json\/wp\/v2\/product_tag?post=2098"}],"curies":[{"name":"wp","href":"https:\/\/api.w.org\/{rel}","templated":true}]}}