{"id":1711,"date":"2024-09-24T13:08:06","date_gmt":"2024-09-24T11:08:06","guid":{"rendered":"https:\/\/stagezone.hu\/?post_type=product&#038;p=1711"},"modified":"2026-05-04T19:57:20","modified_gmt":"2026-05-04T18:57:20","slug":"magic-fx-50cm-konfetti-agyu","status":"publish","type":"product","link":"https:\/\/stagezone.hu\/en\/product\/magicfx-electric-confetti-cannon-50cm-metallic\/","title":{"rendered":"MagicFX Electric Confetti Cannon 50cm - Metallic"},"content":{"rendered":"<p><strong>MagicFX Electric Confetti Cannon 50cm &#8211; Metallic<\/strong><\/p>\n<p>With a firing distance of 6-8 m and 90 g of flame-retardant material.<\/p>\n<p>The metallic colored filling is made of PVC-based material, so it is not biodegradable!<\/p>\n","protected":false},"excerpt":{"rendered":"<p>MagicFX Electric Confetti Cannon 50cm &#8211; Metallic. Shoots 6-8 meters with 90g of flame-retardant material. Non-biodegradable metallic PVC filling.<\/p>\n","protected":false},"featured_media":4815,"comment_status":"closed","ping_status":"closed","template":"","meta":[],"product_brand":[],"product_cat":[280,481],"product_tag":[],"class_list":{"0":"post-1711","1":"product","2":"type-product","3":"status-publish","4":"has-post-thumbnail","6":"product_cat-elektromos-konfetti-agyu","7":"product_cat-konfetti","9":"first","10":"instock","11":"taxable","12":"shipping-taxable","13":"purchasable","14":"product-type-variable","15":"has-default-attributes"},"yoast_head":"<!-- This site is optimized with the Yoast SEO Premium plugin v27.2 (Yoast SEO v27.2) - https:\/\/yoast.com\/product\/yoast-seo-premium-wordpress\/ -->\n<title>MagicFX Electric Confetti Cannon 50cm - Metallic<\/title>\n<meta name=\"description\" content=\"MagicFX Electric Confetti Cannon 50cm - Metallic. Shoots 6-8 meters with 90g of flame-retardant material. Non-biodegradable metallic PVC filling.\" \/>\n<meta name=\"robots\" content=\"index, follow, max-snippet:-1, max-image-preview:large, max-video-preview:-1\" \/>\n<link rel=\"canonical\" href=\"http:\/\/MagicFX%20Electric%20Confetti%20Cannon%2050cm%20-%20Metallic.%20Shoots%206-8%20meters%20with%2090g%20of%20flame-retardant%20material.%20Non-biodegradable%20metallic%20PVC%20filling.\" \/>\n<meta property=\"og:locale\" content=\"en_US\" \/>\n<meta property=\"og:type\" content=\"article\" \/>\n<meta property=\"og:title\" content=\"MagicFX Electric Confetti Cannon 50cm - Metallic\" \/>\n<meta property=\"og:description\" content=\"MagicFX Electric Confetti Cannon 50cm - Metallic. Shoots 6-8 meters with 90g of flame-retardant material. Non-biodegradable metallic PVC filling.\" \/>\n<meta property=\"og:url\" content=\"https:\/\/stagezone.hu\/en\/product\/magicfx-electric-confetti-cannon-50cm-metallic\/\" \/>\n<meta property=\"og:site_name\" content=\"StageZone\" \/>\n<meta property=\"article:publisher\" content=\"https:\/\/www.facebook.com\/stagezonehungary\/\" \/>\n<meta property=\"article:modified_time\" content=\"2026-05-04T18:57:20+00:00\" \/>\n<meta property=\"og:image\" content=\"https:\/\/stagezone.hu\/wp-content\/uploads\/2024\/09\/EC03BL-1.jpg\" \/>\n\t<meta property=\"og:image:width\" content=\"800\" \/>\n\t<meta property=\"og:image:height\" content=\"800\" \/>\n\t<meta property=\"og:image:type\" content=\"image\/jpeg\" \/>\n<meta name=\"twitter:card\" content=\"summary_large_image\" \/>\n<meta name=\"twitter:label1\" content=\"Est. reading time\" \/>\n\t<meta name=\"twitter:data1\" content=\"1 minute\" \/>\n<script type=\"application\/ld+json\" class=\"yoast-schema-graph\">{\"@context\":\"https:\/\/schema.org\",\"@graph\":[{\"@type\":\"WebPage\",\"@id\":\"https:\/\/stagezone.hu\/en\/product\/magicfx-electric-confetti-cannon-50cm-metallic\/\",\"url\":\"https:\/\/stagezone.hu\/en\/product\/magicfx-electric-confetti-cannon-50cm-metallic\/\",\"name\":\"MagicFX Elektromos konfetti \u00e1gy\u00fa 50cm - StageZone\",\"isPartOf\":{\"@id\":\"https:\/\/stagezone.hu\/#website\"},\"primaryImageOfPage\":{\"@id\":\"https:\/\/stagezone.hu\/en\/product\/magicfx-electric-confetti-cannon-50cm-metallic\/#primaryimage\"},\"image\":{\"@id\":\"https:\/\/stagezone.hu\/en\/product\/magicfx-electric-confetti-cannon-50cm-metallic\/#primaryimage\"},\"thumbnailUrl\":\"https:\/\/stagezone.hu\/wp-content\/uploads\/2024\/09\/EC03BL-1.jpg\",\"datePublished\":\"2024-09-24T11:08:06+00:00\",\"dateModified\":\"2026-05-04T18:57:20+00:00\",\"description\":\"A Magic FX elektromos konfetti \u00e1gy\u00fa 50 cm Metallic v\u00e1ltozata nagy kil\u00f6v\u00e9si t\u00e1vols\u00e1g\u00e1nak \u00e9s erej\u00e9nek k\u00f6sz\u00f6nhet\u0151en k\u00fclt\u00e9rre is t\u00f6k\u00e9letes.\",\"breadcrumb\":{\"@id\":\"https:\/\/stagezone.hu\/en\/product\/magicfx-electric-confetti-cannon-50cm-metallic\/#breadcrumb\"},\"inLanguage\":\"en-US\",\"potentialAction\":[{\"@type\":\"ReadAction\",\"target\":[\"https:\/\/stagezone.hu\/en\/product\/magicfx-electric-confetti-cannon-50cm-metallic\/\"]}]},{\"@type\":\"ImageObject\",\"inLanguage\":\"en-US\",\"@id\":\"https:\/\/stagezone.hu\/en\/product\/magicfx-electric-confetti-cannon-50cm-metallic\/#primaryimage\",\"url\":\"https:\/\/stagezone.hu\/wp-content\/uploads\/2024\/09\/EC03BL-1.jpg\",\"contentUrl\":\"https:\/\/stagezone.hu\/wp-content\/uploads\/2024\/09\/EC03BL-1.jpg\",\"width\":800,\"height\":800,\"caption\":\"MagicFX Elektromos konfetti \u00e1gy\u00fa 50cm\"},{\"@type\":\"BreadcrumbList\",\"@id\":\"https:\/\/stagezone.hu\/en\/product\/magicfx-electric-confetti-cannon-50cm-metallic\/#breadcrumb\",\"itemListElement\":[{\"@type\":\"ListItem\",\"position\":1,\"name\":\"Kezd\u0151lap\",\"item\":\"https:\/\/stagezone.hu\/\"},{\"@type\":\"ListItem\",\"position\":2,\"name\":\"\u00dczlet\",\"item\":\"https:\/\/stagezone.hu\/uzlet\/\"},{\"@type\":\"ListItem\",\"position\":3,\"name\":\"MagicFX Electric Confetti Cannon 50cm - Metallic\"}]},{\"@type\":\"WebSite\",\"@id\":\"https:\/\/stagezone.hu\/en\/#website\",\"url\":\"https:\/\/stagezone.hu\/en\/\",\"name\":\"StageZone - Ragyogj a Stagezone min\u0151s\u00e9gi f\u00e9nytechnik\u00e1j\u00e1val.\",\"description\":\"StageZone\",\"publisher\":{\"@id\":\"https:\/\/stagezone.hu\/en\/#organization\"},\"potentialAction\":[{\"@type\":\"SearchAction\",\"target\":{\"@type\":\"EntryPoint\",\"urlTemplate\":\"https:\/\/stagezone.hu\/en\/?s={search_term_string}\"},\"query-input\":{\"@type\":\"PropertyValueSpecification\",\"valueRequired\":true,\"valueName\":\"search_term_string\"}}],\"inLanguage\":\"en-US\"},{\"@type\":\"Organization\",\"@id\":\"https:\/\/stagezone.hu\/en\/#organization\",\"name\":\"StageZone\",\"url\":\"https:\/\/stagezone.hu\/en\/\",\"logo\":{\"@type\":\"ImageObject\",\"inLanguage\":\"en-US\",\"@id\":\"https:\/\/stagezone.hu\/en\/#\/schema\/logo\/image\/\",\"url\":\"https:\/\/stagezone.hu\/wp-content\/uploads\/2026\/01\/Adam-Hall_1000x1000-1-1.png\",\"contentUrl\":\"https:\/\/stagezone.hu\/wp-content\/uploads\/2026\/01\/Adam-Hall_1000x1000-1-1.png\",\"width\":1000,\"height\":1000,\"caption\":\"StageZone\"},\"image\":{\"@id\":\"https:\/\/stagezone.hu\/en\/#\/schema\/logo\/image\/\"},\"sameAs\":[\"https:\/\/www.facebook.com\/stagezonehungary\/\",\"https:\/\/www.instagram.com\/stagezonehungary\/\"]}]}<\/script>\n<!-- \/ Yoast SEO Premium plugin. -->","yoast_head_json":{"title":"MagicFX Electric Confetti Cannon 50cm - Metallic","description":"MagicFX Electric Confetti Cannon 50cm - Metallic. Shoots 6-8 meters with 90g of flame-retardant material. Non-biodegradable metallic PVC filling.","robots":{"index":"index","follow":"follow","max-snippet":"max-snippet:-1","max-image-preview":"max-image-preview:large","max-video-preview":"max-video-preview:-1"},"canonical":"MagicFX Electric Confetti Cannon 50cm - Metallic. Shoots 6-8 meters with 90g of flame-retardant material. Non-biodegradable metallic PVC filling.","og_locale":"en_US","og_type":"article","og_title":"MagicFX Electric Confetti Cannon 50cm - Metallic","og_description":"MagicFX Electric Confetti Cannon 50cm - Metallic. Shoots 6-8 meters with 90g of flame-retardant material. Non-biodegradable metallic PVC filling.","og_url":"https:\/\/stagezone.hu\/en\/product\/magicfx-electric-confetti-cannon-50cm-metallic\/","og_site_name":"StageZone","article_publisher":"https:\/\/www.facebook.com\/stagezonehungary\/","article_modified_time":"2026-05-04T18:57:20+00:00","og_image":[{"width":800,"height":800,"url":"https:\/\/stagezone.hu\/wp-content\/uploads\/2024\/09\/EC03BL-1.jpg","type":"image\/jpeg"}],"twitter_card":"summary_large_image","twitter_misc":{"Est. reading time":"1 minute"},"schema":{"@context":"https:\/\/schema.org","@graph":[{"@type":"WebPage","@id":"https:\/\/stagezone.hu\/en\/product\/magicfx-electric-confetti-cannon-50cm-metallic\/","url":"https:\/\/stagezone.hu\/en\/product\/magicfx-electric-confetti-cannon-50cm-metallic\/","name":"MagicFX Elektromos konfetti \u00e1gy\u00fa 50cm - StageZone","isPartOf":{"@id":"https:\/\/stagezone.hu\/#website"},"primaryImageOfPage":{"@id":"https:\/\/stagezone.hu\/en\/product\/magicfx-electric-confetti-cannon-50cm-metallic\/#primaryimage"},"image":{"@id":"https:\/\/stagezone.hu\/en\/product\/magicfx-electric-confetti-cannon-50cm-metallic\/#primaryimage"},"thumbnailUrl":"https:\/\/stagezone.hu\/wp-content\/uploads\/2024\/09\/EC03BL-1.jpg","datePublished":"2024-09-24T11:08:06+00:00","dateModified":"2026-05-04T18:57:20+00:00","description":"A Magic FX elektromos konfetti \u00e1gy\u00fa 50 cm Metallic v\u00e1ltozata nagy kil\u00f6v\u00e9si t\u00e1vols\u00e1g\u00e1nak \u00e9s erej\u00e9nek k\u00f6sz\u00f6nhet\u0151en k\u00fclt\u00e9rre is t\u00f6k\u00e9letes.","breadcrumb":{"@id":"https:\/\/stagezone.hu\/en\/product\/magicfx-electric-confetti-cannon-50cm-metallic\/#breadcrumb"},"inLanguage":"en-US","potentialAction":[{"@type":"ReadAction","target":["https:\/\/stagezone.hu\/en\/product\/magicfx-electric-confetti-cannon-50cm-metallic\/"]}]},{"@type":"ImageObject","inLanguage":"en-US","@id":"https:\/\/stagezone.hu\/en\/product\/magicfx-electric-confetti-cannon-50cm-metallic\/#primaryimage","url":"https:\/\/stagezone.hu\/wp-content\/uploads\/2024\/09\/EC03BL-1.jpg","contentUrl":"https:\/\/stagezone.hu\/wp-content\/uploads\/2024\/09\/EC03BL-1.jpg","width":800,"height":800,"caption":"MagicFX Elektromos konfetti \u00e1gy\u00fa 50cm"},{"@type":"BreadcrumbList","@id":"https:\/\/stagezone.hu\/en\/product\/magicfx-electric-confetti-cannon-50cm-metallic\/#breadcrumb","itemListElement":[{"@type":"ListItem","position":1,"name":"Kezd\u0151lap","item":"https:\/\/stagezone.hu\/"},{"@type":"ListItem","position":2,"name":"\u00dczlet","item":"https:\/\/stagezone.hu\/uzlet\/"},{"@type":"ListItem","position":3,"name":"MagicFX Electric Confetti Cannon 50cm - Metallic"}]},{"@type":"WebSite","@id":"https:\/\/stagezone.hu\/en\/#website","url":"https:\/\/stagezone.hu\/en\/","name":"StageZone - Ragyogj a Stagezone min\u0151s\u00e9gi f\u00e9nytechnik\u00e1j\u00e1val.","description":"StageZone","publisher":{"@id":"https:\/\/stagezone.hu\/en\/#organization"},"potentialAction":[{"@type":"SearchAction","target":{"@type":"EntryPoint","urlTemplate":"https:\/\/stagezone.hu\/en\/?s={search_term_string}"},"query-input":{"@type":"PropertyValueSpecification","valueRequired":true,"valueName":"search_term_string"}}],"inLanguage":"en-US"},{"@type":"Organization","@id":"https:\/\/stagezone.hu\/en\/#organization","name":"StageZone","url":"https:\/\/stagezone.hu\/en\/","logo":{"@type":"ImageObject","inLanguage":"en-US","@id":"https:\/\/stagezone.hu\/en\/#\/schema\/logo\/image\/","url":"https:\/\/stagezone.hu\/wp-content\/uploads\/2026\/01\/Adam-Hall_1000x1000-1-1.png","contentUrl":"https:\/\/stagezone.hu\/wp-content\/uploads\/2026\/01\/Adam-Hall_1000x1000-1-1.png","width":1000,"height":1000,"caption":"StageZone"},"image":{"@id":"https:\/\/stagezone.hu\/en\/#\/schema\/logo\/image\/"},"sameAs":["https:\/\/www.facebook.com\/stagezonehungary\/","https:\/\/www.instagram.com\/stagezonehungary\/"]}]}},"_links":{"self":[{"href":"https:\/\/stagezone.hu\/en\/wp-json\/wp\/v2\/product\/1711","targetHints":{"allow":["GET"]}}],"collection":[{"href":"https:\/\/stagezone.hu\/en\/wp-json\/wp\/v2\/product"}],"about":[{"href":"https:\/\/stagezone.hu\/en\/wp-json\/wp\/v2\/types\/product"}],"replies":[{"embeddable":true,"href":"https:\/\/stagezone.hu\/en\/wp-json\/wp\/v2\/comments?post=1711"}],"version-history":[{"count":6,"href":"https:\/\/stagezone.hu\/en\/wp-json\/wp\/v2\/product\/1711\/revisions"}],"predecessor-version":[{"id":10130,"href":"https:\/\/stagezone.hu\/en\/wp-json\/wp\/v2\/product\/1711\/revisions\/10130"}],"wp:featuredmedia":[{"embeddable":true,"href":"https:\/\/stagezone.hu\/en\/wp-json\/wp\/v2\/media\/4815"}],"wp:attachment":[{"href":"https:\/\/stagezone.hu\/en\/wp-json\/wp\/v2\/media?parent=1711"}],"wp:term":[{"taxonomy":"product_brand","embeddable":true,"href":"https:\/\/stagezone.hu\/en\/wp-json\/wp\/v2\/product_brand?post=1711"},{"taxonomy":"product_cat","embeddable":true,"href":"https:\/\/stagezone.hu\/en\/wp-json\/wp\/v2\/product_cat?post=1711"},{"taxonomy":"product_tag","embeddable":true,"href":"https:\/\/stagezone.hu\/en\/wp-json\/wp\/v2\/product_tag?post=1711"}],"curies":[{"name":"wp","href":"https:\/\/api.w.org\/{rel}","templated":true}]}}