{"id":1535,"date":"2024-07-01T15:54:28","date_gmt":"2024-07-01T13:54:28","guid":{"rendered":"https:\/\/stagezone.hu\/?post_type=product&#038;p=1535"},"modified":"2026-05-04T19:57:22","modified_gmt":"2026-05-04T18:57:22","slug":"adj-hazer-folyadek-5-liter","status":"publish","type":"product","link":"https:\/\/stagezone.hu\/en\/product\/hazer-fluid-5l\/","title":{"rendered":"Hazer Fluid 5L"},"content":{"rendered":"<p>&nbsp;<\/p>\n<p>Fluid for hazer machine, creates homogeneous fog.<\/p>\n<p><strong>Packaging:<\/strong> 5 l<\/p>\n","protected":false},"excerpt":{"rendered":"<p>Fluid for hazer machines, creates homogeneous fog. Packaging: 5 l.<\/p>\n","protected":false},"featured_media":5332,"comment_status":"closed","ping_status":"closed","template":"","meta":[],"product_brand":[],"product_cat":[178,184],"product_tag":[218,222,223,209],"class_list":{"0":"post-1535","1":"product","2":"type-product","3":"status-publish","4":"has-post-thumbnail","6":"product_cat-effekt","7":"product_cat-effekt-anyagok","8":"product_tag-adj","9":"product_tag-hazer","10":"product_tag-hazergep","11":"product_tag-stagezone","13":"first","14":"instock","15":"taxable","16":"shipping-taxable","17":"purchasable","18":"product-type-simple"},"yoast_head":"<!-- This site is optimized with the Yoast SEO Premium plugin v27.2 (Yoast SEO v27.2) - https:\/\/yoast.com\/product\/yoast-seo-premium-wordpress\/ -->\n<title>Hazer Fluid 5L<\/title>\n<meta name=\"description\" content=\"Fluid for hazer machines, creates homogeneous fog. Packaging: 5 l.\" \/>\n<meta name=\"robots\" content=\"index, follow, max-snippet:-1, max-image-preview:large, max-video-preview:-1\" \/>\n<link rel=\"canonical\" href=\"\" \/>\n<meta property=\"og:locale\" content=\"en_US\" \/>\n<meta property=\"og:type\" content=\"article\" \/>\n<meta property=\"og:title\" content=\"Hazer Fluid 5L\" \/>\n<meta property=\"og:description\" content=\"Fluid for hazer machines, creates homogeneous fog. Packaging: 5 l.\" \/>\n<meta property=\"og:url\" content=\"https:\/\/stagezone.hu\/en\/product\/hazer-fluid-5l\/\" \/>\n<meta property=\"og:site_name\" content=\"StageZone\" \/>\n<meta property=\"article:publisher\" content=\"https:\/\/www.facebook.com\/stagezonehungary\/\" \/>\n<meta property=\"article:modified_time\" content=\"2026-05-04T18:57:22+00:00\" \/>\n<meta property=\"og:image\" content=\"https:\/\/stagezone.hu\/wp-content\/uploads\/2024\/07\/ADH-HAZE.png\" \/>\n\t<meta property=\"og:image:width\" content=\"1000\" \/>\n\t<meta property=\"og:image:height\" content=\"1000\" \/>\n\t<meta property=\"og:image:type\" content=\"image\/png\" \/>\n<meta name=\"twitter:card\" content=\"summary_large_image\" \/>\n<meta name=\"twitter:label1\" content=\"Est. reading time\" \/>\n\t<meta name=\"twitter:data1\" content=\"1 minute\" \/>\n<script type=\"application\/ld+json\" class=\"yoast-schema-graph\">{\"@context\":\"https:\/\/schema.org\",\"@graph\":[{\"@type\":\"WebPage\",\"@id\":\"https:\/\/stagezone.hu\/en\/product\/hazer-fluid-5l\/\",\"url\":\"https:\/\/stagezone.hu\/en\/product\/hazer-fluid-5l\/\",\"name\":\"Hazer folyad\u00e9k - StageZone\",\"isPartOf\":{\"@id\":\"https:\/\/stagezone.hu\/#website\"},\"primaryImageOfPage\":{\"@id\":\"https:\/\/stagezone.hu\/en\/product\/hazer-fluid-5l\/#primaryimage\"},\"image\":{\"@id\":\"https:\/\/stagezone.hu\/en\/product\/hazer-fluid-5l\/#primaryimage\"},\"thumbnailUrl\":\"https:\/\/stagezone.hu\/wp-content\/uploads\/2024\/07\/ADH-HAZE.png\",\"datePublished\":\"2024-07-01T13:54:28+00:00\",\"dateModified\":\"2026-05-04T18:57:22+00:00\",\"description\":\"V\u00edzb\u00e1zis\u00fa ADJ hazer folyad\u00e9k 5 literes kiszerel\u00e9sben, mely kifejezetten hazer g\u00e9pekhez lett kifejlesztve homog\u00e9n k\u00f6d alkot\u00e1s\u00e1ra.\",\"breadcrumb\":{\"@id\":\"https:\/\/stagezone.hu\/en\/product\/hazer-fluid-5l\/#breadcrumb\"},\"inLanguage\":\"en-US\",\"potentialAction\":[{\"@type\":\"ReadAction\",\"target\":[\"https:\/\/stagezone.hu\/en\/product\/hazer-fluid-5l\/\"]}]},{\"@type\":\"ImageObject\",\"inLanguage\":\"en-US\",\"@id\":\"https:\/\/stagezone.hu\/en\/product\/hazer-fluid-5l\/#primaryimage\",\"url\":\"https:\/\/stagezone.hu\/wp-content\/uploads\/2024\/07\/ADH-HAZE.png\",\"contentUrl\":\"https:\/\/stagezone.hu\/wp-content\/uploads\/2024\/07\/ADH-HAZE.png\",\"width\":1000,\"height\":1000},{\"@type\":\"BreadcrumbList\",\"@id\":\"https:\/\/stagezone.hu\/en\/product\/hazer-fluid-5l\/#breadcrumb\",\"itemListElement\":[{\"@type\":\"ListItem\",\"position\":1,\"name\":\"Kezd\u0151lap\",\"item\":\"https:\/\/stagezone.hu\/\"},{\"@type\":\"ListItem\",\"position\":2,\"name\":\"\u00dczlet\",\"item\":\"https:\/\/stagezone.hu\/uzlet\/\"},{\"@type\":\"ListItem\",\"position\":3,\"name\":\"Hazer Fluid 5L\"}]},{\"@type\":\"WebSite\",\"@id\":\"https:\/\/stagezone.hu\/en\/#website\",\"url\":\"https:\/\/stagezone.hu\/en\/\",\"name\":\"StageZone - Ragyogj a Stagezone min\u0151s\u00e9gi f\u00e9nytechnik\u00e1j\u00e1val.\",\"description\":\"StageZone\",\"publisher\":{\"@id\":\"https:\/\/stagezone.hu\/en\/#organization\"},\"potentialAction\":[{\"@type\":\"SearchAction\",\"target\":{\"@type\":\"EntryPoint\",\"urlTemplate\":\"https:\/\/stagezone.hu\/en\/?s={search_term_string}\"},\"query-input\":{\"@type\":\"PropertyValueSpecification\",\"valueRequired\":true,\"valueName\":\"search_term_string\"}}],\"inLanguage\":\"en-US\"},{\"@type\":\"Organization\",\"@id\":\"https:\/\/stagezone.hu\/en\/#organization\",\"name\":\"StageZone\",\"url\":\"https:\/\/stagezone.hu\/en\/\",\"logo\":{\"@type\":\"ImageObject\",\"inLanguage\":\"en-US\",\"@id\":\"https:\/\/stagezone.hu\/en\/#\/schema\/logo\/image\/\",\"url\":\"https:\/\/stagezone.hu\/wp-content\/uploads\/2026\/01\/Adam-Hall_1000x1000-1-1.png\",\"contentUrl\":\"https:\/\/stagezone.hu\/wp-content\/uploads\/2026\/01\/Adam-Hall_1000x1000-1-1.png\",\"width\":1000,\"height\":1000,\"caption\":\"StageZone\"},\"image\":{\"@id\":\"https:\/\/stagezone.hu\/en\/#\/schema\/logo\/image\/\"},\"sameAs\":[\"https:\/\/www.facebook.com\/stagezonehungary\/\",\"https:\/\/www.instagram.com\/stagezonehungary\/\"]}]}<\/script>\n<!-- \/ Yoast SEO Premium plugin. -->","yoast_head_json":{"title":"Hazer Fluid 5L","description":"Fluid for hazer machines, creates homogeneous fog. Packaging: 5 l.","robots":{"index":"index","follow":"follow","max-snippet":"max-snippet:-1","max-image-preview":"max-image-preview:large","max-video-preview":"max-video-preview:-1"},"canonical":"Fluid for hazer machines, creates homogeneous fog. Packaging: 5 l.","og_locale":"en_US","og_type":"article","og_title":"Hazer Fluid 5L","og_description":"Fluid for hazer machines, creates homogeneous fog. Packaging: 5 l.","og_url":"https:\/\/stagezone.hu\/en\/product\/hazer-fluid-5l\/","og_site_name":"StageZone","article_publisher":"https:\/\/www.facebook.com\/stagezonehungary\/","article_modified_time":"2026-05-04T18:57:22+00:00","og_image":[{"width":1000,"height":1000,"url":"https:\/\/stagezone.hu\/wp-content\/uploads\/2024\/07\/ADH-HAZE.png","type":"image\/png"}],"twitter_card":"summary_large_image","twitter_misc":{"Est. reading time":"1 minute"},"schema":{"@context":"https:\/\/schema.org","@graph":[{"@type":"WebPage","@id":"https:\/\/stagezone.hu\/en\/product\/hazer-fluid-5l\/","url":"https:\/\/stagezone.hu\/en\/product\/hazer-fluid-5l\/","name":"Hazer folyad\u00e9k - StageZone","isPartOf":{"@id":"https:\/\/stagezone.hu\/#website"},"primaryImageOfPage":{"@id":"https:\/\/stagezone.hu\/en\/product\/hazer-fluid-5l\/#primaryimage"},"image":{"@id":"https:\/\/stagezone.hu\/en\/product\/hazer-fluid-5l\/#primaryimage"},"thumbnailUrl":"https:\/\/stagezone.hu\/wp-content\/uploads\/2024\/07\/ADH-HAZE.png","datePublished":"2024-07-01T13:54:28+00:00","dateModified":"2026-05-04T18:57:22+00:00","description":"V\u00edzb\u00e1zis\u00fa ADJ hazer folyad\u00e9k 5 literes kiszerel\u00e9sben, mely kifejezetten hazer g\u00e9pekhez lett kifejlesztve homog\u00e9n k\u00f6d alkot\u00e1s\u00e1ra.","breadcrumb":{"@id":"https:\/\/stagezone.hu\/en\/product\/hazer-fluid-5l\/#breadcrumb"},"inLanguage":"en-US","potentialAction":[{"@type":"ReadAction","target":["https:\/\/stagezone.hu\/en\/product\/hazer-fluid-5l\/"]}]},{"@type":"ImageObject","inLanguage":"en-US","@id":"https:\/\/stagezone.hu\/en\/product\/hazer-fluid-5l\/#primaryimage","url":"https:\/\/stagezone.hu\/wp-content\/uploads\/2024\/07\/ADH-HAZE.png","contentUrl":"https:\/\/stagezone.hu\/wp-content\/uploads\/2024\/07\/ADH-HAZE.png","width":1000,"height":1000},{"@type":"BreadcrumbList","@id":"https:\/\/stagezone.hu\/en\/product\/hazer-fluid-5l\/#breadcrumb","itemListElement":[{"@type":"ListItem","position":1,"name":"Kezd\u0151lap","item":"https:\/\/stagezone.hu\/"},{"@type":"ListItem","position":2,"name":"\u00dczlet","item":"https:\/\/stagezone.hu\/uzlet\/"},{"@type":"ListItem","position":3,"name":"Hazer Fluid 5L"}]},{"@type":"WebSite","@id":"https:\/\/stagezone.hu\/en\/#website","url":"https:\/\/stagezone.hu\/en\/","name":"StageZone - Ragyogj a Stagezone min\u0151s\u00e9gi f\u00e9nytechnik\u00e1j\u00e1val.","description":"StageZone","publisher":{"@id":"https:\/\/stagezone.hu\/en\/#organization"},"potentialAction":[{"@type":"SearchAction","target":{"@type":"EntryPoint","urlTemplate":"https:\/\/stagezone.hu\/en\/?s={search_term_string}"},"query-input":{"@type":"PropertyValueSpecification","valueRequired":true,"valueName":"search_term_string"}}],"inLanguage":"en-US"},{"@type":"Organization","@id":"https:\/\/stagezone.hu\/en\/#organization","name":"StageZone","url":"https:\/\/stagezone.hu\/en\/","logo":{"@type":"ImageObject","inLanguage":"en-US","@id":"https:\/\/stagezone.hu\/en\/#\/schema\/logo\/image\/","url":"https:\/\/stagezone.hu\/wp-content\/uploads\/2026\/01\/Adam-Hall_1000x1000-1-1.png","contentUrl":"https:\/\/stagezone.hu\/wp-content\/uploads\/2026\/01\/Adam-Hall_1000x1000-1-1.png","width":1000,"height":1000,"caption":"StageZone"},"image":{"@id":"https:\/\/stagezone.hu\/en\/#\/schema\/logo\/image\/"},"sameAs":["https:\/\/www.facebook.com\/stagezonehungary\/","https:\/\/www.instagram.com\/stagezonehungary\/"]}]}},"_links":{"self":[{"href":"https:\/\/stagezone.hu\/en\/wp-json\/wp\/v2\/product\/1535","targetHints":{"allow":["GET"]}}],"collection":[{"href":"https:\/\/stagezone.hu\/en\/wp-json\/wp\/v2\/product"}],"about":[{"href":"https:\/\/stagezone.hu\/en\/wp-json\/wp\/v2\/types\/product"}],"replies":[{"embeddable":true,"href":"https:\/\/stagezone.hu\/en\/wp-json\/wp\/v2\/comments?post=1535"}],"version-history":[{"count":2,"href":"https:\/\/stagezone.hu\/en\/wp-json\/wp\/v2\/product\/1535\/revisions"}],"predecessor-version":[{"id":5341,"href":"https:\/\/stagezone.hu\/en\/wp-json\/wp\/v2\/product\/1535\/revisions\/5341"}],"wp:featuredmedia":[{"embeddable":true,"href":"https:\/\/stagezone.hu\/en\/wp-json\/wp\/v2\/media\/5332"}],"wp:attachment":[{"href":"https:\/\/stagezone.hu\/en\/wp-json\/wp\/v2\/media?parent=1535"}],"wp:term":[{"taxonomy":"product_brand","embeddable":true,"href":"https:\/\/stagezone.hu\/en\/wp-json\/wp\/v2\/product_brand?post=1535"},{"taxonomy":"product_cat","embeddable":true,"href":"https:\/\/stagezone.hu\/en\/wp-json\/wp\/v2\/product_cat?post=1535"},{"taxonomy":"product_tag","embeddable":true,"href":"https:\/\/stagezone.hu\/en\/wp-json\/wp\/v2\/product_tag?post=1535"}],"curies":[{"name":"wp","href":"https:\/\/api.w.org\/{rel}","templated":true}]}}