{"id":1533,"date":"2024-07-01T15:52:34","date_gmt":"2024-07-01T13:52:34","guid":{"rendered":"https:\/\/stagezone.hu\/?post_type=product&#038;p=1533"},"modified":"2026-05-04T19:57:23","modified_gmt":"2026-05-04T18:57:23","slug":"adj-fustfolyadek-3-heavy-5-liter","status":"publish","type":"product","link":"https:\/\/stagezone.hu\/en\/product\/adj-heavy-fog-fluid-5l\/","title":{"rendered":"ADJ Heavy Fog Fluid - 5L"},"content":{"rendered":"<p><strong>ADJ Heavy Fog Fluid<\/strong><\/p>\n<p>Heavy fluid for fog machines, capable of producing white, long-lasting fog.<\/p>\n<p><strong>Packaging:<\/strong> 5 L<\/p>\n<p>ADJ is a globally recognized manufacturer specializing in entertainment lighting, LED video technology, and various stage effects. With over 35 years of industry experience, ADJ holds a leading market position worldwide with its reliable and innovative products. Their product range covers a wide spectrum: moving head lights, static lighting effects, DMX control hardware and software, fog machines, and other effect machines.<\/p>\n","protected":false},"excerpt":{"rendered":"<p>ADJ Heavy fog fluid in a 5L container, designed to produce a dense, long-lasting white fog.<\/p>\n","protected":false},"featured_media":5333,"comment_status":"closed","ping_status":"closed","template":"","meta":[],"product_brand":[],"product_cat":[178,184],"product_tag":[218,220,219,221],"class_list":{"0":"post-1533","1":"product","2":"type-product","3":"status-publish","4":"has-post-thumbnail","6":"product_cat-effekt","7":"product_cat-effekt-anyagok","8":"product_tag-adj","9":"product_tag-fust","10":"product_tag-fustfolyadek","11":"product_tag-fustgep","13":"first","14":"contact_us","15":"taxable","16":"shipping-taxable","17":"purchasable","18":"product-type-simple"},"yoast_head":"<!-- This site is optimized with the Yoast SEO Premium plugin v27.2 (Yoast SEO v27.2) - https:\/\/yoast.com\/product\/yoast-seo-premium-wordpress\/ -->\n<title>ADJ Heavy Fog Fluid - 5L<\/title>\n<meta name=\"description\" content=\"ADJ Heavy fog fluid in a 5L container, designed to produce a dense, long-lasting white fog.\" \/>\n<meta name=\"robots\" content=\"index, follow, max-snippet:-1, max-image-preview:large, max-video-preview:-1\" \/>\n<link rel=\"canonical\" href=\"http:\/\/ADJ%20Heavy%20fog%20fluid%20in%20a%205L%20container,%20designed%20to%20produce%20a%20dense,%20long-lasting%20white%20fog.\" \/>\n<meta property=\"og:locale\" content=\"en_US\" \/>\n<meta property=\"og:type\" content=\"article\" \/>\n<meta property=\"og:title\" content=\"ADJ Heavy Fog Fluid - 5L\" \/>\n<meta property=\"og:description\" content=\"ADJ Heavy fog fluid in a 5L container, designed to produce a dense, long-lasting white fog.\" \/>\n<meta property=\"og:url\" content=\"https:\/\/stagezone.hu\/en\/product\/adj-heavy-fog-fluid-5l\/\" \/>\n<meta property=\"og:site_name\" content=\"StageZone\" \/>\n<meta property=\"article:publisher\" content=\"https:\/\/www.facebook.com\/stagezonehungary\/\" \/>\n<meta property=\"article:modified_time\" content=\"2026-05-04T18:57:23+00:00\" \/>\n<meta property=\"og:image\" content=\"https:\/\/stagezone.hu\/wp-content\/uploads\/2024\/07\/ADJ-H.png\" \/>\n\t<meta property=\"og:image:width\" content=\"1000\" \/>\n\t<meta property=\"og:image:height\" content=\"1000\" \/>\n\t<meta property=\"og:image:type\" content=\"image\/png\" \/>\n<meta name=\"twitter:card\" content=\"summary_large_image\" \/>\n<meta name=\"twitter:label1\" content=\"Est. reading time\" \/>\n\t<meta name=\"twitter:data1\" content=\"1 minute\" \/>\n<script type=\"application\/ld+json\" class=\"yoast-schema-graph\">{\"@context\":\"https:\/\/schema.org\",\"@graph\":[{\"@type\":\"WebPage\",\"@id\":\"https:\/\/stagezone.hu\/en\/product\/adj-heavy-fog-fluid-5l\/\",\"url\":\"https:\/\/stagezone.hu\/en\/product\/adj-heavy-fog-fluid-5l\/\",\"name\":\"ADJ F\u00fcstfolyad\u00e9k Heavy - StageZone\",\"isPartOf\":{\"@id\":\"https:\/\/stagezone.hu\/#website\"},\"primaryImageOfPage\":{\"@id\":\"https:\/\/stagezone.hu\/en\/product\/adj-heavy-fog-fluid-5l\/#primaryimage\"},\"image\":{\"@id\":\"https:\/\/stagezone.hu\/en\/product\/adj-heavy-fog-fluid-5l\/#primaryimage\"},\"thumbnailUrl\":\"https:\/\/stagezone.hu\/wp-content\/uploads\/2024\/07\/ADJ-H.png\",\"datePublished\":\"2024-07-01T13:52:34+00:00\",\"dateModified\":\"2026-05-04T18:57:23+00:00\",\"description\":\"ADJ F\u00fcstfolyad\u00e9k Heavy folyad\u00e9k f\u00fcstg\u00e9phez, feh\u00e9r, tart\u00f3s f\u00fcst\u00f6t k\u00e9pes. 5 literes kiszerel\u00e9sben.\",\"breadcrumb\":{\"@id\":\"https:\/\/stagezone.hu\/en\/product\/adj-heavy-fog-fluid-5l\/#breadcrumb\"},\"inLanguage\":\"en-US\",\"potentialAction\":[{\"@type\":\"ReadAction\",\"target\":[\"https:\/\/stagezone.hu\/en\/product\/adj-heavy-fog-fluid-5l\/\"]}]},{\"@type\":\"ImageObject\",\"inLanguage\":\"en-US\",\"@id\":\"https:\/\/stagezone.hu\/en\/product\/adj-heavy-fog-fluid-5l\/#primaryimage\",\"url\":\"https:\/\/stagezone.hu\/wp-content\/uploads\/2024\/07\/ADJ-H.png\",\"contentUrl\":\"https:\/\/stagezone.hu\/wp-content\/uploads\/2024\/07\/ADJ-H.png\",\"width\":1000,\"height\":1000,\"caption\":\"ADJ F\u00fcstfolyad\u00e9k Heavy\"},{\"@type\":\"BreadcrumbList\",\"@id\":\"https:\/\/stagezone.hu\/en\/product\/adj-heavy-fog-fluid-5l\/#breadcrumb\",\"itemListElement\":[{\"@type\":\"ListItem\",\"position\":1,\"name\":\"Kezd\u0151lap\",\"item\":\"https:\/\/stagezone.hu\/\"},{\"@type\":\"ListItem\",\"position\":2,\"name\":\"\u00dczlet\",\"item\":\"https:\/\/stagezone.hu\/uzlet\/\"},{\"@type\":\"ListItem\",\"position\":3,\"name\":\"ADJ Heavy Fog Fluid - 5L\"}]},{\"@type\":\"WebSite\",\"@id\":\"https:\/\/stagezone.hu\/en\/#website\",\"url\":\"https:\/\/stagezone.hu\/en\/\",\"name\":\"StageZone - Ragyogj a Stagezone min\u0151s\u00e9gi f\u00e9nytechnik\u00e1j\u00e1val.\",\"description\":\"StageZone\",\"publisher\":{\"@id\":\"https:\/\/stagezone.hu\/en\/#organization\"},\"potentialAction\":[{\"@type\":\"SearchAction\",\"target\":{\"@type\":\"EntryPoint\",\"urlTemplate\":\"https:\/\/stagezone.hu\/en\/?s={search_term_string}\"},\"query-input\":{\"@type\":\"PropertyValueSpecification\",\"valueRequired\":true,\"valueName\":\"search_term_string\"}}],\"inLanguage\":\"en-US\"},{\"@type\":\"Organization\",\"@id\":\"https:\/\/stagezone.hu\/en\/#organization\",\"name\":\"StageZone\",\"url\":\"https:\/\/stagezone.hu\/en\/\",\"logo\":{\"@type\":\"ImageObject\",\"inLanguage\":\"en-US\",\"@id\":\"https:\/\/stagezone.hu\/en\/#\/schema\/logo\/image\/\",\"url\":\"https:\/\/stagezone.hu\/wp-content\/uploads\/2026\/01\/Adam-Hall_1000x1000-1-1.png\",\"contentUrl\":\"https:\/\/stagezone.hu\/wp-content\/uploads\/2026\/01\/Adam-Hall_1000x1000-1-1.png\",\"width\":1000,\"height\":1000,\"caption\":\"StageZone\"},\"image\":{\"@id\":\"https:\/\/stagezone.hu\/en\/#\/schema\/logo\/image\/\"},\"sameAs\":[\"https:\/\/www.facebook.com\/stagezonehungary\/\",\"https:\/\/www.instagram.com\/stagezonehungary\/\"]}]}<\/script>\n<!-- \/ Yoast SEO Premium plugin. -->","yoast_head_json":{"title":"ADJ Heavy Fog Fluid - 5L","description":"ADJ Heavy fog fluid in a 5L container, designed to produce a dense, long-lasting white fog.","robots":{"index":"index","follow":"follow","max-snippet":"max-snippet:-1","max-image-preview":"max-image-preview:large","max-video-preview":"max-video-preview:-1"},"canonical":"ADJ Heavy fog fluid in a 5L container, designed to produce a dense, long-lasting white fog.","og_locale":"en_US","og_type":"article","og_title":"ADJ Heavy Fog Fluid - 5L","og_description":"ADJ Heavy fog fluid in a 5L container, designed to produce a dense, long-lasting white fog.","og_url":"https:\/\/stagezone.hu\/en\/product\/adj-heavy-fog-fluid-5l\/","og_site_name":"StageZone","article_publisher":"https:\/\/www.facebook.com\/stagezonehungary\/","article_modified_time":"2026-05-04T18:57:23+00:00","og_image":[{"width":1000,"height":1000,"url":"https:\/\/stagezone.hu\/wp-content\/uploads\/2024\/07\/ADJ-H.png","type":"image\/png"}],"twitter_card":"summary_large_image","twitter_misc":{"Est. reading time":"1 minute"},"schema":{"@context":"https:\/\/schema.org","@graph":[{"@type":"WebPage","@id":"https:\/\/stagezone.hu\/en\/product\/adj-heavy-fog-fluid-5l\/","url":"https:\/\/stagezone.hu\/en\/product\/adj-heavy-fog-fluid-5l\/","name":"ADJ F\u00fcstfolyad\u00e9k Heavy - StageZone","isPartOf":{"@id":"https:\/\/stagezone.hu\/#website"},"primaryImageOfPage":{"@id":"https:\/\/stagezone.hu\/en\/product\/adj-heavy-fog-fluid-5l\/#primaryimage"},"image":{"@id":"https:\/\/stagezone.hu\/en\/product\/adj-heavy-fog-fluid-5l\/#primaryimage"},"thumbnailUrl":"https:\/\/stagezone.hu\/wp-content\/uploads\/2024\/07\/ADJ-H.png","datePublished":"2024-07-01T13:52:34+00:00","dateModified":"2026-05-04T18:57:23+00:00","description":"ADJ F\u00fcstfolyad\u00e9k Heavy folyad\u00e9k f\u00fcstg\u00e9phez, feh\u00e9r, tart\u00f3s f\u00fcst\u00f6t k\u00e9pes. 5 literes kiszerel\u00e9sben.","breadcrumb":{"@id":"https:\/\/stagezone.hu\/en\/product\/adj-heavy-fog-fluid-5l\/#breadcrumb"},"inLanguage":"en-US","potentialAction":[{"@type":"ReadAction","target":["https:\/\/stagezone.hu\/en\/product\/adj-heavy-fog-fluid-5l\/"]}]},{"@type":"ImageObject","inLanguage":"en-US","@id":"https:\/\/stagezone.hu\/en\/product\/adj-heavy-fog-fluid-5l\/#primaryimage","url":"https:\/\/stagezone.hu\/wp-content\/uploads\/2024\/07\/ADJ-H.png","contentUrl":"https:\/\/stagezone.hu\/wp-content\/uploads\/2024\/07\/ADJ-H.png","width":1000,"height":1000,"caption":"ADJ F\u00fcstfolyad\u00e9k Heavy"},{"@type":"BreadcrumbList","@id":"https:\/\/stagezone.hu\/en\/product\/adj-heavy-fog-fluid-5l\/#breadcrumb","itemListElement":[{"@type":"ListItem","position":1,"name":"Kezd\u0151lap","item":"https:\/\/stagezone.hu\/"},{"@type":"ListItem","position":2,"name":"\u00dczlet","item":"https:\/\/stagezone.hu\/uzlet\/"},{"@type":"ListItem","position":3,"name":"ADJ Heavy Fog Fluid - 5L"}]},{"@type":"WebSite","@id":"https:\/\/stagezone.hu\/en\/#website","url":"https:\/\/stagezone.hu\/en\/","name":"StageZone - Ragyogj a Stagezone min\u0151s\u00e9gi f\u00e9nytechnik\u00e1j\u00e1val.","description":"StageZone","publisher":{"@id":"https:\/\/stagezone.hu\/en\/#organization"},"potentialAction":[{"@type":"SearchAction","target":{"@type":"EntryPoint","urlTemplate":"https:\/\/stagezone.hu\/en\/?s={search_term_string}"},"query-input":{"@type":"PropertyValueSpecification","valueRequired":true,"valueName":"search_term_string"}}],"inLanguage":"en-US"},{"@type":"Organization","@id":"https:\/\/stagezone.hu\/en\/#organization","name":"StageZone","url":"https:\/\/stagezone.hu\/en\/","logo":{"@type":"ImageObject","inLanguage":"en-US","@id":"https:\/\/stagezone.hu\/en\/#\/schema\/logo\/image\/","url":"https:\/\/stagezone.hu\/wp-content\/uploads\/2026\/01\/Adam-Hall_1000x1000-1-1.png","contentUrl":"https:\/\/stagezone.hu\/wp-content\/uploads\/2026\/01\/Adam-Hall_1000x1000-1-1.png","width":1000,"height":1000,"caption":"StageZone"},"image":{"@id":"https:\/\/stagezone.hu\/en\/#\/schema\/logo\/image\/"},"sameAs":["https:\/\/www.facebook.com\/stagezonehungary\/","https:\/\/www.instagram.com\/stagezonehungary\/"]}]}},"_links":{"self":[{"href":"https:\/\/stagezone.hu\/en\/wp-json\/wp\/v2\/product\/1533","targetHints":{"allow":["GET"]}}],"collection":[{"href":"https:\/\/stagezone.hu\/en\/wp-json\/wp\/v2\/product"}],"about":[{"href":"https:\/\/stagezone.hu\/en\/wp-json\/wp\/v2\/types\/product"}],"replies":[{"embeddable":true,"href":"https:\/\/stagezone.hu\/en\/wp-json\/wp\/v2\/comments?post=1533"}],"version-history":[{"count":4,"href":"https:\/\/stagezone.hu\/en\/wp-json\/wp\/v2\/product\/1533\/revisions"}],"predecessor-version":[{"id":5339,"href":"https:\/\/stagezone.hu\/en\/wp-json\/wp\/v2\/product\/1533\/revisions\/5339"}],"wp:featuredmedia":[{"embeddable":true,"href":"https:\/\/stagezone.hu\/en\/wp-json\/wp\/v2\/media\/5333"}],"wp:attachment":[{"href":"https:\/\/stagezone.hu\/en\/wp-json\/wp\/v2\/media?parent=1533"}],"wp:term":[{"taxonomy":"product_brand","embeddable":true,"href":"https:\/\/stagezone.hu\/en\/wp-json\/wp\/v2\/product_brand?post=1533"},{"taxonomy":"product_cat","embeddable":true,"href":"https:\/\/stagezone.hu\/en\/wp-json\/wp\/v2\/product_cat?post=1533"},{"taxonomy":"product_tag","embeddable":true,"href":"https:\/\/stagezone.hu\/en\/wp-json\/wp\/v2\/product_tag?post=1533"}],"curies":[{"name":"wp","href":"https:\/\/api.w.org\/{rel}","templated":true}]}}