{"id":1529,"date":"2024-07-01T15:49:48","date_gmt":"2024-07-01T13:49:48","guid":{"rendered":"https:\/\/stagezone.hu\/?post_type=product&#038;p=1529"},"modified":"2026-05-04T19:57:25","modified_gmt":"2026-05-04T18:57:25","slug":"adj-fustfolyadek-1-light-5-liter","status":"publish","type":"product","link":"https:\/\/stagezone.hu\/en\/product\/adj-fog-fluid-light-5l\/","title":{"rendered":"ADJ Fog Fluid Light - 5L"},"content":{"rendered":"<p><strong>ADJ Fog Fluid Light<\/strong><\/p>\n<p>The ADJ Fog Fluid Light is a high-quality, water-based fluid that provides easily dispersed fog for fog machines. Ideal for clubs, stages, and events.<\/p>\n<p><strong>Packaging:<\/strong> 5 L<\/p>\n<p>ADJ is a globally recognized manufacturer specializing in entertainment lighting, LED video technology, and various stage effects. With over 35 years of industry experience, ADJ holds a leading position in the market worldwide with its reliable and innovative products. Their product range covers a wide spectrum: moving head lights, static lighting effects, DMX controller hardware and software, smoke, and other effect machines.<\/p>\n<blockquote class=\"tiktok-embed\" cite=\"https:\/\/www.tiktok.com\/@stagezone.hu\/video\/7566315856482028822\" data-video-id=\"7566315856482028822\" data-embed-from=\"oembed\" style=\"max-width:605px; min-width:325px;\">\n<section> <a target=\"_blank\" title=\"@stagezone.hu\" href=\"https:\/\/www.tiktok.com\/@stagezone.hu?refer=embed\">@stagezone.hu<\/a> <\/p>\n<p>Nem tudod milyen f\u00fcstfolyad\u00e9kot \u00f6nts a f\u00fcstg\u00e9pedbe? Mutatjuk!\ud83d\udca8 <a title=\"smoke\" target=\"_blank\" href=\"https:\/\/www.tiktok.com\/tag\/smoke?refer=embed\">#smoke<\/a> <a title=\"adj\" target=\"_blank\" href=\"https:\/\/www.tiktok.com\/tag\/adj?refer=embed\">#adj<\/a> <a title=\"light\" target=\"_blank\" href=\"https:\/\/www.tiktok.com\/tag\/light?refer=embed\">#light<\/a> <a title=\"effect\" target=\"_blank\" href=\"https:\/\/www.tiktok.com\/tag\/effect?refer=embed\">#effect<\/a> <a title=\"stagelighting\" target=\"_blank\" href=\"https:\/\/www.tiktok.com\/tag\/stagelighting?refer=embed\">#stagelighting<\/a> <\/p>\n<p> <a target=\"_blank\" title=\"\u266c Yeah! (feat. Lil Jon &#038; Ludacris) - Usher\" href=\"https:\/\/www.tiktok.com\/music\/Yeah-feat-Lil-Jon-Ludacris-7072812562194106370?refer=embed\">\u266c Yeah! (feat. Lil Jon &#038; Ludacris) &#8211; Usher<\/a> <\/section>\n<\/blockquote>\n<p> <script async src=\"https:\/\/www.tiktok.com\/embed.js\"><\/script><\/p>\n","protected":false},"excerpt":{"rendered":"<p>ADJ Fog Fluid Light is a high-quality, water-based fluid for fog machines, ideal for events and stages. Comes in a 5L container.<\/p>\n","protected":false},"featured_media":5334,"comment_status":"closed","ping_status":"closed","template":"","meta":[],"product_brand":[],"product_cat":[178,184],"product_tag":[218,220,219,221],"class_list":{"0":"post-1529","1":"product","2":"type-product","3":"status-publish","4":"has-post-thumbnail","6":"product_cat-effekt","7":"product_cat-effekt-anyagok","8":"product_tag-adj","9":"product_tag-fust","10":"product_tag-fustfolyadek","11":"product_tag-fustgep","13":"first","14":"instock","15":"taxable","16":"shipping-taxable","17":"purchasable","18":"product-type-simple"},"yoast_head":"<!-- This site is optimized with the Yoast SEO Premium plugin v27.2 (Yoast SEO v27.2) - https:\/\/yoast.com\/product\/yoast-seo-premium-wordpress\/ -->\n<title>ADJ Fog Fluid Light - 5L<\/title>\n<meta name=\"description\" content=\"ADJ Fog Fluid Light is a high-quality, water-based fluid for fog machines, ideal for events and stages. Comes in a 5L container.\" \/>\n<meta name=\"robots\" content=\"index, follow, max-snippet:-1, max-image-preview:large, max-video-preview:-1\" \/>\n<link rel=\"canonical\" href=\"http:\/\/ADJ%20Fog%20Fluid%20Light%20is%20a%20high-quality,%20water-based%20fluid%20for%20fog%20machines,%20ideal%20for%20events%20and%20stages.%20Comes%20in%20a%205L%20container.\" \/>\n<meta property=\"og:locale\" content=\"en_US\" \/>\n<meta property=\"og:type\" content=\"article\" \/>\n<meta property=\"og:title\" content=\"ADJ Fog Fluid Light - 5L\" \/>\n<meta property=\"og:description\" content=\"ADJ Fog Fluid Light is a high-quality, water-based fluid for fog machines, ideal for events and stages. Comes in a 5L container.\" \/>\n<meta property=\"og:url\" content=\"https:\/\/stagezone.hu\/en\/product\/adj-fog-fluid-light-5l\/\" \/>\n<meta property=\"og:site_name\" content=\"StageZone\" \/>\n<meta property=\"article:publisher\" content=\"https:\/\/www.facebook.com\/stagezonehungary\/\" \/>\n<meta property=\"article:modified_time\" content=\"2026-05-04T18:57:25+00:00\" \/>\n<meta property=\"og:image\" content=\"https:\/\/stagezone.hu\/wp-content\/uploads\/2024\/07\/ADJ-L.png\" \/>\n\t<meta property=\"og:image:width\" content=\"1000\" \/>\n\t<meta property=\"og:image:height\" content=\"1000\" \/>\n\t<meta property=\"og:image:type\" content=\"image\/png\" \/>\n<meta name=\"twitter:card\" content=\"summary_large_image\" \/>\n<meta name=\"twitter:label1\" content=\"Est. reading time\" \/>\n\t<meta name=\"twitter:data1\" content=\"1 minute\" \/>\n<script type=\"application\/ld+json\" class=\"yoast-schema-graph\">{\"@context\":\"https:\/\/schema.org\",\"@graph\":[{\"@type\":\"WebPage\",\"@id\":\"https:\/\/stagezone.hu\/en\/product\/adj-fog-fluid-light-5l\/\",\"url\":\"https:\/\/stagezone.hu\/en\/product\/adj-fog-fluid-light-5l\/\",\"name\":\"ADJ F\u00fcstfolyad\u00e9k Light - StageZone\",\"isPartOf\":{\"@id\":\"https:\/\/stagezone.hu\/#website\"},\"primaryImageOfPage\":{\"@id\":\"https:\/\/stagezone.hu\/en\/product\/adj-fog-fluid-light-5l\/#primaryimage\"},\"image\":{\"@id\":\"https:\/\/stagezone.hu\/en\/product\/adj-fog-fluid-light-5l\/#primaryimage\"},\"thumbnailUrl\":\"https:\/\/stagezone.hu\/wp-content\/uploads\/2024\/07\/ADJ-L.png\",\"datePublished\":\"2024-07-01T13:49:48+00:00\",\"dateModified\":\"2026-05-04T18:57:25+00:00\",\"description\":\"ADJ F\u00fcstfolyad\u00e9k Light v\u00edzb\u00e1zis\u00fa f\u00fcstfolyad\u00e9k f\u00fcstg\u00e9pekhez, gejz\u00edrekhez, feh\u00e9r, k\u00f6nnyen oszl\u00f3 f\u00fcst\u00f6t k\u00e9pez. 5 literes kiszerel\u00e9sben.\",\"breadcrumb\":{\"@id\":\"https:\/\/stagezone.hu\/en\/product\/adj-fog-fluid-light-5l\/#breadcrumb\"},\"inLanguage\":\"en-US\",\"potentialAction\":[{\"@type\":\"ReadAction\",\"target\":[\"https:\/\/stagezone.hu\/en\/product\/adj-fog-fluid-light-5l\/\"]}]},{\"@type\":\"ImageObject\",\"inLanguage\":\"en-US\",\"@id\":\"https:\/\/stagezone.hu\/en\/product\/adj-fog-fluid-light-5l\/#primaryimage\",\"url\":\"https:\/\/stagezone.hu\/wp-content\/uploads\/2024\/07\/ADJ-L.png\",\"contentUrl\":\"https:\/\/stagezone.hu\/wp-content\/uploads\/2024\/07\/ADJ-L.png\",\"width\":1000,\"height\":1000,\"caption\":\"ADJ F\u00fcstfolyad\u00e9k Light\"},{\"@type\":\"BreadcrumbList\",\"@id\":\"https:\/\/stagezone.hu\/en\/product\/adj-fog-fluid-light-5l\/#breadcrumb\",\"itemListElement\":[{\"@type\":\"ListItem\",\"position\":1,\"name\":\"Kezd\u0151lap\",\"item\":\"https:\/\/stagezone.hu\/\"},{\"@type\":\"ListItem\",\"position\":2,\"name\":\"\u00dczlet\",\"item\":\"https:\/\/stagezone.hu\/uzlet\/\"},{\"@type\":\"ListItem\",\"position\":3,\"name\":\"ADJ Fog Fluid Light - 5L\"}]},{\"@type\":\"WebSite\",\"@id\":\"https:\/\/stagezone.hu\/en\/#website\",\"url\":\"https:\/\/stagezone.hu\/en\/\",\"name\":\"StageZone - Ragyogj a Stagezone min\u0151s\u00e9gi f\u00e9nytechnik\u00e1j\u00e1val.\",\"description\":\"StageZone\",\"publisher\":{\"@id\":\"https:\/\/stagezone.hu\/en\/#organization\"},\"potentialAction\":[{\"@type\":\"SearchAction\",\"target\":{\"@type\":\"EntryPoint\",\"urlTemplate\":\"https:\/\/stagezone.hu\/en\/?s={search_term_string}\"},\"query-input\":{\"@type\":\"PropertyValueSpecification\",\"valueRequired\":true,\"valueName\":\"search_term_string\"}}],\"inLanguage\":\"en-US\"},{\"@type\":\"Organization\",\"@id\":\"https:\/\/stagezone.hu\/en\/#organization\",\"name\":\"StageZone\",\"url\":\"https:\/\/stagezone.hu\/en\/\",\"logo\":{\"@type\":\"ImageObject\",\"inLanguage\":\"en-US\",\"@id\":\"https:\/\/stagezone.hu\/en\/#\/schema\/logo\/image\/\",\"url\":\"https:\/\/stagezone.hu\/wp-content\/uploads\/2026\/01\/Adam-Hall_1000x1000-1-1.png\",\"contentUrl\":\"https:\/\/stagezone.hu\/wp-content\/uploads\/2026\/01\/Adam-Hall_1000x1000-1-1.png\",\"width\":1000,\"height\":1000,\"caption\":\"StageZone\"},\"image\":{\"@id\":\"https:\/\/stagezone.hu\/en\/#\/schema\/logo\/image\/\"},\"sameAs\":[\"https:\/\/www.facebook.com\/stagezonehungary\/\",\"https:\/\/www.instagram.com\/stagezonehungary\/\"]}]}<\/script>\n<!-- \/ Yoast SEO Premium plugin. -->","yoast_head_json":{"title":"ADJ Fog Fluid Light - 5L","description":"ADJ Fog Fluid Light is a high-quality, water-based fluid for fog machines, ideal for events and stages. Comes in a 5L container.","robots":{"index":"index","follow":"follow","max-snippet":"max-snippet:-1","max-image-preview":"max-image-preview:large","max-video-preview":"max-video-preview:-1"},"canonical":"ADJ Fog Fluid Light is a high-quality, water-based fluid for fog machines, ideal for events and stages. Comes in a 5L container.","og_locale":"en_US","og_type":"article","og_title":"ADJ Fog Fluid Light - 5L","og_description":"ADJ Fog Fluid Light is a high-quality, water-based fluid for fog machines, ideal for events and stages. Comes in a 5L container.","og_url":"https:\/\/stagezone.hu\/en\/product\/adj-fog-fluid-light-5l\/","og_site_name":"StageZone","article_publisher":"https:\/\/www.facebook.com\/stagezonehungary\/","article_modified_time":"2026-05-04T18:57:25+00:00","og_image":[{"width":1000,"height":1000,"url":"https:\/\/stagezone.hu\/wp-content\/uploads\/2024\/07\/ADJ-L.png","type":"image\/png"}],"twitter_card":"summary_large_image","twitter_misc":{"Est. reading time":"1 minute"},"schema":{"@context":"https:\/\/schema.org","@graph":[{"@type":"WebPage","@id":"https:\/\/stagezone.hu\/en\/product\/adj-fog-fluid-light-5l\/","url":"https:\/\/stagezone.hu\/en\/product\/adj-fog-fluid-light-5l\/","name":"ADJ F\u00fcstfolyad\u00e9k Light - StageZone","isPartOf":{"@id":"https:\/\/stagezone.hu\/#website"},"primaryImageOfPage":{"@id":"https:\/\/stagezone.hu\/en\/product\/adj-fog-fluid-light-5l\/#primaryimage"},"image":{"@id":"https:\/\/stagezone.hu\/en\/product\/adj-fog-fluid-light-5l\/#primaryimage"},"thumbnailUrl":"https:\/\/stagezone.hu\/wp-content\/uploads\/2024\/07\/ADJ-L.png","datePublished":"2024-07-01T13:49:48+00:00","dateModified":"2026-05-04T18:57:25+00:00","description":"ADJ F\u00fcstfolyad\u00e9k Light v\u00edzb\u00e1zis\u00fa f\u00fcstfolyad\u00e9k f\u00fcstg\u00e9pekhez, gejz\u00edrekhez, feh\u00e9r, k\u00f6nnyen oszl\u00f3 f\u00fcst\u00f6t k\u00e9pez. 5 literes kiszerel\u00e9sben.","breadcrumb":{"@id":"https:\/\/stagezone.hu\/en\/product\/adj-fog-fluid-light-5l\/#breadcrumb"},"inLanguage":"en-US","potentialAction":[{"@type":"ReadAction","target":["https:\/\/stagezone.hu\/en\/product\/adj-fog-fluid-light-5l\/"]}]},{"@type":"ImageObject","inLanguage":"en-US","@id":"https:\/\/stagezone.hu\/en\/product\/adj-fog-fluid-light-5l\/#primaryimage","url":"https:\/\/stagezone.hu\/wp-content\/uploads\/2024\/07\/ADJ-L.png","contentUrl":"https:\/\/stagezone.hu\/wp-content\/uploads\/2024\/07\/ADJ-L.png","width":1000,"height":1000,"caption":"ADJ F\u00fcstfolyad\u00e9k Light"},{"@type":"BreadcrumbList","@id":"https:\/\/stagezone.hu\/en\/product\/adj-fog-fluid-light-5l\/#breadcrumb","itemListElement":[{"@type":"ListItem","position":1,"name":"Kezd\u0151lap","item":"https:\/\/stagezone.hu\/"},{"@type":"ListItem","position":2,"name":"\u00dczlet","item":"https:\/\/stagezone.hu\/uzlet\/"},{"@type":"ListItem","position":3,"name":"ADJ Fog Fluid Light - 5L"}]},{"@type":"WebSite","@id":"https:\/\/stagezone.hu\/en\/#website","url":"https:\/\/stagezone.hu\/en\/","name":"StageZone - Ragyogj a Stagezone min\u0151s\u00e9gi f\u00e9nytechnik\u00e1j\u00e1val.","description":"StageZone","publisher":{"@id":"https:\/\/stagezone.hu\/en\/#organization"},"potentialAction":[{"@type":"SearchAction","target":{"@type":"EntryPoint","urlTemplate":"https:\/\/stagezone.hu\/en\/?s={search_term_string}"},"query-input":{"@type":"PropertyValueSpecification","valueRequired":true,"valueName":"search_term_string"}}],"inLanguage":"en-US"},{"@type":"Organization","@id":"https:\/\/stagezone.hu\/en\/#organization","name":"StageZone","url":"https:\/\/stagezone.hu\/en\/","logo":{"@type":"ImageObject","inLanguage":"en-US","@id":"https:\/\/stagezone.hu\/en\/#\/schema\/logo\/image\/","url":"https:\/\/stagezone.hu\/wp-content\/uploads\/2026\/01\/Adam-Hall_1000x1000-1-1.png","contentUrl":"https:\/\/stagezone.hu\/wp-content\/uploads\/2026\/01\/Adam-Hall_1000x1000-1-1.png","width":1000,"height":1000,"caption":"StageZone"},"image":{"@id":"https:\/\/stagezone.hu\/en\/#\/schema\/logo\/image\/"},"sameAs":["https:\/\/www.facebook.com\/stagezonehungary\/","https:\/\/www.instagram.com\/stagezonehungary\/"]}]}},"_links":{"self":[{"href":"https:\/\/stagezone.hu\/en\/wp-json\/wp\/v2\/product\/1529","targetHints":{"allow":["GET"]}}],"collection":[{"href":"https:\/\/stagezone.hu\/en\/wp-json\/wp\/v2\/product"}],"about":[{"href":"https:\/\/stagezone.hu\/en\/wp-json\/wp\/v2\/types\/product"}],"replies":[{"embeddable":true,"href":"https:\/\/stagezone.hu\/en\/wp-json\/wp\/v2\/comments?post=1529"}],"version-history":[{"count":6,"href":"https:\/\/stagezone.hu\/en\/wp-json\/wp\/v2\/product\/1529\/revisions"}],"predecessor-version":[{"id":9759,"href":"https:\/\/stagezone.hu\/en\/wp-json\/wp\/v2\/product\/1529\/revisions\/9759"}],"wp:featuredmedia":[{"embeddable":true,"href":"https:\/\/stagezone.hu\/en\/wp-json\/wp\/v2\/media\/5334"}],"wp:attachment":[{"href":"https:\/\/stagezone.hu\/en\/wp-json\/wp\/v2\/media?parent=1529"}],"wp:term":[{"taxonomy":"product_brand","embeddable":true,"href":"https:\/\/stagezone.hu\/en\/wp-json\/wp\/v2\/product_brand?post=1529"},{"taxonomy":"product_cat","embeddable":true,"href":"https:\/\/stagezone.hu\/en\/wp-json\/wp\/v2\/product_cat?post=1529"},{"taxonomy":"product_tag","embeddable":true,"href":"https:\/\/stagezone.hu\/en\/wp-json\/wp\/v2\/product_tag?post=1529"}],"curies":[{"name":"wp","href":"https:\/\/api.w.org\/{rel}","templated":true}]}}