{"id":1510,"date":"2024-07-01T14:38:20","date_gmt":"2024-07-01T12:38:20","guid":{"rendered":"https:\/\/stagezone.hu\/?post_type=product&#038;p=1510"},"modified":"2026-05-04T19:57:26","modified_gmt":"2026-05-04T18:57:26","slug":"stagezone-3in1-led-spot-beam-wash-160w","status":"publish","type":"product","link":"https:\/\/stagezone.hu\/en\/product\/shehds-led-bsw-160-hybrid-beam-spot-wash-light\/","title":{"rendered":"SHEHDS Led BSW 160 Hybrid Beam Spot Wash Light"},"content":{"rendered":"<p><strong>SHEHDS Led BSW 160 &#8211; beam\/spot\/wash<\/strong><\/p>\n<p>The SHEHDS Led BSW 160 hybrid lamp is designed to perform all 3 main functions. It can instantly expand from a narrow beam to 40\u00b0. If your installation or floor setup requires versatility but space is limited, this type of lamp offers the solution.<\/p>\n<ul>\n<li>Power Supply: AC 100-240 V, 50\/60 Hz<\/li>\n<li>Power Consumption: 160W<\/li>\n<li>DMX Channels: 18 CH<\/li>\n<li>Static Gobos: 6 + open<\/li>\n<li>Rotating Gobos: 6<\/li>\n<li>Colors: 9 + split colors<\/li>\n<li>Beam Angle: 10-20\u00b0<\/li>\n<li>Prism: 6-facet<\/li>\n<li>Strobe: 0-25 Hz<\/li>\n<li>Connectors: Powercon, DMX 3 pin<\/li>\n<li>Mounting: Quick-release omega bracket<\/li>\n<li>Control Modes: DMX 512\/RDM\/Auto\/Sound<\/li>\n<\/ul>\n<p>Shehds is a company founded in 2015, specializing in stage lighting equipment. Their products ensure reliable quality and material usage, suitable for numerous applications. They hold safety certifications including CE, ROHS, UL, FCC, TP, TC, SAA, and others. The brand has become a reliable player in the lighting technology segment.<\/p>\n","protected":false},"excerpt":{"rendered":"<p>The SHEHDS Led BSW 160 is a 160W hybrid stage light capable of beam, spot, and wash effects, featuring a 6-facet prism and a 10-20\u00b0 zoom range.<\/p>\n","protected":false},"featured_media":9727,"comment_status":"closed","ping_status":"closed","template":"","meta":[],"product_brand":[],"product_cat":[456,166],"product_tag":[198,534,378,210],"class_list":{"0":"post-1510","1":"product","2":"type-product","3":"status-publish","4":"has-post-thumbnail","6":"product_cat-hybrid-lampak","7":"product_cat-robotlampa","8":"product_tag-beam","9":"product_tag-shehds","10":"product_tag-spot","11":"product_tag-wash","13":"first","14":"contact_us","15":"taxable","16":"shipping-taxable","17":"purchasable","18":"product-type-simple"},"yoast_head":"<!-- This site is optimized with the Yoast SEO Premium plugin v27.2 (Yoast SEO v27.2) - https:\/\/yoast.com\/product\/yoast-seo-premium-wordpress\/ -->\n<title>SHEHDS Led BSW 160 Hybrid Beam Spot Wash Light<\/title>\n<meta name=\"description\" content=\"The SHEHDS Led BSW 160 is a 160W hybrid stage light capable of beam, spot, and wash effects, featuring a 6-facet prism and a 10-20\u00b0 zoom range.\" \/>\n<meta name=\"robots\" content=\"index, follow, max-snippet:-1, max-image-preview:large, max-video-preview:-1\" \/>\n<link rel=\"canonical\" href=\"http:\/\/The%20SHEHDS%20Led%20BSW%20160%20is%20a%20160W%20hybrid%20stage%20light%20capable%20of%20beam,%20spot,%20and%20wash%20effects,%20featuring%20a%206-facet%20prism%20and%20a%2010-20\u00b0%20zoom%20range.\" \/>\n<meta property=\"og:locale\" content=\"en_US\" \/>\n<meta property=\"og:type\" content=\"article\" \/>\n<meta property=\"og:title\" content=\"SHEHDS Led BSW 160 Hybrid Beam Spot Wash Light\" \/>\n<meta property=\"og:description\" content=\"The SHEHDS Led BSW 160 is a 160W hybrid stage light capable of beam, spot, and wash effects, featuring a 6-facet prism and a 10-20\u00b0 zoom range.\" \/>\n<meta property=\"og:url\" content=\"https:\/\/stagezone.hu\/en\/product\/shehds-led-bsw-160-hybrid-beam-spot-wash-light\/\" \/>\n<meta property=\"og:site_name\" content=\"StageZone\" \/>\n<meta property=\"article:publisher\" content=\"https:\/\/www.facebook.com\/stagezonehungary\/\" \/>\n<meta property=\"article:modified_time\" content=\"2026-05-04T18:57:26+00:00\" \/>\n<meta property=\"og:image\" content=\"https:\/\/stagezone.hu\/wp-content\/uploads\/2024\/07\/MG_4765.jpg\" \/>\n\t<meta property=\"og:image:width\" content=\"1000\" \/>\n\t<meta property=\"og:image:height\" content=\"1000\" \/>\n\t<meta property=\"og:image:type\" content=\"image\/jpeg\" \/>\n<meta name=\"twitter:card\" content=\"summary_large_image\" \/>\n<meta name=\"twitter:label1\" content=\"Est. reading time\" \/>\n\t<meta name=\"twitter:data1\" content=\"1 minute\" \/>\n<script type=\"application\/ld+json\" class=\"yoast-schema-graph\">{\"@context\":\"https:\/\/schema.org\",\"@graph\":[{\"@type\":\"WebPage\",\"@id\":\"https:\/\/stagezone.hu\/en\/product\/shehds-led-bsw-160-hybrid-beam-spot-wash-light\/\",\"url\":\"https:\/\/stagezone.hu\/en\/product\/shehds-led-bsw-160-hybrid-beam-spot-wash-light\/\",\"name\":\"SHEHDS Led BSW 160 - StageZone\",\"isPartOf\":{\"@id\":\"https:\/\/stagezone.hu\/#website\"},\"primaryImageOfPage\":{\"@id\":\"https:\/\/stagezone.hu\/en\/product\/shehds-led-bsw-160-hybrid-beam-spot-wash-light\/#primaryimage\"},\"image\":{\"@id\":\"https:\/\/stagezone.hu\/en\/product\/shehds-led-bsw-160-hybrid-beam-spot-wash-light\/#primaryimage\"},\"thumbnailUrl\":\"https:\/\/stagezone.hu\/wp-content\/uploads\/2024\/07\/MG_4765.jpg\",\"datePublished\":\"2024-07-01T12:38:20+00:00\",\"dateModified\":\"2026-05-04T18:57:26+00:00\",\"description\":\"SHEHDS Led BSW 160 hybrid robotl\u00e1mpa sz\u00e9lesk\u00f6r\u0171 felhaszn\u00e1l\u00e1ssal. Ide\u00e1lis kisebb sz\u00ednh\u00e1zaknak, sz\u00f3rakoz\u00f3helyeknek \u00e9s zenekari floor seteknek.\",\"breadcrumb\":{\"@id\":\"https:\/\/stagezone.hu\/en\/product\/shehds-led-bsw-160-hybrid-beam-spot-wash-light\/#breadcrumb\"},\"inLanguage\":\"en-US\",\"potentialAction\":[{\"@type\":\"ReadAction\",\"target\":[\"https:\/\/stagezone.hu\/en\/product\/shehds-led-bsw-160-hybrid-beam-spot-wash-light\/\"]}]},{\"@type\":\"ImageObject\",\"inLanguage\":\"en-US\",\"@id\":\"https:\/\/stagezone.hu\/en\/product\/shehds-led-bsw-160-hybrid-beam-spot-wash-light\/#primaryimage\",\"url\":\"https:\/\/stagezone.hu\/wp-content\/uploads\/2024\/07\/MG_4765.jpg\",\"contentUrl\":\"https:\/\/stagezone.hu\/wp-content\/uploads\/2024\/07\/MG_4765.jpg\",\"width\":1000,\"height\":1000,\"caption\":\"SHEHDS Led BSW 160\"},{\"@type\":\"BreadcrumbList\",\"@id\":\"https:\/\/stagezone.hu\/en\/product\/shehds-led-bsw-160-hybrid-beam-spot-wash-light\/#breadcrumb\",\"itemListElement\":[{\"@type\":\"ListItem\",\"position\":1,\"name\":\"Kezd\u0151lap\",\"item\":\"https:\/\/stagezone.hu\/\"},{\"@type\":\"ListItem\",\"position\":2,\"name\":\"\u00dczlet\",\"item\":\"https:\/\/stagezone.hu\/uzlet\/\"},{\"@type\":\"ListItem\",\"position\":3,\"name\":\"SHEHDS Led BSW 160 Hybrid Beam Spot Wash Light\"}]},{\"@type\":\"WebSite\",\"@id\":\"https:\/\/stagezone.hu\/en\/#website\",\"url\":\"https:\/\/stagezone.hu\/en\/\",\"name\":\"StageZone - Ragyogj a Stagezone min\u0151s\u00e9gi f\u00e9nytechnik\u00e1j\u00e1val.\",\"description\":\"StageZone\",\"publisher\":{\"@id\":\"https:\/\/stagezone.hu\/en\/#organization\"},\"potentialAction\":[{\"@type\":\"SearchAction\",\"target\":{\"@type\":\"EntryPoint\",\"urlTemplate\":\"https:\/\/stagezone.hu\/en\/?s={search_term_string}\"},\"query-input\":{\"@type\":\"PropertyValueSpecification\",\"valueRequired\":true,\"valueName\":\"search_term_string\"}}],\"inLanguage\":\"en-US\"},{\"@type\":\"Organization\",\"@id\":\"https:\/\/stagezone.hu\/en\/#organization\",\"name\":\"StageZone\",\"url\":\"https:\/\/stagezone.hu\/en\/\",\"logo\":{\"@type\":\"ImageObject\",\"inLanguage\":\"en-US\",\"@id\":\"https:\/\/stagezone.hu\/en\/#\/schema\/logo\/image\/\",\"url\":\"https:\/\/stagezone.hu\/wp-content\/uploads\/2026\/01\/Adam-Hall_1000x1000-1-1.png\",\"contentUrl\":\"https:\/\/stagezone.hu\/wp-content\/uploads\/2026\/01\/Adam-Hall_1000x1000-1-1.png\",\"width\":1000,\"height\":1000,\"caption\":\"StageZone\"},\"image\":{\"@id\":\"https:\/\/stagezone.hu\/en\/#\/schema\/logo\/image\/\"},\"sameAs\":[\"https:\/\/www.facebook.com\/stagezonehungary\/\",\"https:\/\/www.instagram.com\/stagezonehungary\/\"]}]}<\/script>\n<!-- \/ Yoast SEO Premium plugin. -->","yoast_head_json":{"title":"SHEHDS Led BSW 160 Hybrid Beam Spot Wash Light","description":"The SHEHDS Led BSW 160 is a 160W hybrid stage light capable of beam, spot, and wash effects, featuring a 6-facet prism and a 10-20\u00b0 zoom range.","robots":{"index":"index","follow":"follow","max-snippet":"max-snippet:-1","max-image-preview":"max-image-preview:large","max-video-preview":"max-video-preview:-1"},"canonical":"The SHEHDS Led BSW 160 is a 160W hybrid stage light capable of beam, spot, and wash effects, featuring a 6-facet prism and a 10-20\u00b0 zoom range.","og_locale":"en_US","og_type":"article","og_title":"SHEHDS Led BSW 160 Hybrid Beam Spot Wash Light","og_description":"The SHEHDS Led BSW 160 is a 160W hybrid stage light capable of beam, spot, and wash effects, featuring a 6-facet prism and a 10-20\u00b0 zoom range.","og_url":"https:\/\/stagezone.hu\/en\/product\/shehds-led-bsw-160-hybrid-beam-spot-wash-light\/","og_site_name":"StageZone","article_publisher":"https:\/\/www.facebook.com\/stagezonehungary\/","article_modified_time":"2026-05-04T18:57:26+00:00","og_image":[{"width":1000,"height":1000,"url":"https:\/\/stagezone.hu\/wp-content\/uploads\/2024\/07\/MG_4765.jpg","type":"image\/jpeg"}],"twitter_card":"summary_large_image","twitter_misc":{"Est. reading time":"1 minute"},"schema":{"@context":"https:\/\/schema.org","@graph":[{"@type":"WebPage","@id":"https:\/\/stagezone.hu\/en\/product\/shehds-led-bsw-160-hybrid-beam-spot-wash-light\/","url":"https:\/\/stagezone.hu\/en\/product\/shehds-led-bsw-160-hybrid-beam-spot-wash-light\/","name":"SHEHDS Led BSW 160 - StageZone","isPartOf":{"@id":"https:\/\/stagezone.hu\/#website"},"primaryImageOfPage":{"@id":"https:\/\/stagezone.hu\/en\/product\/shehds-led-bsw-160-hybrid-beam-spot-wash-light\/#primaryimage"},"image":{"@id":"https:\/\/stagezone.hu\/en\/product\/shehds-led-bsw-160-hybrid-beam-spot-wash-light\/#primaryimage"},"thumbnailUrl":"https:\/\/stagezone.hu\/wp-content\/uploads\/2024\/07\/MG_4765.jpg","datePublished":"2024-07-01T12:38:20+00:00","dateModified":"2026-05-04T18:57:26+00:00","description":"SHEHDS Led BSW 160 hybrid robotl\u00e1mpa sz\u00e9lesk\u00f6r\u0171 felhaszn\u00e1l\u00e1ssal. Ide\u00e1lis kisebb sz\u00ednh\u00e1zaknak, sz\u00f3rakoz\u00f3helyeknek \u00e9s zenekari floor seteknek.","breadcrumb":{"@id":"https:\/\/stagezone.hu\/en\/product\/shehds-led-bsw-160-hybrid-beam-spot-wash-light\/#breadcrumb"},"inLanguage":"en-US","potentialAction":[{"@type":"ReadAction","target":["https:\/\/stagezone.hu\/en\/product\/shehds-led-bsw-160-hybrid-beam-spot-wash-light\/"]}]},{"@type":"ImageObject","inLanguage":"en-US","@id":"https:\/\/stagezone.hu\/en\/product\/shehds-led-bsw-160-hybrid-beam-spot-wash-light\/#primaryimage","url":"https:\/\/stagezone.hu\/wp-content\/uploads\/2024\/07\/MG_4765.jpg","contentUrl":"https:\/\/stagezone.hu\/wp-content\/uploads\/2024\/07\/MG_4765.jpg","width":1000,"height":1000,"caption":"SHEHDS Led BSW 160"},{"@type":"BreadcrumbList","@id":"https:\/\/stagezone.hu\/en\/product\/shehds-led-bsw-160-hybrid-beam-spot-wash-light\/#breadcrumb","itemListElement":[{"@type":"ListItem","position":1,"name":"Kezd\u0151lap","item":"https:\/\/stagezone.hu\/"},{"@type":"ListItem","position":2,"name":"\u00dczlet","item":"https:\/\/stagezone.hu\/uzlet\/"},{"@type":"ListItem","position":3,"name":"SHEHDS Led BSW 160 Hybrid Beam Spot Wash Light"}]},{"@type":"WebSite","@id":"https:\/\/stagezone.hu\/en\/#website","url":"https:\/\/stagezone.hu\/en\/","name":"StageZone - Ragyogj a Stagezone min\u0151s\u00e9gi f\u00e9nytechnik\u00e1j\u00e1val.","description":"StageZone","publisher":{"@id":"https:\/\/stagezone.hu\/en\/#organization"},"potentialAction":[{"@type":"SearchAction","target":{"@type":"EntryPoint","urlTemplate":"https:\/\/stagezone.hu\/en\/?s={search_term_string}"},"query-input":{"@type":"PropertyValueSpecification","valueRequired":true,"valueName":"search_term_string"}}],"inLanguage":"en-US"},{"@type":"Organization","@id":"https:\/\/stagezone.hu\/en\/#organization","name":"StageZone","url":"https:\/\/stagezone.hu\/en\/","logo":{"@type":"ImageObject","inLanguage":"en-US","@id":"https:\/\/stagezone.hu\/en\/#\/schema\/logo\/image\/","url":"https:\/\/stagezone.hu\/wp-content\/uploads\/2026\/01\/Adam-Hall_1000x1000-1-1.png","contentUrl":"https:\/\/stagezone.hu\/wp-content\/uploads\/2026\/01\/Adam-Hall_1000x1000-1-1.png","width":1000,"height":1000,"caption":"StageZone"},"image":{"@id":"https:\/\/stagezone.hu\/en\/#\/schema\/logo\/image\/"},"sameAs":["https:\/\/www.facebook.com\/stagezonehungary\/","https:\/\/www.instagram.com\/stagezonehungary\/"]}]}},"_links":{"self":[{"href":"https:\/\/stagezone.hu\/en\/wp-json\/wp\/v2\/product\/1510","targetHints":{"allow":["GET"]}}],"collection":[{"href":"https:\/\/stagezone.hu\/en\/wp-json\/wp\/v2\/product"}],"about":[{"href":"https:\/\/stagezone.hu\/en\/wp-json\/wp\/v2\/types\/product"}],"replies":[{"embeddable":true,"href":"https:\/\/stagezone.hu\/en\/wp-json\/wp\/v2\/comments?post=1510"}],"version-history":[{"count":10,"href":"https:\/\/stagezone.hu\/en\/wp-json\/wp\/v2\/product\/1510\/revisions"}],"predecessor-version":[{"id":10369,"href":"https:\/\/stagezone.hu\/en\/wp-json\/wp\/v2\/product\/1510\/revisions\/10369"}],"wp:featuredmedia":[{"embeddable":true,"href":"https:\/\/stagezone.hu\/en\/wp-json\/wp\/v2\/media\/9727"}],"wp:attachment":[{"href":"https:\/\/stagezone.hu\/en\/wp-json\/wp\/v2\/media?parent=1510"}],"wp:term":[{"taxonomy":"product_brand","embeddable":true,"href":"https:\/\/stagezone.hu\/en\/wp-json\/wp\/v2\/product_brand?post=1510"},{"taxonomy":"product_cat","embeddable":true,"href":"https:\/\/stagezone.hu\/en\/wp-json\/wp\/v2\/product_cat?post=1510"},{"taxonomy":"product_tag","embeddable":true,"href":"https:\/\/stagezone.hu\/en\/wp-json\/wp\/v2\/product_tag?post=1510"}],"curies":[{"name":"wp","href":"https:\/\/api.w.org\/{rel}","templated":true}]}}