{"id":1118,"date":"2024-05-21T00:56:59","date_gmt":"2024-05-21T00:56:59","guid":{"rendered":"https:\/\/stagezone.hu\/?post_type=product&#038;p=1118"},"modified":"2026-05-04T19:57:28","modified_gmt":"2026-05-04T18:57:28","slug":"stagezone-wireless-controller","status":"publish","type":"product","link":"https:\/\/stagezone.hu\/en\/product\/wireless-dmx-controller-for-par-lights\/","title":{"rendered":"Wireless DMX Controller for PAR Lights"},"content":{"rendered":"<section class=\"section mcb-section the_content has_content\">\n<div class=\"section_wrapper\">\n<div class=\"the_content_wrapper \">\n<p class=\"tw-data-text tw-text-large tw-ta\" dir=\"ltr\" data-placeholder=\"Translation\" aria-label=\"Translated text\" data-ved=\"2ahUKEwjEoqW-25WGAxW-KRAIHYVsBdgQ3ewLegQIExAU\">Wireless DMX controller for PAR lights.<\/p>\n<p dir=\"ltr\" data-placeholder=\"Translation\" aria-label=\"Translated text\" data-ved=\"2ahUKEwjEoqW-25WGAxW-KRAIHYVsBdgQ3ewLegQIExAU\">The devices can be controlled via cable as well as built-in Wifi.<\/p>\n<\/div>\n<p class=\"tw-data-text tw-text-large tw-ta\" dir=\"ltr\" data-placeholder=\"Translation\" aria-label=\"Translated text\" data-ved=\"2ahUKEwjEoqW-25WGAxW-KRAIHYVsBdgQ3ewLegQIExAU\"><span class=\"Y2IQFc\" lang=\"hu\"><strong>Package Contents:<\/strong><strong><br \/>\n<\/strong>1 x StageZone Wireless DMX Controller<br \/>\n<\/span><\/p>\n<p dir=\"ltr\" data-placeholder=\"Translation\" aria-label=\"Translated text\" data-ved=\"2ahUKEwjEoqW-25WGAxW-KRAIHYVsBdgQ3ewLegQIExAU\"><strong>SPECIFICATIONS<\/strong><\/p>\n<\/div>\n<\/section>\n<p dir=\"ltr\" data-placeholder=\"Translation\" aria-label=\"Translated text\" data-ved=\"2ahUKEwjEoqW-25WGAxW-KRAIHYVsBdgQ3ewLegQIExAU\">\n<table id=\"tablepress-122\" class=\"tablepress tablepress-id-122\">\n<caption style=\"caption-side:bottom;text-align:left;border:none;background:none;margin:0;padding:0;\"><a href=\"https:\/\/stagezone.hu\/wp-admin\/admin.php?page=tablepress&#038;action=edit&#038;table_id=122\" rel=\"nofollow\">Edit<\/a><\/caption>\n<thead>\n<tr class=\"row-1\">\n<th class=\"column-1\">Power Supply<\/th>\n<th class=\"column-2\">AC 100-240 V, 50\/60 Hz<\/th>\n<\/tr>\n<\/thead>\n<tbody class=\"row-striping row-hover\">\n<tr class=\"row-2\">\n<td class=\"column-1\">Battery<\/td>\n<td class=\"column-2\">Built-in<\/td>\n<\/tr>\n<tr class=\"row-3\">\n<td class=\"column-1\">Channel<\/td>\n<td class=\"column-2\">24 + master<\/td>\n<\/tr>\n<tr class=\"row-4\">\n<td class=\"column-1\">Display<\/td>\n<td class=\"column-2\">5 LEDs &#8211; battery level<\/td>\n<\/tr>\n<tr class=\"row-5\">\n<td class=\"column-1\">Communication Distance<\/td>\n<td class=\"column-2\">25-30 m<\/td>\n<\/tr>\n<\/tbody>\n<\/table>\n<p dir=\"ltr\" data-placeholder=\"Translation\" aria-label=\"Translated text\" data-ved=\"2ahUKEwjEoqW-25WGAxW-KRAIHYVsBdgQ3ewLegQIExAU\"><strong>Our devices undergo strict inspection upon arrival at our warehouse.<\/strong><\/p>\n","protected":false},"excerpt":{"rendered":"<p>Introducing the Wireless DMX Controller, designed to remotely manage your PAR lights. Control your lighting setup with ease, either via cable or the integrated Wifi.<\/p>\n","protected":false},"featured_media":5683,"comment_status":"closed","ping_status":"closed","template":"","meta":[],"product_brand":[],"product_cat":[455],"product_tag":[214,209,217,216],"class_list":{"0":"post-1118","1":"product","2":"type-product","3":"status-publish","4":"has-post-thumbnail","6":"product_cat-vezerlok","7":"product_tag-dmx","8":"product_tag-stagezone","9":"product_tag-vezerlo","10":"product_tag-wifi","12":"first","13":"instock","14":"taxable","15":"shipping-taxable","16":"purchasable","17":"product-type-simple"},"yoast_head":"<!-- This site is optimized with the Yoast SEO Premium plugin v27.2 (Yoast SEO v27.2) - https:\/\/yoast.com\/product\/yoast-seo-premium-wordpress\/ -->\n<title>Wireless DMX Controller for PAR Lights<\/title>\n<meta name=\"description\" content=\"Introducing the Wireless DMX Controller, designed to remotely manage your PAR lights. Control your lighting setup with ease, either via cable or the integrated Wifi.\" \/>\n<meta name=\"robots\" content=\"index, follow, max-snippet:-1, max-image-preview:large, max-video-preview:-1\" \/>\n<link rel=\"canonical\" href=\"http:\/\/Introducing%20the%20Wireless%20DMX%20Controller,%20designed%20to%20remotely%20manage%20your%20PAR%20lights.%20Control%20your%20lighting%20setup%20with%20ease,%20either%20via%20cable%20or%20the%20integrated%20Wifi.\" \/>\n<meta property=\"og:locale\" content=\"en_US\" \/>\n<meta property=\"og:type\" content=\"article\" \/>\n<meta property=\"og:title\" content=\"Wireless DMX Controller for PAR Lights\" \/>\n<meta property=\"og:description\" content=\"Introducing the Wireless DMX Controller, designed to remotely manage your PAR lights. Control your lighting setup with ease, either via cable or the integrated Wifi.\" \/>\n<meta property=\"og:url\" content=\"https:\/\/stagezone.hu\/en\/product\/wireless-dmx-controller-for-par-lights\/\" \/>\n<meta property=\"og:site_name\" content=\"StageZone\" \/>\n<meta property=\"article:publisher\" content=\"https:\/\/www.facebook.com\/stagezonehungary\/\" \/>\n<meta property=\"article:modified_time\" content=\"2026-05-04T18:57:28+00:00\" \/>\n<meta property=\"og:image\" content=\"https:\/\/stagezone.hu\/wp-content\/uploads\/2024\/05\/C24BW_1.png\" \/>\n\t<meta property=\"og:image:width\" content=\"1000\" \/>\n\t<meta property=\"og:image:height\" content=\"1000\" \/>\n\t<meta property=\"og:image:type\" content=\"image\/png\" \/>\n<meta name=\"twitter:card\" content=\"summary_large_image\" \/>\n<meta name=\"twitter:label1\" content=\"Est. reading time\" \/>\n\t<meta name=\"twitter:data1\" content=\"1 minute\" \/>\n<script type=\"application\/ld+json\" class=\"yoast-schema-graph\">{\"@context\":\"https:\/\/schema.org\",\"@graph\":[{\"@type\":\"WebPage\",\"@id\":\"https:\/\/stagezone.hu\/en\/product\/wireless-dmx-controller-for-par-lights\/\",\"url\":\"https:\/\/stagezone.hu\/en\/product\/wireless-dmx-controller-for-par-lights\/\",\"name\":\"Vezet\u00e9k n\u00e9lk\u00fcli DMX vez\u00e9rl\u0151 - StageZone\",\"isPartOf\":{\"@id\":\"https:\/\/stagezone.hu\/#website\"},\"primaryImageOfPage\":{\"@id\":\"https:\/\/stagezone.hu\/en\/product\/wireless-dmx-controller-for-par-lights\/#primaryimage\"},\"image\":{\"@id\":\"https:\/\/stagezone.hu\/en\/product\/wireless-dmx-controller-for-par-lights\/#primaryimage\"},\"thumbnailUrl\":\"https:\/\/stagezone.hu\/wp-content\/uploads\/2024\/05\/C24BW_1.png\",\"datePublished\":\"2024-05-21T00:56:59+00:00\",\"dateModified\":\"2026-05-04T18:57:28+00:00\",\"description\":\"Egyszer\u0171en haszn\u00e1lhat\u00f3 DMX vez\u00e9rl\u0151re v\u00e1gysz? Amennyiben PAR l\u00e1mp\u00e1id Wifi-vel rendelkeznek, ezzel a vezet\u00e9k n\u00e9lk\u00fcli vez\u00e9rl\u0151vel b\u00e1rhonnan ir\u00e1ny\u00edthatod \u0151ket.\",\"breadcrumb\":{\"@id\":\"https:\/\/stagezone.hu\/en\/product\/wireless-dmx-controller-for-par-lights\/#breadcrumb\"},\"inLanguage\":\"en-US\",\"potentialAction\":[{\"@type\":\"ReadAction\",\"target\":[\"https:\/\/stagezone.hu\/en\/product\/wireless-dmx-controller-for-par-lights\/\"]}]},{\"@type\":\"ImageObject\",\"inLanguage\":\"en-US\",\"@id\":\"https:\/\/stagezone.hu\/en\/product\/wireless-dmx-controller-for-par-lights\/#primaryimage\",\"url\":\"https:\/\/stagezone.hu\/wp-content\/uploads\/2024\/05\/C24BW_1.png\",\"contentUrl\":\"https:\/\/stagezone.hu\/wp-content\/uploads\/2024\/05\/C24BW_1.png\",\"width\":1000,\"height\":1000},{\"@type\":\"BreadcrumbList\",\"@id\":\"https:\/\/stagezone.hu\/en\/product\/wireless-dmx-controller-for-par-lights\/#breadcrumb\",\"itemListElement\":[{\"@type\":\"ListItem\",\"position\":1,\"name\":\"Kezd\u0151lap\",\"item\":\"https:\/\/stagezone.hu\/\"},{\"@type\":\"ListItem\",\"position\":2,\"name\":\"\u00dczlet\",\"item\":\"https:\/\/stagezone.hu\/uzlet\/\"},{\"@type\":\"ListItem\",\"position\":3,\"name\":\"Wireless DMX Controller for PAR Lights\"}]},{\"@type\":\"WebSite\",\"@id\":\"https:\/\/stagezone.hu\/en\/#website\",\"url\":\"https:\/\/stagezone.hu\/en\/\",\"name\":\"StageZone - Ragyogj a Stagezone min\u0151s\u00e9gi f\u00e9nytechnik\u00e1j\u00e1val.\",\"description\":\"StageZone\",\"publisher\":{\"@id\":\"https:\/\/stagezone.hu\/en\/#organization\"},\"potentialAction\":[{\"@type\":\"SearchAction\",\"target\":{\"@type\":\"EntryPoint\",\"urlTemplate\":\"https:\/\/stagezone.hu\/en\/?s={search_term_string}\"},\"query-input\":{\"@type\":\"PropertyValueSpecification\",\"valueRequired\":true,\"valueName\":\"search_term_string\"}}],\"inLanguage\":\"en-US\"},{\"@type\":\"Organization\",\"@id\":\"https:\/\/stagezone.hu\/en\/#organization\",\"name\":\"StageZone\",\"url\":\"https:\/\/stagezone.hu\/en\/\",\"logo\":{\"@type\":\"ImageObject\",\"inLanguage\":\"en-US\",\"@id\":\"https:\/\/stagezone.hu\/en\/#\/schema\/logo\/image\/\",\"url\":\"https:\/\/stagezone.hu\/wp-content\/uploads\/2026\/01\/Adam-Hall_1000x1000-1-1.png\",\"contentUrl\":\"https:\/\/stagezone.hu\/wp-content\/uploads\/2026\/01\/Adam-Hall_1000x1000-1-1.png\",\"width\":1000,\"height\":1000,\"caption\":\"StageZone\"},\"image\":{\"@id\":\"https:\/\/stagezone.hu\/en\/#\/schema\/logo\/image\/\"},\"sameAs\":[\"https:\/\/www.facebook.com\/stagezonehungary\/\",\"https:\/\/www.instagram.com\/stagezonehungary\/\"]}]}<\/script>\n<!-- \/ Yoast SEO Premium plugin. -->","yoast_head_json":{"title":"Wireless DMX Controller for PAR Lights","description":"Introducing the Wireless DMX Controller, designed to remotely manage your PAR lights. Control your lighting setup with ease, either via cable or the integrated Wifi.","robots":{"index":"index","follow":"follow","max-snippet":"max-snippet:-1","max-image-preview":"max-image-preview:large","max-video-preview":"max-video-preview:-1"},"canonical":"Introducing the Wireless DMX Controller, designed to remotely manage your PAR lights. Control your lighting setup with ease, either via cable or the integrated Wifi.","og_locale":"en_US","og_type":"article","og_title":"Wireless DMX Controller for PAR Lights","og_description":"Introducing the Wireless DMX Controller, designed to remotely manage your PAR lights. Control your lighting setup with ease, either via cable or the integrated Wifi.","og_url":"https:\/\/stagezone.hu\/en\/product\/wireless-dmx-controller-for-par-lights\/","og_site_name":"StageZone","article_publisher":"https:\/\/www.facebook.com\/stagezonehungary\/","article_modified_time":"2026-05-04T18:57:28+00:00","og_image":[{"width":1000,"height":1000,"url":"https:\/\/stagezone.hu\/wp-content\/uploads\/2024\/05\/C24BW_1.png","type":"image\/png"}],"twitter_card":"summary_large_image","twitter_misc":{"Est. reading time":"1 minute"},"schema":{"@context":"https:\/\/schema.org","@graph":[{"@type":"WebPage","@id":"https:\/\/stagezone.hu\/en\/product\/wireless-dmx-controller-for-par-lights\/","url":"https:\/\/stagezone.hu\/en\/product\/wireless-dmx-controller-for-par-lights\/","name":"Vezet\u00e9k n\u00e9lk\u00fcli DMX vez\u00e9rl\u0151 - StageZone","isPartOf":{"@id":"https:\/\/stagezone.hu\/#website"},"primaryImageOfPage":{"@id":"https:\/\/stagezone.hu\/en\/product\/wireless-dmx-controller-for-par-lights\/#primaryimage"},"image":{"@id":"https:\/\/stagezone.hu\/en\/product\/wireless-dmx-controller-for-par-lights\/#primaryimage"},"thumbnailUrl":"https:\/\/stagezone.hu\/wp-content\/uploads\/2024\/05\/C24BW_1.png","datePublished":"2024-05-21T00:56:59+00:00","dateModified":"2026-05-04T18:57:28+00:00","description":"Egyszer\u0171en haszn\u00e1lhat\u00f3 DMX vez\u00e9rl\u0151re v\u00e1gysz? Amennyiben PAR l\u00e1mp\u00e1id Wifi-vel rendelkeznek, ezzel a vezet\u00e9k n\u00e9lk\u00fcli vez\u00e9rl\u0151vel b\u00e1rhonnan ir\u00e1ny\u00edthatod \u0151ket.","breadcrumb":{"@id":"https:\/\/stagezone.hu\/en\/product\/wireless-dmx-controller-for-par-lights\/#breadcrumb"},"inLanguage":"en-US","potentialAction":[{"@type":"ReadAction","target":["https:\/\/stagezone.hu\/en\/product\/wireless-dmx-controller-for-par-lights\/"]}]},{"@type":"ImageObject","inLanguage":"en-US","@id":"https:\/\/stagezone.hu\/en\/product\/wireless-dmx-controller-for-par-lights\/#primaryimage","url":"https:\/\/stagezone.hu\/wp-content\/uploads\/2024\/05\/C24BW_1.png","contentUrl":"https:\/\/stagezone.hu\/wp-content\/uploads\/2024\/05\/C24BW_1.png","width":1000,"height":1000},{"@type":"BreadcrumbList","@id":"https:\/\/stagezone.hu\/en\/product\/wireless-dmx-controller-for-par-lights\/#breadcrumb","itemListElement":[{"@type":"ListItem","position":1,"name":"Kezd\u0151lap","item":"https:\/\/stagezone.hu\/"},{"@type":"ListItem","position":2,"name":"\u00dczlet","item":"https:\/\/stagezone.hu\/uzlet\/"},{"@type":"ListItem","position":3,"name":"Wireless DMX Controller for PAR Lights"}]},{"@type":"WebSite","@id":"https:\/\/stagezone.hu\/en\/#website","url":"https:\/\/stagezone.hu\/en\/","name":"StageZone - Ragyogj a Stagezone min\u0151s\u00e9gi f\u00e9nytechnik\u00e1j\u00e1val.","description":"StageZone","publisher":{"@id":"https:\/\/stagezone.hu\/en\/#organization"},"potentialAction":[{"@type":"SearchAction","target":{"@type":"EntryPoint","urlTemplate":"https:\/\/stagezone.hu\/en\/?s={search_term_string}"},"query-input":{"@type":"PropertyValueSpecification","valueRequired":true,"valueName":"search_term_string"}}],"inLanguage":"en-US"},{"@type":"Organization","@id":"https:\/\/stagezone.hu\/en\/#organization","name":"StageZone","url":"https:\/\/stagezone.hu\/en\/","logo":{"@type":"ImageObject","inLanguage":"en-US","@id":"https:\/\/stagezone.hu\/en\/#\/schema\/logo\/image\/","url":"https:\/\/stagezone.hu\/wp-content\/uploads\/2026\/01\/Adam-Hall_1000x1000-1-1.png","contentUrl":"https:\/\/stagezone.hu\/wp-content\/uploads\/2026\/01\/Adam-Hall_1000x1000-1-1.png","width":1000,"height":1000,"caption":"StageZone"},"image":{"@id":"https:\/\/stagezone.hu\/en\/#\/schema\/logo\/image\/"},"sameAs":["https:\/\/www.facebook.com\/stagezonehungary\/","https:\/\/www.instagram.com\/stagezonehungary\/"]}]}},"_links":{"self":[{"href":"https:\/\/stagezone.hu\/en\/wp-json\/wp\/v2\/product\/1118","targetHints":{"allow":["GET"]}}],"collection":[{"href":"https:\/\/stagezone.hu\/en\/wp-json\/wp\/v2\/product"}],"about":[{"href":"https:\/\/stagezone.hu\/en\/wp-json\/wp\/v2\/types\/product"}],"replies":[{"embeddable":true,"href":"https:\/\/stagezone.hu\/en\/wp-json\/wp\/v2\/comments?post=1118"}],"version-history":[{"count":2,"href":"https:\/\/stagezone.hu\/en\/wp-json\/wp\/v2\/product\/1118\/revisions"}],"predecessor-version":[{"id":5685,"href":"https:\/\/stagezone.hu\/en\/wp-json\/wp\/v2\/product\/1118\/revisions\/5685"}],"wp:featuredmedia":[{"embeddable":true,"href":"https:\/\/stagezone.hu\/en\/wp-json\/wp\/v2\/media\/5683"}],"wp:attachment":[{"href":"https:\/\/stagezone.hu\/en\/wp-json\/wp\/v2\/media?parent=1118"}],"wp:term":[{"taxonomy":"product_brand","embeddable":true,"href":"https:\/\/stagezone.hu\/en\/wp-json\/wp\/v2\/product_brand?post=1118"},{"taxonomy":"product_cat","embeddable":true,"href":"https:\/\/stagezone.hu\/en\/wp-json\/wp\/v2\/product_cat?post=1118"},{"taxonomy":"product_tag","embeddable":true,"href":"https:\/\/stagezone.hu\/en\/wp-json\/wp\/v2\/product_tag?post=1118"}],"curies":[{"name":"wp","href":"https:\/\/api.w.org\/{rel}","templated":true}]}}