{"id":1108,"date":"2024-05-21T00:10:33","date_gmt":"2024-05-21T00:10:33","guid":{"rendered":"https:\/\/stagezone.hu\/?post_type=product&#038;p=1108"},"modified":"2026-05-04T19:57:32","modified_gmt":"2026-05-04T18:57:32","slug":"stagezone-szikra-gep-por","status":"publish","type":"product","link":"https:\/\/stagezone.hu\/en\/product\/shehds-spark-powder-cold-spark-machine\/","title":{"rendered":"SHEHDS Spark Powder - Cold Spark Machine"},"content":{"rendered":"<p>&nbsp;<\/p>\n<p><strong>SHEHDS Spark Powder &#8211; Metal powder for cold spark machines<\/strong><\/p>\n<p><strong>Package size:<\/strong> 200 g<\/p>\n<p>Shehds is a company founded in 2015 specializing in stage lighting equipment. Their products ensure reliable quality and material usage, suitable for various applications. They hold CE, ROHS, UL, FCC, TP, TC, SAA, and other safety certifications. The brand has become a trusted player in the lighting technology segment.<\/p>\n","protected":false},"excerpt":{"rendered":"<p>SHEHDS Spark Powder for cold spark machines. Available in a 200g package. Fully safe operation.<\/p>\n","protected":false},"featured_media":5330,"comment_status":"closed","ping_status":"closed","template":"","meta":[],"product_brand":[],"product_cat":[184,183],"product_tag":[398,399,549],"class_list":{"0":"post-1108","1":"product","2":"type-product","3":"status-publish","4":"has-post-thumbnail","6":"product_cat-effekt-anyagok","7":"product_cat-szikragep","8":"product_tag-szikra","9":"product_tag-szikragep","10":"product_tag-szikrapor","12":"first","13":"instock","14":"taxable","15":"shipping-taxable","16":"purchasable","17":"product-type-simple"},"yoast_head":"<!-- This site is optimized with the Yoast SEO Premium plugin v27.2 (Yoast SEO v27.2) - https:\/\/yoast.com\/product\/yoast-seo-premium-wordpress\/ -->\n<title>SHEHDS Spark Powder - Cold Spark Machine<\/title>\n<meta name=\"description\" content=\"SHEHDS Spark Powder for cold spark machines. Available in a 200g package. Fully safe operation.\" \/>\n<meta name=\"robots\" content=\"index, follow, max-snippet:-1, max-image-preview:large, max-video-preview:-1\" \/>\n<link rel=\"canonical\" href=\"http:\/\/SHEHDS%20Spark%20Powder%20for%20cold%20spark%20machines.%20Available%20in%20a%20200g%20package.%20Fully%20safe%20operation.\" \/>\n<meta property=\"og:locale\" content=\"en_US\" \/>\n<meta property=\"og:type\" content=\"article\" \/>\n<meta property=\"og:title\" content=\"SHEHDS Spark Powder - Cold Spark Machine\" \/>\n<meta property=\"og:description\" content=\"SHEHDS Spark Powder for cold spark machines. Available in a 200g package. Fully safe operation.\" \/>\n<meta property=\"og:url\" content=\"https:\/\/stagezone.hu\/en\/product\/shehds-spark-powder-cold-spark-machine\/\" \/>\n<meta property=\"og:site_name\" content=\"StageZone\" \/>\n<meta property=\"article:publisher\" content=\"https:\/\/www.facebook.com\/stagezonehungary\/\" \/>\n<meta property=\"article:modified_time\" content=\"2026-05-04T18:57:32+00:00\" \/>\n<meta property=\"og:image\" content=\"https:\/\/stagezone.hu\/wp-content\/uploads\/2024\/05\/\u5fae\u4fe1\u56fe\u7247_20220322171400-1.jpg\" \/>\n\t<meta property=\"og:image:width\" content=\"1000\" \/>\n\t<meta property=\"og:image:height\" content=\"1000\" \/>\n\t<meta property=\"og:image:type\" content=\"image\/jpeg\" \/>\n<meta name=\"twitter:card\" content=\"summary_large_image\" \/>\n<meta name=\"twitter:label1\" content=\"Est. reading time\" \/>\n\t<meta name=\"twitter:data1\" content=\"1 minute\" \/>\n<script type=\"application\/ld+json\" class=\"yoast-schema-graph\">{\"@context\":\"https:\/\/schema.org\",\"@graph\":[{\"@type\":\"WebPage\",\"@id\":\"https:\/\/stagezone.hu\/en\/product\/shehds-spark-powder-cold-spark-machine\/\",\"url\":\"https:\/\/stagezone.hu\/en\/product\/shehds-spark-powder-cold-spark-machine\/\",\"name\":\"SHEHDS Szikrapor - StageZone\",\"isPartOf\":{\"@id\":\"https:\/\/stagezone.hu\/#website\"},\"primaryImageOfPage\":{\"@id\":\"https:\/\/stagezone.hu\/en\/product\/shehds-spark-powder-cold-spark-machine\/#primaryimage\"},\"image\":{\"@id\":\"https:\/\/stagezone.hu\/en\/product\/shehds-spark-powder-cold-spark-machine\/#primaryimage\"},\"thumbnailUrl\":\"https:\/\/stagezone.hu\/wp-content\/uploads\/2024\/05\/\u5fae\u4fe1\u56fe\u7247_20220322171400-1.jpg\",\"datePublished\":\"2024-05-21T00:10:33+00:00\",\"dateModified\":\"2026-05-04T18:57:32+00:00\",\"description\":\"SHEHDS Szikrapor hideg szikrag\u00e9pekhez. 200 grammos kiszerel\u00e9sben. M\u0171k\u00f6d\u00e9se teljes m\u00e9rt\u00e9kben biztons\u00e1gos.\",\"breadcrumb\":{\"@id\":\"https:\/\/stagezone.hu\/en\/product\/shehds-spark-powder-cold-spark-machine\/#breadcrumb\"},\"inLanguage\":\"en-US\",\"potentialAction\":[{\"@type\":\"ReadAction\",\"target\":[\"https:\/\/stagezone.hu\/en\/product\/shehds-spark-powder-cold-spark-machine\/\"]}]},{\"@type\":\"ImageObject\",\"inLanguage\":\"en-US\",\"@id\":\"https:\/\/stagezone.hu\/en\/product\/shehds-spark-powder-cold-spark-machine\/#primaryimage\",\"url\":\"https:\/\/stagezone.hu\/wp-content\/uploads\/2024\/05\/\u5fae\u4fe1\u56fe\u7247_20220322171400-1.jpg\",\"contentUrl\":\"https:\/\/stagezone.hu\/wp-content\/uploads\/2024\/05\/\u5fae\u4fe1\u56fe\u7247_20220322171400-1.jpg\",\"width\":1000,\"height\":1000,\"caption\":\"SHEHDS Szikrapor\"},{\"@type\":\"BreadcrumbList\",\"@id\":\"https:\/\/stagezone.hu\/en\/product\/shehds-spark-powder-cold-spark-machine\/#breadcrumb\",\"itemListElement\":[{\"@type\":\"ListItem\",\"position\":1,\"name\":\"Kezd\u0151lap\",\"item\":\"https:\/\/stagezone.hu\/\"},{\"@type\":\"ListItem\",\"position\":2,\"name\":\"\u00dczlet\",\"item\":\"https:\/\/stagezone.hu\/uzlet\/\"},{\"@type\":\"ListItem\",\"position\":3,\"name\":\"SHEHDS Spark Powder - Cold Spark Machine\"}]},{\"@type\":\"WebSite\",\"@id\":\"https:\/\/stagezone.hu\/en\/#website\",\"url\":\"https:\/\/stagezone.hu\/en\/\",\"name\":\"StageZone - Ragyogj a Stagezone min\u0151s\u00e9gi f\u00e9nytechnik\u00e1j\u00e1val.\",\"description\":\"StageZone\",\"publisher\":{\"@id\":\"https:\/\/stagezone.hu\/en\/#organization\"},\"potentialAction\":[{\"@type\":\"SearchAction\",\"target\":{\"@type\":\"EntryPoint\",\"urlTemplate\":\"https:\/\/stagezone.hu\/en\/?s={search_term_string}\"},\"query-input\":{\"@type\":\"PropertyValueSpecification\",\"valueRequired\":true,\"valueName\":\"search_term_string\"}}],\"inLanguage\":\"en-US\"},{\"@type\":\"Organization\",\"@id\":\"https:\/\/stagezone.hu\/en\/#organization\",\"name\":\"StageZone\",\"url\":\"https:\/\/stagezone.hu\/en\/\",\"logo\":{\"@type\":\"ImageObject\",\"inLanguage\":\"en-US\",\"@id\":\"https:\/\/stagezone.hu\/en\/#\/schema\/logo\/image\/\",\"url\":\"https:\/\/stagezone.hu\/wp-content\/uploads\/2026\/01\/Adam-Hall_1000x1000-1-1.png\",\"contentUrl\":\"https:\/\/stagezone.hu\/wp-content\/uploads\/2026\/01\/Adam-Hall_1000x1000-1-1.png\",\"width\":1000,\"height\":1000,\"caption\":\"StageZone\"},\"image\":{\"@id\":\"https:\/\/stagezone.hu\/en\/#\/schema\/logo\/image\/\"},\"sameAs\":[\"https:\/\/www.facebook.com\/stagezonehungary\/\",\"https:\/\/www.instagram.com\/stagezonehungary\/\"]}]}<\/script>\n<!-- \/ Yoast SEO Premium plugin. -->","yoast_head_json":{"title":"SHEHDS Spark Powder - Cold Spark Machine","description":"SHEHDS Spark Powder for cold spark machines. Available in a 200g package. Fully safe operation.","robots":{"index":"index","follow":"follow","max-snippet":"max-snippet:-1","max-image-preview":"max-image-preview:large","max-video-preview":"max-video-preview:-1"},"canonical":"SHEHDS Spark Powder for cold spark machines. Available in a 200g package. Fully safe operation.","og_locale":"en_US","og_type":"article","og_title":"SHEHDS Spark Powder - Cold Spark Machine","og_description":"SHEHDS Spark Powder for cold spark machines. Available in a 200g package. Fully safe operation.","og_url":"https:\/\/stagezone.hu\/en\/product\/shehds-spark-powder-cold-spark-machine\/","og_site_name":"StageZone","article_publisher":"https:\/\/www.facebook.com\/stagezonehungary\/","article_modified_time":"2026-05-04T18:57:32+00:00","og_image":[{"width":1000,"height":1000,"url":"https:\/\/stagezone.hu\/wp-content\/uploads\/2024\/05\/\u5fae\u4fe1\u56fe\u7247_20220322171400-1.jpg","type":"image\/jpeg"}],"twitter_card":"summary_large_image","twitter_misc":{"Est. reading time":"1 minute"},"schema":{"@context":"https:\/\/schema.org","@graph":[{"@type":"WebPage","@id":"https:\/\/stagezone.hu\/en\/product\/shehds-spark-powder-cold-spark-machine\/","url":"https:\/\/stagezone.hu\/en\/product\/shehds-spark-powder-cold-spark-machine\/","name":"SHEHDS Szikrapor - StageZone","isPartOf":{"@id":"https:\/\/stagezone.hu\/#website"},"primaryImageOfPage":{"@id":"https:\/\/stagezone.hu\/en\/product\/shehds-spark-powder-cold-spark-machine\/#primaryimage"},"image":{"@id":"https:\/\/stagezone.hu\/en\/product\/shehds-spark-powder-cold-spark-machine\/#primaryimage"},"thumbnailUrl":"https:\/\/stagezone.hu\/wp-content\/uploads\/2024\/05\/\u5fae\u4fe1\u56fe\u7247_20220322171400-1.jpg","datePublished":"2024-05-21T00:10:33+00:00","dateModified":"2026-05-04T18:57:32+00:00","description":"SHEHDS Szikrapor hideg szikrag\u00e9pekhez. 200 grammos kiszerel\u00e9sben. M\u0171k\u00f6d\u00e9se teljes m\u00e9rt\u00e9kben biztons\u00e1gos.","breadcrumb":{"@id":"https:\/\/stagezone.hu\/en\/product\/shehds-spark-powder-cold-spark-machine\/#breadcrumb"},"inLanguage":"en-US","potentialAction":[{"@type":"ReadAction","target":["https:\/\/stagezone.hu\/en\/product\/shehds-spark-powder-cold-spark-machine\/"]}]},{"@type":"ImageObject","inLanguage":"en-US","@id":"https:\/\/stagezone.hu\/en\/product\/shehds-spark-powder-cold-spark-machine\/#primaryimage","url":"https:\/\/stagezone.hu\/wp-content\/uploads\/2024\/05\/\u5fae\u4fe1\u56fe\u7247_20220322171400-1.jpg","contentUrl":"https:\/\/stagezone.hu\/wp-content\/uploads\/2024\/05\/\u5fae\u4fe1\u56fe\u7247_20220322171400-1.jpg","width":1000,"height":1000,"caption":"SHEHDS Szikrapor"},{"@type":"BreadcrumbList","@id":"https:\/\/stagezone.hu\/en\/product\/shehds-spark-powder-cold-spark-machine\/#breadcrumb","itemListElement":[{"@type":"ListItem","position":1,"name":"Kezd\u0151lap","item":"https:\/\/stagezone.hu\/"},{"@type":"ListItem","position":2,"name":"\u00dczlet","item":"https:\/\/stagezone.hu\/uzlet\/"},{"@type":"ListItem","position":3,"name":"SHEHDS Spark Powder - Cold Spark Machine"}]},{"@type":"WebSite","@id":"https:\/\/stagezone.hu\/en\/#website","url":"https:\/\/stagezone.hu\/en\/","name":"StageZone - Ragyogj a Stagezone min\u0151s\u00e9gi f\u00e9nytechnik\u00e1j\u00e1val.","description":"StageZone","publisher":{"@id":"https:\/\/stagezone.hu\/en\/#organization"},"potentialAction":[{"@type":"SearchAction","target":{"@type":"EntryPoint","urlTemplate":"https:\/\/stagezone.hu\/en\/?s={search_term_string}"},"query-input":{"@type":"PropertyValueSpecification","valueRequired":true,"valueName":"search_term_string"}}],"inLanguage":"en-US"},{"@type":"Organization","@id":"https:\/\/stagezone.hu\/en\/#organization","name":"StageZone","url":"https:\/\/stagezone.hu\/en\/","logo":{"@type":"ImageObject","inLanguage":"en-US","@id":"https:\/\/stagezone.hu\/en\/#\/schema\/logo\/image\/","url":"https:\/\/stagezone.hu\/wp-content\/uploads\/2026\/01\/Adam-Hall_1000x1000-1-1.png","contentUrl":"https:\/\/stagezone.hu\/wp-content\/uploads\/2026\/01\/Adam-Hall_1000x1000-1-1.png","width":1000,"height":1000,"caption":"StageZone"},"image":{"@id":"https:\/\/stagezone.hu\/en\/#\/schema\/logo\/image\/"},"sameAs":["https:\/\/www.facebook.com\/stagezonehungary\/","https:\/\/www.instagram.com\/stagezonehungary\/"]}]}},"_links":{"self":[{"href":"https:\/\/stagezone.hu\/en\/wp-json\/wp\/v2\/product\/1108","targetHints":{"allow":["GET"]}}],"collection":[{"href":"https:\/\/stagezone.hu\/en\/wp-json\/wp\/v2\/product"}],"about":[{"href":"https:\/\/stagezone.hu\/en\/wp-json\/wp\/v2\/types\/product"}],"replies":[{"embeddable":true,"href":"https:\/\/stagezone.hu\/en\/wp-json\/wp\/v2\/comments?post=1108"}],"version-history":[{"count":3,"href":"https:\/\/stagezone.hu\/en\/wp-json\/wp\/v2\/product\/1108\/revisions"}],"predecessor-version":[{"id":9769,"href":"https:\/\/stagezone.hu\/en\/wp-json\/wp\/v2\/product\/1108\/revisions\/9769"}],"wp:featuredmedia":[{"embeddable":true,"href":"https:\/\/stagezone.hu\/en\/wp-json\/wp\/v2\/media\/5330"}],"wp:attachment":[{"href":"https:\/\/stagezone.hu\/en\/wp-json\/wp\/v2\/media?parent=1108"}],"wp:term":[{"taxonomy":"product_brand","embeddable":true,"href":"https:\/\/stagezone.hu\/en\/wp-json\/wp\/v2\/product_brand?post=1108"},{"taxonomy":"product_cat","embeddable":true,"href":"https:\/\/stagezone.hu\/en\/wp-json\/wp\/v2\/product_cat?post=1108"},{"taxonomy":"product_tag","embeddable":true,"href":"https:\/\/stagezone.hu\/en\/wp-json\/wp\/v2\/product_tag?post=1108"}],"curies":[{"name":"wp","href":"https:\/\/api.w.org\/{rel}","templated":true}]}}