{"id":1100,"date":"2024-05-20T22:48:18","date_gmt":"2024-05-20T22:48:18","guid":{"rendered":"https:\/\/stagezone.hu\/?post_type=product&#038;p=1100"},"modified":"2026-05-04T19:57:37","modified_gmt":"2026-05-04T18:57:37","slug":"stagezone-10x40w-moving-led-bar","status":"publish","type":"product","link":"https:\/\/stagezone.hu\/en\/product\/shehds-moving-bar-10x40w-rgbw\/","title":{"rendered":"SHEHDS Moving Bar 10x40W RGBW"},"content":{"rendered":"<p><strong>SHEHDS Moving Bar 10x40W<\/strong><\/p>\n<p>Bring an unusual visual experience to your party with this moving head device. The 40W LEDs placed side-by-side can spectacularly sweep across the dance floor, either horizontally or vertically.<\/p>\n<p><strong>Package Contents:<\/strong><br \/>\n1 pc SHEHDS Moving Bar 10x40W<br \/>\n1 pc PowerCon power cable and 1 pc DMX cable<br \/>\n2 pcs quick-mount omega brackets<\/p>\n<p><strong>SPECIFICATIONS<\/strong><\/p>\n<table id=\"tablepress-120\" class=\"tablepress tablepress-id-120\">\n<caption style=\"caption-side:bottom;text-align:left;border:none;background:none;margin:0;padding:0;\"><a href=\"https:\/\/stagezone.hu\/wp-admin\/admin.php?page=tablepress&#038;action=edit&#038;table_id=120\" rel=\"nofollow\">Edit<\/a><\/caption>\n<tbody class=\"row-striping row-hover\">\n<tr class=\"row-1\">\n<td class=\"column-1\">Power Supply<\/td>\n<td class=\"column-2\">AC 100-240 V, 50\/60 Hz<\/td>\n<\/tr>\n<tr class=\"row-2\">\n<td class=\"column-1\">Power Consumption<\/td>\n<td class=\"column-2\">400W<\/td>\n<\/tr>\n<tr class=\"row-3\">\n<td class=\"column-1\">Built-in Lamp<\/td>\n<td class=\"column-2\">10x40W LED RGBW<\/td>\n<\/tr>\n<tr class=\"row-4\">\n<td class=\"column-1\">DMX<\/td>\n<td class=\"column-2\">5\/7\/14\/18\/42\/54 channels<\/td>\n<\/tr>\n<tr class=\"row-5\">\n<td class=\"column-1\">Tilt<\/td>\n<td class=\"column-2\">190\u00b0<\/td>\n<\/tr>\n<tr class=\"row-6\">\n<td class=\"column-1\">Strobe<\/td>\n<td class=\"column-2\">0-10 Hz<\/td>\n<\/tr>\n<tr class=\"row-7\">\n<td class=\"column-1\">Operating Modes<\/td>\n<td class=\"column-2\">DMX512, Auto Run, Sound Activated, Stand alone and Master\/Slave<\/td>\n<\/tr>\n<\/tbody>\n<\/table>\n<p>Shehds, founded in 2015, specializes in stage lighting equipment. Their products offer reliable quality and material usage, suitable for various applications. They hold CE, ROHS, UL, FCC, TP, TC, SAA, and other safety certifications. The brand has become a trusted player in the lighting technology segment.<\/p>\n","protected":false},"excerpt":{"rendered":"<p>10x40W RGBW LED moving head with 190\u00b0 tilt, suitable for various DMX, auto, sound-activated, and master\/slave modes.<\/p>\n","protected":false},"featured_media":5668,"comment_status":"closed","ping_status":"closed","template":"","meta":[],"product_brand":[],"product_cat":[539,168,166],"product_tag":[414,209],"class_list":{"0":"post-1100","1":"product","2":"type-product","3":"status-publish","4":"has-post-thumbnail","6":"product_cat-akcios-termekek","7":"product_cat-beam-lampa","8":"product_cat-robotlampa","9":"product_tag-led-bar","10":"product_tag-stagezone","12":"first","13":"instock","14":"sale","15":"taxable","16":"shipping-taxable","17":"purchasable","18":"product-type-simple"},"yoast_head":"<!-- This site is optimized with the Yoast SEO Premium plugin v27.2 (Yoast SEO v27.2) - https:\/\/yoast.com\/product\/yoast-seo-premium-wordpress\/ -->\n<title>SHEHDS Moving Bar 10x40W RGBW<\/title>\n<meta name=\"description\" content=\"10x40W RGBW LED moving head with 190\u00b0 tilt, suitable for various DMX, auto, sound-activated, and master\/slave modes.\" \/>\n<meta name=\"robots\" content=\"index, follow, max-snippet:-1, max-image-preview:large, max-video-preview:-1\" \/>\n<link rel=\"canonical\" href=\"http:\/\/10x40W%20RGBW%20LED%20moving%20head%20with%20190\u00b0%20tilt,%20suitable%20for%20various%20DMX,%20auto,%20sound-activated,%20and%20master\/slave%20modes.\" \/>\n<meta property=\"og:locale\" content=\"en_US\" \/>\n<meta property=\"og:type\" content=\"article\" \/>\n<meta property=\"og:title\" content=\"SHEHDS Moving Bar 10x40W RGBW\" \/>\n<meta property=\"og:description\" content=\"10x40W RGBW LED moving head with 190\u00b0 tilt, suitable for various DMX, auto, sound-activated, and master\/slave modes.\" \/>\n<meta property=\"og:url\" content=\"https:\/\/stagezone.hu\/en\/product\/shehds-moving-bar-10x40w-rgbw\/\" \/>\n<meta property=\"og:site_name\" content=\"StageZone\" \/>\n<meta property=\"article:publisher\" content=\"https:\/\/www.facebook.com\/stagezonehungary\/\" \/>\n<meta property=\"article:modified_time\" content=\"2026-05-04T18:57:37+00:00\" \/>\n<meta property=\"og:image\" content=\"https:\/\/stagezone.hu\/wp-content\/uploads\/2024\/05\/STGZ-BMH1040D_1.png\" \/>\n\t<meta property=\"og:image:width\" content=\"1000\" \/>\n\t<meta property=\"og:image:height\" content=\"1000\" \/>\n\t<meta property=\"og:image:type\" content=\"image\/png\" \/>\n<meta name=\"twitter:card\" content=\"summary_large_image\" \/>\n<meta name=\"twitter:label1\" content=\"Est. reading time\" \/>\n\t<meta name=\"twitter:data1\" content=\"1 minute\" \/>\n<script type=\"application\/ld+json\" class=\"yoast-schema-graph\">{\"@context\":\"https:\/\/schema.org\",\"@graph\":[{\"@type\":\"WebPage\",\"@id\":\"https:\/\/stagezone.hu\/en\/product\/shehds-moving-bar-10x40w-rgbw\/\",\"url\":\"https:\/\/stagezone.hu\/en\/product\/shehds-moving-bar-10x40w-rgbw\/\",\"name\":\"SHEHDS Moving Bar 10x40W - StageZone\",\"isPartOf\":{\"@id\":\"https:\/\/stagezone.hu\/#website\"},\"primaryImageOfPage\":{\"@id\":\"https:\/\/stagezone.hu\/en\/product\/shehds-moving-bar-10x40w-rgbw\/#primaryimage\"},\"image\":{\"@id\":\"https:\/\/stagezone.hu\/en\/product\/shehds-moving-bar-10x40w-rgbw\/#primaryimage\"},\"thumbnailUrl\":\"https:\/\/stagezone.hu\/wp-content\/uploads\/2024\/05\/STGZ-BMH1040D_1.png\",\"datePublished\":\"2024-05-20T22:48:18+00:00\",\"dateModified\":\"2026-05-04T18:57:37+00:00\",\"description\":\"A SHEHDS Moving Bar 10x40W egy egyed\u00fcl\u00e1ll\u00f3 robotl\u00e1mpa, mely fix cs\u00f3v\u00e1kat vet\u00edt a t\u00e1nct\u00e9rre. Vari\u00e1ld az install\u00e1ci\u00f3 m\u00f3dj\u00e1t kedved szerint a legjobb l\u00e1tv\u00e1ny \u00e9rdek\u00e9ben.\",\"breadcrumb\":{\"@id\":\"https:\/\/stagezone.hu\/en\/product\/shehds-moving-bar-10x40w-rgbw\/#breadcrumb\"},\"inLanguage\":\"en-US\",\"potentialAction\":[{\"@type\":\"ReadAction\",\"target\":[\"https:\/\/stagezone.hu\/en\/product\/shehds-moving-bar-10x40w-rgbw\/\"]}]},{\"@type\":\"ImageObject\",\"inLanguage\":\"en-US\",\"@id\":\"https:\/\/stagezone.hu\/en\/product\/shehds-moving-bar-10x40w-rgbw\/#primaryimage\",\"url\":\"https:\/\/stagezone.hu\/wp-content\/uploads\/2024\/05\/STGZ-BMH1040D_1.png\",\"contentUrl\":\"https:\/\/stagezone.hu\/wp-content\/uploads\/2024\/05\/STGZ-BMH1040D_1.png\",\"width\":1000,\"height\":1000,\"caption\":\"SHEHDS Moving Bar 10x40W\"},{\"@type\":\"BreadcrumbList\",\"@id\":\"https:\/\/stagezone.hu\/en\/product\/shehds-moving-bar-10x40w-rgbw\/#breadcrumb\",\"itemListElement\":[{\"@type\":\"ListItem\",\"position\":1,\"name\":\"Kezd\u0151lap\",\"item\":\"https:\/\/stagezone.hu\/\"},{\"@type\":\"ListItem\",\"position\":2,\"name\":\"\u00dczlet\",\"item\":\"https:\/\/stagezone.hu\/uzlet\/\"},{\"@type\":\"ListItem\",\"position\":3,\"name\":\"SHEHDS Moving Bar 10x40W RGBW\"}]},{\"@type\":\"WebSite\",\"@id\":\"https:\/\/stagezone.hu\/en\/#website\",\"url\":\"https:\/\/stagezone.hu\/en\/\",\"name\":\"StageZone - Ragyogj a Stagezone min\u0151s\u00e9gi f\u00e9nytechnik\u00e1j\u00e1val.\",\"description\":\"StageZone\",\"publisher\":{\"@id\":\"https:\/\/stagezone.hu\/en\/#organization\"},\"potentialAction\":[{\"@type\":\"SearchAction\",\"target\":{\"@type\":\"EntryPoint\",\"urlTemplate\":\"https:\/\/stagezone.hu\/en\/?s={search_term_string}\"},\"query-input\":{\"@type\":\"PropertyValueSpecification\",\"valueRequired\":true,\"valueName\":\"search_term_string\"}}],\"inLanguage\":\"en-US\"},{\"@type\":\"Organization\",\"@id\":\"https:\/\/stagezone.hu\/en\/#organization\",\"name\":\"StageZone\",\"url\":\"https:\/\/stagezone.hu\/en\/\",\"logo\":{\"@type\":\"ImageObject\",\"inLanguage\":\"en-US\",\"@id\":\"https:\/\/stagezone.hu\/en\/#\/schema\/logo\/image\/\",\"url\":\"https:\/\/stagezone.hu\/wp-content\/uploads\/2026\/01\/Adam-Hall_1000x1000-1-1.png\",\"contentUrl\":\"https:\/\/stagezone.hu\/wp-content\/uploads\/2026\/01\/Adam-Hall_1000x1000-1-1.png\",\"width\":1000,\"height\":1000,\"caption\":\"StageZone\"},\"image\":{\"@id\":\"https:\/\/stagezone.hu\/en\/#\/schema\/logo\/image\/\"},\"sameAs\":[\"https:\/\/www.facebook.com\/stagezonehungary\/\",\"https:\/\/www.instagram.com\/stagezonehungary\/\"]}]}<\/script>\n<!-- \/ Yoast SEO Premium plugin. -->","yoast_head_json":{"title":"SHEHDS Moving Bar 10x40W RGBW","description":"10x40W RGBW LED moving head with 190\u00b0 tilt, suitable for various DMX, auto, sound-activated, and master\/slave modes.","robots":{"index":"index","follow":"follow","max-snippet":"max-snippet:-1","max-image-preview":"max-image-preview:large","max-video-preview":"max-video-preview:-1"},"canonical":"10x40W RGBW LED moving head with 190\u00b0 tilt, suitable for various DMX, auto, sound-activated, and master\/slave modes.","og_locale":"en_US","og_type":"article","og_title":"SHEHDS Moving Bar 10x40W RGBW","og_description":"10x40W RGBW LED moving head with 190\u00b0 tilt, suitable for various DMX, auto, sound-activated, and master\/slave modes.","og_url":"https:\/\/stagezone.hu\/en\/product\/shehds-moving-bar-10x40w-rgbw\/","og_site_name":"StageZone","article_publisher":"https:\/\/www.facebook.com\/stagezonehungary\/","article_modified_time":"2026-05-04T18:57:37+00:00","og_image":[{"width":1000,"height":1000,"url":"https:\/\/stagezone.hu\/wp-content\/uploads\/2024\/05\/STGZ-BMH1040D_1.png","type":"image\/png"}],"twitter_card":"summary_large_image","twitter_misc":{"Est. reading time":"1 minute"},"schema":{"@context":"https:\/\/schema.org","@graph":[{"@type":"WebPage","@id":"https:\/\/stagezone.hu\/en\/product\/shehds-moving-bar-10x40w-rgbw\/","url":"https:\/\/stagezone.hu\/en\/product\/shehds-moving-bar-10x40w-rgbw\/","name":"SHEHDS Moving Bar 10x40W - StageZone","isPartOf":{"@id":"https:\/\/stagezone.hu\/#website"},"primaryImageOfPage":{"@id":"https:\/\/stagezone.hu\/en\/product\/shehds-moving-bar-10x40w-rgbw\/#primaryimage"},"image":{"@id":"https:\/\/stagezone.hu\/en\/product\/shehds-moving-bar-10x40w-rgbw\/#primaryimage"},"thumbnailUrl":"https:\/\/stagezone.hu\/wp-content\/uploads\/2024\/05\/STGZ-BMH1040D_1.png","datePublished":"2024-05-20T22:48:18+00:00","dateModified":"2026-05-04T18:57:37+00:00","description":"A SHEHDS Moving Bar 10x40W egy egyed\u00fcl\u00e1ll\u00f3 robotl\u00e1mpa, mely fix cs\u00f3v\u00e1kat vet\u00edt a t\u00e1nct\u00e9rre. Vari\u00e1ld az install\u00e1ci\u00f3 m\u00f3dj\u00e1t kedved szerint a legjobb l\u00e1tv\u00e1ny \u00e9rdek\u00e9ben.","breadcrumb":{"@id":"https:\/\/stagezone.hu\/en\/product\/shehds-moving-bar-10x40w-rgbw\/#breadcrumb"},"inLanguage":"en-US","potentialAction":[{"@type":"ReadAction","target":["https:\/\/stagezone.hu\/en\/product\/shehds-moving-bar-10x40w-rgbw\/"]}]},{"@type":"ImageObject","inLanguage":"en-US","@id":"https:\/\/stagezone.hu\/en\/product\/shehds-moving-bar-10x40w-rgbw\/#primaryimage","url":"https:\/\/stagezone.hu\/wp-content\/uploads\/2024\/05\/STGZ-BMH1040D_1.png","contentUrl":"https:\/\/stagezone.hu\/wp-content\/uploads\/2024\/05\/STGZ-BMH1040D_1.png","width":1000,"height":1000,"caption":"SHEHDS Moving Bar 10x40W"},{"@type":"BreadcrumbList","@id":"https:\/\/stagezone.hu\/en\/product\/shehds-moving-bar-10x40w-rgbw\/#breadcrumb","itemListElement":[{"@type":"ListItem","position":1,"name":"Kezd\u0151lap","item":"https:\/\/stagezone.hu\/"},{"@type":"ListItem","position":2,"name":"\u00dczlet","item":"https:\/\/stagezone.hu\/uzlet\/"},{"@type":"ListItem","position":3,"name":"SHEHDS Moving Bar 10x40W RGBW"}]},{"@type":"WebSite","@id":"https:\/\/stagezone.hu\/en\/#website","url":"https:\/\/stagezone.hu\/en\/","name":"StageZone - Ragyogj a Stagezone min\u0151s\u00e9gi f\u00e9nytechnik\u00e1j\u00e1val.","description":"StageZone","publisher":{"@id":"https:\/\/stagezone.hu\/en\/#organization"},"potentialAction":[{"@type":"SearchAction","target":{"@type":"EntryPoint","urlTemplate":"https:\/\/stagezone.hu\/en\/?s={search_term_string}"},"query-input":{"@type":"PropertyValueSpecification","valueRequired":true,"valueName":"search_term_string"}}],"inLanguage":"en-US"},{"@type":"Organization","@id":"https:\/\/stagezone.hu\/en\/#organization","name":"StageZone","url":"https:\/\/stagezone.hu\/en\/","logo":{"@type":"ImageObject","inLanguage":"en-US","@id":"https:\/\/stagezone.hu\/en\/#\/schema\/logo\/image\/","url":"https:\/\/stagezone.hu\/wp-content\/uploads\/2026\/01\/Adam-Hall_1000x1000-1-1.png","contentUrl":"https:\/\/stagezone.hu\/wp-content\/uploads\/2026\/01\/Adam-Hall_1000x1000-1-1.png","width":1000,"height":1000,"caption":"StageZone"},"image":{"@id":"https:\/\/stagezone.hu\/en\/#\/schema\/logo\/image\/"},"sameAs":["https:\/\/www.facebook.com\/stagezonehungary\/","https:\/\/www.instagram.com\/stagezonehungary\/"]}]}},"_links":{"self":[{"href":"https:\/\/stagezone.hu\/en\/wp-json\/wp\/v2\/product\/1100","targetHints":{"allow":["GET"]}}],"collection":[{"href":"https:\/\/stagezone.hu\/en\/wp-json\/wp\/v2\/product"}],"about":[{"href":"https:\/\/stagezone.hu\/en\/wp-json\/wp\/v2\/types\/product"}],"replies":[{"embeddable":true,"href":"https:\/\/stagezone.hu\/en\/wp-json\/wp\/v2\/comments?post=1100"}],"version-history":[{"count":4,"href":"https:\/\/stagezone.hu\/en\/wp-json\/wp\/v2\/product\/1100\/revisions"}],"predecessor-version":[{"id":10343,"href":"https:\/\/stagezone.hu\/en\/wp-json\/wp\/v2\/product\/1100\/revisions\/10343"}],"wp:featuredmedia":[{"embeddable":true,"href":"https:\/\/stagezone.hu\/en\/wp-json\/wp\/v2\/media\/5668"}],"wp:attachment":[{"href":"https:\/\/stagezone.hu\/en\/wp-json\/wp\/v2\/media?parent=1100"}],"wp:term":[{"taxonomy":"product_brand","embeddable":true,"href":"https:\/\/stagezone.hu\/en\/wp-json\/wp\/v2\/product_brand?post=1100"},{"taxonomy":"product_cat","embeddable":true,"href":"https:\/\/stagezone.hu\/en\/wp-json\/wp\/v2\/product_cat?post=1100"},{"taxonomy":"product_tag","embeddable":true,"href":"https:\/\/stagezone.hu\/en\/wp-json\/wp\/v2\/product_tag?post=1100"}],"curies":[{"name":"wp","href":"https:\/\/api.w.org\/{rel}","templated":true}]}}