{"id":1083,"date":"2024-05-18T02:43:20","date_gmt":"2024-05-18T02:43:20","guid":{"rendered":"https:\/\/stagezone.hu\/?post_type=product&#038;p=1083"},"modified":"2026-05-04T19:57:38","modified_gmt":"2026-05-04T18:57:38","slug":"stagezone-1024-dmx-vezerlo","status":"publish","type":"product","link":"https:\/\/stagezone.hu\/en\/product\/stagezone-dmx-1024-controller\/","title":{"rendered":"StageZone DMX 1024 Controller"},"content":{"rendered":"<div>\n<p><strong>Package Contents:<\/strong><br \/>\n1 x StageZone DMX 1024 Controller<br \/>\n1 x Power Cable, 1 x LED Lamp, and 1 x Rack<\/p>\n<p><strong>SPECIFICATIONS<\/strong><\/p>\n<\/div>\n<table id=\"tablepress-124\" class=\"tablepress tablepress-id-124\">\n<tbody class=\"row-striping row-hover\">\n<tr class=\"row-1\">\n<td class=\"column-1\">Power Supply<\/td>\n<td class=\"column-2\">AC 100-240 V, 50\/60 Hz<\/td>\n<\/tr>\n<tr class=\"row-2\">\n<td class=\"column-1\">Channels<\/td>\n<td class=\"column-2\">1024<\/td>\n<\/tr>\n<tr class=\"row-3\">\n<td class=\"column-1\">Max. Capacity<\/td>\n<td class=\"column-2\">96 Lights<\/td>\n<\/tr>\n<tr class=\"row-4\">\n<td class=\"column-1\">Scenes<\/td>\n<td class=\"column-2\">600<\/td>\n<\/tr>\n<tr class=\"row-5\">\n<td class=\"column-1\">Chases (combinable scenes)<\/td>\n<td class=\"column-2\">10<\/td>\n<\/tr>\n<tr class=\"row-6\">\n<td class=\"column-1\">Display<\/td>\n<td class=\"column-2\">LED<\/td>\n<\/tr>\n<\/tbody>\n<\/table>\n<p><strong>Our devices undergo strict inspection upon arrival at our warehouse.<\/strong><\/p>\n","protected":false},"excerpt":{"rendered":"<p>The DMX 1024 controller is designed for professional use. Lights can be programmed on 2 universes, each with 512 channels.<\/p>\n","protected":false},"featured_media":5701,"comment_status":"closed","ping_status":"closed","template":"","meta":[],"product_brand":[],"product_cat":[455],"product_tag":[214,209,217],"class_list":{"0":"post-1083","1":"product","2":"type-product","3":"status-publish","4":"has-post-thumbnail","6":"product_cat-vezerlok","7":"product_tag-dmx","8":"product_tag-stagezone","9":"product_tag-vezerlo","11":"first","12":"contact_us","13":"taxable","14":"shipping-taxable","15":"purchasable","16":"product-type-simple"},"yoast_head":"<!-- This site is optimized with the Yoast SEO Premium plugin v27.2 (Yoast SEO v27.2) - https:\/\/yoast.com\/product\/yoast-seo-premium-wordpress\/ -->\n<title>StageZone DMX 1024 Controller<\/title>\n<meta name=\"description\" content=\"The DMX 1024 controller is designed for professional use. Lights can be programmed on 2 universes, each with 512 channels.\" \/>\n<meta name=\"robots\" content=\"index, follow, max-snippet:-1, max-image-preview:large, max-video-preview:-1\" \/>\n<link rel=\"canonical\" href=\"http:\/\/The%20DMX%201024%20controller%20is%20designed%20for%20professional%20use.%20Lights%20can%20be%20programmed%20on%202%20universes,%20each%20with%20512%20channels.\" \/>\n<meta property=\"og:locale\" content=\"en_US\" \/>\n<meta property=\"og:type\" content=\"article\" \/>\n<meta property=\"og:title\" content=\"StageZone DMX 1024 Controller\" \/>\n<meta property=\"og:description\" content=\"The DMX 1024 controller is designed for professional use. Lights can be programmed on 2 universes, each with 512 channels.\" \/>\n<meta property=\"og:url\" content=\"https:\/\/stagezone.hu\/en\/product\/stagezone-dmx-1024-controller\/\" \/>\n<meta property=\"og:site_name\" content=\"StageZone\" \/>\n<meta property=\"article:publisher\" content=\"https:\/\/www.facebook.com\/stagezonehungary\/\" \/>\n<meta property=\"article:modified_time\" content=\"2026-05-04T18:57:38+00:00\" \/>\n<meta property=\"og:image\" content=\"https:\/\/stagezone.hu\/wp-content\/uploads\/2024\/05\/STGZ-DMX1024_1.png\" \/>\n\t<meta property=\"og:image:width\" content=\"1000\" \/>\n\t<meta property=\"og:image:height\" content=\"1000\" \/>\n\t<meta property=\"og:image:type\" content=\"image\/png\" \/>\n<meta name=\"twitter:card\" content=\"summary_large_image\" \/>\n<meta name=\"twitter:label1\" content=\"Est. reading time\" \/>\n\t<meta name=\"twitter:data1\" content=\"1 minute\" \/>\n<script type=\"application\/ld+json\" class=\"yoast-schema-graph\">{\"@context\":\"https:\/\/schema.org\",\"@graph\":[{\"@type\":\"WebPage\",\"@id\":\"https:\/\/stagezone.hu\/en\/product\/stagezone-dmx-1024-controller\/\",\"url\":\"https:\/\/stagezone.hu\/en\/product\/stagezone-dmx-1024-controller\/\",\"name\":\"DMX 1024 vez\u00e9rl\u0151 - StageZone\",\"isPartOf\":{\"@id\":\"https:\/\/stagezone.hu\/#website\"},\"primaryImageOfPage\":{\"@id\":\"https:\/\/stagezone.hu\/en\/product\/stagezone-dmx-1024-controller\/#primaryimage\"},\"image\":{\"@id\":\"https:\/\/stagezone.hu\/en\/product\/stagezone-dmx-1024-controller\/#primaryimage\"},\"thumbnailUrl\":\"https:\/\/stagezone.hu\/wp-content\/uploads\/2024\/05\/STGZ-DMX1024_1.png\",\"datePublished\":\"2024-05-18T02:43:20+00:00\",\"dateModified\":\"2026-05-04T18:57:38+00:00\",\"description\":\"A DMX 1024 vez\u00e9rl\u0151 professzion\u00e1lis felhaszn\u00e1l\u00e1sra k\u00e9sz\u00fclt. 2 univerzumon, egyenk\u00e9nt 512 csatorn\u00e1n programozhat\u00f3ak rajta l\u00e1mp\u00e1k.\",\"breadcrumb\":{\"@id\":\"https:\/\/stagezone.hu\/en\/product\/stagezone-dmx-1024-controller\/#breadcrumb\"},\"inLanguage\":\"en-US\",\"potentialAction\":[{\"@type\":\"ReadAction\",\"target\":[\"https:\/\/stagezone.hu\/en\/product\/stagezone-dmx-1024-controller\/\"]}]},{\"@type\":\"ImageObject\",\"inLanguage\":\"en-US\",\"@id\":\"https:\/\/stagezone.hu\/en\/product\/stagezone-dmx-1024-controller\/#primaryimage\",\"url\":\"https:\/\/stagezone.hu\/wp-content\/uploads\/2024\/05\/STGZ-DMX1024_1.png\",\"contentUrl\":\"https:\/\/stagezone.hu\/wp-content\/uploads\/2024\/05\/STGZ-DMX1024_1.png\",\"width\":1000,\"height\":1000},{\"@type\":\"BreadcrumbList\",\"@id\":\"https:\/\/stagezone.hu\/en\/product\/stagezone-dmx-1024-controller\/#breadcrumb\",\"itemListElement\":[{\"@type\":\"ListItem\",\"position\":1,\"name\":\"Kezd\u0151lap\",\"item\":\"https:\/\/stagezone.hu\/\"},{\"@type\":\"ListItem\",\"position\":2,\"name\":\"\u00dczlet\",\"item\":\"https:\/\/stagezone.hu\/uzlet\/\"},{\"@type\":\"ListItem\",\"position\":3,\"name\":\"StageZone DMX 1024 Controller\"}]},{\"@type\":\"WebSite\",\"@id\":\"https:\/\/stagezone.hu\/en\/#website\",\"url\":\"https:\/\/stagezone.hu\/en\/\",\"name\":\"StageZone - Ragyogj a Stagezone min\u0151s\u00e9gi f\u00e9nytechnik\u00e1j\u00e1val.\",\"description\":\"StageZone\",\"publisher\":{\"@id\":\"https:\/\/stagezone.hu\/en\/#organization\"},\"potentialAction\":[{\"@type\":\"SearchAction\",\"target\":{\"@type\":\"EntryPoint\",\"urlTemplate\":\"https:\/\/stagezone.hu\/en\/?s={search_term_string}\"},\"query-input\":{\"@type\":\"PropertyValueSpecification\",\"valueRequired\":true,\"valueName\":\"search_term_string\"}}],\"inLanguage\":\"en-US\"},{\"@type\":\"Organization\",\"@id\":\"https:\/\/stagezone.hu\/en\/#organization\",\"name\":\"StageZone\",\"url\":\"https:\/\/stagezone.hu\/en\/\",\"logo\":{\"@type\":\"ImageObject\",\"inLanguage\":\"en-US\",\"@id\":\"https:\/\/stagezone.hu\/en\/#\/schema\/logo\/image\/\",\"url\":\"https:\/\/stagezone.hu\/wp-content\/uploads\/2026\/01\/Adam-Hall_1000x1000-1-1.png\",\"contentUrl\":\"https:\/\/stagezone.hu\/wp-content\/uploads\/2026\/01\/Adam-Hall_1000x1000-1-1.png\",\"width\":1000,\"height\":1000,\"caption\":\"StageZone\"},\"image\":{\"@id\":\"https:\/\/stagezone.hu\/en\/#\/schema\/logo\/image\/\"},\"sameAs\":[\"https:\/\/www.facebook.com\/stagezonehungary\/\",\"https:\/\/www.instagram.com\/stagezonehungary\/\"]}]}<\/script>\n<!-- \/ Yoast SEO Premium plugin. -->","yoast_head_json":{"title":"StageZone DMX 1024 Controller","description":"The DMX 1024 controller is designed for professional use. Lights can be programmed on 2 universes, each with 512 channels.","robots":{"index":"index","follow":"follow","max-snippet":"max-snippet:-1","max-image-preview":"max-image-preview:large","max-video-preview":"max-video-preview:-1"},"canonical":"The DMX 1024 controller is designed for professional use. Lights can be programmed on 2 universes, each with 512 channels.","og_locale":"en_US","og_type":"article","og_title":"StageZone DMX 1024 Controller","og_description":"The DMX 1024 controller is designed for professional use. Lights can be programmed on 2 universes, each with 512 channels.","og_url":"https:\/\/stagezone.hu\/en\/product\/stagezone-dmx-1024-controller\/","og_site_name":"StageZone","article_publisher":"https:\/\/www.facebook.com\/stagezonehungary\/","article_modified_time":"2026-05-04T18:57:38+00:00","og_image":[{"width":1000,"height":1000,"url":"https:\/\/stagezone.hu\/wp-content\/uploads\/2024\/05\/STGZ-DMX1024_1.png","type":"image\/png"}],"twitter_card":"summary_large_image","twitter_misc":{"Est. reading time":"1 minute"},"schema":{"@context":"https:\/\/schema.org","@graph":[{"@type":"WebPage","@id":"https:\/\/stagezone.hu\/en\/product\/stagezone-dmx-1024-controller\/","url":"https:\/\/stagezone.hu\/en\/product\/stagezone-dmx-1024-controller\/","name":"DMX 1024 vez\u00e9rl\u0151 - StageZone","isPartOf":{"@id":"https:\/\/stagezone.hu\/#website"},"primaryImageOfPage":{"@id":"https:\/\/stagezone.hu\/en\/product\/stagezone-dmx-1024-controller\/#primaryimage"},"image":{"@id":"https:\/\/stagezone.hu\/en\/product\/stagezone-dmx-1024-controller\/#primaryimage"},"thumbnailUrl":"https:\/\/stagezone.hu\/wp-content\/uploads\/2024\/05\/STGZ-DMX1024_1.png","datePublished":"2024-05-18T02:43:20+00:00","dateModified":"2026-05-04T18:57:38+00:00","description":"A DMX 1024 vez\u00e9rl\u0151 professzion\u00e1lis felhaszn\u00e1l\u00e1sra k\u00e9sz\u00fclt. 2 univerzumon, egyenk\u00e9nt 512 csatorn\u00e1n programozhat\u00f3ak rajta l\u00e1mp\u00e1k.","breadcrumb":{"@id":"https:\/\/stagezone.hu\/en\/product\/stagezone-dmx-1024-controller\/#breadcrumb"},"inLanguage":"en-US","potentialAction":[{"@type":"ReadAction","target":["https:\/\/stagezone.hu\/en\/product\/stagezone-dmx-1024-controller\/"]}]},{"@type":"ImageObject","inLanguage":"en-US","@id":"https:\/\/stagezone.hu\/en\/product\/stagezone-dmx-1024-controller\/#primaryimage","url":"https:\/\/stagezone.hu\/wp-content\/uploads\/2024\/05\/STGZ-DMX1024_1.png","contentUrl":"https:\/\/stagezone.hu\/wp-content\/uploads\/2024\/05\/STGZ-DMX1024_1.png","width":1000,"height":1000},{"@type":"BreadcrumbList","@id":"https:\/\/stagezone.hu\/en\/product\/stagezone-dmx-1024-controller\/#breadcrumb","itemListElement":[{"@type":"ListItem","position":1,"name":"Kezd\u0151lap","item":"https:\/\/stagezone.hu\/"},{"@type":"ListItem","position":2,"name":"\u00dczlet","item":"https:\/\/stagezone.hu\/uzlet\/"},{"@type":"ListItem","position":3,"name":"StageZone DMX 1024 Controller"}]},{"@type":"WebSite","@id":"https:\/\/stagezone.hu\/en\/#website","url":"https:\/\/stagezone.hu\/en\/","name":"StageZone - Ragyogj a Stagezone min\u0151s\u00e9gi f\u00e9nytechnik\u00e1j\u00e1val.","description":"StageZone","publisher":{"@id":"https:\/\/stagezone.hu\/en\/#organization"},"potentialAction":[{"@type":"SearchAction","target":{"@type":"EntryPoint","urlTemplate":"https:\/\/stagezone.hu\/en\/?s={search_term_string}"},"query-input":{"@type":"PropertyValueSpecification","valueRequired":true,"valueName":"search_term_string"}}],"inLanguage":"en-US"},{"@type":"Organization","@id":"https:\/\/stagezone.hu\/en\/#organization","name":"StageZone","url":"https:\/\/stagezone.hu\/en\/","logo":{"@type":"ImageObject","inLanguage":"en-US","@id":"https:\/\/stagezone.hu\/en\/#\/schema\/logo\/image\/","url":"https:\/\/stagezone.hu\/wp-content\/uploads\/2026\/01\/Adam-Hall_1000x1000-1-1.png","contentUrl":"https:\/\/stagezone.hu\/wp-content\/uploads\/2026\/01\/Adam-Hall_1000x1000-1-1.png","width":1000,"height":1000,"caption":"StageZone"},"image":{"@id":"https:\/\/stagezone.hu\/en\/#\/schema\/logo\/image\/"},"sameAs":["https:\/\/www.facebook.com\/stagezonehungary\/","https:\/\/www.instagram.com\/stagezonehungary\/"]}]}},"_links":{"self":[{"href":"https:\/\/stagezone.hu\/en\/wp-json\/wp\/v2\/product\/1083","targetHints":{"allow":["GET"]}}],"collection":[{"href":"https:\/\/stagezone.hu\/en\/wp-json\/wp\/v2\/product"}],"about":[{"href":"https:\/\/stagezone.hu\/en\/wp-json\/wp\/v2\/types\/product"}],"replies":[{"embeddable":true,"href":"https:\/\/stagezone.hu\/en\/wp-json\/wp\/v2\/comments?post=1083"}],"version-history":[{"count":2,"href":"https:\/\/stagezone.hu\/en\/wp-json\/wp\/v2\/product\/1083\/revisions"}],"predecessor-version":[{"id":5705,"href":"https:\/\/stagezone.hu\/en\/wp-json\/wp\/v2\/product\/1083\/revisions\/5705"}],"wp:featuredmedia":[{"embeddable":true,"href":"https:\/\/stagezone.hu\/en\/wp-json\/wp\/v2\/media\/5701"}],"wp:attachment":[{"href":"https:\/\/stagezone.hu\/en\/wp-json\/wp\/v2\/media?parent=1083"}],"wp:term":[{"taxonomy":"product_brand","embeddable":true,"href":"https:\/\/stagezone.hu\/en\/wp-json\/wp\/v2\/product_brand?post=1083"},{"taxonomy":"product_cat","embeddable":true,"href":"https:\/\/stagezone.hu\/en\/wp-json\/wp\/v2\/product_cat?post=1083"},{"taxonomy":"product_tag","embeddable":true,"href":"https:\/\/stagezone.hu\/en\/wp-json\/wp\/v2\/product_tag?post=1083"}],"curies":[{"name":"wp","href":"https:\/\/api.w.org\/{rel}","templated":true}]}}