{"id":1080,"date":"2024-05-18T02:27:24","date_gmt":"2024-05-18T02:27:24","guid":{"rendered":"https:\/\/stagezone.hu\/?post_type=product&#038;p=1080"},"modified":"2026-05-04T19:57:39","modified_gmt":"2026-05-04T18:57:39","slug":"stagezone-dmx-vezerlo","status":"publish","type":"product","link":"https:\/\/stagezone.hu\/en\/product\/stagezone-dmx-192-controller\/","title":{"rendered":"StageZone DMX 192 Controller"},"content":{"rendered":"<p>We simply call it &#8220;cheese grater&#8221;. Our simplest DMX controller, which can manage a total of 12 lights over 16 channels.<\/p>\n<p>Thanks to the 6 built-in Chases, numerous combined scenes can be linked, allowing for varied movements to be programmed with this device.<\/p>\n<p><strong>Package contents:<\/strong><br \/>\n1 StageZone DMX 192 controller<br \/>\n1 power cable<\/p>\n<p><strong>DATA<\/strong><\/p>\n<table id=\"tablepress-105\" class=\"tablepress tablepress-id-105\">\n<caption style=\"caption-side:bottom;text-align:left;border:none;background:none;margin:0;padding:0;\"><a href=\"https:\/\/stagezone.hu\/wp-admin\/admin.php?page=tablepress&#038;action=edit&#038;table_id=105\" rel=\"nofollow\">Edit<\/a><\/caption>\n<tbody class=\"row-striping row-hover\">\n<tr class=\"row-1\">\n<td class=\"column-1\">Power Supply<\/td>\n<td class=\"column-2\">AC 100-240 V, 50\/60 Hz<\/td>\n<\/tr>\n<tr class=\"row-2\">\n<td class=\"column-1\">Channel<\/td>\n<td class=\"column-2\">192<\/td>\n<\/tr>\n<tr class=\"row-3\">\n<td class=\"column-1\">Max. capacity<\/td>\n<td class=\"column-2\">12 lights, each with 16 channels<\/td>\n<\/tr>\n<tr class=\"row-4\">\n<td class=\"column-1\">Bank<\/td>\n<td class=\"column-2\">30<\/td>\n<\/tr>\n<tr class=\"row-5\">\n<td class=\"column-1\">Scene<\/td>\n<td class=\"column-2\">8\/bank<\/td>\n<\/tr>\n<tr class=\"row-6\">\n<td class=\"column-1\">Chase (combinable scenes)<\/td>\n<td class=\"column-2\">6<\/td>\n<\/tr>\n<tr class=\"row-7\">\n<td class=\"column-1\">Display<\/td>\n<td class=\"column-2\">4-digit LED<\/td>\n<\/tr>\n<\/tbody>\n<\/table>\n<p><strong>Our devices and their package contents undergo strict inspection upon arrival at our warehouse.<\/strong><\/p>\n","protected":false},"excerpt":{"rendered":"<p>The DMX 192 is our simplest light controller, programmable for both PAR and moving head lights. It allows for basic yet visually striking movements to be programmed.<\/p>\n","protected":false},"featured_media":5401,"comment_status":"closed","ping_status":"closed","template":"","meta":[],"product_brand":[],"product_cat":[455],"product_tag":[214,217],"class_list":{"0":"post-1080","1":"product","2":"type-product","3":"status-publish","4":"has-post-thumbnail","6":"product_cat-vezerlok","7":"product_tag-dmx","8":"product_tag-vezerlo","10":"first","11":"contact_us","12":"taxable","13":"shipping-taxable","14":"purchasable","15":"product-type-simple"},"yoast_head":"<!-- This site is optimized with the Yoast SEO Premium plugin v27.2 (Yoast SEO v27.2) - https:\/\/yoast.com\/product\/yoast-seo-premium-wordpress\/ -->\n<title>StageZone DMX 192 Controller<\/title>\n<meta name=\"description\" content=\"The DMX 192 is our simplest light controller, programmable for both PAR and moving head lights. It allows for basic yet visually striking movements to be programmed.\" \/>\n<meta name=\"robots\" content=\"index, follow, max-snippet:-1, max-image-preview:large, max-video-preview:-1\" \/>\n<link rel=\"canonical\" href=\"http:\/\/The%20DMX%20192%20is%20our%20simplest%20light%20controller,%20programmable%20for%20both%20PAR%20and%20moving%20head%20lights.%20It%20allows%20for%20basic%20yet%20visually%20striking%20movements%20to%20be%20programmed.\" \/>\n<meta property=\"og:locale\" content=\"en_US\" \/>\n<meta property=\"og:type\" content=\"article\" \/>\n<meta property=\"og:title\" content=\"StageZone DMX 192 Controller\" \/>\n<meta property=\"og:description\" content=\"The DMX 192 is our simplest light controller, programmable for both PAR and moving head lights. It allows for basic yet visually striking movements to be programmed.\" \/>\n<meta property=\"og:url\" content=\"https:\/\/stagezone.hu\/en\/product\/stagezone-dmx-192-controller\/\" \/>\n<meta property=\"og:site_name\" content=\"StageZone\" \/>\n<meta property=\"article:publisher\" content=\"https:\/\/www.facebook.com\/stagezonehungary\/\" \/>\n<meta property=\"article:modified_time\" content=\"2026-05-04T18:57:39+00:00\" \/>\n<meta property=\"og:image\" content=\"https:\/\/stagezone.hu\/wp-content\/uploads\/2024\/05\/STGZ-DMX192_1.png\" \/>\n\t<meta property=\"og:image:width\" content=\"1000\" \/>\n\t<meta property=\"og:image:height\" content=\"1000\" \/>\n\t<meta property=\"og:image:type\" content=\"image\/png\" \/>\n<meta name=\"twitter:card\" content=\"summary_large_image\" \/>\n<meta name=\"twitter:label1\" content=\"Est. reading time\" \/>\n\t<meta name=\"twitter:data1\" content=\"1 minute\" \/>\n<script type=\"application\/ld+json\" class=\"yoast-schema-graph\">{\"@context\":\"https:\/\/schema.org\",\"@graph\":[{\"@type\":\"WebPage\",\"@id\":\"https:\/\/stagezone.hu\/en\/product\/stagezone-dmx-192-controller\/\",\"url\":\"https:\/\/stagezone.hu\/en\/product\/stagezone-dmx-192-controller\/\",\"name\":\"DMX 192 vez\u00e9rl\u0151 - StageZone\",\"isPartOf\":{\"@id\":\"https:\/\/stagezone.hu\/#website\"},\"primaryImageOfPage\":{\"@id\":\"https:\/\/stagezone.hu\/en\/product\/stagezone-dmx-192-controller\/#primaryimage\"},\"image\":{\"@id\":\"https:\/\/stagezone.hu\/en\/product\/stagezone-dmx-192-controller\/#primaryimage\"},\"thumbnailUrl\":\"https:\/\/stagezone.hu\/wp-content\/uploads\/2024\/05\/STGZ-DMX192_1.png\",\"datePublished\":\"2024-05-18T02:27:24+00:00\",\"dateModified\":\"2026-05-04T18:57:39+00:00\",\"description\":\"A DMX 192 legegyszer\u0171bb f\u00e9nyvez\u00e9rl\u0151nk, mellyel PAR- \u00e9s robotl\u00e1mp\u00e1k egyar\u00e1nt programozhat\u00f3k. Alap, de m\u00e9gis l\u00e1tv\u00e1nyos mozg\u00e1sok \u00edrhat\u00f3ak meg seg\u00edts\u00e9g\u00e9vel.\",\"breadcrumb\":{\"@id\":\"https:\/\/stagezone.hu\/en\/product\/stagezone-dmx-192-controller\/#breadcrumb\"},\"inLanguage\":\"en-US\",\"potentialAction\":[{\"@type\":\"ReadAction\",\"target\":[\"https:\/\/stagezone.hu\/en\/product\/stagezone-dmx-192-controller\/\"]}]},{\"@type\":\"ImageObject\",\"inLanguage\":\"en-US\",\"@id\":\"https:\/\/stagezone.hu\/en\/product\/stagezone-dmx-192-controller\/#primaryimage\",\"url\":\"https:\/\/stagezone.hu\/wp-content\/uploads\/2024\/05\/STGZ-DMX192_1.png\",\"contentUrl\":\"https:\/\/stagezone.hu\/wp-content\/uploads\/2024\/05\/STGZ-DMX192_1.png\",\"width\":1000,\"height\":1000},{\"@type\":\"BreadcrumbList\",\"@id\":\"https:\/\/stagezone.hu\/en\/product\/stagezone-dmx-192-controller\/#breadcrumb\",\"itemListElement\":[{\"@type\":\"ListItem\",\"position\":1,\"name\":\"Kezd\u0151lap\",\"item\":\"https:\/\/stagezone.hu\/\"},{\"@type\":\"ListItem\",\"position\":2,\"name\":\"\u00dczlet\",\"item\":\"https:\/\/stagezone.hu\/uzlet\/\"},{\"@type\":\"ListItem\",\"position\":3,\"name\":\"StageZone DMX 192 Controller\"}]},{\"@type\":\"WebSite\",\"@id\":\"https:\/\/stagezone.hu\/en\/#website\",\"url\":\"https:\/\/stagezone.hu\/en\/\",\"name\":\"StageZone - Ragyogj a Stagezone min\u0151s\u00e9gi f\u00e9nytechnik\u00e1j\u00e1val.\",\"description\":\"StageZone\",\"publisher\":{\"@id\":\"https:\/\/stagezone.hu\/en\/#organization\"},\"potentialAction\":[{\"@type\":\"SearchAction\",\"target\":{\"@type\":\"EntryPoint\",\"urlTemplate\":\"https:\/\/stagezone.hu\/en\/?s={search_term_string}\"},\"query-input\":{\"@type\":\"PropertyValueSpecification\",\"valueRequired\":true,\"valueName\":\"search_term_string\"}}],\"inLanguage\":\"en-US\"},{\"@type\":\"Organization\",\"@id\":\"https:\/\/stagezone.hu\/en\/#organization\",\"name\":\"StageZone\",\"url\":\"https:\/\/stagezone.hu\/en\/\",\"logo\":{\"@type\":\"ImageObject\",\"inLanguage\":\"en-US\",\"@id\":\"https:\/\/stagezone.hu\/en\/#\/schema\/logo\/image\/\",\"url\":\"https:\/\/stagezone.hu\/wp-content\/uploads\/2026\/01\/Adam-Hall_1000x1000-1-1.png\",\"contentUrl\":\"https:\/\/stagezone.hu\/wp-content\/uploads\/2026\/01\/Adam-Hall_1000x1000-1-1.png\",\"width\":1000,\"height\":1000,\"caption\":\"StageZone\"},\"image\":{\"@id\":\"https:\/\/stagezone.hu\/en\/#\/schema\/logo\/image\/\"},\"sameAs\":[\"https:\/\/www.facebook.com\/stagezonehungary\/\",\"https:\/\/www.instagram.com\/stagezonehungary\/\"]}]}<\/script>\n<!-- \/ Yoast SEO Premium plugin. -->","yoast_head_json":{"title":"StageZone DMX 192 Controller","description":"The DMX 192 is our simplest light controller, programmable for both PAR and moving head lights. It allows for basic yet visually striking movements to be programmed.","robots":{"index":"index","follow":"follow","max-snippet":"max-snippet:-1","max-image-preview":"max-image-preview:large","max-video-preview":"max-video-preview:-1"},"canonical":"The DMX 192 is our simplest light controller, programmable for both PAR and moving head lights. It allows for basic yet visually striking movements to be programmed.","og_locale":"en_US","og_type":"article","og_title":"StageZone DMX 192 Controller","og_description":"The DMX 192 is our simplest light controller, programmable for both PAR and moving head lights. It allows for basic yet visually striking movements to be programmed.","og_url":"https:\/\/stagezone.hu\/en\/product\/stagezone-dmx-192-controller\/","og_site_name":"StageZone","article_publisher":"https:\/\/www.facebook.com\/stagezonehungary\/","article_modified_time":"2026-05-04T18:57:39+00:00","og_image":[{"width":1000,"height":1000,"url":"https:\/\/stagezone.hu\/wp-content\/uploads\/2024\/05\/STGZ-DMX192_1.png","type":"image\/png"}],"twitter_card":"summary_large_image","twitter_misc":{"Est. reading time":"1 minute"},"schema":{"@context":"https:\/\/schema.org","@graph":[{"@type":"WebPage","@id":"https:\/\/stagezone.hu\/en\/product\/stagezone-dmx-192-controller\/","url":"https:\/\/stagezone.hu\/en\/product\/stagezone-dmx-192-controller\/","name":"DMX 192 vez\u00e9rl\u0151 - StageZone","isPartOf":{"@id":"https:\/\/stagezone.hu\/#website"},"primaryImageOfPage":{"@id":"https:\/\/stagezone.hu\/en\/product\/stagezone-dmx-192-controller\/#primaryimage"},"image":{"@id":"https:\/\/stagezone.hu\/en\/product\/stagezone-dmx-192-controller\/#primaryimage"},"thumbnailUrl":"https:\/\/stagezone.hu\/wp-content\/uploads\/2024\/05\/STGZ-DMX192_1.png","datePublished":"2024-05-18T02:27:24+00:00","dateModified":"2026-05-04T18:57:39+00:00","description":"A DMX 192 legegyszer\u0171bb f\u00e9nyvez\u00e9rl\u0151nk, mellyel PAR- \u00e9s robotl\u00e1mp\u00e1k egyar\u00e1nt programozhat\u00f3k. Alap, de m\u00e9gis l\u00e1tv\u00e1nyos mozg\u00e1sok \u00edrhat\u00f3ak meg seg\u00edts\u00e9g\u00e9vel.","breadcrumb":{"@id":"https:\/\/stagezone.hu\/en\/product\/stagezone-dmx-192-controller\/#breadcrumb"},"inLanguage":"en-US","potentialAction":[{"@type":"ReadAction","target":["https:\/\/stagezone.hu\/en\/product\/stagezone-dmx-192-controller\/"]}]},{"@type":"ImageObject","inLanguage":"en-US","@id":"https:\/\/stagezone.hu\/en\/product\/stagezone-dmx-192-controller\/#primaryimage","url":"https:\/\/stagezone.hu\/wp-content\/uploads\/2024\/05\/STGZ-DMX192_1.png","contentUrl":"https:\/\/stagezone.hu\/wp-content\/uploads\/2024\/05\/STGZ-DMX192_1.png","width":1000,"height":1000},{"@type":"BreadcrumbList","@id":"https:\/\/stagezone.hu\/en\/product\/stagezone-dmx-192-controller\/#breadcrumb","itemListElement":[{"@type":"ListItem","position":1,"name":"Kezd\u0151lap","item":"https:\/\/stagezone.hu\/"},{"@type":"ListItem","position":2,"name":"\u00dczlet","item":"https:\/\/stagezone.hu\/uzlet\/"},{"@type":"ListItem","position":3,"name":"StageZone DMX 192 Controller"}]},{"@type":"WebSite","@id":"https:\/\/stagezone.hu\/en\/#website","url":"https:\/\/stagezone.hu\/en\/","name":"StageZone - Ragyogj a Stagezone min\u0151s\u00e9gi f\u00e9nytechnik\u00e1j\u00e1val.","description":"StageZone","publisher":{"@id":"https:\/\/stagezone.hu\/en\/#organization"},"potentialAction":[{"@type":"SearchAction","target":{"@type":"EntryPoint","urlTemplate":"https:\/\/stagezone.hu\/en\/?s={search_term_string}"},"query-input":{"@type":"PropertyValueSpecification","valueRequired":true,"valueName":"search_term_string"}}],"inLanguage":"en-US"},{"@type":"Organization","@id":"https:\/\/stagezone.hu\/en\/#organization","name":"StageZone","url":"https:\/\/stagezone.hu\/en\/","logo":{"@type":"ImageObject","inLanguage":"en-US","@id":"https:\/\/stagezone.hu\/en\/#\/schema\/logo\/image\/","url":"https:\/\/stagezone.hu\/wp-content\/uploads\/2026\/01\/Adam-Hall_1000x1000-1-1.png","contentUrl":"https:\/\/stagezone.hu\/wp-content\/uploads\/2026\/01\/Adam-Hall_1000x1000-1-1.png","width":1000,"height":1000,"caption":"StageZone"},"image":{"@id":"https:\/\/stagezone.hu\/en\/#\/schema\/logo\/image\/"},"sameAs":["https:\/\/www.facebook.com\/stagezonehungary\/","https:\/\/www.instagram.com\/stagezonehungary\/"]}]}},"_links":{"self":[{"href":"https:\/\/stagezone.hu\/en\/wp-json\/wp\/v2\/product\/1080","targetHints":{"allow":["GET"]}}],"collection":[{"href":"https:\/\/stagezone.hu\/en\/wp-json\/wp\/v2\/product"}],"about":[{"href":"https:\/\/stagezone.hu\/en\/wp-json\/wp\/v2\/types\/product"}],"replies":[{"embeddable":true,"href":"https:\/\/stagezone.hu\/en\/wp-json\/wp\/v2\/comments?post=1080"}],"version-history":[{"count":3,"href":"https:\/\/stagezone.hu\/en\/wp-json\/wp\/v2\/product\/1080\/revisions"}],"predecessor-version":[{"id":5713,"href":"https:\/\/stagezone.hu\/en\/wp-json\/wp\/v2\/product\/1080\/revisions\/5713"}],"wp:featuredmedia":[{"embeddable":true,"href":"https:\/\/stagezone.hu\/en\/wp-json\/wp\/v2\/media\/5401"}],"wp:attachment":[{"href":"https:\/\/stagezone.hu\/en\/wp-json\/wp\/v2\/media?parent=1080"}],"wp:term":[{"taxonomy":"product_brand","embeddable":true,"href":"https:\/\/stagezone.hu\/en\/wp-json\/wp\/v2\/product_brand?post=1080"},{"taxonomy":"product_cat","embeddable":true,"href":"https:\/\/stagezone.hu\/en\/wp-json\/wp\/v2\/product_cat?post=1080"},{"taxonomy":"product_tag","embeddable":true,"href":"https:\/\/stagezone.hu\/en\/wp-json\/wp\/v2\/product_tag?post=1080"}],"curies":[{"name":"wp","href":"https:\/\/api.w.org\/{rel}","templated":true}]}}