{"id":1077,"date":"2024-05-17T23:43:42","date_gmt":"2024-05-17T23:43:42","guid":{"rendered":"https:\/\/stagezone.hu\/?post_type=product&#038;p=1077"},"modified":"2026-05-04T19:57:40","modified_gmt":"2026-05-04T18:57:40","slug":"stagezone-dmx-splitter","status":"publish","type":"product","link":"https:\/\/stagezone.hu\/en\/product\/stagezone-8-way-dmx-splitter\/","title":{"rendered":"StageZone 8-Way DMX Splitter"},"content":{"rendered":"<p><strong>Contents:<\/strong><br \/>\n1 x StageZone DMX Splitter<\/p>\n<p><strong>Our equipment and their package contents undergo strict checks upon arrival at our warehouse.<\/strong><\/p>\n","protected":false},"excerpt":{"rendered":"<p>The 8-way DMX Splitter simplifies device chaining. The splitter allows you to connect your lights in multiple directions simultaneously.<\/p>\n","protected":false},"featured_media":5706,"comment_status":"closed","ping_status":"closed","template":"","meta":[],"product_brand":[],"product_cat":[455],"product_tag":[214,417,209],"class_list":{"0":"post-1077","1":"product","2":"type-product","3":"status-publish","4":"has-post-thumbnail","6":"product_cat-vezerlok","7":"product_tag-dmx","8":"product_tag-splitter","9":"product_tag-stagezone","11":"first","12":"instock","13":"taxable","14":"shipping-taxable","15":"purchasable","16":"product-type-simple"},"yoast_head":"<!-- This site is optimized with the Yoast SEO Premium plugin v27.2 (Yoast SEO v27.2) - https:\/\/yoast.com\/product\/yoast-seo-premium-wordpress\/ -->\n<title>StageZone 8-Way DMX Splitter<\/title>\n<meta name=\"description\" content=\"The 8-way DMX Splitter simplifies device chaining. The splitter allows you to connect your lights in multiple directions simultaneously.\" \/>\n<meta name=\"robots\" content=\"index, follow, max-snippet:-1, max-image-preview:large, max-video-preview:-1\" \/>\n<link rel=\"canonical\" href=\"http:\/\/The%208-way%20DMX%20Splitter%20simplifies%20device%20chaining.%20The%20splitter%20allows%20you%20to%20connect%20your%20lights%20in%20multiple%20directions%20simultaneously.\" \/>\n<meta property=\"og:locale\" content=\"en_US\" \/>\n<meta property=\"og:type\" content=\"article\" \/>\n<meta property=\"og:title\" content=\"StageZone 8-Way DMX Splitter\" \/>\n<meta property=\"og:description\" content=\"The 8-way DMX Splitter simplifies device chaining. The splitter allows you to connect your lights in multiple directions simultaneously.\" \/>\n<meta property=\"og:url\" content=\"https:\/\/stagezone.hu\/en\/product\/stagezone-8-way-dmx-splitter\/\" \/>\n<meta property=\"og:site_name\" content=\"StageZone\" \/>\n<meta property=\"article:publisher\" content=\"https:\/\/www.facebook.com\/stagezonehungary\/\" \/>\n<meta property=\"article:modified_time\" content=\"2026-05-04T18:57:40+00:00\" \/>\n<meta property=\"og:image\" content=\"https:\/\/stagezone.hu\/wp-content\/uploads\/2024\/05\/STGZ-Dis8way_1.png\" \/>\n\t<meta property=\"og:image:width\" content=\"1000\" \/>\n\t<meta property=\"og:image:height\" content=\"1000\" \/>\n\t<meta property=\"og:image:type\" content=\"image\/png\" \/>\n<meta name=\"twitter:card\" content=\"summary_large_image\" \/>\n<meta name=\"twitter:label1\" content=\"Est. reading time\" \/>\n\t<meta name=\"twitter:data1\" content=\"1 minute\" \/>\n<script type=\"application\/ld+json\" class=\"yoast-schema-graph\">{\"@context\":\"https:\/\/schema.org\",\"@graph\":[{\"@type\":\"WebPage\",\"@id\":\"https:\/\/stagezone.hu\/en\/product\/stagezone-8-way-dmx-splitter\/\",\"url\":\"https:\/\/stagezone.hu\/en\/product\/stagezone-8-way-dmx-splitter\/\",\"name\":\"DMX Splitter - StageZone\",\"isPartOf\":{\"@id\":\"https:\/\/stagezone.hu\/#website\"},\"primaryImageOfPage\":{\"@id\":\"https:\/\/stagezone.hu\/en\/product\/stagezone-8-way-dmx-splitter\/#primaryimage\"},\"image\":{\"@id\":\"https:\/\/stagezone.hu\/en\/product\/stagezone-8-way-dmx-splitter\/#primaryimage\"},\"thumbnailUrl\":\"https:\/\/stagezone.hu\/wp-content\/uploads\/2024\/05\/STGZ-Dis8way_1.png\",\"datePublished\":\"2024-05-17T23:43:42+00:00\",\"dateModified\":\"2026-05-04T18:57:40+00:00\",\"description\":\"A 8 utas DMX Splitter megk\u00f6nny\u00edti az eszk\u00f6z\u00f6k egybef\u0171z\u00e9s\u00e9t. A splitter seg\u00edts\u00e9g\u00e9vel egyszerre t\u00f6bb ir\u00e1nyba is tudod f\u0171zni l\u00e1mp\u00e1id.\",\"breadcrumb\":{\"@id\":\"https:\/\/stagezone.hu\/en\/product\/stagezone-8-way-dmx-splitter\/#breadcrumb\"},\"inLanguage\":\"en-US\",\"potentialAction\":[{\"@type\":\"ReadAction\",\"target\":[\"https:\/\/stagezone.hu\/en\/product\/stagezone-8-way-dmx-splitter\/\"]}]},{\"@type\":\"ImageObject\",\"inLanguage\":\"en-US\",\"@id\":\"https:\/\/stagezone.hu\/en\/product\/stagezone-8-way-dmx-splitter\/#primaryimage\",\"url\":\"https:\/\/stagezone.hu\/wp-content\/uploads\/2024\/05\/STGZ-Dis8way_1.png\",\"contentUrl\":\"https:\/\/stagezone.hu\/wp-content\/uploads\/2024\/05\/STGZ-Dis8way_1.png\",\"width\":1000,\"height\":1000},{\"@type\":\"BreadcrumbList\",\"@id\":\"https:\/\/stagezone.hu\/en\/product\/stagezone-8-way-dmx-splitter\/#breadcrumb\",\"itemListElement\":[{\"@type\":\"ListItem\",\"position\":1,\"name\":\"Kezd\u0151lap\",\"item\":\"https:\/\/stagezone.hu\/\"},{\"@type\":\"ListItem\",\"position\":2,\"name\":\"\u00dczlet\",\"item\":\"https:\/\/stagezone.hu\/uzlet\/\"},{\"@type\":\"ListItem\",\"position\":3,\"name\":\"StageZone 8-Way DMX Splitter\"}]},{\"@type\":\"WebSite\",\"@id\":\"https:\/\/stagezone.hu\/en\/#website\",\"url\":\"https:\/\/stagezone.hu\/en\/\",\"name\":\"StageZone - Ragyogj a Stagezone min\u0151s\u00e9gi f\u00e9nytechnik\u00e1j\u00e1val.\",\"description\":\"StageZone\",\"publisher\":{\"@id\":\"https:\/\/stagezone.hu\/en\/#organization\"},\"potentialAction\":[{\"@type\":\"SearchAction\",\"target\":{\"@type\":\"EntryPoint\",\"urlTemplate\":\"https:\/\/stagezone.hu\/en\/?s={search_term_string}\"},\"query-input\":{\"@type\":\"PropertyValueSpecification\",\"valueRequired\":true,\"valueName\":\"search_term_string\"}}],\"inLanguage\":\"en-US\"},{\"@type\":\"Organization\",\"@id\":\"https:\/\/stagezone.hu\/en\/#organization\",\"name\":\"StageZone\",\"url\":\"https:\/\/stagezone.hu\/en\/\",\"logo\":{\"@type\":\"ImageObject\",\"inLanguage\":\"en-US\",\"@id\":\"https:\/\/stagezone.hu\/en\/#\/schema\/logo\/image\/\",\"url\":\"https:\/\/stagezone.hu\/wp-content\/uploads\/2026\/01\/Adam-Hall_1000x1000-1-1.png\",\"contentUrl\":\"https:\/\/stagezone.hu\/wp-content\/uploads\/2026\/01\/Adam-Hall_1000x1000-1-1.png\",\"width\":1000,\"height\":1000,\"caption\":\"StageZone\"},\"image\":{\"@id\":\"https:\/\/stagezone.hu\/en\/#\/schema\/logo\/image\/\"},\"sameAs\":[\"https:\/\/www.facebook.com\/stagezonehungary\/\",\"https:\/\/www.instagram.com\/stagezonehungary\/\"]}]}<\/script>\n<!-- \/ Yoast SEO Premium plugin. -->","yoast_head_json":{"title":"StageZone 8-Way DMX Splitter","description":"The 8-way DMX Splitter simplifies device chaining. The splitter allows you to connect your lights in multiple directions simultaneously.","robots":{"index":"index","follow":"follow","max-snippet":"max-snippet:-1","max-image-preview":"max-image-preview:large","max-video-preview":"max-video-preview:-1"},"canonical":"The 8-way DMX Splitter simplifies device chaining. The splitter allows you to connect your lights in multiple directions simultaneously.","og_locale":"en_US","og_type":"article","og_title":"StageZone 8-Way DMX Splitter","og_description":"The 8-way DMX Splitter simplifies device chaining. The splitter allows you to connect your lights in multiple directions simultaneously.","og_url":"https:\/\/stagezone.hu\/en\/product\/stagezone-8-way-dmx-splitter\/","og_site_name":"StageZone","article_publisher":"https:\/\/www.facebook.com\/stagezonehungary\/","article_modified_time":"2026-05-04T18:57:40+00:00","og_image":[{"width":1000,"height":1000,"url":"https:\/\/stagezone.hu\/wp-content\/uploads\/2024\/05\/STGZ-Dis8way_1.png","type":"image\/png"}],"twitter_card":"summary_large_image","twitter_misc":{"Est. reading time":"1 minute"},"schema":{"@context":"https:\/\/schema.org","@graph":[{"@type":"WebPage","@id":"https:\/\/stagezone.hu\/en\/product\/stagezone-8-way-dmx-splitter\/","url":"https:\/\/stagezone.hu\/en\/product\/stagezone-8-way-dmx-splitter\/","name":"DMX Splitter - StageZone","isPartOf":{"@id":"https:\/\/stagezone.hu\/#website"},"primaryImageOfPage":{"@id":"https:\/\/stagezone.hu\/en\/product\/stagezone-8-way-dmx-splitter\/#primaryimage"},"image":{"@id":"https:\/\/stagezone.hu\/en\/product\/stagezone-8-way-dmx-splitter\/#primaryimage"},"thumbnailUrl":"https:\/\/stagezone.hu\/wp-content\/uploads\/2024\/05\/STGZ-Dis8way_1.png","datePublished":"2024-05-17T23:43:42+00:00","dateModified":"2026-05-04T18:57:40+00:00","description":"A 8 utas DMX Splitter megk\u00f6nny\u00edti az eszk\u00f6z\u00f6k egybef\u0171z\u00e9s\u00e9t. A splitter seg\u00edts\u00e9g\u00e9vel egyszerre t\u00f6bb ir\u00e1nyba is tudod f\u0171zni l\u00e1mp\u00e1id.","breadcrumb":{"@id":"https:\/\/stagezone.hu\/en\/product\/stagezone-8-way-dmx-splitter\/#breadcrumb"},"inLanguage":"en-US","potentialAction":[{"@type":"ReadAction","target":["https:\/\/stagezone.hu\/en\/product\/stagezone-8-way-dmx-splitter\/"]}]},{"@type":"ImageObject","inLanguage":"en-US","@id":"https:\/\/stagezone.hu\/en\/product\/stagezone-8-way-dmx-splitter\/#primaryimage","url":"https:\/\/stagezone.hu\/wp-content\/uploads\/2024\/05\/STGZ-Dis8way_1.png","contentUrl":"https:\/\/stagezone.hu\/wp-content\/uploads\/2024\/05\/STGZ-Dis8way_1.png","width":1000,"height":1000},{"@type":"BreadcrumbList","@id":"https:\/\/stagezone.hu\/en\/product\/stagezone-8-way-dmx-splitter\/#breadcrumb","itemListElement":[{"@type":"ListItem","position":1,"name":"Kezd\u0151lap","item":"https:\/\/stagezone.hu\/"},{"@type":"ListItem","position":2,"name":"\u00dczlet","item":"https:\/\/stagezone.hu\/uzlet\/"},{"@type":"ListItem","position":3,"name":"StageZone 8-Way DMX Splitter"}]},{"@type":"WebSite","@id":"https:\/\/stagezone.hu\/en\/#website","url":"https:\/\/stagezone.hu\/en\/","name":"StageZone - Ragyogj a Stagezone min\u0151s\u00e9gi f\u00e9nytechnik\u00e1j\u00e1val.","description":"StageZone","publisher":{"@id":"https:\/\/stagezone.hu\/en\/#organization"},"potentialAction":[{"@type":"SearchAction","target":{"@type":"EntryPoint","urlTemplate":"https:\/\/stagezone.hu\/en\/?s={search_term_string}"},"query-input":{"@type":"PropertyValueSpecification","valueRequired":true,"valueName":"search_term_string"}}],"inLanguage":"en-US"},{"@type":"Organization","@id":"https:\/\/stagezone.hu\/en\/#organization","name":"StageZone","url":"https:\/\/stagezone.hu\/en\/","logo":{"@type":"ImageObject","inLanguage":"en-US","@id":"https:\/\/stagezone.hu\/en\/#\/schema\/logo\/image\/","url":"https:\/\/stagezone.hu\/wp-content\/uploads\/2026\/01\/Adam-Hall_1000x1000-1-1.png","contentUrl":"https:\/\/stagezone.hu\/wp-content\/uploads\/2026\/01\/Adam-Hall_1000x1000-1-1.png","width":1000,"height":1000,"caption":"StageZone"},"image":{"@id":"https:\/\/stagezone.hu\/en\/#\/schema\/logo\/image\/"},"sameAs":["https:\/\/www.facebook.com\/stagezonehungary\/","https:\/\/www.instagram.com\/stagezonehungary\/"]}]}},"_links":{"self":[{"href":"https:\/\/stagezone.hu\/en\/wp-json\/wp\/v2\/product\/1077","targetHints":{"allow":["GET"]}}],"collection":[{"href":"https:\/\/stagezone.hu\/en\/wp-json\/wp\/v2\/product"}],"about":[{"href":"https:\/\/stagezone.hu\/en\/wp-json\/wp\/v2\/types\/product"}],"replies":[{"embeddable":true,"href":"https:\/\/stagezone.hu\/en\/wp-json\/wp\/v2\/comments?post=1077"}],"version-history":[{"count":2,"href":"https:\/\/stagezone.hu\/en\/wp-json\/wp\/v2\/product\/1077\/revisions"}],"predecessor-version":[{"id":5710,"href":"https:\/\/stagezone.hu\/en\/wp-json\/wp\/v2\/product\/1077\/revisions\/5710"}],"wp:featuredmedia":[{"embeddable":true,"href":"https:\/\/stagezone.hu\/en\/wp-json\/wp\/v2\/media\/5706"}],"wp:attachment":[{"href":"https:\/\/stagezone.hu\/en\/wp-json\/wp\/v2\/media?parent=1077"}],"wp:term":[{"taxonomy":"product_brand","embeddable":true,"href":"https:\/\/stagezone.hu\/en\/wp-json\/wp\/v2\/product_brand?post=1077"},{"taxonomy":"product_cat","embeddable":true,"href":"https:\/\/stagezone.hu\/en\/wp-json\/wp\/v2\/product_cat?post=1077"},{"taxonomy":"product_tag","embeddable":true,"href":"https:\/\/stagezone.hu\/en\/wp-json\/wp\/v2\/product_tag?post=1077"}],"curies":[{"name":"wp","href":"https:\/\/api.w.org\/{rel}","templated":true}]}}