{"id":1066,"date":"2024-05-17T23:37:23","date_gmt":"2024-05-17T23:37:23","guid":{"rendered":"https:\/\/stagezone.hu\/?post_type=product&#038;p=1066"},"modified":"2026-05-04T19:57:41","modified_gmt":"2026-05-04T18:57:41","slug":"stagezone-gejzir","status":"publish","type":"product","link":"https:\/\/stagezone.hu\/en\/product\/shehds-geyser-1500-vertical-fog-machine-with-rgb-leds\/","title":{"rendered":"SHEHDS Geyser 1500 Vertical Fog Machine with RGB LEDs"},"content":{"rendered":"<p>&nbsp;<\/p>\n<p><strong>SHEHDS Geyser 1500 &#8211; 1500W Vertical Fog Machine<\/strong><\/p>\n<p>The SHEHDS Geyser 1500 is an effect machine equipped with RGB LEDs. The vertical spray effect will elevate the atmosphere at any event. The machine can only be operated with water-based <a href=\"https:\/\/stagezone.hu\/termek\/adj-fustfolyadek-1-light-5-liter\/\">fog fluid<\/a>!<\/p>\n<ul>\n<li>Power Supply: AC 100-240 V, 50\/60 Hz<\/li>\n<li>Power: 1500W<\/li>\n<li>DMX 6 CH<\/li>\n<li>24x9W RGB LEDs<\/li>\n<li>Tank Capacity: 3 L<\/li>\n<li>Warm-up Time: 3 minutes<\/li>\n<li>Spray Height: 4 m<\/li>\n<li>IP20<\/li>\n<li>DMX 3 pin<\/li>\n<li>Active Cooling<\/li>\n<li>DMX 512\/Remote Control<\/li>\n<\/ul>\n<p>Shehds is a company founded in 2015 specializing in stage lighting equipment. Their products ensure reliable quality and material usage, suitable for various applications. They hold CE, ROHS, UL, FCC, TP, TC, SAA, and other safety certifications. The brand has become a reliable player in the lighting technology segment.<\/p>\n","protected":false},"excerpt":{"rendered":"<p>The SHEHDS Geyser 1500 is a vertical fog machine featuring 24x9W RGB LEDs, a 4m spray height, and DMX control.<\/p>\n","protected":false},"featured_media":9791,"comment_status":"closed","ping_status":"closed","template":"","meta":[],"product_brand":[],"product_cat":[178,185],"product_tag":[221,401],"class_list":{"0":"post-1066","1":"product","2":"type-product","3":"status-publish","4":"has-post-thumbnail","6":"product_cat-effekt","7":"product_cat-fustgep","8":"product_tag-fustgep","9":"product_tag-gejzir","11":"first","12":"contact_us","13":"taxable","14":"shipping-taxable","15":"purchasable","16":"product-type-simple"},"yoast_head":"<!-- This site is optimized with the Yoast SEO Premium plugin v27.2 (Yoast SEO v27.2) - https:\/\/yoast.com\/product\/yoast-seo-premium-wordpress\/ -->\n<title>SHEHDS Geyser 1500 Vertical Fog Machine with RGB LEDs<\/title>\n<meta name=\"description\" content=\"The SHEHDS Geyser 1500 is a vertical fog machine featuring 24x9W RGB LEDs, a 4m spray height, and DMX control.\" \/>\n<meta name=\"robots\" content=\"index, follow, max-snippet:-1, max-image-preview:large, max-video-preview:-1\" \/>\n<link rel=\"canonical\" href=\"http:\/\/The%20SHEHDS%20Geyser%201500%20is%20a%20vertical%20fog%20machine%20featuring%2024x9W%20RGB%20LEDs,%20a%204m%20spray%20height,%20and%20DMX%20control.\" \/>\n<meta property=\"og:locale\" content=\"en_US\" \/>\n<meta property=\"og:type\" content=\"article\" \/>\n<meta property=\"og:title\" content=\"SHEHDS Geyser 1500 Vertical Fog Machine with RGB LEDs\" \/>\n<meta property=\"og:description\" content=\"The SHEHDS Geyser 1500 is a vertical fog machine featuring 24x9W RGB LEDs, a 4m spray height, and DMX control.\" \/>\n<meta property=\"og:url\" content=\"https:\/\/stagezone.hu\/en\/product\/shehds-geyser-1500-vertical-fog-machine-with-rgb-leds\/\" \/>\n<meta property=\"og:site_name\" content=\"StageZone\" \/>\n<meta property=\"article:publisher\" content=\"https:\/\/www.facebook.com\/stagezonehungary\/\" \/>\n<meta property=\"article:modified_time\" content=\"2026-05-04T18:57:41+00:00\" \/>\n<meta property=\"og:image\" content=\"https:\/\/stagezone.hu\/wp-content\/uploads\/2024\/05\/IMG_5266.jpg0_.jpg\" \/>\n\t<meta property=\"og:image:width\" content=\"800\" \/>\n\t<meta property=\"og:image:height\" content=\"800\" \/>\n\t<meta property=\"og:image:type\" content=\"image\/jpeg\" \/>\n<meta name=\"twitter:card\" content=\"summary_large_image\" \/>\n<meta name=\"twitter:label1\" content=\"Est. reading time\" \/>\n\t<meta name=\"twitter:data1\" content=\"1 minute\" \/>\n<script type=\"application\/ld+json\" class=\"yoast-schema-graph\">{\"@context\":\"https:\/\/schema.org\",\"@graph\":[{\"@type\":\"WebPage\",\"@id\":\"https:\/\/stagezone.hu\/en\/product\/shehds-geyser-1500-vertical-fog-machine-with-rgb-leds\/\",\"url\":\"https:\/\/stagezone.hu\/en\/product\/shehds-geyser-1500-vertical-fog-machine-with-rgb-leds\/\",\"name\":\"SHEHDS Geyser 1500 - StageZone\",\"isPartOf\":{\"@id\":\"https:\/\/stagezone.hu\/#website\"},\"primaryImageOfPage\":{\"@id\":\"https:\/\/stagezone.hu\/en\/product\/shehds-geyser-1500-vertical-fog-machine-with-rgb-leds\/#primaryimage\"},\"image\":{\"@id\":\"https:\/\/stagezone.hu\/en\/product\/shehds-geyser-1500-vertical-fog-machine-with-rgb-leds\/#primaryimage\"},\"thumbnailUrl\":\"https:\/\/stagezone.hu\/wp-content\/uploads\/2024\/05\/IMG_5266.jpg0_.jpg\",\"datePublished\":\"2024-05-17T23:37:23+00:00\",\"dateModified\":\"2026-05-04T18:57:41+00:00\",\"description\":\"SHEHDS Geyser 1500 vertik\u00e1lis f\u00fcstg\u00e9p 24x9W RGB ledekkel, 4 m permetez\u00e9si t\u00e1vols\u00e1ggal \u00e9s DMX vez\u00e9relhet\u0151s\u00e9ggel.\",\"breadcrumb\":{\"@id\":\"https:\/\/stagezone.hu\/en\/product\/shehds-geyser-1500-vertical-fog-machine-with-rgb-leds\/#breadcrumb\"},\"inLanguage\":\"en-US\",\"potentialAction\":[{\"@type\":\"ReadAction\",\"target\":[\"https:\/\/stagezone.hu\/en\/product\/shehds-geyser-1500-vertical-fog-machine-with-rgb-leds\/\"]}]},{\"@type\":\"ImageObject\",\"inLanguage\":\"en-US\",\"@id\":\"https:\/\/stagezone.hu\/en\/product\/shehds-geyser-1500-vertical-fog-machine-with-rgb-leds\/#primaryimage\",\"url\":\"https:\/\/stagezone.hu\/wp-content\/uploads\/2024\/05\/IMG_5266.jpg0_.jpg\",\"contentUrl\":\"https:\/\/stagezone.hu\/wp-content\/uploads\/2024\/05\/IMG_5266.jpg0_.jpg\",\"width\":800,\"height\":800,\"caption\":\"SHEHDS Geyser 1500\"},{\"@type\":\"BreadcrumbList\",\"@id\":\"https:\/\/stagezone.hu\/en\/product\/shehds-geyser-1500-vertical-fog-machine-with-rgb-leds\/#breadcrumb\",\"itemListElement\":[{\"@type\":\"ListItem\",\"position\":1,\"name\":\"Kezd\u0151lap\",\"item\":\"https:\/\/stagezone.hu\/\"},{\"@type\":\"ListItem\",\"position\":2,\"name\":\"\u00dczlet\",\"item\":\"https:\/\/stagezone.hu\/uzlet\/\"},{\"@type\":\"ListItem\",\"position\":3,\"name\":\"SHEHDS Geyser 1500 Vertical Fog Machine with RGB LEDs\"}]},{\"@type\":\"WebSite\",\"@id\":\"https:\/\/stagezone.hu\/en\/#website\",\"url\":\"https:\/\/stagezone.hu\/en\/\",\"name\":\"StageZone - Ragyogj a Stagezone min\u0151s\u00e9gi f\u00e9nytechnik\u00e1j\u00e1val.\",\"description\":\"StageZone\",\"publisher\":{\"@id\":\"https:\/\/stagezone.hu\/en\/#organization\"},\"potentialAction\":[{\"@type\":\"SearchAction\",\"target\":{\"@type\":\"EntryPoint\",\"urlTemplate\":\"https:\/\/stagezone.hu\/en\/?s={search_term_string}\"},\"query-input\":{\"@type\":\"PropertyValueSpecification\",\"valueRequired\":true,\"valueName\":\"search_term_string\"}}],\"inLanguage\":\"en-US\"},{\"@type\":\"Organization\",\"@id\":\"https:\/\/stagezone.hu\/en\/#organization\",\"name\":\"StageZone\",\"url\":\"https:\/\/stagezone.hu\/en\/\",\"logo\":{\"@type\":\"ImageObject\",\"inLanguage\":\"en-US\",\"@id\":\"https:\/\/stagezone.hu\/en\/#\/schema\/logo\/image\/\",\"url\":\"https:\/\/stagezone.hu\/wp-content\/uploads\/2026\/01\/Adam-Hall_1000x1000-1-1.png\",\"contentUrl\":\"https:\/\/stagezone.hu\/wp-content\/uploads\/2026\/01\/Adam-Hall_1000x1000-1-1.png\",\"width\":1000,\"height\":1000,\"caption\":\"StageZone\"},\"image\":{\"@id\":\"https:\/\/stagezone.hu\/en\/#\/schema\/logo\/image\/\"},\"sameAs\":[\"https:\/\/www.facebook.com\/stagezonehungary\/\",\"https:\/\/www.instagram.com\/stagezonehungary\/\"]}]}<\/script>\n<!-- \/ Yoast SEO Premium plugin. -->","yoast_head_json":{"title":"SHEHDS Geyser 1500 Vertical Fog Machine with RGB LEDs","description":"The SHEHDS Geyser 1500 is a vertical fog machine featuring 24x9W RGB LEDs, a 4m spray height, and DMX control.","robots":{"index":"index","follow":"follow","max-snippet":"max-snippet:-1","max-image-preview":"max-image-preview:large","max-video-preview":"max-video-preview:-1"},"canonical":"The SHEHDS Geyser 1500 is a vertical fog machine featuring 24x9W RGB LEDs, a 4m spray height, and DMX control.","og_locale":"en_US","og_type":"article","og_title":"SHEHDS Geyser 1500 Vertical Fog Machine with RGB LEDs","og_description":"The SHEHDS Geyser 1500 is a vertical fog machine featuring 24x9W RGB LEDs, a 4m spray height, and DMX control.","og_url":"https:\/\/stagezone.hu\/en\/product\/shehds-geyser-1500-vertical-fog-machine-with-rgb-leds\/","og_site_name":"StageZone","article_publisher":"https:\/\/www.facebook.com\/stagezonehungary\/","article_modified_time":"2026-05-04T18:57:41+00:00","og_image":[{"width":800,"height":800,"url":"https:\/\/stagezone.hu\/wp-content\/uploads\/2024\/05\/IMG_5266.jpg0_.jpg","type":"image\/jpeg"}],"twitter_card":"summary_large_image","twitter_misc":{"Est. reading time":"1 minute"},"schema":{"@context":"https:\/\/schema.org","@graph":[{"@type":"WebPage","@id":"https:\/\/stagezone.hu\/en\/product\/shehds-geyser-1500-vertical-fog-machine-with-rgb-leds\/","url":"https:\/\/stagezone.hu\/en\/product\/shehds-geyser-1500-vertical-fog-machine-with-rgb-leds\/","name":"SHEHDS Geyser 1500 - StageZone","isPartOf":{"@id":"https:\/\/stagezone.hu\/#website"},"primaryImageOfPage":{"@id":"https:\/\/stagezone.hu\/en\/product\/shehds-geyser-1500-vertical-fog-machine-with-rgb-leds\/#primaryimage"},"image":{"@id":"https:\/\/stagezone.hu\/en\/product\/shehds-geyser-1500-vertical-fog-machine-with-rgb-leds\/#primaryimage"},"thumbnailUrl":"https:\/\/stagezone.hu\/wp-content\/uploads\/2024\/05\/IMG_5266.jpg0_.jpg","datePublished":"2024-05-17T23:37:23+00:00","dateModified":"2026-05-04T18:57:41+00:00","description":"SHEHDS Geyser 1500 vertik\u00e1lis f\u00fcstg\u00e9p 24x9W RGB ledekkel, 4 m permetez\u00e9si t\u00e1vols\u00e1ggal \u00e9s DMX vez\u00e9relhet\u0151s\u00e9ggel.","breadcrumb":{"@id":"https:\/\/stagezone.hu\/en\/product\/shehds-geyser-1500-vertical-fog-machine-with-rgb-leds\/#breadcrumb"},"inLanguage":"en-US","potentialAction":[{"@type":"ReadAction","target":["https:\/\/stagezone.hu\/en\/product\/shehds-geyser-1500-vertical-fog-machine-with-rgb-leds\/"]}]},{"@type":"ImageObject","inLanguage":"en-US","@id":"https:\/\/stagezone.hu\/en\/product\/shehds-geyser-1500-vertical-fog-machine-with-rgb-leds\/#primaryimage","url":"https:\/\/stagezone.hu\/wp-content\/uploads\/2024\/05\/IMG_5266.jpg0_.jpg","contentUrl":"https:\/\/stagezone.hu\/wp-content\/uploads\/2024\/05\/IMG_5266.jpg0_.jpg","width":800,"height":800,"caption":"SHEHDS Geyser 1500"},{"@type":"BreadcrumbList","@id":"https:\/\/stagezone.hu\/en\/product\/shehds-geyser-1500-vertical-fog-machine-with-rgb-leds\/#breadcrumb","itemListElement":[{"@type":"ListItem","position":1,"name":"Kezd\u0151lap","item":"https:\/\/stagezone.hu\/"},{"@type":"ListItem","position":2,"name":"\u00dczlet","item":"https:\/\/stagezone.hu\/uzlet\/"},{"@type":"ListItem","position":3,"name":"SHEHDS Geyser 1500 Vertical Fog Machine with RGB LEDs"}]},{"@type":"WebSite","@id":"https:\/\/stagezone.hu\/en\/#website","url":"https:\/\/stagezone.hu\/en\/","name":"StageZone - Ragyogj a Stagezone min\u0151s\u00e9gi f\u00e9nytechnik\u00e1j\u00e1val.","description":"StageZone","publisher":{"@id":"https:\/\/stagezone.hu\/en\/#organization"},"potentialAction":[{"@type":"SearchAction","target":{"@type":"EntryPoint","urlTemplate":"https:\/\/stagezone.hu\/en\/?s={search_term_string}"},"query-input":{"@type":"PropertyValueSpecification","valueRequired":true,"valueName":"search_term_string"}}],"inLanguage":"en-US"},{"@type":"Organization","@id":"https:\/\/stagezone.hu\/en\/#organization","name":"StageZone","url":"https:\/\/stagezone.hu\/en\/","logo":{"@type":"ImageObject","inLanguage":"en-US","@id":"https:\/\/stagezone.hu\/en\/#\/schema\/logo\/image\/","url":"https:\/\/stagezone.hu\/wp-content\/uploads\/2026\/01\/Adam-Hall_1000x1000-1-1.png","contentUrl":"https:\/\/stagezone.hu\/wp-content\/uploads\/2026\/01\/Adam-Hall_1000x1000-1-1.png","width":1000,"height":1000,"caption":"StageZone"},"image":{"@id":"https:\/\/stagezone.hu\/en\/#\/schema\/logo\/image\/"},"sameAs":["https:\/\/www.facebook.com\/stagezonehungary\/","https:\/\/www.instagram.com\/stagezonehungary\/"]}]}},"_links":{"self":[{"href":"https:\/\/stagezone.hu\/en\/wp-json\/wp\/v2\/product\/1066","targetHints":{"allow":["GET"]}}],"collection":[{"href":"https:\/\/stagezone.hu\/en\/wp-json\/wp\/v2\/product"}],"about":[{"href":"https:\/\/stagezone.hu\/en\/wp-json\/wp\/v2\/types\/product"}],"replies":[{"embeddable":true,"href":"https:\/\/stagezone.hu\/en\/wp-json\/wp\/v2\/comments?post=1066"}],"version-history":[{"count":3,"href":"https:\/\/stagezone.hu\/en\/wp-json\/wp\/v2\/product\/1066\/revisions"}],"predecessor-version":[{"id":5371,"href":"https:\/\/stagezone.hu\/en\/wp-json\/wp\/v2\/product\/1066\/revisions\/5371"}],"wp:featuredmedia":[{"embeddable":true,"href":"https:\/\/stagezone.hu\/en\/wp-json\/wp\/v2\/media\/9791"}],"wp:attachment":[{"href":"https:\/\/stagezone.hu\/en\/wp-json\/wp\/v2\/media?parent=1066"}],"wp:term":[{"taxonomy":"product_brand","embeddable":true,"href":"https:\/\/stagezone.hu\/en\/wp-json\/wp\/v2\/product_brand?post=1066"},{"taxonomy":"product_cat","embeddable":true,"href":"https:\/\/stagezone.hu\/en\/wp-json\/wp\/v2\/product_cat?post=1066"},{"taxonomy":"product_tag","embeddable":true,"href":"https:\/\/stagezone.hu\/en\/wp-json\/wp\/v2\/product_tag?post=1066"}],"curies":[{"name":"wp","href":"https:\/\/api.w.org\/{rel}","templated":true}]}}