{"id":10624,"date":"2026-04-28T15:15:11","date_gmt":"2026-04-28T14:15:11","guid":{"rendered":"https:\/\/stagezone.hu\/?post_type=product&#038;p=10624"},"modified":"2026-05-04T19:33:27","modified_gmt":"2026-05-04T18:33:27","slug":"shehds-led-bsw-300","status":"publish","type":"product","link":"https:\/\/stagezone.hu\/en\/product\/shehds-led-bsw-300-beam-spot-wash-moving-head-light\/","title":{"rendered":"SHEHDS Led BSW 300 Beam\/Spot\/Wash Moving Head Light"},"content":{"rendered":"<p><strong>SHEHDS Led BSW 300 &#8211; 300W Beam\/Spot\/Wash Moving Head Light<\/strong><\/p>\n<ul>\n<li>Power Supply: AC 100-240 V, 50\/60 Hz<\/li>\n<li>Power Consumption: 300W<\/li>\n<li>Beam Angle: 2-22\u00b0<\/li>\n<li>CRI: 70<\/li>\n<li>Linear Dimmer<\/li>\n<li>Static Gobos: 5<\/li>\n<li>Rotating Gobos: 7<\/li>\n<li>Prism: 5-facet<\/li>\n<li>DMX Channels: 20\/23 CH<\/li>\n<li>Connectors: Powercon, DMX 3 pin\/5 pin<\/li>\n<li>IP Rating: IP20<\/li>\n<li>Features: Built-in mounting clamp<\/li>\n<li>Control Modes: DMX 512\/RDM\/Auto\/Sound<\/li>\n<\/ul>\n<p>Shehds, founded in 2015, specializes in stage lighting equipment. Their products offer reliable quality and material usage, suitable for various applications. They hold CE, ROHS, UL, FCC, TP, TC, SAA, and other safety certifications. The brand has become a trusted name in the lighting industry.<\/p>\n","protected":false},"excerpt":{"rendered":"<p>The SHEHDS Led BSW 300 is a 300W moving head light with beam, spot, and wash functions. It features a 2-22\u00b0 beam angle and a 5-facet prism.<\/p>\n","protected":false},"featured_media":10626,"comment_status":"open","ping_status":"closed","template":"","meta":[],"product_brand":[],"product_cat":[456,166],"product_tag":[515,444,534],"class_list":{"0":"post-10624","1":"product","2":"type-product","3":"status-publish","4":"has-post-thumbnail","6":"product_cat-hybrid-lampak","7":"product_cat-robotlampa","8":"product_tag-bsw","9":"product_tag-hybrid","10":"product_tag-shehds","12":"first","13":"contact_us","14":"taxable","15":"shipping-taxable","16":"purchasable","17":"product-type-simple"},"yoast_head":"<!-- This site is optimized with the Yoast SEO Premium plugin v27.2 (Yoast SEO v27.2) - https:\/\/yoast.com\/product\/yoast-seo-premium-wordpress\/ -->\n<title>SHEHDS Led BSW 300 Beam\/Spot\/Wash Moving Head Light<\/title>\n<meta name=\"description\" content=\"The SHEHDS Led BSW 300 is a 300W moving head light with beam, spot, and wash functions. It features a 2-22\u00b0 beam angle and a 5-facet prism.\" \/>\n<meta name=\"robots\" content=\"index, follow, max-snippet:-1, max-image-preview:large, max-video-preview:-1\" \/>\n<link rel=\"canonical\" href=\"http:\/\/The%20SHEHDS%20Led%20BSW%20300%20is%20a%20300W%20moving%20head%20light%20with%20beam,%20spot,%20and%20wash%20functions.%20It%20features%20a%202-22\u00b0%20beam%20angle%20and%20a%205-facet%20prism.\" \/>\n<meta property=\"og:locale\" content=\"en_US\" \/>\n<meta property=\"og:type\" content=\"article\" \/>\n<meta property=\"og:title\" content=\"SHEHDS Led BSW 300 Beam\/Spot\/Wash Moving Head Light\" \/>\n<meta property=\"og:description\" content=\"The SHEHDS Led BSW 300 is a 300W moving head light with beam, spot, and wash functions. It features a 2-22\u00b0 beam angle and a 5-facet prism.\" \/>\n<meta property=\"og:url\" content=\"https:\/\/stagezone.hu\/en\/product\/shehds-led-bsw-300-beam-spot-wash-moving-head-light\/\" \/>\n<meta property=\"og:site_name\" content=\"StageZone\" \/>\n<meta property=\"article:publisher\" content=\"https:\/\/www.facebook.com\/stagezonehungary\/\" \/>\n<meta property=\"article:modified_time\" content=\"2026-05-04T18:33:27+00:00\" \/>\n<meta property=\"og:image\" content=\"https:\/\/stagezone.hu\/wp-content\/uploads\/2026\/04\/1.jpg\" \/>\n\t<meta property=\"og:image:width\" content=\"1000\" \/>\n\t<meta property=\"og:image:height\" content=\"1000\" \/>\n\t<meta property=\"og:image:type\" content=\"image\/jpeg\" \/>\n<meta name=\"twitter:card\" content=\"summary_large_image\" \/>\n<meta name=\"twitter:label1\" content=\"Est. reading time\" \/>\n\t<meta name=\"twitter:data1\" content=\"1 minute\" \/>\n<script type=\"application\/ld+json\" class=\"yoast-schema-graph\">{\"@context\":\"https:\/\/schema.org\",\"@graph\":[{\"@type\":\"WebPage\",\"@id\":\"https:\/\/stagezone.hu\/en\/product\/shehds-led-bsw-300-beam-spot-wash-moving-head-light\/\",\"url\":\"https:\/\/stagezone.hu\/en\/product\/shehds-led-bsw-300-beam-spot-wash-moving-head-light\/\",\"name\":\"SHEHDS Led BSW 300 - StageZone\",\"isPartOf\":{\"@id\":\"https:\/\/stagezone.hu\/#website\"},\"primaryImageOfPage\":{\"@id\":\"https:\/\/stagezone.hu\/en\/product\/shehds-led-bsw-300-beam-spot-wash-moving-head-light\/#primaryimage\"},\"image\":{\"@id\":\"https:\/\/stagezone.hu\/en\/product\/shehds-led-bsw-300-beam-spot-wash-moving-head-light\/#primaryimage\"},\"thumbnailUrl\":\"https:\/\/stagezone.hu\/wp-content\/uploads\/2026\/04\/1.jpg\",\"datePublished\":\"2026-04-28T14:15:11+00:00\",\"dateModified\":\"2026-05-04T18:33:27+00:00\",\"description\":\"SHEHDS Led BSW 300 hybrid robotl\u00e1mpa 300W teljes\u00edtm\u00e9nnyel, 5 oldalas prizm\u00e1val, 22\u00b0-os nyit\u00e1si sz\u00f6ggel \u00e9s be\u00e9p\u00edtett r\u00f6gz\u00edt\u0151 bilincsekkel.\",\"breadcrumb\":{\"@id\":\"https:\/\/stagezone.hu\/en\/product\/shehds-led-bsw-300-beam-spot-wash-moving-head-light\/#breadcrumb\"},\"inLanguage\":\"en-US\",\"potentialAction\":[{\"@type\":\"ReadAction\",\"target\":[\"https:\/\/stagezone.hu\/en\/product\/shehds-led-bsw-300-beam-spot-wash-moving-head-light\/\"]}]},{\"@type\":\"ImageObject\",\"inLanguage\":\"en-US\",\"@id\":\"https:\/\/stagezone.hu\/en\/product\/shehds-led-bsw-300-beam-spot-wash-moving-head-light\/#primaryimage\",\"url\":\"https:\/\/stagezone.hu\/wp-content\/uploads\/2026\/04\/1.jpg\",\"contentUrl\":\"https:\/\/stagezone.hu\/wp-content\/uploads\/2026\/04\/1.jpg\",\"width\":1000,\"height\":1000,\"caption\":\"SHEHDS Led BSW 300\"},{\"@type\":\"BreadcrumbList\",\"@id\":\"https:\/\/stagezone.hu\/en\/product\/shehds-led-bsw-300-beam-spot-wash-moving-head-light\/#breadcrumb\",\"itemListElement\":[{\"@type\":\"ListItem\",\"position\":1,\"name\":\"Kezd\u0151lap\",\"item\":\"https:\/\/stagezone.hu\/\"},{\"@type\":\"ListItem\",\"position\":2,\"name\":\"\u00dczlet\",\"item\":\"https:\/\/stagezone.hu\/uzlet\/\"},{\"@type\":\"ListItem\",\"position\":3,\"name\":\"SHEHDS Led BSW 300 Beam\/Spot\/Wash Moving Head Light\"}]},{\"@type\":\"WebSite\",\"@id\":\"https:\/\/stagezone.hu\/en\/#website\",\"url\":\"https:\/\/stagezone.hu\/en\/\",\"name\":\"StageZone - Ragyogj a Stagezone min\u0151s\u00e9gi f\u00e9nytechnik\u00e1j\u00e1val.\",\"description\":\"StageZone\",\"publisher\":{\"@id\":\"https:\/\/stagezone.hu\/en\/#organization\"},\"potentialAction\":[{\"@type\":\"SearchAction\",\"target\":{\"@type\":\"EntryPoint\",\"urlTemplate\":\"https:\/\/stagezone.hu\/en\/?s={search_term_string}\"},\"query-input\":{\"@type\":\"PropertyValueSpecification\",\"valueRequired\":true,\"valueName\":\"search_term_string\"}}],\"inLanguage\":\"en-US\"},{\"@type\":\"Organization\",\"@id\":\"https:\/\/stagezone.hu\/en\/#organization\",\"name\":\"StageZone\",\"url\":\"https:\/\/stagezone.hu\/en\/\",\"logo\":{\"@type\":\"ImageObject\",\"inLanguage\":\"en-US\",\"@id\":\"https:\/\/stagezone.hu\/en\/#\/schema\/logo\/image\/\",\"url\":\"https:\/\/stagezone.hu\/wp-content\/uploads\/2026\/01\/Adam-Hall_1000x1000-1-1.png\",\"contentUrl\":\"https:\/\/stagezone.hu\/wp-content\/uploads\/2026\/01\/Adam-Hall_1000x1000-1-1.png\",\"width\":1000,\"height\":1000,\"caption\":\"StageZone\"},\"image\":{\"@id\":\"https:\/\/stagezone.hu\/en\/#\/schema\/logo\/image\/\"},\"sameAs\":[\"https:\/\/www.facebook.com\/stagezonehungary\/\",\"https:\/\/www.instagram.com\/stagezonehungary\/\"]}]}<\/script>\n<!-- \/ Yoast SEO Premium plugin. -->","yoast_head_json":{"title":"SHEHDS Led BSW 300 Beam\/Spot\/Wash Moving Head Light","description":"The SHEHDS Led BSW 300 is a 300W moving head light with beam, spot, and wash functions. It features a 2-22\u00b0 beam angle and a 5-facet prism.","robots":{"index":"index","follow":"follow","max-snippet":"max-snippet:-1","max-image-preview":"max-image-preview:large","max-video-preview":"max-video-preview:-1"},"canonical":"The SHEHDS Led BSW 300 is a 300W moving head light with beam, spot, and wash functions. It features a 2-22\u00b0 beam angle and a 5-facet prism.","og_locale":"en_US","og_type":"article","og_title":"SHEHDS Led BSW 300 Beam\/Spot\/Wash Moving Head Light","og_description":"The SHEHDS Led BSW 300 is a 300W moving head light with beam, spot, and wash functions. It features a 2-22\u00b0 beam angle and a 5-facet prism.","og_url":"https:\/\/stagezone.hu\/en\/product\/shehds-led-bsw-300-beam-spot-wash-moving-head-light\/","og_site_name":"StageZone","article_publisher":"https:\/\/www.facebook.com\/stagezonehungary\/","article_modified_time":"2026-05-04T18:33:27+00:00","og_image":[{"width":1000,"height":1000,"url":"https:\/\/stagezone.hu\/wp-content\/uploads\/2026\/04\/1.jpg","type":"image\/jpeg"}],"twitter_card":"summary_large_image","twitter_misc":{"Est. reading time":"1 minute"},"schema":{"@context":"https:\/\/schema.org","@graph":[{"@type":"WebPage","@id":"https:\/\/stagezone.hu\/en\/product\/shehds-led-bsw-300-beam-spot-wash-moving-head-light\/","url":"https:\/\/stagezone.hu\/en\/product\/shehds-led-bsw-300-beam-spot-wash-moving-head-light\/","name":"SHEHDS Led BSW 300 - StageZone","isPartOf":{"@id":"https:\/\/stagezone.hu\/#website"},"primaryImageOfPage":{"@id":"https:\/\/stagezone.hu\/en\/product\/shehds-led-bsw-300-beam-spot-wash-moving-head-light\/#primaryimage"},"image":{"@id":"https:\/\/stagezone.hu\/en\/product\/shehds-led-bsw-300-beam-spot-wash-moving-head-light\/#primaryimage"},"thumbnailUrl":"https:\/\/stagezone.hu\/wp-content\/uploads\/2026\/04\/1.jpg","datePublished":"2026-04-28T14:15:11+00:00","dateModified":"2026-05-04T18:33:27+00:00","description":"SHEHDS Led BSW 300 hybrid robotl\u00e1mpa 300W teljes\u00edtm\u00e9nnyel, 5 oldalas prizm\u00e1val, 22\u00b0-os nyit\u00e1si sz\u00f6ggel \u00e9s be\u00e9p\u00edtett r\u00f6gz\u00edt\u0151 bilincsekkel.","breadcrumb":{"@id":"https:\/\/stagezone.hu\/en\/product\/shehds-led-bsw-300-beam-spot-wash-moving-head-light\/#breadcrumb"},"inLanguage":"en-US","potentialAction":[{"@type":"ReadAction","target":["https:\/\/stagezone.hu\/en\/product\/shehds-led-bsw-300-beam-spot-wash-moving-head-light\/"]}]},{"@type":"ImageObject","inLanguage":"en-US","@id":"https:\/\/stagezone.hu\/en\/product\/shehds-led-bsw-300-beam-spot-wash-moving-head-light\/#primaryimage","url":"https:\/\/stagezone.hu\/wp-content\/uploads\/2026\/04\/1.jpg","contentUrl":"https:\/\/stagezone.hu\/wp-content\/uploads\/2026\/04\/1.jpg","width":1000,"height":1000,"caption":"SHEHDS Led BSW 300"},{"@type":"BreadcrumbList","@id":"https:\/\/stagezone.hu\/en\/product\/shehds-led-bsw-300-beam-spot-wash-moving-head-light\/#breadcrumb","itemListElement":[{"@type":"ListItem","position":1,"name":"Kezd\u0151lap","item":"https:\/\/stagezone.hu\/"},{"@type":"ListItem","position":2,"name":"\u00dczlet","item":"https:\/\/stagezone.hu\/uzlet\/"},{"@type":"ListItem","position":3,"name":"SHEHDS Led BSW 300 Beam\/Spot\/Wash Moving Head Light"}]},{"@type":"WebSite","@id":"https:\/\/stagezone.hu\/en\/#website","url":"https:\/\/stagezone.hu\/en\/","name":"StageZone - Ragyogj a Stagezone min\u0151s\u00e9gi f\u00e9nytechnik\u00e1j\u00e1val.","description":"StageZone","publisher":{"@id":"https:\/\/stagezone.hu\/en\/#organization"},"potentialAction":[{"@type":"SearchAction","target":{"@type":"EntryPoint","urlTemplate":"https:\/\/stagezone.hu\/en\/?s={search_term_string}"},"query-input":{"@type":"PropertyValueSpecification","valueRequired":true,"valueName":"search_term_string"}}],"inLanguage":"en-US"},{"@type":"Organization","@id":"https:\/\/stagezone.hu\/en\/#organization","name":"StageZone","url":"https:\/\/stagezone.hu\/en\/","logo":{"@type":"ImageObject","inLanguage":"en-US","@id":"https:\/\/stagezone.hu\/en\/#\/schema\/logo\/image\/","url":"https:\/\/stagezone.hu\/wp-content\/uploads\/2026\/01\/Adam-Hall_1000x1000-1-1.png","contentUrl":"https:\/\/stagezone.hu\/wp-content\/uploads\/2026\/01\/Adam-Hall_1000x1000-1-1.png","width":1000,"height":1000,"caption":"StageZone"},"image":{"@id":"https:\/\/stagezone.hu\/en\/#\/schema\/logo\/image\/"},"sameAs":["https:\/\/www.facebook.com\/stagezonehungary\/","https:\/\/www.instagram.com\/stagezonehungary\/"]}]}},"_links":{"self":[{"href":"https:\/\/stagezone.hu\/en\/wp-json\/wp\/v2\/product\/10624","targetHints":{"allow":["GET"]}}],"collection":[{"href":"https:\/\/stagezone.hu\/en\/wp-json\/wp\/v2\/product"}],"about":[{"href":"https:\/\/stagezone.hu\/en\/wp-json\/wp\/v2\/types\/product"}],"replies":[{"embeddable":true,"href":"https:\/\/stagezone.hu\/en\/wp-json\/wp\/v2\/comments?post=10624"}],"version-history":[{"count":2,"href":"https:\/\/stagezone.hu\/en\/wp-json\/wp\/v2\/product\/10624\/revisions"}],"predecessor-version":[{"id":10634,"href":"https:\/\/stagezone.hu\/en\/wp-json\/wp\/v2\/product\/10624\/revisions\/10634"}],"wp:featuredmedia":[{"embeddable":true,"href":"https:\/\/stagezone.hu\/en\/wp-json\/wp\/v2\/media\/10626"}],"wp:attachment":[{"href":"https:\/\/stagezone.hu\/en\/wp-json\/wp\/v2\/media?parent=10624"}],"wp:term":[{"taxonomy":"product_brand","embeddable":true,"href":"https:\/\/stagezone.hu\/en\/wp-json\/wp\/v2\/product_brand?post=10624"},{"taxonomy":"product_cat","embeddable":true,"href":"https:\/\/stagezone.hu\/en\/wp-json\/wp\/v2\/product_cat?post=10624"},{"taxonomy":"product_tag","embeddable":true,"href":"https:\/\/stagezone.hu\/en\/wp-json\/wp\/v2\/product_tag?post=10624"}],"curies":[{"name":"wp","href":"https:\/\/api.w.org\/{rel}","templated":true}]}}