{"id":1058,"date":"2024-05-17T23:04:42","date_gmt":"2024-05-17T23:04:42","guid":{"rendered":"https:\/\/stagezone.hu\/?post_type=product&#038;p=1058"},"modified":"2026-05-04T19:57:42","modified_gmt":"2026-05-04T18:57:42","slug":"stagezone-1500w-fustgep","status":"publish","type":"product","link":"https:\/\/stagezone.hu\/en\/product\/shehds-smoke-machine-1500w\/","title":{"rendered":"SHEHDS Smoke Machine 1500W"},"content":{"rendered":"<p><strong>SHEHDS Smoke Machine 1500 &#8211; 1500W smoke machine<\/strong><\/p>\n<p>The machine can only be operated with water-based <a href=\"https:\/\/stagezone.hu\/termek\/adj-fustfolyadek-1-light-5-liter\/\">smoke fluid<\/a>!<\/p>\n<ul>\n<li>Power Supply: AC 100-240 V, 50\/60 Hz<\/li>\n<li>Power: 1500W<\/li>\n<li>Tank Capacity: 3 L<\/li>\n<li>Warm-up time: 5 minutes<\/li>\n<li>Spray distance: 7-8 m<\/li>\n<li>Output: 700 m\u00b3\/min<\/li>\n<li>IP Rating: IP20<\/li>\n<li>Remote Control Included<\/li>\n<\/ul>\n<p>Shehds is a <a href=\"https:\/\/shehds.net\/\">company<\/a> founded in 2015, specializing in stage lighting equipment. Their products offer reliable quality and material usage, suitable for various applications. They hold CE, ROHS, UL, FCC, TP, TC, SAA, and other safety certifications. The brand has become a trusted player in the lighting technology segment.<\/p>\n","protected":false},"excerpt":{"rendered":"<p>SHEHDS Smoke Machine 1500 with remote control, 7-8m spray distance, and high power. Use with water-based fluid only!<\/p>\n","protected":false},"featured_media":5382,"comment_status":"closed","ping_status":"closed","template":"","meta":[],"product_brand":[],"product_cat":[178,185],"product_tag":[221],"class_list":{"0":"post-1058","1":"product","2":"type-product","3":"status-publish","4":"has-post-thumbnail","6":"product_cat-effekt","7":"product_cat-fustgep","8":"product_tag-fustgep","10":"first","11":"instock","12":"taxable","13":"shipping-taxable","14":"purchasable","15":"product-type-simple"},"yoast_head":"<!-- This site is optimized with the Yoast SEO Premium plugin v27.2 (Yoast SEO v27.2) - https:\/\/yoast.com\/product\/yoast-seo-premium-wordpress\/ -->\n<title>SHEHDS Smoke Machine 1500W<\/title>\n<meta name=\"description\" content=\"SHEHDS Smoke Machine 1500 with remote control, 7-8m spray distance, and high power. Use with water-based fluid only!\" \/>\n<meta name=\"robots\" content=\"index, follow, max-snippet:-1, max-image-preview:large, max-video-preview:-1\" \/>\n<link rel=\"canonical\" href=\"http:\/\/SHEHDS%20Smoke%20Machine%201500%20with%20remote%20control,%207-8m%20spray%20distance,%20and%20high%20power.%20Use%20with%20water-based%20fluid%20only!\" \/>\n<meta property=\"og:locale\" content=\"en_US\" \/>\n<meta property=\"og:type\" content=\"article\" \/>\n<meta property=\"og:title\" content=\"SHEHDS Smoke Machine 1500W\" \/>\n<meta property=\"og:description\" content=\"SHEHDS Smoke Machine 1500 with remote control, 7-8m spray distance, and high power. Use with water-based fluid only!\" \/>\n<meta property=\"og:url\" content=\"https:\/\/stagezone.hu\/en\/product\/shehds-smoke-machine-1500w\/\" \/>\n<meta property=\"og:site_name\" content=\"StageZone\" \/>\n<meta property=\"article:publisher\" content=\"https:\/\/www.facebook.com\/stagezonehungary\/\" \/>\n<meta property=\"article:modified_time\" content=\"2026-05-04T18:57:42+00:00\" \/>\n<meta property=\"og:image\" content=\"https:\/\/stagezone.hu\/wp-content\/uploads\/2024\/05\/IMG_0640-1.jpg0_-1.jpg\" \/>\n\t<meta property=\"og:image:width\" content=\"800\" \/>\n\t<meta property=\"og:image:height\" content=\"800\" \/>\n\t<meta property=\"og:image:type\" content=\"image\/jpeg\" \/>\n<meta name=\"twitter:card\" content=\"summary_large_image\" \/>\n<meta name=\"twitter:label1\" content=\"Est. reading time\" \/>\n\t<meta name=\"twitter:data1\" content=\"1 minute\" \/>\n<script type=\"application\/ld+json\" class=\"yoast-schema-graph\">{\"@context\":\"https:\/\/schema.org\",\"@graph\":[{\"@type\":\"WebPage\",\"@id\":\"https:\/\/stagezone.hu\/en\/product\/shehds-smoke-machine-1500w\/\",\"url\":\"https:\/\/stagezone.hu\/en\/product\/shehds-smoke-machine-1500w\/\",\"name\":\"SHEHDS F\u00fcstg\u00e9p 1500 - StageZone\",\"isPartOf\":{\"@id\":\"https:\/\/stagezone.hu\/#website\"},\"primaryImageOfPage\":{\"@id\":\"https:\/\/stagezone.hu\/en\/product\/shehds-smoke-machine-1500w\/#primaryimage\"},\"image\":{\"@id\":\"https:\/\/stagezone.hu\/en\/product\/shehds-smoke-machine-1500w\/#primaryimage\"},\"thumbnailUrl\":\"https:\/\/stagezone.hu\/wp-content\/uploads\/2024\/05\/IMG_0640-1.jpg0_-1.jpg\",\"datePublished\":\"2024-05-17T23:04:42+00:00\",\"dateModified\":\"2026-05-04T18:57:42+00:00\",\"description\":\"SHEHDS F\u00fcstg\u00e9p 1500 t\u00e1vir\u00e1ny\u00edt\u00e1s\u00fa vez\u00e9rl\u00e9ssel, 7-8 m permetez\u00e9si t\u00e1vols\u00e1ggal \u00e9s nagy teljes\u00edtm\u00e9nnyel. Kiz\u00e1r\u00f3lag v\u00edzb\u00e1zis\u00fa folyad\u00e9kkal!\",\"breadcrumb\":{\"@id\":\"https:\/\/stagezone.hu\/en\/product\/shehds-smoke-machine-1500w\/#breadcrumb\"},\"inLanguage\":\"en-US\",\"potentialAction\":[{\"@type\":\"ReadAction\",\"target\":[\"https:\/\/stagezone.hu\/en\/product\/shehds-smoke-machine-1500w\/\"]}]},{\"@type\":\"ImageObject\",\"inLanguage\":\"en-US\",\"@id\":\"https:\/\/stagezone.hu\/en\/product\/shehds-smoke-machine-1500w\/#primaryimage\",\"url\":\"https:\/\/stagezone.hu\/wp-content\/uploads\/2024\/05\/IMG_0640-1.jpg0_-1.jpg\",\"contentUrl\":\"https:\/\/stagezone.hu\/wp-content\/uploads\/2024\/05\/IMG_0640-1.jpg0_-1.jpg\",\"width\":800,\"height\":800,\"caption\":\"SHEHDS F\u00fcstg\u00e9p 1500\"},{\"@type\":\"BreadcrumbList\",\"@id\":\"https:\/\/stagezone.hu\/en\/product\/shehds-smoke-machine-1500w\/#breadcrumb\",\"itemListElement\":[{\"@type\":\"ListItem\",\"position\":1,\"name\":\"Kezd\u0151lap\",\"item\":\"https:\/\/stagezone.hu\/\"},{\"@type\":\"ListItem\",\"position\":2,\"name\":\"\u00dczlet\",\"item\":\"https:\/\/stagezone.hu\/uzlet\/\"},{\"@type\":\"ListItem\",\"position\":3,\"name\":\"SHEHDS Smoke Machine 1500W\"}]},{\"@type\":\"WebSite\",\"@id\":\"https:\/\/stagezone.hu\/en\/#website\",\"url\":\"https:\/\/stagezone.hu\/en\/\",\"name\":\"StageZone - Ragyogj a Stagezone min\u0151s\u00e9gi f\u00e9nytechnik\u00e1j\u00e1val.\",\"description\":\"StageZone\",\"publisher\":{\"@id\":\"https:\/\/stagezone.hu\/en\/#organization\"},\"potentialAction\":[{\"@type\":\"SearchAction\",\"target\":{\"@type\":\"EntryPoint\",\"urlTemplate\":\"https:\/\/stagezone.hu\/en\/?s={search_term_string}\"},\"query-input\":{\"@type\":\"PropertyValueSpecification\",\"valueRequired\":true,\"valueName\":\"search_term_string\"}}],\"inLanguage\":\"en-US\"},{\"@type\":\"Organization\",\"@id\":\"https:\/\/stagezone.hu\/en\/#organization\",\"name\":\"StageZone\",\"url\":\"https:\/\/stagezone.hu\/en\/\",\"logo\":{\"@type\":\"ImageObject\",\"inLanguage\":\"en-US\",\"@id\":\"https:\/\/stagezone.hu\/en\/#\/schema\/logo\/image\/\",\"url\":\"https:\/\/stagezone.hu\/wp-content\/uploads\/2026\/01\/Adam-Hall_1000x1000-1-1.png\",\"contentUrl\":\"https:\/\/stagezone.hu\/wp-content\/uploads\/2026\/01\/Adam-Hall_1000x1000-1-1.png\",\"width\":1000,\"height\":1000,\"caption\":\"StageZone\"},\"image\":{\"@id\":\"https:\/\/stagezone.hu\/en\/#\/schema\/logo\/image\/\"},\"sameAs\":[\"https:\/\/www.facebook.com\/stagezonehungary\/\",\"https:\/\/www.instagram.com\/stagezonehungary\/\"]}]}<\/script>\n<!-- \/ Yoast SEO Premium plugin. -->","yoast_head_json":{"title":"SHEHDS Smoke Machine 1500W","description":"SHEHDS Smoke Machine 1500 with remote control, 7-8m spray distance, and high power. Use with water-based fluid only!","robots":{"index":"index","follow":"follow","max-snippet":"max-snippet:-1","max-image-preview":"max-image-preview:large","max-video-preview":"max-video-preview:-1"},"canonical":"SHEHDS Smoke Machine 1500 with remote control, 7-8m spray distance, and high power. Use with water-based fluid only!","og_locale":"en_US","og_type":"article","og_title":"SHEHDS Smoke Machine 1500W","og_description":"SHEHDS Smoke Machine 1500 with remote control, 7-8m spray distance, and high power. Use with water-based fluid only!","og_url":"https:\/\/stagezone.hu\/en\/product\/shehds-smoke-machine-1500w\/","og_site_name":"StageZone","article_publisher":"https:\/\/www.facebook.com\/stagezonehungary\/","article_modified_time":"2026-05-04T18:57:42+00:00","og_image":[{"width":800,"height":800,"url":"https:\/\/stagezone.hu\/wp-content\/uploads\/2024\/05\/IMG_0640-1.jpg0_-1.jpg","type":"image\/jpeg"}],"twitter_card":"summary_large_image","twitter_misc":{"Est. reading time":"1 minute"},"schema":{"@context":"https:\/\/schema.org","@graph":[{"@type":"WebPage","@id":"https:\/\/stagezone.hu\/en\/product\/shehds-smoke-machine-1500w\/","url":"https:\/\/stagezone.hu\/en\/product\/shehds-smoke-machine-1500w\/","name":"SHEHDS F\u00fcstg\u00e9p 1500 - StageZone","isPartOf":{"@id":"https:\/\/stagezone.hu\/#website"},"primaryImageOfPage":{"@id":"https:\/\/stagezone.hu\/en\/product\/shehds-smoke-machine-1500w\/#primaryimage"},"image":{"@id":"https:\/\/stagezone.hu\/en\/product\/shehds-smoke-machine-1500w\/#primaryimage"},"thumbnailUrl":"https:\/\/stagezone.hu\/wp-content\/uploads\/2024\/05\/IMG_0640-1.jpg0_-1.jpg","datePublished":"2024-05-17T23:04:42+00:00","dateModified":"2026-05-04T18:57:42+00:00","description":"SHEHDS F\u00fcstg\u00e9p 1500 t\u00e1vir\u00e1ny\u00edt\u00e1s\u00fa vez\u00e9rl\u00e9ssel, 7-8 m permetez\u00e9si t\u00e1vols\u00e1ggal \u00e9s nagy teljes\u00edtm\u00e9nnyel. Kiz\u00e1r\u00f3lag v\u00edzb\u00e1zis\u00fa folyad\u00e9kkal!","breadcrumb":{"@id":"https:\/\/stagezone.hu\/en\/product\/shehds-smoke-machine-1500w\/#breadcrumb"},"inLanguage":"en-US","potentialAction":[{"@type":"ReadAction","target":["https:\/\/stagezone.hu\/en\/product\/shehds-smoke-machine-1500w\/"]}]},{"@type":"ImageObject","inLanguage":"en-US","@id":"https:\/\/stagezone.hu\/en\/product\/shehds-smoke-machine-1500w\/#primaryimage","url":"https:\/\/stagezone.hu\/wp-content\/uploads\/2024\/05\/IMG_0640-1.jpg0_-1.jpg","contentUrl":"https:\/\/stagezone.hu\/wp-content\/uploads\/2024\/05\/IMG_0640-1.jpg0_-1.jpg","width":800,"height":800,"caption":"SHEHDS F\u00fcstg\u00e9p 1500"},{"@type":"BreadcrumbList","@id":"https:\/\/stagezone.hu\/en\/product\/shehds-smoke-machine-1500w\/#breadcrumb","itemListElement":[{"@type":"ListItem","position":1,"name":"Kezd\u0151lap","item":"https:\/\/stagezone.hu\/"},{"@type":"ListItem","position":2,"name":"\u00dczlet","item":"https:\/\/stagezone.hu\/uzlet\/"},{"@type":"ListItem","position":3,"name":"SHEHDS Smoke Machine 1500W"}]},{"@type":"WebSite","@id":"https:\/\/stagezone.hu\/en\/#website","url":"https:\/\/stagezone.hu\/en\/","name":"StageZone - Ragyogj a Stagezone min\u0151s\u00e9gi f\u00e9nytechnik\u00e1j\u00e1val.","description":"StageZone","publisher":{"@id":"https:\/\/stagezone.hu\/en\/#organization"},"potentialAction":[{"@type":"SearchAction","target":{"@type":"EntryPoint","urlTemplate":"https:\/\/stagezone.hu\/en\/?s={search_term_string}"},"query-input":{"@type":"PropertyValueSpecification","valueRequired":true,"valueName":"search_term_string"}}],"inLanguage":"en-US"},{"@type":"Organization","@id":"https:\/\/stagezone.hu\/en\/#organization","name":"StageZone","url":"https:\/\/stagezone.hu\/en\/","logo":{"@type":"ImageObject","inLanguage":"en-US","@id":"https:\/\/stagezone.hu\/en\/#\/schema\/logo\/image\/","url":"https:\/\/stagezone.hu\/wp-content\/uploads\/2026\/01\/Adam-Hall_1000x1000-1-1.png","contentUrl":"https:\/\/stagezone.hu\/wp-content\/uploads\/2026\/01\/Adam-Hall_1000x1000-1-1.png","width":1000,"height":1000,"caption":"StageZone"},"image":{"@id":"https:\/\/stagezone.hu\/en\/#\/schema\/logo\/image\/"},"sameAs":["https:\/\/www.facebook.com\/stagezonehungary\/","https:\/\/www.instagram.com\/stagezonehungary\/"]}]}},"_links":{"self":[{"href":"https:\/\/stagezone.hu\/en\/wp-json\/wp\/v2\/product\/1058","targetHints":{"allow":["GET"]}}],"collection":[{"href":"https:\/\/stagezone.hu\/en\/wp-json\/wp\/v2\/product"}],"about":[{"href":"https:\/\/stagezone.hu\/en\/wp-json\/wp\/v2\/types\/product"}],"replies":[{"embeddable":true,"href":"https:\/\/stagezone.hu\/en\/wp-json\/wp\/v2\/comments?post=1058"}],"version-history":[{"count":4,"href":"https:\/\/stagezone.hu\/en\/wp-json\/wp\/v2\/product\/1058\/revisions"}],"predecessor-version":[{"id":9795,"href":"https:\/\/stagezone.hu\/en\/wp-json\/wp\/v2\/product\/1058\/revisions\/9795"}],"wp:featuredmedia":[{"embeddable":true,"href":"https:\/\/stagezone.hu\/en\/wp-json\/wp\/v2\/media\/5382"}],"wp:attachment":[{"href":"https:\/\/stagezone.hu\/en\/wp-json\/wp\/v2\/media?parent=1058"}],"wp:term":[{"taxonomy":"product_brand","embeddable":true,"href":"https:\/\/stagezone.hu\/en\/wp-json\/wp\/v2\/product_brand?post=1058"},{"taxonomy":"product_cat","embeddable":true,"href":"https:\/\/stagezone.hu\/en\/wp-json\/wp\/v2\/product_cat?post=1058"},{"taxonomy":"product_tag","embeddable":true,"href":"https:\/\/stagezone.hu\/en\/wp-json\/wp\/v2\/product_tag?post=1058"}],"curies":[{"name":"wp","href":"https:\/\/api.w.org\/{rel}","templated":true}]}}