{"id":1049,"date":"2024-05-17T22:42:29","date_gmt":"2024-05-17T22:42:29","guid":{"rendered":"https:\/\/stagezone.hu\/?post_type=product&#038;p=1049"},"modified":"2026-05-04T19:57:43","modified_gmt":"2026-05-04T18:57:43","slug":"stagezone-hideg-szikragep","status":"publish","type":"product","link":"https:\/\/stagezone.hu\/en\/product\/shehds-spark-machine-650w-cold-spark-machine\/","title":{"rendered":"SHEHDS Spark Machine 650W Cold Spark Machine"},"content":{"rendered":"<p>&nbsp;<\/p>\n<p><strong>SHEHDS Spark Machine 650<\/strong><\/p>\n<p>The SHEHDS Spark Machine 650 is a special cold spark machine that operates with special metal powder. It is suitable for both indoor and outdoor use. The machine&#8217;s operation is completely safe under controlled conditions. It is an essential visual element for weddings and various events.<\/p>\n<ul>\n<li>Power Supply: AC 100-240 V, 50\/60 Hz<\/li>\n<li>Power Consumption: 650W<\/li>\n<li>Heating time: 3 minutes<\/li>\n<li>Operating time on full tank: 3-4 minutes<\/li>\n<li>DMX: 1\/2 CH<\/li>\n<li>Jet height: 1-4m<\/li>\n<li>IP Rating: IP20<\/li>\n<li>Connector: Powercon<\/li>\n<\/ul>\n<p>Shehds is a company founded in 2015, specializing in stage lighting equipment. Their products ensure reliable quality and material usage, suitable for numerous applications. They hold CE, ROHS, UL, FCC, TP, TC, SAA, and other safety certifications. The brand has become a trusted player in the lighting technology segment.<\/p>\n<blockquote class=\"tiktok-embed\" cite=\"https:\/\/www.tiktok.com\/@stagezone.hu\/video\/7499881639468616982\" data-video-id=\"7499881639468616982\" data-embed-from=\"oembed\" style=\"max-width:605px; min-width:325px;\">\n<section> <a target=\"_blank\" title=\"@stagezone.hu\" href=\"https:\/\/www.tiktok.com\/@stagezone.hu?refer=embed\">@stagezone.hu<\/a> <\/p>\n<p>R\u00f6viden \u00e9s t\u00f6m\u00f6ren, \u00edgy m\u0171k\u00f6dik egy hidegszikrag\u00e9p\ud83d\udd25 <a title=\"stagezone\" target=\"_blank\" href=\"https:\/\/www.tiktok.com\/tag\/stagezone?refer=embed\">#stagezone<\/a> <a title=\"fenytechnika\" target=\"_blank\" href=\"https:\/\/www.tiktok.com\/tag\/fenytechnika?refer=embed\">#fenytechnika<\/a> <a title=\"spark\" target=\"_blank\" href=\"https:\/\/www.tiktok.com\/tag\/spark?refer=embed\">#spark<\/a> <a title=\"safe\" target=\"_blank\" href=\"https:\/\/www.tiktok.com\/tag\/safe?refer=embed\">#safe<\/a> <a title=\"coldsparkmachine\" target=\"_blank\" href=\"https:\/\/www.tiktok.com\/tag\/coldsparkmachine?refer=embed\">#coldsparkmachine<\/a> <a title=\"szikra\" target=\"_blank\" href=\"https:\/\/www.tiktok.com\/tag\/szikra?refer=embed\">#szikra<\/a> <a title=\"learnontiktok\" target=\"_blank\" href=\"https:\/\/www.tiktok.com\/tag\/learnontiktok?refer=embed\">#learnontiktok<\/a> <a title=\"fyp\" target=\"_blank\" href=\"https:\/\/www.tiktok.com\/tag\/fyp?refer=embed\">#fyp<\/a> <\/p>\n<p> <a target=\"_blank\" title=\"\u266c Aesthetic - Tollan Kim\" href=\"https:\/\/www.tiktok.com\/music\/Aesthetic-7072513628145977346?refer=embed\">\u266c Aesthetic &#8211; Tollan Kim<\/a> <\/section>\n<\/blockquote>\n<p> <script async src=\"https:\/\/www.tiktok.com\/embed.js\"><\/script><\/p>\n","protected":false},"excerpt":{"rendered":"<p>The SHEHDS Spark Machine 650W is a cold spark machine designed for indoor and outdoor use, perfect for weddings, events, and nightclubs to create a magical atmosphere.<\/p>\n","protected":false},"featured_media":9766,"comment_status":"closed","ping_status":"closed","template":"","meta":[],"product_brand":[],"product_cat":[178,183],"product_tag":[304,398,399],"class_list":{"0":"post-1049","1":"product","2":"type-product","3":"status-publish","4":"has-post-thumbnail","6":"product_cat-effekt","7":"product_cat-szikragep","8":"product_tag-effekt","9":"product_tag-szikra","10":"product_tag-szikragep","12":"first","13":"contact_us","14":"taxable","15":"shipping-taxable","16":"purchasable","17":"product-type-simple"},"yoast_head":"<!-- This site is optimized with the Yoast SEO Premium plugin v27.2 (Yoast SEO v27.2) - https:\/\/yoast.com\/product\/yoast-seo-premium-wordpress\/ -->\n<title>SHEHDS Spark Machine 650W Cold Spark Machine<\/title>\n<meta name=\"description\" content=\"The SHEHDS Spark Machine 650W is a cold spark machine designed for indoor and outdoor use, perfect for weddings, events, and nightclubs to create a magical atmosphere.\" \/>\n<meta name=\"robots\" content=\"index, follow, max-snippet:-1, max-image-preview:large, max-video-preview:-1\" \/>\n<link rel=\"canonical\" href=\"http:\/\/The%20SHEHDS%20Spark%20Machine%20650W%20is%20a%20cold%20spark%20machine%20designed%20for%20indoor%20and%20outdoor%20use,%20perfect%20for%20weddings,%20events,%20and%20nightclubs%20to%20create%20a%20magical%20atmosphere.\" \/>\n<meta property=\"og:locale\" content=\"en_US\" \/>\n<meta property=\"og:type\" content=\"article\" \/>\n<meta property=\"og:title\" content=\"SHEHDS Spark Machine 650W Cold Spark Machine\" \/>\n<meta property=\"og:description\" content=\"The SHEHDS Spark Machine 650W is a cold spark machine designed for indoor and outdoor use, perfect for weddings, events, and nightclubs to create a magical atmosphere.\" \/>\n<meta property=\"og:url\" content=\"https:\/\/stagezone.hu\/en\/product\/shehds-spark-machine-650w-cold-spark-machine\/\" \/>\n<meta property=\"og:site_name\" content=\"StageZone\" \/>\n<meta property=\"article:publisher\" content=\"https:\/\/www.facebook.com\/stagezonehungary\/\" \/>\n<meta property=\"article:modified_time\" content=\"2026-05-04T18:57:43+00:00\" \/>\n<meta property=\"og:image\" content=\"https:\/\/stagezone.hu\/wp-content\/uploads\/2024\/05\/MG_5574-1.jpg\" \/>\n\t<meta property=\"og:image:width\" content=\"1000\" \/>\n\t<meta property=\"og:image:height\" content=\"1000\" \/>\n\t<meta property=\"og:image:type\" content=\"image\/jpeg\" \/>\n<meta name=\"twitter:card\" content=\"summary_large_image\" \/>\n<meta name=\"twitter:label1\" content=\"Est. reading time\" \/>\n\t<meta name=\"twitter:data1\" content=\"1 minute\" \/>\n<script type=\"application\/ld+json\" class=\"yoast-schema-graph\">{\"@context\":\"https:\/\/schema.org\",\"@graph\":[{\"@type\":\"WebPage\",\"@id\":\"https:\/\/stagezone.hu\/en\/product\/shehds-spark-machine-650w-cold-spark-machine\/\",\"url\":\"https:\/\/stagezone.hu\/en\/product\/shehds-spark-machine-650w-cold-spark-machine\/\",\"name\":\"SHEHDS Szikrag\u00e9p 650 - StageZone\",\"isPartOf\":{\"@id\":\"https:\/\/stagezone.hu\/#website\"},\"primaryImageOfPage\":{\"@id\":\"https:\/\/stagezone.hu\/en\/product\/shehds-spark-machine-650w-cold-spark-machine\/#primaryimage\"},\"image\":{\"@id\":\"https:\/\/stagezone.hu\/en\/product\/shehds-spark-machine-650w-cold-spark-machine\/#primaryimage\"},\"thumbnailUrl\":\"https:\/\/stagezone.hu\/wp-content\/uploads\/2024\/05\/MG_5574-1.jpg\",\"datePublished\":\"2024-05-17T22:42:29+00:00\",\"dateModified\":\"2026-05-04T18:57:43+00:00\",\"description\":\"A SHEHDS Szikrag\u00e9p 650 az esk\u00fcv\u0151k, sz\u00f3rakoz\u00f3helyek \u00e9s k\u00fcl\u00f6nleges esem\u00e9nyek elengedhetetlen kell\u00e9ke. M\u0171k\u00f6d\u00e9s\u00e9vel a var\u00e1zslatos hangulat garant\u00e1lt.\",\"breadcrumb\":{\"@id\":\"https:\/\/stagezone.hu\/en\/product\/shehds-spark-machine-650w-cold-spark-machine\/#breadcrumb\"},\"inLanguage\":\"en-US\",\"potentialAction\":[{\"@type\":\"ReadAction\",\"target\":[\"https:\/\/stagezone.hu\/en\/product\/shehds-spark-machine-650w-cold-spark-machine\/\"]}]},{\"@type\":\"ImageObject\",\"inLanguage\":\"en-US\",\"@id\":\"https:\/\/stagezone.hu\/en\/product\/shehds-spark-machine-650w-cold-spark-machine\/#primaryimage\",\"url\":\"https:\/\/stagezone.hu\/wp-content\/uploads\/2024\/05\/MG_5574-1.jpg\",\"contentUrl\":\"https:\/\/stagezone.hu\/wp-content\/uploads\/2024\/05\/MG_5574-1.jpg\",\"width\":1000,\"height\":1000,\"caption\":\"SHEHDS Szikrag\u00e9p 650\"},{\"@type\":\"BreadcrumbList\",\"@id\":\"https:\/\/stagezone.hu\/en\/product\/shehds-spark-machine-650w-cold-spark-machine\/#breadcrumb\",\"itemListElement\":[{\"@type\":\"ListItem\",\"position\":1,\"name\":\"Kezd\u0151lap\",\"item\":\"https:\/\/stagezone.hu\/\"},{\"@type\":\"ListItem\",\"position\":2,\"name\":\"\u00dczlet\",\"item\":\"https:\/\/stagezone.hu\/uzlet\/\"},{\"@type\":\"ListItem\",\"position\":3,\"name\":\"SHEHDS Spark Machine 650W Cold Spark Machine\"}]},{\"@type\":\"WebSite\",\"@id\":\"https:\/\/stagezone.hu\/en\/#website\",\"url\":\"https:\/\/stagezone.hu\/en\/\",\"name\":\"StageZone - Ragyogj a Stagezone min\u0151s\u00e9gi f\u00e9nytechnik\u00e1j\u00e1val.\",\"description\":\"StageZone\",\"publisher\":{\"@id\":\"https:\/\/stagezone.hu\/en\/#organization\"},\"potentialAction\":[{\"@type\":\"SearchAction\",\"target\":{\"@type\":\"EntryPoint\",\"urlTemplate\":\"https:\/\/stagezone.hu\/en\/?s={search_term_string}\"},\"query-input\":{\"@type\":\"PropertyValueSpecification\",\"valueRequired\":true,\"valueName\":\"search_term_string\"}}],\"inLanguage\":\"en-US\"},{\"@type\":\"Organization\",\"@id\":\"https:\/\/stagezone.hu\/en\/#organization\",\"name\":\"StageZone\",\"url\":\"https:\/\/stagezone.hu\/en\/\",\"logo\":{\"@type\":\"ImageObject\",\"inLanguage\":\"en-US\",\"@id\":\"https:\/\/stagezone.hu\/en\/#\/schema\/logo\/image\/\",\"url\":\"https:\/\/stagezone.hu\/wp-content\/uploads\/2026\/01\/Adam-Hall_1000x1000-1-1.png\",\"contentUrl\":\"https:\/\/stagezone.hu\/wp-content\/uploads\/2026\/01\/Adam-Hall_1000x1000-1-1.png\",\"width\":1000,\"height\":1000,\"caption\":\"StageZone\"},\"image\":{\"@id\":\"https:\/\/stagezone.hu\/en\/#\/schema\/logo\/image\/\"},\"sameAs\":[\"https:\/\/www.facebook.com\/stagezonehungary\/\",\"https:\/\/www.instagram.com\/stagezonehungary\/\"]}]}<\/script>\n<!-- \/ Yoast SEO Premium plugin. -->","yoast_head_json":{"title":"SHEHDS Spark Machine 650W Cold Spark Machine","description":"The SHEHDS Spark Machine 650W is a cold spark machine designed for indoor and outdoor use, perfect for weddings, events, and nightclubs to create a magical atmosphere.","robots":{"index":"index","follow":"follow","max-snippet":"max-snippet:-1","max-image-preview":"max-image-preview:large","max-video-preview":"max-video-preview:-1"},"canonical":"The SHEHDS Spark Machine 650W is a cold spark machine designed for indoor and outdoor use, perfect for weddings, events, and nightclubs to create a magical atmosphere.","og_locale":"en_US","og_type":"article","og_title":"SHEHDS Spark Machine 650W Cold Spark Machine","og_description":"The SHEHDS Spark Machine 650W is a cold spark machine designed for indoor and outdoor use, perfect for weddings, events, and nightclubs to create a magical atmosphere.","og_url":"https:\/\/stagezone.hu\/en\/product\/shehds-spark-machine-650w-cold-spark-machine\/","og_site_name":"StageZone","article_publisher":"https:\/\/www.facebook.com\/stagezonehungary\/","article_modified_time":"2026-05-04T18:57:43+00:00","og_image":[{"width":1000,"height":1000,"url":"https:\/\/stagezone.hu\/wp-content\/uploads\/2024\/05\/MG_5574-1.jpg","type":"image\/jpeg"}],"twitter_card":"summary_large_image","twitter_misc":{"Est. reading time":"1 minute"},"schema":{"@context":"https:\/\/schema.org","@graph":[{"@type":"WebPage","@id":"https:\/\/stagezone.hu\/en\/product\/shehds-spark-machine-650w-cold-spark-machine\/","url":"https:\/\/stagezone.hu\/en\/product\/shehds-spark-machine-650w-cold-spark-machine\/","name":"SHEHDS Szikrag\u00e9p 650 - StageZone","isPartOf":{"@id":"https:\/\/stagezone.hu\/#website"},"primaryImageOfPage":{"@id":"https:\/\/stagezone.hu\/en\/product\/shehds-spark-machine-650w-cold-spark-machine\/#primaryimage"},"image":{"@id":"https:\/\/stagezone.hu\/en\/product\/shehds-spark-machine-650w-cold-spark-machine\/#primaryimage"},"thumbnailUrl":"https:\/\/stagezone.hu\/wp-content\/uploads\/2024\/05\/MG_5574-1.jpg","datePublished":"2024-05-17T22:42:29+00:00","dateModified":"2026-05-04T18:57:43+00:00","description":"A SHEHDS Szikrag\u00e9p 650 az esk\u00fcv\u0151k, sz\u00f3rakoz\u00f3helyek \u00e9s k\u00fcl\u00f6nleges esem\u00e9nyek elengedhetetlen kell\u00e9ke. M\u0171k\u00f6d\u00e9s\u00e9vel a var\u00e1zslatos hangulat garant\u00e1lt.","breadcrumb":{"@id":"https:\/\/stagezone.hu\/en\/product\/shehds-spark-machine-650w-cold-spark-machine\/#breadcrumb"},"inLanguage":"en-US","potentialAction":[{"@type":"ReadAction","target":["https:\/\/stagezone.hu\/en\/product\/shehds-spark-machine-650w-cold-spark-machine\/"]}]},{"@type":"ImageObject","inLanguage":"en-US","@id":"https:\/\/stagezone.hu\/en\/product\/shehds-spark-machine-650w-cold-spark-machine\/#primaryimage","url":"https:\/\/stagezone.hu\/wp-content\/uploads\/2024\/05\/MG_5574-1.jpg","contentUrl":"https:\/\/stagezone.hu\/wp-content\/uploads\/2024\/05\/MG_5574-1.jpg","width":1000,"height":1000,"caption":"SHEHDS Szikrag\u00e9p 650"},{"@type":"BreadcrumbList","@id":"https:\/\/stagezone.hu\/en\/product\/shehds-spark-machine-650w-cold-spark-machine\/#breadcrumb","itemListElement":[{"@type":"ListItem","position":1,"name":"Kezd\u0151lap","item":"https:\/\/stagezone.hu\/"},{"@type":"ListItem","position":2,"name":"\u00dczlet","item":"https:\/\/stagezone.hu\/uzlet\/"},{"@type":"ListItem","position":3,"name":"SHEHDS Spark Machine 650W Cold Spark Machine"}]},{"@type":"WebSite","@id":"https:\/\/stagezone.hu\/en\/#website","url":"https:\/\/stagezone.hu\/en\/","name":"StageZone - Ragyogj a Stagezone min\u0151s\u00e9gi f\u00e9nytechnik\u00e1j\u00e1val.","description":"StageZone","publisher":{"@id":"https:\/\/stagezone.hu\/en\/#organization"},"potentialAction":[{"@type":"SearchAction","target":{"@type":"EntryPoint","urlTemplate":"https:\/\/stagezone.hu\/en\/?s={search_term_string}"},"query-input":{"@type":"PropertyValueSpecification","valueRequired":true,"valueName":"search_term_string"}}],"inLanguage":"en-US"},{"@type":"Organization","@id":"https:\/\/stagezone.hu\/en\/#organization","name":"StageZone","url":"https:\/\/stagezone.hu\/en\/","logo":{"@type":"ImageObject","inLanguage":"en-US","@id":"https:\/\/stagezone.hu\/en\/#\/schema\/logo\/image\/","url":"https:\/\/stagezone.hu\/wp-content\/uploads\/2026\/01\/Adam-Hall_1000x1000-1-1.png","contentUrl":"https:\/\/stagezone.hu\/wp-content\/uploads\/2026\/01\/Adam-Hall_1000x1000-1-1.png","width":1000,"height":1000,"caption":"StageZone"},"image":{"@id":"https:\/\/stagezone.hu\/en\/#\/schema\/logo\/image\/"},"sameAs":["https:\/\/www.facebook.com\/stagezonehungary\/","https:\/\/www.instagram.com\/stagezonehungary\/"]}]}},"_links":{"self":[{"href":"https:\/\/stagezone.hu\/en\/wp-json\/wp\/v2\/product\/1049","targetHints":{"allow":["GET"]}}],"collection":[{"href":"https:\/\/stagezone.hu\/en\/wp-json\/wp\/v2\/product"}],"about":[{"href":"https:\/\/stagezone.hu\/en\/wp-json\/wp\/v2\/types\/product"}],"replies":[{"embeddable":true,"href":"https:\/\/stagezone.hu\/en\/wp-json\/wp\/v2\/comments?post=1049"}],"version-history":[{"count":5,"href":"https:\/\/stagezone.hu\/en\/wp-json\/wp\/v2\/product\/1049\/revisions"}],"predecessor-version":[{"id":9768,"href":"https:\/\/stagezone.hu\/en\/wp-json\/wp\/v2\/product\/1049\/revisions\/9768"}],"wp:featuredmedia":[{"embeddable":true,"href":"https:\/\/stagezone.hu\/en\/wp-json\/wp\/v2\/media\/9766"}],"wp:attachment":[{"href":"https:\/\/stagezone.hu\/en\/wp-json\/wp\/v2\/media?parent=1049"}],"wp:term":[{"taxonomy":"product_brand","embeddable":true,"href":"https:\/\/stagezone.hu\/en\/wp-json\/wp\/v2\/product_brand?post=1049"},{"taxonomy":"product_cat","embeddable":true,"href":"https:\/\/stagezone.hu\/en\/wp-json\/wp\/v2\/product_cat?post=1049"},{"taxonomy":"product_tag","embeddable":true,"href":"https:\/\/stagezone.hu\/en\/wp-json\/wp\/v2\/product_tag?post=1049"}],"curies":[{"name":"wp","href":"https:\/\/api.w.org\/{rel}","templated":true}]}}