{"id":1036,"date":"2024-05-17T22:31:30","date_gmt":"2024-05-17T22:31:30","guid":{"rendered":"https:\/\/stagezone.hu\/?post_type=product&#038;p=1036"},"modified":"2026-05-04T19:57:44","modified_gmt":"2026-05-04T18:57:44","slug":"stagezone-rgb-3in1-moving-head-lezer","status":"publish","type":"product","link":"https:\/\/stagezone.hu\/en\/product\/shehds-moving-head-laser-light-beam-effect\/","title":{"rendered":"SHEHDS Moving Head Laser Light - Beam Effect"},"content":{"rendered":"<p><strong>SHEHDS Moving Head Laser &#8211; beam laser<\/strong><\/p>\n<p>SHEHDS Moving Head Laser for those who appreciate clarity. The head, with a 180\u00b0 range, features 6 built-in lasers, each with a 500mW power output, capable of moving up to 90\u00b0. Thanks to the RGB diodes, a wide range of colors can be mixed on the device.<\/p>\n<ul>\n<li>Power: RGB 500mW\/head<\/li>\n<li>Wavelength: R-640 nm, G-520 nm, B-450 nm<\/li>\n<li>Projection distance: 30 m<\/li>\n<li>DMX channel assignment: 11\/26\/38 CH<\/li>\n<li>DMX\/Auto\/Sound<\/li>\n<li>Auto and sound-controlled mode<\/li>\n<li>Active cooling<\/li>\n<li>IP20<\/li>\n<li>Powercon<\/li>\n<\/ul>\n<p>Shehds is a company founded in 2015 specializing in stage lighting equipment. Their products ensure reliable quality and material usage, suitable for numerous applications. They hold CE, ROHS, UL, FCC, TP, TC, SAA, and other safety certifications. The brand has now become one of the reliable players in the lighting technology segment.<\/p>\n","protected":false},"excerpt":{"rendered":"<p>The SHEHDS Moving Head Laser features RGB diodes, horizontally and vertically moving laser heads, and a robust casing.<\/p>\n","protected":false},"featured_media":9774,"comment_status":"closed","ping_status":"closed","template":"","meta":[],"product_brand":[],"product_cat":[178,179],"product_tag":[397,534],"class_list":{"0":"post-1036","1":"product","2":"type-product","3":"status-publish","4":"has-post-thumbnail","6":"product_cat-effekt","7":"product_cat-lezer","8":"product_tag-lezer","9":"product_tag-shehds","11":"first","12":"contact_us","13":"taxable","14":"shipping-taxable","15":"purchasable","16":"product-type-simple"},"yoast_head":"<!-- This site is optimized with the Yoast SEO Premium plugin v27.2 (Yoast SEO v27.2) - https:\/\/yoast.com\/product\/yoast-seo-premium-wordpress\/ -->\n<title>SHEHDS Moving Head Laser Light - Beam Effect<\/title>\n<meta name=\"description\" content=\"The SHEHDS Moving Head Laser features RGB diodes, horizontally and vertically moving laser heads, and a robust casing.\" \/>\n<meta name=\"robots\" content=\"index, follow, max-snippet:-1, max-image-preview:large, max-video-preview:-1\" \/>\n<link rel=\"canonical\" href=\"http:\/\/The%20SHEHDS%20Moving%20Head%20Laser%20features%20RGB%20diodes,%20horizontally%20and%20vertically%20moving%20laser%20heads,%20and%20a%20robust%20casing.\" \/>\n<meta property=\"og:locale\" content=\"en_US\" \/>\n<meta property=\"og:type\" content=\"article\" \/>\n<meta property=\"og:title\" content=\"SHEHDS Moving Head Laser Light - Beam Effect\" \/>\n<meta property=\"og:description\" content=\"The SHEHDS Moving Head Laser features RGB diodes, horizontally and vertically moving laser heads, and a robust casing.\" \/>\n<meta property=\"og:url\" content=\"https:\/\/stagezone.hu\/en\/product\/shehds-moving-head-laser-light-beam-effect\/\" \/>\n<meta property=\"og:site_name\" content=\"StageZone\" \/>\n<meta property=\"article:publisher\" content=\"https:\/\/www.facebook.com\/stagezonehungary\/\" \/>\n<meta property=\"article:modified_time\" content=\"2026-05-04T18:57:44+00:00\" \/>\n<meta property=\"og:image\" content=\"https:\/\/stagezone.hu\/wp-content\/uploads\/2024\/05\/13_11b66214-413f-4a0b-b805-4052d131d056.jpg\" \/>\n\t<meta property=\"og:image:width\" content=\"1000\" \/>\n\t<meta property=\"og:image:height\" content=\"1000\" \/>\n\t<meta property=\"og:image:type\" content=\"image\/jpeg\" \/>\n<meta name=\"twitter:card\" content=\"summary_large_image\" \/>\n<meta name=\"twitter:label1\" content=\"Est. reading time\" \/>\n\t<meta name=\"twitter:data1\" content=\"1 minute\" \/>\n<script type=\"application\/ld+json\" class=\"yoast-schema-graph\">{\"@context\":\"https:\/\/schema.org\",\"@graph\":[{\"@type\":\"WebPage\",\"@id\":\"https:\/\/stagezone.hu\/en\/product\/shehds-moving-head-laser-light-beam-effect\/\",\"url\":\"https:\/\/stagezone.hu\/en\/product\/shehds-moving-head-laser-light-beam-effect\/\",\"name\":\"SHEHDS Moving Head Laser - StageZone\",\"isPartOf\":{\"@id\":\"https:\/\/stagezone.hu\/#website\"},\"primaryImageOfPage\":{\"@id\":\"https:\/\/stagezone.hu\/en\/product\/shehds-moving-head-laser-light-beam-effect\/#primaryimage\"},\"image\":{\"@id\":\"https:\/\/stagezone.hu\/en\/product\/shehds-moving-head-laser-light-beam-effect\/#primaryimage\"},\"thumbnailUrl\":\"https:\/\/stagezone.hu\/wp-content\/uploads\/2024\/05\/13_11b66214-413f-4a0b-b805-4052d131d056.jpg\",\"datePublished\":\"2024-05-17T22:31:30+00:00\",\"dateModified\":\"2026-05-04T18:57:44+00:00\",\"description\":\"A SHEHDS Moving Head Laser RGB di\u00f3d\u00e1kkal, horizont\u00e1lisan \u00e9s vertik\u00e1lisan mozgathat\u00f3 l\u00e9zerfejekkel \u00e9s massz\u00edv burkolattal.\",\"breadcrumb\":{\"@id\":\"https:\/\/stagezone.hu\/en\/product\/shehds-moving-head-laser-light-beam-effect\/#breadcrumb\"},\"inLanguage\":\"en-US\",\"potentialAction\":[{\"@type\":\"ReadAction\",\"target\":[\"https:\/\/stagezone.hu\/en\/product\/shehds-moving-head-laser-light-beam-effect\/\"]}]},{\"@type\":\"ImageObject\",\"inLanguage\":\"en-US\",\"@id\":\"https:\/\/stagezone.hu\/en\/product\/shehds-moving-head-laser-light-beam-effect\/#primaryimage\",\"url\":\"https:\/\/stagezone.hu\/wp-content\/uploads\/2024\/05\/13_11b66214-413f-4a0b-b805-4052d131d056.jpg\",\"contentUrl\":\"https:\/\/stagezone.hu\/wp-content\/uploads\/2024\/05\/13_11b66214-413f-4a0b-b805-4052d131d056.jpg\",\"width\":1000,\"height\":1000,\"caption\":\"SHEHDS Moving Head Laser\"},{\"@type\":\"BreadcrumbList\",\"@id\":\"https:\/\/stagezone.hu\/en\/product\/shehds-moving-head-laser-light-beam-effect\/#breadcrumb\",\"itemListElement\":[{\"@type\":\"ListItem\",\"position\":1,\"name\":\"Kezd\u0151lap\",\"item\":\"https:\/\/stagezone.hu\/\"},{\"@type\":\"ListItem\",\"position\":2,\"name\":\"\u00dczlet\",\"item\":\"https:\/\/stagezone.hu\/uzlet\/\"},{\"@type\":\"ListItem\",\"position\":3,\"name\":\"SHEHDS Moving Head Laser Light - Beam Effect\"}]},{\"@type\":\"WebSite\",\"@id\":\"https:\/\/stagezone.hu\/en\/#website\",\"url\":\"https:\/\/stagezone.hu\/en\/\",\"name\":\"StageZone - Ragyogj a Stagezone min\u0151s\u00e9gi f\u00e9nytechnik\u00e1j\u00e1val.\",\"description\":\"StageZone\",\"publisher\":{\"@id\":\"https:\/\/stagezone.hu\/en\/#organization\"},\"potentialAction\":[{\"@type\":\"SearchAction\",\"target\":{\"@type\":\"EntryPoint\",\"urlTemplate\":\"https:\/\/stagezone.hu\/en\/?s={search_term_string}\"},\"query-input\":{\"@type\":\"PropertyValueSpecification\",\"valueRequired\":true,\"valueName\":\"search_term_string\"}}],\"inLanguage\":\"en-US\"},{\"@type\":\"Organization\",\"@id\":\"https:\/\/stagezone.hu\/en\/#organization\",\"name\":\"StageZone\",\"url\":\"https:\/\/stagezone.hu\/en\/\",\"logo\":{\"@type\":\"ImageObject\",\"inLanguage\":\"en-US\",\"@id\":\"https:\/\/stagezone.hu\/en\/#\/schema\/logo\/image\/\",\"url\":\"https:\/\/stagezone.hu\/wp-content\/uploads\/2026\/01\/Adam-Hall_1000x1000-1-1.png\",\"contentUrl\":\"https:\/\/stagezone.hu\/wp-content\/uploads\/2026\/01\/Adam-Hall_1000x1000-1-1.png\",\"width\":1000,\"height\":1000,\"caption\":\"StageZone\"},\"image\":{\"@id\":\"https:\/\/stagezone.hu\/en\/#\/schema\/logo\/image\/\"},\"sameAs\":[\"https:\/\/www.facebook.com\/stagezonehungary\/\",\"https:\/\/www.instagram.com\/stagezonehungary\/\"]}]}<\/script>\n<!-- \/ Yoast SEO Premium plugin. -->","yoast_head_json":{"title":"SHEHDS Moving Head Laser Light - Beam Effect","description":"The SHEHDS Moving Head Laser features RGB diodes, horizontally and vertically moving laser heads, and a robust casing.","robots":{"index":"index","follow":"follow","max-snippet":"max-snippet:-1","max-image-preview":"max-image-preview:large","max-video-preview":"max-video-preview:-1"},"canonical":"The SHEHDS Moving Head Laser features RGB diodes, horizontally and vertically moving laser heads, and a robust casing.","og_locale":"en_US","og_type":"article","og_title":"SHEHDS Moving Head Laser Light - Beam Effect","og_description":"The SHEHDS Moving Head Laser features RGB diodes, horizontally and vertically moving laser heads, and a robust casing.","og_url":"https:\/\/stagezone.hu\/en\/product\/shehds-moving-head-laser-light-beam-effect\/","og_site_name":"StageZone","article_publisher":"https:\/\/www.facebook.com\/stagezonehungary\/","article_modified_time":"2026-05-04T18:57:44+00:00","og_image":[{"width":1000,"height":1000,"url":"https:\/\/stagezone.hu\/wp-content\/uploads\/2024\/05\/13_11b66214-413f-4a0b-b805-4052d131d056.jpg","type":"image\/jpeg"}],"twitter_card":"summary_large_image","twitter_misc":{"Est. reading time":"1 minute"},"schema":{"@context":"https:\/\/schema.org","@graph":[{"@type":"WebPage","@id":"https:\/\/stagezone.hu\/en\/product\/shehds-moving-head-laser-light-beam-effect\/","url":"https:\/\/stagezone.hu\/en\/product\/shehds-moving-head-laser-light-beam-effect\/","name":"SHEHDS Moving Head Laser - StageZone","isPartOf":{"@id":"https:\/\/stagezone.hu\/#website"},"primaryImageOfPage":{"@id":"https:\/\/stagezone.hu\/en\/product\/shehds-moving-head-laser-light-beam-effect\/#primaryimage"},"image":{"@id":"https:\/\/stagezone.hu\/en\/product\/shehds-moving-head-laser-light-beam-effect\/#primaryimage"},"thumbnailUrl":"https:\/\/stagezone.hu\/wp-content\/uploads\/2024\/05\/13_11b66214-413f-4a0b-b805-4052d131d056.jpg","datePublished":"2024-05-17T22:31:30+00:00","dateModified":"2026-05-04T18:57:44+00:00","description":"A SHEHDS Moving Head Laser RGB di\u00f3d\u00e1kkal, horizont\u00e1lisan \u00e9s vertik\u00e1lisan mozgathat\u00f3 l\u00e9zerfejekkel \u00e9s massz\u00edv burkolattal.","breadcrumb":{"@id":"https:\/\/stagezone.hu\/en\/product\/shehds-moving-head-laser-light-beam-effect\/#breadcrumb"},"inLanguage":"en-US","potentialAction":[{"@type":"ReadAction","target":["https:\/\/stagezone.hu\/en\/product\/shehds-moving-head-laser-light-beam-effect\/"]}]},{"@type":"ImageObject","inLanguage":"en-US","@id":"https:\/\/stagezone.hu\/en\/product\/shehds-moving-head-laser-light-beam-effect\/#primaryimage","url":"https:\/\/stagezone.hu\/wp-content\/uploads\/2024\/05\/13_11b66214-413f-4a0b-b805-4052d131d056.jpg","contentUrl":"https:\/\/stagezone.hu\/wp-content\/uploads\/2024\/05\/13_11b66214-413f-4a0b-b805-4052d131d056.jpg","width":1000,"height":1000,"caption":"SHEHDS Moving Head Laser"},{"@type":"BreadcrumbList","@id":"https:\/\/stagezone.hu\/en\/product\/shehds-moving-head-laser-light-beam-effect\/#breadcrumb","itemListElement":[{"@type":"ListItem","position":1,"name":"Kezd\u0151lap","item":"https:\/\/stagezone.hu\/"},{"@type":"ListItem","position":2,"name":"\u00dczlet","item":"https:\/\/stagezone.hu\/uzlet\/"},{"@type":"ListItem","position":3,"name":"SHEHDS Moving Head Laser Light - Beam Effect"}]},{"@type":"WebSite","@id":"https:\/\/stagezone.hu\/en\/#website","url":"https:\/\/stagezone.hu\/en\/","name":"StageZone - Ragyogj a Stagezone min\u0151s\u00e9gi f\u00e9nytechnik\u00e1j\u00e1val.","description":"StageZone","publisher":{"@id":"https:\/\/stagezone.hu\/en\/#organization"},"potentialAction":[{"@type":"SearchAction","target":{"@type":"EntryPoint","urlTemplate":"https:\/\/stagezone.hu\/en\/?s={search_term_string}"},"query-input":{"@type":"PropertyValueSpecification","valueRequired":true,"valueName":"search_term_string"}}],"inLanguage":"en-US"},{"@type":"Organization","@id":"https:\/\/stagezone.hu\/en\/#organization","name":"StageZone","url":"https:\/\/stagezone.hu\/en\/","logo":{"@type":"ImageObject","inLanguage":"en-US","@id":"https:\/\/stagezone.hu\/en\/#\/schema\/logo\/image\/","url":"https:\/\/stagezone.hu\/wp-content\/uploads\/2026\/01\/Adam-Hall_1000x1000-1-1.png","contentUrl":"https:\/\/stagezone.hu\/wp-content\/uploads\/2026\/01\/Adam-Hall_1000x1000-1-1.png","width":1000,"height":1000,"caption":"StageZone"},"image":{"@id":"https:\/\/stagezone.hu\/en\/#\/schema\/logo\/image\/"},"sameAs":["https:\/\/www.facebook.com\/stagezonehungary\/","https:\/\/www.instagram.com\/stagezonehungary\/"]}]}},"_links":{"self":[{"href":"https:\/\/stagezone.hu\/en\/wp-json\/wp\/v2\/product\/1036","targetHints":{"allow":["GET"]}}],"collection":[{"href":"https:\/\/stagezone.hu\/en\/wp-json\/wp\/v2\/product"}],"about":[{"href":"https:\/\/stagezone.hu\/en\/wp-json\/wp\/v2\/types\/product"}],"replies":[{"embeddable":true,"href":"https:\/\/stagezone.hu\/en\/wp-json\/wp\/v2\/comments?post=1036"}],"version-history":[{"count":4,"href":"https:\/\/stagezone.hu\/en\/wp-json\/wp\/v2\/product\/1036\/revisions"}],"predecessor-version":[{"id":9775,"href":"https:\/\/stagezone.hu\/en\/wp-json\/wp\/v2\/product\/1036\/revisions\/9775"}],"wp:featuredmedia":[{"embeddable":true,"href":"https:\/\/stagezone.hu\/en\/wp-json\/wp\/v2\/media\/9774"}],"wp:attachment":[{"href":"https:\/\/stagezone.hu\/en\/wp-json\/wp\/v2\/media?parent=1036"}],"wp:term":[{"taxonomy":"product_brand","embeddable":true,"href":"https:\/\/stagezone.hu\/en\/wp-json\/wp\/v2\/product_brand?post=1036"},{"taxonomy":"product_cat","embeddable":true,"href":"https:\/\/stagezone.hu\/en\/wp-json\/wp\/v2\/product_cat?post=1036"},{"taxonomy":"product_tag","embeddable":true,"href":"https:\/\/stagezone.hu\/en\/wp-json\/wp\/v2\/product_tag?post=1036"}],"curies":[{"name":"wp","href":"https:\/\/api.w.org\/{rel}","templated":true}]}}