{"id":10321,"date":"2026-04-23T09:44:13","date_gmt":"2026-04-23T08:44:13","guid":{"rendered":"https:\/\/stagezone.hu\/?post_type=product&#038;p=10321"},"modified":"2026-05-04T19:50:03","modified_gmt":"2026-05-04T18:50:03","slug":"magicfx-baseplate-ii","status":"publish","type":"product","link":"https:\/\/stagezone.hu\/en\/product\/magicfx-baseplate-ii\/","title":{"rendered":"MagicFX Baseplate II"},"content":{"rendered":"<p><strong>MagicFX Baseplate II<\/strong><\/p>\n<p>The MagicFX Baseplate II is a robust base plate used for mounting various MagicFX devices in different configurations. It features four mounting holes, allowing it to be installed on truss structures from different brands. Markings on the underside aid in the precise and compatible mounting of various devices on the plate.<\/p>\n<p>Possible mounting options:<\/p>\n<ul>\n<li>CO2 Jet II: 2 pcs<\/li>\n<li>Powershot I: 4 pcs<\/li>\n<li><a href=\"https:\/\/stagezone.hu\/termek\/magic-fx-powershot-ii\/\">Powershot II<\/a>: 4 pcs<\/li>\n<li>PsyCO2jet: 1 pc<\/li>\n<li>Sparxtar: 1 pc<\/li>\n<\/ul>\n<p>MAGIC FX is a leading special effects (SFX) brand based in the Netherlands, founded in 1995. Its primary focus is the design and manufacturing of high-quality, safe, and innovative equipment, such as confetti, CO\u2082, flame, and smoke machines for festivals, clubs, and large-scale concerts. The brand is recognized for its premium engineering solutions and sustainability efforts, including biodegradable confetti and environmentally friendly machines.<\/p>\n","protected":false},"excerpt":{"rendered":"<p>The MagicFX Baseplate II is a robust base plate for mounting various MagicFX devices. It is compatible with CO2 Jet II, Powershot I, Powershot II, PsyCO2jet, and Sparxtar.<\/p>\n","protected":false},"featured_media":10325,"comment_status":"open","ping_status":"closed","template":"","meta":[],"product_brand":[],"product_cat":[450,178,481],"product_tag":[],"class_list":{"0":"post-10321","1":"product","2":"type-product","3":"status-publish","4":"has-post-thumbnail","6":"product_cat-co2","7":"product_cat-effekt","8":"product_cat-konfetti","10":"first","11":"contact_us","12":"taxable","13":"shipping-taxable","14":"purchasable","15":"product-type-simple"},"yoast_head":"<!-- This site is optimized with the Yoast SEO Premium plugin v27.2 (Yoast SEO v27.2) - https:\/\/yoast.com\/product\/yoast-seo-premium-wordpress\/ -->\n<title>MagicFX Baseplate II<\/title>\n<meta name=\"description\" content=\"The MagicFX Baseplate II is a robust base plate for mounting various MagicFX devices. It is compatible with CO2 Jet II, Powershot I, Powershot II, PsyCO2jet, and Sparxtar.\" \/>\n<meta name=\"robots\" content=\"index, follow, max-snippet:-1, max-image-preview:large, max-video-preview:-1\" \/>\n<link rel=\"canonical\" href=\"http:\/\/The%20MagicFX%20Baseplate%20II%20is%20a%20robust%20base%20plate%20for%20mounting%20various%20MagicFX%20devices.%20It%20is%20compatible%20with%20CO2%20Jet%20II,%20Powershot%20I,%20Powershot%20II,%20PsyCO2jet,%20and%20Sparxtar.\" \/>\n<meta property=\"og:locale\" content=\"en_US\" \/>\n<meta property=\"og:type\" content=\"article\" \/>\n<meta property=\"og:title\" content=\"MagicFX Baseplate II\" \/>\n<meta property=\"og:description\" content=\"The MagicFX Baseplate II is a robust base plate for mounting various MagicFX devices. It is compatible with CO2 Jet II, Powershot I, Powershot II, PsyCO2jet, and Sparxtar.\" \/>\n<meta property=\"og:url\" content=\"https:\/\/stagezone.hu\/en\/product\/magicfx-baseplate-ii\/\" \/>\n<meta property=\"og:site_name\" content=\"StageZone\" \/>\n<meta property=\"article:publisher\" content=\"https:\/\/www.facebook.com\/stagezonehungary\/\" \/>\n<meta property=\"article:modified_time\" content=\"2026-05-04T18:50:03+00:00\" \/>\n<meta property=\"og:image\" content=\"https:\/\/stagezone.hu\/wp-content\/uploads\/2026\/04\/1.png\" \/>\n\t<meta property=\"og:image:width\" content=\"1000\" \/>\n\t<meta property=\"og:image:height\" content=\"1000\" \/>\n\t<meta property=\"og:image:type\" content=\"image\/png\" \/>\n<meta name=\"twitter:card\" content=\"summary_large_image\" \/>\n<meta name=\"twitter:label1\" content=\"Est. reading time\" \/>\n\t<meta name=\"twitter:data1\" content=\"1 minute\" \/>\n<script type=\"application\/ld+json\" class=\"yoast-schema-graph\">{\"@context\":\"https:\/\/schema.org\",\"@graph\":[{\"@type\":\"WebPage\",\"@id\":\"https:\/\/stagezone.hu\/en\/product\/magicfx-baseplate-ii\/\",\"url\":\"https:\/\/stagezone.hu\/en\/product\/magicfx-baseplate-ii\/\",\"name\":\"MagicFX Baseplate II - StageZone\",\"isPartOf\":{\"@id\":\"https:\/\/stagezone.hu\/#website\"},\"primaryImageOfPage\":{\"@id\":\"https:\/\/stagezone.hu\/en\/product\/magicfx-baseplate-ii\/#primaryimage\"},\"image\":{\"@id\":\"https:\/\/stagezone.hu\/en\/product\/magicfx-baseplate-ii\/#primaryimage\"},\"thumbnailUrl\":\"https:\/\/stagezone.hu\/wp-content\/uploads\/2026\/04\/1.png\",\"datePublished\":\"2026-04-23T08:44:13+00:00\",\"dateModified\":\"2026-05-04T18:50:03+00:00\",\"description\":\"MagicFX Baseplate II POWERSHOT I, POWERSHOT II, PsyCO2jet \u00e9s Sparxstar eszk\u00f6z\u00f6kh\u00f6z. A massz\u00edv, ac\u00e9lb\u00f3l v\u00e1gott lemez biztos alapot ad a haszn\u00e1latra.\",\"breadcrumb\":{\"@id\":\"https:\/\/stagezone.hu\/en\/product\/magicfx-baseplate-ii\/#breadcrumb\"},\"inLanguage\":\"en-US\",\"potentialAction\":[{\"@type\":\"ReadAction\",\"target\":[\"https:\/\/stagezone.hu\/en\/product\/magicfx-baseplate-ii\/\"]}]},{\"@type\":\"ImageObject\",\"inLanguage\":\"en-US\",\"@id\":\"https:\/\/stagezone.hu\/en\/product\/magicfx-baseplate-ii\/#primaryimage\",\"url\":\"https:\/\/stagezone.hu\/wp-content\/uploads\/2026\/04\/1.png\",\"contentUrl\":\"https:\/\/stagezone.hu\/wp-content\/uploads\/2026\/04\/1.png\",\"width\":1000,\"height\":1000,\"caption\":\"MagicFX Baseplate II\"},{\"@type\":\"BreadcrumbList\",\"@id\":\"https:\/\/stagezone.hu\/en\/product\/magicfx-baseplate-ii\/#breadcrumb\",\"itemListElement\":[{\"@type\":\"ListItem\",\"position\":1,\"name\":\"Kezd\u0151lap\",\"item\":\"https:\/\/stagezone.hu\/\"},{\"@type\":\"ListItem\",\"position\":2,\"name\":\"\u00dczlet\",\"item\":\"https:\/\/stagezone.hu\/uzlet\/\"},{\"@type\":\"ListItem\",\"position\":3,\"name\":\"MagicFX Baseplate II\"}]},{\"@type\":\"WebSite\",\"@id\":\"https:\/\/stagezone.hu\/en\/#website\",\"url\":\"https:\/\/stagezone.hu\/en\/\",\"name\":\"StageZone - Ragyogj a Stagezone min\u0151s\u00e9gi f\u00e9nytechnik\u00e1j\u00e1val.\",\"description\":\"StageZone\",\"publisher\":{\"@id\":\"https:\/\/stagezone.hu\/en\/#organization\"},\"potentialAction\":[{\"@type\":\"SearchAction\",\"target\":{\"@type\":\"EntryPoint\",\"urlTemplate\":\"https:\/\/stagezone.hu\/en\/?s={search_term_string}\"},\"query-input\":{\"@type\":\"PropertyValueSpecification\",\"valueRequired\":true,\"valueName\":\"search_term_string\"}}],\"inLanguage\":\"en-US\"},{\"@type\":\"Organization\",\"@id\":\"https:\/\/stagezone.hu\/en\/#organization\",\"name\":\"StageZone\",\"url\":\"https:\/\/stagezone.hu\/en\/\",\"logo\":{\"@type\":\"ImageObject\",\"inLanguage\":\"en-US\",\"@id\":\"https:\/\/stagezone.hu\/en\/#\/schema\/logo\/image\/\",\"url\":\"https:\/\/stagezone.hu\/wp-content\/uploads\/2026\/01\/Adam-Hall_1000x1000-1-1.png\",\"contentUrl\":\"https:\/\/stagezone.hu\/wp-content\/uploads\/2026\/01\/Adam-Hall_1000x1000-1-1.png\",\"width\":1000,\"height\":1000,\"caption\":\"StageZone\"},\"image\":{\"@id\":\"https:\/\/stagezone.hu\/en\/#\/schema\/logo\/image\/\"},\"sameAs\":[\"https:\/\/www.facebook.com\/stagezonehungary\/\",\"https:\/\/www.instagram.com\/stagezonehungary\/\"]}]}<\/script>\n<!-- \/ Yoast SEO Premium plugin. -->","yoast_head_json":{"title":"MagicFX Baseplate II","description":"The MagicFX Baseplate II is a robust base plate for mounting various MagicFX devices. It is compatible with CO2 Jet II, Powershot I, Powershot II, PsyCO2jet, and Sparxtar.","robots":{"index":"index","follow":"follow","max-snippet":"max-snippet:-1","max-image-preview":"max-image-preview:large","max-video-preview":"max-video-preview:-1"},"canonical":"The MagicFX Baseplate II is a robust base plate for mounting various MagicFX devices. It is compatible with CO2 Jet II, Powershot I, Powershot II, PsyCO2jet, and Sparxtar.","og_locale":"en_US","og_type":"article","og_title":"MagicFX Baseplate II","og_description":"The MagicFX Baseplate II is a robust base plate for mounting various MagicFX devices. It is compatible with CO2 Jet II, Powershot I, Powershot II, PsyCO2jet, and Sparxtar.","og_url":"https:\/\/stagezone.hu\/en\/product\/magicfx-baseplate-ii\/","og_site_name":"StageZone","article_publisher":"https:\/\/www.facebook.com\/stagezonehungary\/","article_modified_time":"2026-05-04T18:50:03+00:00","og_image":[{"width":1000,"height":1000,"url":"https:\/\/stagezone.hu\/wp-content\/uploads\/2026\/04\/1.png","type":"image\/png"}],"twitter_card":"summary_large_image","twitter_misc":{"Est. reading time":"1 minute"},"schema":{"@context":"https:\/\/schema.org","@graph":[{"@type":"WebPage","@id":"https:\/\/stagezone.hu\/en\/product\/magicfx-baseplate-ii\/","url":"https:\/\/stagezone.hu\/en\/product\/magicfx-baseplate-ii\/","name":"MagicFX Baseplate II - StageZone","isPartOf":{"@id":"https:\/\/stagezone.hu\/#website"},"primaryImageOfPage":{"@id":"https:\/\/stagezone.hu\/en\/product\/magicfx-baseplate-ii\/#primaryimage"},"image":{"@id":"https:\/\/stagezone.hu\/en\/product\/magicfx-baseplate-ii\/#primaryimage"},"thumbnailUrl":"https:\/\/stagezone.hu\/wp-content\/uploads\/2026\/04\/1.png","datePublished":"2026-04-23T08:44:13+00:00","dateModified":"2026-05-04T18:50:03+00:00","description":"MagicFX Baseplate II POWERSHOT I, POWERSHOT II, PsyCO2jet \u00e9s Sparxstar eszk\u00f6z\u00f6kh\u00f6z. A massz\u00edv, ac\u00e9lb\u00f3l v\u00e1gott lemez biztos alapot ad a haszn\u00e1latra.","breadcrumb":{"@id":"https:\/\/stagezone.hu\/en\/product\/magicfx-baseplate-ii\/#breadcrumb"},"inLanguage":"en-US","potentialAction":[{"@type":"ReadAction","target":["https:\/\/stagezone.hu\/en\/product\/magicfx-baseplate-ii\/"]}]},{"@type":"ImageObject","inLanguage":"en-US","@id":"https:\/\/stagezone.hu\/en\/product\/magicfx-baseplate-ii\/#primaryimage","url":"https:\/\/stagezone.hu\/wp-content\/uploads\/2026\/04\/1.png","contentUrl":"https:\/\/stagezone.hu\/wp-content\/uploads\/2026\/04\/1.png","width":1000,"height":1000,"caption":"MagicFX Baseplate II"},{"@type":"BreadcrumbList","@id":"https:\/\/stagezone.hu\/en\/product\/magicfx-baseplate-ii\/#breadcrumb","itemListElement":[{"@type":"ListItem","position":1,"name":"Kezd\u0151lap","item":"https:\/\/stagezone.hu\/"},{"@type":"ListItem","position":2,"name":"\u00dczlet","item":"https:\/\/stagezone.hu\/uzlet\/"},{"@type":"ListItem","position":3,"name":"MagicFX Baseplate II"}]},{"@type":"WebSite","@id":"https:\/\/stagezone.hu\/en\/#website","url":"https:\/\/stagezone.hu\/en\/","name":"StageZone - Ragyogj a Stagezone min\u0151s\u00e9gi f\u00e9nytechnik\u00e1j\u00e1val.","description":"StageZone","publisher":{"@id":"https:\/\/stagezone.hu\/en\/#organization"},"potentialAction":[{"@type":"SearchAction","target":{"@type":"EntryPoint","urlTemplate":"https:\/\/stagezone.hu\/en\/?s={search_term_string}"},"query-input":{"@type":"PropertyValueSpecification","valueRequired":true,"valueName":"search_term_string"}}],"inLanguage":"en-US"},{"@type":"Organization","@id":"https:\/\/stagezone.hu\/en\/#organization","name":"StageZone","url":"https:\/\/stagezone.hu\/en\/","logo":{"@type":"ImageObject","inLanguage":"en-US","@id":"https:\/\/stagezone.hu\/en\/#\/schema\/logo\/image\/","url":"https:\/\/stagezone.hu\/wp-content\/uploads\/2026\/01\/Adam-Hall_1000x1000-1-1.png","contentUrl":"https:\/\/stagezone.hu\/wp-content\/uploads\/2026\/01\/Adam-Hall_1000x1000-1-1.png","width":1000,"height":1000,"caption":"StageZone"},"image":{"@id":"https:\/\/stagezone.hu\/en\/#\/schema\/logo\/image\/"},"sameAs":["https:\/\/www.facebook.com\/stagezonehungary\/","https:\/\/www.instagram.com\/stagezonehungary\/"]}]}},"_links":{"self":[{"href":"https:\/\/stagezone.hu\/en\/wp-json\/wp\/v2\/product\/10321","targetHints":{"allow":["GET"]}}],"collection":[{"href":"https:\/\/stagezone.hu\/en\/wp-json\/wp\/v2\/product"}],"about":[{"href":"https:\/\/stagezone.hu\/en\/wp-json\/wp\/v2\/types\/product"}],"replies":[{"embeddable":true,"href":"https:\/\/stagezone.hu\/en\/wp-json\/wp\/v2\/comments?post=10321"}],"version-history":[{"count":2,"href":"https:\/\/stagezone.hu\/en\/wp-json\/wp\/v2\/product\/10321\/revisions"}],"predecessor-version":[{"id":10327,"href":"https:\/\/stagezone.hu\/en\/wp-json\/wp\/v2\/product\/10321\/revisions\/10327"}],"wp:featuredmedia":[{"embeddable":true,"href":"https:\/\/stagezone.hu\/en\/wp-json\/wp\/v2\/media\/10325"}],"wp:attachment":[{"href":"https:\/\/stagezone.hu\/en\/wp-json\/wp\/v2\/media?parent=10321"}],"wp:term":[{"taxonomy":"product_brand","embeddable":true,"href":"https:\/\/stagezone.hu\/en\/wp-json\/wp\/v2\/product_brand?post=10321"},{"taxonomy":"product_cat","embeddable":true,"href":"https:\/\/stagezone.hu\/en\/wp-json\/wp\/v2\/product_cat?post=10321"},{"taxonomy":"product_tag","embeddable":true,"href":"https:\/\/stagezone.hu\/en\/wp-json\/wp\/v2\/product_tag?post=10321"}],"curies":[{"name":"wp","href":"https:\/\/api.w.org\/{rel}","templated":true}]}}